{"id":42590,"date":"2018-04-16T10:56:16","date_gmt":"2018-04-16T10:56:16","guid":{"rendered":"https:\/\/business.roovi.com\/puzzle-adulti-1000-piese-castele-franceze-castel-chambord\/p\/"},"modified":"2023-02-27T12:55:09","modified_gmt":"2023-02-27T12:55:09","slug":"1000-teile-franzosische-schlosser-puzzle-fur-erwachsene-schloss-chambord","status":"publish","type":"product","link":"https:\/\/business.roovi.com\/de\/1000-teile-franzosische-schlosser-puzzle-fur-erwachsene-schloss-chambord\/p\/","title":{"rendered":"1000 Teile Franz\u00f6sische Schl\u00f6sser Puzzle f\u00fcr Erwachsene &#8211; Schloss Chambord"},"content":{"rendered":"<p><strong><em>Begib dich auf eine faszinierende Reise durch das Loire-Tal und entdecke mit dem 1000-Teile-Puzzle Schloss Chambord das ber\u00fchmteste franz\u00f6sische Schloss der Gegend.<\/em><\/strong><\/p>\n<p><span style=\"font-weight: 400;\">Das inmitten des gr\u00f6\u00dften geschlossenen Waldparks Europas errichtete Schloss Chambord zeichnet sich durch eine architektonische Struktur aus, die mittelalterliche franz\u00f6sische und klassische Renaissance-Strukturen verbindet.<\/span><\/p>\n<p><span style=\"font-weight: 400;\">Die Arbeiten am Ch\u00e2teau de Chambord begannen unter Franz I. im Jahr 1519, der die Arbeiten pers\u00f6nlich \u00fcberwachte. Der K\u00f6nig wollte das Geb\u00e4ude als Jagdgebiet nutzen. Allerdings verbrachte der K\u00f6nig zu Lebzeiten nur 72 Tage auf kurzen Jagdbesuchen hier. Zu dieser Zeit gab es keine Nahrungsquellen in der N\u00e4he, die einzige unmittelbare Quelle war das Wild <\/span><\/p>\n<p><span style=\"font-weight: 400;\">Viele Jahre und viele K\u00f6nige vergingen, bis der Bau und die Ausstattung der imposanten Burg abgeschlossen waren. Das Schloss Chambord, das wegen seiner beeindruckenden Gr\u00f6\u00dfe als Schloss des \u00dcberflusses gilt, ist ein Magnet f\u00fcr Touristen aus aller Welt, so dass fast jeder, der ins Loiretal kommt, durch seine Tore geht.<\/span><\/p>\n<p><span style=\"font-weight: 400;\">Jetzt, wo du wei\u00dft, wie schwer die ber\u00fchmte Burg tats\u00e4chlich gebaut wurde, scheint es ein Kinderspiel zu sein, sie aus 1.000 Puzzleteilen zusammenzusetzen. Baue St\u00fcck f\u00fcr St\u00fcck die einzelnen T\u00fcrme der Burg und die umliegende Aussicht auf. Wenn das Bild fertig ist, kannst du ein monumentales Geb\u00e4ude in seiner ganzen Pracht bewundern <\/span><\/p>\n<p><strong>Warum solltest du dich f\u00fcr das Puzzle 1000 Teile Franz\u00f6sische Schl\u00f6sser &#8211; Schloss Chambord entscheiden?<\/strong><\/p>\n<p><span style=\"font-weight: 400;\">Du erh\u00e4ltst ein wundersch\u00f6nes 68 x 47 cm gro\u00dfes Bild des Schlosses <\/span><span style=\"font-weight: 400;\">Chambord<\/span><span style=\"font-weight: 400;\">.<\/span><\/p>\n<p><span style=\"font-weight: 400;\">Du kannst dieses Bild zu dekorativen Zwecken verwenden, um dein Zuhause zu versch\u00f6nern.<\/span><\/p>\n<p><span style=\"font-weight: 400;\">Es hat eine halbgl\u00e4nzende Oberfl\u00e4che in angenehmen Farben, die die Klarheit des Bildes hervorheben.<\/span><\/p>\n<p><span style=\"font-weight: 400;\">Er ist aus hochwertigem blauen Karton gefertigt, der eine mehrfache Montage zul\u00e4sst.<\/span><\/p>\n<p><span style=\"font-weight: 400;\">Die Materialien, aus denen dieses 1000-Teile-Puzzle besteht, sind nachhaltig und recycelbar.<\/span><\/p>\n<p><span style=\"font-weight: 400;\">Geeignet f\u00fcr Menschen ab 14 Jahren &#8211; ein Grund, mit Teenagern Zeit zu verbringen.<\/span><\/p>\n<p><span style=\"font-weight: 400;\">Ein 1000-Teile-Puzzle ist eine einzigartige Gelegenheit, die Einzigartigkeit und Gro\u00dfartigkeit ber\u00fchmter Sehensw\u00fcrdigkeiten auf der ganzen Welt zu entdecken.<\/span><\/p>\n<p><strong>Wusstest du, dass&#8230;?<\/strong><\/p>\n<p><span style=\"font-weight: 400;\">Obwohl der Name Leonardo da Vincis als Architekt des Schlosses nicht in den Geschichtsb\u00fcchern steht, sind viele Experten der Meinung, dass die zentrale Treppe und das innovative Bel\u00fcftungssystem eindeutig auf sein Genie zur\u00fcckzuf\u00fchren sind.<\/span><\/p>\n<p><span style=\"font-weight: 400;\">Der Schlosspark umfasst eine riesige Fl\u00e4che von 5.440 Hektar und ist von 32 Kilometer langen Mauern umgeben.<\/span><\/p>\n<p><span style=\"font-weight: 400;\">Der Salamander ist etwa 300 Mal auf den W\u00e4nden und der Decke der Burg abgebildet. Diese kleine Amphibie war das Wahrzeichen von Franz I.<\/span><\/p>\n<p><span style=\"font-weight: 400;\">Fast 80 Jahre lang, seit dem Tod von K\u00f6nig Franz I., blieb die Burg ungenutzt und wurde zu einer Ruine. Erst 1639 beschloss K\u00f6nig Ludwig XIII. die Wiederaufnahme der Restaurierungsarbeiten.<\/span><\/p>\n<p><span style=\"font-weight: 400;\">W\u00e4hrend des Zweiten Weltkriegs waren hier viele wertvolle Werke aus dem Louvre-Museum untergebracht, darunter das Portr\u00e4t der Mona Lisa.<\/span><\/p>\n<p><span style=\"font-weight: 400;\">Das 1000-Teile-Puzzle von Chambord Castle kann eine M\u00f6glichkeit sein, Stress abzubauen und sich von den Problemen des Alltags zu l\u00f6sen. Es gibt dir auch verschiedene M\u00f6glichkeiten zur Entwicklung:<\/span><\/p>\n<ul>\n<li><span style=\"font-weight: 400;\">Es ist eine komplexe \u00dcbung f\u00fcr das Gehirn.<\/span><\/li>\n<li><span style=\"font-weight: 400;\">Es verbessert deine Koordination und Geschicklichkeit.<\/span><\/li>\n<li><span style=\"font-weight: 400;\">Es h\u00e4lt dein Ged\u00e4chtnis wach.<\/span><\/li>\n<li><span style=\"font-weight: 400;\">Sie kultiviert Geduld und Beharrlichkeit.<\/span><\/li>\n<li><span style=\"font-weight: 400;\">Gibt eint\u00f6nigen Stunden einen Sinn, wenn du nichts zu tun hast.<\/span><\/li>\n<\/ul>\n<p><span style=\"font-weight: 400;\">W\u00e4hle also das 1000-teilige Puzzle <\/span><span style=\"font-weight: 400;\">Schloss Chambord und genie\u00dfe alle Vorteile des Puzzlespiels. Entdecke die gesamte Palette der 1000-teiligen franz\u00f6sischen Schl\u00f6sser-Puzzles, setze die Bilder zusammen und erstelle deine eigene besondere Sammlung von Bildern mit faszinierenden Zielen.<\/span><\/p>\n","protected":false},"excerpt":{"rendered":"<p>Begib dich auf eine faszinierende Reise durch das Loire-Tal und entdecke mit dem 1000-Teile-Puzzle Schloss Chambord das ber\u00fchmteste franz\u00f6sische Schloss<\/p>\n","protected":false},"featured_media":33040,"template":"","meta":[],"product_brand":[],"product_cat":[1916,1875,1915],"product_tag":[],"class_list":{"0":"post-42590","1":"product","2":"type-product","3":"status-publish","4":"has-post-thumbnail","6":"product_cat-1000-teile-puzzle","7":"product_cat-puzzle-de","8":"product_cat-puzzlespiele-fur-erwachsene","9":"pa_bax-10-de","10":"pa_brand-d_toys-de","11":"pa_country_of_manufacture-ro-de","12":"pa_filter_age-14-de","13":"pa_painter-franzosische-schlosser","14":"pa_tip_ambalaj-kasten-a4-de","15":"pa_tip_puzzle-klassisch","17":"first","18":"instock","19":"taxable","20":"shipping-taxable","21":"product-type-simple"},"yoast_head":"<!-- This site is optimized with the Yoast SEO plugin v20.1 - https:\/\/yoast.com\/wordpress\/plugins\/seo\/ -->\n<title>1000 Teile Franz\u00f6sische Schl\u00f6sser Puzzle f\u00fcr Erwachsene - Schloss Chambord<\/title>\n<meta name=\"description\" content=\"1000 Teile Franz\u00f6sische Schl\u00f6sser Puzzle f\u00fcr Erwachsene - Schloss Chambord\" \/>\n<meta name=\"robots\" content=\"index, follow, max-snippet:-1, max-image-preview:large, max-video-preview:-1\" \/>\n<link rel=\"canonical\" href=\"https:\/\/business.roovi.com\/de\/1000-teile-franzosische-schlosser-puzzle-fur-erwachsene-schloss-chambord\/p\/\" \/>\n<meta property=\"og:locale\" content=\"de_DE\" \/>\n<meta property=\"og:type\" content=\"article\" \/>\n<meta property=\"og:title\" content=\"1000 Teile Franz\u00f6sische Schl\u00f6sser Puzzle f\u00fcr Erwachsene - Schloss Chambord\" \/>\n<meta property=\"og:description\" content=\"1000 Teile Franz\u00f6sische Schl\u00f6sser Puzzle f\u00fcr Erwachsene - Schloss Chambord\" \/>\n<meta property=\"og:url\" content=\"https:\/\/business.roovi.com\/de\/1000-teile-franzosische-schlosser-puzzle-fur-erwachsene-schloss-chambord\/p\/\" \/>\n<meta property=\"og:site_name\" content=\"Roovi B2B\" \/>\n<meta property=\"article:publisher\" content=\"https:\/\/www.facebook.com\/wwwjucariero\" \/>\n<meta property=\"article:modified_time\" content=\"2023-02-27T12:55:09+00:00\" \/>\n<meta property=\"og:image\" content=\"https:\/\/business.roovi.com\/wp-content\/uploads\/2018\/04\/67562-01-ansamblu_dimensiuni-cutie-cm_orizontal.png\" \/>\n\t<meta property=\"og:image:width\" content=\"900\" \/>\n\t<meta property=\"og:image:height\" content=\"900\" \/>\n\t<meta property=\"og:image:type\" content=\"image\/png\" \/>\n<meta name=\"twitter:label1\" content=\"Gesch\u00e4tzte Lesezeit\" \/>\n\t<meta name=\"twitter:data1\" content=\"3\u00a0Minuten\" \/>\n<script type=\"application\/ld+json\" class=\"yoast-schema-graph\">{\"@context\":\"https:\/\/schema.org\",\"@graph\":[{\"@type\":\"WebPage\",\"@id\":\"https:\/\/business.roovi.com\/de\/1000-teile-franzosische-schlosser-puzzle-fur-erwachsene-schloss-chambord\/p\/\",\"url\":\"https:\/\/business.roovi.com\/de\/1000-teile-franzosische-schlosser-puzzle-fur-erwachsene-schloss-chambord\/p\/\",\"name\":\"1000 Teile Franz\u00f6sische Schl\u00f6sser Puzzle f\u00fcr Erwachsene - Schloss Chambord\",\"isPartOf\":{\"@id\":\"https:\/\/business.roovi.com\/de\/#website\"},\"datePublished\":\"2018-04-16T10:56:16+00:00\",\"dateModified\":\"2023-02-27T12:55:09+00:00\",\"description\":\"1000 Teile Franz\u00f6sische Schl\u00f6sser Puzzle f\u00fcr Erwachsene - Schloss Chambord\",\"breadcrumb\":{\"@id\":\"https:\/\/business.roovi.com\/de\/1000-teile-franzosische-schlosser-puzzle-fur-erwachsene-schloss-chambord\/p\/#breadcrumb\"},\"inLanguage\":\"de\",\"potentialAction\":[{\"@type\":\"ReadAction\",\"target\":[\"https:\/\/business.roovi.com\/de\/1000-teile-franzosische-schlosser-puzzle-fur-erwachsene-schloss-chambord\/p\/\"]}]},{\"@type\":\"BreadcrumbList\",\"@id\":\"https:\/\/business.roovi.com\/de\/1000-teile-franzosische-schlosser-puzzle-fur-erwachsene-schloss-chambord\/p\/#breadcrumb\",\"itemListElement\":[{\"@type\":\"ListItem\",\"position\":1,\"name\":\"Home\",\"item\":\"https:\/\/business.roovi.com\/de\/\"},{\"@type\":\"ListItem\",\"position\":2,\"name\":\"Shop\",\"item\":\"https:\/\/business.roovi.com\/de\/shop\/\"},{\"@type\":\"ListItem\",\"position\":3,\"name\":\"1000 Teile Franz\u00f6sische Schl\u00f6sser Puzzle f\u00fcr Erwachsene &#8211; Schloss Chambord\"}]},{\"@type\":\"WebSite\",\"@id\":\"https:\/\/business.roovi.com\/de\/#website\",\"url\":\"https:\/\/business.roovi.com\/de\/\",\"name\":\"Roovi B2B\",\"description\":\"Roovi Business Website\",\"potentialAction\":[{\"@type\":\"SearchAction\",\"target\":{\"@type\":\"EntryPoint\",\"urlTemplate\":\"https:\/\/business.roovi.com\/de\/?s={search_term_string}\"},\"query-input\":\"required name=search_term_string\"}],\"inLanguage\":\"de\"}]}<\/script>\n<!-- \/ Yoast SEO plugin. -->","yoast_head_json":{"title":"1000 Teile Franz\u00f6sische Schl\u00f6sser Puzzle f\u00fcr Erwachsene - Schloss Chambord","description":"1000 Teile Franz\u00f6sische Schl\u00f6sser Puzzle f\u00fcr Erwachsene - Schloss Chambord","robots":{"index":"index","follow":"follow","max-snippet":"max-snippet:-1","max-image-preview":"max-image-preview:large","max-video-preview":"max-video-preview:-1"},"canonical":"https:\/\/business.roovi.com\/de\/1000-teile-franzosische-schlosser-puzzle-fur-erwachsene-schloss-chambord\/p\/","og_locale":"de_DE","og_type":"article","og_title":"1000 Teile Franz\u00f6sische Schl\u00f6sser Puzzle f\u00fcr Erwachsene - Schloss Chambord","og_description":"1000 Teile Franz\u00f6sische Schl\u00f6sser Puzzle f\u00fcr Erwachsene - Schloss Chambord","og_url":"https:\/\/business.roovi.com\/de\/1000-teile-franzosische-schlosser-puzzle-fur-erwachsene-schloss-chambord\/p\/","og_site_name":"Roovi B2B","article_publisher":"https:\/\/www.facebook.com\/wwwjucariero","article_modified_time":"2023-02-27T12:55:09+00:00","og_image":[{"width":900,"height":900,"url":"https:\/\/business.roovi.com\/wp-content\/uploads\/2018\/04\/67562-01-ansamblu_dimensiuni-cutie-cm_orizontal.png","type":"image\/png"}],"twitter_misc":{"Gesch\u00e4tzte Lesezeit":"3\u00a0Minuten"},"schema":{"@context":"https:\/\/schema.org","@graph":[{"@type":"WebPage","@id":"https:\/\/business.roovi.com\/de\/1000-teile-franzosische-schlosser-puzzle-fur-erwachsene-schloss-chambord\/p\/","url":"https:\/\/business.roovi.com\/de\/1000-teile-franzosische-schlosser-puzzle-fur-erwachsene-schloss-chambord\/p\/","name":"1000 Teile Franz\u00f6sische Schl\u00f6sser Puzzle f\u00fcr Erwachsene - Schloss Chambord","isPartOf":{"@id":"https:\/\/business.roovi.com\/de\/#website"},"datePublished":"2018-04-16T10:56:16+00:00","dateModified":"2023-02-27T12:55:09+00:00","description":"1000 Teile Franz\u00f6sische Schl\u00f6sser Puzzle f\u00fcr Erwachsene - Schloss Chambord","breadcrumb":{"@id":"https:\/\/business.roovi.com\/de\/1000-teile-franzosische-schlosser-puzzle-fur-erwachsene-schloss-chambord\/p\/#breadcrumb"},"inLanguage":"de","potentialAction":[{"@type":"ReadAction","target":["https:\/\/business.roovi.com\/de\/1000-teile-franzosische-schlosser-puzzle-fur-erwachsene-schloss-chambord\/p\/"]}]},{"@type":"BreadcrumbList","@id":"https:\/\/business.roovi.com\/de\/1000-teile-franzosische-schlosser-puzzle-fur-erwachsene-schloss-chambord\/p\/#breadcrumb","itemListElement":[{"@type":"ListItem","position":1,"name":"Home","item":"https:\/\/business.roovi.com\/de\/"},{"@type":"ListItem","position":2,"name":"Shop","item":"https:\/\/business.roovi.com\/de\/shop\/"},{"@type":"ListItem","position":3,"name":"1000 Teile Franz\u00f6sische Schl\u00f6sser Puzzle f\u00fcr Erwachsene &#8211; Schloss Chambord"}]},{"@type":"WebSite","@id":"https:\/\/business.roovi.com\/de\/#website","url":"https:\/\/business.roovi.com\/de\/","name":"Roovi B2B","description":"Roovi Business Website","potentialAction":[{"@type":"SearchAction","target":{"@type":"EntryPoint","urlTemplate":"https:\/\/business.roovi.com\/de\/?s={search_term_string}"},"query-input":"required name=search_term_string"}],"inLanguage":"de"}]}},"_links":{"self":[{"href":"https:\/\/business.roovi.com\/de\/wp-json\/wp\/v2\/product\/42590","targetHints":{"allow":["GET"]}}],"collection":[{"href":"https:\/\/business.roovi.com\/de\/wp-json\/wp\/v2\/product"}],"about":[{"href":"https:\/\/business.roovi.com\/de\/wp-json\/wp\/v2\/types\/product"}],"version-history":[{"count":0,"href":"https:\/\/business.roovi.com\/de\/wp-json\/wp\/v2\/product\/42590\/revisions"}],"wp:featuredmedia":[{"embeddable":true,"href":"https:\/\/business.roovi.com\/de\/wp-json\/wp\/v2\/media\/33040"}],"wp:attachment":[{"href":"https:\/\/business.roovi.com\/de\/wp-json\/wp\/v2\/media?parent=42590"}],"wp:term":[{"taxonomy":"product_brand","embeddable":true,"href":"https:\/\/business.roovi.com\/de\/wp-json\/wp\/v2\/product_brand?post=42590"},{"taxonomy":"product_cat","embeddable":true,"href":"https:\/\/business.roovi.com\/de\/wp-json\/wp\/v2\/product_cat?post=42590"},{"taxonomy":"product_tag","embeddable":true,"href":"https:\/\/business.roovi.com\/de\/wp-json\/wp\/v2\/product_tag?post=42590"}],"curies":[{"name":"wp","href":"https:\/\/api.w.org\/{rel}","templated":true}]}}