{"id":42594,"date":"2018-04-16T10:56:16","date_gmt":"2018-04-16T10:56:16","guid":{"rendered":"https:\/\/business.roovi.com\/puzzle-adulti-alphonse-mucha-reverie-1000-piese\/p\/"},"modified":"2022-07-06T19:49:37","modified_gmt":"2022-07-06T19:49:37","slug":"alphonse-mucha-1000-teile-puzzle-fur-erwachsene-reverie","status":"publish","type":"product","link":"https:\/\/business.roovi.com\/de\/alphonse-mucha-1000-teile-puzzle-fur-erwachsene-reverie\/p\/","title":{"rendered":"Alphonse Mucha 1000 Teile Puzzle f\u00fcr Erwachsene &#8211; Reverie"},"content":{"rendered":"<p><span style=\"font-weight: 400\">Entdecke jetzt das Kunstpuzzle-Sortiment und erstelle deine eigene einzigartige Sammlung von atemberaubenden 1000-Teile-Puzzle-Designs!<\/span><\/p>\n<p><span style=\"font-weight: 400\">Hier findest du Puzzles f\u00fcr Erwachsene mit Bildern, die ber\u00fchmte Werke aus der Renaissance, dem Barock und mehr darstellen. Das Alphonse Mucha &#8211; Reverie 1000 Teile Puzzle ist eines dieser gelungenen Exemplare, das das Werk des gro\u00dfen K\u00fcnstlers in allen Einzelheiten wiedergibt. Eine Tr\u00e4umerei in Farbe, <\/span><span style=\"font-weight: 400\">eine vertr\u00e4umte Frau in einem diaphanen Kleid ist ein romantisches Gem\u00e4lde von gro\u00dfer Sensibilit\u00e4t, das du unbedingt haben musst.<\/span><\/p>\n<p><span style=\"font-weight: 400\">Du brauchst einen normalen Couchtisch, um das 50 x 70 cm gro\u00dfe Bild des 1000-teiligen Puzzles nachzubauen. Weitere Merkmale dieses Puzzles f\u00fcr Erwachsene findest du unten:<\/span><\/p>\n<p>Puzzle-Material <\/p>\n<p><strong>hochwertiger blauer Karton<\/strong><\/p>\n<p><strong>nachhaltige, recycelbare Materialien<\/strong><\/p>\n<p><strong>halbgl\u00e4nzende Oberfl\u00e4che, leuchtende Farben<\/strong><\/p>\n<p>Anzahl der Puzzleteile: 1000<\/p>\n<p>Empfohlenes Alter: 14+<\/p>\n<p><strong>5 Gr\u00fcnde, ein 1000-teiliges Puzzle zusammenzusetzen<\/strong><\/p>\n<p><strong>Deine Zeit auf entspannende Weise verbringen<\/strong><\/p>\n<p><span style=\"font-weight: 400\">Das Zusammensetzen der kunstvollen Bilder des 1000-teiligen Puzzles ist eine entspannende T\u00e4tigkeit, die du in deiner Freizeit genie\u00dfen kannst. Halte dich so weit wie m\u00f6glich vom Fernseher oder Smartphone-Bildschirm fern, vervollst\u00e4ndige das 1000-Teile-Puzzle und genie\u00dfe das entstandene Bild!<\/span><\/p>\n<p><strong>Um deine Stimmung zu verbessern<\/strong><\/p>\n<p><span style=\"font-weight: 400\">Ein 100-teiliges Puzzle entspannt dich nicht nur, sondern macht auch insgesamt gute Laune. Beende jeden Tag ein Puzzlespiel und genie\u00dfe die Vorteile <\/span><\/p>\n<p><strong>Sich auf bestimmte Ziele konzentrieren<\/strong><\/p>\n<p><span style=\"font-weight: 400\">Ordne die 1000 Puzzleteile methodisch an und \u00fcbe st\u00e4ndig deine F\u00e4higkeit, l\u00e4nger konzentriert zu bleiben. Du wirst diesen Vorteil auch genie\u00dfen, wenn du Arbeitsaufgaben zu l\u00f6sen hast.<\/span><\/p>\n<p><strong>F\u00fcr einen gesunden Geist<\/strong><\/p>\n<p><span style=\"font-weight: 400\">Das Zusammensetzen von Puzzles mit 1000 Teilen trainiert beide Gehirnh\u00e4lften und h\u00e4lt dein Gehirn in Topform <\/span><\/p>\n<p><strong>Gl\u00fccklich sein<\/strong><\/p>\n<p><span style=\"font-weight: 400\">Wenn du das 1000-Teile-Puzzle zusammensetzt, sch\u00fcttet dein Gehirn Dopamin aus &#8211; das Gl\u00fcckshormon. Das erkl\u00e4rt das Gef\u00fchl von Optimismus und Zufriedenheit, das du am Ende versp\u00fcrst, wenn das Puzzlebild fertig ist und eingerahmt werden kann.<\/span><\/p>\n<p><strong>Alphonse Mucha in 5 S\u00e4tzen<\/strong><\/p>\n<p><span style=\"font-weight: 400\">Seine Plakate f\u00fcr die ber\u00fchmte Schauspielerin Sarah Bernhardt sorgten in Paris f\u00fcr Aufsehen und waren der Beginn seines Ruhmes, den er genie\u00dfen sollte.<\/span><\/p>\n<p><span style=\"font-weight: 400\">Er war ein sehr kreativer Designer von Theater- und Innenausstattungen.<\/span><\/p>\n<p><span style=\"font-weight: 400\">Seit seiner Kindheit zeichnete er leidenschaftlich gerne. Es wird erz\u00e4hlt, dass seine Mutter ihm einen Bleistift um den Hals geh\u00e4ngt hat, als er noch sehr klein war und noch nicht laufen konnte, und der angehende K\u00fcnstler war begeistert von dieser Geste.<\/span><\/p>\n<p><span style=\"font-weight: 400\">Der K\u00fcnstler idealisierte die Frauen, und dies war das vorherrschende Thema in vielen seiner Werke.<\/span><\/p>\n<p><span style=\"font-weight: 400\">Am Ende seines Lebens wurde Muchas Stil als veraltet angesehen.<\/span><\/p>\n<p><strong>1000 Teile Kunstpuzzle helfen dir, in eine m\u00e4rchenhafte Welt zu entkommen<\/strong><\/p>\n<p><span style=\"font-weight: 400\">Ersch\u00f6pfen dich Alltagssorgen, mentale M\u00fcdigkeit oder die t\u00e4gliche Routine und du suchst nach einem Ausweg? Setze die 1000-teilige Kunstpuzzle-Kollektion zusammen und tauche ein in eine Welt voller warmer Farben, Freude und Frieden. Dann bewundere dein Meisterwerk minutenlang und genie\u00dfe das Gef\u00fchl vollkommener Zufriedenheit.<\/span><\/p>\n<p><span style=\"font-weight: 400\">Unterbreche die Monotonie der Abende mit diesem wunderbaren Kunstpuzzle <\/span><span style=\"font-weight: 400\">Alphonse Mucha &#8211; Reverie! Kaufe jetzt das 1000-Teile-Puzzle und du hast die M\u00f6glichkeit, ein Kunstgem\u00e4lde aus einem Puzzlespiel von h\u00f6chster Qualit\u00e4t zu malen. Ruf deine Freunde an und stellt das Bild aus dem 1000-Teile-Puzzle Alphonse Mucha &#8211; Reverie gemeinsam nach oder genie\u00dfe die Ruhe und stelle das Gem\u00e4lde selbst nach.<\/span><\/p>\n<p><span style=\"font-weight: 400\">Das 1000-teilige Puzzle Alphonse Mucha &#8211; Reverie ist eine \u00fcberraschende Geschenkidee f\u00fcr Menschen, die sich gerne kreativ bet\u00e4tigen.<\/span><\/p><\/p>\n","protected":false},"excerpt":{"rendered":"<p>Entdecke jetzt das Kunstpuzzle-Sortiment und erstelle deine eigene einzigartige Sammlung von atemberaubenden 1000-Teile-Puzzle-Designs! Hier findest du Puzzles f\u00fcr Erwachsene mit<\/p>\n","protected":false},"featured_media":63084,"template":"","meta":[],"product_brand":[],"product_cat":[1916,1875,1915],"product_tag":[],"class_list":{"0":"post-42594","1":"product","2":"type-product","3":"status-publish","4":"has-post-thumbnail","6":"product_cat-1000-teile-puzzle","7":"product_cat-puzzle-de","8":"product_cat-puzzlespiele-fur-erwachsene","9":"pa_bax-10-de","10":"pa_brand-d_toys-de","11":"pa_country_of_manufacture-ro-de","12":"pa_filter_age-14-de","13":"pa_painter-alphonsemucha-de","14":"pa_tip_ambalaj-kasten-a4-de","15":"pa_tip_puzzle-klassisch","17":"first","18":"instock","19":"taxable","20":"shipping-taxable","21":"product-type-simple"},"yoast_head":"<!-- This site is optimized with the Yoast SEO plugin v20.1 - https:\/\/yoast.com\/wordpress\/plugins\/seo\/ -->\n<title>Alphonse Mucha 1000 Teile Puzzle f\u00fcr Erwachsene - Reverie<\/title>\n<meta name=\"description\" content=\"Alphonse Mucha 1000 Teile Puzzle f\u00fcr Erwachsene - Reverie\" \/>\n<meta name=\"robots\" content=\"index, follow, max-snippet:-1, max-image-preview:large, max-video-preview:-1\" \/>\n<link rel=\"canonical\" href=\"https:\/\/business.roovi.com\/de\/alphonse-mucha-1000-teile-puzzle-fur-erwachsene-reverie\/p\/\" \/>\n<meta property=\"og:locale\" content=\"de_DE\" \/>\n<meta property=\"og:type\" content=\"article\" \/>\n<meta property=\"og:title\" content=\"Alphonse Mucha 1000 Teile Puzzle f\u00fcr Erwachsene - Reverie\" \/>\n<meta property=\"og:description\" content=\"Alphonse Mucha 1000 Teile Puzzle f\u00fcr Erwachsene - Reverie\" \/>\n<meta property=\"og:url\" content=\"https:\/\/business.roovi.com\/de\/alphonse-mucha-1000-teile-puzzle-fur-erwachsene-reverie\/p\/\" \/>\n<meta property=\"og:site_name\" content=\"Roovi B2B\" \/>\n<meta property=\"article:publisher\" content=\"https:\/\/www.facebook.com\/wwwjucariero\" \/>\n<meta property=\"article:modified_time\" content=\"2022-07-06T19:49:37+00:00\" \/>\n<meta property=\"og:image\" content=\"https:\/\/business.roovi.com\/wp-content\/uploads\/2018\/04\/66930-01_ansamblu_dimensiuni_cutie_cm.png\" \/>\n\t<meta property=\"og:image:width\" content=\"1200\" \/>\n\t<meta property=\"og:image:height\" content=\"1200\" \/>\n\t<meta property=\"og:image:type\" content=\"image\/png\" \/>\n<meta name=\"twitter:label1\" content=\"Gesch\u00e4tzte Lesezeit\" \/>\n\t<meta name=\"twitter:data1\" content=\"3\u00a0Minuten\" \/>\n<script type=\"application\/ld+json\" class=\"yoast-schema-graph\">{\"@context\":\"https:\/\/schema.org\",\"@graph\":[{\"@type\":\"WebPage\",\"@id\":\"https:\/\/business.roovi.com\/de\/alphonse-mucha-1000-teile-puzzle-fur-erwachsene-reverie\/p\/\",\"url\":\"https:\/\/business.roovi.com\/de\/alphonse-mucha-1000-teile-puzzle-fur-erwachsene-reverie\/p\/\",\"name\":\"Alphonse Mucha 1000 Teile Puzzle f\u00fcr Erwachsene - Reverie\",\"isPartOf\":{\"@id\":\"https:\/\/business.roovi.com\/de\/#website\"},\"datePublished\":\"2018-04-16T10:56:16+00:00\",\"dateModified\":\"2022-07-06T19:49:37+00:00\",\"description\":\"Alphonse Mucha 1000 Teile Puzzle f\u00fcr Erwachsene - Reverie\",\"breadcrumb\":{\"@id\":\"https:\/\/business.roovi.com\/de\/alphonse-mucha-1000-teile-puzzle-fur-erwachsene-reverie\/p\/#breadcrumb\"},\"inLanguage\":\"de\",\"potentialAction\":[{\"@type\":\"ReadAction\",\"target\":[\"https:\/\/business.roovi.com\/de\/alphonse-mucha-1000-teile-puzzle-fur-erwachsene-reverie\/p\/\"]}]},{\"@type\":\"BreadcrumbList\",\"@id\":\"https:\/\/business.roovi.com\/de\/alphonse-mucha-1000-teile-puzzle-fur-erwachsene-reverie\/p\/#breadcrumb\",\"itemListElement\":[{\"@type\":\"ListItem\",\"position\":1,\"name\":\"Home\",\"item\":\"https:\/\/business.roovi.com\/de\/\"},{\"@type\":\"ListItem\",\"position\":2,\"name\":\"Shop\",\"item\":\"https:\/\/business.roovi.com\/de\/shop\/\"},{\"@type\":\"ListItem\",\"position\":3,\"name\":\"Alphonse Mucha 1000 Teile Puzzle f\u00fcr Erwachsene &#8211; Reverie\"}]},{\"@type\":\"WebSite\",\"@id\":\"https:\/\/business.roovi.com\/de\/#website\",\"url\":\"https:\/\/business.roovi.com\/de\/\",\"name\":\"Roovi B2B\",\"description\":\"Roovi Business Website\",\"potentialAction\":[{\"@type\":\"SearchAction\",\"target\":{\"@type\":\"EntryPoint\",\"urlTemplate\":\"https:\/\/business.roovi.com\/de\/?s={search_term_string}\"},\"query-input\":\"required name=search_term_string\"}],\"inLanguage\":\"de\"}]}<\/script>\n<!-- \/ Yoast SEO plugin. -->","yoast_head_json":{"title":"Alphonse Mucha 1000 Teile Puzzle f\u00fcr Erwachsene - Reverie","description":"Alphonse Mucha 1000 Teile Puzzle f\u00fcr Erwachsene - Reverie","robots":{"index":"index","follow":"follow","max-snippet":"max-snippet:-1","max-image-preview":"max-image-preview:large","max-video-preview":"max-video-preview:-1"},"canonical":"https:\/\/business.roovi.com\/de\/alphonse-mucha-1000-teile-puzzle-fur-erwachsene-reverie\/p\/","og_locale":"de_DE","og_type":"article","og_title":"Alphonse Mucha 1000 Teile Puzzle f\u00fcr Erwachsene - Reverie","og_description":"Alphonse Mucha 1000 Teile Puzzle f\u00fcr Erwachsene - Reverie","og_url":"https:\/\/business.roovi.com\/de\/alphonse-mucha-1000-teile-puzzle-fur-erwachsene-reverie\/p\/","og_site_name":"Roovi B2B","article_publisher":"https:\/\/www.facebook.com\/wwwjucariero","article_modified_time":"2022-07-06T19:49:37+00:00","og_image":[{"width":1200,"height":1200,"url":"https:\/\/business.roovi.com\/wp-content\/uploads\/2018\/04\/66930-01_ansamblu_dimensiuni_cutie_cm.png","type":"image\/png"}],"twitter_misc":{"Gesch\u00e4tzte Lesezeit":"3\u00a0Minuten"},"schema":{"@context":"https:\/\/schema.org","@graph":[{"@type":"WebPage","@id":"https:\/\/business.roovi.com\/de\/alphonse-mucha-1000-teile-puzzle-fur-erwachsene-reverie\/p\/","url":"https:\/\/business.roovi.com\/de\/alphonse-mucha-1000-teile-puzzle-fur-erwachsene-reverie\/p\/","name":"Alphonse Mucha 1000 Teile Puzzle f\u00fcr Erwachsene - Reverie","isPartOf":{"@id":"https:\/\/business.roovi.com\/de\/#website"},"datePublished":"2018-04-16T10:56:16+00:00","dateModified":"2022-07-06T19:49:37+00:00","description":"Alphonse Mucha 1000 Teile Puzzle f\u00fcr Erwachsene - Reverie","breadcrumb":{"@id":"https:\/\/business.roovi.com\/de\/alphonse-mucha-1000-teile-puzzle-fur-erwachsene-reverie\/p\/#breadcrumb"},"inLanguage":"de","potentialAction":[{"@type":"ReadAction","target":["https:\/\/business.roovi.com\/de\/alphonse-mucha-1000-teile-puzzle-fur-erwachsene-reverie\/p\/"]}]},{"@type":"BreadcrumbList","@id":"https:\/\/business.roovi.com\/de\/alphonse-mucha-1000-teile-puzzle-fur-erwachsene-reverie\/p\/#breadcrumb","itemListElement":[{"@type":"ListItem","position":1,"name":"Home","item":"https:\/\/business.roovi.com\/de\/"},{"@type":"ListItem","position":2,"name":"Shop","item":"https:\/\/business.roovi.com\/de\/shop\/"},{"@type":"ListItem","position":3,"name":"Alphonse Mucha 1000 Teile Puzzle f\u00fcr Erwachsene &#8211; Reverie"}]},{"@type":"WebSite","@id":"https:\/\/business.roovi.com\/de\/#website","url":"https:\/\/business.roovi.com\/de\/","name":"Roovi B2B","description":"Roovi Business Website","potentialAction":[{"@type":"SearchAction","target":{"@type":"EntryPoint","urlTemplate":"https:\/\/business.roovi.com\/de\/?s={search_term_string}"},"query-input":"required name=search_term_string"}],"inLanguage":"de"}]}},"_links":{"self":[{"href":"https:\/\/business.roovi.com\/de\/wp-json\/wp\/v2\/product\/42594","targetHints":{"allow":["GET"]}}],"collection":[{"href":"https:\/\/business.roovi.com\/de\/wp-json\/wp\/v2\/product"}],"about":[{"href":"https:\/\/business.roovi.com\/de\/wp-json\/wp\/v2\/types\/product"}],"version-history":[{"count":0,"href":"https:\/\/business.roovi.com\/de\/wp-json\/wp\/v2\/product\/42594\/revisions"}],"wp:featuredmedia":[{"embeddable":true,"href":"https:\/\/business.roovi.com\/de\/wp-json\/wp\/v2\/media\/63084"}],"wp:attachment":[{"href":"https:\/\/business.roovi.com\/de\/wp-json\/wp\/v2\/media?parent=42594"}],"wp:term":[{"taxonomy":"product_brand","embeddable":true,"href":"https:\/\/business.roovi.com\/de\/wp-json\/wp\/v2\/product_brand?post=42594"},{"taxonomy":"product_cat","embeddable":true,"href":"https:\/\/business.roovi.com\/de\/wp-json\/wp\/v2\/product_cat?post=42594"},{"taxonomy":"product_tag","embeddable":true,"href":"https:\/\/business.roovi.com\/de\/wp-json\/wp\/v2\/product_tag?post=42594"}],"curies":[{"name":"wp","href":"https:\/\/api.w.org\/{rel}","templated":true}]}}