{"id":42610,"date":"2018-04-16T10:56:16","date_gmt":"2018-04-16T10:56:16","guid":{"rendered":"https:\/\/business.roovi.com\/puzzle-adulti-1000-piese-pieter-breughel-cel-tanar-spring-primavara\/p\/"},"modified":"2023-02-20T10:19:57","modified_gmt":"2023-02-20T10:19:57","slug":"adult-puzzle-1000-pieces-pieter-breughel-der-jungere-fruhling","status":"publish","type":"product","link":"https:\/\/business.roovi.com\/de\/adult-puzzle-1000-pieces-pieter-breughel-der-jungere-fruhling\/p\/","title":{"rendered":"Adult Puzzle 1000 Pieces Pieter Brueghel der J\u00fcngere &#8211; Fr\u00fchling"},"content":{"rendered":"<p><span style=\"font-weight: 400;\">Wir haben 1000-teilige Puzzles mit ber\u00fchmten Gem\u00e4lden von Rembrandt, Leonardo da Vinci und vielen anderen ber\u00fchmten K\u00fcnstlern. Die Puzzles f\u00fcr Erwachsene sind aus hochwertigen Materialien gefertigt und geben die feinsten Details der Originalwerke wieder. Durchst\u00f6bere die virtuelle Kunstpuzzle-Sammlung und erstelle deine eigene Sammlung von 1000-Teile-Puzzle-Gem\u00e4lden!<\/span><\/p>\n<p><span style=\"font-weight: 400;\">Pieter Brueghel der J\u00fcngere &#8211; Fr\u00fchling 1000 Teile Puzzle darf in deiner Sammlung nicht fehlen. Wie w\u00e4re es, wenn du an der Wand deines Zimmers immer eine Kunstfeder aus 1000-teiligen Puzzles h\u00e4ttest? Jeden Tag eine Explosion von Farben, Raffinesse und Perfektion der Natur zu bewundern, die von der gro\u00dfartigen Hand Pieter Brueghels des J\u00fcngeren perfekt dargestellt wurde, kann nur eine Freude sein. Also mach dich an die Arbeit und vervollst\u00e4ndige dieses wunderbare 1000-Teile-Puzzle! Du brauchst einen einfachen Couchtisch, um das Werk zu vollenden, denn das fertige Bild ist 50 x 70 cm gro\u00df.<\/span><\/p>\n<p><span style=\"font-weight: 400;\">Hier sind weitere Details und Eigenschaften des Puzzles Pieter Brueghel der J\u00fcngere &#8211; Fr\u00fchling 1000 Teile:<\/span><\/p>\n<p><span style=\"font-weight: 400;\">Puzzle-Material <\/span><\/p>\n<p><strong>hochwertiger blauer Karton<\/strong><\/p>\n<p><strong>nachhaltige, recycelbare Materialien<\/strong><\/p>\n<p><strong>halbgl\u00e4nzende Oberfl\u00e4che, leuchtende Farben<\/strong><\/p>\n<p><span style=\"font-weight: 400;\">Anzahl der Puzzleteile: 1000<\/span><\/p>\n<p><span style=\"font-weight: 400;\">Empfohlenes Alter: 14+<\/span><\/p>\n<p><strong>Die wunderbaren Vorteile eines 1000-Teile-Puzzles<\/strong><\/p>\n<ul style=\"list-style-type: circle;\">\n<li><span style=\"font-weight: 400;\">Hilft, dein Ged\u00e4chtnis zu verbessern<\/span><\/li>\n<li><span style=\"font-weight: 400;\">Entwickelt deine F\u00e4higkeit, Probleme in kurzer Zeit zu l\u00f6sen<\/span><\/li>\n<li><span style=\"font-weight: 400;\">Hilft bei der Entwicklung deiner visuell-r\u00e4umlichen F\u00e4higkeiten<\/span><\/li>\n<li><span style=\"font-weight: 400;\">Sie halten dein Gehirn gesund, weil sie es am Laufen halten<\/span><\/li>\n<li><span style=\"font-weight: 400;\">Sie machen dich aufmerksamer f\u00fcr Details.<\/span><\/li>\n<li><span style=\"font-weight: 400;\">Sie verbessern deine Stimmung.<\/span><\/li>\n<\/ul>\n<p><strong>Wer ist Pieter Brueghel der J\u00fcngere?<\/strong><\/p>\n<ul style=\"list-style-type: circle;\">\n<li><span style=\"font-weight: 400;\">Der Autor des Gem\u00e4ldes &#8222;Fr\u00fchling&#8220;, das auf dem 1000 Teile Puzzle in der Art Puzzle Collection abgebildet ist, ist der Sohn des ber\u00fchmten Pieter Breughel des \u00c4lteren.<\/span><\/li>\n<li><span style=\"font-weight: 400;\">Er geh\u00f6rt zu der Dynastie der ber\u00fchmten Brueghel-Maler, die bis heute in Belgien t\u00e4tig sind.<\/span><\/li>\n<li><span style=\"font-weight: 400;\">Er \u00fcbernahm viele der Werke seines Vaters, darunter die Serie <\/span><em><span style=\"font-weight: 400;\">Jahreszeiten<\/span><\/em><span style=\"font-weight: 400;\"> von denen die <\/span><em><span style=\"font-weight: 400;\">Fr\u00fchling<\/span><\/em><\/li>\n<li><span style=\"font-weight: 400;\">Er gab den Werken eine pers\u00f6nliche Note in <\/span><em><span style=\"font-weight: 400;\">Jahreszeiten<\/span><\/em><span style=\"font-weight: 400;\"> durch die verschiedenen Anekdoten, die er in seine Bilder eingebaut hat.<\/span><\/li>\n<li><span style=\"font-weight: 400;\">Der Jahreszeiten-Zyklus war zur Zeit von Pieter Breughel dem J\u00fcngeren sehr erfolgreich.<\/span><\/li>\n<\/ul>\n<p><strong>Es ist cool, Kunst durch das 1000-Teile-Puzzle zu entdecken!<\/strong><\/p>\n<p><span style=\"font-weight: 400;\">&#8230; Und das ist nicht der einzige Vorteil, wenn du ein 1000-teiliges Puzzle aus der Kunstpuzzle-Kollektion fertigstellst. Bedenke auch die folgenden positiven Aspekte, wenn du \u00fcber den Kauf eines Puzzles f\u00fcr Erwachsene nachdenkst:<\/span><\/p>\n<p><strong>Sie verbessern deine F\u00e4higkeit, im Team zu arbeiten <\/strong><span style=\"font-weight: 400;\">Das Zusammensetzen eines Puzzles mit 1000 Teilen kann \u00fcberw\u00e4ltigend sein, besonders wenn du ein Anf\u00e4nger bist. Ruf deine Freunde zusammen und entdeckt gemeinsam die Magie der Puzzlespiele! In Teamarbeit ist das 1000-teilige Puzzlebrett im Handumdrehen fertig <\/span><\/p>\n<p><strong>Es entf\u00fchrt dich in eine faszinierende Welt voller Farben <\/strong><span style=\"font-weight: 400;\">Mit anderen Worten: Es wird dir helfen, kreativ zu werden. Wenn du das 1000-teilige Puzzle fertigstellst, tauchst du mit deinem Verstand in die Geschichte des Gem\u00e4ldes ein, anstatt nur mechanisch ein Puzzle f\u00fcr Erwachsene fertigzustellen.<\/span><\/p>\n<p><strong>Es erh\u00f6ht deine Produktivit\u00e4t.<\/strong><span style=\"font-weight: 400;\"> Es klingt vielleicht ein bisschen fantastisch, aber wenn du methodisch, organisiert und konzentriert an einem 1000-Teile-Puzzle arbeitest, entsteht ein mentales Programm, das du sp\u00e4ter auch in anderen Bereichen deines Lebens, zum Beispiel bei der Arbeit, einsetzen kannst.<\/span><\/p>\n<p><strong>Es versetzt dich in einen meditativen Zustand<\/strong><span style=\"font-weight: 400;\">. Wenn du dich auf ein 1000-Teile-Puzzle konzentrierst, wird dein Geist von allen anderen Sorgen befreit und konzentriert sich auf ein Ziel: das Kunstwerk nachzubauen. Dieser Zustand \u00e4hnelt der Meditation und ist gut f\u00fcr die geistige Gesundheit.<\/span><\/p>\n<p><span style=\"font-weight: 400;\">Kaufe 1000 St\u00fcck Pieter Brueghel der J\u00fcngere &#8211; Fr\u00fchling und gestalte dein eigenes au\u00dfergew\u00f6hnliches Deko-Objekt! Rahmen Sie das Bild ein, das Sie aus diesem wunderbaren Puzzle f\u00fcr Erwachsene erhalten, und genie\u00dfen Sie jeden Tag die Magie der Farben.<\/span><\/p>\n<p><span style=\"font-weight: 400;\">Dieses Puzzlespiel ist ein tolles Geschenk, wenn du einen Freund oder eine Freundin, der\/die eine Leidenschaft f\u00fcr 1000-Teile-Puzzles hat, oder jemanden in der Familie \u00fcberraschen m\u00f6chtest.<\/span><\/p>\n","protected":false},"excerpt":{"rendered":"<p>Wir haben 1000-teilige Puzzles mit ber\u00fchmten Gem\u00e4lden von Rembrandt, Leonardo da Vinci und vielen anderen ber\u00fchmten K\u00fcnstlern. Die Puzzles f\u00fcr<\/p>\n","protected":false},"featured_media":63146,"template":"","meta":[],"product_brand":[],"product_cat":[1875,1915,1916],"product_tag":[],"class_list":{"0":"post-42610","1":"product","2":"type-product","3":"status-publish","4":"has-post-thumbnail","6":"product_cat-puzzle-de","7":"product_cat-puzzlespiele-fur-erwachsene","8":"product_cat-1000-teile-puzzle","9":"pa_bax-10-de","10":"pa_brand-d_toys-de","11":"pa_country_of_manufacture-ro-de","12":"pa_filter_age-14-de","13":"pa_painter-pieterbreugheltheyounger-de","14":"pa_tip_ambalaj-kasten-a4-de","15":"pa_tip_puzzle-klassisch","17":"first","18":"instock","19":"taxable","20":"shipping-taxable","21":"product-type-simple"},"yoast_head":"<!-- This site is optimized with the Yoast SEO plugin v20.1 - https:\/\/yoast.com\/wordpress\/plugins\/seo\/ -->\n<title>Adult Puzzle 1000 Pieces Pieter Breughel der J\u00fcngere - Fr\u00fchling<\/title>\n<meta name=\"description\" content=\"Adult Puzzle 1000 Pieces Pieter Breughel der J\u00fcngere - Fr\u00fchling\" \/>\n<meta name=\"robots\" content=\"index, follow, max-snippet:-1, max-image-preview:large, max-video-preview:-1\" \/>\n<link rel=\"canonical\" href=\"https:\/\/business.roovi.com\/de\/adult-puzzle-1000-pieces-pieter-breughel-der-jungere-fruhling\/p\/\" \/>\n<meta property=\"og:locale\" content=\"de_DE\" \/>\n<meta property=\"og:type\" content=\"article\" \/>\n<meta property=\"og:title\" content=\"Adult Puzzle 1000 Pieces Pieter Breughel der J\u00fcngere - Fr\u00fchling\" \/>\n<meta property=\"og:description\" content=\"Adult Puzzle 1000 Pieces Pieter Breughel der J\u00fcngere - Fr\u00fchling\" \/>\n<meta property=\"og:url\" content=\"https:\/\/business.roovi.com\/de\/adult-puzzle-1000-pieces-pieter-breughel-der-jungere-fruhling\/p\/\" \/>\n<meta property=\"og:site_name\" content=\"Roovi B2B\" \/>\n<meta property=\"article:publisher\" content=\"https:\/\/www.facebook.com\/wwwjucariero\" \/>\n<meta property=\"article:modified_time\" content=\"2023-02-20T10:19:57+00:00\" \/>\n<meta property=\"og:image\" content=\"https:\/\/business.roovi.com\/wp-content\/uploads\/2018\/04\/66947-BR-01-WEB.jpg\" \/>\n\t<meta property=\"og:image:width\" content=\"1200\" \/>\n\t<meta property=\"og:image:height\" content=\"1200\" \/>\n\t<meta property=\"og:image:type\" content=\"image\/jpeg\" \/>\n<meta name=\"twitter:label1\" content=\"Gesch\u00e4tzte Lesezeit\" \/>\n\t<meta name=\"twitter:data1\" content=\"4\u00a0Minuten\" \/>\n<script type=\"application\/ld+json\" class=\"yoast-schema-graph\">{\"@context\":\"https:\/\/schema.org\",\"@graph\":[{\"@type\":\"WebPage\",\"@id\":\"https:\/\/business.roovi.com\/de\/adult-puzzle-1000-pieces-pieter-breughel-der-jungere-fruhling\/p\/\",\"url\":\"https:\/\/business.roovi.com\/de\/adult-puzzle-1000-pieces-pieter-breughel-der-jungere-fruhling\/p\/\",\"name\":\"Adult Puzzle 1000 Pieces Pieter Breughel der J\u00fcngere - Fr\u00fchling\",\"isPartOf\":{\"@id\":\"https:\/\/business.roovi.com\/de\/#website\"},\"datePublished\":\"2018-04-16T10:56:16+00:00\",\"dateModified\":\"2023-02-20T10:19:57+00:00\",\"description\":\"Adult Puzzle 1000 Pieces Pieter Breughel der J\u00fcngere - Fr\u00fchling\",\"breadcrumb\":{\"@id\":\"https:\/\/business.roovi.com\/de\/adult-puzzle-1000-pieces-pieter-breughel-der-jungere-fruhling\/p\/#breadcrumb\"},\"inLanguage\":\"de\",\"potentialAction\":[{\"@type\":\"ReadAction\",\"target\":[\"https:\/\/business.roovi.com\/de\/adult-puzzle-1000-pieces-pieter-breughel-der-jungere-fruhling\/p\/\"]}]},{\"@type\":\"BreadcrumbList\",\"@id\":\"https:\/\/business.roovi.com\/de\/adult-puzzle-1000-pieces-pieter-breughel-der-jungere-fruhling\/p\/#breadcrumb\",\"itemListElement\":[{\"@type\":\"ListItem\",\"position\":1,\"name\":\"Home\",\"item\":\"https:\/\/business.roovi.com\/de\/\"},{\"@type\":\"ListItem\",\"position\":2,\"name\":\"Shop\",\"item\":\"https:\/\/business.roovi.com\/de\/shop\/\"},{\"@type\":\"ListItem\",\"position\":3,\"name\":\"Adult Puzzle 1000 Pieces Pieter Brueghel der J\u00fcngere &#8211; Fr\u00fchling\"}]},{\"@type\":\"WebSite\",\"@id\":\"https:\/\/business.roovi.com\/de\/#website\",\"url\":\"https:\/\/business.roovi.com\/de\/\",\"name\":\"Roovi B2B\",\"description\":\"Roovi Business Website\",\"potentialAction\":[{\"@type\":\"SearchAction\",\"target\":{\"@type\":\"EntryPoint\",\"urlTemplate\":\"https:\/\/business.roovi.com\/de\/?s={search_term_string}\"},\"query-input\":\"required name=search_term_string\"}],\"inLanguage\":\"de\"}]}<\/script>\n<!-- \/ Yoast SEO plugin. -->","yoast_head_json":{"title":"Adult Puzzle 1000 Pieces Pieter Breughel der J\u00fcngere - Fr\u00fchling","description":"Adult Puzzle 1000 Pieces Pieter Breughel der J\u00fcngere - Fr\u00fchling","robots":{"index":"index","follow":"follow","max-snippet":"max-snippet:-1","max-image-preview":"max-image-preview:large","max-video-preview":"max-video-preview:-1"},"canonical":"https:\/\/business.roovi.com\/de\/adult-puzzle-1000-pieces-pieter-breughel-der-jungere-fruhling\/p\/","og_locale":"de_DE","og_type":"article","og_title":"Adult Puzzle 1000 Pieces Pieter Breughel der J\u00fcngere - Fr\u00fchling","og_description":"Adult Puzzle 1000 Pieces Pieter Breughel der J\u00fcngere - Fr\u00fchling","og_url":"https:\/\/business.roovi.com\/de\/adult-puzzle-1000-pieces-pieter-breughel-der-jungere-fruhling\/p\/","og_site_name":"Roovi B2B","article_publisher":"https:\/\/www.facebook.com\/wwwjucariero","article_modified_time":"2023-02-20T10:19:57+00:00","og_image":[{"width":1200,"height":1200,"url":"https:\/\/business.roovi.com\/wp-content\/uploads\/2018\/04\/66947-BR-01-WEB.jpg","type":"image\/jpeg"}],"twitter_misc":{"Gesch\u00e4tzte Lesezeit":"4\u00a0Minuten"},"schema":{"@context":"https:\/\/schema.org","@graph":[{"@type":"WebPage","@id":"https:\/\/business.roovi.com\/de\/adult-puzzle-1000-pieces-pieter-breughel-der-jungere-fruhling\/p\/","url":"https:\/\/business.roovi.com\/de\/adult-puzzle-1000-pieces-pieter-breughel-der-jungere-fruhling\/p\/","name":"Adult Puzzle 1000 Pieces Pieter Breughel der J\u00fcngere - Fr\u00fchling","isPartOf":{"@id":"https:\/\/business.roovi.com\/de\/#website"},"datePublished":"2018-04-16T10:56:16+00:00","dateModified":"2023-02-20T10:19:57+00:00","description":"Adult Puzzle 1000 Pieces Pieter Breughel der J\u00fcngere - Fr\u00fchling","breadcrumb":{"@id":"https:\/\/business.roovi.com\/de\/adult-puzzle-1000-pieces-pieter-breughel-der-jungere-fruhling\/p\/#breadcrumb"},"inLanguage":"de","potentialAction":[{"@type":"ReadAction","target":["https:\/\/business.roovi.com\/de\/adult-puzzle-1000-pieces-pieter-breughel-der-jungere-fruhling\/p\/"]}]},{"@type":"BreadcrumbList","@id":"https:\/\/business.roovi.com\/de\/adult-puzzle-1000-pieces-pieter-breughel-der-jungere-fruhling\/p\/#breadcrumb","itemListElement":[{"@type":"ListItem","position":1,"name":"Home","item":"https:\/\/business.roovi.com\/de\/"},{"@type":"ListItem","position":2,"name":"Shop","item":"https:\/\/business.roovi.com\/de\/shop\/"},{"@type":"ListItem","position":3,"name":"Adult Puzzle 1000 Pieces Pieter Brueghel der J\u00fcngere &#8211; Fr\u00fchling"}]},{"@type":"WebSite","@id":"https:\/\/business.roovi.com\/de\/#website","url":"https:\/\/business.roovi.com\/de\/","name":"Roovi B2B","description":"Roovi Business Website","potentialAction":[{"@type":"SearchAction","target":{"@type":"EntryPoint","urlTemplate":"https:\/\/business.roovi.com\/de\/?s={search_term_string}"},"query-input":"required name=search_term_string"}],"inLanguage":"de"}]}},"_links":{"self":[{"href":"https:\/\/business.roovi.com\/de\/wp-json\/wp\/v2\/product\/42610","targetHints":{"allow":["GET"]}}],"collection":[{"href":"https:\/\/business.roovi.com\/de\/wp-json\/wp\/v2\/product"}],"about":[{"href":"https:\/\/business.roovi.com\/de\/wp-json\/wp\/v2\/types\/product"}],"version-history":[{"count":0,"href":"https:\/\/business.roovi.com\/de\/wp-json\/wp\/v2\/product\/42610\/revisions"}],"wp:featuredmedia":[{"embeddable":true,"href":"https:\/\/business.roovi.com\/de\/wp-json\/wp\/v2\/media\/63146"}],"wp:attachment":[{"href":"https:\/\/business.roovi.com\/de\/wp-json\/wp\/v2\/media?parent=42610"}],"wp:term":[{"taxonomy":"product_brand","embeddable":true,"href":"https:\/\/business.roovi.com\/de\/wp-json\/wp\/v2\/product_brand?post=42610"},{"taxonomy":"product_cat","embeddable":true,"href":"https:\/\/business.roovi.com\/de\/wp-json\/wp\/v2\/product_cat?post=42610"},{"taxonomy":"product_tag","embeddable":true,"href":"https:\/\/business.roovi.com\/de\/wp-json\/wp\/v2\/product_tag?post=42610"}],"curies":[{"name":"wp","href":"https:\/\/api.w.org\/{rel}","templated":true}]}}