{"id":42614,"date":"2018-04-16T10:56:16","date_gmt":"2018-04-16T10:56:16","guid":{"rendered":"https:\/\/business.roovi.com\/puzzle-adulti-1000-piese-lady-with-an-erminedama-cu-hermina-1000-piese\/p\/"},"modified":"2022-07-06T19:54:20","modified_gmt":"2022-07-06T19:54:20","slug":"1000-teile-adult-puzzle-lady-with-an-ermine-1000-teile","status":"publish","type":"product","link":"https:\/\/business.roovi.com\/de\/1000-teile-adult-puzzle-lady-with-an-ermine-1000-teile\/p\/","title":{"rendered":"1000 Teile Adult Puzzle Lady with an Ermine &#8211; 1000 Teile"},"content":{"rendered":"<p><span style=\"font-weight: 400\">Wenn Kunst deine Leidenschaft ist oder du einen Freund \u00fcberraschen willst, der ber\u00fchmte Gem\u00e4lde liebt, bist du hier genau richtig. Wir haben die gr\u00f6\u00dfte Sammlung von Kunstr\u00e4tseln.<\/span><\/p>\n<p><span style=\"font-weight: 400\">Das Zusammensetzen eines Puzzles mit 1.000 Teilen ist eine entspannende Aktivit\u00e4t, die dich vom Alltagsstress ablenkt und deine Stimmung verbessert. Wenn du die Teile zusammenf\u00fcgst und das Bild Gestalt annimmt, bekommst du ein wunderbares Gef\u00fchl der Befriedigung, dass du eine schwierige Aufgabe erf\u00fcllt hast. W\u00e4hrend dieser Zeit sch\u00fcttet dein Gehirn Dopamin aus, das Hormon, das f\u00fcr gute Gef\u00fchle sorgt: Gl\u00fcck, Zufriedenheit oder Vergn\u00fcgen <\/span><\/p>\n<p><span style=\"font-weight: 400\">Wenn du jeden Tag eine oder mehrere Stunden Freude haben willst, haben wir ein paar tolle Empfehlungen f\u00fcr dich!<\/span><\/p>\n<p><span style=\"font-weight: 400\">Setze das 1000-teilige Puzzle mit dem Portr\u00e4t der faszinierenden Dame mit Hermelin zusammen und f\u00fchle den Nervenkitzel, ein unsterbliches Kunstwerk zu rekonstruieren! Wie die meisten Werke des gro\u00dfen K\u00fcnstlers ist auch die Dame mit dem Hermelin von einem Geheimnis umh\u00fcllt. Es wird angenommen, dass das Portr\u00e4t Folgendes darstellt <\/span><span style=\"font-weight: 400\">Cecilia Gallerani, die M\u00e4tresse des Herzogs <\/span><span style=\"font-weight: 400\">Ludovico Sforza, <\/span><span style=\"font-weight: 400\">eine junge Frau mit bescheidenen Mitteln, die damals f\u00fcr ihre Intelligenz und Sch\u00f6nheit bekannt war <\/span><\/p>\n<p><span style=\"font-weight: 400\">Sie besorgt eine originalgetreue Kopie des ber\u00fchmten Gem\u00e4ldes, die gr\u00f6\u00dfer ist als das Original. Unten findest du die Ma\u00dfe des 1000-teiligen Puzzles und die Produkteigenschaften.<\/span><\/p>\n<p><span style=\"font-weight: 400\">Zusammengesetztes Puzzle: 50&#215;70 cm &#8211; das Originalgem\u00e4lde ist 53&#215;39 cm gro\u00df. Ein gew\u00f6hnlicher Couchtisch ist sehr gut geeignet, um dieses 1000-teilige Puzzle zusammenzusetzen.<\/span><\/p>\n<p><span style=\"font-weight: 400\">Puzzle-Material <\/span><\/p>\n<p><strong>hochwertiger blauer Karton<\/strong><\/p>\n<p><strong>nachhaltige, recycelbare Materialien<\/strong><\/p>\n<p><strong>halbgl\u00e4nzende Oberfl\u00e4che, leuchtende Farben<\/strong><\/p>\n<p><span style=\"font-weight: 400\">Anzahl der Puzzleteile: 1000<\/span><\/p>\n<p><span style=\"font-weight: 400\">Empfohlenes Alter: 14+<\/span><\/p>\n<p><strong>Puzzle 1000 Teile: Welche F\u00e4higkeiten entwickelt es?<\/strong><\/p>\n<p><strong>Achtung<\/strong><span style=\"font-weight: 400\"> &#8211; Du bist ein echter Detektiv, der die kleinsten Details bemerkt und das R\u00e4tsel l\u00f6st, indem er St\u00fcck f\u00fcr St\u00fcck in die richtige Reihenfolge bringt.<\/span><\/p>\n<p><strong>Speicher<\/strong><span style=\"font-weight: 400\"> &#8211; Setze das 1000-Teile-Puzzle Tag f\u00fcr Tag zusammen und beobachte, wie sich dein Kurzzeitged\u00e4chtnis verbessert.<\/span><\/p>\n<p><strong>Logik &#8211; <\/strong><span style=\"font-weight: 400\">entdecke die Logik des Puzzlespiels, indem du Teil f\u00fcr Teil zusammensetzt, bis du das vollst\u00e4ndige Bild hast.<\/span><\/p>\n<p><strong>Die F\u00e4higkeit, bewusst zu leben &#8211; <\/strong><span style=\"font-weight: 400\">Du hast schon von dem Konzept geh\u00f6rt <\/span><span style=\"font-weight: 400\">Achtsamkeit? Es bedeutet die F\u00e4higkeit, sich aller Gedanken, Gef\u00fchle und Empfindungen in der Gegenwart bewusst zu sein, mit anderen Worten: die Kunst, in der Gegenwart zu leben. Das L\u00f6sen des R\u00e4tsels ist also eine Form der Achtsamkeitsmeditation.<\/span><\/p>\n<p><strong>Verbessert die Qualit\u00e4t des Schlafs &#8211; <\/strong><span style=\"font-weight: 400\">L\u00f6se das R\u00e4tsel am Abend vor dem Schlafengehen und werde die Sorgen des n\u00e4chsten Tages los! Das Zusammensetzen eines Puzzles mit 1000 Teilen entspannt dich, macht deinen Kopf frei und l\u00e4sst dich tiefer und erholsamer schlafen.<\/span><\/p>\n<p><strong>Was wusstest du nicht \u00fcber Leonardo da Vinci und seine Dame mit Hermelin?<\/strong><\/p>\n<ul style=\"list-style-type: circle\">\n<li><span style=\"font-weight: 400\">Es wird angenommen, dass das Portr\u00e4t der Dame mit Hermelin auf ausdr\u00fccklichen Wunsch des Herzogs gemalt wurde <\/span><span style=\"font-weight: 400\">Ludovico Sforza <\/span><span style=\"font-weight: 400\">der der Kunde des K\u00fcnstlers war.<\/span><\/li>\n<li><span style=\"font-weight: 400\">Da Vinci war ein absoluter Perfektionist, der bis ins kleinste Detail arbeitete. Es wurde herausgefunden, dass dieses Gem\u00e4lde mehrere Ver\u00e4nderungen erfahren hat, bevor es in der jetzigen Version vorliegt, die wir sehen. In einer Version gibt es kein Hermelin.<\/span><\/li>\n<li><span style=\"font-weight: 400\">Das Hermelin wurde auch mit verschiedenen Symbolen versehen: vielleicht eine Anspielung auf den Orden des Hermelins, mit dem Herzog Sforza ausgezeichnet wurde, ein Ausdruck der Reinheit der Figur oder ein Renaissance-Wortspiel auf den Nachnamen des M\u00e4dchens, der vom griechischen galen (Hermelin) abgeleitet ist.<\/span><\/li>\n<li><span style=\"font-weight: 400\">Das Portr\u00e4t der Dame mit dem Hermelin ist erhalten und kann im Czartoryski-Museum bewundert werden<\/span><span style=\"font-weight: 400\"> in Krak\u00f3w, Polen.<\/span><\/li>\n<li><span style=\"font-weight: 400\">Die Dame mit dem Hermelin wird von Kritikern als das erste moderne Portr\u00e4t angesehen, weil der Dargestellte nach links blickt und wir kein Gesicht sehen, das von vorne oder im Profil gemalt wurde, wie es bei fr\u00fcheren Portr\u00e4ts der Fall war.<\/span><\/li>\n<\/ul>\n<p><strong>Welche Vorteile hat es, ein 1000-Teile-Puzzle f\u00fcr Erwachsene fertigzustellen?<\/strong><\/p>\n<ul style=\"list-style-type: circle\">\n<li><span style=\"font-weight: 400\">Es bietet dir bis zu 30 Stunden entspannten Spa\u00df.<\/span><\/li>\n<li><span style=\"font-weight: 400\">Du entdeckst das Kunstwerk in den kleinsten Details, die du nicht bemerkst, wenn du das Werk in einer Ausstellung bewunderst.<\/span><\/li>\n<li><span style=\"font-weight: 400\">Du wirst ein besserer Kunstkenner.<\/span><\/li>\n<li><span style=\"font-weight: 400\">Du verbringst viel Zeit mit dir selbst oder mit einem geliebten Menschen.<\/span><\/li>\n<li><span style=\"font-weight: 400\">Du machst dir ein sch\u00f6nes Deko-Objekt, das du zur Schau stellen kannst.<\/span><\/li>\n<\/ul>\n<p><span style=\"font-weight: 400\">Entdecke dieses wunderbare Puzzle f\u00fcr Erwachsene aus der Kunstpuzzle-Kollektion, das dir viele Stunden echten Spa\u00df bereiten wird. Sei der Meister, der das Kunstpuzzle erstellt <\/span><span style=\"font-weight: 400\">und erhalte eine echte k\u00fcnstlerische Kopie des Gem\u00e4ldes Dame mit Hermelin des ber\u00fchmten Malers Leonardo da Vinci <\/span><\/p>\n<p><span style=\"font-weight: 400\">Das 1000-teilige Puzzle Lady with an Hermine ist ein tolles Geschenk f\u00fcr erwachsene 1000-Teile-Puzzle-Liebhaber. Kaufe dieses wunderbare Kunstpuzzle jetzt!<\/span><\/p>\n","protected":false},"excerpt":{"rendered":"<p>Wenn Kunst deine Leidenschaft ist oder du einen Freund \u00fcberraschen willst, der ber\u00fchmte Gem\u00e4lde liebt, bist du hier genau richtig.<\/p>\n","protected":false},"featured_media":63290,"template":"","meta":[],"product_brand":[],"product_cat":[1916,1875,1915],"product_tag":[],"class_list":{"0":"post-42614","1":"product","2":"type-product","3":"status-publish","4":"has-post-thumbnail","6":"product_cat-1000-teile-puzzle","7":"product_cat-puzzle-de","8":"product_cat-puzzlespiele-fur-erwachsene","9":"pa_bax-10-de","10":"pa_brand-d_toys-de","11":"pa_country_of_manufacture-ro-de","12":"pa_filter_age-14-de","13":"pa_painter-leonardo-da-vinci","14":"pa_tip_ambalaj-kasten-a4-de","15":"pa_tip_puzzle-klassisch","17":"first","18":"instock","19":"taxable","20":"shipping-taxable","21":"product-type-simple"},"yoast_head":"<!-- This site is optimized with the Yoast SEO plugin v20.1 - https:\/\/yoast.com\/wordpress\/plugins\/seo\/ -->\n<title>1000 Teile Adult Puzzle Lady with an Ermine - 1000 Teile<\/title>\n<meta name=\"description\" content=\"1000 Teile Adult Puzzle Lady with an Ermine - 1000 Teile\" \/>\n<meta name=\"robots\" content=\"index, follow, max-snippet:-1, max-image-preview:large, max-video-preview:-1\" \/>\n<link rel=\"canonical\" href=\"https:\/\/business.roovi.com\/de\/1000-teile-adult-puzzle-lady-with-an-ermine-1000-teile\/p\/\" \/>\n<meta property=\"og:locale\" content=\"de_DE\" \/>\n<meta property=\"og:type\" content=\"article\" \/>\n<meta property=\"og:title\" content=\"1000 Teile Adult Puzzle Lady with an Ermine - 1000 Teile\" \/>\n<meta property=\"og:description\" content=\"1000 Teile Adult Puzzle Lady with an Ermine - 1000 Teile\" \/>\n<meta property=\"og:url\" content=\"https:\/\/business.roovi.com\/de\/1000-teile-adult-puzzle-lady-with-an-ermine-1000-teile\/p\/\" \/>\n<meta property=\"og:site_name\" content=\"Roovi B2B\" \/>\n<meta property=\"article:publisher\" content=\"https:\/\/www.facebook.com\/wwwjucariero\" \/>\n<meta property=\"article:modified_time\" content=\"2022-07-06T19:54:20+00:00\" \/>\n<meta property=\"og:image\" content=\"https:\/\/business.roovi.com\/wp-content\/uploads\/2018\/04\/72689-02_ansamblu_dimensiuni_cutie_cm.png\" \/>\n\t<meta property=\"og:image:width\" content=\"2000\" \/>\n\t<meta property=\"og:image:height\" content=\"2000\" \/>\n\t<meta property=\"og:image:type\" content=\"image\/png\" \/>\n<meta name=\"twitter:label1\" content=\"Gesch\u00e4tzte Lesezeit\" \/>\n\t<meta name=\"twitter:data1\" content=\"4\u00a0Minuten\" \/>\n<script type=\"application\/ld+json\" class=\"yoast-schema-graph\">{\"@context\":\"https:\/\/schema.org\",\"@graph\":[{\"@type\":\"WebPage\",\"@id\":\"https:\/\/business.roovi.com\/de\/1000-teile-adult-puzzle-lady-with-an-ermine-1000-teile\/p\/\",\"url\":\"https:\/\/business.roovi.com\/de\/1000-teile-adult-puzzle-lady-with-an-ermine-1000-teile\/p\/\",\"name\":\"1000 Teile Adult Puzzle Lady with an Ermine - 1000 Teile\",\"isPartOf\":{\"@id\":\"https:\/\/business.roovi.com\/de\/#website\"},\"datePublished\":\"2018-04-16T10:56:16+00:00\",\"dateModified\":\"2022-07-06T19:54:20+00:00\",\"description\":\"1000 Teile Adult Puzzle Lady with an Ermine - 1000 Teile\",\"breadcrumb\":{\"@id\":\"https:\/\/business.roovi.com\/de\/1000-teile-adult-puzzle-lady-with-an-ermine-1000-teile\/p\/#breadcrumb\"},\"inLanguage\":\"de\",\"potentialAction\":[{\"@type\":\"ReadAction\",\"target\":[\"https:\/\/business.roovi.com\/de\/1000-teile-adult-puzzle-lady-with-an-ermine-1000-teile\/p\/\"]}]},{\"@type\":\"BreadcrumbList\",\"@id\":\"https:\/\/business.roovi.com\/de\/1000-teile-adult-puzzle-lady-with-an-ermine-1000-teile\/p\/#breadcrumb\",\"itemListElement\":[{\"@type\":\"ListItem\",\"position\":1,\"name\":\"Home\",\"item\":\"https:\/\/business.roovi.com\/de\/\"},{\"@type\":\"ListItem\",\"position\":2,\"name\":\"Shop\",\"item\":\"https:\/\/business.roovi.com\/de\/shop\/\"},{\"@type\":\"ListItem\",\"position\":3,\"name\":\"1000 Teile Adult Puzzle Lady with an Ermine &#8211; 1000 Teile\"}]},{\"@type\":\"WebSite\",\"@id\":\"https:\/\/business.roovi.com\/de\/#website\",\"url\":\"https:\/\/business.roovi.com\/de\/\",\"name\":\"Roovi B2B\",\"description\":\"Roovi Business Website\",\"potentialAction\":[{\"@type\":\"SearchAction\",\"target\":{\"@type\":\"EntryPoint\",\"urlTemplate\":\"https:\/\/business.roovi.com\/de\/?s={search_term_string}\"},\"query-input\":\"required name=search_term_string\"}],\"inLanguage\":\"de\"}]}<\/script>\n<!-- \/ Yoast SEO plugin. -->","yoast_head_json":{"title":"1000 Teile Adult Puzzle Lady with an Ermine - 1000 Teile","description":"1000 Teile Adult Puzzle Lady with an Ermine - 1000 Teile","robots":{"index":"index","follow":"follow","max-snippet":"max-snippet:-1","max-image-preview":"max-image-preview:large","max-video-preview":"max-video-preview:-1"},"canonical":"https:\/\/business.roovi.com\/de\/1000-teile-adult-puzzle-lady-with-an-ermine-1000-teile\/p\/","og_locale":"de_DE","og_type":"article","og_title":"1000 Teile Adult Puzzle Lady with an Ermine - 1000 Teile","og_description":"1000 Teile Adult Puzzle Lady with an Ermine - 1000 Teile","og_url":"https:\/\/business.roovi.com\/de\/1000-teile-adult-puzzle-lady-with-an-ermine-1000-teile\/p\/","og_site_name":"Roovi B2B","article_publisher":"https:\/\/www.facebook.com\/wwwjucariero","article_modified_time":"2022-07-06T19:54:20+00:00","og_image":[{"width":2000,"height":2000,"url":"https:\/\/business.roovi.com\/wp-content\/uploads\/2018\/04\/72689-02_ansamblu_dimensiuni_cutie_cm.png","type":"image\/png"}],"twitter_misc":{"Gesch\u00e4tzte Lesezeit":"4\u00a0Minuten"},"schema":{"@context":"https:\/\/schema.org","@graph":[{"@type":"WebPage","@id":"https:\/\/business.roovi.com\/de\/1000-teile-adult-puzzle-lady-with-an-ermine-1000-teile\/p\/","url":"https:\/\/business.roovi.com\/de\/1000-teile-adult-puzzle-lady-with-an-ermine-1000-teile\/p\/","name":"1000 Teile Adult Puzzle Lady with an Ermine - 1000 Teile","isPartOf":{"@id":"https:\/\/business.roovi.com\/de\/#website"},"datePublished":"2018-04-16T10:56:16+00:00","dateModified":"2022-07-06T19:54:20+00:00","description":"1000 Teile Adult Puzzle Lady with an Ermine - 1000 Teile","breadcrumb":{"@id":"https:\/\/business.roovi.com\/de\/1000-teile-adult-puzzle-lady-with-an-ermine-1000-teile\/p\/#breadcrumb"},"inLanguage":"de","potentialAction":[{"@type":"ReadAction","target":["https:\/\/business.roovi.com\/de\/1000-teile-adult-puzzle-lady-with-an-ermine-1000-teile\/p\/"]}]},{"@type":"BreadcrumbList","@id":"https:\/\/business.roovi.com\/de\/1000-teile-adult-puzzle-lady-with-an-ermine-1000-teile\/p\/#breadcrumb","itemListElement":[{"@type":"ListItem","position":1,"name":"Home","item":"https:\/\/business.roovi.com\/de\/"},{"@type":"ListItem","position":2,"name":"Shop","item":"https:\/\/business.roovi.com\/de\/shop\/"},{"@type":"ListItem","position":3,"name":"1000 Teile Adult Puzzle Lady with an Ermine &#8211; 1000 Teile"}]},{"@type":"WebSite","@id":"https:\/\/business.roovi.com\/de\/#website","url":"https:\/\/business.roovi.com\/de\/","name":"Roovi B2B","description":"Roovi Business Website","potentialAction":[{"@type":"SearchAction","target":{"@type":"EntryPoint","urlTemplate":"https:\/\/business.roovi.com\/de\/?s={search_term_string}"},"query-input":"required name=search_term_string"}],"inLanguage":"de"}]}},"_links":{"self":[{"href":"https:\/\/business.roovi.com\/de\/wp-json\/wp\/v2\/product\/42614","targetHints":{"allow":["GET"]}}],"collection":[{"href":"https:\/\/business.roovi.com\/de\/wp-json\/wp\/v2\/product"}],"about":[{"href":"https:\/\/business.roovi.com\/de\/wp-json\/wp\/v2\/types\/product"}],"version-history":[{"count":0,"href":"https:\/\/business.roovi.com\/de\/wp-json\/wp\/v2\/product\/42614\/revisions"}],"wp:featuredmedia":[{"embeddable":true,"href":"https:\/\/business.roovi.com\/de\/wp-json\/wp\/v2\/media\/63290"}],"wp:attachment":[{"href":"https:\/\/business.roovi.com\/de\/wp-json\/wp\/v2\/media?parent=42614"}],"wp:term":[{"taxonomy":"product_brand","embeddable":true,"href":"https:\/\/business.roovi.com\/de\/wp-json\/wp\/v2\/product_brand?post=42614"},{"taxonomy":"product_cat","embeddable":true,"href":"https:\/\/business.roovi.com\/de\/wp-json\/wp\/v2\/product_cat?post=42614"},{"taxonomy":"product_tag","embeddable":true,"href":"https:\/\/business.roovi.com\/de\/wp-json\/wp\/v2\/product_tag?post=42614"}],"curies":[{"name":"wp","href":"https:\/\/api.w.org\/{rel}","templated":true}]}}