{"id":42622,"date":"2018-04-16T10:56:16","date_gmt":"2018-04-16T10:56:16","guid":{"rendered":"https:\/\/business.roovi.com\/puzzle-adulti-1000-piese-egiptul-antic-tutankhamon-si-ankhesenamun\/p\/"},"modified":"2022-07-06T19:54:38","modified_gmt":"2022-07-06T19:54:38","slug":"adult-puzzle-1000-pieces-ancient-egypt-tutankhamun-and-ankhesenamun","status":"publish","type":"product","link":"https:\/\/business.roovi.com\/de\/adult-puzzle-1000-pieces-ancient-egypt-tutankhamun-and-ankhesenamun\/p\/","title":{"rendered":"Adult Puzzle 1000 Pieces &#8211; Ancient Egypt Tutankhamun and Ankhesenamun"},"content":{"rendered":"<p><span style=\"font-size: 14px\"><span style=\"font-weight: 400\">Bist du von alten Zivilisationen fasziniert? Sicherlich ein Bild von einem repr\u00e4sentativen Fragment des wertvollsten \u00e4gyptischen Schatzes <\/span><span style=\"font-weight: 400\">wird dein Interesse wecken. Ordne die Teile des 1000-teiligen Alt\u00e4gypten-Puzzles Erwachsene Tutanchamun und Ankhesenamun an und erhalte ein fabelhaftes Bild, das dich in die faszinierende Welt der \u00e4gyptischen Pharaonen entf\u00fchrt.<\/span><\/span><\/p>\n<p><span style=\"font-size: 14px\"><span style=\"font-weight: 400\">1000 Teile Altes \u00c4gypten Puzzle f\u00fcr Erwachsene &#8211; <\/span><span style=\"font-weight: 400\">Tutanchamun und Ankhesenamun zeigen ein Fragment von der R\u00fcckseite des Goldenen Throns von Tutanchamun, einem kostbaren Schatz, der 1922 von Howard Carter entdeckt wurde <\/span><\/span><\/p>\n<p><span style=\"font-size: 14px\"><span style=\"font-weight: 400\">Der Schatz in der Vorkammer des Pharaonengrabs ist der wertvollste Thron aus dem Alten \u00c4gypten <\/span><span style=\"font-weight: 400\">Die Ikonographie auf der R\u00fcckseite des Throns zeigt den Pharao und seine Frau unter den sch\u00fctzenden Strahlen der Sonne als Symbol f\u00fcr den Gott Aten. Das Bild zeigt die Liebe des Pharaos zu seiner Frau, ihre enge Beziehung und ihre religi\u00f6se \u00dcberzeugung <\/span><\/span><\/p>\n<p><span style=\"font-weight: 400;font-size: 14px\">Von diesem erstaunlichen 1000-Teile-Puzzle bekommst du ein funkelndes Bild, das deine Augen erfreut und dich in die ferne Zeit des alten \u00c4gyptens zur\u00fcckversetzt. Du kannst einen normalen Couchtisch verwenden, um die St\u00fccke zu st\u00fctzen.<\/span><\/p>\n<p><span style=\"font-size: 14px\"><strong>Warum das 1000-Teile-Puzzle w\u00e4hlen <\/strong><strong>Altes \u00c4gypten St\u00fccke &#8211; <\/strong><strong>Tutanchamun und Ankhesenamun?<\/strong><\/span><\/p>\n<p><span style=\"font-weight: 400;font-size: 14px\">Du bekommst ein 50 x 70 cm gro\u00dfes Bild, das im Rahmen toll aussehen und dein Zuhause versch\u00f6nern wird.<\/span><\/p>\n<p><span style=\"font-weight: 400;font-size: 14px\">Er ist aus hochwertigem, 2 mm dickem, blauem Karton gefertigt, was ihm eine lange Lebensdauer verleiht <\/span><\/p>\n<p><span style=\"font-weight: 400;font-size: 14px\">Es hat eine halbgl\u00e4nzende Oberfl\u00e4che und leuchtende Farben, und das zusammengesetzte Bild ist ein echtes Bild.<\/span><\/p>\n<p><span style=\"font-weight: 400;font-size: 14px\">Die Puzzlest\u00fccke passen dank des Pr\u00e4zisionsschnitts perfekt zusammen.<\/span><\/p>\n<p><span style=\"font-weight: 400;font-size: 14px\">Es ist aus nachhaltigen, recycelbaren Materialien hergestellt. So sch\u00fctzen wir die Natur und k\u00fcmmern uns um die Umwelt.<\/span><\/p>\n<p><span style=\"font-weight: 400;font-size: 14px\">Es ist f\u00fcr alle ab 14 Jahren geeignet und du kannst deine Kinder im Teenageralter in diese entspannende Aktivit\u00e4t einbeziehen.<\/span><\/p>\n<p><strong><span style=\"font-size: 14px\">Puzzlespiele haben erstaunliche Vorteile, die du jeden Tag genie\u00dfen kannst:<\/span><\/strong><\/p>\n<ul>\n<li><span style=\"font-weight: 400;font-size: 14px\">Sie helfen dir, dich zu entspannen und von den Alltagssorgen zu erholen.<\/span><\/li>\n<li><span style=\"font-weight: 400;font-size: 14px\">Sie sind eine Gelegenheit, sich mit der Familie oder Freunden zu treffen<\/span><\/li>\n<li><span style=\"font-weight: 400;font-size: 14px\">Steigere deine Aufmerksamkeit f\u00fcr Details und deine Konzentrationsf\u00e4higkeit<\/span><\/li>\n<li><span style=\"font-weight: 400;font-size: 14px\">Sie trainieren dich, bei allem, was du tust, beharrlich zu sein.<\/span><\/li>\n<li><span style=\"font-weight: 400;font-size: 14px\">Sie geben dir ein Gef\u00fchl von Wohlbefinden und Optimismus.<\/span><\/li>\n<\/ul>\n<p><span style=\"font-size: 14px\"><strong>Wusstest du von Tutenchamuns Schatz?<\/strong><\/span><\/p>\n<p><span style=\"font-weight: 400;font-size: 14px\">Er ist voll mit&#8230; Gold und enth\u00e4lt St\u00fccke mit einem Gewicht von rund 110 kg massivem Gold.<\/span><\/p>\n<p><span style=\"font-weight: 400;font-size: 14px\">Das Herzst\u00fcck des Schatzes ist eine Grabmaske aus massivem Gold mit einem Gewicht von 10 kg.<\/span><\/p>\n<p><span style=\"font-size: 14px\"><span style=\"font-weight: 400\">Manche glauben an<\/span><em><span style=\"font-weight: 400\"> Der Fluch des Pharao <\/span><\/em><span style=\"font-weight: 400\">angeheizt durch den mysteri\u00f6sen Tod von Lord Carnarvon, der die Arbeiten zur Entdeckung des Schatzes finanzierte, und Howard Carter, der das Pharaonengrab ausgrub.<\/span><\/span><\/p>\n<p><span style=\"font-size: 14px\"><span style=\"font-weight: 400\">Tutanchamun<\/span> <span style=\"font-weight: 400\">wurde mit nur 9 Jahren Pharao und starb mit 19 Jahren.<\/span><\/span><\/p>\n<p><span style=\"font-size: 14px\"><span style=\"font-weight: 400\">Er war mit seiner Halbschwester verheiratet, <\/span><span style=\"font-weight: 400\">Ankhesenamun.<\/span><\/span><\/p>\n<p><span style=\"font-size: 14px\"><strong>R\u00e4tselspiele wecken deinen Wissensdurst<\/strong><\/span><\/p>\n<p><span style=\"font-weight: 400;font-size: 14px\">Das Zusammensetzen eines 1000-teiligen Puzzles \u00fcber das alte \u00c4gypten ist nicht nur eine Herausforderung f\u00fcr dein Montagegeschick, sondern auch f\u00fcr deinen wissenshungrigen Geist. Wenn sich vor dir eine glitzernde Szene entfaltet, die ein Bild der wertvollsten Sch\u00e4tze des alten \u00c4gyptens zeigt, m\u00f6chtest du so viel wie m\u00f6glich von den Geheimnissen dieser alten Zivilisation entdecken.<\/span><\/p>\n<p><span style=\"font-weight: 400;font-size: 14px\">Puzzlespiele entwickeln auch viele F\u00e4higkeiten, wie zum Beispiel:<\/span><\/p>\n<ul>\n<li><span style=\"font-weight: 400;font-size: 14px\">Probleml\u00f6sungskompetenz<\/span><\/li>\n<li><span style=\"font-weight: 400;font-size: 14px\">Speicher<\/span><\/li>\n<li><span style=\"font-weight: 400;font-size: 14px\">Logisches Denken<\/span><\/li>\n<li><span style=\"font-weight: 400;font-size: 14px\">Vorstellungskraft.<\/span><\/li>\n<\/ul>\n<p><span style=\"font-size: 14px\"><span style=\"font-weight: 400\">W\u00e4hle 1000 Teile Puzzle Altes \u00c4gypten &#8211; <\/span><span style=\"font-weight: 400\">Tutanchamun und Ankhesenamun f\u00fcr die tr\u00fcben Momente, wenn dich das schlechte Wetter im Haus h\u00e4lt. Kombiniere die Teile des 1000-teiligen Puzzles und erhalte ein faszinierendes Bild, das du in deinen Rahmen stellen kannst.<\/span><\/span><\/p>\n<p><span style=\"font-size: 14px\"><span style=\"font-weight: 400\">Du suchst das perfekte Geschenk? 1000 Teile Puzzle <\/span><span style=\"font-weight: 400\">Altes \u00c4gypten &#8211; <\/span><span style=\"font-weight: 400\">Tutanchamun und Ankhesenamun aus der Puzzle-Kollektion f\u00fcr Erwachsene ist die ideale Wahl.<\/span><\/span><\/p><\/p>\n","protected":false},"excerpt":{"rendered":"<p>Bist du von alten Zivilisationen fasziniert? Sicherlich ein Bild von einem repr\u00e4sentativen Fragment des wertvollsten \u00e4gyptischen Schatzes wird dein Interesse<\/p>\n","protected":false},"featured_media":33152,"template":"","meta":[],"product_brand":[],"product_cat":[1916,1875,1915],"product_tag":[],"class_list":{"0":"post-42622","1":"product","2":"type-product","3":"status-publish","4":"has-post-thumbnail","6":"product_cat-1000-teile-puzzle","7":"product_cat-puzzle-de","8":"product_cat-puzzlespiele-fur-erwachsene","9":"pa_bax-10-de","10":"pa_brand-d_toys-de","11":"pa_country_of_manufacture-ro-de","12":"pa_filter_age-14-de","13":"pa_painter-altes-agypten","14":"pa_tip_ambalaj-kasten-a4-de","15":"pa_tip_puzzle-klassisch","17":"first","18":"instock","19":"taxable","20":"shipping-taxable","21":"product-type-simple"},"yoast_head":"<!-- This site is optimized with the Yoast SEO plugin v20.1 - https:\/\/yoast.com\/wordpress\/plugins\/seo\/ -->\n<title>Adult Puzzle 1000 Pieces - Ancient Egypt Tutankhamun and Ankhesenamun<\/title>\n<meta name=\"description\" content=\"Adult Puzzle 1000 Pieces - Ancient Egypt Tutankhamun and Ankhesenamun\" \/>\n<meta name=\"robots\" content=\"index, follow, max-snippet:-1, max-image-preview:large, max-video-preview:-1\" \/>\n<link rel=\"canonical\" href=\"https:\/\/business.roovi.com\/de\/adult-puzzle-1000-pieces-ancient-egypt-tutankhamun-and-ankhesenamun\/p\/\" \/>\n<meta property=\"og:locale\" content=\"de_DE\" \/>\n<meta property=\"og:type\" content=\"article\" \/>\n<meta property=\"og:title\" content=\"Adult Puzzle 1000 Pieces - Ancient Egypt Tutankhamun and Ankhesenamun\" \/>\n<meta property=\"og:description\" content=\"Adult Puzzle 1000 Pieces - Ancient Egypt Tutankhamun and Ankhesenamun\" \/>\n<meta property=\"og:url\" content=\"https:\/\/business.roovi.com\/de\/adult-puzzle-1000-pieces-ancient-egypt-tutankhamun-and-ankhesenamun\/p\/\" \/>\n<meta property=\"og:site_name\" content=\"Roovi B2B\" \/>\n<meta property=\"article:publisher\" content=\"https:\/\/www.facebook.com\/wwwjucariero\" \/>\n<meta property=\"article:modified_time\" content=\"2022-07-06T19:54:38+00:00\" \/>\n<meta property=\"og:image\" content=\"https:\/\/business.roovi.com\/wp-content\/uploads\/2018\/04\/65971_01.jpg\" \/>\n\t<meta property=\"og:image:width\" content=\"1200\" \/>\n\t<meta property=\"og:image:height\" content=\"1200\" \/>\n\t<meta property=\"og:image:type\" content=\"image\/jpeg\" \/>\n<meta name=\"twitter:label1\" content=\"Gesch\u00e4tzte Lesezeit\" \/>\n\t<meta name=\"twitter:data1\" content=\"3\u00a0Minuten\" \/>\n<script type=\"application\/ld+json\" class=\"yoast-schema-graph\">{\"@context\":\"https:\/\/schema.org\",\"@graph\":[{\"@type\":\"WebPage\",\"@id\":\"https:\/\/business.roovi.com\/de\/adult-puzzle-1000-pieces-ancient-egypt-tutankhamun-and-ankhesenamun\/p\/\",\"url\":\"https:\/\/business.roovi.com\/de\/adult-puzzle-1000-pieces-ancient-egypt-tutankhamun-and-ankhesenamun\/p\/\",\"name\":\"Adult Puzzle 1000 Pieces - Ancient Egypt Tutankhamun and Ankhesenamun\",\"isPartOf\":{\"@id\":\"https:\/\/business.roovi.com\/de\/#website\"},\"datePublished\":\"2018-04-16T10:56:16+00:00\",\"dateModified\":\"2022-07-06T19:54:38+00:00\",\"description\":\"Adult Puzzle 1000 Pieces - Ancient Egypt Tutankhamun and Ankhesenamun\",\"breadcrumb\":{\"@id\":\"https:\/\/business.roovi.com\/de\/adult-puzzle-1000-pieces-ancient-egypt-tutankhamun-and-ankhesenamun\/p\/#breadcrumb\"},\"inLanguage\":\"de\",\"potentialAction\":[{\"@type\":\"ReadAction\",\"target\":[\"https:\/\/business.roovi.com\/de\/adult-puzzle-1000-pieces-ancient-egypt-tutankhamun-and-ankhesenamun\/p\/\"]}]},{\"@type\":\"BreadcrumbList\",\"@id\":\"https:\/\/business.roovi.com\/de\/adult-puzzle-1000-pieces-ancient-egypt-tutankhamun-and-ankhesenamun\/p\/#breadcrumb\",\"itemListElement\":[{\"@type\":\"ListItem\",\"position\":1,\"name\":\"Home\",\"item\":\"https:\/\/business.roovi.com\/de\/\"},{\"@type\":\"ListItem\",\"position\":2,\"name\":\"Shop\",\"item\":\"https:\/\/business.roovi.com\/de\/shop\/\"},{\"@type\":\"ListItem\",\"position\":3,\"name\":\"Adult Puzzle 1000 Pieces &#8211; Ancient Egypt Tutankhamun and Ankhesenamun\"}]},{\"@type\":\"WebSite\",\"@id\":\"https:\/\/business.roovi.com\/de\/#website\",\"url\":\"https:\/\/business.roovi.com\/de\/\",\"name\":\"Roovi B2B\",\"description\":\"Roovi Business Website\",\"potentialAction\":[{\"@type\":\"SearchAction\",\"target\":{\"@type\":\"EntryPoint\",\"urlTemplate\":\"https:\/\/business.roovi.com\/de\/?s={search_term_string}\"},\"query-input\":\"required name=search_term_string\"}],\"inLanguage\":\"de\"}]}<\/script>\n<!-- \/ Yoast SEO plugin. -->","yoast_head_json":{"title":"Adult Puzzle 1000 Pieces - Ancient Egypt Tutankhamun and Ankhesenamun","description":"Adult Puzzle 1000 Pieces - Ancient Egypt Tutankhamun and Ankhesenamun","robots":{"index":"index","follow":"follow","max-snippet":"max-snippet:-1","max-image-preview":"max-image-preview:large","max-video-preview":"max-video-preview:-1"},"canonical":"https:\/\/business.roovi.com\/de\/adult-puzzle-1000-pieces-ancient-egypt-tutankhamun-and-ankhesenamun\/p\/","og_locale":"de_DE","og_type":"article","og_title":"Adult Puzzle 1000 Pieces - Ancient Egypt Tutankhamun and Ankhesenamun","og_description":"Adult Puzzle 1000 Pieces - Ancient Egypt Tutankhamun and Ankhesenamun","og_url":"https:\/\/business.roovi.com\/de\/adult-puzzle-1000-pieces-ancient-egypt-tutankhamun-and-ankhesenamun\/p\/","og_site_name":"Roovi B2B","article_publisher":"https:\/\/www.facebook.com\/wwwjucariero","article_modified_time":"2022-07-06T19:54:38+00:00","og_image":[{"width":1200,"height":1200,"url":"https:\/\/business.roovi.com\/wp-content\/uploads\/2018\/04\/65971_01.jpg","type":"image\/jpeg"}],"twitter_misc":{"Gesch\u00e4tzte Lesezeit":"3\u00a0Minuten"},"schema":{"@context":"https:\/\/schema.org","@graph":[{"@type":"WebPage","@id":"https:\/\/business.roovi.com\/de\/adult-puzzle-1000-pieces-ancient-egypt-tutankhamun-and-ankhesenamun\/p\/","url":"https:\/\/business.roovi.com\/de\/adult-puzzle-1000-pieces-ancient-egypt-tutankhamun-and-ankhesenamun\/p\/","name":"Adult Puzzle 1000 Pieces - Ancient Egypt Tutankhamun and Ankhesenamun","isPartOf":{"@id":"https:\/\/business.roovi.com\/de\/#website"},"datePublished":"2018-04-16T10:56:16+00:00","dateModified":"2022-07-06T19:54:38+00:00","description":"Adult Puzzle 1000 Pieces - Ancient Egypt Tutankhamun and Ankhesenamun","breadcrumb":{"@id":"https:\/\/business.roovi.com\/de\/adult-puzzle-1000-pieces-ancient-egypt-tutankhamun-and-ankhesenamun\/p\/#breadcrumb"},"inLanguage":"de","potentialAction":[{"@type":"ReadAction","target":["https:\/\/business.roovi.com\/de\/adult-puzzle-1000-pieces-ancient-egypt-tutankhamun-and-ankhesenamun\/p\/"]}]},{"@type":"BreadcrumbList","@id":"https:\/\/business.roovi.com\/de\/adult-puzzle-1000-pieces-ancient-egypt-tutankhamun-and-ankhesenamun\/p\/#breadcrumb","itemListElement":[{"@type":"ListItem","position":1,"name":"Home","item":"https:\/\/business.roovi.com\/de\/"},{"@type":"ListItem","position":2,"name":"Shop","item":"https:\/\/business.roovi.com\/de\/shop\/"},{"@type":"ListItem","position":3,"name":"Adult Puzzle 1000 Pieces &#8211; Ancient Egypt Tutankhamun and Ankhesenamun"}]},{"@type":"WebSite","@id":"https:\/\/business.roovi.com\/de\/#website","url":"https:\/\/business.roovi.com\/de\/","name":"Roovi B2B","description":"Roovi Business Website","potentialAction":[{"@type":"SearchAction","target":{"@type":"EntryPoint","urlTemplate":"https:\/\/business.roovi.com\/de\/?s={search_term_string}"},"query-input":"required name=search_term_string"}],"inLanguage":"de"}]}},"_links":{"self":[{"href":"https:\/\/business.roovi.com\/de\/wp-json\/wp\/v2\/product\/42622","targetHints":{"allow":["GET"]}}],"collection":[{"href":"https:\/\/business.roovi.com\/de\/wp-json\/wp\/v2\/product"}],"about":[{"href":"https:\/\/business.roovi.com\/de\/wp-json\/wp\/v2\/types\/product"}],"version-history":[{"count":0,"href":"https:\/\/business.roovi.com\/de\/wp-json\/wp\/v2\/product\/42622\/revisions"}],"wp:featuredmedia":[{"embeddable":true,"href":"https:\/\/business.roovi.com\/de\/wp-json\/wp\/v2\/media\/33152"}],"wp:attachment":[{"href":"https:\/\/business.roovi.com\/de\/wp-json\/wp\/v2\/media?parent=42622"}],"wp:term":[{"taxonomy":"product_brand","embeddable":true,"href":"https:\/\/business.roovi.com\/de\/wp-json\/wp\/v2\/product_brand?post=42622"},{"taxonomy":"product_cat","embeddable":true,"href":"https:\/\/business.roovi.com\/de\/wp-json\/wp\/v2\/product_cat?post=42622"},{"taxonomy":"product_tag","embeddable":true,"href":"https:\/\/business.roovi.com\/de\/wp-json\/wp\/v2\/product_tag?post=42622"}],"curies":[{"name":"wp","href":"https:\/\/api.w.org\/{rel}","templated":true}]}}