{"id":42630,"date":"2018-04-16T10:56:16","date_gmt":"2018-04-16T10:56:16","guid":{"rendered":"https:\/\/business.roovi.com\/puzzle-adulti-1000-piese-locuri-celebre-bruxelles\/p\/"},"modified":"2022-07-06T19:54:53","modified_gmt":"2022-07-06T19:54:53","slug":"1000-teile-puzzle-fur-erwachsene-beruhmte-orte-brussel","status":"publish","type":"product","link":"https:\/\/business.roovi.com\/de\/1000-teile-puzzle-fur-erwachsene-beruhmte-orte-brussel\/p\/","title":{"rendered":"1000 Teile Puzzle f\u00fcr Erwachsene Ber\u00fchmte Orte &#8211; Br\u00fcssel"},"content":{"rendered":"<p><strong><em>Du suchst nach einer lustigen Wochenendaktivit\u00e4t? Entdecke die 1000-teilige Puzzle-Kollektion f\u00fcr Erwachsene &#8211; Ber\u00fchmte Orte und mache deine Freizeit zum Vergn\u00fcgen, indem du Traumbilder aus aller Welt vervollst\u00e4ndigst.<\/em><\/strong><\/p>\n<p><span style=\"font-weight: 400\">Br\u00fcssel ist eine Stadt mit einer reichen Geschichte, gro\u00dfartiger Architektur und ein repr\u00e4sentatives europ\u00e4isches multikulturelles Zentrum auf der Weltkarte. Im Laufe der Geschichte war sie die Residenz vieler gekr\u00f6nter H\u00e4upter und ein wichtiges Handelszentrum.<\/span><\/p>\n<p><span style=\"font-weight: 400\">Br\u00fcssel ist eine kosmopolitische Stadt mit einem Ausl\u00e4nderanteil von 27% und gilt als Hauptstadt der Europ\u00e4ischen Union, in der die wichtigsten Institutionen wie das Europ\u00e4ische Parlament und der Rat der Europ\u00e4ischen Union ihren Sitz haben.<\/span><\/p>\n<p><span style=\"font-weight: 400\">Mit dem 1000-Teile-Br\u00fcssel-Puzzle kannst du ein Bild des alten Stadtzentrums nachbauen, ein faszinierender Ort, von dem aus du die imposanten Geb\u00e4ude der Gegend bewundern kannst. Wenn du gerne den \u00fcbersch\u00e4umenden Geist europ\u00e4ischer St\u00e4dte entdeckst, wird dieses Bild deine Aufmerksamkeit erregen <\/span><\/p>\n<p><strong>Warum solltest du dich f\u00fcr ein 1000-Teile-Puzzle aus der Kollektion &#8222;Ber\u00fchmte Orte&#8220; entscheiden?<\/strong><\/p>\n<p><span style=\"font-weight: 400\">Ein Puzzle mit einem Bild einer Touristenattraktion ist eine Gelegenheit, sich zu entspannen und vom Alltag abzuschalten.<\/span><\/p>\n<p><span style=\"font-weight: 400\">Du bekommst ein 68 x 47 cm gro\u00dfes Bild, das jeder tristen Stelle in deinem Zuhause Pers\u00f6nlichkeit verleiht.<\/span><\/p>\n<p><span style=\"font-weight: 400\">Er ist aus hochwertigem Karton gefertigt, der die St\u00fccke auch nach mehrmaligem Gebrauch haltbar macht.<\/span><\/p>\n<p><span style=\"font-weight: 400\">Jedes Puzzle f\u00fcr Erwachsene ist umweltfreundlich und wird aus nachhaltigen und recycelbaren Materialien hergestellt.<\/span><\/p>\n<p><span style=\"font-weight: 400\">Es hat eine halbgl\u00e4nzende Oberfl\u00e4che und angenehme Farben, die die Sch\u00f6nheit des Bildes hervorheben.<\/span><\/p>\n<p><span style=\"font-weight: 400\">Es ist f\u00fcr Menschen ab 14 Jahren geeignet, ein guter Grund, um mit Teenagern Zeit zu verbringen.<\/span><\/p>\n<p><span style=\"font-weight: 400\">Das Puzzlespiel ist ein gro\u00dfartiges Gehirntraining, es fordert beide Gehirnh\u00e4lften heraus und hilft, das Ged\u00e4chtnis zu verbessern.<\/span><\/p>\n<p><span style=\"font-weight: 400\">Erh\u00e4lt die Koordination, die Beweglichkeit und die Geschicklichkeit aufrecht <\/span><\/p>\n<p><strong>Wusstest du, dass&#8230;?<\/strong><\/p>\n<p><span style=\"font-weight: 400\">In Br\u00fcssel gibt es rund 80 Museen <\/span><\/p>\n<p><span style=\"font-weight: 400\">Der Justizpalast in Br\u00fcssel ist mit einer Fl\u00e4che von 26.000 Quadratmetern das gr\u00f6\u00dfte Geb\u00e4ude seiner Art auf der Welt.<\/span><\/p>\n<p><span style=\"font-weight: 400\">Schokoladenpralinen wurden 1912 von dem Belgier Jean Neuhaus II. in Br\u00fcssel erfunden.<\/span><\/p>\n<p><span style=\"font-weight: 400\">Die gr\u00f6\u00dfte Menge an Schokolade der Welt wird am internationalen Flughafen Br\u00fcssel verkauft.<\/span><\/p>\n<p><span style=\"font-weight: 400\">Es gibt noch 2 andere St\u00e4dte auf der Welt, die Br\u00fcssel hei\u00dfen, eine in den USA und eine in Kanada.<\/span><\/p>\n<p><strong>1000 Teile Puzzles bringen Familie und Freunde zusammen <\/strong><\/p>\n<p><span style=\"font-weight: 400\">Ein 1000-teiliges Puzzle mit dem Bild eines ber\u00fchmten Ortes auf der Welt ist ein toller Spa\u00df f\u00fcr die ganze Familie oder eine Gruppe von Freunden <\/span><\/p>\n<p><span style=\"font-weight: 400\">Deine Kinder werden begeistert sein, wenn sie gemeinsam die 1000 Teile des Puzzles zusammensetzen. Auf diese Weise st\u00e4rkt ihr eure Familienbeziehungen und helft euren Teenagern, Selbstvertrauen zu gewinnen.<\/span><\/p>\n<p><span style=\"font-weight: 400\">Entdecke das 1000-teilige Br\u00fcssel-Puzzle aus der Famous Places-Puzzle-Kollektion und verbinde dich mit dem kosmopolitischen Geist der europ\u00e4ischen Stadt. W\u00e4hle dieses wundersch\u00f6n detaillierte Puzzlespiel zum Nacharbeiten, wann immer du das Bed\u00fcrfnis nach einer kreativen Herausforderung versp\u00fcrst <\/span><\/p><\/p>\n","protected":false},"excerpt":{"rendered":"<p>Du suchst nach einer lustigen Wochenendaktivit\u00e4t? Entdecke die 1000-teilige Puzzle-Kollektion f\u00fcr Erwachsene &#8211; Ber\u00fchmte Orte und mache deine Freizeit zum<\/p>\n","protected":false},"featured_media":33158,"template":"","meta":[],"product_brand":[],"product_cat":[1916,1875,1915],"product_tag":[],"class_list":{"0":"post-42630","1":"product","2":"type-product","3":"status-publish","4":"has-post-thumbnail","6":"product_cat-1000-teile-puzzle","7":"product_cat-puzzle-de","8":"product_cat-puzzlespiele-fur-erwachsene","9":"pa_bax-10-de","10":"pa_brand-d_toys-de","11":"pa_country_of_manufacture-ro-de","12":"pa_filter_age-14-de","13":"pa_painter-beruhmte-orte","14":"pa_tip_ambalaj-kasten-a4-de","15":"pa_tip_puzzle-klassisch","17":"first","18":"instock","19":"taxable","20":"shipping-taxable","21":"product-type-simple"},"yoast_head":"<!-- This site is optimized with the Yoast SEO plugin v20.1 - https:\/\/yoast.com\/wordpress\/plugins\/seo\/ -->\n<title>1000 Teile Puzzle f\u00fcr Erwachsene Ber\u00fchmte Orte - Br\u00fcssel<\/title>\n<meta name=\"description\" content=\"1000 Teile Puzzle f\u00fcr Erwachsene Ber\u00fchmte Orte - Br\u00fcssel\" \/>\n<meta name=\"robots\" content=\"index, follow, max-snippet:-1, max-image-preview:large, max-video-preview:-1\" \/>\n<link rel=\"canonical\" href=\"https:\/\/business.roovi.com\/de\/1000-teile-puzzle-fur-erwachsene-beruhmte-orte-brussel\/p\/\" \/>\n<meta property=\"og:locale\" content=\"de_DE\" \/>\n<meta property=\"og:type\" content=\"article\" \/>\n<meta property=\"og:title\" content=\"1000 Teile Puzzle f\u00fcr Erwachsene Ber\u00fchmte Orte - Br\u00fcssel\" \/>\n<meta property=\"og:description\" content=\"1000 Teile Puzzle f\u00fcr Erwachsene Ber\u00fchmte Orte - Br\u00fcssel\" \/>\n<meta property=\"og:url\" content=\"https:\/\/business.roovi.com\/de\/1000-teile-puzzle-fur-erwachsene-beruhmte-orte-brussel\/p\/\" \/>\n<meta property=\"og:site_name\" content=\"Roovi B2B\" \/>\n<meta property=\"article:publisher\" content=\"https:\/\/www.facebook.com\/wwwjucariero\" \/>\n<meta property=\"article:modified_time\" content=\"2022-07-06T19:54:53+00:00\" \/>\n<meta property=\"og:image\" content=\"https:\/\/business.roovi.com\/wp-content\/uploads\/2018\/04\/64288-01_ansamblu_dimensiuni_cutie_cm_orizontal.png\" \/>\n\t<meta property=\"og:image:width\" content=\"2000\" \/>\n\t<meta property=\"og:image:height\" content=\"2000\" \/>\n\t<meta property=\"og:image:type\" content=\"image\/png\" \/>\n<meta name=\"twitter:label1\" content=\"Gesch\u00e4tzte Lesezeit\" \/>\n\t<meta name=\"twitter:data1\" content=\"2\u00a0Minuten\" \/>\n<script type=\"application\/ld+json\" class=\"yoast-schema-graph\">{\"@context\":\"https:\/\/schema.org\",\"@graph\":[{\"@type\":\"WebPage\",\"@id\":\"https:\/\/business.roovi.com\/de\/1000-teile-puzzle-fur-erwachsene-beruhmte-orte-brussel\/p\/\",\"url\":\"https:\/\/business.roovi.com\/de\/1000-teile-puzzle-fur-erwachsene-beruhmte-orte-brussel\/p\/\",\"name\":\"1000 Teile Puzzle f\u00fcr Erwachsene Ber\u00fchmte Orte - Br\u00fcssel\",\"isPartOf\":{\"@id\":\"https:\/\/business.roovi.com\/de\/#website\"},\"datePublished\":\"2018-04-16T10:56:16+00:00\",\"dateModified\":\"2022-07-06T19:54:53+00:00\",\"description\":\"1000 Teile Puzzle f\u00fcr Erwachsene Ber\u00fchmte Orte - Br\u00fcssel\",\"breadcrumb\":{\"@id\":\"https:\/\/business.roovi.com\/de\/1000-teile-puzzle-fur-erwachsene-beruhmte-orte-brussel\/p\/#breadcrumb\"},\"inLanguage\":\"de\",\"potentialAction\":[{\"@type\":\"ReadAction\",\"target\":[\"https:\/\/business.roovi.com\/de\/1000-teile-puzzle-fur-erwachsene-beruhmte-orte-brussel\/p\/\"]}]},{\"@type\":\"BreadcrumbList\",\"@id\":\"https:\/\/business.roovi.com\/de\/1000-teile-puzzle-fur-erwachsene-beruhmte-orte-brussel\/p\/#breadcrumb\",\"itemListElement\":[{\"@type\":\"ListItem\",\"position\":1,\"name\":\"Home\",\"item\":\"https:\/\/business.roovi.com\/de\/\"},{\"@type\":\"ListItem\",\"position\":2,\"name\":\"Shop\",\"item\":\"https:\/\/business.roovi.com\/de\/shop\/\"},{\"@type\":\"ListItem\",\"position\":3,\"name\":\"1000 Teile Puzzle f\u00fcr Erwachsene Ber\u00fchmte Orte &#8211; Br\u00fcssel\"}]},{\"@type\":\"WebSite\",\"@id\":\"https:\/\/business.roovi.com\/de\/#website\",\"url\":\"https:\/\/business.roovi.com\/de\/\",\"name\":\"Roovi B2B\",\"description\":\"Roovi Business Website\",\"potentialAction\":[{\"@type\":\"SearchAction\",\"target\":{\"@type\":\"EntryPoint\",\"urlTemplate\":\"https:\/\/business.roovi.com\/de\/?s={search_term_string}\"},\"query-input\":\"required name=search_term_string\"}],\"inLanguage\":\"de\"}]}<\/script>\n<!-- \/ Yoast SEO plugin. -->","yoast_head_json":{"title":"1000 Teile Puzzle f\u00fcr Erwachsene Ber\u00fchmte Orte - Br\u00fcssel","description":"1000 Teile Puzzle f\u00fcr Erwachsene Ber\u00fchmte Orte - Br\u00fcssel","robots":{"index":"index","follow":"follow","max-snippet":"max-snippet:-1","max-image-preview":"max-image-preview:large","max-video-preview":"max-video-preview:-1"},"canonical":"https:\/\/business.roovi.com\/de\/1000-teile-puzzle-fur-erwachsene-beruhmte-orte-brussel\/p\/","og_locale":"de_DE","og_type":"article","og_title":"1000 Teile Puzzle f\u00fcr Erwachsene Ber\u00fchmte Orte - Br\u00fcssel","og_description":"1000 Teile Puzzle f\u00fcr Erwachsene Ber\u00fchmte Orte - Br\u00fcssel","og_url":"https:\/\/business.roovi.com\/de\/1000-teile-puzzle-fur-erwachsene-beruhmte-orte-brussel\/p\/","og_site_name":"Roovi B2B","article_publisher":"https:\/\/www.facebook.com\/wwwjucariero","article_modified_time":"2022-07-06T19:54:53+00:00","og_image":[{"width":2000,"height":2000,"url":"https:\/\/business.roovi.com\/wp-content\/uploads\/2018\/04\/64288-01_ansamblu_dimensiuni_cutie_cm_orizontal.png","type":"image\/png"}],"twitter_misc":{"Gesch\u00e4tzte Lesezeit":"2\u00a0Minuten"},"schema":{"@context":"https:\/\/schema.org","@graph":[{"@type":"WebPage","@id":"https:\/\/business.roovi.com\/de\/1000-teile-puzzle-fur-erwachsene-beruhmte-orte-brussel\/p\/","url":"https:\/\/business.roovi.com\/de\/1000-teile-puzzle-fur-erwachsene-beruhmte-orte-brussel\/p\/","name":"1000 Teile Puzzle f\u00fcr Erwachsene Ber\u00fchmte Orte - Br\u00fcssel","isPartOf":{"@id":"https:\/\/business.roovi.com\/de\/#website"},"datePublished":"2018-04-16T10:56:16+00:00","dateModified":"2022-07-06T19:54:53+00:00","description":"1000 Teile Puzzle f\u00fcr Erwachsene Ber\u00fchmte Orte - Br\u00fcssel","breadcrumb":{"@id":"https:\/\/business.roovi.com\/de\/1000-teile-puzzle-fur-erwachsene-beruhmte-orte-brussel\/p\/#breadcrumb"},"inLanguage":"de","potentialAction":[{"@type":"ReadAction","target":["https:\/\/business.roovi.com\/de\/1000-teile-puzzle-fur-erwachsene-beruhmte-orte-brussel\/p\/"]}]},{"@type":"BreadcrumbList","@id":"https:\/\/business.roovi.com\/de\/1000-teile-puzzle-fur-erwachsene-beruhmte-orte-brussel\/p\/#breadcrumb","itemListElement":[{"@type":"ListItem","position":1,"name":"Home","item":"https:\/\/business.roovi.com\/de\/"},{"@type":"ListItem","position":2,"name":"Shop","item":"https:\/\/business.roovi.com\/de\/shop\/"},{"@type":"ListItem","position":3,"name":"1000 Teile Puzzle f\u00fcr Erwachsene Ber\u00fchmte Orte &#8211; Br\u00fcssel"}]},{"@type":"WebSite","@id":"https:\/\/business.roovi.com\/de\/#website","url":"https:\/\/business.roovi.com\/de\/","name":"Roovi B2B","description":"Roovi Business Website","potentialAction":[{"@type":"SearchAction","target":{"@type":"EntryPoint","urlTemplate":"https:\/\/business.roovi.com\/de\/?s={search_term_string}"},"query-input":"required name=search_term_string"}],"inLanguage":"de"}]}},"_links":{"self":[{"href":"https:\/\/business.roovi.com\/de\/wp-json\/wp\/v2\/product\/42630","targetHints":{"allow":["GET"]}}],"collection":[{"href":"https:\/\/business.roovi.com\/de\/wp-json\/wp\/v2\/product"}],"about":[{"href":"https:\/\/business.roovi.com\/de\/wp-json\/wp\/v2\/types\/product"}],"version-history":[{"count":0,"href":"https:\/\/business.roovi.com\/de\/wp-json\/wp\/v2\/product\/42630\/revisions"}],"wp:featuredmedia":[{"embeddable":true,"href":"https:\/\/business.roovi.com\/de\/wp-json\/wp\/v2\/media\/33158"}],"wp:attachment":[{"href":"https:\/\/business.roovi.com\/de\/wp-json\/wp\/v2\/media?parent=42630"}],"wp:term":[{"taxonomy":"product_brand","embeddable":true,"href":"https:\/\/business.roovi.com\/de\/wp-json\/wp\/v2\/product_brand?post=42630"},{"taxonomy":"product_cat","embeddable":true,"href":"https:\/\/business.roovi.com\/de\/wp-json\/wp\/v2\/product_cat?post=42630"},{"taxonomy":"product_tag","embeddable":true,"href":"https:\/\/business.roovi.com\/de\/wp-json\/wp\/v2\/product_tag?post=42630"}],"curies":[{"name":"wp","href":"https:\/\/api.w.org\/{rel}","templated":true}]}}