{"id":42634,"date":"2018-04-16T10:56:16","date_gmt":"2018-04-16T10:56:16","guid":{"rendered":"https:\/\/business.roovi.com\/puzzle-adulti-1000-piese-peisaje-de-noapte-piccadilly-circus-london\/p\/"},"modified":"2023-02-27T12:28:10","modified_gmt":"2023-02-27T12:28:10","slug":"adult-1000-pieces-night-landscapes-puzzle-piccadilly-circus-london","status":"publish","type":"product","link":"https:\/\/business.roovi.com\/de\/adult-1000-pieces-night-landscapes-puzzle-piccadilly-circus-london\/p\/","title":{"rendered":"Adult 1000 pieces Night Landscapes Puzzle &#8211; Piccadilly Circus London"},"content":{"rendered":"<p><span style=\"font-weight: 400;\">Piccadilly Circus 1000 Teile Puzzle bringt dir den Charme der ber\u00fchmten Kreuzung in der britischen Metropole nahe. Mit jedem passenden St\u00fcck sp\u00fcrst du die Stimmung der Stadt und genie\u00dft einen herrlichen Blick in der Abendd\u00e4mmerung. <\/span><\/p>\n<p><span style=\"font-weight: 400;\">Der Piccadilly Circus ist einer der verkehrsreichsten Knotenpunkte Londons und besonders ber\u00fchmt f\u00fcr seine Leuchtreklamen an den Geb\u00e4udefassaden und den Springbrunnen <\/span><span style=\"font-weight: 400;\">Shaftesbury Fountain, mit der Statue des Gottes Anteros. Als Treffpunkt und belebte Verkehrsfl\u00e4che ist die Kreuzung zu einem Muss f\u00fcr Touristen geworden, die in der Londoner Metropole ankommen.<\/span><\/p>\n<p><span style=\"font-weight: 400;\">Tags\u00fcber ist die Gegend ein wahrer Ameisenhaufen, mit Tausenden von Menschen, die zur Arbeit eilen oder Touristen, die von den Sehensw\u00fcrdigkeiten fasziniert sind. Aber nachts verleihen die Neonlichter der Werbetafeln der Stadt eine besondere Atmosph\u00e4re, die auch im Bild des 1000-Teile-Puzzles eingefangen ist <\/span><span style=\"font-weight: 400;\">Piccadilly Circus<\/span><\/p>\n<p><span style=\"font-weight: 400;\">Deshalb laden wir dich auf eine <\/span><span style=\"font-weight: 400;\">um eine der ber\u00fchmtesten Kreuzungen Londons im Detail kennenzulernen.<\/span><\/p>\n<p><strong>Warum das 1000-Teile-Puzzle w\u00e4hlen<\/strong> <strong>Nachtlandschaften &#8211; Piccadilly Circus?<\/strong><\/p>\n<p><span style=\"font-weight: 400;\">Du erstellst ein Bild mit den Ma\u00dfen 47 x 68 cm, das du in ein tolles Dekorationsbild verwandeln kannst.<\/span><\/p>\n<p><span style=\"font-weight: 400;\">Es ist ein Puzzle aus hochwertigem blauen Karton, das sehr widerstandsf\u00e4hig ist und mehrfach verwendet werden kann.<\/span><\/p>\n<p><span style=\"font-weight: 400;\">Die verwendeten Materialien sind recycelbar und nachhaltig.<\/span><\/p>\n<p><span style=\"font-weight: 400;\">Es hat eine halbgl\u00e4nzende Oberfl\u00e4che in angenehmen Farben, die die lebendige Atmosph\u00e4re der Stadt wiedergeben.<\/span><\/p>\n<p><span style=\"font-weight: 400;\">Sie ist f\u00fcr Personen ab 14 Jahren geeignet und hat einen mittleren Schwierigkeitsgrad.<\/span><\/p>\n<p><span style=\"font-weight: 400;\">Ein Puzzlespiel aus der Nightscapes-Kollektion ist eine entspannende Art, ber\u00fchmte Orte auf der ganzen Welt zu entdecken, voller einzigartiger Symbole und Legenden.<\/span><\/p>\n<p><span style=\"font-weight: 400;\">Es ist eine einzigartige Methode, um dein Ged\u00e4chtnis und deine Vorstellungskraft zu trainieren.<\/span><\/p>\n<p><span style=\"font-weight: 400;\">Es h\u00e4lt deine Konzentration und Aufmerksamkeit f\u00fcr eine lange Zeit aufrecht.<\/span><\/p>\n<p><strong>Wusstest du, dass&#8230;?<\/strong><\/p>\n<p><span style=\"font-weight: 400;\">Name <\/span><em><span style=\"font-weight: 400;\">Piccadilly <\/span><\/em><span style=\"font-weight: 400;\">kommt von den ber\u00fchmten Kragen <\/span><em><span style=\"font-weight: 400;\">Picadils <\/span><\/em><span style=\"font-weight: 400;\">von Robert Baker, dem Schneider, der 1612 sein Verm\u00f6gen mit dem Verkauf von Spitzenkragen machte und in der Gegend die Piccadilly Hall baute.<\/span><\/p>\n<p><span style=\"font-weight: 400;\">Der Shaftesbury Memorial Fountain wurde 1983 zum Gedenken an Lord Anthony Ashley Cooper, 7. Earl of Shaftesbury, errichtet, der f\u00fcr seine philanthropische Arbeit bekannt war.<\/span><\/p>\n<p><span style=\"font-weight: 400;\">Die Statue von Anteros, dem Engel der christlichen N\u00e4chstenliebe, ist die erste aus Aluminium gegossene Statue der Welt auf einem Bronzebrunnen.<\/span><\/p>\n<p><span style=\"font-weight: 400;\">In seltenen F\u00e4llen werden die Werbeleuchten ausgeschaltet. Das letzte Mal war es 1997, als Prinzessin Diana starb.<\/span><\/p>\n<p><span style=\"font-weight: 400;\">Piccadilly war auch eine Quelle der Inspiration f\u00fcr viele Schriftsteller. Zum Beispiel Graf Dracula in dem Roman <\/span><em><span style=\"font-weight: 400;\">Dracula<\/span><\/em><span style=\"font-weight: 400;\"> hat ein Haus in dieser Stra\u00dfe.<\/span><\/p>\n<p><strong>1000 Teile Puzzle<\/strong> <strong>Piccadilly Circus zum Entspannen und Abschalten<\/strong><\/p>\n<p><span style=\"font-weight: 400;\">F\u00fcr Zeiten, in denen du vom Alltag abschalten m\u00f6chtest, ist das Piccadilly Circus 1000 Teile Puzzle aus der Nightscapes with Sights Puzzle Kollektion eine gute Wahl.<\/span><\/p>\n<p><span style=\"font-weight: 400;\">Stell deinen Couchtisch im Wohnzimmer auf &#8211; er ist ideal f\u00fcr den St\u00fcckhalter, eine Tasse duftenden Tee und eine entspannte Haltung und begib dich auf ein einzigartiges geistiges Abenteuer. London mit seiner ber\u00fchmten Stra\u00dfenkreuzung erwartet dich. Es ist eine Zeit, in der dein Geist frei tr\u00e4umen kann und dich an einen sprudelnden Ort voller Lichter und Menschen aus allen Ecken der Welt bringt.<\/span><\/p>\n<p><span style=\"font-weight: 400;\">Wenn du dein geistiges Abenteuer noch spannender machen willst, beziehe die Kinder in dein Spiel ein. Gemeinsam entdeckt ihr einen ber\u00fchmten Ort auf der Welt und verewigt ihn in einem einzigartigen 1000-Teile-Puzzle.<\/span><\/p>\n<p><span style=\"font-weight: 400;\">Das Zusammensetzen eines Bildes eines ber\u00fchmten Ortes auf der Welt aus einem 1000-teiligen Puzzle kann eine einzigartige Art des Lernens sein. Entdecke ein ber\u00fchmtes Symbol und genie\u00dfe viele Stunden entspannten Spa\u00df.<\/span><\/p>\n<p><span style=\"font-weight: 400;\">W\u00e4hle das 1000-teilige Puzzle Night Landscapes &#8211; Piccadilly Circus London, um die Monotonie der kalten Tage zu unterbrechen oder um es an puzzlebegeisterte Freunde zu verschenken.<\/span><\/p>\n","protected":false},"excerpt":{"rendered":"<p>Piccadilly Circus 1000 Teile Puzzle bringt dir den Charme der ber\u00fchmten Kreuzung in der britischen Metropole nahe. Mit jedem passenden<\/p>\n","protected":false},"featured_media":33172,"template":"","meta":[],"product_brand":[],"product_cat":[1916,1875,1915],"product_tag":[],"class_list":{"0":"post-42634","1":"product","2":"type-product","3":"status-publish","4":"has-post-thumbnail","6":"product_cat-1000-teile-puzzle","7":"product_cat-puzzle-de","8":"product_cat-puzzlespiele-fur-erwachsene","9":"pa_bax-10-de","10":"pa_brand-d_toys-de","11":"pa_country_of_manufacture-ro-de","12":"pa_filter_age-14-de","13":"pa_painter-night-landscapes","14":"pa_tip_ambalaj-kasten-a4-de","15":"pa_tip_puzzle-klassisch","17":"first","18":"instock","19":"taxable","20":"shipping-taxable","21":"product-type-simple"},"yoast_head":"<!-- This site is optimized with the Yoast SEO plugin v20.1 - https:\/\/yoast.com\/wordpress\/plugins\/seo\/ -->\n<title>Adult 1000 pieces Night Landscapes Puzzle - Piccadilly Circus London<\/title>\n<meta name=\"description\" content=\"Adult 1000 pieces Night Landscapes Puzzle - Piccadilly Circus London\" \/>\n<meta name=\"robots\" content=\"index, follow, max-snippet:-1, max-image-preview:large, max-video-preview:-1\" \/>\n<link rel=\"canonical\" href=\"https:\/\/business.roovi.com\/de\/adult-1000-pieces-night-landscapes-puzzle-piccadilly-circus-london\/p\/\" \/>\n<meta property=\"og:locale\" content=\"de_DE\" \/>\n<meta property=\"og:type\" content=\"article\" \/>\n<meta property=\"og:title\" content=\"Adult 1000 pieces Night Landscapes Puzzle - Piccadilly Circus London\" \/>\n<meta property=\"og:description\" content=\"Adult 1000 pieces Night Landscapes Puzzle - Piccadilly Circus London\" \/>\n<meta property=\"og:url\" content=\"https:\/\/business.roovi.com\/de\/adult-1000-pieces-night-landscapes-puzzle-piccadilly-circus-london\/p\/\" \/>\n<meta property=\"og:site_name\" content=\"Roovi B2B\" \/>\n<meta property=\"article:publisher\" content=\"https:\/\/www.facebook.com\/wwwjucariero\" \/>\n<meta property=\"article:modified_time\" content=\"2023-02-27T12:28:10+00:00\" \/>\n<meta property=\"og:image\" content=\"https:\/\/business.roovi.com\/wp-content\/uploads\/2018\/04\/64301-01-ansamblu_dimensiuni-cutie-cm_orizontal.png\" \/>\n\t<meta property=\"og:image:width\" content=\"900\" \/>\n\t<meta property=\"og:image:height\" content=\"900\" \/>\n\t<meta property=\"og:image:type\" content=\"image\/png\" \/>\n<meta name=\"twitter:label1\" content=\"Gesch\u00e4tzte Lesezeit\" \/>\n\t<meta name=\"twitter:data1\" content=\"4\u00a0Minuten\" \/>\n<script type=\"application\/ld+json\" class=\"yoast-schema-graph\">{\"@context\":\"https:\/\/schema.org\",\"@graph\":[{\"@type\":\"WebPage\",\"@id\":\"https:\/\/business.roovi.com\/de\/adult-1000-pieces-night-landscapes-puzzle-piccadilly-circus-london\/p\/\",\"url\":\"https:\/\/business.roovi.com\/de\/adult-1000-pieces-night-landscapes-puzzle-piccadilly-circus-london\/p\/\",\"name\":\"Adult 1000 pieces Night Landscapes Puzzle - Piccadilly Circus London\",\"isPartOf\":{\"@id\":\"https:\/\/business.roovi.com\/de\/#website\"},\"datePublished\":\"2018-04-16T10:56:16+00:00\",\"dateModified\":\"2023-02-27T12:28:10+00:00\",\"description\":\"Adult 1000 pieces Night Landscapes Puzzle - Piccadilly Circus London\",\"breadcrumb\":{\"@id\":\"https:\/\/business.roovi.com\/de\/adult-1000-pieces-night-landscapes-puzzle-piccadilly-circus-london\/p\/#breadcrumb\"},\"inLanguage\":\"de\",\"potentialAction\":[{\"@type\":\"ReadAction\",\"target\":[\"https:\/\/business.roovi.com\/de\/adult-1000-pieces-night-landscapes-puzzle-piccadilly-circus-london\/p\/\"]}]},{\"@type\":\"BreadcrumbList\",\"@id\":\"https:\/\/business.roovi.com\/de\/adult-1000-pieces-night-landscapes-puzzle-piccadilly-circus-london\/p\/#breadcrumb\",\"itemListElement\":[{\"@type\":\"ListItem\",\"position\":1,\"name\":\"Home\",\"item\":\"https:\/\/business.roovi.com\/de\/\"},{\"@type\":\"ListItem\",\"position\":2,\"name\":\"Shop\",\"item\":\"https:\/\/business.roovi.com\/de\/shop\/\"},{\"@type\":\"ListItem\",\"position\":3,\"name\":\"Adult 1000 pieces Night Landscapes Puzzle &#8211; Piccadilly Circus London\"}]},{\"@type\":\"WebSite\",\"@id\":\"https:\/\/business.roovi.com\/de\/#website\",\"url\":\"https:\/\/business.roovi.com\/de\/\",\"name\":\"Roovi B2B\",\"description\":\"Roovi Business Website\",\"potentialAction\":[{\"@type\":\"SearchAction\",\"target\":{\"@type\":\"EntryPoint\",\"urlTemplate\":\"https:\/\/business.roovi.com\/de\/?s={search_term_string}\"},\"query-input\":\"required name=search_term_string\"}],\"inLanguage\":\"de\"}]}<\/script>\n<!-- \/ Yoast SEO plugin. -->","yoast_head_json":{"title":"Adult 1000 pieces Night Landscapes Puzzle - Piccadilly Circus London","description":"Adult 1000 pieces Night Landscapes Puzzle - Piccadilly Circus London","robots":{"index":"index","follow":"follow","max-snippet":"max-snippet:-1","max-image-preview":"max-image-preview:large","max-video-preview":"max-video-preview:-1"},"canonical":"https:\/\/business.roovi.com\/de\/adult-1000-pieces-night-landscapes-puzzle-piccadilly-circus-london\/p\/","og_locale":"de_DE","og_type":"article","og_title":"Adult 1000 pieces Night Landscapes Puzzle - Piccadilly Circus London","og_description":"Adult 1000 pieces Night Landscapes Puzzle - Piccadilly Circus London","og_url":"https:\/\/business.roovi.com\/de\/adult-1000-pieces-night-landscapes-puzzle-piccadilly-circus-london\/p\/","og_site_name":"Roovi B2B","article_publisher":"https:\/\/www.facebook.com\/wwwjucariero","article_modified_time":"2023-02-27T12:28:10+00:00","og_image":[{"width":900,"height":900,"url":"https:\/\/business.roovi.com\/wp-content\/uploads\/2018\/04\/64301-01-ansamblu_dimensiuni-cutie-cm_orizontal.png","type":"image\/png"}],"twitter_misc":{"Gesch\u00e4tzte Lesezeit":"4\u00a0Minuten"},"schema":{"@context":"https:\/\/schema.org","@graph":[{"@type":"WebPage","@id":"https:\/\/business.roovi.com\/de\/adult-1000-pieces-night-landscapes-puzzle-piccadilly-circus-london\/p\/","url":"https:\/\/business.roovi.com\/de\/adult-1000-pieces-night-landscapes-puzzle-piccadilly-circus-london\/p\/","name":"Adult 1000 pieces Night Landscapes Puzzle - Piccadilly Circus London","isPartOf":{"@id":"https:\/\/business.roovi.com\/de\/#website"},"datePublished":"2018-04-16T10:56:16+00:00","dateModified":"2023-02-27T12:28:10+00:00","description":"Adult 1000 pieces Night Landscapes Puzzle - Piccadilly Circus London","breadcrumb":{"@id":"https:\/\/business.roovi.com\/de\/adult-1000-pieces-night-landscapes-puzzle-piccadilly-circus-london\/p\/#breadcrumb"},"inLanguage":"de","potentialAction":[{"@type":"ReadAction","target":["https:\/\/business.roovi.com\/de\/adult-1000-pieces-night-landscapes-puzzle-piccadilly-circus-london\/p\/"]}]},{"@type":"BreadcrumbList","@id":"https:\/\/business.roovi.com\/de\/adult-1000-pieces-night-landscapes-puzzle-piccadilly-circus-london\/p\/#breadcrumb","itemListElement":[{"@type":"ListItem","position":1,"name":"Home","item":"https:\/\/business.roovi.com\/de\/"},{"@type":"ListItem","position":2,"name":"Shop","item":"https:\/\/business.roovi.com\/de\/shop\/"},{"@type":"ListItem","position":3,"name":"Adult 1000 pieces Night Landscapes Puzzle &#8211; Piccadilly Circus London"}]},{"@type":"WebSite","@id":"https:\/\/business.roovi.com\/de\/#website","url":"https:\/\/business.roovi.com\/de\/","name":"Roovi B2B","description":"Roovi Business Website","potentialAction":[{"@type":"SearchAction","target":{"@type":"EntryPoint","urlTemplate":"https:\/\/business.roovi.com\/de\/?s={search_term_string}"},"query-input":"required name=search_term_string"}],"inLanguage":"de"}]}},"_links":{"self":[{"href":"https:\/\/business.roovi.com\/de\/wp-json\/wp\/v2\/product\/42634","targetHints":{"allow":["GET"]}}],"collection":[{"href":"https:\/\/business.roovi.com\/de\/wp-json\/wp\/v2\/product"}],"about":[{"href":"https:\/\/business.roovi.com\/de\/wp-json\/wp\/v2\/types\/product"}],"version-history":[{"count":0,"href":"https:\/\/business.roovi.com\/de\/wp-json\/wp\/v2\/product\/42634\/revisions"}],"wp:featuredmedia":[{"embeddable":true,"href":"https:\/\/business.roovi.com\/de\/wp-json\/wp\/v2\/media\/33172"}],"wp:attachment":[{"href":"https:\/\/business.roovi.com\/de\/wp-json\/wp\/v2\/media?parent=42634"}],"wp:term":[{"taxonomy":"product_brand","embeddable":true,"href":"https:\/\/business.roovi.com\/de\/wp-json\/wp\/v2\/product_brand?post=42634"},{"taxonomy":"product_cat","embeddable":true,"href":"https:\/\/business.roovi.com\/de\/wp-json\/wp\/v2\/product_cat?post=42634"},{"taxonomy":"product_tag","embeddable":true,"href":"https:\/\/business.roovi.com\/de\/wp-json\/wp\/v2\/product_tag?post=42634"}],"curies":[{"name":"wp","href":"https:\/\/api.w.org\/{rel}","templated":true}]}}