{"id":42638,"date":"2018-04-16T10:56:16","date_gmt":"2018-04-16T10:56:16","guid":{"rendered":"https:\/\/business.roovi.com\/puzzle-1000-piese-imagini-din-romania-manastirea-voronet\/p\/"},"modified":"2022-07-06T19:59:14","modified_gmt":"2022-07-06T19:59:14","slug":"puzzle-1000-teile-bilder-aus-rumanien-voronet-kloster","status":"publish","type":"product","link":"https:\/\/business.roovi.com\/de\/puzzle-1000-teile-bilder-aus-rumanien-voronet-kloster\/p\/","title":{"rendered":"Puzzle 1000 Teile &#8211; Bilder aus Rum\u00e4nien &#8211; Vorone\u021b-Kloster"},"content":{"rendered":"<p><span style=\"font-weight: 400\">Das Kloster Vorone\u021b ist eines der emblematischen Bilder, die einem in den Sinn kommen, wenn man \u00fcber die Bucovina spricht.<\/span><\/p>\n<p><span style=\"font-weight: 400\">Ein pr\u00e4chtiges Meisterwerk, das sich von allen anderen Kl\u00f6stern durch seine beeindruckenden Farben unterscheidet, die durch die Verwendung von nat\u00fcrlichen Pigmenten und durch Maltechniken erzielt werden, die im Nebel der Zeit verloren gegangen sind, Techniken, die daf\u00fcr gesorgt haben, dass die Wandmalereien trotz der nicht gerade g\u00fcnstigen klimatischen Bedingungen die Zeit \u00fcberdauern <\/span><\/p>\n<p><span style=\"font-weight: 400\">Das Vorone\u021b-Kloster ist besonders bemerkenswert f\u00fcr seine Au\u00dfenwandmalerei, die die Wand vom Fundament bis zum Dach vollst\u00e4ndig bedeckt, aber vor allem f\u00fcr den einzigartigen Blauton, der den Namen &#8222;Vorone\u021b-Blau&#8220; erhalten hat.<\/span><\/p>\n<p><span style=\"font-weight: 400\">So laden wir dich auf eine imagin\u00e4re Reise durch die Bukowina ein, um die feinen Details zu entdecken, die die moldawischen Maler in den Gem\u00e4lden der Kl\u00f6ster von Moldawien versteckt haben, und um dich an jedem Teil zu erfreuen, das die Landschaft erneuert &#8211; durch ein 1000-teiliges Puzzle, das die Bilder der ber\u00fchmten Kl\u00f6ster originalgetreu wiedergibt.<\/span><\/p>\n<h2><span style=\"font-weight: 400\">Warum ein 1000-teiliges Puzzle f\u00fcr Erwachsene w\u00e4hlen Bilder von Rum\u00e4nien<\/span><\/h2>\n<ul>\n<li><span style=\"font-weight: 400\">Ein Puzzle ist eine entspannende Art, die Sch\u00f6nheit und Einzigartigkeit von Sehensw\u00fcrdigkeiten zu entdecken, die auf der ganzen Welt gesch\u00e4tzt werden.<\/span><\/li>\n<li><span style=\"font-weight: 400\">Am Ende bekommst du ein Bild des Klosters Voroneti, das du leicht einrahmen kannst.<\/span><\/li>\n<li><span style=\"font-weight: 400\">Dieses Puzzle ist 68 x 47 cm gro\u00df und damit gro\u00df genug, um ein dekoratives Mittelst\u00fcck zu werden.<\/span><\/li>\n<li><span style=\"font-weight: 400\">Die Teile sind aus stabilem, hochwertigem Karton gefertigt, so dass das Bild mehrmals zusammengebaut werden kann, ohne dass die Teile besch\u00e4digt werden.<\/span><\/li>\n<li><span style=\"font-weight: 400\">F\u00fcr die Herstellung jedes Puzzles verwenden wir recycelbare und nachhaltige Materialien.<\/span><\/li>\n<li><span style=\"font-weight: 400\">Die angenehme, halbgl\u00e4nzende Oberfl\u00e4che hebt die lebendigen Farben des Bildes hervor.<\/span><\/li>\n<li><span style=\"font-weight: 400\">Das Puzzlespiel ist ein wertvolles Gehirntraining, das beide Gehirnh\u00e4lften fordert und das Ged\u00e4chtnis verbessert.<\/span><\/li>\n<li><span style=\"font-weight: 400\">Es ist eine unterhaltsame Art, Koordination, Motorik und Geschicklichkeit in jedem Alter zu trainieren und zu erhalten.<\/span><\/li>\n<li><span style=\"font-weight: 400\">Es erh\u00f6ht die Aufmerksamkeit f\u00fcr Details und die Konzentration.<\/span><\/li>\n<li><span style=\"font-weight: 400\">Es ist ein Spiel, das ab 14 Jahren geeignet ist und einen mittleren Schwierigkeitsgrad hat <\/span><\/li>\n<\/ul>\n<h2><span style=\"font-weight: 400\">Wusstest du das?<\/span><\/h2>\n<p><span style=\"font-weight: 400\">Die Klosterkirche von Vorone\u021b, die aufgrund ihrer beeindruckenden und gut erhaltenen Wandmalereien den Spitznamen &#8222;Sixtinische Kapelle des Ostens&#8220; tr\u00e4gt, ist eine Touristenattraktion, die in allen Reisepl\u00e4nen f\u00fcr die Bukowina enthalten ist.<\/span><\/p>\n<p><span style=\"font-weight: 400\">Sie ist eine der wichtigsten Stiftungen Stephans des Gro\u00dfen und wurde 1488 in nur 3 Monaten und 3 Wochen erbaut &#8211; ziemlich beeindruckend, wenn man die M\u00f6glichkeiten der damaligen Zeit bedenkt <\/span><\/p>\n<p><span style=\"font-weight: 400\">Im Jahr 1918 wurde es zum historischen Denkmal erkl\u00e4rt, und seit 1993 steht die Kirche des Klosters Vorone\u021b zusammen mit anderen Kl\u00f6stern im Norden Moldawiens auf der UNESCO-Liste des Weltkulturerbes und gilt als unbezahlbares kulturelles Symbol <\/span><\/p>\n<p><span style=\"font-weight: 400\">Unter den religi\u00f6sen Symbolen, die an den W\u00e4nden der Kirche abgebildet sind, wurden die 12 Tierkreiszeichen in unmittelbarer N\u00e4he des Erl\u00f6sers gemalt &#8211; eine sehr ungew\u00f6hnliche Sache f\u00fcr religi\u00f6se Gem\u00e4lde <\/span><\/p>\n<p><span style=\"font-weight: 400\">Der Betrieb des Klosters Vorone\u021b wurde erst 1991 wieder aufgenommen, nachdem er w\u00e4hrend der Annexion der Bukowina durch das Habsburger Reich im Jahr 1785 abgeschafft worden war.<\/span><\/p>\n<h2><span style=\"font-weight: 400\">1000 Teile Erwachsenenpuzzle &#8211; Abschalten von der Schnelllebigkeit des Lebens<\/span><\/h2>\n<p><span style=\"font-weight: 400\">Entdecke Rum\u00e4nien in Bildern mit Hilfe eines Puzzles und rekonstruiere St\u00fcck f\u00fcr St\u00fcck das Bild der Vorone\u021b-Klosterkirche, die sowohl durch ihre Konstruktion als auch durch ihre Farben beeindruckt.<\/span><\/p>\n<p><span style=\"font-weight: 400\">So viele zumindest interessante Gr\u00fcnde hast du jetzt, die pr\u00e4chtige und beeindruckende Kirche des Klosters Vorone\u021b zu entdecken, und zwar in Form eines 1000-teiligen Puzzles, das du allein oder mit deinen Lieben zusammensetzen kannst, um mehr Zeit miteinander zu verbringen <\/span><\/p>\n<p><span style=\"font-weight: 400\">Au\u00dferdem ist das Zusammensetzen eines Puzzles mit Bildern aus Rum\u00e4nien eine sehr angenehme T\u00e4tigkeit, die dich mit dir selbst und deiner Herkunft verbindet. Eine Aktivit\u00e4t, bei der du nachdenken und dich auf eine einzige Handlung konzentrieren kannst. Auf diese Weise schaltest du von der Schnelllebigkeit des Lebens ab und nimmst dir ein paar Stunden Zeit f\u00fcr Ruhe, was deinem Denken mehr Klarheit verschafft.  <\/span><\/p>\n<p><span style=\"font-weight: 400\"> <\/span><\/p>\n","protected":false},"excerpt":{"rendered":"<p>Das Kloster Vorone\u021b ist eines der emblematischen Bilder, die einem in den Sinn kommen, wenn man \u00fcber die Bucovina spricht.<\/p>\n","protected":false},"featured_media":33186,"template":"","meta":[],"product_brand":[],"product_cat":[1916,1875,1915],"product_tag":[],"class_list":{"0":"post-42638","1":"product","2":"type-product","3":"status-publish","4":"has-post-thumbnail","6":"product_cat-1000-teile-puzzle","7":"product_cat-puzzle-de","8":"product_cat-puzzlespiele-fur-erwachsene","9":"pa_bax-10-de","10":"pa_brand-d_toys-de","11":"pa_country_of_manufacture-ro-de","12":"pa_filter_age-14-de","13":"pa_painter-romania-de","14":"pa_tip_ambalaj-kasten-a4-de","15":"pa_tip_puzzle-klassisch","17":"first","18":"instock","19":"taxable","20":"shipping-taxable","21":"product-type-simple"},"yoast_head":"<!-- This site is optimized with the Yoast SEO plugin v20.1 - https:\/\/yoast.com\/wordpress\/plugins\/seo\/ -->\n<title>Puzzle 1000 Teile - Bilder aus Rum\u00e4nien - Vorone\u021b-Kloster<\/title>\n<meta name=\"description\" content=\"Puzzle 1000 Teile - Bilder aus Rum\u00e4nien - Vorone\u021b-Kloster\" \/>\n<meta name=\"robots\" content=\"index, follow, max-snippet:-1, max-image-preview:large, max-video-preview:-1\" \/>\n<link rel=\"canonical\" href=\"https:\/\/business.roovi.com\/de\/puzzle-1000-teile-bilder-aus-rumanien-voronet-kloster\/p\/\" \/>\n<meta property=\"og:locale\" content=\"de_DE\" \/>\n<meta property=\"og:type\" content=\"article\" \/>\n<meta property=\"og:title\" content=\"Puzzle 1000 Teile - Bilder aus Rum\u00e4nien - Vorone\u021b-Kloster\" \/>\n<meta property=\"og:description\" content=\"Puzzle 1000 Teile - Bilder aus Rum\u00e4nien - Vorone\u021b-Kloster\" \/>\n<meta property=\"og:url\" content=\"https:\/\/business.roovi.com\/de\/puzzle-1000-teile-bilder-aus-rumanien-voronet-kloster\/p\/\" \/>\n<meta property=\"og:site_name\" content=\"Roovi B2B\" \/>\n<meta property=\"article:publisher\" content=\"https:\/\/www.facebook.com\/wwwjucariero\" \/>\n<meta property=\"article:modified_time\" content=\"2022-07-06T19:59:14+00:00\" \/>\n<meta property=\"og:image\" content=\"https:\/\/business.roovi.com\/wp-content\/uploads\/2018\/04\/63038_02.jpg\" \/>\n\t<meta property=\"og:image:width\" content=\"1200\" \/>\n\t<meta property=\"og:image:height\" content=\"1200\" \/>\n\t<meta property=\"og:image:type\" content=\"image\/jpeg\" \/>\n<meta name=\"twitter:label1\" content=\"Gesch\u00e4tzte Lesezeit\" \/>\n\t<meta name=\"twitter:data1\" content=\"3\u00a0Minuten\" \/>\n<script type=\"application\/ld+json\" class=\"yoast-schema-graph\">{\"@context\":\"https:\/\/schema.org\",\"@graph\":[{\"@type\":\"WebPage\",\"@id\":\"https:\/\/business.roovi.com\/de\/puzzle-1000-teile-bilder-aus-rumanien-voronet-kloster\/p\/\",\"url\":\"https:\/\/business.roovi.com\/de\/puzzle-1000-teile-bilder-aus-rumanien-voronet-kloster\/p\/\",\"name\":\"Puzzle 1000 Teile - Bilder aus Rum\u00e4nien - Vorone\u021b-Kloster\",\"isPartOf\":{\"@id\":\"https:\/\/business.roovi.com\/de\/#website\"},\"datePublished\":\"2018-04-16T10:56:16+00:00\",\"dateModified\":\"2022-07-06T19:59:14+00:00\",\"description\":\"Puzzle 1000 Teile - Bilder aus Rum\u00e4nien - Vorone\u021b-Kloster\",\"breadcrumb\":{\"@id\":\"https:\/\/business.roovi.com\/de\/puzzle-1000-teile-bilder-aus-rumanien-voronet-kloster\/p\/#breadcrumb\"},\"inLanguage\":\"de\",\"potentialAction\":[{\"@type\":\"ReadAction\",\"target\":[\"https:\/\/business.roovi.com\/de\/puzzle-1000-teile-bilder-aus-rumanien-voronet-kloster\/p\/\"]}]},{\"@type\":\"BreadcrumbList\",\"@id\":\"https:\/\/business.roovi.com\/de\/puzzle-1000-teile-bilder-aus-rumanien-voronet-kloster\/p\/#breadcrumb\",\"itemListElement\":[{\"@type\":\"ListItem\",\"position\":1,\"name\":\"Home\",\"item\":\"https:\/\/business.roovi.com\/de\/\"},{\"@type\":\"ListItem\",\"position\":2,\"name\":\"Shop\",\"item\":\"https:\/\/business.roovi.com\/de\/shop\/\"},{\"@type\":\"ListItem\",\"position\":3,\"name\":\"Puzzle 1000 Teile &#8211; Bilder aus Rum\u00e4nien &#8211; Vorone\u021b-Kloster\"}]},{\"@type\":\"WebSite\",\"@id\":\"https:\/\/business.roovi.com\/de\/#website\",\"url\":\"https:\/\/business.roovi.com\/de\/\",\"name\":\"Roovi B2B\",\"description\":\"Roovi Business Website\",\"potentialAction\":[{\"@type\":\"SearchAction\",\"target\":{\"@type\":\"EntryPoint\",\"urlTemplate\":\"https:\/\/business.roovi.com\/de\/?s={search_term_string}\"},\"query-input\":\"required name=search_term_string\"}],\"inLanguage\":\"de\"}]}<\/script>\n<!-- \/ Yoast SEO plugin. -->","yoast_head_json":{"title":"Puzzle 1000 Teile - Bilder aus Rum\u00e4nien - Vorone\u021b-Kloster","description":"Puzzle 1000 Teile - Bilder aus Rum\u00e4nien - Vorone\u021b-Kloster","robots":{"index":"index","follow":"follow","max-snippet":"max-snippet:-1","max-image-preview":"max-image-preview:large","max-video-preview":"max-video-preview:-1"},"canonical":"https:\/\/business.roovi.com\/de\/puzzle-1000-teile-bilder-aus-rumanien-voronet-kloster\/p\/","og_locale":"de_DE","og_type":"article","og_title":"Puzzle 1000 Teile - Bilder aus Rum\u00e4nien - Vorone\u021b-Kloster","og_description":"Puzzle 1000 Teile - Bilder aus Rum\u00e4nien - Vorone\u021b-Kloster","og_url":"https:\/\/business.roovi.com\/de\/puzzle-1000-teile-bilder-aus-rumanien-voronet-kloster\/p\/","og_site_name":"Roovi B2B","article_publisher":"https:\/\/www.facebook.com\/wwwjucariero","article_modified_time":"2022-07-06T19:59:14+00:00","og_image":[{"width":1200,"height":1200,"url":"https:\/\/business.roovi.com\/wp-content\/uploads\/2018\/04\/63038_02.jpg","type":"image\/jpeg"}],"twitter_misc":{"Gesch\u00e4tzte Lesezeit":"3\u00a0Minuten"},"schema":{"@context":"https:\/\/schema.org","@graph":[{"@type":"WebPage","@id":"https:\/\/business.roovi.com\/de\/puzzle-1000-teile-bilder-aus-rumanien-voronet-kloster\/p\/","url":"https:\/\/business.roovi.com\/de\/puzzle-1000-teile-bilder-aus-rumanien-voronet-kloster\/p\/","name":"Puzzle 1000 Teile - Bilder aus Rum\u00e4nien - Vorone\u021b-Kloster","isPartOf":{"@id":"https:\/\/business.roovi.com\/de\/#website"},"datePublished":"2018-04-16T10:56:16+00:00","dateModified":"2022-07-06T19:59:14+00:00","description":"Puzzle 1000 Teile - Bilder aus Rum\u00e4nien - Vorone\u021b-Kloster","breadcrumb":{"@id":"https:\/\/business.roovi.com\/de\/puzzle-1000-teile-bilder-aus-rumanien-voronet-kloster\/p\/#breadcrumb"},"inLanguage":"de","potentialAction":[{"@type":"ReadAction","target":["https:\/\/business.roovi.com\/de\/puzzle-1000-teile-bilder-aus-rumanien-voronet-kloster\/p\/"]}]},{"@type":"BreadcrumbList","@id":"https:\/\/business.roovi.com\/de\/puzzle-1000-teile-bilder-aus-rumanien-voronet-kloster\/p\/#breadcrumb","itemListElement":[{"@type":"ListItem","position":1,"name":"Home","item":"https:\/\/business.roovi.com\/de\/"},{"@type":"ListItem","position":2,"name":"Shop","item":"https:\/\/business.roovi.com\/de\/shop\/"},{"@type":"ListItem","position":3,"name":"Puzzle 1000 Teile &#8211; Bilder aus Rum\u00e4nien &#8211; Vorone\u021b-Kloster"}]},{"@type":"WebSite","@id":"https:\/\/business.roovi.com\/de\/#website","url":"https:\/\/business.roovi.com\/de\/","name":"Roovi B2B","description":"Roovi Business Website","potentialAction":[{"@type":"SearchAction","target":{"@type":"EntryPoint","urlTemplate":"https:\/\/business.roovi.com\/de\/?s={search_term_string}"},"query-input":"required name=search_term_string"}],"inLanguage":"de"}]}},"_links":{"self":[{"href":"https:\/\/business.roovi.com\/de\/wp-json\/wp\/v2\/product\/42638","targetHints":{"allow":["GET"]}}],"collection":[{"href":"https:\/\/business.roovi.com\/de\/wp-json\/wp\/v2\/product"}],"about":[{"href":"https:\/\/business.roovi.com\/de\/wp-json\/wp\/v2\/types\/product"}],"version-history":[{"count":0,"href":"https:\/\/business.roovi.com\/de\/wp-json\/wp\/v2\/product\/42638\/revisions"}],"wp:featuredmedia":[{"embeddable":true,"href":"https:\/\/business.roovi.com\/de\/wp-json\/wp\/v2\/media\/33186"}],"wp:attachment":[{"href":"https:\/\/business.roovi.com\/de\/wp-json\/wp\/v2\/media?parent=42638"}],"wp:term":[{"taxonomy":"product_brand","embeddable":true,"href":"https:\/\/business.roovi.com\/de\/wp-json\/wp\/v2\/product_brand?post=42638"},{"taxonomy":"product_cat","embeddable":true,"href":"https:\/\/business.roovi.com\/de\/wp-json\/wp\/v2\/product_cat?post=42638"},{"taxonomy":"product_tag","embeddable":true,"href":"https:\/\/business.roovi.com\/de\/wp-json\/wp\/v2\/product_tag?post=42638"}],"curies":[{"name":"wp","href":"https:\/\/api.w.org\/{rel}","templated":true}]}}