{"id":42642,"date":"2018-04-16T10:56:16","date_gmt":"2018-04-16T10:56:16","guid":{"rendered":"https:\/\/business.roovi.com\/puzzle-adulti-1000-piese-cartoon-collection-turnul-din-pisa\/p\/"},"modified":"2022-07-06T19:59:25","modified_gmt":"2022-07-06T19:59:25","slug":"turm-von-pisa-puzzle-puzzle-fur-erwachsene-1000-teile-cartoon-collection","status":"publish","type":"product","link":"https:\/\/business.roovi.com\/de\/turm-von-pisa-puzzle-puzzle-fur-erwachsene-1000-teile-cartoon-collection\/p\/","title":{"rendered":"Turm von Pisa Puzzle &#8211; Puzzle f\u00fcr Erwachsene 1000 Teile &#8211; Cartoon Collection"},"content":{"rendered":"<p><span style=\"font-weight: 400\">Bist du bereit f\u00fcr viel Spa\u00df und viele Stunden der Entspannung? Die 1000-teiligen Puzzles aus der Cartoon-Puzzle-Kollektion bringen den Spa\u00df zu dir nach Hause <\/span><\/p>\n<p><span style=\"font-weight: 400\">Wenn du deinem inneren Kind freien Lauf l\u00e4sst, sind der Fantasie keine Grenzen gesetzt. So hat es der K\u00fcnstler Biro Donat gemacht, und die Cartoon-Puzzle-Sammlung f\u00fcr Erwachsene, die aus seinen H\u00e4nden hervorgegangen ist, ist ein Meisterwerk <\/span><\/p>\n<p><span style=\"font-weight: 400\">Das Cartoon Collection 1000 Piece Puzzle &#8211; Tower of Pisa ist eine animierte Illustration voller Farben und faszinierender Details, die deine Aufmerksamkeit stundenlang fesseln wird. Viele liebenswerte Charaktere arbeiten hart am ber\u00fchmten Turm von Pisa, um ihn wieder gerade zu biegen. Jede Figur ist einzigartig und hat eine bestimmte Aufgabe. Gemeinsam hoffen sie, den ber\u00fchmten Turm vor dem Einsturz zu retten <\/span><\/p>\n<p><span style=\"font-weight: 400\">Nimm an ihrer Geschichte teil, f\u00fcge St\u00fcck f\u00fcr St\u00fcck zusammen und schau, was dabei herauskommt! Ein wundersch\u00f6nes Gem\u00e4lde, das Farbe und einen Hauch von kindlichem Optimismus in jeden Raum deines Hauses bringt, in dem du es ausstellst.<\/span><\/p>\n<p><strong>Warum solltest du dich f\u00fcr die Cartoon Kollektion &#8211; Turm von Pisa 1000 Teile Puzzle entscheiden?<\/strong><\/p>\n<p><span style=\"font-weight: 400\">Du erstellst ein einzigartiges 50 x 70 cm gro\u00dfes Bild, das dein Zuhause versch\u00f6nern wird.<\/span><\/p>\n<p><span style=\"font-weight: 400\">Er ist aus hochwertigem blauen Karton gefertigt, was ihn besonders stabil macht.<\/span><\/p>\n<p><span style=\"font-weight: 400\">Die 1000 Puzzleteile sind pr\u00e4zise geschnitten und passen perfekt zusammen, sodass das zusammengesetzte Bild makellos aussieht.<\/span><\/p>\n<p><span style=\"font-weight: 400\">Die Oberfl\u00e4che ist halbgl\u00e4nzend, in angenehmen Farben, die die Sch\u00f6nheit der Illustration unterstreichen.<\/span><\/p>\n<p><span style=\"font-weight: 400\">Sie ist aus recycelbaren und nachhaltigen Materialien hergestellt.<\/span><\/p>\n<p><span style=\"font-weight: 400\">Es ist f\u00fcr Personen ab 14 Jahren geeignet &#8211; die perfekte Gelegenheit f\u00fcr maximalen Spa\u00df mit deinen Kindern im Teenageralter.<\/span><\/p>\n<p><span style=\"font-weight: 400\">Die 1000-teiligen Puzzles haben mehrere Vorteile, die sich auf vielen Ebenen widerspiegeln:<\/span><\/p>\n<ul>\n<li><span style=\"font-weight: 400\">Sie sind ein hervorragendes Mentaltraining.<\/span><\/li>\n<li><span style=\"font-weight: 400\">Sie helfen deinem Ged\u00e4chtnis auf die Spr\u00fcnge.<\/span><\/li>\n<li><span style=\"font-weight: 400\">Sie verbessern deine Aufmerksamkeit f\u00fcr Details.<\/span><\/li>\n<li><span style=\"font-weight: 400\">Sie helfen dir, deine Koordination und Feinmotorik zu verbessern.<\/span><\/li>\n<li><span style=\"font-weight: 400\">Sie trainieren deine Geschicklichkeit.<\/span><\/li>\n<li><span style=\"font-weight: 400\">Sie sind eine gro\u00dfartige \u00dcbung in Geduld.<\/span><\/li>\n<\/ul>\n<p><strong>Wusstest du, dass..<\/strong><\/p>\n<p><span style=\"font-weight: 400\">Der Turm von Pisa wiegt nicht weniger als 14.500 Tonnen und wurde auf weichem, instabilem Boden gebaut.<\/span><\/p>\n<p><span style=\"font-weight: 400\">Er wurde mit dem Ziel entworfen, der h\u00f6chste Glockenturm der Welt zu sein. Sie beherbergt 7 Glocken, von denen jede einen bestimmten Ton l\u00e4utet.<\/span><\/p>\n<p><span style=\"font-weight: 400\">Die Glocken im Turm haben nie gel\u00e4utet, weil die abgegebenen Schwingungen ihn noch weiter kippen k\u00f6nnten.<\/span><\/p>\n<p><span style=\"font-weight: 400\">Benito Mussolini wollte den Turm begradigen, weil er der Meinung war, dass seine Architektur dem Ansehen Italiens in der Welt schadete <\/span><\/p>\n<p><span style=\"font-weight: 400\">W\u00e4hrend des Zweiten Weltkriegs wollten die Amerikaner den Turm abrei\u00dfen, weil er ein Treffpunkt f\u00fcr Scharfsch\u00fctzen war. Aber beeindruckt von der Architektur lie\u00dfen sie es stehen.<\/span><\/p>\n<p><strong>Cartoon 1000 Teile Puzzle &#8211; Turm von Pisa &#8211; epischer Familienspa\u00df<\/strong><\/p>\n<p><span style=\"font-weight: 400\">Wenn du unvergessliche Abende mit deinen Liebsten in der Familie erleben willst, ist das 1000-teilige Turm von Pisa Puzzle aus der Cartoon Puzzle Kollektion die perfekte Wahl. Dutzende von niedlichen Figuren zu entdecken und in ihr Spiel einzusteigen, um das Gleichgewicht im Turm wiederherzustellen, ist eine eint\u00f6nige Aktivit\u00e4t in jedem Haushalt.<\/span><\/p>\n<p><span style=\"font-weight: 400\">Deine Kinder werden begeistert sein, so genaue und farbenfrohe Illustrationen zu entdecken, und das Nachbauen des Bildes wird eine angenehme Herausforderung f\u00fcr ihren wachen Verstand sein. W\u00e4hle Teile nach Farben aus, verteile genaue Aufgaben an jeden Puzzleteilnehmer und erschaffe gemeinsam ein M\u00e4rchenbild. Ihr werdet gemeinsam magische Momente erleben und unvergessliche Erinnerungen schaffen, die eure Seele bereichern werden.<\/span><\/p>\n<p><span style=\"font-weight: 400\">Egal, ob du dich f\u00fcr das 1000-teilige Cartoon-Puzzle &#8211; Turm von Pisa entscheidest, um es mit deiner Familie nachzuspielen, oder ob du ein Puzzle-Liebhaber bist, der vom Alltag abschalten m\u00f6chte, dieses 1000-teilige Puzzle wird dein inneres Kind wecken und dir viele Lacher bescheren <\/span><\/p>\n<p><span style=\"font-weight: 400\">Es ist auch ein passendes Geschenk zu festlichen Anl\u00e4ssen f\u00fcr Puzzle-Liebhaber oder f\u00fcr Freunde, die du kreativ \u00fcberraschen willst.<\/span><\/p><\/p>\n","protected":false},"excerpt":{"rendered":"<p>Bist du bereit f\u00fcr viel Spa\u00df und viele Stunden der Entspannung? Die 1000-teiligen Puzzles aus der Cartoon-Puzzle-Kollektion bringen den Spa\u00df<\/p>\n","protected":false},"featured_media":33190,"template":"","meta":[],"product_brand":[],"product_cat":[1916,1875,1915],"product_tag":[],"class_list":{"0":"post-42642","1":"product","2":"type-product","3":"status-publish","4":"has-post-thumbnail","6":"product_cat-1000-teile-puzzle","7":"product_cat-puzzle-de","8":"product_cat-puzzlespiele-fur-erwachsene","9":"pa_bax-10-de","10":"pa_brand-d_toys-de","11":"pa_country_of_manufacture-ro-de","12":"pa_filter_age-14-de","13":"pa_painter-cartooncollection-de","14":"pa_tip_ambalaj-kasten-a4-de","15":"pa_tip_puzzle-klassisch","17":"first","18":"instock","19":"taxable","20":"shipping-taxable","21":"product-type-simple"},"yoast_head":"<!-- This site is optimized with the Yoast SEO plugin v20.1 - https:\/\/yoast.com\/wordpress\/plugins\/seo\/ -->\n<title>Turm von Pisa Puzzle - Puzzle f\u00fcr Erwachsene 1000 Teile - Cartoon Collection<\/title>\n<meta name=\"description\" content=\"Turm von Pisa Puzzle - Puzzle f\u00fcr Erwachsene 1000 Teile - Cartoon Collection\" \/>\n<meta name=\"robots\" content=\"index, follow, max-snippet:-1, max-image-preview:large, max-video-preview:-1\" \/>\n<link rel=\"canonical\" href=\"https:\/\/business.roovi.com\/de\/turm-von-pisa-puzzle-puzzle-fur-erwachsene-1000-teile-cartoon-collection\/p\/\" \/>\n<meta property=\"og:locale\" content=\"de_DE\" \/>\n<meta property=\"og:type\" content=\"article\" \/>\n<meta property=\"og:title\" content=\"Turm von Pisa Puzzle - Puzzle f\u00fcr Erwachsene 1000 Teile - Cartoon Collection\" \/>\n<meta property=\"og:description\" content=\"Turm von Pisa Puzzle - Puzzle f\u00fcr Erwachsene 1000 Teile - Cartoon Collection\" \/>\n<meta property=\"og:url\" content=\"https:\/\/business.roovi.com\/de\/turm-von-pisa-puzzle-puzzle-fur-erwachsene-1000-teile-cartoon-collection\/p\/\" \/>\n<meta property=\"og:site_name\" content=\"Roovi B2B\" \/>\n<meta property=\"article:publisher\" content=\"https:\/\/www.facebook.com\/wwwjucariero\" \/>\n<meta property=\"article:modified_time\" content=\"2022-07-06T19:59:25+00:00\" \/>\n<meta property=\"og:image\" content=\"https:\/\/business.roovi.com\/wp-content\/uploads\/2018\/04\/61218-01_ansamblu_dimensiuni_cutie_cm_1200x1200.png\" \/>\n\t<meta property=\"og:image:width\" content=\"1200\" \/>\n\t<meta property=\"og:image:height\" content=\"1200\" \/>\n\t<meta property=\"og:image:type\" content=\"image\/png\" \/>\n<meta name=\"twitter:label1\" content=\"Gesch\u00e4tzte Lesezeit\" \/>\n\t<meta name=\"twitter:data1\" content=\"3\u00a0Minuten\" \/>\n<script type=\"application\/ld+json\" class=\"yoast-schema-graph\">{\"@context\":\"https:\/\/schema.org\",\"@graph\":[{\"@type\":\"WebPage\",\"@id\":\"https:\/\/business.roovi.com\/de\/turm-von-pisa-puzzle-puzzle-fur-erwachsene-1000-teile-cartoon-collection\/p\/\",\"url\":\"https:\/\/business.roovi.com\/de\/turm-von-pisa-puzzle-puzzle-fur-erwachsene-1000-teile-cartoon-collection\/p\/\",\"name\":\"Turm von Pisa Puzzle - Puzzle f\u00fcr Erwachsene 1000 Teile - Cartoon Collection\",\"isPartOf\":{\"@id\":\"https:\/\/business.roovi.com\/de\/#website\"},\"datePublished\":\"2018-04-16T10:56:16+00:00\",\"dateModified\":\"2022-07-06T19:59:25+00:00\",\"description\":\"Turm von Pisa Puzzle - Puzzle f\u00fcr Erwachsene 1000 Teile - Cartoon Collection\",\"breadcrumb\":{\"@id\":\"https:\/\/business.roovi.com\/de\/turm-von-pisa-puzzle-puzzle-fur-erwachsene-1000-teile-cartoon-collection\/p\/#breadcrumb\"},\"inLanguage\":\"de\",\"potentialAction\":[{\"@type\":\"ReadAction\",\"target\":[\"https:\/\/business.roovi.com\/de\/turm-von-pisa-puzzle-puzzle-fur-erwachsene-1000-teile-cartoon-collection\/p\/\"]}]},{\"@type\":\"BreadcrumbList\",\"@id\":\"https:\/\/business.roovi.com\/de\/turm-von-pisa-puzzle-puzzle-fur-erwachsene-1000-teile-cartoon-collection\/p\/#breadcrumb\",\"itemListElement\":[{\"@type\":\"ListItem\",\"position\":1,\"name\":\"Home\",\"item\":\"https:\/\/business.roovi.com\/de\/\"},{\"@type\":\"ListItem\",\"position\":2,\"name\":\"Shop\",\"item\":\"https:\/\/business.roovi.com\/de\/shop\/\"},{\"@type\":\"ListItem\",\"position\":3,\"name\":\"Turm von Pisa Puzzle &#8211; Puzzle f\u00fcr Erwachsene 1000 Teile &#8211; Cartoon Collection\"}]},{\"@type\":\"WebSite\",\"@id\":\"https:\/\/business.roovi.com\/de\/#website\",\"url\":\"https:\/\/business.roovi.com\/de\/\",\"name\":\"Roovi B2B\",\"description\":\"Roovi Business Website\",\"potentialAction\":[{\"@type\":\"SearchAction\",\"target\":{\"@type\":\"EntryPoint\",\"urlTemplate\":\"https:\/\/business.roovi.com\/de\/?s={search_term_string}\"},\"query-input\":\"required name=search_term_string\"}],\"inLanguage\":\"de\"}]}<\/script>\n<!-- \/ Yoast SEO plugin. -->","yoast_head_json":{"title":"Turm von Pisa Puzzle - Puzzle f\u00fcr Erwachsene 1000 Teile - Cartoon Collection","description":"Turm von Pisa Puzzle - Puzzle f\u00fcr Erwachsene 1000 Teile - Cartoon Collection","robots":{"index":"index","follow":"follow","max-snippet":"max-snippet:-1","max-image-preview":"max-image-preview:large","max-video-preview":"max-video-preview:-1"},"canonical":"https:\/\/business.roovi.com\/de\/turm-von-pisa-puzzle-puzzle-fur-erwachsene-1000-teile-cartoon-collection\/p\/","og_locale":"de_DE","og_type":"article","og_title":"Turm von Pisa Puzzle - Puzzle f\u00fcr Erwachsene 1000 Teile - Cartoon Collection","og_description":"Turm von Pisa Puzzle - Puzzle f\u00fcr Erwachsene 1000 Teile - Cartoon Collection","og_url":"https:\/\/business.roovi.com\/de\/turm-von-pisa-puzzle-puzzle-fur-erwachsene-1000-teile-cartoon-collection\/p\/","og_site_name":"Roovi B2B","article_publisher":"https:\/\/www.facebook.com\/wwwjucariero","article_modified_time":"2022-07-06T19:59:25+00:00","og_image":[{"width":1200,"height":1200,"url":"https:\/\/business.roovi.com\/wp-content\/uploads\/2018\/04\/61218-01_ansamblu_dimensiuni_cutie_cm_1200x1200.png","type":"image\/png"}],"twitter_misc":{"Gesch\u00e4tzte Lesezeit":"3\u00a0Minuten"},"schema":{"@context":"https:\/\/schema.org","@graph":[{"@type":"WebPage","@id":"https:\/\/business.roovi.com\/de\/turm-von-pisa-puzzle-puzzle-fur-erwachsene-1000-teile-cartoon-collection\/p\/","url":"https:\/\/business.roovi.com\/de\/turm-von-pisa-puzzle-puzzle-fur-erwachsene-1000-teile-cartoon-collection\/p\/","name":"Turm von Pisa Puzzle - Puzzle f\u00fcr Erwachsene 1000 Teile - Cartoon Collection","isPartOf":{"@id":"https:\/\/business.roovi.com\/de\/#website"},"datePublished":"2018-04-16T10:56:16+00:00","dateModified":"2022-07-06T19:59:25+00:00","description":"Turm von Pisa Puzzle - Puzzle f\u00fcr Erwachsene 1000 Teile - Cartoon Collection","breadcrumb":{"@id":"https:\/\/business.roovi.com\/de\/turm-von-pisa-puzzle-puzzle-fur-erwachsene-1000-teile-cartoon-collection\/p\/#breadcrumb"},"inLanguage":"de","potentialAction":[{"@type":"ReadAction","target":["https:\/\/business.roovi.com\/de\/turm-von-pisa-puzzle-puzzle-fur-erwachsene-1000-teile-cartoon-collection\/p\/"]}]},{"@type":"BreadcrumbList","@id":"https:\/\/business.roovi.com\/de\/turm-von-pisa-puzzle-puzzle-fur-erwachsene-1000-teile-cartoon-collection\/p\/#breadcrumb","itemListElement":[{"@type":"ListItem","position":1,"name":"Home","item":"https:\/\/business.roovi.com\/de\/"},{"@type":"ListItem","position":2,"name":"Shop","item":"https:\/\/business.roovi.com\/de\/shop\/"},{"@type":"ListItem","position":3,"name":"Turm von Pisa Puzzle &#8211; Puzzle f\u00fcr Erwachsene 1000 Teile &#8211; Cartoon Collection"}]},{"@type":"WebSite","@id":"https:\/\/business.roovi.com\/de\/#website","url":"https:\/\/business.roovi.com\/de\/","name":"Roovi B2B","description":"Roovi Business Website","potentialAction":[{"@type":"SearchAction","target":{"@type":"EntryPoint","urlTemplate":"https:\/\/business.roovi.com\/de\/?s={search_term_string}"},"query-input":"required name=search_term_string"}],"inLanguage":"de"}]}},"_links":{"self":[{"href":"https:\/\/business.roovi.com\/de\/wp-json\/wp\/v2\/product\/42642","targetHints":{"allow":["GET"]}}],"collection":[{"href":"https:\/\/business.roovi.com\/de\/wp-json\/wp\/v2\/product"}],"about":[{"href":"https:\/\/business.roovi.com\/de\/wp-json\/wp\/v2\/types\/product"}],"version-history":[{"count":0,"href":"https:\/\/business.roovi.com\/de\/wp-json\/wp\/v2\/product\/42642\/revisions"}],"wp:featuredmedia":[{"embeddable":true,"href":"https:\/\/business.roovi.com\/de\/wp-json\/wp\/v2\/media\/33190"}],"wp:attachment":[{"href":"https:\/\/business.roovi.com\/de\/wp-json\/wp\/v2\/media?parent=42642"}],"wp:term":[{"taxonomy":"product_brand","embeddable":true,"href":"https:\/\/business.roovi.com\/de\/wp-json\/wp\/v2\/product_brand?post=42642"},{"taxonomy":"product_cat","embeddable":true,"href":"https:\/\/business.roovi.com\/de\/wp-json\/wp\/v2\/product_cat?post=42642"},{"taxonomy":"product_tag","embeddable":true,"href":"https:\/\/business.roovi.com\/de\/wp-json\/wp\/v2\/product_tag?post=42642"}],"curies":[{"name":"wp","href":"https:\/\/api.w.org\/{rel}","templated":true}]}}