{"id":42726,"date":"2018-04-16T10:56:16","date_gmt":"2018-04-16T10:56:16","guid":{"rendered":"https:\/\/business.roovi.com\/puzzle-craciun-35-piese-4\/p\/"},"modified":"2022-07-06T20:09:19","modified_gmt":"2022-07-06T20:09:19","slug":"puzzle-35-teile-weihnachtsmann","status":"publish","type":"product","link":"https:\/\/business.roovi.com\/de\/puzzle-35-teile-weihnachtsmann\/p\/","title":{"rendered":"Puzzle 35 Teile &#8211; Weihnachtsmann"},"content":{"rendered":"<p>W\u00e4hrend der Winterferien bereiten fr\u00f6hliche Elfen wunderbare Geschenke vor und der Weihnachtsmann erf\u00fcllt Kindern, die sich nach einem Wunder sehnen, W\u00fcnsche. Die Rentiere k\u00f6nnen es kaum erwarten, dich zu besuchen und dir dieses wundersch\u00f6ne 35-teilige Puzzle mit wunderbaren Weihnachtsszenen zu bringen!<\/p>\n","protected":false},"excerpt":{"rendered":"<p>W\u00e4hrend der Winterferien bereiten fr\u00f6hliche Elfen wunderbare Geschenke vor und der Weihnachtsmann erf\u00fcllt Kindern, die sich nach einem Wunder sehnen,<\/p>\n","protected":false},"featured_media":33288,"template":"","meta":[],"product_brand":[],"product_cat":[1607,1624,1605],"product_tag":[],"class_list":{"0":"post-42726","1":"product","2":"type-product","3":"status-publish","4":"has-post-thumbnail","6":"product_cat-puzzles","7":"product_cat-children-puzzles","8":"product_cat-less-than-50-piece-puzzles","9":"pa_bax-10-en","10":"pa_brand-d_toys-en","11":"pa_filter_age-3_5-en","12":"pa_filter_age-5_7-en","13":"pa_painter-christmascollection-en","14":"pa_tip_ambalaj-box","15":"pa_tip_puzzle-classic","17":"first","18":"instock","19":"taxable","20":"shipping-taxable","21":"product-type-simple"},"yoast_head":"<!-- This site is optimized with the Yoast SEO plugin v20.1 - https:\/\/yoast.com\/wordpress\/plugins\/seo\/ -->\n<title>Puzzle 35 Teile - Weihnachtsmann<\/title>\n<meta name=\"description\" content=\"Puzzle 35 Teile - Weihnachtsmann\" \/>\n<meta name=\"robots\" content=\"index, follow, max-snippet:-1, max-image-preview:large, max-video-preview:-1\" \/>\n<link rel=\"canonical\" href=\"https:\/\/business.roovi.com\/de\/puzzle-35-teile-weihnachtsmann\/p\/\" \/>\n<meta property=\"og:locale\" content=\"de_DE\" \/>\n<meta property=\"og:type\" content=\"article\" \/>\n<meta property=\"og:title\" content=\"Puzzle 35 Teile - Weihnachtsmann\" \/>\n<meta property=\"og:description\" content=\"Puzzle 35 Teile - Weihnachtsmann\" \/>\n<meta property=\"og:url\" content=\"https:\/\/business.roovi.com\/de\/puzzle-35-teile-weihnachtsmann\/p\/\" \/>\n<meta property=\"og:site_name\" content=\"Roovi B2B\" \/>\n<meta property=\"article:publisher\" content=\"https:\/\/www.facebook.com\/wwwjucariero\" \/>\n<meta property=\"article:modified_time\" content=\"2022-07-06T20:09:19+00:00\" \/>\n<meta property=\"og:image\" content=\"https:\/\/business.roovi.com\/wp-content\/uploads\/2018\/04\/67616_04.jpg\" \/>\n\t<meta property=\"og:image:width\" content=\"1200\" \/>\n\t<meta property=\"og:image:height\" content=\"1200\" \/>\n\t<meta property=\"og:image:type\" content=\"image\/jpeg\" \/>\n<script type=\"application\/ld+json\" class=\"yoast-schema-graph\">{\"@context\":\"https:\/\/schema.org\",\"@graph\":[{\"@type\":\"WebPage\",\"@id\":\"https:\/\/business.roovi.com\/de\/puzzle-35-teile-weihnachtsmann\/p\/\",\"url\":\"https:\/\/business.roovi.com\/de\/puzzle-35-teile-weihnachtsmann\/p\/\",\"name\":\"Puzzle 35 Teile - Weihnachtsmann\",\"isPartOf\":{\"@id\":\"https:\/\/business.roovi.com\/de\/#website\"},\"datePublished\":\"2018-04-16T10:56:16+00:00\",\"dateModified\":\"2022-07-06T20:09:19+00:00\",\"description\":\"Puzzle 35 Teile - Weihnachtsmann\",\"breadcrumb\":{\"@id\":\"https:\/\/business.roovi.com\/de\/puzzle-35-teile-weihnachtsmann\/p\/#breadcrumb\"},\"inLanguage\":\"de\",\"potentialAction\":[{\"@type\":\"ReadAction\",\"target\":[\"https:\/\/business.roovi.com\/de\/puzzle-35-teile-weihnachtsmann\/p\/\"]}]},{\"@type\":\"BreadcrumbList\",\"@id\":\"https:\/\/business.roovi.com\/de\/puzzle-35-teile-weihnachtsmann\/p\/#breadcrumb\",\"itemListElement\":[{\"@type\":\"ListItem\",\"position\":1,\"name\":\"Home\",\"item\":\"https:\/\/business.roovi.com\/de\/\"},{\"@type\":\"ListItem\",\"position\":2,\"name\":\"Shop\",\"item\":\"https:\/\/business.roovi.com\/de\/shop\/\"},{\"@type\":\"ListItem\",\"position\":3,\"name\":\"Puzzle 35 Teile &#8211; Weihnachtsmann\"}]},{\"@type\":\"WebSite\",\"@id\":\"https:\/\/business.roovi.com\/de\/#website\",\"url\":\"https:\/\/business.roovi.com\/de\/\",\"name\":\"Roovi B2B\",\"description\":\"Roovi Business Website\",\"potentialAction\":[{\"@type\":\"SearchAction\",\"target\":{\"@type\":\"EntryPoint\",\"urlTemplate\":\"https:\/\/business.roovi.com\/de\/?s={search_term_string}\"},\"query-input\":\"required name=search_term_string\"}],\"inLanguage\":\"de\"}]}<\/script>\n<!-- \/ Yoast SEO plugin. -->","yoast_head_json":{"title":"Puzzle 35 Teile - Weihnachtsmann","description":"Puzzle 35 Teile - Weihnachtsmann","robots":{"index":"index","follow":"follow","max-snippet":"max-snippet:-1","max-image-preview":"max-image-preview:large","max-video-preview":"max-video-preview:-1"},"canonical":"https:\/\/business.roovi.com\/de\/puzzle-35-teile-weihnachtsmann\/p\/","og_locale":"de_DE","og_type":"article","og_title":"Puzzle 35 Teile - Weihnachtsmann","og_description":"Puzzle 35 Teile - Weihnachtsmann","og_url":"https:\/\/business.roovi.com\/de\/puzzle-35-teile-weihnachtsmann\/p\/","og_site_name":"Roovi B2B","article_publisher":"https:\/\/www.facebook.com\/wwwjucariero","article_modified_time":"2022-07-06T20:09:19+00:00","og_image":[{"width":1200,"height":1200,"url":"https:\/\/business.roovi.com\/wp-content\/uploads\/2018\/04\/67616_04.jpg","type":"image\/jpeg"}],"schema":{"@context":"https:\/\/schema.org","@graph":[{"@type":"WebPage","@id":"https:\/\/business.roovi.com\/de\/puzzle-35-teile-weihnachtsmann\/p\/","url":"https:\/\/business.roovi.com\/de\/puzzle-35-teile-weihnachtsmann\/p\/","name":"Puzzle 35 Teile - Weihnachtsmann","isPartOf":{"@id":"https:\/\/business.roovi.com\/de\/#website"},"datePublished":"2018-04-16T10:56:16+00:00","dateModified":"2022-07-06T20:09:19+00:00","description":"Puzzle 35 Teile - Weihnachtsmann","breadcrumb":{"@id":"https:\/\/business.roovi.com\/de\/puzzle-35-teile-weihnachtsmann\/p\/#breadcrumb"},"inLanguage":"de","potentialAction":[{"@type":"ReadAction","target":["https:\/\/business.roovi.com\/de\/puzzle-35-teile-weihnachtsmann\/p\/"]}]},{"@type":"BreadcrumbList","@id":"https:\/\/business.roovi.com\/de\/puzzle-35-teile-weihnachtsmann\/p\/#breadcrumb","itemListElement":[{"@type":"ListItem","position":1,"name":"Home","item":"https:\/\/business.roovi.com\/de\/"},{"@type":"ListItem","position":2,"name":"Shop","item":"https:\/\/business.roovi.com\/de\/shop\/"},{"@type":"ListItem","position":3,"name":"Puzzle 35 Teile &#8211; Weihnachtsmann"}]},{"@type":"WebSite","@id":"https:\/\/business.roovi.com\/de\/#website","url":"https:\/\/business.roovi.com\/de\/","name":"Roovi B2B","description":"Roovi Business Website","potentialAction":[{"@type":"SearchAction","target":{"@type":"EntryPoint","urlTemplate":"https:\/\/business.roovi.com\/de\/?s={search_term_string}"},"query-input":"required name=search_term_string"}],"inLanguage":"de"}]}},"_links":{"self":[{"href":"https:\/\/business.roovi.com\/de\/wp-json\/wp\/v2\/product\/42726","targetHints":{"allow":["GET"]}}],"collection":[{"href":"https:\/\/business.roovi.com\/de\/wp-json\/wp\/v2\/product"}],"about":[{"href":"https:\/\/business.roovi.com\/de\/wp-json\/wp\/v2\/types\/product"}],"version-history":[{"count":0,"href":"https:\/\/business.roovi.com\/de\/wp-json\/wp\/v2\/product\/42726\/revisions"}],"wp:featuredmedia":[{"embeddable":true,"href":"https:\/\/business.roovi.com\/de\/wp-json\/wp\/v2\/media\/33288"}],"wp:attachment":[{"href":"https:\/\/business.roovi.com\/de\/wp-json\/wp\/v2\/media?parent=42726"}],"wp:term":[{"taxonomy":"product_brand","embeddable":true,"href":"https:\/\/business.roovi.com\/de\/wp-json\/wp\/v2\/product_brand?post=42726"},{"taxonomy":"product_cat","embeddable":true,"href":"https:\/\/business.roovi.com\/de\/wp-json\/wp\/v2\/product_cat?post=42726"},{"taxonomy":"product_tag","embeddable":true,"href":"https:\/\/business.roovi.com\/de\/wp-json\/wp\/v2\/product_tag?post=42726"}],"curies":[{"name":"wp","href":"https:\/\/api.w.org\/{rel}","templated":true}]}}