{"id":42742,"date":"2018-04-16T10:56:16","date_gmt":"2018-04-16T10:56:16","guid":{"rendered":"https:\/\/business.roovi.com\/joc-color-me-puzzle-60-craciun-magnet-frigider\/p\/"},"modified":"2022-07-06T20:09:37","modified_gmt":"2022-07-06T20:09:37","slug":"puzzle-60-weihnachten-color-me-game-magnet-frigider","status":"publish","type":"product","link":"https:\/\/business.roovi.com\/de\/puzzle-60-weihnachten-color-me-game-magnet-frigider\/p\/","title":{"rendered":"Puzzle 60 Weihnachten + Color Me Game + Magnet Frigider"},"content":{"rendered":"<p>Wir empfehlen dir dieses tolle Weihnachtspaket mit einem 60-teiligen Puzzle, einem K\u00fchlschrankmagneten f\u00fcr den Weihnachtsmann und einem K\u00fchlschrankmagneten zum Ausmalen, den du mit dem in der Packung enthaltenen Buntstiftset (6 Farben) ausf\u00fcllen kannst. Viel Spa\u00df!<\/p>\n","protected":false},"excerpt":{"rendered":"<p>Wir empfehlen dir dieses tolle Weihnachtspaket mit einem 60-teiligen Puzzle, einem K\u00fchlschrankmagneten f\u00fcr den Weihnachtsmann und einem K\u00fchlschrankmagneten zum Ausmalen,<\/p>\n","protected":false},"featured_media":33310,"template":"","meta":[],"product_brand":[],"product_cat":[1607,1624,1626],"product_tag":[],"class_list":{"0":"post-42742","1":"product","2":"type-product","3":"status-publish","4":"has-post-thumbnail","6":"product_cat-puzzles","7":"product_cat-children-puzzles","8":"product_cat-50-100-piece-puzzles","9":"pa_bax-8-en","10":"pa_brand-d_toys-en","11":"pa_filter_age-5_7-en","12":"pa_filter_age-7_9-en","13":"pa_painter-christmascollection-en","14":"pa_tip_ambalaj-box","15":"pa_tip_puzzle-special","17":"first","18":"outofstock","19":"taxable","20":"shipping-taxable","21":"product-type-simple"},"yoast_head":"<!-- This site is optimized with the Yoast SEO plugin v20.1 - https:\/\/yoast.com\/wordpress\/plugins\/seo\/ -->\n<title>Puzzle 60 Weihnachten + Color Me Game + Magnet Frigider<\/title>\n<meta name=\"description\" content=\"Puzzle 60 Weihnachten + Color Me Game + Magnet Frigider\" \/>\n<meta name=\"robots\" content=\"index, follow, max-snippet:-1, max-image-preview:large, max-video-preview:-1\" \/>\n<link rel=\"canonical\" href=\"https:\/\/business.roovi.com\/de\/puzzle-60-weihnachten-color-me-game-magnet-frigider\/p\/\" \/>\n<meta property=\"og:locale\" content=\"de_DE\" \/>\n<meta property=\"og:type\" content=\"article\" \/>\n<meta property=\"og:title\" content=\"Puzzle 60 Weihnachten + Color Me Game + Magnet Frigider\" \/>\n<meta property=\"og:description\" content=\"Puzzle 60 Weihnachten + Color Me Game + Magnet Frigider\" \/>\n<meta property=\"og:url\" content=\"https:\/\/business.roovi.com\/de\/puzzle-60-weihnachten-color-me-game-magnet-frigider\/p\/\" \/>\n<meta property=\"og:site_name\" content=\"Roovi B2B\" \/>\n<meta property=\"article:publisher\" content=\"https:\/\/www.facebook.com\/wwwjucariero\" \/>\n<meta property=\"article:modified_time\" content=\"2022-07-06T20:09:37+00:00\" \/>\n<meta property=\"og:image\" content=\"https:\/\/business.roovi.com\/wp-content\/uploads\/2018\/04\/color_me_craciun_65759.jpg\" \/>\n\t<meta property=\"og:image:width\" content=\"803\" \/>\n\t<meta property=\"og:image:height\" content=\"803\" \/>\n\t<meta property=\"og:image:type\" content=\"image\/jpeg\" \/>\n<script type=\"application\/ld+json\" class=\"yoast-schema-graph\">{\"@context\":\"https:\/\/schema.org\",\"@graph\":[{\"@type\":\"WebPage\",\"@id\":\"https:\/\/business.roovi.com\/de\/puzzle-60-weihnachten-color-me-game-magnet-frigider\/p\/\",\"url\":\"https:\/\/business.roovi.com\/de\/puzzle-60-weihnachten-color-me-game-magnet-frigider\/p\/\",\"name\":\"Puzzle 60 Weihnachten + Color Me Game + Magnet Frigider\",\"isPartOf\":{\"@id\":\"https:\/\/business.roovi.com\/de\/#website\"},\"datePublished\":\"2018-04-16T10:56:16+00:00\",\"dateModified\":\"2022-07-06T20:09:37+00:00\",\"description\":\"Puzzle 60 Weihnachten + Color Me Game + Magnet Frigider\",\"breadcrumb\":{\"@id\":\"https:\/\/business.roovi.com\/de\/puzzle-60-weihnachten-color-me-game-magnet-frigider\/p\/#breadcrumb\"},\"inLanguage\":\"de\",\"potentialAction\":[{\"@type\":\"ReadAction\",\"target\":[\"https:\/\/business.roovi.com\/de\/puzzle-60-weihnachten-color-me-game-magnet-frigider\/p\/\"]}]},{\"@type\":\"BreadcrumbList\",\"@id\":\"https:\/\/business.roovi.com\/de\/puzzle-60-weihnachten-color-me-game-magnet-frigider\/p\/#breadcrumb\",\"itemListElement\":[{\"@type\":\"ListItem\",\"position\":1,\"name\":\"Home\",\"item\":\"https:\/\/business.roovi.com\/de\/\"},{\"@type\":\"ListItem\",\"position\":2,\"name\":\"Shop\",\"item\":\"https:\/\/business.roovi.com\/de\/shop\/\"},{\"@type\":\"ListItem\",\"position\":3,\"name\":\"Puzzle 60 Weihnachten + Color Me Game + Magnet Frigider\"}]},{\"@type\":\"WebSite\",\"@id\":\"https:\/\/business.roovi.com\/de\/#website\",\"url\":\"https:\/\/business.roovi.com\/de\/\",\"name\":\"Roovi B2B\",\"description\":\"Roovi Business Website\",\"potentialAction\":[{\"@type\":\"SearchAction\",\"target\":{\"@type\":\"EntryPoint\",\"urlTemplate\":\"https:\/\/business.roovi.com\/de\/?s={search_term_string}\"},\"query-input\":\"required name=search_term_string\"}],\"inLanguage\":\"de\"}]}<\/script>\n<!-- \/ Yoast SEO plugin. -->","yoast_head_json":{"title":"Puzzle 60 Weihnachten + Color Me Game + Magnet Frigider","description":"Puzzle 60 Weihnachten + Color Me Game + Magnet Frigider","robots":{"index":"index","follow":"follow","max-snippet":"max-snippet:-1","max-image-preview":"max-image-preview:large","max-video-preview":"max-video-preview:-1"},"canonical":"https:\/\/business.roovi.com\/de\/puzzle-60-weihnachten-color-me-game-magnet-frigider\/p\/","og_locale":"de_DE","og_type":"article","og_title":"Puzzle 60 Weihnachten + Color Me Game + Magnet Frigider","og_description":"Puzzle 60 Weihnachten + Color Me Game + Magnet Frigider","og_url":"https:\/\/business.roovi.com\/de\/puzzle-60-weihnachten-color-me-game-magnet-frigider\/p\/","og_site_name":"Roovi B2B","article_publisher":"https:\/\/www.facebook.com\/wwwjucariero","article_modified_time":"2022-07-06T20:09:37+00:00","og_image":[{"width":803,"height":803,"url":"https:\/\/business.roovi.com\/wp-content\/uploads\/2018\/04\/color_me_craciun_65759.jpg","type":"image\/jpeg"}],"schema":{"@context":"https:\/\/schema.org","@graph":[{"@type":"WebPage","@id":"https:\/\/business.roovi.com\/de\/puzzle-60-weihnachten-color-me-game-magnet-frigider\/p\/","url":"https:\/\/business.roovi.com\/de\/puzzle-60-weihnachten-color-me-game-magnet-frigider\/p\/","name":"Puzzle 60 Weihnachten + Color Me Game + Magnet Frigider","isPartOf":{"@id":"https:\/\/business.roovi.com\/de\/#website"},"datePublished":"2018-04-16T10:56:16+00:00","dateModified":"2022-07-06T20:09:37+00:00","description":"Puzzle 60 Weihnachten + Color Me Game + Magnet Frigider","breadcrumb":{"@id":"https:\/\/business.roovi.com\/de\/puzzle-60-weihnachten-color-me-game-magnet-frigider\/p\/#breadcrumb"},"inLanguage":"de","potentialAction":[{"@type":"ReadAction","target":["https:\/\/business.roovi.com\/de\/puzzle-60-weihnachten-color-me-game-magnet-frigider\/p\/"]}]},{"@type":"BreadcrumbList","@id":"https:\/\/business.roovi.com\/de\/puzzle-60-weihnachten-color-me-game-magnet-frigider\/p\/#breadcrumb","itemListElement":[{"@type":"ListItem","position":1,"name":"Home","item":"https:\/\/business.roovi.com\/de\/"},{"@type":"ListItem","position":2,"name":"Shop","item":"https:\/\/business.roovi.com\/de\/shop\/"},{"@type":"ListItem","position":3,"name":"Puzzle 60 Weihnachten + Color Me Game + Magnet Frigider"}]},{"@type":"WebSite","@id":"https:\/\/business.roovi.com\/de\/#website","url":"https:\/\/business.roovi.com\/de\/","name":"Roovi B2B","description":"Roovi Business Website","potentialAction":[{"@type":"SearchAction","target":{"@type":"EntryPoint","urlTemplate":"https:\/\/business.roovi.com\/de\/?s={search_term_string}"},"query-input":"required name=search_term_string"}],"inLanguage":"de"}]}},"_links":{"self":[{"href":"https:\/\/business.roovi.com\/de\/wp-json\/wp\/v2\/product\/42742","targetHints":{"allow":["GET"]}}],"collection":[{"href":"https:\/\/business.roovi.com\/de\/wp-json\/wp\/v2\/product"}],"about":[{"href":"https:\/\/business.roovi.com\/de\/wp-json\/wp\/v2\/types\/product"}],"version-history":[{"count":0,"href":"https:\/\/business.roovi.com\/de\/wp-json\/wp\/v2\/product\/42742\/revisions"}],"wp:featuredmedia":[{"embeddable":true,"href":"https:\/\/business.roovi.com\/de\/wp-json\/wp\/v2\/media\/33310"}],"wp:attachment":[{"href":"https:\/\/business.roovi.com\/de\/wp-json\/wp\/v2\/media?parent=42742"}],"wp:term":[{"taxonomy":"product_brand","embeddable":true,"href":"https:\/\/business.roovi.com\/de\/wp-json\/wp\/v2\/product_brand?post=42742"},{"taxonomy":"product_cat","embeddable":true,"href":"https:\/\/business.roovi.com\/de\/wp-json\/wp\/v2\/product_cat?post=42742"},{"taxonomy":"product_tag","embeddable":true,"href":"https:\/\/business.roovi.com\/de\/wp-json\/wp\/v2\/product_tag?post=42742"}],"curies":[{"name":"wp","href":"https:\/\/api.w.org\/{rel}","templated":true}]}}