{"id":42964,"date":"2018-04-16T10:56:16","date_gmt":"2018-04-16T10:56:16","guid":{"rendered":"https:\/\/business.roovi.com\/puzzle-adulti-1000-piese-cartoon-collection-stonehenge\/p\/"},"modified":"2018-04-16T10:56:16","modified_gmt":"2018-04-16T10:56:16","slug":"puzzle-adulti-1000-piese-cartoon-collection-stonehenge","status":"publish","type":"product","link":"https:\/\/business.roovi.com\/de\/puzzle-adulti-1000-piese-cartoon-collection-stonehenge\/p\/","title":{"rendered":"Puzzle adulti 1000 piese &#8211; Cartoon Collection &#8211; Stonehenge"},"content":{"rendered":"<p><span style=\"font-weight: 400\">Te fascineaz\u0103 \u0219i acum personajele animate \u0219i-\u021bi plac \u00een acela\u0219i timp provoc\u0103rile jocurilor puzzle? Reg\u0103se\u0219te cele dou\u0103 pasiuni \u00eentr-o colec\u021bie original\u0103 \u0219i amuzant\u0103: puzzle 1000 piese Cartoon Collection.<\/span><\/p>\n<p><span style=\"font-weight: 400\">Puzzle 1000 piese Cartoon &#8211; Stonehenge \u00ee\u021bi prezint\u0103 o ilustra\u021bie inedit\u0103 \u00een care o mul\u021bime de personaje animate hazlii \u00ee\u0219i fac de cap prin Stonehenge. Unele \u00eencearc\u0103 s\u0103 a\u0219eze pietrele \u00eentr-o alt\u0103 ordine, altele \u00ee\u0219i unesc for\u021bele \u0219i \u00eencearc\u0103 s\u0103 duc\u0103 departe pietrele gigantice, alte sunt pur \u0219i simplu fascinate de peisaj. Cert este c\u0103 fiecare spiridu\u0219 din puzzle 1000 piese Stonehenge are o sarcin\u0103 precis\u0103, niciunul nu se afl\u0103 acolo la \u00eent\u00e2mplare.<\/span><\/p>\n<p><span style=\"font-weight: 400\">Fascinant \u0219i misterios, ansamblul Stonehenge a cunoscut de-a lungul timpului reprezent\u0103ri din cele mai diverse. \u00cens\u0103 \u00eentr-un scenariu animat, cu at\u00e2t de multe personaje adorabile, cu siguran\u021b\u0103 nu l-ai reg\u0103sit nic\u0103ieri p\u00e2n\u0103 acum.<\/span><\/p>\n<p><span style=\"font-weight: 400\">Puzzle 1000 piese Stonehenge \u00ee\u021bi ofer\u0103 provocarea de a trece la un nivel superior \u00een jocurile puzzle. Dac\u0103 nu ai curaj s\u0103 te \u00eencume\u021bi singur la o munc\u0103 laborioas\u0103, cheam\u0103-\u021bi \u00een ajutor copiii. Ave\u021bi garantate p\u00e2n\u0103 la 30 de ore de relaxare \u0219i distrac\u021bie colosal\u0103.<\/span><\/p>\n<p><strong>De ce s\u0103 alegi puzzle 1000 piese Cartoon Collection &#8211; Stonehenge?<\/strong><\/p>\n<p><span style=\"font-weight: 400\">Ob\u021bii un tablou inedit cu dimensiunile de 50 x 70 cm cu care \u00ee\u021bi po\u021bi decora locuin\u021ba.<\/span><\/p>\n<p><span style=\"font-weight: 400\">Este fabricat din carton albastru de calitate superioar\u0103 ceea ce \u00eei confer\u0103 rezisten\u021b\u0103 sporit\u0103.<\/span><\/p>\n<p><span style=\"font-weight: 400\">Piesele de puzzle 1000 sunt t\u0103iate cu precizie \u0219i se \u00eembin\u0103 perfect, astfel c\u0103 imaginea asamblat\u0103 arat\u0103 impecabil.<\/span><\/p>\n<p><span style=\"font-weight: 400\">Finisajul este semi-lucios, \u00een culori vii ce scot \u00een eviden\u021b\u0103 frumuse\u021bea ilustra\u021biei.<\/span><\/p>\n<p><span style=\"font-weight: 400\">Este un produs prietenos cu natura, fiind confec\u021bionat din materiale reciclabile \u0219i sustenabile.<\/span><\/p>\n<p><span style=\"font-weight: 400\">Este potrivit persoanelor peste 14 ani &#8211; prilej de distrac\u021bie maxim\u0103 \u00eempreun\u0103 cu copiii t\u0103i adolescen\u021bi.<\/span><\/p>\n<p><span style=\"font-weight: 400\">Dac\u0103 vrei s\u0103 alungi monotonia zilelor friguroase de iarn\u0103, puzzle 1000 piese Stonehenge din colec\u021bia cartoon puzzle este alegerea potrivit\u0103. \u00cen plus, te ajut\u0103 s\u0103-\u021bi dezvol\u021bi abilit\u0103\u021bi pe care le utilizezi \u00een activit\u0103\u021bile curente:<\/span><\/p>\n<ul>\n<li><span style=\"font-weight: 400\">\u00ce\u021bi dezvolt\u0103 aten\u021bia pentru detalii.<\/span><\/li>\n<li><span style=\"font-weight: 400\">\u00ce\u021bi cultiv\u0103 r\u0103bdarea.<\/span><\/li>\n<li><span style=\"font-weight: 400\">\u00ce\u021bi men\u021bine concentrarea pe o singur\u0103 sarcin\u0103.<\/span><\/li>\n<li><span style=\"font-weight: 400\">\u00ce\u021bi dezvolt\u0103 g\u00e2ndirea logic\u0103.<\/span><\/li>\n<li><span style=\"font-weight: 400\">\u00ce\u021bi antreneaz\u0103 dexteritatea.<\/span><\/li>\n<\/ul>\n<p><strong>\u0218tiai c\u0103\u2026?<\/strong><\/p>\n<p><span style=\"font-weight: 400\">Se estimeaz\u0103 c\u0103 lucr\u0103rile pentru crearea Stonehenge au \u00eenceput \u00een anul 3000 \u00ce.Hr. Nu se cunoa\u0219te \u00eens\u0103 cu certitudine cine a comandat construc\u021bia \u0219i cine a realizat-o.<\/span><\/p>\n<p><span style=\"font-weight: 400\">Se crede totu\u0219i c\u0103 acest ansamblu a fost construit pentru a urm\u0103ri solsti\u021biul de var\u0103.<\/span><\/p>\n<p><span style=\"font-weight: 400\">Cea mai mare piatr\u0103 de la Stonehenge c\u00e2nt\u0103re\u0219te aproximativ 50 de tone. R\u0103m\u00e2ne \u00eenc\u0103 un mister cum a fost transportat\u0103 acolo de la aproximativ 300 km dep\u0103rtare.<\/span><\/p>\n<p><span style=\"font-weight: 400\">Amatorii legendelor arthuriene atribuie construc\u021bia vr\u0103jitorului Merlin care l-ar fi mutat din Irlanda unde fusese ini\u021bial \u0219i l-ar fi reconstruit \u00een Wiltshire \u00een memoria celor 3.000 de nobili uci\u0219i \u00een b\u0103t\u0103lia cu saxonii.<\/span><\/p>\n<p><span style=\"font-weight: 400\">Acest obiectiv din patrimoniul UNESCO este vizitat anual de peste un milion de turi\u0219ti din toat\u0103 lumea.<\/span><\/p>\n<p><strong>Puzzle 1000 piese Cartoon Collection &#8211; Stonehenge moment de conectare cu cei dragi<\/strong><\/p>\n<p><span style=\"font-weight: 400\">Timpul petrecut al\u0103turi de cei dragi este rar \u0219i de aceea extrem de pre\u021bios. Dac\u0103 vrei s\u0103 organizezi o activitate creativ\u0103 \u0219i amuzant\u0103, puzzle 1000 piese Stonehenge din colec\u021bia Cartoon puzzle este o op\u021biune demn\u0103 de luat \u00een calcul.<\/span><\/p>\n<p><span style=\"font-weight: 400\">Peste momentele de c\u0103utare a pieselor potrivite, presar\u0103 elemente de legend\u0103 care troneaz\u0103 \u00een jurul acestei minuni a lumii \u0219i seara ta de relaxare \u00een familie cap\u0103t\u0103 valen\u021bele distrac\u021biei fabuloase. Te bucuri de compania celor dragi \u0219i crea\u021bi \u00eempreun\u0103 amintiri pre\u021bioase care-\u021bi bucur\u0103 sufletul peste ani.<\/span><\/p>\n<p><span style=\"font-weight: 400\">Alege puzzle 1000 piese Stonehenge din colec\u021bia Cartoon puzzle \u0219i tr\u0103ie\u0219te o experien\u021b\u0103 uimitoare de relaxare \u0219i deconectare de la cotidian. P\u0103streaz\u0103 acest joc puzzle \u00een cas\u0103 pentru momentene \u00een care vrei s\u0103 alungi monotonia sau pune-l \u00een ram\u0103 \u0219i aminte\u0219te-\u021bi mereu de bucuria crea\u021biei al\u0103turi de cei dragi.<\/span><\/p>\n<p><span style=\"font-weight: 400\">Puzzle 1000 piese Stonehenge din colec\u021bia Cartoon puzzle poate fi un cadou potrivit de s\u0103rb\u0103tori sau pentru momentele \u00een care vrei s\u0103 le oferi prietenilor o provocare mental\u0103 deosebit\u0103.<\/span><\/p><\/p>\n","protected":false},"excerpt":{"rendered":"<p>Te fascineaz\u0103 \u0219i acum personajele animate \u0219i-\u021bi plac \u00een acela\u0219i timp provoc\u0103rile jocurilor puzzle? Reg\u0103se\u0219te cele dou\u0103 pasiuni \u00eentr-o colec\u021bie<\/p>\n","protected":false},"featured_media":33572,"template":"","meta":[],"product_brand":[],"product_cat":[1916,1875,1915],"product_tag":[],"class_list":{"0":"post-42964","1":"product","2":"type-product","3":"status-publish","4":"has-post-thumbnail","6":"product_cat-1000-teile-puzzle","7":"product_cat-puzzle-de","8":"product_cat-puzzlespiele-fur-erwachsene","9":"pa_bax-10-de","10":"pa_brand-d_toys-de","11":"pa_country_of_manufacture-ro-de","12":"pa_filter_age-14-de","13":"pa_painter-cartooncollection-de","14":"pa_tip_ambalaj-kasten-a4-de","15":"pa_tip_puzzle-klassisch","17":"first","18":"instock","19":"taxable","20":"shipping-taxable","21":"product-type-simple"},"yoast_head":"<!-- This site is optimized with the Yoast SEO plugin v20.1 - https:\/\/yoast.com\/wordpress\/plugins\/seo\/ -->\n<title>Puzzle adulti 1000 piese - Cartoon Collection - Stonehenge - Roovi B2B<\/title>\n<meta name=\"robots\" content=\"index, follow, max-snippet:-1, max-image-preview:large, max-video-preview:-1\" \/>\n<link rel=\"canonical\" href=\"https:\/\/business.roovi.com\/de\/puzzle-adulti-1000-piese-cartoon-collection-stonehenge\/p\/\" \/>\n<meta property=\"og:locale\" content=\"de_DE\" \/>\n<meta property=\"og:type\" content=\"article\" \/>\n<meta property=\"og:title\" content=\"Puzzle adulti 1000 piese - Cartoon Collection - Stonehenge - Roovi B2B\" \/>\n<meta property=\"og:description\" content=\"Te fascineaz\u0103 \u0219i acum personajele animate \u0219i-\u021bi plac \u00een acela\u0219i timp provoc\u0103rile jocurilor puzzle? Reg\u0103se\u0219te cele dou\u0103 pasiuni \u00eentr-o colec\u021bie\" \/>\n<meta property=\"og:url\" content=\"https:\/\/business.roovi.com\/de\/puzzle-adulti-1000-piese-cartoon-collection-stonehenge\/p\/\" \/>\n<meta property=\"og:site_name\" content=\"Roovi B2B\" \/>\n<meta property=\"article:publisher\" content=\"https:\/\/www.facebook.com\/wwwjucariero\" \/>\n<meta property=\"og:image\" content=\"https:\/\/business.roovi.com\/wp-content\/uploads\/2018\/04\/61218-02_ansamblu_dimensiuni_cutie_cm_1200x1200.png\" \/>\n\t<meta property=\"og:image:width\" content=\"2000\" \/>\n\t<meta property=\"og:image:height\" content=\"2000\" \/>\n\t<meta property=\"og:image:type\" content=\"image\/png\" \/>\n<meta name=\"twitter:label1\" content=\"Gesch\u00e4tzte Lesezeit\" \/>\n\t<meta name=\"twitter:data1\" content=\"3\u00a0Minuten\" \/>\n<script type=\"application\/ld+json\" class=\"yoast-schema-graph\">{\"@context\":\"https:\/\/schema.org\",\"@graph\":[{\"@type\":\"WebPage\",\"@id\":\"https:\/\/business.roovi.com\/de\/puzzle-adulti-1000-piese-cartoon-collection-stonehenge\/p\/\",\"url\":\"https:\/\/business.roovi.com\/de\/puzzle-adulti-1000-piese-cartoon-collection-stonehenge\/p\/\",\"name\":\"Puzzle adulti 1000 piese - Cartoon Collection - Stonehenge - Roovi B2B\",\"isPartOf\":{\"@id\":\"https:\/\/business.roovi.com\/de\/#website\"},\"datePublished\":\"2018-04-16T10:56:16+00:00\",\"dateModified\":\"2018-04-16T10:56:16+00:00\",\"breadcrumb\":{\"@id\":\"https:\/\/business.roovi.com\/de\/puzzle-adulti-1000-piese-cartoon-collection-stonehenge\/p\/#breadcrumb\"},\"inLanguage\":\"de\",\"potentialAction\":[{\"@type\":\"ReadAction\",\"target\":[\"https:\/\/business.roovi.com\/de\/puzzle-adulti-1000-piese-cartoon-collection-stonehenge\/p\/\"]}]},{\"@type\":\"BreadcrumbList\",\"@id\":\"https:\/\/business.roovi.com\/de\/puzzle-adulti-1000-piese-cartoon-collection-stonehenge\/p\/#breadcrumb\",\"itemListElement\":[{\"@type\":\"ListItem\",\"position\":1,\"name\":\"Home\",\"item\":\"https:\/\/business.roovi.com\/de\/\"},{\"@type\":\"ListItem\",\"position\":2,\"name\":\"Shop\",\"item\":\"https:\/\/business.roovi.com\/de\/shop\/\"},{\"@type\":\"ListItem\",\"position\":3,\"name\":\"Puzzle adulti 1000 piese &#8211; Cartoon Collection &#8211; Stonehenge\"}]},{\"@type\":\"WebSite\",\"@id\":\"https:\/\/business.roovi.com\/de\/#website\",\"url\":\"https:\/\/business.roovi.com\/de\/\",\"name\":\"Roovi B2B\",\"description\":\"Roovi Business Website\",\"potentialAction\":[{\"@type\":\"SearchAction\",\"target\":{\"@type\":\"EntryPoint\",\"urlTemplate\":\"https:\/\/business.roovi.com\/de\/?s={search_term_string}\"},\"query-input\":\"required name=search_term_string\"}],\"inLanguage\":\"de\"}]}<\/script>\n<!-- \/ Yoast SEO plugin. -->","yoast_head_json":{"title":"Puzzle adulti 1000 piese - Cartoon Collection - Stonehenge - Roovi B2B","robots":{"index":"index","follow":"follow","max-snippet":"max-snippet:-1","max-image-preview":"max-image-preview:large","max-video-preview":"max-video-preview:-1"},"canonical":"https:\/\/business.roovi.com\/de\/puzzle-adulti-1000-piese-cartoon-collection-stonehenge\/p\/","og_locale":"de_DE","og_type":"article","og_title":"Puzzle adulti 1000 piese - Cartoon Collection - Stonehenge - Roovi B2B","og_description":"Te fascineaz\u0103 \u0219i acum personajele animate \u0219i-\u021bi plac \u00een acela\u0219i timp provoc\u0103rile jocurilor puzzle? Reg\u0103se\u0219te cele dou\u0103 pasiuni \u00eentr-o colec\u021bie","og_url":"https:\/\/business.roovi.com\/de\/puzzle-adulti-1000-piese-cartoon-collection-stonehenge\/p\/","og_site_name":"Roovi B2B","article_publisher":"https:\/\/www.facebook.com\/wwwjucariero","og_image":[{"width":2000,"height":2000,"url":"https:\/\/business.roovi.com\/wp-content\/uploads\/2018\/04\/61218-02_ansamblu_dimensiuni_cutie_cm_1200x1200.png","type":"image\/png"}],"twitter_misc":{"Gesch\u00e4tzte Lesezeit":"3\u00a0Minuten"},"schema":{"@context":"https:\/\/schema.org","@graph":[{"@type":"WebPage","@id":"https:\/\/business.roovi.com\/de\/puzzle-adulti-1000-piese-cartoon-collection-stonehenge\/p\/","url":"https:\/\/business.roovi.com\/de\/puzzle-adulti-1000-piese-cartoon-collection-stonehenge\/p\/","name":"Puzzle adulti 1000 piese - Cartoon Collection - Stonehenge - Roovi B2B","isPartOf":{"@id":"https:\/\/business.roovi.com\/de\/#website"},"datePublished":"2018-04-16T10:56:16+00:00","dateModified":"2018-04-16T10:56:16+00:00","breadcrumb":{"@id":"https:\/\/business.roovi.com\/de\/puzzle-adulti-1000-piese-cartoon-collection-stonehenge\/p\/#breadcrumb"},"inLanguage":"de","potentialAction":[{"@type":"ReadAction","target":["https:\/\/business.roovi.com\/de\/puzzle-adulti-1000-piese-cartoon-collection-stonehenge\/p\/"]}]},{"@type":"BreadcrumbList","@id":"https:\/\/business.roovi.com\/de\/puzzle-adulti-1000-piese-cartoon-collection-stonehenge\/p\/#breadcrumb","itemListElement":[{"@type":"ListItem","position":1,"name":"Home","item":"https:\/\/business.roovi.com\/de\/"},{"@type":"ListItem","position":2,"name":"Shop","item":"https:\/\/business.roovi.com\/de\/shop\/"},{"@type":"ListItem","position":3,"name":"Puzzle adulti 1000 piese &#8211; Cartoon Collection &#8211; Stonehenge"}]},{"@type":"WebSite","@id":"https:\/\/business.roovi.com\/de\/#website","url":"https:\/\/business.roovi.com\/de\/","name":"Roovi B2B","description":"Roovi Business Website","potentialAction":[{"@type":"SearchAction","target":{"@type":"EntryPoint","urlTemplate":"https:\/\/business.roovi.com\/de\/?s={search_term_string}"},"query-input":"required name=search_term_string"}],"inLanguage":"de"}]}},"_links":{"self":[{"href":"https:\/\/business.roovi.com\/de\/wp-json\/wp\/v2\/product\/42964","targetHints":{"allow":["GET"]}}],"collection":[{"href":"https:\/\/business.roovi.com\/de\/wp-json\/wp\/v2\/product"}],"about":[{"href":"https:\/\/business.roovi.com\/de\/wp-json\/wp\/v2\/types\/product"}],"version-history":[{"count":0,"href":"https:\/\/business.roovi.com\/de\/wp-json\/wp\/v2\/product\/42964\/revisions"}],"wp:featuredmedia":[{"embeddable":true,"href":"https:\/\/business.roovi.com\/de\/wp-json\/wp\/v2\/media\/33572"}],"wp:attachment":[{"href":"https:\/\/business.roovi.com\/de\/wp-json\/wp\/v2\/media?parent=42964"}],"wp:term":[{"taxonomy":"product_brand","embeddable":true,"href":"https:\/\/business.roovi.com\/de\/wp-json\/wp\/v2\/product_brand?post=42964"},{"taxonomy":"product_cat","embeddable":true,"href":"https:\/\/business.roovi.com\/de\/wp-json\/wp\/v2\/product_cat?post=42964"},{"taxonomy":"product_tag","embeddable":true,"href":"https:\/\/business.roovi.com\/de\/wp-json\/wp\/v2\/product_tag?post=42964"}],"curies":[{"name":"wp","href":"https:\/\/api.w.org\/{rel}","templated":true}]}}