{"id":43104,"date":"2018-04-16T10:56:09","date_gmt":"2018-04-16T10:56:09","guid":{"rendered":"https:\/\/business.roovi.com\/carti-de-joc-poker-carton\/p\/"},"modified":"2023-03-01T15:23:10","modified_gmt":"2023-03-01T15:23:10","slug":"carti-de-joc-poker-carton","status":"publish","type":"product","link":"https:\/\/business.roovi.com\/de\/carti-de-joc-poker-carton\/p\/","title":{"rendered":"Professionelle Spielkarten &#8211; Poker &#8211; Karton"},"content":{"rendered":"<p>Wussten Sie, dass Spielkarten, deren Herkunft ungewiss ist und die vermutlich aus Asien stammen, gegen Ende des 14. Jahrhunderts nach Europa gebracht wurden?<\/p>\n<p>Seitdem sind Spielkarten ein fester Bestandteil an K\u00f6nigsh\u00f6fen, bei rauschenden Festen und in den H\u00e4usern der einfachen Leute.<\/p>\n<p>In der Tat ist ein Spiel mit Spielkarten das praktischste Mittel, um die Stimmung aufrechtzuerhalten und den Spa\u00df bei einer Zusammenkunft mit Freunden in Gang zu bringen.<\/p>\n<p>Worauf wartest du noch? Holen Sie sich einen Satz Pokerkarten aus Pappe und bringen Sie Spa\u00df in Ihr Haus.<\/p>\n<h2>Warum ist Poker Spielkarten so besonders<\/h2>\n<p>Sie sind eine erschwingliche, preiswerte M\u00f6glichkeit, eine Party zu beleben oder mit Kindern oder Freunden Spa\u00df zu haben, wenn man etwas Lustiges, aber nicht Kompliziertes will.<\/p>\n<p>Au\u00dferdem kann man mit einem einfachen Kartenspiel so viele Spiele spielen, von Poker bis Macau, Krieg, Skeptic, Toci, Maciupiciu usw.<\/p>\n<p>Sie machen sowohl Kindern als auch Erwachsenen Spa\u00df und f\u00f6rdern die Aufmerksamkeit, das Ged\u00e4chtnis, die Koordination und die Teamarbeit. Sie vermitteln eine wichtige Lektion \u00fcber Regeln und die Wichtigkeit, sie zu befolgen.<\/p>\n<p>Sie sind auch eine einfache und wirksame Methode, Kindern die Lektion der Geduld, der Akzeptanz von Niederlagen und der Freude am Erfolg zu vermitteln.<\/p>\n<p>Und f\u00fcr junge Abenteurer kann das Bauen einer Burg aus Spielkarten eine Herausforderung sein, die sie f\u00fcr lange Zeit besch\u00e4ftigt.<\/p>\n<p>F\u00fcr welches Spiel Sie sich auch immer entscheiden, ob mit Freunden oder Kindern, ein Spielkartensatz ist ein Muss.<\/p>\n<p>Muss ich noch erw\u00e4hnen, dass sie aus Pappe bestehen, verschlei\u00dffest sind und Hunderte von Stunden Spielspa\u00df bieten? Au\u00dferdem haben sie genau die richtige Gr\u00f6\u00dfe, um in jede Tasche oder jeden Rucksack zu passen, und man kann sie \u00fcberallhin mitnehmen.<\/p>\n<p>Wer h\u00e4tte gedacht, dass ein Kartenspiel so viele Vorteile mit sich bringt, oder? Holen Sie sich jetzt Ihr P\u00e4ckchen und machen Sie Ihre Karten!<\/p>\n<p>P.S. Die Spielkarten sind auch in einer Plastikversion erh\u00e4ltlich.<\/p>\n","protected":false},"excerpt":{"rendered":"<p>Wussten Sie, dass Spielkarten, deren Herkunft ungewiss ist und die vermutlich aus Asien stammen, gegen Ende des 14. Jahrhunderts nach<\/p>\n","protected":false},"featured_media":68861,"template":"","meta":[],"product_brand":[],"product_cat":[1853,1943],"product_tag":[],"class_list":{"0":"post-43104","1":"product","2":"type-product","3":"status-publish","4":"has-post-thumbnail","6":"product_cat-brettspiele","7":"product_cat-spielkarten","8":"pa_brand-deico-de","9":"pa_country_of_manufacture-ro-de","10":"pa_filter_age-14-de","11":"pa_tip_ambalaj-kasten-a4-de","13":"first","14":"instock","15":"taxable","16":"shipping-taxable","17":"product-type-simple"},"yoast_head":"<!-- This site is optimized with the Yoast SEO plugin v20.1 - https:\/\/yoast.com\/wordpress\/plugins\/seo\/ -->\n<title>Professionelle Spielkarten - Poker - Karton - Roovi B2B<\/title>\n<meta name=\"robots\" content=\"index, follow, max-snippet:-1, max-image-preview:large, max-video-preview:-1\" \/>\n<link rel=\"canonical\" href=\"https:\/\/business.roovi.com\/de\/carti-de-joc-poker-carton\/p\/\" \/>\n<meta property=\"og:locale\" content=\"de_DE\" \/>\n<meta property=\"og:type\" content=\"article\" \/>\n<meta property=\"og:title\" content=\"Professionelle Spielkarten - Poker - Karton - Roovi B2B\" \/>\n<meta property=\"og:description\" content=\"Wussten Sie, dass Spielkarten, deren Herkunft ungewiss ist und die vermutlich aus Asien stammen, gegen Ende des 14. Jahrhunderts nach\" \/>\n<meta property=\"og:url\" content=\"https:\/\/business.roovi.com\/de\/carti-de-joc-poker-carton\/p\/\" \/>\n<meta property=\"og:site_name\" content=\"Roovi B2B\" \/>\n<meta property=\"article:publisher\" content=\"https:\/\/www.facebook.com\/wwwjucariero\" \/>\n<meta property=\"article:modified_time\" content=\"2023-03-01T15:23:10+00:00\" \/>\n<meta property=\"og:image\" content=\"https:\/\/business.roovi.com\/wp-content\/uploads\/2018\/04\/Poker-02.jpg\" \/>\n\t<meta property=\"og:image:width\" content=\"1200\" \/>\n\t<meta property=\"og:image:height\" content=\"1200\" \/>\n\t<meta property=\"og:image:type\" content=\"image\/jpeg\" \/>\n<meta name=\"twitter:label1\" content=\"Gesch\u00e4tzte Lesezeit\" \/>\n\t<meta name=\"twitter:data1\" content=\"2\u00a0Minuten\" \/>\n<script type=\"application\/ld+json\" class=\"yoast-schema-graph\">{\"@context\":\"https:\/\/schema.org\",\"@graph\":[{\"@type\":\"WebPage\",\"@id\":\"https:\/\/business.roovi.com\/de\/carti-de-joc-poker-carton\/p\/\",\"url\":\"https:\/\/business.roovi.com\/de\/carti-de-joc-poker-carton\/p\/\",\"name\":\"Professionelle Spielkarten - Poker - Karton - Roovi B2B\",\"isPartOf\":{\"@id\":\"https:\/\/business.roovi.com\/de\/#website\"},\"datePublished\":\"2018-04-16T10:56:09+00:00\",\"dateModified\":\"2023-03-01T15:23:10+00:00\",\"breadcrumb\":{\"@id\":\"https:\/\/business.roovi.com\/de\/carti-de-joc-poker-carton\/p\/#breadcrumb\"},\"inLanguage\":\"de\",\"potentialAction\":[{\"@type\":\"ReadAction\",\"target\":[\"https:\/\/business.roovi.com\/de\/carti-de-joc-poker-carton\/p\/\"]}]},{\"@type\":\"BreadcrumbList\",\"@id\":\"https:\/\/business.roovi.com\/de\/carti-de-joc-poker-carton\/p\/#breadcrumb\",\"itemListElement\":[{\"@type\":\"ListItem\",\"position\":1,\"name\":\"Home\",\"item\":\"https:\/\/business.roovi.com\/de\/\"},{\"@type\":\"ListItem\",\"position\":2,\"name\":\"Shop\",\"item\":\"https:\/\/business.roovi.com\/de\/shop\/\"},{\"@type\":\"ListItem\",\"position\":3,\"name\":\"Professionelle Spielkarten &#8211; Poker &#8211; Karton\"}]},{\"@type\":\"WebSite\",\"@id\":\"https:\/\/business.roovi.com\/de\/#website\",\"url\":\"https:\/\/business.roovi.com\/de\/\",\"name\":\"Roovi B2B\",\"description\":\"Roovi Business Website\",\"potentialAction\":[{\"@type\":\"SearchAction\",\"target\":{\"@type\":\"EntryPoint\",\"urlTemplate\":\"https:\/\/business.roovi.com\/de\/?s={search_term_string}\"},\"query-input\":\"required name=search_term_string\"}],\"inLanguage\":\"de\"}]}<\/script>\n<!-- \/ Yoast SEO plugin. -->","yoast_head_json":{"title":"Professionelle Spielkarten - Poker - Karton - Roovi B2B","robots":{"index":"index","follow":"follow","max-snippet":"max-snippet:-1","max-image-preview":"max-image-preview:large","max-video-preview":"max-video-preview:-1"},"canonical":"https:\/\/business.roovi.com\/de\/carti-de-joc-poker-carton\/p\/","og_locale":"de_DE","og_type":"article","og_title":"Professionelle Spielkarten - Poker - Karton - Roovi B2B","og_description":"Wussten Sie, dass Spielkarten, deren Herkunft ungewiss ist und die vermutlich aus Asien stammen, gegen Ende des 14. Jahrhunderts nach","og_url":"https:\/\/business.roovi.com\/de\/carti-de-joc-poker-carton\/p\/","og_site_name":"Roovi B2B","article_publisher":"https:\/\/www.facebook.com\/wwwjucariero","article_modified_time":"2023-03-01T15:23:10+00:00","og_image":[{"width":1200,"height":1200,"url":"https:\/\/business.roovi.com\/wp-content\/uploads\/2018\/04\/Poker-02.jpg","type":"image\/jpeg"}],"twitter_misc":{"Gesch\u00e4tzte Lesezeit":"2\u00a0Minuten"},"schema":{"@context":"https:\/\/schema.org","@graph":[{"@type":"WebPage","@id":"https:\/\/business.roovi.com\/de\/carti-de-joc-poker-carton\/p\/","url":"https:\/\/business.roovi.com\/de\/carti-de-joc-poker-carton\/p\/","name":"Professionelle Spielkarten - Poker - Karton - Roovi B2B","isPartOf":{"@id":"https:\/\/business.roovi.com\/de\/#website"},"datePublished":"2018-04-16T10:56:09+00:00","dateModified":"2023-03-01T15:23:10+00:00","breadcrumb":{"@id":"https:\/\/business.roovi.com\/de\/carti-de-joc-poker-carton\/p\/#breadcrumb"},"inLanguage":"de","potentialAction":[{"@type":"ReadAction","target":["https:\/\/business.roovi.com\/de\/carti-de-joc-poker-carton\/p\/"]}]},{"@type":"BreadcrumbList","@id":"https:\/\/business.roovi.com\/de\/carti-de-joc-poker-carton\/p\/#breadcrumb","itemListElement":[{"@type":"ListItem","position":1,"name":"Home","item":"https:\/\/business.roovi.com\/de\/"},{"@type":"ListItem","position":2,"name":"Shop","item":"https:\/\/business.roovi.com\/de\/shop\/"},{"@type":"ListItem","position":3,"name":"Professionelle Spielkarten &#8211; Poker &#8211; Karton"}]},{"@type":"WebSite","@id":"https:\/\/business.roovi.com\/de\/#website","url":"https:\/\/business.roovi.com\/de\/","name":"Roovi B2B","description":"Roovi Business Website","potentialAction":[{"@type":"SearchAction","target":{"@type":"EntryPoint","urlTemplate":"https:\/\/business.roovi.com\/de\/?s={search_term_string}"},"query-input":"required name=search_term_string"}],"inLanguage":"de"}]}},"_links":{"self":[{"href":"https:\/\/business.roovi.com\/de\/wp-json\/wp\/v2\/product\/43104","targetHints":{"allow":["GET"]}}],"collection":[{"href":"https:\/\/business.roovi.com\/de\/wp-json\/wp\/v2\/product"}],"about":[{"href":"https:\/\/business.roovi.com\/de\/wp-json\/wp\/v2\/types\/product"}],"version-history":[{"count":0,"href":"https:\/\/business.roovi.com\/de\/wp-json\/wp\/v2\/product\/43104\/revisions"}],"wp:featuredmedia":[{"embeddable":true,"href":"https:\/\/business.roovi.com\/de\/wp-json\/wp\/v2\/media\/68861"}],"wp:attachment":[{"href":"https:\/\/business.roovi.com\/de\/wp-json\/wp\/v2\/media?parent=43104"}],"wp:term":[{"taxonomy":"product_brand","embeddable":true,"href":"https:\/\/business.roovi.com\/de\/wp-json\/wp\/v2\/product_brand?post=43104"},{"taxonomy":"product_cat","embeddable":true,"href":"https:\/\/business.roovi.com\/de\/wp-json\/wp\/v2\/product_cat?post=43104"},{"taxonomy":"product_tag","embeddable":true,"href":"https:\/\/business.roovi.com\/de\/wp-json\/wp\/v2\/product_tag?post=43104"}],"curies":[{"name":"wp","href":"https:\/\/api.w.org\/{rel}","templated":true}]}}