{"id":43324,"date":"2018-04-16T10:56:08","date_gmt":"2018-04-16T10:56:08","guid":{"rendered":"https:\/\/business.roovi.com\/joc-nu-te-supara-original\/p\/"},"modified":"2023-03-08T09:59:21","modified_gmt":"2023-03-08T09:59:21","slug":"los-los-bruder","status":"publish","type":"product","link":"https:\/\/business.roovi.com\/de\/los-los-bruder\/p\/","title":{"rendered":"Los, Los, Bruder"},"content":{"rendered":"<p>Vermissen Sie nicht manchmal die Spiele Ihrer Kindheit? Erz\u00e4hlen Sie Ihren Kindern von den Spielen, die Sie fr\u00fcher mit Freunden oder der Familie gespielt haben, und m\u00f6chten Sie ihnen die Freude von damals weitergeben?<\/p>\n<p>Los, Los, Bruder Original ist eines dieser altehrw\u00fcrdigen Spiele, das die Zeit \u00fcberdauert hat. Es ist das Spiel, auf das Sie immer wieder zur\u00fcckkommen, wenn Sie sich mit Kindern treffen und gemeinsam Spa\u00df haben wollen, w\u00e4hrend Sie Ihren Kleinen helfen, wichtige F\u00e4higkeiten zu entwickeln.<\/p>\n<p>Mit einfachen Regeln, die auch f\u00fcr die j\u00fcngsten Teilnehmer leicht zu befolgen sind, legt Los, Los, Bruder Original den Schwerpunkt auf die Interaktion der Spieler.<\/p>\n<h3>Wussten Sie, dass das Spiel&#8230;<\/h3>\n<ul>\n<li>die Konzentrationsf\u00e4higkeit anregt.<\/li>\n<li>Es lehrt kleine Kinder grundlegende mathematische Konzepte wie Z\u00e4hlen und Addieren, die notwendig sind, um auf dem Spielbrett voranzukommen.<\/li>\n<li>Es entwickelt den Wettbewerbsgeist.<\/li>\n<li>Es hilft ihnen, Niederlagen zu akzeptieren und weiterzuspielen.<\/li>\n<li>Es ist eine gute Gelegenheit, \u00fcber Emotionen und deren Bew\u00e4ltigung zu sprechen &#8211; wir wissen, wie schwer es f\u00fcr die Kleinen ist, zu verlieren, und wie s\u00fc\u00df sie sind, wenn sie schmollend w\u00fcrfeln \ud83d\ude42<\/li>\n<\/ul>\n<h3>Warum sollte man sich f\u00fcr Don&#8217;t get upset Original entscheiden?<\/h3>\n<p>Das gro\u00dfe Spielbrett bietet viel Platz f\u00fcr Bewegung und ist f\u00fcr die kleinen Spieler leichter zu verfolgen.<\/p>\n<p>Sich mit den Spielsteinen \u00fcber das Spielbrett zu bewegen, ist eine gro\u00dfartige \u00dcbung f\u00fcr Koordination und Aufmerksamkeit. Die Kinder m\u00fcssen ihren eigenen Spielstein identifizieren und dem Weg in die richtige Richtung zum richtigen Farbfeld folgen.<\/p>\n<p>Das Spielbrett besteht aus dickem, widerstandsf\u00e4higem Karton, der immer wieder verwendet werden kann, ohne sich zu verziehen oder zu rei\u00dfen.<\/p>\n<p>Empfohlenes Alter: ab 4 Jahren<\/p>\n<p>Spieler: 2-6 Personen<\/p>\n<p>Schachtel enth\u00e4lt: 1 doppelseitiges Spielbrett, 1 W\u00fcrfel, 24 Spielsteine, Spielregeln<\/p>\n<p>Das Spiel wird nicht f\u00fcr Kinder unter 3 Jahren empfohlen. Enth\u00e4lt kleine Teile, die verschluckt werden k\u00f6nnen.<\/p>\n","protected":false},"excerpt":{"rendered":"<p>Vermissen Sie nicht manchmal die Spiele Ihrer Kindheit? Erz\u00e4hlen Sie Ihren Kindern von den Spielen, die Sie fr\u00fcher mit Freunden<\/p>\n","protected":false},"featured_media":66279,"template":"","meta":[],"product_brand":[],"product_cat":[1853,1888],"product_tag":[],"class_list":{"0":"post-43324","1":"product","2":"type-product","3":"status-publish","4":"has-post-thumbnail","6":"product_cat-brettspiele","7":"product_cat-klassische-spiele","8":"pa_brand-d_toys-de","9":"pa_country_of_manufacture-ro-de","10":"pa_filter_age-3_5-de","11":"pa_filter_age-5_7-de","12":"pa_filter_age-7_9-de","13":"pa_filter_age-9_14-de","14":"pa_filter_age-14-de","15":"pa_tip_ambalaj-kasten-a4-de","17":"first","18":"instock","19":"taxable","20":"shipping-taxable","21":"product-type-simple"},"yoast_head":"<!-- This site is optimized with the Yoast SEO plugin v20.1 - https:\/\/yoast.com\/wordpress\/plugins\/seo\/ -->\n<title>Nu te sup\u0103ra Original jocul de societate preferat al romanilor<\/title>\n<meta name=\"description\" content=\"Nu te sup\u0103ra Original te cheam\u0103 la lupt\u0103! Accept\u0103 provocarea, f\u0103r\u0103 sup\u0103rare. Bucur\u0103-te de acest joc de societate \u00eempreuna cu prietenii sau familia.\" \/>\n<meta name=\"robots\" content=\"index, follow, max-snippet:-1, max-image-preview:large, max-video-preview:-1\" \/>\n<link rel=\"canonical\" href=\"https:\/\/business.roovi.com\/de\/los-los-bruder\/p\/\" \/>\n<meta property=\"og:locale\" content=\"de_DE\" \/>\n<meta property=\"og:type\" content=\"article\" \/>\n<meta property=\"og:title\" content=\"Nu te sup\u0103ra Original jocul de societate preferat al romanilor\" \/>\n<meta property=\"og:description\" content=\"Nu te sup\u0103ra Original te cheam\u0103 la lupt\u0103! Accept\u0103 provocarea, f\u0103r\u0103 sup\u0103rare. Bucur\u0103-te de acest joc de societate \u00eempreuna cu prietenii sau familia.\" \/>\n<meta property=\"og:url\" content=\"https:\/\/business.roovi.com\/de\/los-los-bruder\/p\/\" \/>\n<meta property=\"og:site_name\" content=\"Roovi B2B\" \/>\n<meta property=\"article:publisher\" content=\"https:\/\/www.facebook.com\/wwwjucariero\" \/>\n<meta property=\"article:modified_time\" content=\"2023-03-08T09:59:21+00:00\" \/>\n<meta property=\"og:image\" content=\"https:\/\/business.roovi.com\/wp-content\/uploads\/2023\/03\/los-los-bruder-de.jpg\" \/>\n\t<meta property=\"og:image:width\" content=\"2356\" \/>\n\t<meta property=\"og:image:height\" content=\"2356\" \/>\n\t<meta property=\"og:image:type\" content=\"image\/jpeg\" \/>\n<meta name=\"twitter:label1\" content=\"Gesch\u00e4tzte Lesezeit\" \/>\n\t<meta name=\"twitter:data1\" content=\"2\u00a0Minuten\" \/>\n<script type=\"application\/ld+json\" class=\"yoast-schema-graph\">{\"@context\":\"https:\/\/schema.org\",\"@graph\":[{\"@type\":\"WebPage\",\"@id\":\"https:\/\/business.roovi.com\/de\/los-los-bruder\/p\/\",\"url\":\"https:\/\/business.roovi.com\/de\/los-los-bruder\/p\/\",\"name\":\"Nu te sup\u0103ra Original jocul de societate preferat al romanilor\",\"isPartOf\":{\"@id\":\"https:\/\/business.roovi.com\/de\/#website\"},\"datePublished\":\"2018-04-16T10:56:08+00:00\",\"dateModified\":\"2023-03-08T09:59:21+00:00\",\"description\":\"Nu te sup\u0103ra Original te cheam\u0103 la lupt\u0103! Accept\u0103 provocarea, f\u0103r\u0103 sup\u0103rare. Bucur\u0103-te de acest joc de societate \u00eempreuna cu prietenii sau familia.\",\"breadcrumb\":{\"@id\":\"https:\/\/business.roovi.com\/de\/los-los-bruder\/p\/#breadcrumb\"},\"inLanguage\":\"de\",\"potentialAction\":[{\"@type\":\"ReadAction\",\"target\":[\"https:\/\/business.roovi.com\/de\/los-los-bruder\/p\/\"]}]},{\"@type\":\"BreadcrumbList\",\"@id\":\"https:\/\/business.roovi.com\/de\/los-los-bruder\/p\/#breadcrumb\",\"itemListElement\":[{\"@type\":\"ListItem\",\"position\":1,\"name\":\"Home\",\"item\":\"https:\/\/business.roovi.com\/de\/\"},{\"@type\":\"ListItem\",\"position\":2,\"name\":\"Shop\",\"item\":\"https:\/\/business.roovi.com\/de\/shop\/\"},{\"@type\":\"ListItem\",\"position\":3,\"name\":\"Los, Los, Bruder\"}]},{\"@type\":\"WebSite\",\"@id\":\"https:\/\/business.roovi.com\/de\/#website\",\"url\":\"https:\/\/business.roovi.com\/de\/\",\"name\":\"Roovi B2B\",\"description\":\"Roovi Business Website\",\"potentialAction\":[{\"@type\":\"SearchAction\",\"target\":{\"@type\":\"EntryPoint\",\"urlTemplate\":\"https:\/\/business.roovi.com\/de\/?s={search_term_string}\"},\"query-input\":\"required name=search_term_string\"}],\"inLanguage\":\"de\"}]}<\/script>\n<!-- \/ Yoast SEO plugin. -->","yoast_head_json":{"title":"Nu te sup\u0103ra Original jocul de societate preferat al romanilor","description":"Nu te sup\u0103ra Original te cheam\u0103 la lupt\u0103! Accept\u0103 provocarea, f\u0103r\u0103 sup\u0103rare. Bucur\u0103-te de acest joc de societate \u00eempreuna cu prietenii sau familia.","robots":{"index":"index","follow":"follow","max-snippet":"max-snippet:-1","max-image-preview":"max-image-preview:large","max-video-preview":"max-video-preview:-1"},"canonical":"https:\/\/business.roovi.com\/de\/los-los-bruder\/p\/","og_locale":"de_DE","og_type":"article","og_title":"Nu te sup\u0103ra Original jocul de societate preferat al romanilor","og_description":"Nu te sup\u0103ra Original te cheam\u0103 la lupt\u0103! Accept\u0103 provocarea, f\u0103r\u0103 sup\u0103rare. Bucur\u0103-te de acest joc de societate \u00eempreuna cu prietenii sau familia.","og_url":"https:\/\/business.roovi.com\/de\/los-los-bruder\/p\/","og_site_name":"Roovi B2B","article_publisher":"https:\/\/www.facebook.com\/wwwjucariero","article_modified_time":"2023-03-08T09:59:21+00:00","og_image":[{"width":2356,"height":2356,"url":"https:\/\/business.roovi.com\/wp-content\/uploads\/2023\/03\/los-los-bruder-de.jpg","type":"image\/jpeg"}],"twitter_misc":{"Gesch\u00e4tzte Lesezeit":"2\u00a0Minuten"},"schema":{"@context":"https:\/\/schema.org","@graph":[{"@type":"WebPage","@id":"https:\/\/business.roovi.com\/de\/los-los-bruder\/p\/","url":"https:\/\/business.roovi.com\/de\/los-los-bruder\/p\/","name":"Nu te sup\u0103ra Original jocul de societate preferat al romanilor","isPartOf":{"@id":"https:\/\/business.roovi.com\/de\/#website"},"datePublished":"2018-04-16T10:56:08+00:00","dateModified":"2023-03-08T09:59:21+00:00","description":"Nu te sup\u0103ra Original te cheam\u0103 la lupt\u0103! Accept\u0103 provocarea, f\u0103r\u0103 sup\u0103rare. Bucur\u0103-te de acest joc de societate \u00eempreuna cu prietenii sau familia.","breadcrumb":{"@id":"https:\/\/business.roovi.com\/de\/los-los-bruder\/p\/#breadcrumb"},"inLanguage":"de","potentialAction":[{"@type":"ReadAction","target":["https:\/\/business.roovi.com\/de\/los-los-bruder\/p\/"]}]},{"@type":"BreadcrumbList","@id":"https:\/\/business.roovi.com\/de\/los-los-bruder\/p\/#breadcrumb","itemListElement":[{"@type":"ListItem","position":1,"name":"Home","item":"https:\/\/business.roovi.com\/de\/"},{"@type":"ListItem","position":2,"name":"Shop","item":"https:\/\/business.roovi.com\/de\/shop\/"},{"@type":"ListItem","position":3,"name":"Los, Los, Bruder"}]},{"@type":"WebSite","@id":"https:\/\/business.roovi.com\/de\/#website","url":"https:\/\/business.roovi.com\/de\/","name":"Roovi B2B","description":"Roovi Business Website","potentialAction":[{"@type":"SearchAction","target":{"@type":"EntryPoint","urlTemplate":"https:\/\/business.roovi.com\/de\/?s={search_term_string}"},"query-input":"required name=search_term_string"}],"inLanguage":"de"}]}},"_links":{"self":[{"href":"https:\/\/business.roovi.com\/de\/wp-json\/wp\/v2\/product\/43324","targetHints":{"allow":["GET"]}}],"collection":[{"href":"https:\/\/business.roovi.com\/de\/wp-json\/wp\/v2\/product"}],"about":[{"href":"https:\/\/business.roovi.com\/de\/wp-json\/wp\/v2\/types\/product"}],"version-history":[{"count":0,"href":"https:\/\/business.roovi.com\/de\/wp-json\/wp\/v2\/product\/43324\/revisions"}],"wp:featuredmedia":[{"embeddable":true,"href":"https:\/\/business.roovi.com\/de\/wp-json\/wp\/v2\/media\/66279"}],"wp:attachment":[{"href":"https:\/\/business.roovi.com\/de\/wp-json\/wp\/v2\/media?parent=43324"}],"wp:term":[{"taxonomy":"product_brand","embeddable":true,"href":"https:\/\/business.roovi.com\/de\/wp-json\/wp\/v2\/product_brand?post=43324"},{"taxonomy":"product_cat","embeddable":true,"href":"https:\/\/business.roovi.com\/de\/wp-json\/wp\/v2\/product_cat?post=43324"},{"taxonomy":"product_tag","embeddable":true,"href":"https:\/\/business.roovi.com\/de\/wp-json\/wp\/v2\/product_tag?post=43324"}],"curies":[{"name":"wp","href":"https:\/\/api.w.org\/{rel}","templated":true}]}}