{"id":43388,"date":"2018-04-16T10:56:08","date_gmt":"2018-04-16T10:56:08","guid":{"rendered":"https:\/\/business.roovi.com\/joc-animale-din-continente\/p\/"},"modified":"2018-04-16T10:56:08","modified_gmt":"2018-04-16T10:56:08","slug":"joc-animale-din-continente","status":"publish","type":"product","link":"https:\/\/business.roovi.com\/de\/joc-animale-din-continente\/p\/","title":{"rendered":"Joc  Animale din continente &#8211; Joc de cultur\u0103 general\u0103"},"content":{"rendered":"<p><span style=\"font-weight: 400\">C\u00e2t de u\u0219or \u00ee\u021bi este s\u0103 le descrii copiilor diverse specii de p\u0103s\u0103ri \u0219i animale? Ce faci c\u00e2nd micii curio\u0219i vor s\u0103 afle detalii am\u0103nun\u021bite despre locul unde tr\u0103iesc acestea, ce m\u0103n\u00e2nc\u0103 \u0219i pe ce continent le po\u021bi g\u0103si?<\/span><\/p>\n<p><span style=\"font-weight: 400\">Porni\u021bi \u00eempreun\u0103 \u00eentr-o c\u0103l\u0103torie imaginar\u0103 \u00een jurul lumii s\u0103 descoperi\u021bi animale \u0219i p\u0103s\u0103ri impresionante, \u00een jocul de societate legendar \u0219i foarte \u00eendr\u0103git, Animale din Continente.<\/span><\/p>\n<p><span style=\"font-weight: 400\">Cu ajutorul jocului, copiii descoper\u0103 cele mai importante caracteristici ale animalelor: cum arat\u0103, unde tr\u0103iesc, cu ce se hr\u0103nesc, dac\u0103 sunt \u00een pericol s\u0103 dispar\u0103, precum \u0219i c\u00e2teva tr\u0103s\u0103turi distincte fiec\u0103rei specii.<\/span><\/p>\n<h2><span style=\"font-weight: 400\">\u0218tiai c\u0103 Jocul Animale din continente\u2026<\/span><\/h2>\n<ul>\n<li><span style=\"font-weight: 400\">Dezvolt\u0103 g\u00e2ndirea logic\u0103 \u0219i asociativ\u0103.<\/span><\/li>\n<li><span style=\"font-weight: 400\">Ofer\u0103 detalii despre 60 de p\u0103s\u0103ri \u0219i animale din 12 familii.<\/span><\/li>\n<li><span style=\"font-weight: 400\">Este un joc super interesant, at\u00e2t pentru copii c\u00e2t \u0219i pentru adul\u021bi.\u00a0<\/span><\/li>\n<li><span style=\"font-weight: 400\">Stimuleaz\u0103 aten\u021bia la detalii \u0219i dezvolt\u0103 agilitatea.\u00a0<\/span><\/li>\n<li><span style=\"font-weight: 400\">Este o surs\u0103 grozav\u0103 de dezvoltare a vocabularului.<\/span><\/li>\n<li><span style=\"font-weight: 400\">\u00cembog\u0103\u021be\u0219te cultura general\u0103.<\/span><\/li>\n<li><span style=\"font-weight: 400\">Creeaz\u0103 premisele ideale pentru a petrece mai mult timp de calitate al\u0103turi de copii, \u00een care s\u0103 v\u0103 conecta\u021bi \u0219i s\u0103 povesti\u021bi, s\u0103 v\u0103 relaxa\u021bi \u0219i s\u0103 v\u0103 distra\u021bi \u00eempreun\u0103.<\/span><\/li>\n<\/ul>\n<h2><span style=\"font-weight: 400\">De ce s\u0103 alegi Jocul Animale din Continente<\/span><\/h2>\n<p><span style=\"font-weight: 400\">Jocul Animale din Continente face parte din colec\u021bia de jocuri rom\u00e2ne\u0219ti, proiectate \u0219i fabricate \u00een Rom\u00e2nia, \u00eenf\u0103\u021bi\u0219\u00e2nd animale ilustrate detaliat, \u00een mod realist.\u00a0<\/span><\/p>\n<p><span style=\"font-weight: 400\">Un joc extraordinar, inventat \u0219i ilustrat cu m\u0103iestrie de Ioan Nicolau, graficianul care credea cu t\u0103rie \u00een educa\u021bia prin joc. Ioan Nicolau a inventat \u0219i ilustrat sute de jocuri pentru copii \u00een anii 70 &#8211; 80, iar jocul Animale din Continente este cel care i-a adus celebritatea \u0219i aprecierea.\u00a0<\/span><\/p>\n<p><span style=\"font-weight: 400\">Un concept de joc u\u0219or de urmat de c\u0103tre copii, original, bazat pe asocieri de animale din diferite specii, cu continentele c\u0103rora le apar\u021bin. Un astfel de joc poate sta la baza unor discu\u021bii mai complexe despre fiecare continent, despre pozi\u021bionarea continentelor pe globul p\u0103m\u00e2ntesc, despre popoare \u0219i modul \u00een care oamenii interac\u021bioneaz\u0103 cu speciile de pas\u0103ri \u0219i animale ilustrate \u00een joc.\u00a0<\/span><\/p>\n<p><span style=\"font-weight: 400\">Ve\u021bi afla curiozit\u0103\u021bi \u0219i detalii despre 12 familii de animale (\u0219erpi, crocodili, stru\u021bi, p\u0103s\u0103ri de prad\u0103, porci s\u0103lbatici, animale erbivore, tauri s\u0103lbatici, 10 specii de pisici, lupi, ur\u0219i, maimu\u021be) din pliantul cu animalele grupate pe regnuri.\u00a0<\/span><\/p>\n<p><span style=\"font-weight: 400\">Pe fiecare carte de joc este indicat arealul de r\u0103sp\u00e2ndire al animalului desenat, care se poate identifica \u0219i reg\u0103si pe harta lumii, inclus\u0103 \u00een joc.<\/span><\/p>\n<p><span style=\"font-weight: 400\">V\u00e2rst\u0103 recomandat\u0103: 7+<\/span><\/p>\n<p><span style=\"font-weight: 400\">Juc\u0103tori: 2 &#8211; 6 persoane<\/span><\/p>\n<p><span style=\"font-weight: 400\">Cutia con\u021bine: 60 de c\u0103r\u021bi de joc cu animale, un pliant cu animalele grupate pe regnuri, o hart\u0103 a lumii, regulament cu 2 variante de joc.<\/span><\/p>\n<p><span style=\"font-weight: 400\">Joc nerecomandat copiilor sub 3 ani.\u00a0<\/span><\/p>\n<p>\u00a0<\/p>\n","protected":false},"excerpt":{"rendered":"<p>C\u00e2t de u\u0219or \u00ee\u021bi este s\u0103 le descrii copiilor diverse specii de p\u0103s\u0103ri \u0219i animale? Ce faci c\u00e2nd micii curio\u0219i<\/p>\n","protected":false},"featured_media":31159,"template":"","meta":[],"product_brand":[],"product_cat":[1853,1855,1887],"product_tag":[],"class_list":{"0":"post-43388","1":"product","2":"type-product","3":"status-publish","4":"has-post-thumbnail","6":"product_cat-brettspiele","7":"product_cat-familienspiele","8":"product_cat-rumanische-spiele","9":"pa_brand-d_toys-de","10":"pa_country_of_manufacture-ro-de","11":"pa_filter_age-5_7-de","12":"pa_filter_age-7_9-de","13":"pa_filter_age-9_14-de","14":"pa_tip_ambalaj-kasten-a4-de","16":"first","17":"instock","18":"taxable","19":"shipping-taxable","20":"product-type-simple"},"yoast_head":"<!-- This site is optimized with the Yoast SEO plugin v20.1 - https:\/\/yoast.com\/wordpress\/plugins\/seo\/ -->\n<title>Joc Animale din continente - Joc de cultur\u0103 general\u0103 - Roovi B2B<\/title>\n<meta name=\"robots\" content=\"index, follow, max-snippet:-1, max-image-preview:large, max-video-preview:-1\" \/>\n<link rel=\"canonical\" href=\"https:\/\/business.roovi.com\/de\/joc-animale-din-continente\/p\/\" \/>\n<meta property=\"og:locale\" content=\"de_DE\" \/>\n<meta property=\"og:type\" content=\"article\" \/>\n<meta property=\"og:title\" content=\"Joc Animale din continente - Joc de cultur\u0103 general\u0103 - Roovi B2B\" \/>\n<meta property=\"og:description\" content=\"C\u00e2t de u\u0219or \u00ee\u021bi este s\u0103 le descrii copiilor diverse specii de p\u0103s\u0103ri \u0219i animale? Ce faci c\u00e2nd micii curio\u0219i\" \/>\n<meta property=\"og:url\" content=\"https:\/\/business.roovi.com\/de\/joc-animale-din-continente\/p\/\" \/>\n<meta property=\"og:site_name\" content=\"Roovi B2B\" \/>\n<meta property=\"article:publisher\" content=\"https:\/\/www.facebook.com\/wwwjucariero\" \/>\n<meta property=\"og:image\" content=\"https:\/\/business.roovi.com\/wp-content\/uploads\/2018\/04\/71750_elo_1.jpg\" \/>\n\t<meta property=\"og:image:width\" content=\"1440\" \/>\n\t<meta property=\"og:image:height\" content=\"1200\" \/>\n\t<meta property=\"og:image:type\" content=\"image\/jpeg\" \/>\n<meta name=\"twitter:label1\" content=\"Gesch\u00e4tzte Lesezeit\" \/>\n\t<meta name=\"twitter:data1\" content=\"2\u00a0Minuten\" \/>\n<script type=\"application\/ld+json\" class=\"yoast-schema-graph\">{\"@context\":\"https:\/\/schema.org\",\"@graph\":[{\"@type\":\"WebPage\",\"@id\":\"https:\/\/business.roovi.com\/de\/joc-animale-din-continente\/p\/\",\"url\":\"https:\/\/business.roovi.com\/de\/joc-animale-din-continente\/p\/\",\"name\":\"Joc Animale din continente - Joc de cultur\u0103 general\u0103 - Roovi B2B\",\"isPartOf\":{\"@id\":\"https:\/\/business.roovi.com\/de\/#website\"},\"datePublished\":\"2018-04-16T10:56:08+00:00\",\"dateModified\":\"2018-04-16T10:56:08+00:00\",\"breadcrumb\":{\"@id\":\"https:\/\/business.roovi.com\/de\/joc-animale-din-continente\/p\/#breadcrumb\"},\"inLanguage\":\"de\",\"potentialAction\":[{\"@type\":\"ReadAction\",\"target\":[\"https:\/\/business.roovi.com\/de\/joc-animale-din-continente\/p\/\"]}]},{\"@type\":\"BreadcrumbList\",\"@id\":\"https:\/\/business.roovi.com\/de\/joc-animale-din-continente\/p\/#breadcrumb\",\"itemListElement\":[{\"@type\":\"ListItem\",\"position\":1,\"name\":\"Home\",\"item\":\"https:\/\/business.roovi.com\/de\/\"},{\"@type\":\"ListItem\",\"position\":2,\"name\":\"Shop\",\"item\":\"https:\/\/business.roovi.com\/de\/shop\/\"},{\"@type\":\"ListItem\",\"position\":3,\"name\":\"Joc Animale din continente &#8211; Joc de cultur\u0103 general\u0103\"}]},{\"@type\":\"WebSite\",\"@id\":\"https:\/\/business.roovi.com\/de\/#website\",\"url\":\"https:\/\/business.roovi.com\/de\/\",\"name\":\"Roovi B2B\",\"description\":\"Roovi Business Website\",\"potentialAction\":[{\"@type\":\"SearchAction\",\"target\":{\"@type\":\"EntryPoint\",\"urlTemplate\":\"https:\/\/business.roovi.com\/de\/?s={search_term_string}\"},\"query-input\":\"required name=search_term_string\"}],\"inLanguage\":\"de\"}]}<\/script>\n<!-- \/ Yoast SEO plugin. -->","yoast_head_json":{"title":"Joc Animale din continente - Joc de cultur\u0103 general\u0103 - Roovi B2B","robots":{"index":"index","follow":"follow","max-snippet":"max-snippet:-1","max-image-preview":"max-image-preview:large","max-video-preview":"max-video-preview:-1"},"canonical":"https:\/\/business.roovi.com\/de\/joc-animale-din-continente\/p\/","og_locale":"de_DE","og_type":"article","og_title":"Joc Animale din continente - Joc de cultur\u0103 general\u0103 - Roovi B2B","og_description":"C\u00e2t de u\u0219or \u00ee\u021bi este s\u0103 le descrii copiilor diverse specii de p\u0103s\u0103ri \u0219i animale? Ce faci c\u00e2nd micii curio\u0219i","og_url":"https:\/\/business.roovi.com\/de\/joc-animale-din-continente\/p\/","og_site_name":"Roovi B2B","article_publisher":"https:\/\/www.facebook.com\/wwwjucariero","og_image":[{"width":1440,"height":1200,"url":"https:\/\/business.roovi.com\/wp-content\/uploads\/2018\/04\/71750_elo_1.jpg","type":"image\/jpeg"}],"twitter_misc":{"Gesch\u00e4tzte Lesezeit":"2\u00a0Minuten"},"schema":{"@context":"https:\/\/schema.org","@graph":[{"@type":"WebPage","@id":"https:\/\/business.roovi.com\/de\/joc-animale-din-continente\/p\/","url":"https:\/\/business.roovi.com\/de\/joc-animale-din-continente\/p\/","name":"Joc Animale din continente - Joc de cultur\u0103 general\u0103 - Roovi B2B","isPartOf":{"@id":"https:\/\/business.roovi.com\/de\/#website"},"datePublished":"2018-04-16T10:56:08+00:00","dateModified":"2018-04-16T10:56:08+00:00","breadcrumb":{"@id":"https:\/\/business.roovi.com\/de\/joc-animale-din-continente\/p\/#breadcrumb"},"inLanguage":"de","potentialAction":[{"@type":"ReadAction","target":["https:\/\/business.roovi.com\/de\/joc-animale-din-continente\/p\/"]}]},{"@type":"BreadcrumbList","@id":"https:\/\/business.roovi.com\/de\/joc-animale-din-continente\/p\/#breadcrumb","itemListElement":[{"@type":"ListItem","position":1,"name":"Home","item":"https:\/\/business.roovi.com\/de\/"},{"@type":"ListItem","position":2,"name":"Shop","item":"https:\/\/business.roovi.com\/de\/shop\/"},{"@type":"ListItem","position":3,"name":"Joc Animale din continente &#8211; Joc de cultur\u0103 general\u0103"}]},{"@type":"WebSite","@id":"https:\/\/business.roovi.com\/de\/#website","url":"https:\/\/business.roovi.com\/de\/","name":"Roovi B2B","description":"Roovi Business Website","potentialAction":[{"@type":"SearchAction","target":{"@type":"EntryPoint","urlTemplate":"https:\/\/business.roovi.com\/de\/?s={search_term_string}"},"query-input":"required name=search_term_string"}],"inLanguage":"de"}]}},"_links":{"self":[{"href":"https:\/\/business.roovi.com\/de\/wp-json\/wp\/v2\/product\/43388","targetHints":{"allow":["GET"]}}],"collection":[{"href":"https:\/\/business.roovi.com\/de\/wp-json\/wp\/v2\/product"}],"about":[{"href":"https:\/\/business.roovi.com\/de\/wp-json\/wp\/v2\/types\/product"}],"version-history":[{"count":0,"href":"https:\/\/business.roovi.com\/de\/wp-json\/wp\/v2\/product\/43388\/revisions"}],"wp:featuredmedia":[{"embeddable":true,"href":"https:\/\/business.roovi.com\/de\/wp-json\/wp\/v2\/media\/31159"}],"wp:attachment":[{"href":"https:\/\/business.roovi.com\/de\/wp-json\/wp\/v2\/media?parent=43388"}],"wp:term":[{"taxonomy":"product_brand","embeddable":true,"href":"https:\/\/business.roovi.com\/de\/wp-json\/wp\/v2\/product_brand?post=43388"},{"taxonomy":"product_cat","embeddable":true,"href":"https:\/\/business.roovi.com\/de\/wp-json\/wp\/v2\/product_cat?post=43388"},{"taxonomy":"product_tag","embeddable":true,"href":"https:\/\/business.roovi.com\/de\/wp-json\/wp\/v2\/product_tag?post=43388"}],"curies":[{"name":"wp","href":"https:\/\/api.w.org\/{rel}","templated":true}]}}