{"id":43400,"date":"2018-04-16T10:56:08","date_gmt":"2018-04-16T10:56:08","guid":{"rendered":"https:\/\/business.roovi.com\/joc-bingo\/p\/"},"modified":"2018-04-16T10:56:08","modified_gmt":"2018-04-16T10:56:08","slug":"joc-bingo","status":"publish","type":"product","link":"https:\/\/business.roovi.com\/de\/joc-bingo\/p\/","title":{"rendered":"Joc Bingo &#8211; Joc de noroc"},"content":{"rendered":"<p>Bingo este un joc binecunoscut \u0219i popular al probabilit\u0103\u021bilor, cu reguli simple. Oare norocul \u00ee\u021bi sur\u00e2de? Dac\u0103 ai combina\u021bii de numere prestabilite pe cupoanele de joc, corespunz\u0103toare numerelor extrase ulterior, vei deveni fericitul c\u00e2\u0219tig\u0103tor al jocului! Bingo este un joc de noroc super tare pe care \u00eel po\u021bi juca cu familia sau cu prietenii! Un mod de divertisment captivant pentru 2-6 juc\u0103tori. Componente: 90 de bilu\u021be numerotate de la 1 la 90, container rotativ, suport container, 12 cupoane de joc, regulament de joc. V\u00e2rsta minim\u0103 recomandat\u0103 este 6 ani.<\/p>\n","protected":false},"excerpt":{"rendered":"<p>Bingo este un joc binecunoscut \u0219i popular al probabilit\u0103\u021bilor, cu reguli simple. Oare norocul \u00ee\u021bi sur\u00e2de? Dac\u0103 ai combina\u021bii de<\/p>\n","protected":false},"featured_media":63732,"template":"","meta":[],"product_brand":[],"product_cat":[1574,1598],"product_tag":[],"class_list":{"0":"post-43400","1":"product","2":"type-product","3":"status-publish","4":"has-post-thumbnail","6":"product_cat-board-games","7":"product_cat-classic-games","8":"pa_brand-d_toys-en","9":"pa_country_of_manufacture-ro-en","10":"pa_filter_age-5_7-en","11":"pa_filter_age-7_9-en","12":"pa_filter_age-9_14-en","13":"pa_filter_age-14-en","14":"pa_tip_ambalaj-box","16":"first","17":"instock","18":"taxable","19":"shipping-taxable","20":"product-type-simple"},"yoast_head":"<!-- This site is optimized with the Yoast SEO plugin v20.1 - https:\/\/yoast.com\/wordpress\/plugins\/seo\/ -->\n<title>Joc Bingo - Joc de noroc - Roovi B2B<\/title>\n<meta name=\"robots\" content=\"index, follow, max-snippet:-1, max-image-preview:large, max-video-preview:-1\" \/>\n<link rel=\"canonical\" href=\"https:\/\/business.roovi.com\/de\/joc-bingo\/p\/\" \/>\n<meta property=\"og:locale\" content=\"de_DE\" \/>\n<meta property=\"og:type\" content=\"article\" \/>\n<meta property=\"og:title\" content=\"Joc Bingo - Joc de noroc - Roovi B2B\" \/>\n<meta property=\"og:description\" content=\"Bingo este un joc binecunoscut \u0219i popular al probabilit\u0103\u021bilor, cu reguli simple. Oare norocul \u00ee\u021bi sur\u00e2de? Dac\u0103 ai combina\u021bii de\" \/>\n<meta property=\"og:url\" content=\"https:\/\/business.roovi.com\/de\/joc-bingo\/p\/\" \/>\n<meta property=\"og:site_name\" content=\"Roovi B2B\" \/>\n<meta property=\"article:publisher\" content=\"https:\/\/www.facebook.com\/wwwjucariero\" \/>\n<meta property=\"og:image\" content=\"https:\/\/business.roovi.com\/wp-content\/uploads\/2018\/04\/71705_elo_1.jpg\" \/>\n\t<meta property=\"og:image:width\" content=\"1200\" \/>\n\t<meta property=\"og:image:height\" content=\"1200\" \/>\n\t<meta property=\"og:image:type\" content=\"image\/jpeg\" \/>\n<script type=\"application\/ld+json\" class=\"yoast-schema-graph\">{\"@context\":\"https:\/\/schema.org\",\"@graph\":[{\"@type\":\"WebPage\",\"@id\":\"https:\/\/business.roovi.com\/de\/joc-bingo\/p\/\",\"url\":\"https:\/\/business.roovi.com\/de\/joc-bingo\/p\/\",\"name\":\"Joc Bingo - Joc de noroc - Roovi B2B\",\"isPartOf\":{\"@id\":\"https:\/\/business.roovi.com\/de\/#website\"},\"datePublished\":\"2018-04-16T10:56:08+00:00\",\"dateModified\":\"2018-04-16T10:56:08+00:00\",\"breadcrumb\":{\"@id\":\"https:\/\/business.roovi.com\/de\/joc-bingo\/p\/#breadcrumb\"},\"inLanguage\":\"de\",\"potentialAction\":[{\"@type\":\"ReadAction\",\"target\":[\"https:\/\/business.roovi.com\/de\/joc-bingo\/p\/\"]}]},{\"@type\":\"BreadcrumbList\",\"@id\":\"https:\/\/business.roovi.com\/de\/joc-bingo\/p\/#breadcrumb\",\"itemListElement\":[{\"@type\":\"ListItem\",\"position\":1,\"name\":\"Home\",\"item\":\"https:\/\/business.roovi.com\/de\/\"},{\"@type\":\"ListItem\",\"position\":2,\"name\":\"Shop\",\"item\":\"https:\/\/business.roovi.com\/de\/shop\/\"},{\"@type\":\"ListItem\",\"position\":3,\"name\":\"Joc Bingo &#8211; Joc de noroc\"}]},{\"@type\":\"WebSite\",\"@id\":\"https:\/\/business.roovi.com\/de\/#website\",\"url\":\"https:\/\/business.roovi.com\/de\/\",\"name\":\"Roovi B2B\",\"description\":\"Roovi Business Website\",\"potentialAction\":[{\"@type\":\"SearchAction\",\"target\":{\"@type\":\"EntryPoint\",\"urlTemplate\":\"https:\/\/business.roovi.com\/de\/?s={search_term_string}\"},\"query-input\":\"required name=search_term_string\"}],\"inLanguage\":\"de\"}]}<\/script>\n<!-- \/ Yoast SEO plugin. -->","yoast_head_json":{"title":"Joc Bingo - Joc de noroc - Roovi B2B","robots":{"index":"index","follow":"follow","max-snippet":"max-snippet:-1","max-image-preview":"max-image-preview:large","max-video-preview":"max-video-preview:-1"},"canonical":"https:\/\/business.roovi.com\/de\/joc-bingo\/p\/","og_locale":"de_DE","og_type":"article","og_title":"Joc Bingo - Joc de noroc - Roovi B2B","og_description":"Bingo este un joc binecunoscut \u0219i popular al probabilit\u0103\u021bilor, cu reguli simple. Oare norocul \u00ee\u021bi sur\u00e2de? Dac\u0103 ai combina\u021bii de","og_url":"https:\/\/business.roovi.com\/de\/joc-bingo\/p\/","og_site_name":"Roovi B2B","article_publisher":"https:\/\/www.facebook.com\/wwwjucariero","og_image":[{"width":1200,"height":1200,"url":"https:\/\/business.roovi.com\/wp-content\/uploads\/2018\/04\/71705_elo_1.jpg","type":"image\/jpeg"}],"schema":{"@context":"https:\/\/schema.org","@graph":[{"@type":"WebPage","@id":"https:\/\/business.roovi.com\/de\/joc-bingo\/p\/","url":"https:\/\/business.roovi.com\/de\/joc-bingo\/p\/","name":"Joc Bingo - Joc de noroc - Roovi B2B","isPartOf":{"@id":"https:\/\/business.roovi.com\/de\/#website"},"datePublished":"2018-04-16T10:56:08+00:00","dateModified":"2018-04-16T10:56:08+00:00","breadcrumb":{"@id":"https:\/\/business.roovi.com\/de\/joc-bingo\/p\/#breadcrumb"},"inLanguage":"de","potentialAction":[{"@type":"ReadAction","target":["https:\/\/business.roovi.com\/de\/joc-bingo\/p\/"]}]},{"@type":"BreadcrumbList","@id":"https:\/\/business.roovi.com\/de\/joc-bingo\/p\/#breadcrumb","itemListElement":[{"@type":"ListItem","position":1,"name":"Home","item":"https:\/\/business.roovi.com\/de\/"},{"@type":"ListItem","position":2,"name":"Shop","item":"https:\/\/business.roovi.com\/de\/shop\/"},{"@type":"ListItem","position":3,"name":"Joc Bingo &#8211; Joc de noroc"}]},{"@type":"WebSite","@id":"https:\/\/business.roovi.com\/de\/#website","url":"https:\/\/business.roovi.com\/de\/","name":"Roovi B2B","description":"Roovi Business Website","potentialAction":[{"@type":"SearchAction","target":{"@type":"EntryPoint","urlTemplate":"https:\/\/business.roovi.com\/de\/?s={search_term_string}"},"query-input":"required name=search_term_string"}],"inLanguage":"de"}]}},"_links":{"self":[{"href":"https:\/\/business.roovi.com\/de\/wp-json\/wp\/v2\/product\/43400","targetHints":{"allow":["GET"]}}],"collection":[{"href":"https:\/\/business.roovi.com\/de\/wp-json\/wp\/v2\/product"}],"about":[{"href":"https:\/\/business.roovi.com\/de\/wp-json\/wp\/v2\/types\/product"}],"version-history":[{"count":0,"href":"https:\/\/business.roovi.com\/de\/wp-json\/wp\/v2\/product\/43400\/revisions"}],"wp:featuredmedia":[{"embeddable":true,"href":"https:\/\/business.roovi.com\/de\/wp-json\/wp\/v2\/media\/63732"}],"wp:attachment":[{"href":"https:\/\/business.roovi.com\/de\/wp-json\/wp\/v2\/media?parent=43400"}],"wp:term":[{"taxonomy":"product_brand","embeddable":true,"href":"https:\/\/business.roovi.com\/de\/wp-json\/wp\/v2\/product_brand?post=43400"},{"taxonomy":"product_cat","embeddable":true,"href":"https:\/\/business.roovi.com\/de\/wp-json\/wp\/v2\/product_cat?post=43400"},{"taxonomy":"product_tag","embeddable":true,"href":"https:\/\/business.roovi.com\/de\/wp-json\/wp\/v2\/product_tag?post=43400"}],"curies":[{"name":"wp","href":"https:\/\/api.w.org\/{rel}","templated":true}]}}