{"id":43456,"date":"2018-04-16T10:56:08","date_gmt":"2018-04-16T10:56:08","guid":{"rendered":"https:\/\/business.roovi.com\/jocul-proverbelor\/p\/"},"modified":"2018-04-16T10:56:08","modified_gmt":"2018-04-16T10:56:08","slug":"jocul-proverbelor","status":"publish","type":"product","link":"https:\/\/business.roovi.com\/de\/jocul-proverbelor\/p\/","title":{"rendered":"Jocul proverbelor &#8211; Joc rom\u00e2nesc"},"content":{"rendered":"<p><span style=\"font-weight: 400\">Te-ai \u00eentrebat vreodat\u0103 de unde au n\u0103scocit str\u0103bunii no\u0219tri at\u00e2tea proverbe \u0219i zic\u0103tori? \u0218i, mai ales, crezi c\u0103 le \u0219tii pe toate?<\/span><\/p>\n<p><span style=\"font-weight: 400\">Descoper\u0103 un joc provocator \u0219i super amuzant, ce te poart\u0103 \u00eentr-o c\u0103l\u0103torie nostalgic\u0103, prin satele pline de via\u021b\u0103, acolo unde s-au n\u0103scut proverbele rom\u00e2ne\u0219ti.\u00a0<\/span><\/p>\n<p><span style=\"font-weight: 400\">O ocazie numai bun\u0103 s\u0103 le poveste\u0219ti copiilor despre cum era pe vremuri, la \u021bar\u0103, \u0219i ce semnifica\u021bie au proverbele \u00een zilele noastre.<\/span><\/p>\n<p><span style=\"font-weight: 400\">\u0218i cum poporul nostru pare c\u0103 a avut resurse nelimitate de creativitate, cei mici se vor distra pe cinste s\u0103 completeze proverbele cu jetoanele potrivite \u0219i s\u0103 descopere cuvinte amuzante pe care poate nici nu le-au auzit vreodat\u0103.\u00a0<\/span><\/p>\n<h2><span style=\"font-weight: 400\">\u0218tiai c\u0103 Jocul Proverbelor\u2026<\/span><\/h2>\n<ul>\n<li><span style=\"font-weight: 400\">Dezvolt\u0103 g\u00e2ndirea logic\u0103 \u0219i asociativ\u0103.<\/span><\/li>\n<li><span style=\"font-weight: 400\">Ai peste 60 de proverbe de descoperit.<\/span><\/li>\n<li><span style=\"font-weight: 400\">Este un joc super amuzant, at\u00e2t pentru copii c\u00e2t \u0219i pentru adul\u021bi.\u00a0<\/span><\/li>\n<li><span style=\"font-weight: 400\">Stimuleaz\u0103 aten\u021bia la detalii \u0219i dezvolt\u0103 agilitatea.\u00a0<\/span><\/li>\n<li><span style=\"font-weight: 400\">Este o surs\u0103 grozav\u0103 de dezvoltare a vocabularului.<\/span><\/li>\n<li><span style=\"font-weight: 400\">Creeaz\u0103 premisele ideale pentru a petrece mai mult timp de calitate al\u0103turi de copii, \u00een care s\u0103 v\u0103 conecta\u021bi \u0219i s\u0103 povesti\u021bi, s\u0103 v\u0103 relaxa\u021bi \u0219i s\u0103 v\u0103 distra\u021bi \u00eempreun\u0103.<\/span><\/li>\n<\/ul>\n<h2><span style=\"font-weight: 400\">De ce s\u0103 alegi Jocul proverbelor<\/span><\/h2>\n<p><span style=\"font-weight: 400\">Jocul proverbelor face parte din colec\u021bia de jocuri rom\u00e2ne\u0219ti, proiectate \u0219i fabricate \u00een Rom\u00e2nia.\u00a0<\/span><\/p>\n<p><span style=\"font-weight: 400\">Inventat \u0219i ilustrat de Ioan Nicolau, graficianul care credea cu t\u0103rie \u00een educa\u021bia prin joc. Ioan Nicolau a inventat \u0219i ilustrat sute de jocuri pentru copii \u00een anii 70 &#8211; 80 \u0219i a devenit celebru cu jocul Animale din Continente.\u00a0<\/span><\/p>\n<p><span style=\"font-weight: 400\">Un concept de joc amuzant, original, bazat pe asocieri de cuvinte \u0219i g\u00e2ndire logic\u0103, care poate sta la baza unor discu\u021bii aprofundate despre tradi\u021bii ale poporului rom\u00e2n sau despre arhaisme \u0219i neologisme.<\/span><\/p>\n<p><span style=\"font-weight: 400\">V\u00e2rst\u0103 recomandat\u0103: 8+<\/span><\/p>\n<p><span style=\"font-weight: 400\">Juc\u0103tori: 2 &#8211; 6 persoane<\/span><\/p>\n<p><span style=\"font-weight: 400\">Cutia con\u021bine: 60 de jetoane de joc, 64 c\u0103r\u021bi de joc cu proverbe, regulament de joc.<\/span><\/p>\n<p><span style=\"font-weight: 400\">Joc nerecomandat copiilor sub 3 ani.<\/span><\/p>\n<p>\u00a0<\/p>\n","protected":false},"excerpt":{"rendered":"<p>Te-ai \u00eentrebat vreodat\u0103 de unde au n\u0103scocit str\u0103bunii no\u0219tri at\u00e2tea proverbe \u0219i zic\u0103tori? \u0218i, mai ales, crezi c\u0103 le \u0219tii<\/p>\n","protected":false},"featured_media":70271,"template":"","meta":[],"product_brand":[],"product_cat":[1887],"product_tag":[],"class_list":{"0":"post-43456","1":"product","2":"type-product","3":"status-publish","4":"has-post-thumbnail","6":"product_cat-rumanische-spiele","7":"pa_brand-d_toys-de","8":"pa_filter_age-14-de","9":"pa_filter_age-7_9-de","10":"pa_filter_age-9_14-de","11":"pa_tip_ambalaj-kasten-a4-de","13":"first","14":"instock","15":"taxable","16":"shipping-taxable","17":"product-type-simple"},"yoast_head":"<!-- This site is optimized with the Yoast SEO plugin v20.1 - https:\/\/yoast.com\/wordpress\/plugins\/seo\/ -->\n<title>Jocul proverbelor - joc educativ care \u00ee\u021bi dezvolt\u0103 vocabularul<\/title>\n<meta name=\"description\" content=\"Te crezi bun la limba rom\u00e2n\u0103? Comand\u0103 acum Jocul proverbelor, un joc educativ care te provoac\u0103 s\u0103 completezi cele peste 60 de proverbe rom\u00e2ne\u0219ti.\" \/>\n<meta name=\"robots\" content=\"index, follow, max-snippet:-1, max-image-preview:large, max-video-preview:-1\" \/>\n<link rel=\"canonical\" href=\"https:\/\/business.roovi.com\/de\/jocul-proverbelor\/p\/\" \/>\n<meta property=\"og:locale\" content=\"de_DE\" \/>\n<meta property=\"og:type\" content=\"article\" \/>\n<meta property=\"og:title\" content=\"Jocul proverbelor - joc educativ care \u00ee\u021bi dezvolt\u0103 vocabularul\" \/>\n<meta property=\"og:description\" content=\"Te crezi bun la limba rom\u00e2n\u0103? Comand\u0103 acum Jocul proverbelor, un joc educativ care te provoac\u0103 s\u0103 completezi cele peste 60 de proverbe rom\u00e2ne\u0219ti.\" \/>\n<meta property=\"og:url\" content=\"https:\/\/business.roovi.com\/de\/jocul-proverbelor\/p\/\" \/>\n<meta property=\"og:site_name\" content=\"Roovi B2B\" \/>\n<meta property=\"article:publisher\" content=\"https:\/\/www.facebook.com\/wwwjucariero\" \/>\n<meta property=\"og:image\" content=\"https:\/\/business.roovi.com\/wp-content\/uploads\/2018\/04\/jocul_proverbelor.png\" \/>\n\t<meta property=\"og:image:width\" content=\"1200\" \/>\n\t<meta property=\"og:image:height\" content=\"1200\" \/>\n\t<meta property=\"og:image:type\" content=\"image\/png\" \/>\n<meta name=\"twitter:label1\" content=\"Gesch\u00e4tzte Lesezeit\" \/>\n\t<meta name=\"twitter:data1\" content=\"2\u00a0Minuten\" \/>\n<script type=\"application\/ld+json\" class=\"yoast-schema-graph\">{\"@context\":\"https:\/\/schema.org\",\"@graph\":[{\"@type\":\"WebPage\",\"@id\":\"https:\/\/business.roovi.com\/de\/jocul-proverbelor\/p\/\",\"url\":\"https:\/\/business.roovi.com\/de\/jocul-proverbelor\/p\/\",\"name\":\"Jocul proverbelor - joc educativ care \u00ee\u021bi dezvolt\u0103 vocabularul\",\"isPartOf\":{\"@id\":\"https:\/\/business.roovi.com\/de\/#website\"},\"datePublished\":\"2018-04-16T10:56:08+00:00\",\"dateModified\":\"2018-04-16T10:56:08+00:00\",\"description\":\"Te crezi bun la limba rom\u00e2n\u0103? Comand\u0103 acum Jocul proverbelor, un joc educativ care te provoac\u0103 s\u0103 completezi cele peste 60 de proverbe rom\u00e2ne\u0219ti.\",\"breadcrumb\":{\"@id\":\"https:\/\/business.roovi.com\/de\/jocul-proverbelor\/p\/#breadcrumb\"},\"inLanguage\":\"de\",\"potentialAction\":[{\"@type\":\"ReadAction\",\"target\":[\"https:\/\/business.roovi.com\/de\/jocul-proverbelor\/p\/\"]}]},{\"@type\":\"BreadcrumbList\",\"@id\":\"https:\/\/business.roovi.com\/de\/jocul-proverbelor\/p\/#breadcrumb\",\"itemListElement\":[{\"@type\":\"ListItem\",\"position\":1,\"name\":\"Home\",\"item\":\"https:\/\/business.roovi.com\/de\/\"},{\"@type\":\"ListItem\",\"position\":2,\"name\":\"Shop\",\"item\":\"https:\/\/business.roovi.com\/de\/shop\/\"},{\"@type\":\"ListItem\",\"position\":3,\"name\":\"Jocul proverbelor &#8211; Joc rom\u00e2nesc\"}]},{\"@type\":\"WebSite\",\"@id\":\"https:\/\/business.roovi.com\/de\/#website\",\"url\":\"https:\/\/business.roovi.com\/de\/\",\"name\":\"Roovi B2B\",\"description\":\"Roovi Business Website\",\"potentialAction\":[{\"@type\":\"SearchAction\",\"target\":{\"@type\":\"EntryPoint\",\"urlTemplate\":\"https:\/\/business.roovi.com\/de\/?s={search_term_string}\"},\"query-input\":\"required name=search_term_string\"}],\"inLanguage\":\"de\"}]}<\/script>\n<!-- \/ Yoast SEO plugin. -->","yoast_head_json":{"title":"Jocul proverbelor - joc educativ care \u00ee\u021bi dezvolt\u0103 vocabularul","description":"Te crezi bun la limba rom\u00e2n\u0103? Comand\u0103 acum Jocul proverbelor, un joc educativ care te provoac\u0103 s\u0103 completezi cele peste 60 de proverbe rom\u00e2ne\u0219ti.","robots":{"index":"index","follow":"follow","max-snippet":"max-snippet:-1","max-image-preview":"max-image-preview:large","max-video-preview":"max-video-preview:-1"},"canonical":"https:\/\/business.roovi.com\/de\/jocul-proverbelor\/p\/","og_locale":"de_DE","og_type":"article","og_title":"Jocul proverbelor - joc educativ care \u00ee\u021bi dezvolt\u0103 vocabularul","og_description":"Te crezi bun la limba rom\u00e2n\u0103? Comand\u0103 acum Jocul proverbelor, un joc educativ care te provoac\u0103 s\u0103 completezi cele peste 60 de proverbe rom\u00e2ne\u0219ti.","og_url":"https:\/\/business.roovi.com\/de\/jocul-proverbelor\/p\/","og_site_name":"Roovi B2B","article_publisher":"https:\/\/www.facebook.com\/wwwjucariero","og_image":[{"width":1200,"height":1200,"url":"https:\/\/business.roovi.com\/wp-content\/uploads\/2018\/04\/jocul_proverbelor.png","type":"image\/png"}],"twitter_misc":{"Gesch\u00e4tzte Lesezeit":"2\u00a0Minuten"},"schema":{"@context":"https:\/\/schema.org","@graph":[{"@type":"WebPage","@id":"https:\/\/business.roovi.com\/de\/jocul-proverbelor\/p\/","url":"https:\/\/business.roovi.com\/de\/jocul-proverbelor\/p\/","name":"Jocul proverbelor - joc educativ care \u00ee\u021bi dezvolt\u0103 vocabularul","isPartOf":{"@id":"https:\/\/business.roovi.com\/de\/#website"},"datePublished":"2018-04-16T10:56:08+00:00","dateModified":"2018-04-16T10:56:08+00:00","description":"Te crezi bun la limba rom\u00e2n\u0103? Comand\u0103 acum Jocul proverbelor, un joc educativ care te provoac\u0103 s\u0103 completezi cele peste 60 de proverbe rom\u00e2ne\u0219ti.","breadcrumb":{"@id":"https:\/\/business.roovi.com\/de\/jocul-proverbelor\/p\/#breadcrumb"},"inLanguage":"de","potentialAction":[{"@type":"ReadAction","target":["https:\/\/business.roovi.com\/de\/jocul-proverbelor\/p\/"]}]},{"@type":"BreadcrumbList","@id":"https:\/\/business.roovi.com\/de\/jocul-proverbelor\/p\/#breadcrumb","itemListElement":[{"@type":"ListItem","position":1,"name":"Home","item":"https:\/\/business.roovi.com\/de\/"},{"@type":"ListItem","position":2,"name":"Shop","item":"https:\/\/business.roovi.com\/de\/shop\/"},{"@type":"ListItem","position":3,"name":"Jocul proverbelor &#8211; Joc rom\u00e2nesc"}]},{"@type":"WebSite","@id":"https:\/\/business.roovi.com\/de\/#website","url":"https:\/\/business.roovi.com\/de\/","name":"Roovi B2B","description":"Roovi Business Website","potentialAction":[{"@type":"SearchAction","target":{"@type":"EntryPoint","urlTemplate":"https:\/\/business.roovi.com\/de\/?s={search_term_string}"},"query-input":"required name=search_term_string"}],"inLanguage":"de"}]}},"_links":{"self":[{"href":"https:\/\/business.roovi.com\/de\/wp-json\/wp\/v2\/product\/43456","targetHints":{"allow":["GET"]}}],"collection":[{"href":"https:\/\/business.roovi.com\/de\/wp-json\/wp\/v2\/product"}],"about":[{"href":"https:\/\/business.roovi.com\/de\/wp-json\/wp\/v2\/types\/product"}],"version-history":[{"count":0,"href":"https:\/\/business.roovi.com\/de\/wp-json\/wp\/v2\/product\/43456\/revisions"}],"wp:featuredmedia":[{"embeddable":true,"href":"https:\/\/business.roovi.com\/de\/wp-json\/wp\/v2\/media\/70271"}],"wp:attachment":[{"href":"https:\/\/business.roovi.com\/de\/wp-json\/wp\/v2\/media?parent=43456"}],"wp:term":[{"taxonomy":"product_brand","embeddable":true,"href":"https:\/\/business.roovi.com\/de\/wp-json\/wp\/v2\/product_brand?post=43456"},{"taxonomy":"product_cat","embeddable":true,"href":"https:\/\/business.roovi.com\/de\/wp-json\/wp\/v2\/product_cat?post=43456"},{"taxonomy":"product_tag","embeddable":true,"href":"https:\/\/business.roovi.com\/de\/wp-json\/wp\/v2\/product_tag?post=43456"}],"curies":[{"name":"wp","href":"https:\/\/api.w.org\/{rel}","templated":true}]}}