{"id":43470,"date":"2018-04-16T10:56:08","date_gmt":"2018-04-16T10:56:08","guid":{"rendered":"https:\/\/business.roovi.com\/joc-romanesc-zoo-alfabet\/p\/"},"modified":"2018-04-16T10:56:08","modified_gmt":"2018-04-16T10:56:08","slug":"joc-romanesc-zoo-alfabet","status":"publish","type":"product","link":"https:\/\/business.roovi.com\/de\/joc-romanesc-zoo-alfabet\/p\/","title":{"rendered":"Joc de \u00eenv\u0103\u021bat alfabetul cu animale &#8211; Zoo alfabet"},"content":{"rendered":"<p>\u00cenva\u021b\u0103 alfabetul cu ajutorul acestui joc minunat \u00eenf\u0103\u021bi\u0219\u00e2nd diferite animale &#8222;\u00een mi\u0219care&#8220;, ale c\u0103ror denumiri \u00een limba rom\u00e2n\u0103 \u00eencep cu literele de pe plan\u0219e. Observ\u0103 cum literele &#8222;dinamice&#8220; se transform\u0103 una \u00een cealalt\u0103, alc\u0103tuind cuvinte diferite! Jocul dezvolt\u0103 vocabularul, aten\u021bia \u0219i coordonarea ochi-m\u00e2n\u0103.<\/p>\n","protected":false},"excerpt":{"rendered":"<p>\u00cenva\u021b\u0103 alfabetul cu ajutorul acestui joc minunat \u00eenf\u0103\u021bi\u0219\u00e2nd diferite animale &#8222;\u00een mi\u0219care&#8220;, ale c\u0103ror denumiri \u00een limba rom\u00e2n\u0103 \u00eencep cu<\/p>\n","protected":false},"featured_media":31337,"template":"","meta":[],"product_brand":[],"product_cat":[2006,1896,1887],"product_tag":[],"class_list":{"0":"post-43470","1":"product","2":"type-product","3":"status-publish","4":"has-post-thumbnail","6":"product_cat-lernspiele","7":"product_cat-padagogische-und-wissenschaftliche-spiele","8":"product_cat-rumanische-spiele","9":"pa_bax-14-de","10":"pa_brand-d_toys-de","11":"pa_filter_age-3_5-de","12":"pa_filter_age-5_7-de","13":"pa_filter_age-7_9-de","14":"pa_tip_ambalaj-kasten-a4-de","16":"first","17":"instock","18":"taxable","19":"shipping-taxable","20":"product-type-simple"},"yoast_head":"<!-- This site is optimized with the Yoast SEO plugin v20.1 - https:\/\/yoast.com\/wordpress\/plugins\/seo\/ -->\n<title>Joc de \u00eenv\u0103\u021bat alfabetul cu animale - Zoo alfabet - Roovi B2B<\/title>\n<meta name=\"robots\" content=\"index, follow, max-snippet:-1, max-image-preview:large, max-video-preview:-1\" \/>\n<link rel=\"canonical\" href=\"https:\/\/business.roovi.com\/de\/joc-romanesc-zoo-alfabet\/p\/\" \/>\n<meta property=\"og:locale\" content=\"de_DE\" \/>\n<meta property=\"og:type\" content=\"article\" \/>\n<meta property=\"og:title\" content=\"Joc de \u00eenv\u0103\u021bat alfabetul cu animale - Zoo alfabet - Roovi B2B\" \/>\n<meta property=\"og:description\" content=\"\u00cenva\u021b\u0103 alfabetul cu ajutorul acestui joc minunat \u00eenf\u0103\u021bi\u0219\u00e2nd diferite animale &#8222;\u00een mi\u0219care&#8220;, ale c\u0103ror denumiri \u00een limba rom\u00e2n\u0103 \u00eencep cu\" \/>\n<meta property=\"og:url\" content=\"https:\/\/business.roovi.com\/de\/joc-romanesc-zoo-alfabet\/p\/\" \/>\n<meta property=\"og:site_name\" content=\"Roovi B2B\" \/>\n<meta property=\"article:publisher\" content=\"https:\/\/www.facebook.com\/wwwjucariero\" \/>\n<meta property=\"og:image\" content=\"https:\/\/business.roovi.com\/wp-content\/uploads\/2018\/04\/joc_colectiv_zoo_alfabet-73440.jpg\" \/>\n\t<meta property=\"og:image:width\" content=\"1000\" \/>\n\t<meta property=\"og:image:height\" content=\"1000\" \/>\n\t<meta property=\"og:image:type\" content=\"image\/jpeg\" \/>\n<script type=\"application\/ld+json\" class=\"yoast-schema-graph\">{\"@context\":\"https:\/\/schema.org\",\"@graph\":[{\"@type\":\"WebPage\",\"@id\":\"https:\/\/business.roovi.com\/de\/joc-romanesc-zoo-alfabet\/p\/\",\"url\":\"https:\/\/business.roovi.com\/de\/joc-romanesc-zoo-alfabet\/p\/\",\"name\":\"Joc de \u00eenv\u0103\u021bat alfabetul cu animale - Zoo alfabet - Roovi B2B\",\"isPartOf\":{\"@id\":\"https:\/\/business.roovi.com\/de\/#website\"},\"datePublished\":\"2018-04-16T10:56:08+00:00\",\"dateModified\":\"2018-04-16T10:56:08+00:00\",\"breadcrumb\":{\"@id\":\"https:\/\/business.roovi.com\/de\/joc-romanesc-zoo-alfabet\/p\/#breadcrumb\"},\"inLanguage\":\"de\",\"potentialAction\":[{\"@type\":\"ReadAction\",\"target\":[\"https:\/\/business.roovi.com\/de\/joc-romanesc-zoo-alfabet\/p\/\"]}]},{\"@type\":\"BreadcrumbList\",\"@id\":\"https:\/\/business.roovi.com\/de\/joc-romanesc-zoo-alfabet\/p\/#breadcrumb\",\"itemListElement\":[{\"@type\":\"ListItem\",\"position\":1,\"name\":\"Home\",\"item\":\"https:\/\/business.roovi.com\/de\/\"},{\"@type\":\"ListItem\",\"position\":2,\"name\":\"Shop\",\"item\":\"https:\/\/business.roovi.com\/de\/shop\/\"},{\"@type\":\"ListItem\",\"position\":3,\"name\":\"Joc de \u00eenv\u0103\u021bat alfabetul cu animale &#8211; Zoo alfabet\"}]},{\"@type\":\"WebSite\",\"@id\":\"https:\/\/business.roovi.com\/de\/#website\",\"url\":\"https:\/\/business.roovi.com\/de\/\",\"name\":\"Roovi B2B\",\"description\":\"Roovi Business Website\",\"potentialAction\":[{\"@type\":\"SearchAction\",\"target\":{\"@type\":\"EntryPoint\",\"urlTemplate\":\"https:\/\/business.roovi.com\/de\/?s={search_term_string}\"},\"query-input\":\"required name=search_term_string\"}],\"inLanguage\":\"de\"}]}<\/script>\n<!-- \/ Yoast SEO plugin. -->","yoast_head_json":{"title":"Joc de \u00eenv\u0103\u021bat alfabetul cu animale - Zoo alfabet - Roovi B2B","robots":{"index":"index","follow":"follow","max-snippet":"max-snippet:-1","max-image-preview":"max-image-preview:large","max-video-preview":"max-video-preview:-1"},"canonical":"https:\/\/business.roovi.com\/de\/joc-romanesc-zoo-alfabet\/p\/","og_locale":"de_DE","og_type":"article","og_title":"Joc de \u00eenv\u0103\u021bat alfabetul cu animale - Zoo alfabet - Roovi B2B","og_description":"\u00cenva\u021b\u0103 alfabetul cu ajutorul acestui joc minunat \u00eenf\u0103\u021bi\u0219\u00e2nd diferite animale &#8222;\u00een mi\u0219care&#8220;, ale c\u0103ror denumiri \u00een limba rom\u00e2n\u0103 \u00eencep cu","og_url":"https:\/\/business.roovi.com\/de\/joc-romanesc-zoo-alfabet\/p\/","og_site_name":"Roovi B2B","article_publisher":"https:\/\/www.facebook.com\/wwwjucariero","og_image":[{"width":1000,"height":1000,"url":"https:\/\/business.roovi.com\/wp-content\/uploads\/2018\/04\/joc_colectiv_zoo_alfabet-73440.jpg","type":"image\/jpeg"}],"schema":{"@context":"https:\/\/schema.org","@graph":[{"@type":"WebPage","@id":"https:\/\/business.roovi.com\/de\/joc-romanesc-zoo-alfabet\/p\/","url":"https:\/\/business.roovi.com\/de\/joc-romanesc-zoo-alfabet\/p\/","name":"Joc de \u00eenv\u0103\u021bat alfabetul cu animale - Zoo alfabet - Roovi B2B","isPartOf":{"@id":"https:\/\/business.roovi.com\/de\/#website"},"datePublished":"2018-04-16T10:56:08+00:00","dateModified":"2018-04-16T10:56:08+00:00","breadcrumb":{"@id":"https:\/\/business.roovi.com\/de\/joc-romanesc-zoo-alfabet\/p\/#breadcrumb"},"inLanguage":"de","potentialAction":[{"@type":"ReadAction","target":["https:\/\/business.roovi.com\/de\/joc-romanesc-zoo-alfabet\/p\/"]}]},{"@type":"BreadcrumbList","@id":"https:\/\/business.roovi.com\/de\/joc-romanesc-zoo-alfabet\/p\/#breadcrumb","itemListElement":[{"@type":"ListItem","position":1,"name":"Home","item":"https:\/\/business.roovi.com\/de\/"},{"@type":"ListItem","position":2,"name":"Shop","item":"https:\/\/business.roovi.com\/de\/shop\/"},{"@type":"ListItem","position":3,"name":"Joc de \u00eenv\u0103\u021bat alfabetul cu animale &#8211; Zoo alfabet"}]},{"@type":"WebSite","@id":"https:\/\/business.roovi.com\/de\/#website","url":"https:\/\/business.roovi.com\/de\/","name":"Roovi B2B","description":"Roovi Business Website","potentialAction":[{"@type":"SearchAction","target":{"@type":"EntryPoint","urlTemplate":"https:\/\/business.roovi.com\/de\/?s={search_term_string}"},"query-input":"required name=search_term_string"}],"inLanguage":"de"}]}},"_links":{"self":[{"href":"https:\/\/business.roovi.com\/de\/wp-json\/wp\/v2\/product\/43470","targetHints":{"allow":["GET"]}}],"collection":[{"href":"https:\/\/business.roovi.com\/de\/wp-json\/wp\/v2\/product"}],"about":[{"href":"https:\/\/business.roovi.com\/de\/wp-json\/wp\/v2\/types\/product"}],"version-history":[{"count":0,"href":"https:\/\/business.roovi.com\/de\/wp-json\/wp\/v2\/product\/43470\/revisions"}],"wp:featuredmedia":[{"embeddable":true,"href":"https:\/\/business.roovi.com\/de\/wp-json\/wp\/v2\/media\/31337"}],"wp:attachment":[{"href":"https:\/\/business.roovi.com\/de\/wp-json\/wp\/v2\/media?parent=43470"}],"wp:term":[{"taxonomy":"product_brand","embeddable":true,"href":"https:\/\/business.roovi.com\/de\/wp-json\/wp\/v2\/product_brand?post=43470"},{"taxonomy":"product_cat","embeddable":true,"href":"https:\/\/business.roovi.com\/de\/wp-json\/wp\/v2\/product_cat?post=43470"},{"taxonomy":"product_tag","embeddable":true,"href":"https:\/\/business.roovi.com\/de\/wp-json\/wp\/v2\/product_tag?post=43470"}],"curies":[{"name":"wp","href":"https:\/\/api.w.org\/{rel}","templated":true}]}}