{"id":43718,"date":"2018-04-16T10:56:07","date_gmt":"2018-04-16T10:56:07","guid":{"rendered":"https:\/\/business.roovi.com\/cuburi-constructie-colorate-82-piese\/p\/"},"modified":"2018-04-16T10:56:07","modified_gmt":"2018-04-16T10:56:07","slug":"cuburi-constructie-colorate-82-piese","status":"publish","type":"product","link":"https:\/\/business.roovi.com\/de\/cuburi-constructie-colorate-82-piese\/p\/","title":{"rendered":"Cuburi de construc\u021bie colorate din lemn, 82 piese"},"content":{"rendered":"<p><span style=\"font-weight: 400\">Copilul t\u0103u te surprinde adesea cu construc\u021biile sale \u0219i te \u00eentrebi ce juc\u0103rie s\u0103-i oferi pentru a-i stimula imagina\u021bia?\u00a0<\/span><\/p>\n<p><span style=\"font-weight: 400\">Un set de Cuburi de Construc\u021bie din lemn, cu 82 de piese, ofer\u0103 infinite posibilit\u0103\u021bi de joac\u0103, la fel cum este \u0219i imagina\u021bia micu\u021bilor.\u00a0<\/span><\/p>\n<p><span style=\"font-weight: 400\">Cu ajutorul cuburilor de construc\u021bie cei mici \u00ee\u0219i pot construi castele sau fort\u0103re\u021be, pot ridica turnuri sau construiesc parc\u0103ri pentru ma\u0219ini \u0219i, de ce nu, trasee care mai de care mai ingenioase.\u00a0<\/span><\/p>\n<p><span style=\"font-weight: 400\">Mai mult, Cuburile de Construc\u021bie colorate sunt potrivite \u0219i pentru activit\u0103\u021bi de sortare, pentru micu\u021bii curio\u0219i, care le pot ordona dup\u0103 form\u0103 sau dup\u0103 culoare.<\/span><\/p>\n<h2><span style=\"font-weight: 400\">\u0218tiai despre Cuburile de Construc\u021bie c\u0103\u2026<\/span><\/h2>\n<ul>\n<li><span style=\"font-weight: 400\">Stimuleaz\u0103 imagina\u021bia f\u0103r\u0103 limite a copiilor.<\/span><\/li>\n<li><span style=\"font-weight: 400\">Dezvolt\u0103 aten\u021bia \u0219i memoria \u00een jocurile de sortare \u0219i ordonare.<\/span><\/li>\n<li><span style=\"font-weight: 400\">Stimuleaz\u0103 concentrarea \u0219i solicit\u0103 la maxim creativitatea.<\/span><\/li>\n<li><span style=\"font-weight: 400\">Sunt perfecte pentru exersarea dexterit\u0103\u021bii \u0219i a motricit\u0103\u021bii.<\/span><\/li>\n<li><span style=\"font-weight: 400\">Sunt captivante \u0219i invit\u0103 copiii la joac\u0103 liber\u0103.<\/span><\/li>\n<li><span style=\"font-weight: 400\">Ajut\u0103 la exersarea coordon\u0103rii m\u00e2n\u0103-ochi\u00a0<\/span><\/li>\n<li><span style=\"font-weight: 400\">Stabilesc no\u021biuni elementare despre figuri geometrice \u0219i mul\u021bimi.<\/span><\/li>\n<li><span style=\"font-weight: 400\">Sunt o resurs\u0103 inepuizabil\u0103 de chef de joac\u0103.<\/span><\/li>\n<li><span style=\"font-weight: 400\">Sunt juc\u0103rii de tip Montessori.<\/span><\/li>\n<\/ul>\n<h2><span style=\"font-weight: 400\">De ce s\u0103 alegi un set de Cuburi Construc\u021bie colorate<\/span><\/h2>\n<p><span style=\"font-weight: 400\">Cuburile sunt realizate din lemn \u0219i sunt sigure chiar \u0219i pentru copiii mai mici, care exploreaz\u0103 noi posibilit\u0103\u021bi de joac\u0103.\u00a0<\/span><\/p>\n<p><span style=\"font-weight: 400\">Sunt vopsite cu vopsea pe baz\u0103 de ap\u0103, non-toxic\u0103 \u0219i sigur\u0103 pentru copii, \u00een culori vibrante \u0219i atractive pentru cei mici.<\/span><\/p>\n<p><span style=\"font-weight: 400\">Setul con\u021bine cuburi din lemn \u00een forme diferite, care faciliteaz\u0103 construirea unor structuri ingenioase, bazate pe formele geometrice de baz\u0103: cilindru, dreptunghi, triunghi, p\u0103trat, semicerc.\u00a0<\/span><\/p>\n<p><span style=\"font-weight: 400\">Singura limit\u0103 \u00een joaca cu aceste cuburi este propria imagina\u021bie, care va deveni tot mai bogat\u0103 cu fiecare cub ad\u0103ugat unei construc\u021bii. Cu siguran\u021b\u0103 cei mici vor g\u0103si mereu ceva interesant de f\u0103cut, chiar \u0219i cu cele mai simple juc\u0103rii.\u00a0<\/span><\/p>\n<p><span style=\"font-weight: 400\">De\u0219i pentru adul\u021bi pot p\u0103rea juc\u0103rii simple, copiii vor aprecia cuburile de construc\u021bie pe care le g\u0103sesc provocatoare tocmai pentru c\u0103 nu fac nimic. Copiii vor fi cei care trebuie s\u0103 vina cu ideea, s\u0103 fie creativi \u0219i s\u0103 \u00ee\u0219i foloseasc\u0103 \u00eendem\u00e2narea pentru a se bucura de rezultat.\u00a0<\/span><\/p>\n<p><span style=\"font-weight: 400\">V\u0103 \u00eendemn\u0103m s\u0103 le l\u0103sa\u021bi micu\u021bilor arhitec\u021bi libertatea de a fi c\u00e2t mai creativi \u0219i inventivi \u00een jocurile lor. Rezultatele vor fi spectaculoase!\u00a0<\/span><\/p>\n<p><span style=\"font-weight: 400\">V\u00e2rst\u0103 recomandat\u0103: 3+<\/span><\/p>\n<p><span style=\"font-weight: 400\">Juc\u0103tori: individual sau grupuri<\/span><\/p>\n<p><span style=\"font-weight: 400\">Cutia con\u021bine: 82 de cuburi din lemn, de forme \u0219i culori diferite.\u00a0<\/span><\/p>\n<p><span style=\"font-weight: 400\">Joc nerecomandat copiilor mai mici de 3 ani.<\/span><\/p>\n<p>\u00a0<\/p>\n","protected":false},"excerpt":{"rendered":"<p>Copilul t\u0103u te surprinde adesea cu construc\u021biile sale \u0219i te \u00eentrebi ce juc\u0103rie s\u0103-i oferi pentru a-i stimula imagina\u021bia?\u00a0 Un<\/p>\n","protected":false},"featured_media":70904,"template":"","meta":[],"product_brand":[],"product_cat":[2026,1929,1912],"product_tag":[],"class_list":{"0":"post-43718","1":"product","2":"type-product","3":"status-publish","4":"has-post-thumbnail","6":"product_cat-baukasten","7":"product_cat-spiele-aus-holz","8":"product_cat-weitere-kategorien","9":"pa_brand-deico-de","10":"pa_country_of_manufacture-ro-de","11":"pa_filter_age-3_5-de","12":"pa_filter_age-5_7-de","13":"pa_filter_age-7_9-de","14":"pa_tip_ambalaj-kasten-a4-de","16":"first","17":"instock","18":"taxable","19":"shipping-taxable","20":"product-type-simple"},"yoast_head":"<!-- This site is optimized with the Yoast SEO plugin v20.1 - https:\/\/yoast.com\/wordpress\/plugins\/seo\/ -->\n<title>Cuburi de construc\u021bie colorate din lemn, 82 piese - Roovi B2B<\/title>\n<meta name=\"robots\" content=\"index, follow, max-snippet:-1, max-image-preview:large, max-video-preview:-1\" \/>\n<link rel=\"canonical\" href=\"https:\/\/business.roovi.com\/de\/cuburi-constructie-colorate-82-piese\/p\/\" \/>\n<meta property=\"og:locale\" content=\"de_DE\" \/>\n<meta property=\"og:type\" content=\"article\" \/>\n<meta property=\"og:title\" content=\"Cuburi de construc\u021bie colorate din lemn, 82 piese - Roovi B2B\" \/>\n<meta property=\"og:description\" content=\"Copilul t\u0103u te surprinde adesea cu construc\u021biile sale \u0219i te \u00eentrebi ce juc\u0103rie s\u0103-i oferi pentru a-i stimula imagina\u021bia?\u00a0 Un\" \/>\n<meta property=\"og:url\" content=\"https:\/\/business.roovi.com\/de\/cuburi-constructie-colorate-82-piese\/p\/\" \/>\n<meta property=\"og:site_name\" content=\"Roovi B2B\" \/>\n<meta property=\"article:publisher\" content=\"https:\/\/www.facebook.com\/wwwjucariero\" \/>\n<meta property=\"og:image\" content=\"https:\/\/business.roovi.com\/wp-content\/uploads\/2018\/04\/cuburi_de_construc_ie_82_piese_copy.jpg\" \/>\n\t<meta property=\"og:image:width\" content=\"1200\" \/>\n\t<meta property=\"og:image:height\" content=\"1200\" \/>\n\t<meta property=\"og:image:type\" content=\"image\/jpeg\" \/>\n<meta name=\"twitter:label1\" content=\"Gesch\u00e4tzte Lesezeit\" \/>\n\t<meta name=\"twitter:data1\" content=\"2\u00a0Minuten\" \/>\n<script type=\"application\/ld+json\" class=\"yoast-schema-graph\">{\"@context\":\"https:\/\/schema.org\",\"@graph\":[{\"@type\":\"WebPage\",\"@id\":\"https:\/\/business.roovi.com\/de\/cuburi-constructie-colorate-82-piese\/p\/\",\"url\":\"https:\/\/business.roovi.com\/de\/cuburi-constructie-colorate-82-piese\/p\/\",\"name\":\"Cuburi de construc\u021bie colorate din lemn, 82 piese - Roovi B2B\",\"isPartOf\":{\"@id\":\"https:\/\/business.roovi.com\/de\/#website\"},\"datePublished\":\"2018-04-16T10:56:07+00:00\",\"dateModified\":\"2018-04-16T10:56:07+00:00\",\"breadcrumb\":{\"@id\":\"https:\/\/business.roovi.com\/de\/cuburi-constructie-colorate-82-piese\/p\/#breadcrumb\"},\"inLanguage\":\"de\",\"potentialAction\":[{\"@type\":\"ReadAction\",\"target\":[\"https:\/\/business.roovi.com\/de\/cuburi-constructie-colorate-82-piese\/p\/\"]}]},{\"@type\":\"BreadcrumbList\",\"@id\":\"https:\/\/business.roovi.com\/de\/cuburi-constructie-colorate-82-piese\/p\/#breadcrumb\",\"itemListElement\":[{\"@type\":\"ListItem\",\"position\":1,\"name\":\"Home\",\"item\":\"https:\/\/business.roovi.com\/de\/\"},{\"@type\":\"ListItem\",\"position\":2,\"name\":\"Shop\",\"item\":\"https:\/\/business.roovi.com\/de\/shop\/\"},{\"@type\":\"ListItem\",\"position\":3,\"name\":\"Cuburi de construc\u021bie colorate din lemn, 82 piese\"}]},{\"@type\":\"WebSite\",\"@id\":\"https:\/\/business.roovi.com\/de\/#website\",\"url\":\"https:\/\/business.roovi.com\/de\/\",\"name\":\"Roovi B2B\",\"description\":\"Roovi Business Website\",\"potentialAction\":[{\"@type\":\"SearchAction\",\"target\":{\"@type\":\"EntryPoint\",\"urlTemplate\":\"https:\/\/business.roovi.com\/de\/?s={search_term_string}\"},\"query-input\":\"required name=search_term_string\"}],\"inLanguage\":\"de\"}]}<\/script>\n<!-- \/ Yoast SEO plugin. -->","yoast_head_json":{"title":"Cuburi de construc\u021bie colorate din lemn, 82 piese - Roovi B2B","robots":{"index":"index","follow":"follow","max-snippet":"max-snippet:-1","max-image-preview":"max-image-preview:large","max-video-preview":"max-video-preview:-1"},"canonical":"https:\/\/business.roovi.com\/de\/cuburi-constructie-colorate-82-piese\/p\/","og_locale":"de_DE","og_type":"article","og_title":"Cuburi de construc\u021bie colorate din lemn, 82 piese - Roovi B2B","og_description":"Copilul t\u0103u te surprinde adesea cu construc\u021biile sale \u0219i te \u00eentrebi ce juc\u0103rie s\u0103-i oferi pentru a-i stimula imagina\u021bia?\u00a0 Un","og_url":"https:\/\/business.roovi.com\/de\/cuburi-constructie-colorate-82-piese\/p\/","og_site_name":"Roovi B2B","article_publisher":"https:\/\/www.facebook.com\/wwwjucariero","og_image":[{"width":1200,"height":1200,"url":"https:\/\/business.roovi.com\/wp-content\/uploads\/2018\/04\/cuburi_de_construc_ie_82_piese_copy.jpg","type":"image\/jpeg"}],"twitter_misc":{"Gesch\u00e4tzte Lesezeit":"2\u00a0Minuten"},"schema":{"@context":"https:\/\/schema.org","@graph":[{"@type":"WebPage","@id":"https:\/\/business.roovi.com\/de\/cuburi-constructie-colorate-82-piese\/p\/","url":"https:\/\/business.roovi.com\/de\/cuburi-constructie-colorate-82-piese\/p\/","name":"Cuburi de construc\u021bie colorate din lemn, 82 piese - Roovi B2B","isPartOf":{"@id":"https:\/\/business.roovi.com\/de\/#website"},"datePublished":"2018-04-16T10:56:07+00:00","dateModified":"2018-04-16T10:56:07+00:00","breadcrumb":{"@id":"https:\/\/business.roovi.com\/de\/cuburi-constructie-colorate-82-piese\/p\/#breadcrumb"},"inLanguage":"de","potentialAction":[{"@type":"ReadAction","target":["https:\/\/business.roovi.com\/de\/cuburi-constructie-colorate-82-piese\/p\/"]}]},{"@type":"BreadcrumbList","@id":"https:\/\/business.roovi.com\/de\/cuburi-constructie-colorate-82-piese\/p\/#breadcrumb","itemListElement":[{"@type":"ListItem","position":1,"name":"Home","item":"https:\/\/business.roovi.com\/de\/"},{"@type":"ListItem","position":2,"name":"Shop","item":"https:\/\/business.roovi.com\/de\/shop\/"},{"@type":"ListItem","position":3,"name":"Cuburi de construc\u021bie colorate din lemn, 82 piese"}]},{"@type":"WebSite","@id":"https:\/\/business.roovi.com\/de\/#website","url":"https:\/\/business.roovi.com\/de\/","name":"Roovi B2B","description":"Roovi Business Website","potentialAction":[{"@type":"SearchAction","target":{"@type":"EntryPoint","urlTemplate":"https:\/\/business.roovi.com\/de\/?s={search_term_string}"},"query-input":"required name=search_term_string"}],"inLanguage":"de"}]}},"_links":{"self":[{"href":"https:\/\/business.roovi.com\/de\/wp-json\/wp\/v2\/product\/43718","targetHints":{"allow":["GET"]}}],"collection":[{"href":"https:\/\/business.roovi.com\/de\/wp-json\/wp\/v2\/product"}],"about":[{"href":"https:\/\/business.roovi.com\/de\/wp-json\/wp\/v2\/types\/product"}],"version-history":[{"count":0,"href":"https:\/\/business.roovi.com\/de\/wp-json\/wp\/v2\/product\/43718\/revisions"}],"wp:featuredmedia":[{"embeddable":true,"href":"https:\/\/business.roovi.com\/de\/wp-json\/wp\/v2\/media\/70904"}],"wp:attachment":[{"href":"https:\/\/business.roovi.com\/de\/wp-json\/wp\/v2\/media?parent=43718"}],"wp:term":[{"taxonomy":"product_brand","embeddable":true,"href":"https:\/\/business.roovi.com\/de\/wp-json\/wp\/v2\/product_brand?post=43718"},{"taxonomy":"product_cat","embeddable":true,"href":"https:\/\/business.roovi.com\/de\/wp-json\/wp\/v2\/product_cat?post=43718"},{"taxonomy":"product_tag","embeddable":true,"href":"https:\/\/business.roovi.com\/de\/wp-json\/wp\/v2\/product_tag?post=43718"}],"curies":[{"name":"wp","href":"https:\/\/api.w.org\/{rel}","templated":true}]}}