{"id":43722,"date":"2018-04-16T10:56:07","date_gmt":"2018-04-16T10:56:07","guid":{"rendered":"https:\/\/business.roovi.com\/joc-set-de-tesut\/p\/"},"modified":"2018-04-16T10:56:07","modified_gmt":"2018-04-16T10:56:07","slug":"joc-set-de-tesut","status":"publish","type":"product","link":"https:\/\/business.roovi.com\/de\/joc-set-de-tesut\/p\/","title":{"rendered":"Set de \u021besut pentru copii"},"content":{"rendered":"<p><span style=\"font-weight: 400\">\u021aesutul la r\u0103zboi are origini str\u0103vechi \u00een tradi\u021bia poporului rom\u00e2n, de la pre\u0219urile colorate care decorau podelele caselor b\u0103tr\u00e2ne\u0219ti, p\u00e2n\u0103 la p\u00e2nza pe care erau cusute iile purtate cu m\u00e2ndrie \u00een zi de s\u0103rb\u0103toare.<\/span><\/p>\n<p><span style=\"font-weight: 400\">Ofer\u0103-le copiilor ocazia s\u0103 r\u0103m\u00e2n\u0103 conecta\u021bi la tradi\u021bii \u0219i s\u0103 \u00eenve\u021be un obicei pe c\u00e2t de distractiv, pe at\u00e2t de complex, care \u00eencepe s\u0103 fie iar\u0103\u0219i din ce \u00een ce mai apreciat.\u00a0<\/span><\/p>\n<p><span style=\"font-weight: 400\">Cu ajutorul unui Set de \u021aesut, copiii \u00ee\u0219i vor folosi creativitatea, juc\u00e2ndu-se cu culorile pentru a ob\u021bine obiecte originale, cu care se pot m\u00e2ndri \u00een fa\u021ba prietenilor.\u00a0<\/span><\/p>\n<h2><span style=\"font-weight: 400\">\u0218tiai c\u0103 Setul de \u021aesut\u2026<\/span><\/h2>\n<ul>\n<li><span style=\"font-weight: 400\">Este foarte potrivit pentru a stimula coordonarea motric\u0103, fiind necesare mai multe mi\u0219c\u0103ri diferite pentru a fixa firul \u00een \u021bes\u0103tur\u0103.<\/span><\/li>\n<li><span style=\"font-weight: 400\">Este un stimul eficient pentru coordonarea m\u00e2n\u0103-ochi, necesar\u0103 pentru a trece firul printre i\u021bele urzelii.<\/span><\/li>\n<li><span style=\"font-weight: 400\">Dezvolt\u0103 g\u00e2ndirea logic\u0103, prin deprinderea mi\u0219c\u0103rilor corecte \u0219i secven\u021biale, care duc la ob\u021binerea unui rezultat final armonios.<\/span><\/li>\n<li><span style=\"font-weight: 400\">Copiii pot deprinde no\u021biuni de colorimetrie \u0219i pot \u00eenv\u0103\u021ba lucruri interesante despre culori \u0219i cum se potrivesc acestea.<\/span><\/li>\n<li><span style=\"font-weight: 400\">Este u\u0219or de m\u00e2nuit de c\u0103tre copii, iar schimbarea r\u00e2ndurilor este chiar amuzant\u0103.<\/span><\/li>\n<li><span style=\"font-weight: 400\">Este potrivit at\u00e2t unui copil c\u0103ruia \u00eei place s\u0103 se joace singur, c\u00e2t \u0219i unuia care prefer\u0103 joaca al\u0103turi de prieteni &#8211; fiecare poate contribui, astfel, la rezultatul final.<\/span><\/li>\n<li><span style=\"font-weight: 400\">Stimuleaz\u0103 dezvoltarea indem\u00e2n\u0103rii \u0219i ajut\u0103 la cre\u0219terea \u00eencrederii \u0219i a stimei de sine, odat\u0103 cu ob\u021binerea unor lucr\u0103ri tot mai interesante.\u00a0<\/span><\/li>\n<li><span style=\"font-weight: 400\">Lucrul manual stimuleaz\u0103 utilizarea \u0219i dezvoltarea ambelor emisfere cerebrale \u0219i este preferat \u00een toate sistemele educa\u021bionale.\u00a0\u00a0<\/span><\/li>\n<\/ul>\n<h2><span style=\"font-weight: 400\">De ce s\u0103 alegi un Set de \u021aesut<\/span><\/h2>\n<p><span style=\"font-weight: 400\">Structura din lemn este foarte rezistent\u0103 \u0219i sigur\u0103 de folosit de c\u0103tre copii, fiind realizat\u0103 din materiale de calitate.<\/span><\/p>\n<p><span style=\"font-weight: 400\">Urzeala Setului de \u021aesut poate fi schimbat\u0103 u\u0219or de c\u0103tre adul\u021bi sau chiar de c\u0103tre copiii mai mari, \u0219i este gata pentru o nou\u0103 activitate amuzant\u0103 \u00een scurt timp.<\/span><\/p>\n<p><span style=\"font-weight: 400\">Este un mijloc pl\u0103cut pentru copii de a se concentra asupra unei sarcini, \u00eembin\u00e2nd \u00een acela\u0219i timp o activitate de \u00eendem\u00e2nare cu fascina\u021bia de a vedea cum prinde contur un obiect creat cu propriile m\u00e2ini.\u00a0<\/span><\/p>\n<p><span style=\"font-weight: 400\">V\u00e2rst\u0103 recomandat\u0103: 5+<\/span><\/p>\n<p><span style=\"font-weight: 400\">Juc\u0103tori: o persoan\u0103<\/span><\/p>\n<p><span style=\"font-weight: 400\">Cutia con\u021bine: o ram\u0103 de \u021besut, o suveic\u0103, o spat\u0103, un pieptene de \u021besut, 7 sculuri colorate \u0219i 2 sculuri albe.\u00a0<\/span><\/p>\n<p><span style=\"font-weight: 400\">Joc nerecomandat copiilor sub 3 ani.\u00a0<\/span><\/p>\n<p>\u00a0<\/p>\n","protected":false},"excerpt":{"rendered":"<p>\u021aesutul la r\u0103zboi are origini str\u0103vechi \u00een tradi\u021bia poporului rom\u00e2n, de la pre\u0219urile colorate care decorau podelele caselor b\u0103tr\u00e2ne\u0219ti, p\u00e2n\u0103<\/p>\n","protected":false},"featured_media":70812,"template":"","meta":[],"product_brand":[],"product_cat":[1929],"product_tag":[],"class_list":{"0":"post-43722","1":"product","2":"type-product","3":"status-publish","4":"has-post-thumbnail","6":"product_cat-spiele-aus-holz","7":"pa_brand-deico-de","8":"pa_country_of_manufacture-ro-de","9":"pa_filter_age-5_7-de","10":"pa_filter_age-7_9-de","11":"pa_tip_ambalaj-kasten-a4-de","13":"first","14":"onbackorder","15":"taxable","16":"shipping-taxable","17":"product-type-simple"},"yoast_head":"<!-- This site is optimized with the Yoast SEO plugin v20.1 - https:\/\/yoast.com\/wordpress\/plugins\/seo\/ -->\n<title>Set de \u021besut pentru copii - Roovi B2B<\/title>\n<meta name=\"robots\" content=\"index, follow, max-snippet:-1, max-image-preview:large, max-video-preview:-1\" \/>\n<link rel=\"canonical\" href=\"https:\/\/business.roovi.com\/de\/joc-set-de-tesut\/p\/\" \/>\n<meta property=\"og:locale\" content=\"de_DE\" \/>\n<meta property=\"og:type\" content=\"article\" \/>\n<meta property=\"og:title\" content=\"Set de \u021besut pentru copii - Roovi B2B\" \/>\n<meta property=\"og:description\" content=\"\u021aesutul la r\u0103zboi are origini str\u0103vechi \u00een tradi\u021bia poporului rom\u00e2n, de la pre\u0219urile colorate care decorau podelele caselor b\u0103tr\u00e2ne\u0219ti, p\u00e2n\u0103\" \/>\n<meta property=\"og:url\" content=\"https:\/\/business.roovi.com\/de\/joc-set-de-tesut\/p\/\" \/>\n<meta property=\"og:site_name\" content=\"Roovi B2B\" \/>\n<meta property=\"article:publisher\" content=\"https:\/\/www.facebook.com\/wwwjucariero\" \/>\n<meta property=\"og:image\" content=\"https:\/\/business.roovi.com\/wp-content\/uploads\/2018\/04\/61348_cutie_set_de_tesut_elo.jpg\" \/>\n\t<meta property=\"og:image:width\" content=\"1200\" \/>\n\t<meta property=\"og:image:height\" content=\"1200\" \/>\n\t<meta property=\"og:image:type\" content=\"image\/jpeg\" \/>\n<meta name=\"twitter:label1\" content=\"Gesch\u00e4tzte Lesezeit\" \/>\n\t<meta name=\"twitter:data1\" content=\"2\u00a0Minuten\" \/>\n<script type=\"application\/ld+json\" class=\"yoast-schema-graph\">{\"@context\":\"https:\/\/schema.org\",\"@graph\":[{\"@type\":\"WebPage\",\"@id\":\"https:\/\/business.roovi.com\/de\/joc-set-de-tesut\/p\/\",\"url\":\"https:\/\/business.roovi.com\/de\/joc-set-de-tesut\/p\/\",\"name\":\"Set de \u021besut pentru copii - Roovi B2B\",\"isPartOf\":{\"@id\":\"https:\/\/business.roovi.com\/de\/#website\"},\"datePublished\":\"2018-04-16T10:56:07+00:00\",\"dateModified\":\"2018-04-16T10:56:07+00:00\",\"breadcrumb\":{\"@id\":\"https:\/\/business.roovi.com\/de\/joc-set-de-tesut\/p\/#breadcrumb\"},\"inLanguage\":\"de\",\"potentialAction\":[{\"@type\":\"ReadAction\",\"target\":[\"https:\/\/business.roovi.com\/de\/joc-set-de-tesut\/p\/\"]}]},{\"@type\":\"BreadcrumbList\",\"@id\":\"https:\/\/business.roovi.com\/de\/joc-set-de-tesut\/p\/#breadcrumb\",\"itemListElement\":[{\"@type\":\"ListItem\",\"position\":1,\"name\":\"Home\",\"item\":\"https:\/\/business.roovi.com\/de\/\"},{\"@type\":\"ListItem\",\"position\":2,\"name\":\"Shop\",\"item\":\"https:\/\/business.roovi.com\/de\/shop\/\"},{\"@type\":\"ListItem\",\"position\":3,\"name\":\"Set de \u021besut pentru copii\"}]},{\"@type\":\"WebSite\",\"@id\":\"https:\/\/business.roovi.com\/de\/#website\",\"url\":\"https:\/\/business.roovi.com\/de\/\",\"name\":\"Roovi B2B\",\"description\":\"Roovi Business Website\",\"potentialAction\":[{\"@type\":\"SearchAction\",\"target\":{\"@type\":\"EntryPoint\",\"urlTemplate\":\"https:\/\/business.roovi.com\/de\/?s={search_term_string}\"},\"query-input\":\"required name=search_term_string\"}],\"inLanguage\":\"de\"}]}<\/script>\n<!-- \/ Yoast SEO plugin. -->","yoast_head_json":{"title":"Set de \u021besut pentru copii - Roovi B2B","robots":{"index":"index","follow":"follow","max-snippet":"max-snippet:-1","max-image-preview":"max-image-preview:large","max-video-preview":"max-video-preview:-1"},"canonical":"https:\/\/business.roovi.com\/de\/joc-set-de-tesut\/p\/","og_locale":"de_DE","og_type":"article","og_title":"Set de \u021besut pentru copii - Roovi B2B","og_description":"\u021aesutul la r\u0103zboi are origini str\u0103vechi \u00een tradi\u021bia poporului rom\u00e2n, de la pre\u0219urile colorate care decorau podelele caselor b\u0103tr\u00e2ne\u0219ti, p\u00e2n\u0103","og_url":"https:\/\/business.roovi.com\/de\/joc-set-de-tesut\/p\/","og_site_name":"Roovi B2B","article_publisher":"https:\/\/www.facebook.com\/wwwjucariero","og_image":[{"width":1200,"height":1200,"url":"https:\/\/business.roovi.com\/wp-content\/uploads\/2018\/04\/61348_cutie_set_de_tesut_elo.jpg","type":"image\/jpeg"}],"twitter_misc":{"Gesch\u00e4tzte Lesezeit":"2\u00a0Minuten"},"schema":{"@context":"https:\/\/schema.org","@graph":[{"@type":"WebPage","@id":"https:\/\/business.roovi.com\/de\/joc-set-de-tesut\/p\/","url":"https:\/\/business.roovi.com\/de\/joc-set-de-tesut\/p\/","name":"Set de \u021besut pentru copii - Roovi B2B","isPartOf":{"@id":"https:\/\/business.roovi.com\/de\/#website"},"datePublished":"2018-04-16T10:56:07+00:00","dateModified":"2018-04-16T10:56:07+00:00","breadcrumb":{"@id":"https:\/\/business.roovi.com\/de\/joc-set-de-tesut\/p\/#breadcrumb"},"inLanguage":"de","potentialAction":[{"@type":"ReadAction","target":["https:\/\/business.roovi.com\/de\/joc-set-de-tesut\/p\/"]}]},{"@type":"BreadcrumbList","@id":"https:\/\/business.roovi.com\/de\/joc-set-de-tesut\/p\/#breadcrumb","itemListElement":[{"@type":"ListItem","position":1,"name":"Home","item":"https:\/\/business.roovi.com\/de\/"},{"@type":"ListItem","position":2,"name":"Shop","item":"https:\/\/business.roovi.com\/de\/shop\/"},{"@type":"ListItem","position":3,"name":"Set de \u021besut pentru copii"}]},{"@type":"WebSite","@id":"https:\/\/business.roovi.com\/de\/#website","url":"https:\/\/business.roovi.com\/de\/","name":"Roovi B2B","description":"Roovi Business Website","potentialAction":[{"@type":"SearchAction","target":{"@type":"EntryPoint","urlTemplate":"https:\/\/business.roovi.com\/de\/?s={search_term_string}"},"query-input":"required name=search_term_string"}],"inLanguage":"de"}]}},"_links":{"self":[{"href":"https:\/\/business.roovi.com\/de\/wp-json\/wp\/v2\/product\/43722","targetHints":{"allow":["GET"]}}],"collection":[{"href":"https:\/\/business.roovi.com\/de\/wp-json\/wp\/v2\/product"}],"about":[{"href":"https:\/\/business.roovi.com\/de\/wp-json\/wp\/v2\/types\/product"}],"version-history":[{"count":0,"href":"https:\/\/business.roovi.com\/de\/wp-json\/wp\/v2\/product\/43722\/revisions"}],"wp:featuredmedia":[{"embeddable":true,"href":"https:\/\/business.roovi.com\/de\/wp-json\/wp\/v2\/media\/70812"}],"wp:attachment":[{"href":"https:\/\/business.roovi.com\/de\/wp-json\/wp\/v2\/media?parent=43722"}],"wp:term":[{"taxonomy":"product_brand","embeddable":true,"href":"https:\/\/business.roovi.com\/de\/wp-json\/wp\/v2\/product_brand?post=43722"},{"taxonomy":"product_cat","embeddable":true,"href":"https:\/\/business.roovi.com\/de\/wp-json\/wp\/v2\/product_cat?post=43722"},{"taxonomy":"product_tag","embeddable":true,"href":"https:\/\/business.roovi.com\/de\/wp-json\/wp\/v2\/product_tag?post=43722"}],"curies":[{"name":"wp","href":"https:\/\/api.w.org\/{rel}","templated":true}]}}