{"id":56108,"date":"2022-08-25T10:06:23","date_gmt":"2022-08-25T10:06:23","guid":{"rendered":"https:\/\/business.roovi.com\/puzzle-lollipops-puzzle-adulti-1000-piese-high-difficulty\/p\/"},"modified":"2022-12-01T12:59:37","modified_gmt":"2022-12-01T12:59:37","slug":"lollipops-puzzle-adult-puzzle-1000-teile-hoher-schwierigkeitsgrad","status":"publish","type":"product","link":"https:\/\/business.roovi.com\/de\/lollipops-puzzle-adult-puzzle-1000-teile-hoher-schwierigkeitsgrad\/p\/","title":{"rendered":"Lollipops Puzzle &#8211; Adult Puzzle 1000 Teile &#8211; Hoher Schwierigkeitsgrad"},"content":{"rendered":"<h4><em><strong>Puzzle 1000 Teile &#8211; Lollipops ist ein s\u00fc\u00dfer&#8230; Genuss f\u00fcr deinen kreativ herausgeforderten Geist <\/strong><\/em><\/h4>\n<p>Wie jedes hochschwierige Puzzle erfordert auch dieses k\u00f6stliche, farbenfrohe Bild h\u00f6chste Aufmerksamkeit und Konzentration. Gleichzeitig entspannt dich das 1000 Teile Puzzle &#8211; Lollipops tief und ist eine Achtsamkeitsmeditation mit erstaunlichen Vorteilen f\u00fcr die k\u00f6rperliche und geistige Gesundheit.<\/p>\n<p>Ein ganzheitliches Erlebnis, das dein Denken und deine Kreativit\u00e4t anregt, bietet dieses faszinierende Puzzle f\u00fcr Erwachsene. Genie\u00dfe ihn in Ruhe oder nutze ihn als Gelegenheit, um dich mit deinen Lieben zu treffen und Spa\u00df zu haben.<\/p>\n","protected":false},"excerpt":{"rendered":"<p>Puzzle 1000 Teile &#8211; Lollipops ist ein s\u00fc\u00dfer&#8230; Genuss f\u00fcr deinen kreativ herausgeforderten Geist Wie jedes hochschwierige Puzzle erfordert auch<\/p>\n","protected":false},"featured_media":56079,"template":"","meta":[],"product_brand":[],"product_cat":[1916,1875,1915],"product_tag":[],"class_list":{"0":"post-56108","1":"product","2":"type-product","3":"status-publish","4":"has-post-thumbnail","6":"product_cat-1000-teile-puzzle","7":"product_cat-puzzle-de","8":"product_cat-puzzlespiele-fur-erwachsene","9":"pa_brand-d_toys-de","10":"pa_country_of_manufacture-ro-de","11":"pa_filter_age-14-de","12":"pa_painter-high-difficulty","13":"pa_tip_ambalaj-kasten","14":"pa_tip_puzzle-klassisch","16":"first","17":"instock","18":"taxable","19":"shipping-taxable","20":"product-type-simple"},"yoast_head":"<!-- This site is optimized with the Yoast SEO plugin v20.1 - https:\/\/yoast.com\/wordpress\/plugins\/seo\/ -->\n<title>Lollipops Puzzle - Adult Puzzle 1000 Teile - Hoher Schwierigkeitsgrad<\/title>\n<meta name=\"description\" content=\"Lollipops Puzzle - Adult Puzzle 1000 Teile - Hoher Schwierigkeitsgrad\" \/>\n<meta name=\"robots\" content=\"index, follow, max-snippet:-1, max-image-preview:large, max-video-preview:-1\" \/>\n<link rel=\"canonical\" href=\"https:\/\/business.roovi.com\/de\/lollipops-puzzle-adult-puzzle-1000-teile-hoher-schwierigkeitsgrad\/p\/\" \/>\n<meta property=\"og:locale\" content=\"de_DE\" \/>\n<meta property=\"og:type\" content=\"article\" \/>\n<meta property=\"og:title\" content=\"Lollipops Puzzle - Adult Puzzle 1000 Teile - Hoher Schwierigkeitsgrad\" \/>\n<meta property=\"og:description\" content=\"Lollipops Puzzle - Adult Puzzle 1000 Teile - Hoher Schwierigkeitsgrad\" \/>\n<meta property=\"og:url\" content=\"https:\/\/business.roovi.com\/de\/lollipops-puzzle-adult-puzzle-1000-teile-hoher-schwierigkeitsgrad\/p\/\" \/>\n<meta property=\"og:site_name\" content=\"Roovi B2B\" \/>\n<meta property=\"article:publisher\" content=\"https:\/\/www.facebook.com\/wwwjucariero\" \/>\n<meta property=\"article:modified_time\" content=\"2022-12-01T12:59:37+00:00\" \/>\n<meta property=\"og:image\" content=\"https:\/\/business.roovi.com\/wp-content\/uploads\/2022\/08\/01_MAIN-14.jpeg\" \/>\n\t<meta property=\"og:image:width\" content=\"1200\" \/>\n\t<meta property=\"og:image:height\" content=\"1200\" \/>\n\t<meta property=\"og:image:type\" content=\"image\/jpeg\" \/>\n<meta name=\"twitter:label1\" content=\"Gesch\u00e4tzte Lesezeit\" \/>\n\t<meta name=\"twitter:data1\" content=\"1\u00a0Minute\" \/>\n<script type=\"application\/ld+json\" class=\"yoast-schema-graph\">{\"@context\":\"https:\/\/schema.org\",\"@graph\":[{\"@type\":\"WebPage\",\"@id\":\"https:\/\/business.roovi.com\/de\/lollipops-puzzle-adult-puzzle-1000-teile-hoher-schwierigkeitsgrad\/p\/\",\"url\":\"https:\/\/business.roovi.com\/de\/lollipops-puzzle-adult-puzzle-1000-teile-hoher-schwierigkeitsgrad\/p\/\",\"name\":\"Lollipops Puzzle - Adult Puzzle 1000 Teile - Hoher Schwierigkeitsgrad\",\"isPartOf\":{\"@id\":\"https:\/\/business.roovi.com\/de\/#website\"},\"datePublished\":\"2022-08-25T10:06:23+00:00\",\"dateModified\":\"2022-12-01T12:59:37+00:00\",\"description\":\"Lollipops Puzzle - Adult Puzzle 1000 Teile - Hoher Schwierigkeitsgrad\",\"breadcrumb\":{\"@id\":\"https:\/\/business.roovi.com\/de\/lollipops-puzzle-adult-puzzle-1000-teile-hoher-schwierigkeitsgrad\/p\/#breadcrumb\"},\"inLanguage\":\"de\",\"potentialAction\":[{\"@type\":\"ReadAction\",\"target\":[\"https:\/\/business.roovi.com\/de\/lollipops-puzzle-adult-puzzle-1000-teile-hoher-schwierigkeitsgrad\/p\/\"]}]},{\"@type\":\"BreadcrumbList\",\"@id\":\"https:\/\/business.roovi.com\/de\/lollipops-puzzle-adult-puzzle-1000-teile-hoher-schwierigkeitsgrad\/p\/#breadcrumb\",\"itemListElement\":[{\"@type\":\"ListItem\",\"position\":1,\"name\":\"Home\",\"item\":\"https:\/\/business.roovi.com\/de\/\"},{\"@type\":\"ListItem\",\"position\":2,\"name\":\"Shop\",\"item\":\"https:\/\/business.roovi.com\/de\/shop\/\"},{\"@type\":\"ListItem\",\"position\":3,\"name\":\"Lollipops Puzzle &#8211; Adult Puzzle 1000 Teile &#8211; Hoher Schwierigkeitsgrad\"}]},{\"@type\":\"WebSite\",\"@id\":\"https:\/\/business.roovi.com\/de\/#website\",\"url\":\"https:\/\/business.roovi.com\/de\/\",\"name\":\"Roovi B2B\",\"description\":\"Roovi Business Website\",\"potentialAction\":[{\"@type\":\"SearchAction\",\"target\":{\"@type\":\"EntryPoint\",\"urlTemplate\":\"https:\/\/business.roovi.com\/de\/?s={search_term_string}\"},\"query-input\":\"required name=search_term_string\"}],\"inLanguage\":\"de\"}]}<\/script>\n<!-- \/ Yoast SEO plugin. -->","yoast_head_json":{"title":"Lollipops Puzzle - Adult Puzzle 1000 Teile - Hoher Schwierigkeitsgrad","description":"Lollipops Puzzle - Adult Puzzle 1000 Teile - Hoher Schwierigkeitsgrad","robots":{"index":"index","follow":"follow","max-snippet":"max-snippet:-1","max-image-preview":"max-image-preview:large","max-video-preview":"max-video-preview:-1"},"canonical":"https:\/\/business.roovi.com\/de\/lollipops-puzzle-adult-puzzle-1000-teile-hoher-schwierigkeitsgrad\/p\/","og_locale":"de_DE","og_type":"article","og_title":"Lollipops Puzzle - Adult Puzzle 1000 Teile - Hoher Schwierigkeitsgrad","og_description":"Lollipops Puzzle - Adult Puzzle 1000 Teile - Hoher Schwierigkeitsgrad","og_url":"https:\/\/business.roovi.com\/de\/lollipops-puzzle-adult-puzzle-1000-teile-hoher-schwierigkeitsgrad\/p\/","og_site_name":"Roovi B2B","article_publisher":"https:\/\/www.facebook.com\/wwwjucariero","article_modified_time":"2022-12-01T12:59:37+00:00","og_image":[{"width":1200,"height":1200,"url":"https:\/\/business.roovi.com\/wp-content\/uploads\/2022\/08\/01_MAIN-14.jpeg","type":"image\/jpeg"}],"twitter_misc":{"Gesch\u00e4tzte Lesezeit":"1\u00a0Minute"},"schema":{"@context":"https:\/\/schema.org","@graph":[{"@type":"WebPage","@id":"https:\/\/business.roovi.com\/de\/lollipops-puzzle-adult-puzzle-1000-teile-hoher-schwierigkeitsgrad\/p\/","url":"https:\/\/business.roovi.com\/de\/lollipops-puzzle-adult-puzzle-1000-teile-hoher-schwierigkeitsgrad\/p\/","name":"Lollipops Puzzle - Adult Puzzle 1000 Teile - Hoher Schwierigkeitsgrad","isPartOf":{"@id":"https:\/\/business.roovi.com\/de\/#website"},"datePublished":"2022-08-25T10:06:23+00:00","dateModified":"2022-12-01T12:59:37+00:00","description":"Lollipops Puzzle - Adult Puzzle 1000 Teile - Hoher Schwierigkeitsgrad","breadcrumb":{"@id":"https:\/\/business.roovi.com\/de\/lollipops-puzzle-adult-puzzle-1000-teile-hoher-schwierigkeitsgrad\/p\/#breadcrumb"},"inLanguage":"de","potentialAction":[{"@type":"ReadAction","target":["https:\/\/business.roovi.com\/de\/lollipops-puzzle-adult-puzzle-1000-teile-hoher-schwierigkeitsgrad\/p\/"]}]},{"@type":"BreadcrumbList","@id":"https:\/\/business.roovi.com\/de\/lollipops-puzzle-adult-puzzle-1000-teile-hoher-schwierigkeitsgrad\/p\/#breadcrumb","itemListElement":[{"@type":"ListItem","position":1,"name":"Home","item":"https:\/\/business.roovi.com\/de\/"},{"@type":"ListItem","position":2,"name":"Shop","item":"https:\/\/business.roovi.com\/de\/shop\/"},{"@type":"ListItem","position":3,"name":"Lollipops Puzzle &#8211; Adult Puzzle 1000 Teile &#8211; Hoher Schwierigkeitsgrad"}]},{"@type":"WebSite","@id":"https:\/\/business.roovi.com\/de\/#website","url":"https:\/\/business.roovi.com\/de\/","name":"Roovi B2B","description":"Roovi Business Website","potentialAction":[{"@type":"SearchAction","target":{"@type":"EntryPoint","urlTemplate":"https:\/\/business.roovi.com\/de\/?s={search_term_string}"},"query-input":"required name=search_term_string"}],"inLanguage":"de"}]}},"_links":{"self":[{"href":"https:\/\/business.roovi.com\/de\/wp-json\/wp\/v2\/product\/56108","targetHints":{"allow":["GET"]}}],"collection":[{"href":"https:\/\/business.roovi.com\/de\/wp-json\/wp\/v2\/product"}],"about":[{"href":"https:\/\/business.roovi.com\/de\/wp-json\/wp\/v2\/types\/product"}],"version-history":[{"count":0,"href":"https:\/\/business.roovi.com\/de\/wp-json\/wp\/v2\/product\/56108\/revisions"}],"wp:featuredmedia":[{"embeddable":true,"href":"https:\/\/business.roovi.com\/de\/wp-json\/wp\/v2\/media\/56079"}],"wp:attachment":[{"href":"https:\/\/business.roovi.com\/de\/wp-json\/wp\/v2\/media?parent=56108"}],"wp:term":[{"taxonomy":"product_brand","embeddable":true,"href":"https:\/\/business.roovi.com\/de\/wp-json\/wp\/v2\/product_brand?post=56108"},{"taxonomy":"product_cat","embeddable":true,"href":"https:\/\/business.roovi.com\/de\/wp-json\/wp\/v2\/product_cat?post=56108"},{"taxonomy":"product_tag","embeddable":true,"href":"https:\/\/business.roovi.com\/de\/wp-json\/wp\/v2\/product_tag?post=56108"}],"curies":[{"name":"wp","href":"https:\/\/api.w.org\/{rel}","templated":true}]}}