{"id":56819,"date":"2022-08-25T07:58:28","date_gmt":"2022-08-25T07:58:28","guid":{"rendered":"https:\/\/business.roovi.com\/cub-rubik-pentru-copii-2x2\/p\/"},"modified":"2022-08-25T10:55:18","modified_gmt":"2022-08-25T10:55:18","slug":"rubiks-cube-2x2-rubiks-cube-fur-kinder","status":"publish","type":"product","link":"https:\/\/business.roovi.com\/de\/rubiks-cube-2x2-rubiks-cube-fur-kinder\/p\/","title":{"rendered":"Rubik`s Cube, 2&#215;2 &#8211; Rubik`s Cube f\u00fcr Kinder"},"content":{"rendered":"<h3><span style=\"font-weight: 400\">Du suchst nach einem cleveren Spiel f\u00fcr dein Kind? Oder willst du ein intensives mentales Training, das gleichzeitig entspannend ist und Spa\u00df macht?<\/span><\/h3>\n<p><span style=\"font-weight: 400\">Entdecke den Rubik&#8217;s Cube 2&#215;2 f\u00fcr Kinder und Anf\u00e4nger, ein spannendes und fesselndes Spiel, das gleichzeitig logisches Denken und Kreativit\u00e4t f\u00f6rdert.  <\/span><\/p>\n<p><span style=\"font-weight: 400\">Der Rubik&#8217;s Cube ist eines der beliebtesten Denkspiele der Welt und fordert den Verstand von Kindern und Erwachsenen gleicherma\u00dfen heraus. F\u00fcr Anf\u00e4nger, die die Geheimnisse von Rubik&#8217;s Cube auf eigene Faust entdecken wollen, ist die 2&#215;2-Version die beste Wahl <\/span><\/p>\n<p><span style=\"font-weight: 400\">Der Rubik&#8217;s Cube, 2&#215;2 ist aus hochwertigen Materialien gefertigt, die eine gute Handhabung und eine reibungslose Drehung gew\u00e4hrleisten. Wenn der\/die Spieler\/in den L\u00f6sungsalgorithmus erlernt, erh\u00f6ht sich die Geschwindigkeit des Drehens und er\/sie steigt in ein h\u00f6heres Level des Spiels auf.<\/span><\/p>\n<p><span style=\"font-weight: 400\">Mit angenehmen Farben und einem einfachen Mechanismus fesselt der Rubik&#8217;s Cube schnell die Aufmerksamkeit der Kinder, die die Logik des Spiels leicht erlernen. So wird der W\u00fcrfel zu einem Accessoire, das sie \u00fcberallhin mitnehmen: in die Schule, ins Zeltlager, in den Urlaub bei den Gro\u00dfeltern, ans Meer oder sogar auf den Berggipfel.<\/span><\/p>\n<h3><span style=\"font-weight: 400\">Wusstest du, dass..<\/span><\/h3>\n<ul>\n<li style=\"font-weight: 400\"><span style=\"font-weight: 400\">Als er 1974 den Rubik&#8217;s Cube erfand, wusste Ern\u0151 Rubik, der Vater dieses cleveren Spiels, nicht, wie man ihn l\u00f6st. Sie sagen, er hat etwa einen Monat gebraucht, um es herauszufinden.<\/span><\/li>\n<li style=\"font-weight: 400\"><span style=\"font-weight: 400\">Es wird gesch\u00e4tzt, dass etwa 6% der Weltbev\u00f6lkerung mindestens einmal einen Rubik&#8217;s Cube gel\u00f6st hat <\/span><\/li>\n<li style=\"font-weight: 400\"><span style=\"font-weight: 400\">Der teuerste Rubik&#8217;s Cube der Welt ist 2,5 Millionen Dollar wert und besteht aus 18 Karat Gold und Edelsteinen.<\/span><\/li>\n<li style=\"font-weight: 400\"><span style=\"font-weight: 400\">Die erste Anleitung zum L\u00f6sen eines Rubik&#8217;s Cube wurde von dem 13-j\u00e4hrigen Patrick Bossert entworfen. Sein 1981 ver\u00f6ffentlichtes Buch &#8222;You Can Do the Cube&#8220; wurde \u00fcber 1,5 Millionen Mal verkauft.<\/span><\/li>\n<\/ul>\n<h3><span style=\"font-weight: 400\">Warum Rubik&#8217;s Cube, 2&#215;2<\/span><\/h3>\n<p><span style=\"font-weight: 400\">Es ist eine entspannende Art und Weise f\u00fcr Kinder und Erwachsene, ihre Freizeit zu verbringen.<\/span><\/p>\n<p><span style=\"font-weight: 400\">Es ist ein ideales Spiel f\u00fcr lange Reisen, denn es vertreibt die Langeweile und sorgt \u00fcberall und jederzeit f\u00fcr eine gro\u00dfe Portion Spa\u00df.<\/span><\/p>\n<p><span style=\"font-weight: 400\">Es ist eine perfekte Geschicklichkeits\u00fcbung, die Aufmerksamkeit, Konzentration und Ged\u00e4chtnis verbessert.<\/span><\/p>\n<p><span style=\"font-weight: 400\">Es f\u00f6rdert das Lernen und die Entwicklung der emotionalen Intelligenz in jedem Alter.<\/span><\/p>\n<p><span style=\"font-weight: 400\">Es h\u00e4lt Kinder von Bildschirmen fern und hat einen weitaus gr\u00f6\u00dferen Nutzen als das digitale Spiel.<\/span><\/p>\n<p><span style=\"font-weight: 400\">Egal, ob du ihn f\u00fcr dein Kind ausw\u00e4hlst oder ihn einem Freund schenkst, der sich f\u00fcr Intelligenzspiele begeistert, der Rubik&#8217;s Cube 2&#215;2 wird sicher eine interaktive Herausforderung und eine angenehme \u00dcberraschung sein.<\/span><\/p>\n","protected":false},"excerpt":{"rendered":"<p>Du suchst nach einem cleveren Spiel f\u00fcr dein Kind? Oder willst du ein intensives mentales Training, das gleichzeitig entspannend ist<\/p>\n","protected":false},"featured_media":56435,"template":"","meta":[],"product_brand":[],"product_cat":[2586,2587,2588],"product_tag":[],"class_list":{"0":"post-56819","1":"product","2":"type-product","3":"status-publish","4":"has-post-thumbnail","6":"product_cat-alte-jucarii-si-jocuri-de","7":"product_cat-jocuri-de-logica-alte-jucarii-si-jocuri-de","8":"product_cat-jocuri-rubiks-de","9":"pa_bax-6-de","10":"pa_brand-rubiks-de","11":"pa_filter_age-14-2-de","12":"pa_filter_age-7_9-de","13":"pa_filter_age-9_14-de","14":"pa_tip_ambalaj-kasten-a4-de","16":"first","17":"instock","18":"taxable","19":"shipping-taxable","20":"product-type-simple"},"yoast_head":"<!-- This site is optimized with the Yoast SEO plugin v20.1 - https:\/\/yoast.com\/wordpress\/plugins\/seo\/ -->\n<title>Rubik`s Cube, 2x2 - Rubik`s Cube f\u00fcr Kinder<\/title>\n<meta name=\"description\" content=\"Rubik`s Cube, 2x2 - Rubik`s Cube f\u00fcr Kinder\" \/>\n<meta name=\"robots\" content=\"index, follow, max-snippet:-1, max-image-preview:large, max-video-preview:-1\" \/>\n<link rel=\"canonical\" href=\"https:\/\/business.roovi.com\/de\/rubiks-cube-2x2-rubiks-cube-fur-kinder\/p\/\" \/>\n<meta property=\"og:locale\" content=\"de_DE\" \/>\n<meta property=\"og:type\" content=\"article\" \/>\n<meta property=\"og:title\" content=\"Rubik`s Cube, 2x2 - Rubik`s Cube f\u00fcr Kinder\" \/>\n<meta property=\"og:description\" content=\"Rubik`s Cube, 2x2 - Rubik`s Cube f\u00fcr Kinder\" \/>\n<meta property=\"og:url\" content=\"https:\/\/business.roovi.com\/de\/rubiks-cube-2x2-rubiks-cube-fur-kinder\/p\/\" \/>\n<meta property=\"og:site_name\" content=\"Roovi B2B\" \/>\n<meta property=\"article:publisher\" content=\"https:\/\/www.facebook.com\/wwwjucariero\" \/>\n<meta property=\"article:modified_time\" content=\"2022-08-25T10:55:18+00:00\" \/>\n<meta property=\"og:image\" content=\"https:\/\/business.roovi.com\/wp-content\/uploads\/2022\/08\/Rubik-Buvos-kocka-2x2-1.jpeg\" \/>\n\t<meta property=\"og:image:width\" content=\"600\" \/>\n\t<meta property=\"og:image:height\" content=\"500\" \/>\n\t<meta property=\"og:image:type\" content=\"image\/jpeg\" \/>\n<meta name=\"twitter:label1\" content=\"Gesch\u00e4tzte Lesezeit\" \/>\n\t<meta name=\"twitter:data1\" content=\"2\u00a0Minuten\" \/>\n<script type=\"application\/ld+json\" class=\"yoast-schema-graph\">{\"@context\":\"https:\/\/schema.org\",\"@graph\":[{\"@type\":\"WebPage\",\"@id\":\"https:\/\/business.roovi.com\/de\/rubiks-cube-2x2-rubiks-cube-fur-kinder\/p\/\",\"url\":\"https:\/\/business.roovi.com\/de\/rubiks-cube-2x2-rubiks-cube-fur-kinder\/p\/\",\"name\":\"Rubik`s Cube, 2x2 - Rubik`s Cube f\u00fcr Kinder\",\"isPartOf\":{\"@id\":\"https:\/\/business.roovi.com\/de\/#website\"},\"datePublished\":\"2022-08-25T07:58:28+00:00\",\"dateModified\":\"2022-08-25T10:55:18+00:00\",\"description\":\"Rubik`s Cube, 2x2 - Rubik`s Cube f\u00fcr Kinder\",\"breadcrumb\":{\"@id\":\"https:\/\/business.roovi.com\/de\/rubiks-cube-2x2-rubiks-cube-fur-kinder\/p\/#breadcrumb\"},\"inLanguage\":\"de\",\"potentialAction\":[{\"@type\":\"ReadAction\",\"target\":[\"https:\/\/business.roovi.com\/de\/rubiks-cube-2x2-rubiks-cube-fur-kinder\/p\/\"]}]},{\"@type\":\"BreadcrumbList\",\"@id\":\"https:\/\/business.roovi.com\/de\/rubiks-cube-2x2-rubiks-cube-fur-kinder\/p\/#breadcrumb\",\"itemListElement\":[{\"@type\":\"ListItem\",\"position\":1,\"name\":\"Home\",\"item\":\"https:\/\/business.roovi.com\/de\/\"},{\"@type\":\"ListItem\",\"position\":2,\"name\":\"Shop\",\"item\":\"https:\/\/business.roovi.com\/de\/shop\/\"},{\"@type\":\"ListItem\",\"position\":3,\"name\":\"Rubik`s Cube, 2&#215;2 &#8211; Rubik`s Cube f\u00fcr Kinder\"}]},{\"@type\":\"WebSite\",\"@id\":\"https:\/\/business.roovi.com\/de\/#website\",\"url\":\"https:\/\/business.roovi.com\/de\/\",\"name\":\"Roovi B2B\",\"description\":\"Roovi Business Website\",\"potentialAction\":[{\"@type\":\"SearchAction\",\"target\":{\"@type\":\"EntryPoint\",\"urlTemplate\":\"https:\/\/business.roovi.com\/de\/?s={search_term_string}\"},\"query-input\":\"required name=search_term_string\"}],\"inLanguage\":\"de\"}]}<\/script>\n<!-- \/ Yoast SEO plugin. -->","yoast_head_json":{"title":"Rubik`s Cube, 2x2 - Rubik`s Cube f\u00fcr Kinder","description":"Rubik`s Cube, 2x2 - Rubik`s Cube f\u00fcr Kinder","robots":{"index":"index","follow":"follow","max-snippet":"max-snippet:-1","max-image-preview":"max-image-preview:large","max-video-preview":"max-video-preview:-1"},"canonical":"https:\/\/business.roovi.com\/de\/rubiks-cube-2x2-rubiks-cube-fur-kinder\/p\/","og_locale":"de_DE","og_type":"article","og_title":"Rubik`s Cube, 2x2 - Rubik`s Cube f\u00fcr Kinder","og_description":"Rubik`s Cube, 2x2 - Rubik`s Cube f\u00fcr Kinder","og_url":"https:\/\/business.roovi.com\/de\/rubiks-cube-2x2-rubiks-cube-fur-kinder\/p\/","og_site_name":"Roovi B2B","article_publisher":"https:\/\/www.facebook.com\/wwwjucariero","article_modified_time":"2022-08-25T10:55:18+00:00","og_image":[{"width":600,"height":500,"url":"https:\/\/business.roovi.com\/wp-content\/uploads\/2022\/08\/Rubik-Buvos-kocka-2x2-1.jpeg","type":"image\/jpeg"}],"twitter_misc":{"Gesch\u00e4tzte Lesezeit":"2\u00a0Minuten"},"schema":{"@context":"https:\/\/schema.org","@graph":[{"@type":"WebPage","@id":"https:\/\/business.roovi.com\/de\/rubiks-cube-2x2-rubiks-cube-fur-kinder\/p\/","url":"https:\/\/business.roovi.com\/de\/rubiks-cube-2x2-rubiks-cube-fur-kinder\/p\/","name":"Rubik`s Cube, 2x2 - Rubik`s Cube f\u00fcr Kinder","isPartOf":{"@id":"https:\/\/business.roovi.com\/de\/#website"},"datePublished":"2022-08-25T07:58:28+00:00","dateModified":"2022-08-25T10:55:18+00:00","description":"Rubik`s Cube, 2x2 - Rubik`s Cube f\u00fcr Kinder","breadcrumb":{"@id":"https:\/\/business.roovi.com\/de\/rubiks-cube-2x2-rubiks-cube-fur-kinder\/p\/#breadcrumb"},"inLanguage":"de","potentialAction":[{"@type":"ReadAction","target":["https:\/\/business.roovi.com\/de\/rubiks-cube-2x2-rubiks-cube-fur-kinder\/p\/"]}]},{"@type":"BreadcrumbList","@id":"https:\/\/business.roovi.com\/de\/rubiks-cube-2x2-rubiks-cube-fur-kinder\/p\/#breadcrumb","itemListElement":[{"@type":"ListItem","position":1,"name":"Home","item":"https:\/\/business.roovi.com\/de\/"},{"@type":"ListItem","position":2,"name":"Shop","item":"https:\/\/business.roovi.com\/de\/shop\/"},{"@type":"ListItem","position":3,"name":"Rubik`s Cube, 2&#215;2 &#8211; Rubik`s Cube f\u00fcr Kinder"}]},{"@type":"WebSite","@id":"https:\/\/business.roovi.com\/de\/#website","url":"https:\/\/business.roovi.com\/de\/","name":"Roovi B2B","description":"Roovi Business Website","potentialAction":[{"@type":"SearchAction","target":{"@type":"EntryPoint","urlTemplate":"https:\/\/business.roovi.com\/de\/?s={search_term_string}"},"query-input":"required name=search_term_string"}],"inLanguage":"de"}]}},"_links":{"self":[{"href":"https:\/\/business.roovi.com\/de\/wp-json\/wp\/v2\/product\/56819","targetHints":{"allow":["GET"]}}],"collection":[{"href":"https:\/\/business.roovi.com\/de\/wp-json\/wp\/v2\/product"}],"about":[{"href":"https:\/\/business.roovi.com\/de\/wp-json\/wp\/v2\/types\/product"}],"version-history":[{"count":0,"href":"https:\/\/business.roovi.com\/de\/wp-json\/wp\/v2\/product\/56819\/revisions"}],"wp:featuredmedia":[{"embeddable":true,"href":"https:\/\/business.roovi.com\/de\/wp-json\/wp\/v2\/media\/56435"}],"wp:attachment":[{"href":"https:\/\/business.roovi.com\/de\/wp-json\/wp\/v2\/media?parent=56819"}],"wp:term":[{"taxonomy":"product_brand","embeddable":true,"href":"https:\/\/business.roovi.com\/de\/wp-json\/wp\/v2\/product_brand?post=56819"},{"taxonomy":"product_cat","embeddable":true,"href":"https:\/\/business.roovi.com\/de\/wp-json\/wp\/v2\/product_cat?post=56819"},{"taxonomy":"product_tag","embeddable":true,"href":"https:\/\/business.roovi.com\/de\/wp-json\/wp\/v2\/product_tag?post=56819"}],"curies":[{"name":"wp","href":"https:\/\/api.w.org\/{rel}","templated":true}]}}