{"id":56835,"date":"2022-06-14T15:03:06","date_gmt":"2022-06-14T15:03:06","guid":{"rendered":"https:\/\/business.roovi.com\/puzzle-adulti-1000-piese-glamorous\/p\/"},"modified":"2022-12-01T12:34:28","modified_gmt":"2022-12-01T12:34:28","slug":"glamouroses-puzzle-erwachsene-1000-teile","status":"publish","type":"product","link":"https:\/\/business.roovi.com\/de\/glamouroses-puzzle-erwachsene-1000-teile\/p\/","title":{"rendered":"Glamour\u00f6ses Puzzle &#8211; Erwachsene 1000 Teile"},"content":{"rendered":"<h4><em>1000 Teile Puzzle &#8211; Glamorous zelebriert Weiblichkeit, Eleganz und weibliche Energie.<\/em><\/h4>\n<p>Nimm dir ein paar Stunden Zeit f\u00fcr dich und genie\u00dfe eine Freizeitaktivit\u00e4t, die deinen Geist und K\u00f6rper entspannt. Oder nutze dieses glamour\u00f6se R\u00e4tsel und verbringe ein paar lustige Stunden mit deinen Freundinnen.<\/p>\n<p>Jedes Puzzle von ROOVI ist aus hochwertigen Materialien gefertigt, die Teile passen perfekt zusammen und halten einer mehrfachen Verwendung stand. So kannst du das Glamorous Puzzle 1000 Teile einrahmen und ein charmantes Deko-Objekt schaffen. Oder du legst die Teile zur\u00fcck in die Kiste und kehrst zu ihnen zur\u00fcck, wenn du Lust auf eine kreative Herausforderung hast.<\/p>\n<p>Das 1000 Teile Puzzle &#8211; Glamorous ist in einer stabilen, hochwertigen Pappschachtel verpackt und k\u00f6nnte das perfekte Geschenk f\u00fcr ein M\u00e4dchen im Teenageralter oder einen anderen Puzzelfreund sein.<\/p>\n","protected":false},"excerpt":{"rendered":"<p>1000 Teile Puzzle &#8211; Glamorous zelebriert Weiblichkeit, Eleganz und weibliche Energie. Nimm dir ein paar Stunden Zeit f\u00fcr dich und<\/p>\n","protected":false},"featured_media":56489,"template":"","meta":[],"product_brand":[],"product_cat":[1916,1875,1915],"product_tag":[],"class_list":{"0":"post-56835","1":"product","2":"type-product","3":"status-publish","4":"has-post-thumbnail","6":"product_cat-1000-teile-puzzle","7":"product_cat-puzzle-de","8":"product_cat-puzzlespiele-fur-erwachsene","9":"pa_brand-d_toys-de","10":"pa_country_of_manufacture-ro-de","11":"pa_filter_age-14-2-de","12":"pa_painter-high-difficulty","13":"pa_tip_ambalaj-kasten-a4-de","14":"pa_tip_puzzle-klassisch","16":"first","17":"instock","18":"taxable","19":"shipping-taxable","20":"product-type-simple"},"yoast_head":"<!-- This site is optimized with the Yoast SEO plugin v20.1 - https:\/\/yoast.com\/wordpress\/plugins\/seo\/ -->\n<title>Glamour\u00f6ses Puzzle - Erwachsene 1000 Teile<\/title>\n<meta name=\"description\" content=\"Glamour\u00f6ses Puzzle - Erwachsene 1000 Teile\" \/>\n<meta name=\"robots\" content=\"index, follow, max-snippet:-1, max-image-preview:large, max-video-preview:-1\" \/>\n<link rel=\"canonical\" href=\"https:\/\/business.roovi.com\/de\/glamouroses-puzzle-erwachsene-1000-teile\/p\/\" \/>\n<meta property=\"og:locale\" content=\"de_DE\" \/>\n<meta property=\"og:type\" content=\"article\" \/>\n<meta property=\"og:title\" content=\"Glamour\u00f6ses Puzzle - Erwachsene 1000 Teile\" \/>\n<meta property=\"og:description\" content=\"Glamour\u00f6ses Puzzle - Erwachsene 1000 Teile\" \/>\n<meta property=\"og:url\" content=\"https:\/\/business.roovi.com\/de\/glamouroses-puzzle-erwachsene-1000-teile\/p\/\" \/>\n<meta property=\"og:site_name\" content=\"Roovi B2B\" \/>\n<meta property=\"article:publisher\" content=\"https:\/\/www.facebook.com\/wwwjucariero\" \/>\n<meta property=\"article:modified_time\" content=\"2022-12-01T12:34:28+00:00\" \/>\n<meta property=\"og:image\" content=\"https:\/\/business.roovi.com\/wp-content\/uploads\/2022\/08\/01_MAIN-17.jpg\" \/>\n\t<meta property=\"og:image:width\" content=\"1200\" \/>\n\t<meta property=\"og:image:height\" content=\"1200\" \/>\n\t<meta property=\"og:image:type\" content=\"image\/jpeg\" \/>\n<meta name=\"twitter:label1\" content=\"Gesch\u00e4tzte Lesezeit\" \/>\n\t<meta name=\"twitter:data1\" content=\"1\u00a0Minute\" \/>\n<script type=\"application\/ld+json\" class=\"yoast-schema-graph\">{\"@context\":\"https:\/\/schema.org\",\"@graph\":[{\"@type\":\"WebPage\",\"@id\":\"https:\/\/business.roovi.com\/de\/glamouroses-puzzle-erwachsene-1000-teile\/p\/\",\"url\":\"https:\/\/business.roovi.com\/de\/glamouroses-puzzle-erwachsene-1000-teile\/p\/\",\"name\":\"Glamour\u00f6ses Puzzle - Erwachsene 1000 Teile\",\"isPartOf\":{\"@id\":\"https:\/\/business.roovi.com\/de\/#website\"},\"datePublished\":\"2022-06-14T15:03:06+00:00\",\"dateModified\":\"2022-12-01T12:34:28+00:00\",\"description\":\"Glamour\u00f6ses Puzzle - Erwachsene 1000 Teile\",\"breadcrumb\":{\"@id\":\"https:\/\/business.roovi.com\/de\/glamouroses-puzzle-erwachsene-1000-teile\/p\/#breadcrumb\"},\"inLanguage\":\"de\",\"potentialAction\":[{\"@type\":\"ReadAction\",\"target\":[\"https:\/\/business.roovi.com\/de\/glamouroses-puzzle-erwachsene-1000-teile\/p\/\"]}]},{\"@type\":\"BreadcrumbList\",\"@id\":\"https:\/\/business.roovi.com\/de\/glamouroses-puzzle-erwachsene-1000-teile\/p\/#breadcrumb\",\"itemListElement\":[{\"@type\":\"ListItem\",\"position\":1,\"name\":\"Home\",\"item\":\"https:\/\/business.roovi.com\/de\/\"},{\"@type\":\"ListItem\",\"position\":2,\"name\":\"Shop\",\"item\":\"https:\/\/business.roovi.com\/de\/shop\/\"},{\"@type\":\"ListItem\",\"position\":3,\"name\":\"Glamour\u00f6ses Puzzle &#8211; Erwachsene 1000 Teile\"}]},{\"@type\":\"WebSite\",\"@id\":\"https:\/\/business.roovi.com\/de\/#website\",\"url\":\"https:\/\/business.roovi.com\/de\/\",\"name\":\"Roovi B2B\",\"description\":\"Roovi Business Website\",\"potentialAction\":[{\"@type\":\"SearchAction\",\"target\":{\"@type\":\"EntryPoint\",\"urlTemplate\":\"https:\/\/business.roovi.com\/de\/?s={search_term_string}\"},\"query-input\":\"required name=search_term_string\"}],\"inLanguage\":\"de\"}]}<\/script>\n<!-- \/ Yoast SEO plugin. -->","yoast_head_json":{"title":"Glamour\u00f6ses Puzzle - Erwachsene 1000 Teile","description":"Glamour\u00f6ses Puzzle - Erwachsene 1000 Teile","robots":{"index":"index","follow":"follow","max-snippet":"max-snippet:-1","max-image-preview":"max-image-preview:large","max-video-preview":"max-video-preview:-1"},"canonical":"https:\/\/business.roovi.com\/de\/glamouroses-puzzle-erwachsene-1000-teile\/p\/","og_locale":"de_DE","og_type":"article","og_title":"Glamour\u00f6ses Puzzle - Erwachsene 1000 Teile","og_description":"Glamour\u00f6ses Puzzle - Erwachsene 1000 Teile","og_url":"https:\/\/business.roovi.com\/de\/glamouroses-puzzle-erwachsene-1000-teile\/p\/","og_site_name":"Roovi B2B","article_publisher":"https:\/\/www.facebook.com\/wwwjucariero","article_modified_time":"2022-12-01T12:34:28+00:00","og_image":[{"width":1200,"height":1200,"url":"https:\/\/business.roovi.com\/wp-content\/uploads\/2022\/08\/01_MAIN-17.jpg","type":"image\/jpeg"}],"twitter_misc":{"Gesch\u00e4tzte Lesezeit":"1\u00a0Minute"},"schema":{"@context":"https:\/\/schema.org","@graph":[{"@type":"WebPage","@id":"https:\/\/business.roovi.com\/de\/glamouroses-puzzle-erwachsene-1000-teile\/p\/","url":"https:\/\/business.roovi.com\/de\/glamouroses-puzzle-erwachsene-1000-teile\/p\/","name":"Glamour\u00f6ses Puzzle - Erwachsene 1000 Teile","isPartOf":{"@id":"https:\/\/business.roovi.com\/de\/#website"},"datePublished":"2022-06-14T15:03:06+00:00","dateModified":"2022-12-01T12:34:28+00:00","description":"Glamour\u00f6ses Puzzle - Erwachsene 1000 Teile","breadcrumb":{"@id":"https:\/\/business.roovi.com\/de\/glamouroses-puzzle-erwachsene-1000-teile\/p\/#breadcrumb"},"inLanguage":"de","potentialAction":[{"@type":"ReadAction","target":["https:\/\/business.roovi.com\/de\/glamouroses-puzzle-erwachsene-1000-teile\/p\/"]}]},{"@type":"BreadcrumbList","@id":"https:\/\/business.roovi.com\/de\/glamouroses-puzzle-erwachsene-1000-teile\/p\/#breadcrumb","itemListElement":[{"@type":"ListItem","position":1,"name":"Home","item":"https:\/\/business.roovi.com\/de\/"},{"@type":"ListItem","position":2,"name":"Shop","item":"https:\/\/business.roovi.com\/de\/shop\/"},{"@type":"ListItem","position":3,"name":"Glamour\u00f6ses Puzzle &#8211; Erwachsene 1000 Teile"}]},{"@type":"WebSite","@id":"https:\/\/business.roovi.com\/de\/#website","url":"https:\/\/business.roovi.com\/de\/","name":"Roovi B2B","description":"Roovi Business Website","potentialAction":[{"@type":"SearchAction","target":{"@type":"EntryPoint","urlTemplate":"https:\/\/business.roovi.com\/de\/?s={search_term_string}"},"query-input":"required name=search_term_string"}],"inLanguage":"de"}]}},"_links":{"self":[{"href":"https:\/\/business.roovi.com\/de\/wp-json\/wp\/v2\/product\/56835","targetHints":{"allow":["GET"]}}],"collection":[{"href":"https:\/\/business.roovi.com\/de\/wp-json\/wp\/v2\/product"}],"about":[{"href":"https:\/\/business.roovi.com\/de\/wp-json\/wp\/v2\/types\/product"}],"version-history":[{"count":0,"href":"https:\/\/business.roovi.com\/de\/wp-json\/wp\/v2\/product\/56835\/revisions"}],"wp:featuredmedia":[{"embeddable":true,"href":"https:\/\/business.roovi.com\/de\/wp-json\/wp\/v2\/media\/56489"}],"wp:attachment":[{"href":"https:\/\/business.roovi.com\/de\/wp-json\/wp\/v2\/media?parent=56835"}],"wp:term":[{"taxonomy":"product_brand","embeddable":true,"href":"https:\/\/business.roovi.com\/de\/wp-json\/wp\/v2\/product_brand?post=56835"},{"taxonomy":"product_cat","embeddable":true,"href":"https:\/\/business.roovi.com\/de\/wp-json\/wp\/v2\/product_cat?post=56835"},{"taxonomy":"product_tag","embeddable":true,"href":"https:\/\/business.roovi.com\/de\/wp-json\/wp\/v2\/product_tag?post=56835"}],"curies":[{"name":"wp","href":"https:\/\/api.w.org\/{rel}","templated":true}]}}