{"id":56851,"date":"2022-06-14T15:00:40","date_gmt":"2022-06-14T15:00:40","guid":{"rendered":"https:\/\/business.roovi.com\/puzzle-adulti-1000-piese-cats-with-hats\/p\/"},"modified":"2022-12-01T12:32:52","modified_gmt":"2022-12-01T12:32:52","slug":"katzen-mit-huten-puzzle-erwachsene-puzzle-1000-teile","status":"publish","type":"product","link":"https:\/\/business.roovi.com\/de\/katzen-mit-huten-puzzle-erwachsene-puzzle-1000-teile\/p\/","title":{"rendered":"Katzen mit H\u00fcten Puzzle &#8211; Erwachsene Puzzle 1000 Teile"},"content":{"rendered":"<h4><em>Mit Hut, M\u00fctze, Fliege oder Krawatte; Magier, Koch, Detektiv oder Gr\u00e4fin &#8211; so werden Katzen durch die Augen der ROOVI-K\u00fcnstler gesehen <\/em><\/h4>\n<p>Das 1000 Teile Puzzle &#8211; Cats with Hats ist eine bezaubernde Illustration, die f\u00fcr alle Liebhaber von Puzzles und diesen faszinierenden Katzen geschaffen wurde.<\/p>\n<p>Versammle alle deine Lieben um das Bild und genie\u00dft viele Stunden Spa\u00df und Entspannung zusammen.<\/p>\n<p>Das 1000-Teile-Puzzle &#8211; Katzen mit H\u00fcten ist ein lustiges und lehrreiches Geschenk f\u00fcr alle, vom Teenager bis zum Senior.<\/p>\n","protected":false},"excerpt":{"rendered":"<p>Mit Hut, M\u00fctze, Fliege oder Krawatte; Magier, Koch, Detektiv oder Gr\u00e4fin &#8211; so werden Katzen durch die Augen der ROOVI-K\u00fcnstler<\/p>\n","protected":false},"featured_media":56563,"template":"","meta":[],"product_brand":[],"product_cat":[1607,1608,1610],"product_tag":[],"class_list":{"0":"post-56851","1":"product","2":"type-product","3":"status-publish","4":"has-post-thumbnail","6":"product_cat-puzzles","7":"product_cat-adult-jigsaw-puzzles","8":"product_cat-1000-piece-jigsaw-puzzles","9":"pa_brand-d_toys-en","10":"pa_country_of_manufacture-ro-en","11":"pa_filter_age-14-2-2","12":"pa_painter-highdifficulty-en","13":"pa_tip_ambalaj-box","14":"pa_tip_puzzle-classic","16":"first","17":"instock","18":"taxable","19":"shipping-taxable","20":"product-type-simple"},"yoast_head":"<!-- This site is optimized with the Yoast SEO plugin v20.1 - https:\/\/yoast.com\/wordpress\/plugins\/seo\/ -->\n<title>Katzen mit H\u00fcten Puzzle - Erwachsene Puzzle 1000 Teile<\/title>\n<meta name=\"description\" content=\"Katzen mit H\u00fcten Puzzle - Erwachsene Puzzle 1000 Teile\" \/>\n<meta name=\"robots\" content=\"index, follow, max-snippet:-1, max-image-preview:large, max-video-preview:-1\" \/>\n<link rel=\"canonical\" href=\"https:\/\/business.roovi.com\/de\/katzen-mit-huten-puzzle-erwachsene-puzzle-1000-teile\/p\/\" \/>\n<meta property=\"og:locale\" content=\"de_DE\" \/>\n<meta property=\"og:type\" content=\"article\" \/>\n<meta property=\"og:title\" content=\"Katzen mit H\u00fcten Puzzle - Erwachsene Puzzle 1000 Teile\" \/>\n<meta property=\"og:description\" content=\"Katzen mit H\u00fcten Puzzle - Erwachsene Puzzle 1000 Teile\" \/>\n<meta property=\"og:url\" content=\"https:\/\/business.roovi.com\/de\/katzen-mit-huten-puzzle-erwachsene-puzzle-1000-teile\/p\/\" \/>\n<meta property=\"og:site_name\" content=\"Roovi B2B\" \/>\n<meta property=\"article:publisher\" content=\"https:\/\/www.facebook.com\/wwwjucariero\" \/>\n<meta property=\"article:modified_time\" content=\"2022-12-01T12:32:52+00:00\" \/>\n<meta property=\"og:image\" content=\"https:\/\/business.roovi.com\/wp-content\/uploads\/2022\/08\/01_MAIN-10.jpg\" \/>\n\t<meta property=\"og:image:width\" content=\"1200\" \/>\n\t<meta property=\"og:image:height\" content=\"1200\" \/>\n\t<meta property=\"og:image:type\" content=\"image\/jpeg\" \/>\n<meta name=\"twitter:label1\" content=\"Gesch\u00e4tzte Lesezeit\" \/>\n\t<meta name=\"twitter:data1\" content=\"1\u00a0Minute\" \/>\n<script type=\"application\/ld+json\" class=\"yoast-schema-graph\">{\"@context\":\"https:\/\/schema.org\",\"@graph\":[{\"@type\":\"WebPage\",\"@id\":\"https:\/\/business.roovi.com\/de\/katzen-mit-huten-puzzle-erwachsene-puzzle-1000-teile\/p\/\",\"url\":\"https:\/\/business.roovi.com\/de\/katzen-mit-huten-puzzle-erwachsene-puzzle-1000-teile\/p\/\",\"name\":\"Katzen mit H\u00fcten Puzzle - Erwachsene Puzzle 1000 Teile\",\"isPartOf\":{\"@id\":\"https:\/\/business.roovi.com\/de\/#website\"},\"datePublished\":\"2022-06-14T15:00:40+00:00\",\"dateModified\":\"2022-12-01T12:32:52+00:00\",\"description\":\"Katzen mit H\u00fcten Puzzle - Erwachsene Puzzle 1000 Teile\",\"breadcrumb\":{\"@id\":\"https:\/\/business.roovi.com\/de\/katzen-mit-huten-puzzle-erwachsene-puzzle-1000-teile\/p\/#breadcrumb\"},\"inLanguage\":\"de\",\"potentialAction\":[{\"@type\":\"ReadAction\",\"target\":[\"https:\/\/business.roovi.com\/de\/katzen-mit-huten-puzzle-erwachsene-puzzle-1000-teile\/p\/\"]}]},{\"@type\":\"BreadcrumbList\",\"@id\":\"https:\/\/business.roovi.com\/de\/katzen-mit-huten-puzzle-erwachsene-puzzle-1000-teile\/p\/#breadcrumb\",\"itemListElement\":[{\"@type\":\"ListItem\",\"position\":1,\"name\":\"Home\",\"item\":\"https:\/\/business.roovi.com\/de\/\"},{\"@type\":\"ListItem\",\"position\":2,\"name\":\"Shop\",\"item\":\"https:\/\/business.roovi.com\/de\/shop\/\"},{\"@type\":\"ListItem\",\"position\":3,\"name\":\"Katzen mit H\u00fcten Puzzle &#8211; Erwachsene Puzzle 1000 Teile\"}]},{\"@type\":\"WebSite\",\"@id\":\"https:\/\/business.roovi.com\/de\/#website\",\"url\":\"https:\/\/business.roovi.com\/de\/\",\"name\":\"Roovi B2B\",\"description\":\"Roovi Business Website\",\"potentialAction\":[{\"@type\":\"SearchAction\",\"target\":{\"@type\":\"EntryPoint\",\"urlTemplate\":\"https:\/\/business.roovi.com\/de\/?s={search_term_string}\"},\"query-input\":\"required name=search_term_string\"}],\"inLanguage\":\"de\"}]}<\/script>\n<!-- \/ Yoast SEO plugin. -->","yoast_head_json":{"title":"Katzen mit H\u00fcten Puzzle - Erwachsene Puzzle 1000 Teile","description":"Katzen mit H\u00fcten Puzzle - Erwachsene Puzzle 1000 Teile","robots":{"index":"index","follow":"follow","max-snippet":"max-snippet:-1","max-image-preview":"max-image-preview:large","max-video-preview":"max-video-preview:-1"},"canonical":"https:\/\/business.roovi.com\/de\/katzen-mit-huten-puzzle-erwachsene-puzzle-1000-teile\/p\/","og_locale":"de_DE","og_type":"article","og_title":"Katzen mit H\u00fcten Puzzle - Erwachsene Puzzle 1000 Teile","og_description":"Katzen mit H\u00fcten Puzzle - Erwachsene Puzzle 1000 Teile","og_url":"https:\/\/business.roovi.com\/de\/katzen-mit-huten-puzzle-erwachsene-puzzle-1000-teile\/p\/","og_site_name":"Roovi B2B","article_publisher":"https:\/\/www.facebook.com\/wwwjucariero","article_modified_time":"2022-12-01T12:32:52+00:00","og_image":[{"width":1200,"height":1200,"url":"https:\/\/business.roovi.com\/wp-content\/uploads\/2022\/08\/01_MAIN-10.jpg","type":"image\/jpeg"}],"twitter_misc":{"Gesch\u00e4tzte Lesezeit":"1\u00a0Minute"},"schema":{"@context":"https:\/\/schema.org","@graph":[{"@type":"WebPage","@id":"https:\/\/business.roovi.com\/de\/katzen-mit-huten-puzzle-erwachsene-puzzle-1000-teile\/p\/","url":"https:\/\/business.roovi.com\/de\/katzen-mit-huten-puzzle-erwachsene-puzzle-1000-teile\/p\/","name":"Katzen mit H\u00fcten Puzzle - Erwachsene Puzzle 1000 Teile","isPartOf":{"@id":"https:\/\/business.roovi.com\/de\/#website"},"datePublished":"2022-06-14T15:00:40+00:00","dateModified":"2022-12-01T12:32:52+00:00","description":"Katzen mit H\u00fcten Puzzle - Erwachsene Puzzle 1000 Teile","breadcrumb":{"@id":"https:\/\/business.roovi.com\/de\/katzen-mit-huten-puzzle-erwachsene-puzzle-1000-teile\/p\/#breadcrumb"},"inLanguage":"de","potentialAction":[{"@type":"ReadAction","target":["https:\/\/business.roovi.com\/de\/katzen-mit-huten-puzzle-erwachsene-puzzle-1000-teile\/p\/"]}]},{"@type":"BreadcrumbList","@id":"https:\/\/business.roovi.com\/de\/katzen-mit-huten-puzzle-erwachsene-puzzle-1000-teile\/p\/#breadcrumb","itemListElement":[{"@type":"ListItem","position":1,"name":"Home","item":"https:\/\/business.roovi.com\/de\/"},{"@type":"ListItem","position":2,"name":"Shop","item":"https:\/\/business.roovi.com\/de\/shop\/"},{"@type":"ListItem","position":3,"name":"Katzen mit H\u00fcten Puzzle &#8211; Erwachsene Puzzle 1000 Teile"}]},{"@type":"WebSite","@id":"https:\/\/business.roovi.com\/de\/#website","url":"https:\/\/business.roovi.com\/de\/","name":"Roovi B2B","description":"Roovi Business Website","potentialAction":[{"@type":"SearchAction","target":{"@type":"EntryPoint","urlTemplate":"https:\/\/business.roovi.com\/de\/?s={search_term_string}"},"query-input":"required name=search_term_string"}],"inLanguage":"de"}]}},"_links":{"self":[{"href":"https:\/\/business.roovi.com\/de\/wp-json\/wp\/v2\/product\/56851","targetHints":{"allow":["GET"]}}],"collection":[{"href":"https:\/\/business.roovi.com\/de\/wp-json\/wp\/v2\/product"}],"about":[{"href":"https:\/\/business.roovi.com\/de\/wp-json\/wp\/v2\/types\/product"}],"version-history":[{"count":0,"href":"https:\/\/business.roovi.com\/de\/wp-json\/wp\/v2\/product\/56851\/revisions"}],"wp:featuredmedia":[{"embeddable":true,"href":"https:\/\/business.roovi.com\/de\/wp-json\/wp\/v2\/media\/56563"}],"wp:attachment":[{"href":"https:\/\/business.roovi.com\/de\/wp-json\/wp\/v2\/media?parent=56851"}],"wp:term":[{"taxonomy":"product_brand","embeddable":true,"href":"https:\/\/business.roovi.com\/de\/wp-json\/wp\/v2\/product_brand?post=56851"},{"taxonomy":"product_cat","embeddable":true,"href":"https:\/\/business.roovi.com\/de\/wp-json\/wp\/v2\/product_cat?post=56851"},{"taxonomy":"product_tag","embeddable":true,"href":"https:\/\/business.roovi.com\/de\/wp-json\/wp\/v2\/product_tag?post=56851"}],"curies":[{"name":"wp","href":"https:\/\/api.w.org\/{rel}","templated":true}]}}