{"id":56859,"date":"2022-06-14T14:59:28","date_gmt":"2022-06-14T14:59:28","guid":{"rendered":"https:\/\/business.roovi.com\/puzzle-adulti-1000-piese-amazing-birds\/p\/"},"modified":"2022-12-01T13:15:02","modified_gmt":"2022-12-01T13:15:02","slug":"amazing-birds-puzzle-puzzle-fur-erwachsene-1000-teile","status":"publish","type":"product","link":"https:\/\/business.roovi.com\/de\/amazing-birds-puzzle-puzzle-fur-erwachsene-1000-teile\/p\/","title":{"rendered":"Amazing Birds Puzzle &#8211; Puzzle f\u00fcr Erwachsene 1000 Teile"},"content":{"rendered":"<h4><em>Mit dem 1000 Teile Puzzle &#8211; Amazing Birds erlebst du das Gef\u00fchl der v\u00f6lligen Freiheit, wie die bunten V\u00f6gel, die hoch am Himmel fliegen <\/em><\/h4>\n<p>Das Blumenfeld in warmen Farben, in v\u00f6lliger Harmonie, vervollst\u00e4ndigt die bezaubernde Umgebung. St\u00fcck f\u00fcr St\u00fcck f\u00fcgt sich das Bild zusammen und befreit deinen Geist von Gedanken und Sorgen. Am Ende hast du ein sch\u00f6nes Bild im Format 68 x 47 cm, das sich gut in einem Rahmen macht.<\/p>\n<p>Das Puzzle l\u00e4sst sich auch gut in seiner eigenen Box aufbewahren, die ein tolles Design hat und in jedem B\u00fccherregal gut aussieht. Das Amazing Birds 1000 Piece Puzzle ist auch ein inspirierendes Geschenk f\u00fcr die Feiertage oder andere festliche Anl\u00e4sse.<\/p>\n","protected":false},"excerpt":{"rendered":"<p>Mit dem 1000 Teile Puzzle &#8211; Amazing Birds erlebst du das Gef\u00fchl der v\u00f6lligen Freiheit, wie die bunten V\u00f6gel, die<\/p>\n","protected":false},"featured_media":56600,"template":"","meta":[],"product_brand":[],"product_cat":[1916,1875,1915],"product_tag":[],"class_list":{"0":"post-56859","1":"product","2":"type-product","3":"status-publish","4":"has-post-thumbnail","6":"product_cat-1000-teile-puzzle","7":"product_cat-puzzle-de","8":"product_cat-puzzlespiele-fur-erwachsene","9":"pa_brand-d_toys-de","10":"pa_country_of_manufacture-ro-de","11":"pa_filter_age-14-2-de","12":"pa_painter-high-difficulty","13":"pa_tip_ambalaj-kasten-a4-de","14":"pa_tip_puzzle-klassisch","16":"first","17":"instock","18":"taxable","19":"shipping-taxable","20":"product-type-simple"},"yoast_head":"<!-- This site is optimized with the Yoast SEO plugin v20.1 - https:\/\/yoast.com\/wordpress\/plugins\/seo\/ -->\n<title>Amazing Birds Puzzle - Puzzle f\u00fcr Erwachsene 1000 Teile<\/title>\n<meta name=\"description\" content=\"Amazing Birds Puzzle - Puzzle f\u00fcr Erwachsene 1000 Teile\" \/>\n<meta name=\"robots\" content=\"index, follow, max-snippet:-1, max-image-preview:large, max-video-preview:-1\" \/>\n<link rel=\"canonical\" href=\"https:\/\/business.roovi.com\/de\/amazing-birds-puzzle-puzzle-fur-erwachsene-1000-teile\/p\/\" \/>\n<meta property=\"og:locale\" content=\"de_DE\" \/>\n<meta property=\"og:type\" content=\"article\" \/>\n<meta property=\"og:title\" content=\"Amazing Birds Puzzle - Puzzle f\u00fcr Erwachsene 1000 Teile\" \/>\n<meta property=\"og:description\" content=\"Amazing Birds Puzzle - Puzzle f\u00fcr Erwachsene 1000 Teile\" \/>\n<meta property=\"og:url\" content=\"https:\/\/business.roovi.com\/de\/amazing-birds-puzzle-puzzle-fur-erwachsene-1000-teile\/p\/\" \/>\n<meta property=\"og:site_name\" content=\"Roovi B2B\" \/>\n<meta property=\"article:publisher\" content=\"https:\/\/www.facebook.com\/wwwjucariero\" \/>\n<meta property=\"article:modified_time\" content=\"2022-12-01T13:15:02+00:00\" \/>\n<meta property=\"og:image\" content=\"https:\/\/business.roovi.com\/wp-content\/uploads\/2022\/08\/01_MAIN-5.jpg\" \/>\n\t<meta property=\"og:image:width\" content=\"1200\" \/>\n\t<meta property=\"og:image:height\" content=\"1200\" \/>\n\t<meta property=\"og:image:type\" content=\"image\/jpeg\" \/>\n<meta name=\"twitter:label1\" content=\"Gesch\u00e4tzte Lesezeit\" \/>\n\t<meta name=\"twitter:data1\" content=\"1\u00a0Minute\" \/>\n<script type=\"application\/ld+json\" class=\"yoast-schema-graph\">{\"@context\":\"https:\/\/schema.org\",\"@graph\":[{\"@type\":\"WebPage\",\"@id\":\"https:\/\/business.roovi.com\/de\/amazing-birds-puzzle-puzzle-fur-erwachsene-1000-teile\/p\/\",\"url\":\"https:\/\/business.roovi.com\/de\/amazing-birds-puzzle-puzzle-fur-erwachsene-1000-teile\/p\/\",\"name\":\"Amazing Birds Puzzle - Puzzle f\u00fcr Erwachsene 1000 Teile\",\"isPartOf\":{\"@id\":\"https:\/\/business.roovi.com\/de\/#website\"},\"datePublished\":\"2022-06-14T14:59:28+00:00\",\"dateModified\":\"2022-12-01T13:15:02+00:00\",\"description\":\"Amazing Birds Puzzle - Puzzle f\u00fcr Erwachsene 1000 Teile\",\"breadcrumb\":{\"@id\":\"https:\/\/business.roovi.com\/de\/amazing-birds-puzzle-puzzle-fur-erwachsene-1000-teile\/p\/#breadcrumb\"},\"inLanguage\":\"de\",\"potentialAction\":[{\"@type\":\"ReadAction\",\"target\":[\"https:\/\/business.roovi.com\/de\/amazing-birds-puzzle-puzzle-fur-erwachsene-1000-teile\/p\/\"]}]},{\"@type\":\"BreadcrumbList\",\"@id\":\"https:\/\/business.roovi.com\/de\/amazing-birds-puzzle-puzzle-fur-erwachsene-1000-teile\/p\/#breadcrumb\",\"itemListElement\":[{\"@type\":\"ListItem\",\"position\":1,\"name\":\"Home\",\"item\":\"https:\/\/business.roovi.com\/de\/\"},{\"@type\":\"ListItem\",\"position\":2,\"name\":\"Shop\",\"item\":\"https:\/\/business.roovi.com\/de\/shop\/\"},{\"@type\":\"ListItem\",\"position\":3,\"name\":\"Amazing Birds Puzzle &#8211; Puzzle f\u00fcr Erwachsene 1000 Teile\"}]},{\"@type\":\"WebSite\",\"@id\":\"https:\/\/business.roovi.com\/de\/#website\",\"url\":\"https:\/\/business.roovi.com\/de\/\",\"name\":\"Roovi B2B\",\"description\":\"Roovi Business Website\",\"potentialAction\":[{\"@type\":\"SearchAction\",\"target\":{\"@type\":\"EntryPoint\",\"urlTemplate\":\"https:\/\/business.roovi.com\/de\/?s={search_term_string}\"},\"query-input\":\"required name=search_term_string\"}],\"inLanguage\":\"de\"}]}<\/script>\n<!-- \/ Yoast SEO plugin. -->","yoast_head_json":{"title":"Amazing Birds Puzzle - Puzzle f\u00fcr Erwachsene 1000 Teile","description":"Amazing Birds Puzzle - Puzzle f\u00fcr Erwachsene 1000 Teile","robots":{"index":"index","follow":"follow","max-snippet":"max-snippet:-1","max-image-preview":"max-image-preview:large","max-video-preview":"max-video-preview:-1"},"canonical":"https:\/\/business.roovi.com\/de\/amazing-birds-puzzle-puzzle-fur-erwachsene-1000-teile\/p\/","og_locale":"de_DE","og_type":"article","og_title":"Amazing Birds Puzzle - Puzzle f\u00fcr Erwachsene 1000 Teile","og_description":"Amazing Birds Puzzle - Puzzle f\u00fcr Erwachsene 1000 Teile","og_url":"https:\/\/business.roovi.com\/de\/amazing-birds-puzzle-puzzle-fur-erwachsene-1000-teile\/p\/","og_site_name":"Roovi B2B","article_publisher":"https:\/\/www.facebook.com\/wwwjucariero","article_modified_time":"2022-12-01T13:15:02+00:00","og_image":[{"width":1200,"height":1200,"url":"https:\/\/business.roovi.com\/wp-content\/uploads\/2022\/08\/01_MAIN-5.jpg","type":"image\/jpeg"}],"twitter_misc":{"Gesch\u00e4tzte Lesezeit":"1\u00a0Minute"},"schema":{"@context":"https:\/\/schema.org","@graph":[{"@type":"WebPage","@id":"https:\/\/business.roovi.com\/de\/amazing-birds-puzzle-puzzle-fur-erwachsene-1000-teile\/p\/","url":"https:\/\/business.roovi.com\/de\/amazing-birds-puzzle-puzzle-fur-erwachsene-1000-teile\/p\/","name":"Amazing Birds Puzzle - Puzzle f\u00fcr Erwachsene 1000 Teile","isPartOf":{"@id":"https:\/\/business.roovi.com\/de\/#website"},"datePublished":"2022-06-14T14:59:28+00:00","dateModified":"2022-12-01T13:15:02+00:00","description":"Amazing Birds Puzzle - Puzzle f\u00fcr Erwachsene 1000 Teile","breadcrumb":{"@id":"https:\/\/business.roovi.com\/de\/amazing-birds-puzzle-puzzle-fur-erwachsene-1000-teile\/p\/#breadcrumb"},"inLanguage":"de","potentialAction":[{"@type":"ReadAction","target":["https:\/\/business.roovi.com\/de\/amazing-birds-puzzle-puzzle-fur-erwachsene-1000-teile\/p\/"]}]},{"@type":"BreadcrumbList","@id":"https:\/\/business.roovi.com\/de\/amazing-birds-puzzle-puzzle-fur-erwachsene-1000-teile\/p\/#breadcrumb","itemListElement":[{"@type":"ListItem","position":1,"name":"Home","item":"https:\/\/business.roovi.com\/de\/"},{"@type":"ListItem","position":2,"name":"Shop","item":"https:\/\/business.roovi.com\/de\/shop\/"},{"@type":"ListItem","position":3,"name":"Amazing Birds Puzzle &#8211; Puzzle f\u00fcr Erwachsene 1000 Teile"}]},{"@type":"WebSite","@id":"https:\/\/business.roovi.com\/de\/#website","url":"https:\/\/business.roovi.com\/de\/","name":"Roovi B2B","description":"Roovi Business Website","potentialAction":[{"@type":"SearchAction","target":{"@type":"EntryPoint","urlTemplate":"https:\/\/business.roovi.com\/de\/?s={search_term_string}"},"query-input":"required name=search_term_string"}],"inLanguage":"de"}]}},"_links":{"self":[{"href":"https:\/\/business.roovi.com\/de\/wp-json\/wp\/v2\/product\/56859","targetHints":{"allow":["GET"]}}],"collection":[{"href":"https:\/\/business.roovi.com\/de\/wp-json\/wp\/v2\/product"}],"about":[{"href":"https:\/\/business.roovi.com\/de\/wp-json\/wp\/v2\/types\/product"}],"version-history":[{"count":0,"href":"https:\/\/business.roovi.com\/de\/wp-json\/wp\/v2\/product\/56859\/revisions"}],"wp:featuredmedia":[{"embeddable":true,"href":"https:\/\/business.roovi.com\/de\/wp-json\/wp\/v2\/media\/56600"}],"wp:attachment":[{"href":"https:\/\/business.roovi.com\/de\/wp-json\/wp\/v2\/media?parent=56859"}],"wp:term":[{"taxonomy":"product_brand","embeddable":true,"href":"https:\/\/business.roovi.com\/de\/wp-json\/wp\/v2\/product_brand?post=56859"},{"taxonomy":"product_cat","embeddable":true,"href":"https:\/\/business.roovi.com\/de\/wp-json\/wp\/v2\/product_cat?post=56859"},{"taxonomy":"product_tag","embeddable":true,"href":"https:\/\/business.roovi.com\/de\/wp-json\/wp\/v2\/product_tag?post=56859"}],"curies":[{"name":"wp","href":"https:\/\/api.w.org\/{rel}","templated":true}]}}