{"id":59188,"date":"2022-10-25T05:29:24","date_gmt":"2022-10-25T05:29:24","guid":{"rendered":"https:\/\/business.roovi.com\/?post_type=product&#038;p=59188"},"modified":"2022-12-01T12:45:39","modified_gmt":"2022-12-01T12:45:39","slug":"watermill-puzzle-puzzle-fur-erwachsene-1000-teile-copiaza","status":"publish","type":"product","link":"https:\/\/business.roovi.com\/de\/watermill-puzzle-puzzle-fur-erwachsene-1000-teile-copiaza\/p\/","title":{"rendered":"Wild Owl Puzzle \u2013 Puzzle f\u00fcr Erwachsene 1000 Teile"},"content":{"rendered":"<h3>Es wird gesagt, dass es gut ist, einen Gegenstand, der eine Eule darstellt, im Haus zu haben, um negative Energien abzuwehren und Wohlstand anzuziehen. Das Wild Owl Puzzle, 1000 Teile, ist eine neuartige M\u00f6glichkeit, ein gro\u00dfartiges Dekorationsobjekt zu erhalten und Ihre F\u00e4higkeiten beim Puzzlen zu verbessern.<\/h3>\n<p>Wild Owl Puzzle, 1000 Teile, ist von der Sch\u00f6nheit der Natur inspiriert. Das Zusammensetzen dieses besonderen Bildes ist ein entspannender Moment, in dem Sie mit positiver Energie aufgeladen werden, so als w\u00e4ren Sie mitten im Wald.<\/p>\n<p>Das Bild auf dem 1000-Teile-Puzzle Wild Owl stammt von einem britischen Fotografen,\u00a0James\u00a0Rushforth\u00a0und f\u00e4ngt ein Detail einer\u00a0<i>Strigidae,\u00a0<\/i>in Afrika gefunden.\u00a0Setzen Sie die 1000 Teile zusammen und genie\u00dfen Sie ein perfektes Gem\u00e4lde, das die Majest\u00e4t der Natur feiert.<\/p>\n<h3>Warum ist so besonders Wild Owl Puzzle, 1000 Teile<\/h3>\n<ul>\n<li>Es ist eine entspannende und kreative Art, seine Freizeit zu verbringen.<\/li>\n<li>Es gibt Ihnen die M\u00f6glichkeit, ein erfolgreiches, vollwertiges\u00a0<b>47 x 68 cm<\/b>die selbst die feinsten Details des Originalfotos bewahrt.<\/li>\n<li>Die Teile sind aus hochwertigem, 2 mm dickem Karton gefertigt, der eine lange Haltbarkeit und dauerhafte Festigkeit f\u00fcr mehrere Zusammenstellungen bietet.<\/li>\n<li>Es ist ein Puzzle aus wiederverwertbaren Materialien, so dass man sich keine Sorgen machen muss, der Natur beim Spielen zu schaden.<\/li>\n<li>Es hat eine halbgl\u00e4nzende Oberfl\u00e4che, die die lebendigen Farben des Bildes zur Geltung bringt.<\/li>\n<li>Hilft, das Ged\u00e4chtnis zu trainieren und das Gehirn gesund zu halten.<\/li>\n<li>Die Veranstaltung ist f\u00fcr Personen ab 14 Jahren geeignet \u2013 eine Gelegenheit, sich mit Teenagern zu treffen und gemeinsam Zeit zu verbringen.<\/li>\n<\/ul>\n<h3>Wussten Sie, dass..<\/h3>\n<p>Der Wei\u00dfgesichtskauz ist nur 22-28 Zentimeter lang und wiegt etwa 185-220 Gramm.<\/p>\n<p>Sie legt ihre Eier in das Nest eines anderen Vogels, und die K\u00fcken verlassen das Nest etwa einen Monat nach dem Schl\u00fcpfen.<\/p>\n<p>Er ist ein geschickter J\u00e4ger und ern\u00e4hrt sich von gro\u00dfen Insekten, aber auch von kleinen S\u00e4ugetieren, V\u00f6geln und Reptilien.<\/p>\n<p>Eulen leben seit \u00fcber 70 Millionen Jahren an Land.<\/p>\n<h3>Wild Owl 1000 Teile Puzzle f\u00fcr Puzzle- und Naturliebhaber<\/h3>\n<p>Das Zusammensetzen des Puzzlespiels f\u00fchrt deine Gedanken in das Herz der Natur. W\u00e4hrend Sie St\u00fcck f\u00fcr St\u00fcck legen, entspannen Sie sich und befreien Ihren Geist von allen negativen Gedanken. Sie erleben das Gef\u00fchl v\u00f6lliger Freiheit und Faszination f\u00fcr die Sch\u00f6nheit, genau wie der Fotograf, der das Bild auf seinen Entdeckungsreisen eingefangen hat.<\/p>\n<p>W\u00e4hlen Sie das Wild Owl Puzzle, 1000 Teile, um Ihre Zeit in einem langsamen und kreativen Tempo zu leben. Genie\u00dfe dieses tolle Puzzlespiel mit deinen Lieben oder verschenke es an Puzzle-Fans, die du kennst.<\/p>\n<h3>\u00dcber James\u00a0Rushforth wussten Sie<\/h3>\n<ul>\n<li>Ich liebe Kunst und Abenteuer gleicherma\u00dfen. James ist nicht nur ein versierter Fotograf, sondern auch ein erfahrener Bergsteiger und Skifahrer. Er erkundet schwer zug\u00e4ngliche Regionen und leitet Expeditionen und Touren in den Dolomiten, Island und Gr\u00f6nland.<\/li>\n<li>Er hat zahlreiche internationale Fotowettbewerbe gewonnen, zuletzt\u00a0prestigetr\u00e4chtigen Siena International Photo Awards. Er ist h\u00e4ufig Mitglied der Jury verschiedener internationaler Wettbewerbe.<\/li>\n<li>Er ist au\u00dferdem Autor von Reisef\u00fchrern und Fotob\u00fcchern und schreibt Artikel f\u00fcr renommierte Publikationen wie National Geographic, The Times und The Daily Telegraph.<\/li>\n<li>Fasziniert von der Kultur Osteuropas, ist James auch nach Rum\u00e4nien gereist. Er ist fasziniert vom multikulturellen Reichtum unseres Landes und ein echter F\u00f6rderer des rum\u00e4nischen Tourismus und seiner Traditionen.<\/li>\n<\/ul>\n<p><b>Sie wollen noch mehr Stunden voller Spa\u00df und Entspannung? Entdecken Sie 2 weitere fabelhafte Bilder von ihm in ROOVIs neuester Kollektion von 1000-Teile-Puzzles\u00a0<\/b><b>James\u00a0<\/b><b>Rushforth:\u00a0<a href=\"https:\/\/business.roovi.com\/de\/segelpuzzle-puzzle-fur-erwachsene-1000-teile\/p\/\">Sailing Puzzle, 1000 Teile<\/a>\u00a0und\u00a0<a href=\"https:\/\/business.roovi.com\/de\/watermill-puzzle-puzzle-fur-erwachsene-1000-teile\/p\/\">Watermill Puzzle, 1000 Teile<\/a>\u00a0f\u00fcr einzigartige Momente, die z\u00e4hlen.<\/b><\/p>\n","protected":false},"excerpt":{"rendered":"<p>Es wird gesagt, dass es gut ist, einen Gegenstand, der eine Eule darstellt, im Haus zu haben, um negative Energien<\/p>\n","protected":false},"featured_media":59195,"template":"","meta":[],"product_brand":[],"product_cat":[1916,1875,1915],"product_tag":[],"class_list":{"0":"post-59188","1":"product","2":"type-product","3":"status-publish","4":"has-post-thumbnail","6":"product_cat-1000-teile-puzzle","7":"product_cat-puzzle-de","8":"product_cat-puzzlespiele-fur-erwachsene","9":"pa_bax-10-de","10":"pa_brand-d_toys-de","11":"pa_country_of_manufacture-ro-de","12":"pa_filter_age-14-2-de","13":"pa_painter-landscapes-de","14":"pa_tip_ambalaj-kasten-a4-de","15":"pa_tip_puzzle-klassisch","17":"first","18":"instock","19":"taxable","20":"shipping-taxable","21":"product-type-simple"},"yoast_head":"<!-- This site is optimized with the Yoast SEO plugin v20.1 - https:\/\/yoast.com\/wordpress\/plugins\/seo\/ -->\n<title>Watermill Puzzle - Puzzle f\u00fcr Erwachsene 1000 Teile<\/title>\n<meta name=\"description\" content=\"Watermill Puzzle - Puzzle f\u00fcr Erwachsene 1000 Teile\" \/>\n<meta name=\"robots\" content=\"index, follow, max-snippet:-1, max-image-preview:large, max-video-preview:-1\" \/>\n<link rel=\"canonical\" href=\"https:\/\/business.roovi.com\/de\/watermill-puzzle-puzzle-fur-erwachsene-1000-teile-copiaza\/p\/\" \/>\n<meta property=\"og:locale\" content=\"de_DE\" \/>\n<meta property=\"og:type\" content=\"article\" \/>\n<meta property=\"og:title\" content=\"Watermill Puzzle - Puzzle f\u00fcr Erwachsene 1000 Teile\" \/>\n<meta property=\"og:description\" content=\"Watermill Puzzle - Puzzle f\u00fcr Erwachsene 1000 Teile\" \/>\n<meta property=\"og:url\" content=\"https:\/\/business.roovi.com\/de\/watermill-puzzle-puzzle-fur-erwachsene-1000-teile-copiaza\/p\/\" \/>\n<meta property=\"og:site_name\" content=\"Roovi B2B\" \/>\n<meta property=\"article:publisher\" content=\"https:\/\/www.facebook.com\/wwwjucariero\" \/>\n<meta property=\"article:modified_time\" content=\"2022-12-01T12:45:39+00:00\" \/>\n<meta property=\"og:image\" content=\"https:\/\/business.roovi.com\/wp-content\/uploads\/2022\/10\/x01_MAIN-800x800.jpg.pagespeed.ic_.7IpI9JdYyc.webp\" \/>\n\t<meta property=\"og:image:width\" content=\"800\" \/>\n\t<meta property=\"og:image:height\" content=\"800\" \/>\n\t<meta property=\"og:image:type\" content=\"image\/webp\" \/>\n<meta name=\"twitter:label1\" content=\"Gesch\u00e4tzte Lesezeit\" \/>\n\t<meta name=\"twitter:data1\" content=\"4\u00a0Minuten\" \/>\n<script type=\"application\/ld+json\" class=\"yoast-schema-graph\">{\"@context\":\"https:\/\/schema.org\",\"@graph\":[{\"@type\":\"WebPage\",\"@id\":\"https:\/\/business.roovi.com\/de\/watermill-puzzle-puzzle-fur-erwachsene-1000-teile-copiaza\/p\/\",\"url\":\"https:\/\/business.roovi.com\/de\/watermill-puzzle-puzzle-fur-erwachsene-1000-teile-copiaza\/p\/\",\"name\":\"Watermill Puzzle - Puzzle f\u00fcr Erwachsene 1000 Teile\",\"isPartOf\":{\"@id\":\"https:\/\/business.roovi.com\/de\/#website\"},\"datePublished\":\"2022-10-25T05:29:24+00:00\",\"dateModified\":\"2022-12-01T12:45:39+00:00\",\"description\":\"Watermill Puzzle - Puzzle f\u00fcr Erwachsene 1000 Teile\",\"breadcrumb\":{\"@id\":\"https:\/\/business.roovi.com\/de\/watermill-puzzle-puzzle-fur-erwachsene-1000-teile-copiaza\/p\/#breadcrumb\"},\"inLanguage\":\"de\",\"potentialAction\":[{\"@type\":\"ReadAction\",\"target\":[\"https:\/\/business.roovi.com\/de\/watermill-puzzle-puzzle-fur-erwachsene-1000-teile-copiaza\/p\/\"]}]},{\"@type\":\"BreadcrumbList\",\"@id\":\"https:\/\/business.roovi.com\/de\/watermill-puzzle-puzzle-fur-erwachsene-1000-teile-copiaza\/p\/#breadcrumb\",\"itemListElement\":[{\"@type\":\"ListItem\",\"position\":1,\"name\":\"Home\",\"item\":\"https:\/\/business.roovi.com\/de\/\"},{\"@type\":\"ListItem\",\"position\":2,\"name\":\"Shop\",\"item\":\"https:\/\/business.roovi.com\/de\/shop\/\"},{\"@type\":\"ListItem\",\"position\":3,\"name\":\"Wild Owl Puzzle \u2013 Puzzle f\u00fcr Erwachsene 1000 Teile\"}]},{\"@type\":\"WebSite\",\"@id\":\"https:\/\/business.roovi.com\/de\/#website\",\"url\":\"https:\/\/business.roovi.com\/de\/\",\"name\":\"Roovi B2B\",\"description\":\"Roovi Business Website\",\"potentialAction\":[{\"@type\":\"SearchAction\",\"target\":{\"@type\":\"EntryPoint\",\"urlTemplate\":\"https:\/\/business.roovi.com\/de\/?s={search_term_string}\"},\"query-input\":\"required name=search_term_string\"}],\"inLanguage\":\"de\"}]}<\/script>\n<!-- \/ Yoast SEO plugin. -->","yoast_head_json":{"title":"Watermill Puzzle - Puzzle f\u00fcr Erwachsene 1000 Teile","description":"Watermill Puzzle - Puzzle f\u00fcr Erwachsene 1000 Teile","robots":{"index":"index","follow":"follow","max-snippet":"max-snippet:-1","max-image-preview":"max-image-preview:large","max-video-preview":"max-video-preview:-1"},"canonical":"https:\/\/business.roovi.com\/de\/watermill-puzzle-puzzle-fur-erwachsene-1000-teile-copiaza\/p\/","og_locale":"de_DE","og_type":"article","og_title":"Watermill Puzzle - Puzzle f\u00fcr Erwachsene 1000 Teile","og_description":"Watermill Puzzle - Puzzle f\u00fcr Erwachsene 1000 Teile","og_url":"https:\/\/business.roovi.com\/de\/watermill-puzzle-puzzle-fur-erwachsene-1000-teile-copiaza\/p\/","og_site_name":"Roovi B2B","article_publisher":"https:\/\/www.facebook.com\/wwwjucariero","article_modified_time":"2022-12-01T12:45:39+00:00","og_image":[{"width":800,"height":800,"url":"https:\/\/business.roovi.com\/wp-content\/uploads\/2022\/10\/x01_MAIN-800x800.jpg.pagespeed.ic_.7IpI9JdYyc.webp","type":"image\/webp"}],"twitter_misc":{"Gesch\u00e4tzte Lesezeit":"4\u00a0Minuten"},"schema":{"@context":"https:\/\/schema.org","@graph":[{"@type":"WebPage","@id":"https:\/\/business.roovi.com\/de\/watermill-puzzle-puzzle-fur-erwachsene-1000-teile-copiaza\/p\/","url":"https:\/\/business.roovi.com\/de\/watermill-puzzle-puzzle-fur-erwachsene-1000-teile-copiaza\/p\/","name":"Watermill Puzzle - Puzzle f\u00fcr Erwachsene 1000 Teile","isPartOf":{"@id":"https:\/\/business.roovi.com\/de\/#website"},"datePublished":"2022-10-25T05:29:24+00:00","dateModified":"2022-12-01T12:45:39+00:00","description":"Watermill Puzzle - Puzzle f\u00fcr Erwachsene 1000 Teile","breadcrumb":{"@id":"https:\/\/business.roovi.com\/de\/watermill-puzzle-puzzle-fur-erwachsene-1000-teile-copiaza\/p\/#breadcrumb"},"inLanguage":"de","potentialAction":[{"@type":"ReadAction","target":["https:\/\/business.roovi.com\/de\/watermill-puzzle-puzzle-fur-erwachsene-1000-teile-copiaza\/p\/"]}]},{"@type":"BreadcrumbList","@id":"https:\/\/business.roovi.com\/de\/watermill-puzzle-puzzle-fur-erwachsene-1000-teile-copiaza\/p\/#breadcrumb","itemListElement":[{"@type":"ListItem","position":1,"name":"Home","item":"https:\/\/business.roovi.com\/de\/"},{"@type":"ListItem","position":2,"name":"Shop","item":"https:\/\/business.roovi.com\/de\/shop\/"},{"@type":"ListItem","position":3,"name":"Wild Owl Puzzle \u2013 Puzzle f\u00fcr Erwachsene 1000 Teile"}]},{"@type":"WebSite","@id":"https:\/\/business.roovi.com\/de\/#website","url":"https:\/\/business.roovi.com\/de\/","name":"Roovi B2B","description":"Roovi Business Website","potentialAction":[{"@type":"SearchAction","target":{"@type":"EntryPoint","urlTemplate":"https:\/\/business.roovi.com\/de\/?s={search_term_string}"},"query-input":"required name=search_term_string"}],"inLanguage":"de"}]}},"_links":{"self":[{"href":"https:\/\/business.roovi.com\/de\/wp-json\/wp\/v2\/product\/59188","targetHints":{"allow":["GET"]}}],"collection":[{"href":"https:\/\/business.roovi.com\/de\/wp-json\/wp\/v2\/product"}],"about":[{"href":"https:\/\/business.roovi.com\/de\/wp-json\/wp\/v2\/types\/product"}],"version-history":[{"count":0,"href":"https:\/\/business.roovi.com\/de\/wp-json\/wp\/v2\/product\/59188\/revisions"}],"wp:featuredmedia":[{"embeddable":true,"href":"https:\/\/business.roovi.com\/de\/wp-json\/wp\/v2\/media\/59195"}],"wp:attachment":[{"href":"https:\/\/business.roovi.com\/de\/wp-json\/wp\/v2\/media?parent=59188"}],"wp:term":[{"taxonomy":"product_brand","embeddable":true,"href":"https:\/\/business.roovi.com\/de\/wp-json\/wp\/v2\/product_brand?post=59188"},{"taxonomy":"product_cat","embeddable":true,"href":"https:\/\/business.roovi.com\/de\/wp-json\/wp\/v2\/product_cat?post=59188"},{"taxonomy":"product_tag","embeddable":true,"href":"https:\/\/business.roovi.com\/de\/wp-json\/wp\/v2\/product_tag?post=59188"}],"curies":[{"name":"wp","href":"https:\/\/api.w.org\/{rel}","templated":true}]}}