{"id":61014,"date":"2022-11-28T14:40:52","date_gmt":"2022-11-28T14:40:52","guid":{"rendered":"https:\/\/business.roovi.com\/?post_type=product&#038;p=61014"},"modified":"2023-04-04T12:45:18","modified_gmt":"2023-04-04T12:45:18","slug":"planet-erde-eduscience-lernspiel","status":"publish","type":"product","link":"https:\/\/business.roovi.com\/de\/planet-erde-eduscience-lernspiel\/p\/","title":{"rendered":"Planet Erde &#8211; EduScience-Lernspiel"},"content":{"rendered":"<p><iframe loading=\"lazy\" title=\"PLANET ERDE\" width=\"500\" height=\"281\" src=\"https:\/\/www.youtube.com\/embed\/Kt2Hmw9iEKQ?feature=oembed\" frameborder=\"0\" allow=\"accelerometer; autoplay; clipboard-write; encrypted-media; gyroscope; picture-in-picture; web-share\" referrerpolicy=\"strict-origin-when-cross-origin\" allowfullscreen><\/iframe><\/p>\n<h2><span style=\"font-weight: 400;\">M\u00f6chtest du wissen, wie Regen und Wind entstehen oder warum Gletscher schmelzen? Und was noch wichtiger ist: Wie wirkt sich der Klimawandel auf unseren Planeten aus? Experimentiere\u00a0 und lerne faszinierende Fakten \u00fcber das Leben auf der Erde und Umweltfragen mit dem Experimentierkasten Planet Erde.<\/span><\/h2>\n<p><span style=\"font-weight: 400;\">Entdecke\u00a0 die perfekte Kombination aus Spa\u00df und Lernen! Mit Planet Erde wenden die Kinder echte wissenschaftliche Prinzipien an und lernen durch Experimente etwas \u00fcber Treibhausgase, Kohlenstoffemissionen, die Verbrennung fossiler Brennstoffe, das Schmelzen der Gletscher und viele andere interessante Fakten oder wichtige Tatsachen \u00fcber den Klimawandel.\u00a0<\/span><\/p>\n<p><span style=\"font-weight: 400;\">Das Planet Earth Kit reproduziert das globale Wettergeschehen und lehrt Kinder \u00fcber das Wetter und den Einfluss menschlichen Handelns auf den Klimawandel.<\/span><\/p>\n<h2><span style=\"font-weight: 400;\">18 faszinierende und lehrreiche Experimente<\/span><\/h2>\n<p><span style=\"font-weight: 400;\">Spielerische Erfahrungen sind die einfachste und effektivste Form des Lernens. Das Kit Planet Erde enth\u00e4lt alle Utensilien und Zutaten f\u00fcr ein lehrreiches, kreatives und unterhaltsames Erlebnis.\u00a0<\/span><\/p>\n<p><span style=\"font-weight: 400;\">Hier sind nur einige der Experimente, die du mit dem Kit Planet Erde durchf\u00fchren kannst:<\/span><\/p>\n<ul>\n<li style=\"font-weight: 400;\"><span style=\"font-weight: 400;\">\u00a0Baue mit eigenen H\u00e4nden eine erd\u00e4hnliche Kuppel, mit Windturbinen und Klima.<\/span><\/li>\n<li style=\"font-weight: 400;\"><span style=\"font-weight: 400;\">Z\u00fcchte\u00a0 Samen und baue\u00a0 deine\u00a0 eigenen essbaren Pflanzen an.<\/span><\/li>\n<li style=\"font-weight: 400;\"><span style=\"font-weight: 400;\">Du erzeugst Regen und Wind und lernst den Unterschied zwischen Wetter und Klima kennen.<\/span><\/li>\n<li style=\"font-weight: 400;\"><span style=\"font-weight: 400;\">Du bew\u00e4sserst\u00a0 eine W\u00fcste und lernst , wie die Schmelze von Gletschern verlangsamt werden kann.<\/span><\/li>\n<li style=\"font-weight: 400;\"><span style=\"font-weight: 400;\">Teste\u00a0 die Kohlenstoffemissionen und erfahre, was der Treibhauseffekt ist.<\/span><\/li>\n<\/ul>\n<h2><span style=\"font-weight: 400;\">Planet Erde, ein faszinierendes STEM-Spiel, ideal zum Lernen<\/span><\/h2>\n<p><span style=\"font-weight: 400;\">STEM-Spiele (kurz f\u00fcr Science, Technology, Engineering, Maths) legen den Schwerpunkt auf spielerisches Lernen und helfen Kindern, sich von klein auf mit der Wissenschaft auseinanderzusetzen. Der Planet Erde erf\u00fcllt die h\u00f6chsten Qualit\u00e4ts- und Sicherheitsstandards sowie alle faszinierenden Eigenschaften von STEM-Spielen:<\/span><\/p>\n<ul>\n<li style=\"font-weight: 400;\"><span style=\"font-weight: 400;\">Stimuliert und unterst\u00fctzt die Entwicklung von logischem und strategischem Denken<\/span><\/li>\n<li style=\"font-weight: 400;\"><span style=\"font-weight: 400;\">Entwickelt Phantasie und kreatives Denken<\/span><\/li>\n<li style=\"font-weight: 400;\"><span style=\"font-weight: 400;\">Verbessert Konzentration und Koordination<\/span><\/li>\n<li style=\"font-weight: 400;\"><span style=\"font-weight: 400;\">F\u00f6rdert die Kommunikation, die Entwicklung sozialer Kompetenzen und die Teamarbeit.<\/span><\/li>\n<li style=\"font-weight: 400;\"><span style=\"font-weight: 400;\">Hilft Kindern, sich mit neuen Konzepten und Begriffen vertraut zu machen, und f\u00f6rdert die Entwicklung des Wortschatzes.<\/span><\/li>\n<li style=\"font-weight: 400;\"><span style=\"font-weight: 400;\">Au\u00dferdem macht es gro\u00dfen Spa\u00df und ist die perfekte Gelegenheit, um mit Kindern in Kontakt zu treten und eine tolle Zeit zu haben.\u00a0<\/span><\/li>\n<\/ul>\n<h2><span style=\"font-weight: 400;\">Wusstest du, dass\u2026<\/span><\/h2>\n<ul>\n<li style=\"font-weight: 400;\"><span style=\"font-weight: 400;\">Die globalen Temperaturen steigen in besorgniserregender Weise an, und es wird vorhergesagt, dass es bis zum Ende dieses Jahrhunderts 3-5\u00b0C w\u00e4rmer sein wird, wenn dieser Trend anh\u00e4lt. Um das Ausma\u00df des Ph\u00e4nomens zu verstehen, muss man sich vor Augen halten, dass 5\u00b0C der Temperaturanstieg der letzten 10.000 Jahre ist!<\/span><\/li>\n<li style=\"font-weight: 400;\"><span style=\"font-weight: 400;\">Auch die Gletscher schmelzen immer schneller, was zu einem weltweiten Anstieg des Meeresspiegels f\u00fchrt.\u00a0<\/span><\/li>\n<li style=\"font-weight: 400;\"><span style=\"font-weight: 400;\">Klimaexperten sagen voraus, dass bis 2050 durch den Anstieg des Meeresspiegels und das Wetter mehr als 20 Millionen Menschen vertrieben werden.<\/span><\/li>\n<li style=\"font-weight: 400;\"><span style=\"font-weight: 400;\">Ein Drittel der Weltbev\u00f6lkerung verbraucht 20 % mehr Wasser, als sie sollte.<\/span><\/li>\n<\/ul>\n<p><span style=\"font-weight: 400;\">Die Auswirkungen des Klimawandels sind sehr real und betreffen uns alle. Deshalb ist es so wichtig, dass wir unseren Kindern beibringen, die Natur zu respektieren und zu sch\u00fctzen. Das Planet Erde\u00a0 Kit ist ein n\u00fctzliches Werkzeug f\u00fcr spielerisches Lernen. Es hilft Kindern, wissenschaftliche Konzepte durch spielerische Experimente zu verstehen und lehrt sie gleichzeitig, wie sie durch ihr Handeln zum Umweltschutz beitragen k\u00f6nnen.<\/span><\/p>\n<p><span style=\"font-weight: 400;\">Egal, ob du\u00a0 ein Lernspiel f\u00fcr Kinder , ein spannendes und fesselndes Geschenk f\u00fcr einen jungen Entdecker oder einfach mehr Spa\u00df und Abwechslung mit den\u00a0 Lieben suchst, das Planet Earth Kit ist die richtige Wahl.<\/span><\/p>\n<h2><span style=\"font-weight: 400;\">Hast du\u00a0 es herausgefunden? ROOVI hat 4 weitere faszinierende Kits aus der EduScience-Reihe vorbereitet! Lege <\/span><b><a href=\"https:\/\/business.roovi.com\/de\/corpul-uman-joc-educativ-eduscience\/p\/\">Wie der menschliche K\u00f6rper funktioniert<\/a>, <a href=\"https:\/\/business.roovi.com\/de\/ich-moechte-programmierer-werden-eduscience-lernspiel\/p\/\">Ich m\u00f6chte Programmierer werden<\/a>, <a href=\"https:\/\/business.roovi.com\/de\/ich-moechte-detektiv-werden-eduscience-lernspiel\/p\/\">Ich m\u00f6chte Detektiv werden<\/a><\/b><span style=\"font-weight: 400;\"> und <\/span><a href=\"https:\/\/business.roovi.com\/de\/regenbogen-lavavulkan-eduscience-lernspiel\/p\/\"><b>Regenbogen-Lavavulkan<\/b><\/a><span style=\"font-weight: 400;\"> in den\u00a0 Einkaufskorb und schenke deinem\u00a0 Kind eine fabelhafte Lernsammlung.<\/span><\/h2>\n","protected":false},"excerpt":{"rendered":"<p>M\u00f6chtest du wissen, wie Regen und Wind entstehen oder warum Gletscher schmelzen? Und was noch wichtiger ist: Wie wirkt sich<\/p>\n","protected":false},"featured_media":69492,"template":"","meta":[],"product_brand":[],"product_cat":[2006,1896,1898],"product_tag":[],"class_list":{"0":"post-61014","1":"product","2":"type-product","3":"status-publish","4":"has-post-thumbnail","6":"product_cat-lernspiele","7":"product_cat-padagogische-und-wissenschaftliche-spiele","8":"product_cat-wissenschaftliche-spiele","10":"first","11":"onbackorder","12":"taxable","13":"shipping-taxable","14":"product-type-simple"},"yoast_head":"<!-- This site is optimized with the Yoast SEO plugin v20.1 - https:\/\/yoast.com\/wordpress\/plugins\/seo\/ -->\n<title>Planet Erde - EduScience-Lernspiel - Roovi B2B<\/title>\n<meta name=\"robots\" content=\"index, follow, max-snippet:-1, max-image-preview:large, max-video-preview:-1\" \/>\n<link rel=\"canonical\" href=\"https:\/\/business.roovi.com\/de\/planet-erde-eduscience-lernspiel\/p\/\" \/>\n<meta property=\"og:locale\" content=\"de_DE\" \/>\n<meta property=\"og:type\" content=\"article\" \/>\n<meta property=\"og:title\" content=\"Planet Erde - EduScience-Lernspiel - Roovi B2B\" \/>\n<meta property=\"og:description\" content=\"M\u00f6chtest du wissen, wie Regen und Wind entstehen oder warum Gletscher schmelzen? Und was noch wichtiger ist: Wie wirkt sich\" \/>\n<meta property=\"og:url\" content=\"https:\/\/business.roovi.com\/de\/planet-erde-eduscience-lernspiel\/p\/\" \/>\n<meta property=\"og:site_name\" content=\"Roovi B2B\" \/>\n<meta property=\"article:publisher\" content=\"https:\/\/www.facebook.com\/wwwjucariero\" \/>\n<meta property=\"article:modified_time\" content=\"2023-04-04T12:45:18+00:00\" \/>\n<meta property=\"og:image\" content=\"https:\/\/business.roovi.com\/wp-content\/uploads\/2022\/11\/1-11-1.jpg\" \/>\n\t<meta property=\"og:image:width\" content=\"1200\" \/>\n\t<meta property=\"og:image:height\" content=\"1200\" \/>\n\t<meta property=\"og:image:type\" content=\"image\/jpeg\" \/>\n<meta name=\"twitter:label1\" content=\"Gesch\u00e4tzte Lesezeit\" \/>\n\t<meta name=\"twitter:data1\" content=\"4\u00a0Minuten\" \/>\n<script type=\"application\/ld+json\" class=\"yoast-schema-graph\">{\"@context\":\"https:\/\/schema.org\",\"@graph\":[{\"@type\":\"WebPage\",\"@id\":\"https:\/\/business.roovi.com\/de\/planet-erde-eduscience-lernspiel\/p\/\",\"url\":\"https:\/\/business.roovi.com\/de\/planet-erde-eduscience-lernspiel\/p\/\",\"name\":\"Planet Erde - EduScience-Lernspiel - Roovi B2B\",\"isPartOf\":{\"@id\":\"https:\/\/business.roovi.com\/de\/#website\"},\"datePublished\":\"2022-11-28T14:40:52+00:00\",\"dateModified\":\"2023-04-04T12:45:18+00:00\",\"breadcrumb\":{\"@id\":\"https:\/\/business.roovi.com\/de\/planet-erde-eduscience-lernspiel\/p\/#breadcrumb\"},\"inLanguage\":\"de\",\"potentialAction\":[{\"@type\":\"ReadAction\",\"target\":[\"https:\/\/business.roovi.com\/de\/planet-erde-eduscience-lernspiel\/p\/\"]}]},{\"@type\":\"BreadcrumbList\",\"@id\":\"https:\/\/business.roovi.com\/de\/planet-erde-eduscience-lernspiel\/p\/#breadcrumb\",\"itemListElement\":[{\"@type\":\"ListItem\",\"position\":1,\"name\":\"Home\",\"item\":\"https:\/\/business.roovi.com\/de\/\"},{\"@type\":\"ListItem\",\"position\":2,\"name\":\"Shop\",\"item\":\"https:\/\/business.roovi.com\/de\/shop\/\"},{\"@type\":\"ListItem\",\"position\":3,\"name\":\"Planet Erde &#8211; EduScience-Lernspiel\"}]},{\"@type\":\"WebSite\",\"@id\":\"https:\/\/business.roovi.com\/de\/#website\",\"url\":\"https:\/\/business.roovi.com\/de\/\",\"name\":\"Roovi B2B\",\"description\":\"Roovi Business Website\",\"potentialAction\":[{\"@type\":\"SearchAction\",\"target\":{\"@type\":\"EntryPoint\",\"urlTemplate\":\"https:\/\/business.roovi.com\/de\/?s={search_term_string}\"},\"query-input\":\"required name=search_term_string\"}],\"inLanguage\":\"de\"}]}<\/script>\n<!-- \/ Yoast SEO plugin. -->","yoast_head_json":{"title":"Planet Erde - EduScience-Lernspiel - Roovi B2B","robots":{"index":"index","follow":"follow","max-snippet":"max-snippet:-1","max-image-preview":"max-image-preview:large","max-video-preview":"max-video-preview:-1"},"canonical":"https:\/\/business.roovi.com\/de\/planet-erde-eduscience-lernspiel\/p\/","og_locale":"de_DE","og_type":"article","og_title":"Planet Erde - EduScience-Lernspiel - Roovi B2B","og_description":"M\u00f6chtest du wissen, wie Regen und Wind entstehen oder warum Gletscher schmelzen? Und was noch wichtiger ist: Wie wirkt sich","og_url":"https:\/\/business.roovi.com\/de\/planet-erde-eduscience-lernspiel\/p\/","og_site_name":"Roovi B2B","article_publisher":"https:\/\/www.facebook.com\/wwwjucariero","article_modified_time":"2023-04-04T12:45:18+00:00","og_image":[{"width":1200,"height":1200,"url":"https:\/\/business.roovi.com\/wp-content\/uploads\/2022\/11\/1-11-1.jpg","type":"image\/jpeg"}],"twitter_misc":{"Gesch\u00e4tzte Lesezeit":"4\u00a0Minuten"},"schema":{"@context":"https:\/\/schema.org","@graph":[{"@type":"WebPage","@id":"https:\/\/business.roovi.com\/de\/planet-erde-eduscience-lernspiel\/p\/","url":"https:\/\/business.roovi.com\/de\/planet-erde-eduscience-lernspiel\/p\/","name":"Planet Erde - EduScience-Lernspiel - Roovi B2B","isPartOf":{"@id":"https:\/\/business.roovi.com\/de\/#website"},"datePublished":"2022-11-28T14:40:52+00:00","dateModified":"2023-04-04T12:45:18+00:00","breadcrumb":{"@id":"https:\/\/business.roovi.com\/de\/planet-erde-eduscience-lernspiel\/p\/#breadcrumb"},"inLanguage":"de","potentialAction":[{"@type":"ReadAction","target":["https:\/\/business.roovi.com\/de\/planet-erde-eduscience-lernspiel\/p\/"]}]},{"@type":"BreadcrumbList","@id":"https:\/\/business.roovi.com\/de\/planet-erde-eduscience-lernspiel\/p\/#breadcrumb","itemListElement":[{"@type":"ListItem","position":1,"name":"Home","item":"https:\/\/business.roovi.com\/de\/"},{"@type":"ListItem","position":2,"name":"Shop","item":"https:\/\/business.roovi.com\/de\/shop\/"},{"@type":"ListItem","position":3,"name":"Planet Erde &#8211; EduScience-Lernspiel"}]},{"@type":"WebSite","@id":"https:\/\/business.roovi.com\/de\/#website","url":"https:\/\/business.roovi.com\/de\/","name":"Roovi B2B","description":"Roovi Business Website","potentialAction":[{"@type":"SearchAction","target":{"@type":"EntryPoint","urlTemplate":"https:\/\/business.roovi.com\/de\/?s={search_term_string}"},"query-input":"required name=search_term_string"}],"inLanguage":"de"}]}},"_links":{"self":[{"href":"https:\/\/business.roovi.com\/de\/wp-json\/wp\/v2\/product\/61014","targetHints":{"allow":["GET"]}}],"collection":[{"href":"https:\/\/business.roovi.com\/de\/wp-json\/wp\/v2\/product"}],"about":[{"href":"https:\/\/business.roovi.com\/de\/wp-json\/wp\/v2\/types\/product"}],"version-history":[{"count":0,"href":"https:\/\/business.roovi.com\/de\/wp-json\/wp\/v2\/product\/61014\/revisions"}],"wp:featuredmedia":[{"embeddable":true,"href":"https:\/\/business.roovi.com\/de\/wp-json\/wp\/v2\/media\/69492"}],"wp:attachment":[{"href":"https:\/\/business.roovi.com\/de\/wp-json\/wp\/v2\/media?parent=61014"}],"wp:term":[{"taxonomy":"product_brand","embeddable":true,"href":"https:\/\/business.roovi.com\/de\/wp-json\/wp\/v2\/product_brand?post=61014"},{"taxonomy":"product_cat","embeddable":true,"href":"https:\/\/business.roovi.com\/de\/wp-json\/wp\/v2\/product_cat?post=61014"},{"taxonomy":"product_tag","embeddable":true,"href":"https:\/\/business.roovi.com\/de\/wp-json\/wp\/v2\/product_tag?post=61014"}],"curies":[{"name":"wp","href":"https:\/\/api.w.org\/{rel}","templated":true}]}}