{"id":61028,"date":"2022-11-28T14:51:42","date_gmt":"2022-11-28T14:51:42","guid":{"rendered":"https:\/\/business.roovi.com\/?post_type=product&#038;p=61028"},"modified":"2023-03-23T08:53:27","modified_gmt":"2023-03-23T08:53:27","slug":"ich-moechte-programmierer-werden-eduscience-lernspiel","status":"publish","type":"product","link":"https:\/\/business.roovi.com\/de\/ich-moechte-programmierer-werden-eduscience-lernspiel\/p\/","title":{"rendered":"Ich m\u00f6chte Programmierer werden \u2013 EduScience-Lernspiel"},"content":{"rendered":"<p><iframe loading=\"lazy\" title=\"ICH M\u00d6CHTE PROGRAMMIERER WERDEN\" width=\"500\" height=\"281\" src=\"https:\/\/www.youtube.com\/embed\/eexB6VPf1fM?feature=oembed\" frameborder=\"0\" allow=\"accelerometer; autoplay; clipboard-write; encrypted-media; gyroscope; picture-in-picture; web-share\" referrerpolicy=\"strict-origin-when-cross-origin\" allowfullscreen><\/iframe><\/p>\n<h2>Wusstest du, dass man auch ohne Computer programmieren lernen kann? Unterst\u00fctzt \u00a0 Kinder dabei, die Geheimnisse des Programmierens auf intuitive und unterhaltsame Weise zu erlernen, mit \u201cIch m\u00f6chte Programmierer werden\u201d: ein geniales Set, perfekt f\u00fcr kleine Computerfans.<\/h2>\n<p>Grundlagen des Programmierens und Codierens ohne Computer? Ja, das geht! Mit \u201cIch m\u00f6chte Programmierer\u201d werden verstehen Kinder die Informatik leicht und erleben faszinierende Konzepte auch ohne die Hilfe von Erwachsenen.<\/p>\n<p>Du musst kein Experte, kein Mathegenie oder ein Zahlengenie sein. Du musst nur offen sein f\u00fcr Herausforderungen und bereit sein, eine Menge Spa\u00df zu haben!<\/p>\n<h2>Ich m\u00f6chte Programmierer werden: eine geniale Herausforderung f\u00fcr alle, die Informatik lernen wollen<\/h2>\n<p>Hast du Freunde, die glauben, dass sie sich mit Computern auskennen? Beeindrucke\u00a0 alle mit neu erworbenen Programmierkenntnissen. Stelle die coolste bin\u00e4re Halskette her und zeige deinen Freunden, was du wei\u00dft.<\/p>\n<p>Au\u00dferdem kann man mit \u201cIch m\u00f6chte ein Programmierer werden\u201d viele andere spannende Experimente machen:<\/p>\n<ul>\n<li aria-level=\"1\">Sortiere\u00a0 Gegenst\u00e4nde nach Gewicht mit echten Sortieralgorithmen, so wie es Computer jeden Tag tun.<\/li>\n<li aria-level=\"1\">Erstelle\u00a0 ein Verschl\u00fcsselungsger\u00e4t und entdecke\u00a0 die in der Antike verwendete Nachrichtenverschl\u00fcsselung.<\/li>\n<li aria-level=\"1\">Schreibe ein geniales Programm, das einen Freund durch ein Labyrinth f\u00fchrt.<\/li>\n<li aria-level=\"1\">Knacke\u00a0 einen Code, um erstaunliche Pixelbilder zu erstellen.<\/li>\n<\/ul>\n<h2>Ich m\u00f6chte Programmierer werden \u2013 ein faszinierendes MINT-Spiel und innovatives Lehrmittel<\/h2>\n<p>STEM-Spiele (kurz f\u00fcr Science, Technology, Engineering, Maths) legen den Schwerpunkt auf spielerisches Lernen und helfen Kindern, sich von klein auf mit der Wissenschaft auseinanderzusetzen. Ich m\u00f6chte Programmierer werden erf\u00fcllt die h\u00f6chsten Qualit\u00e4ts- und Sicherheitsstandards sowie alle faszinierenden Eigenschaften von STEM-Spielen:<\/p>\n<ul>\n<li aria-level=\"1\">Es f\u00f6rdert und unterst\u00fctzt die Entwicklung des logischen und strategischen Denkens.<\/li>\n<li aria-level=\"1\">F\u00f6rdert die Vorstellungskraft und das kreative Denken.<\/li>\n<li aria-level=\"1\">Verbessert Konzentration und Koordination<\/li>\n<li aria-level=\"1\">F\u00f6rdert die Kommunikation, die Entwicklung sozialer Kompetenzen und die Teamarbeit.<\/li>\n<li aria-level=\"1\">Hilft Kindern, sich mit neuen Konzepten und Begriffen in der Informatik vertraut zu machen und gleichzeitig den Wortschatz zu erweitern.<\/li>\n<li aria-level=\"1\">Au\u00dferdem macht es gro\u00dfen Spa\u00df und ist die perfekte Gelegenheit, um mit Kindern in Kontakt zu treten und gemeinsam viel Spa\u00df zu haben.<\/li>\n<\/ul>\n<p>\u201cIch m\u00f6chte Programmierer werden\u201d kann auch ein hervorragendes Lehrmittel sein, das Lehrerinnen und Lehrer erfolgreich im Informatik-, Mathematik- oder Naturwissenschaftsunterricht einsetzen k\u00f6nnen. Das Set macht den Unterricht zu einer dynamischen und interessanten Aktivit\u00e4t, die die Kinder fesselt und ihr Interesse an Wissen weckt.<\/p>\n<h2>Wusstest du, dass\u2026<\/h2>\n<ul>\n<li aria-level=\"1\">Der Abakus gilt als der Vorl\u00e4ufer des Computers. Es handelt sich um ein uraltes Rechenger\u00e4t, das 3000 v. Chr. von alten Zivilisationen erfunden und verwendet wurde.<\/li>\n<li aria-level=\"1\">Der erste programmierbare Digitalrechner \u2013 ENIAC (Electronic Numerical Integrator and Computer) \u2013 wurde 1945 entwickelt und wog 27 Tonnen!<\/li>\n<li aria-level=\"1\">Die erste Maus stammt aus dem Jahr 1964 und hatte ein Holzgeh\u00e4use.<\/li>\n<li aria-level=\"1\">Physisches Geld macht etwa 10 % des weltweiten Bargelds aus, w\u00e4hrend der Rest auf Computern gespeichert ist.<\/li>\n<li aria-level=\"1\">Es wird gesch\u00e4tzt, dass der ILOVEYOU-Virus der gef\u00e4hrlichste Computer-\u201cWurm\u201d war, der jemals entwickelt wurde und einen Schaden von \u00fcber 8 Milliarden Dollar verursachte.<\/li>\n<\/ul>\n<p>Ganz gleich, ob du\u00a0 ein Lernspiel f\u00fcr dein Kind, ein interessantes und spannendes Geschenk f\u00fcr einen angehenden kleinen Programmierer oder mehr Spa\u00df und Abwechslung mit den\u00a0 Liebsten suchst, das Kit\u00a0<b>Ich m\u00f6chte Programmierer werden<\/b>\u00a0ist mit Sicherheit die richtige Wahl.<\/p>\n<p>Haben Sie es herausgefunden? ROOVI hat 4 weitere faszinierende Kits aus der EduScience-Reihe vorbereitet! Legen Sie\u00a0<b><a href=\"https:\/\/business.roovi.com\/de\/planet-erde-eduscience-lernspiel\/p\/\">Planet Erde<\/a>,\u00a0<a href=\"https:\/\/business.roovi.com\/de\/ich-moechte-detektiv-werden-eduscience-lernspiel\/p\/\">Ich m\u00f6chte Detektiv werden<\/a>,\u00a0<a href=\"https:\/\/business.roovi.com\/de\/corpul-uman-joc-educativ-eduscience\/p\/\">Wie der menschliche K\u00f6rper funktioniert<\/a><\/b>\u00a0und\u00a0<a href=\"https:\/\/business.roovi.com\/de\/regenbogen-lavavulkan-eduscience-lernspiel\/p\/\"><b>Regenbogen-Lavavulkan<\/b><\/a>\u00a0in Ihren Einkaufskorb und schenken Sie Ihrem Kind eine fabelhafte Lernsammlung.<\/p>\n","protected":false},"excerpt":{"rendered":"<p>Wusstest du, dass man auch ohne Computer programmieren lernen kann? Unterst\u00fctzt \u00a0 Kinder dabei, die Geheimnisse des Programmierens auf intuitive<\/p>\n","protected":false},"featured_media":61029,"template":"","meta":[],"product_brand":[],"product_cat":[2006,1896,1898],"product_tag":[],"class_list":{"0":"post-61028","1":"product","2":"type-product","3":"status-publish","4":"has-post-thumbnail","6":"product_cat-lernspiele","7":"product_cat-padagogische-und-wissenschaftliche-spiele","8":"product_cat-wissenschaftliche-spiele","10":"first","11":"onbackorder","12":"taxable","13":"shipping-taxable","14":"product-type-simple"},"yoast_head":"<!-- This site is optimized with the Yoast SEO plugin v20.1 - https:\/\/yoast.com\/wordpress\/plugins\/seo\/ -->\n<title>Ich m\u00f6chte Programmierer werden \u2013 EduScience-Lernspiel - Roovi B2B<\/title>\n<meta name=\"robots\" content=\"index, follow, max-snippet:-1, max-image-preview:large, max-video-preview:-1\" \/>\n<link rel=\"canonical\" href=\"https:\/\/business.roovi.com\/de\/ich-moechte-programmierer-werden-eduscience-lernspiel\/p\/\" \/>\n<meta property=\"og:locale\" content=\"de_DE\" \/>\n<meta property=\"og:type\" content=\"article\" \/>\n<meta property=\"og:title\" content=\"Ich m\u00f6chte Programmierer werden \u2013 EduScience-Lernspiel - Roovi B2B\" \/>\n<meta property=\"og:description\" content=\"Wusstest du, dass man auch ohne Computer programmieren lernen kann? Unterst\u00fctzt \u00a0 Kinder dabei, die Geheimnisse des Programmierens auf intuitive\" \/>\n<meta property=\"og:url\" content=\"https:\/\/business.roovi.com\/de\/ich-moechte-programmierer-werden-eduscience-lernspiel\/p\/\" \/>\n<meta property=\"og:site_name\" content=\"Roovi B2B\" \/>\n<meta property=\"article:publisher\" content=\"https:\/\/www.facebook.com\/wwwjucariero\" \/>\n<meta property=\"article:modified_time\" content=\"2023-03-23T08:53:27+00:00\" \/>\n<meta property=\"og:image\" content=\"https:\/\/business.roovi.com\/wp-content\/uploads\/2022\/11\/xDE_FLATTEN_VREAU-SA-FIU-PROGRAMATOR_box-30-x-30-x-5_mockup-800x800.jpg.pagespeed.ic_.X9OlVLSxX2.webp\" \/>\n\t<meta property=\"og:image:width\" content=\"800\" \/>\n\t<meta property=\"og:image:height\" content=\"800\" \/>\n\t<meta property=\"og:image:type\" content=\"image\/webp\" \/>\n<meta name=\"twitter:label1\" content=\"Gesch\u00e4tzte Lesezeit\" \/>\n\t<meta name=\"twitter:data1\" content=\"3\u00a0Minuten\" \/>\n<script type=\"application\/ld+json\" class=\"yoast-schema-graph\">{\"@context\":\"https:\/\/schema.org\",\"@graph\":[{\"@type\":\"WebPage\",\"@id\":\"https:\/\/business.roovi.com\/de\/ich-moechte-programmierer-werden-eduscience-lernspiel\/p\/\",\"url\":\"https:\/\/business.roovi.com\/de\/ich-moechte-programmierer-werden-eduscience-lernspiel\/p\/\",\"name\":\"Ich m\u00f6chte Programmierer werden \u2013 EduScience-Lernspiel - Roovi B2B\",\"isPartOf\":{\"@id\":\"https:\/\/business.roovi.com\/de\/#website\"},\"datePublished\":\"2022-11-28T14:51:42+00:00\",\"dateModified\":\"2023-03-23T08:53:27+00:00\",\"breadcrumb\":{\"@id\":\"https:\/\/business.roovi.com\/de\/ich-moechte-programmierer-werden-eduscience-lernspiel\/p\/#breadcrumb\"},\"inLanguage\":\"de\",\"potentialAction\":[{\"@type\":\"ReadAction\",\"target\":[\"https:\/\/business.roovi.com\/de\/ich-moechte-programmierer-werden-eduscience-lernspiel\/p\/\"]}]},{\"@type\":\"BreadcrumbList\",\"@id\":\"https:\/\/business.roovi.com\/de\/ich-moechte-programmierer-werden-eduscience-lernspiel\/p\/#breadcrumb\",\"itemListElement\":[{\"@type\":\"ListItem\",\"position\":1,\"name\":\"Home\",\"item\":\"https:\/\/business.roovi.com\/de\/\"},{\"@type\":\"ListItem\",\"position\":2,\"name\":\"Shop\",\"item\":\"https:\/\/business.roovi.com\/de\/shop\/\"},{\"@type\":\"ListItem\",\"position\":3,\"name\":\"Ich m\u00f6chte Programmierer werden \u2013 EduScience-Lernspiel\"}]},{\"@type\":\"WebSite\",\"@id\":\"https:\/\/business.roovi.com\/de\/#website\",\"url\":\"https:\/\/business.roovi.com\/de\/\",\"name\":\"Roovi B2B\",\"description\":\"Roovi Business Website\",\"potentialAction\":[{\"@type\":\"SearchAction\",\"target\":{\"@type\":\"EntryPoint\",\"urlTemplate\":\"https:\/\/business.roovi.com\/de\/?s={search_term_string}\"},\"query-input\":\"required name=search_term_string\"}],\"inLanguage\":\"de\"}]}<\/script>\n<!-- \/ Yoast SEO plugin. -->","yoast_head_json":{"title":"Ich m\u00f6chte Programmierer werden \u2013 EduScience-Lernspiel - Roovi B2B","robots":{"index":"index","follow":"follow","max-snippet":"max-snippet:-1","max-image-preview":"max-image-preview:large","max-video-preview":"max-video-preview:-1"},"canonical":"https:\/\/business.roovi.com\/de\/ich-moechte-programmierer-werden-eduscience-lernspiel\/p\/","og_locale":"de_DE","og_type":"article","og_title":"Ich m\u00f6chte Programmierer werden \u2013 EduScience-Lernspiel - Roovi B2B","og_description":"Wusstest du, dass man auch ohne Computer programmieren lernen kann? Unterst\u00fctzt \u00a0 Kinder dabei, die Geheimnisse des Programmierens auf intuitive","og_url":"https:\/\/business.roovi.com\/de\/ich-moechte-programmierer-werden-eduscience-lernspiel\/p\/","og_site_name":"Roovi B2B","article_publisher":"https:\/\/www.facebook.com\/wwwjucariero","article_modified_time":"2023-03-23T08:53:27+00:00","og_image":[{"width":800,"height":800,"url":"https:\/\/business.roovi.com\/wp-content\/uploads\/2022\/11\/xDE_FLATTEN_VREAU-SA-FIU-PROGRAMATOR_box-30-x-30-x-5_mockup-800x800.jpg.pagespeed.ic_.X9OlVLSxX2.webp","type":"image\/webp"}],"twitter_misc":{"Gesch\u00e4tzte Lesezeit":"3\u00a0Minuten"},"schema":{"@context":"https:\/\/schema.org","@graph":[{"@type":"WebPage","@id":"https:\/\/business.roovi.com\/de\/ich-moechte-programmierer-werden-eduscience-lernspiel\/p\/","url":"https:\/\/business.roovi.com\/de\/ich-moechte-programmierer-werden-eduscience-lernspiel\/p\/","name":"Ich m\u00f6chte Programmierer werden \u2013 EduScience-Lernspiel - Roovi B2B","isPartOf":{"@id":"https:\/\/business.roovi.com\/de\/#website"},"datePublished":"2022-11-28T14:51:42+00:00","dateModified":"2023-03-23T08:53:27+00:00","breadcrumb":{"@id":"https:\/\/business.roovi.com\/de\/ich-moechte-programmierer-werden-eduscience-lernspiel\/p\/#breadcrumb"},"inLanguage":"de","potentialAction":[{"@type":"ReadAction","target":["https:\/\/business.roovi.com\/de\/ich-moechte-programmierer-werden-eduscience-lernspiel\/p\/"]}]},{"@type":"BreadcrumbList","@id":"https:\/\/business.roovi.com\/de\/ich-moechte-programmierer-werden-eduscience-lernspiel\/p\/#breadcrumb","itemListElement":[{"@type":"ListItem","position":1,"name":"Home","item":"https:\/\/business.roovi.com\/de\/"},{"@type":"ListItem","position":2,"name":"Shop","item":"https:\/\/business.roovi.com\/de\/shop\/"},{"@type":"ListItem","position":3,"name":"Ich m\u00f6chte Programmierer werden \u2013 EduScience-Lernspiel"}]},{"@type":"WebSite","@id":"https:\/\/business.roovi.com\/de\/#website","url":"https:\/\/business.roovi.com\/de\/","name":"Roovi B2B","description":"Roovi Business Website","potentialAction":[{"@type":"SearchAction","target":{"@type":"EntryPoint","urlTemplate":"https:\/\/business.roovi.com\/de\/?s={search_term_string}"},"query-input":"required name=search_term_string"}],"inLanguage":"de"}]}},"_links":{"self":[{"href":"https:\/\/business.roovi.com\/de\/wp-json\/wp\/v2\/product\/61028","targetHints":{"allow":["GET"]}}],"collection":[{"href":"https:\/\/business.roovi.com\/de\/wp-json\/wp\/v2\/product"}],"about":[{"href":"https:\/\/business.roovi.com\/de\/wp-json\/wp\/v2\/types\/product"}],"version-history":[{"count":0,"href":"https:\/\/business.roovi.com\/de\/wp-json\/wp\/v2\/product\/61028\/revisions"}],"wp:featuredmedia":[{"embeddable":true,"href":"https:\/\/business.roovi.com\/de\/wp-json\/wp\/v2\/media\/61029"}],"wp:attachment":[{"href":"https:\/\/business.roovi.com\/de\/wp-json\/wp\/v2\/media?parent=61028"}],"wp:term":[{"taxonomy":"product_brand","embeddable":true,"href":"https:\/\/business.roovi.com\/de\/wp-json\/wp\/v2\/product_brand?post=61028"},{"taxonomy":"product_cat","embeddable":true,"href":"https:\/\/business.roovi.com\/de\/wp-json\/wp\/v2\/product_cat?post=61028"},{"taxonomy":"product_tag","embeddable":true,"href":"https:\/\/business.roovi.com\/de\/wp-json\/wp\/v2\/product_tag?post=61028"}],"curies":[{"name":"wp","href":"https:\/\/api.w.org\/{rel}","templated":true}]}}