{"id":61045,"date":"2022-11-28T15:04:30","date_gmt":"2022-11-28T15:04:30","guid":{"rendered":"https:\/\/business.roovi.com\/?post_type=product&#038;p=61045"},"modified":"2023-03-23T08:51:51","modified_gmt":"2023-03-23T08:51:51","slug":"ich-moechte-detektiv-werden-eduscience-lernspiel","status":"publish","type":"product","link":"https:\/\/business.roovi.com\/de\/ich-moechte-detektiv-werden-eduscience-lernspiel\/p\/","title":{"rendered":"Ich m\u00f6chte Detektiv werden \u2013 EduScience-Lernspiel"},"content":{"rendered":"<p><iframe loading=\"lazy\" title=\"ICH M\u00d6CHTE EIN DETEKTIV SEIN\" width=\"500\" height=\"281\" src=\"https:\/\/www.youtube.com\/embed\/btjx1WesrLU?feature=oembed\" frameborder=\"0\" allow=\"accelerometer; autoplay; clipboard-write; encrypted-media; gyroscope; picture-in-picture; web-share\" referrerpolicy=\"strict-origin-when-cross-origin\" allowfullscreen><\/iframe><\/p>\n<h2>Bist du von der Detektivarbeit fasziniert? M\u00f6chtest du wissen, welche Techniken sie anwenden, um Kriminelle zu fangen? Erforsche echte Ermittlungsmethoden und l\u00f6se F\u00e4lle wie ein Profi mit dem Superbausatz \u201cIch m\u00f6chte Detektiv werden!\u201d<\/h2>\n<p>Mach dich bereit f\u00fcr die besten Erfahrungen deines Lebens! Richte\u00a0 einen Ort ein, an dem du\u00a0 ein kleines Ermittlungslabor bauen\u00a0 und die spannendsten F\u00e4lle wie ein echter Detektiv bearbeiten kannst .<\/p>\n<p>Das Set \u201cIch m\u00f6chte Detektiv werden\u201d eignet sich hervorragend f\u00fcr kreative Experimente und zum Erlernen interessanter Konzepte \u00fcber Ermittlungstechniken, die von Profis eingesetzt werden. Mit \u201cIch m\u00f6chte Detektiv werden\u201d hast du die M\u00f6glichkeit zu lernen:<\/p>\n<ul>\n<li>Wie man Beweise am Tatort sichert<\/li>\n<li>Wie man DNA-Beweise analysiert<\/li>\n<li>Wie man Fasern und sogar Gifte analysiert<\/li>\n<li>Wie man versteckte Nachrichten von Kriminellen findet<\/li>\n<li>Was Chromatografie ist und wie sie Detektiven bei ihrer Arbeit hilft.<\/li>\n<\/ul>\n<h2>Ich m\u00f6chte Detektiv werden: eine super spannende Herausforderung f\u00fcr Eltern und Kinder<\/h2>\n<p>Wir wissen, wie schwer es ist, Kinder von Bildschirmen fernzuhalten und ihnen eine Alternative zu bieten, die sie mehr fesselt als ein Computerspiel. Bei \u201cIch m\u00f6chte Detektiv werden\u201d schl\u00fcpfen die Kinder schnell in die Rolle des Ermittlers und arbeiten mit Begeisterung an der L\u00f6sung des Falles. Jeder Hinweis, der sie der L\u00f6sung des Falles n\u00e4her bringt, gibt ihnen Zuversicht und hilft ihnen, die Verbrecher schnell zu entlarven.<\/p>\n<p>\u201cIch m\u00f6chte Detektiv werden\u201d ist auch ein gro\u00dfartiger Spa\u00df f\u00fcr Eltern, die Zeit mit ihren Kindern verbringen und sich mit ihnen austauschen m\u00f6chten. Es ist eine gro\u00dfartige Gelegenheit, mit Kindern in ihren eigenen Worten \u00fcber den Untersuchungsprozess zu sprechen.<\/p>\n<p><b>Warum wird der Boden an einem Tatort untersucht? Wie werden Schuhabdr\u00fccke genommen? Und was noch wichtiger ist: Wie hilft die DNA den Experten, Verbrecher schnell zu fassen?<\/b><\/p>\n<p>Experimentiere mit\u00a0<b>Ich m\u00f6chte Detektiv werden\u00a0<\/b>und finde\u00a0 die Antworten auf all diese Fragen sowie viele andere faszinierende Fakten \u00fcber die Detektivarbeit heraus.<\/p>\n<h2>Ich m\u00f6chte Detektiv werden \u2013 ein faszinierendes STEM-Spiel und innovatives Lehrmittel<\/h2>\n<p>STEM-Spiele (kurz f\u00fcr Science, Technology, Engineering, Maths) legen den Schwerpunkt auf spielerisches Lernen und helfen Kindern, sich von klein auf mit der Wissenschaft auseinanderzusetzen.\u00a0<b>Ich m\u00f6chte Detektiv werden<\/b>\u00a0erf\u00fcllt die h\u00f6chsten Qualit\u00e4ts- und Sicherheitsstandards sowie alle faszinierenden Eigenschaften von STEM-Spielen:<\/p>\n<ul>\n<li>Es f\u00f6rdert und unterst\u00fctzt die Entwicklung des logischen und strategischen Denkens.<\/li>\n<li>F\u00f6rdert die Vorstellungskraft und das kreative Denken.<\/li>\n<li>Verbessert Konzentration und Koordination<\/li>\n<li>F\u00f6rdert die Kommunikation, die Entwicklung sozialer Kompetenzen und die Teamarbeit.<\/li>\n<li>Hilft Kindern, sich mit neuen Konzepten und Begriffen vertraut zu machen, und f\u00f6rdert gleichzeitig die Entwicklung des Wortschatzes.<\/li>\n<li>Au\u00dferdem macht es gro\u00dfen Spa\u00df und ist die perfekte Gelegenheit, um mit Kindern\u00a0 in Kontakt zu treten und gemeinsam viel Spa\u00df zu haben.<\/li>\n<\/ul>\n<p><b>Ich m\u00f6chte Detektiv werden<\/b>\u00a0kann auch ein gro\u00dfartiges Lehrmittel sein, das Lehrerinnen und Lehrer erfolgreich im naturwissenschaftlichen Unterricht einsetzen k\u00f6nnen. Mit dem Set wird der Unterricht zu einer dynamischen und spannenden Aktivit\u00e4t, die Kinder lieben werden.<\/p>\n<p>Die Kleinen k\u00f6nnen in Gruppen arbeiten und werden fasziniert sein, Hinweise auf die untersuchten F\u00e4lle zu entdecken:<\/p>\n<ul>\n<li>Fingerabdrucknahme und Blutgruppenbestimmung.<\/li>\n<li>Analyse von Fasern in Materialien und Haaren.<\/li>\n<li>Gie\u00dfen von Schuhabdr\u00fccken.<\/li>\n<li>Vergleich von DNA-Proben.<\/li>\n<li>Identifizierung von Fl\u00fcssigkeiten aus identischen Beh\u00e4ltern.<\/li>\n<\/ul>\n<p>Anhand der Experimente mit den Kindern kann die Lehrkraft auch erkl\u00e4ren, warum Beweise bei der Verfolgung von Verbrechern so wertvoll sind, warum Tatorte von der \u00d6ffentlichkeit abgeschirmt werden oder warum Detektive viele Beweise sammeln m\u00fcssen, um Verbrecher zu \u00fcberf\u00fchren.<\/p>\n<h2>Wusstest du, dass\u2026<\/h2>\n<ul>\n<li>Fingerabdr\u00fccke sind einzigartig, keine zwei Menschen auf diesem Planeten haben identische Fingerabdr\u00fccke.<\/li>\n<li>Es gibt Menschen, die keine Fingerabdr\u00fccke haben. Diese St\u00f6rung wird Adermatoglyphie genannt, ist sehr selten und wird durch eine genetische Mutation verursacht.<\/li>\n<li>99 % der menschlichen DNA \u00e4hnelt der von Schimpansen und Gorillas, und 99,9 % unserer DNA-Sequenz ist mit der anderer Menschen identisch.<\/li>\n<li>Der Internationale Tag der DNA ist der\u00a0 25. April. Dieser Tag erinnert an die Entdeckung der doppelstr\u00e4ngigen DNA-Struktur, die 1953 von medizinischen Teams unter der Leitung der Wissenschaftler James Watson und Francis Crick beschrieben wurde.<\/li>\n<\/ul>\n<p>Ganz gleich, ob du\u00a0 ein Lernspiel f\u00fcr Kinder, ein spannendes und aufregendes Geschenk f\u00fcr einen jungen Entdecker oder einfach nur mehr Spa\u00df und Abwechslung mit den Liebsten suchst, das Set\u00a0<b>Ich m\u00f6chte Detektiv werden<\/b>\u00a0ist die richtige Wahl.<\/p>\n<p>Hast du\u00a0 es herausgefunden? ROOVI hat 4 weitere faszinierende Kits aus der EduScience-Reihe vorbereitet! Lege <b><a href=\"https:\/\/business.roovi.com\/de\/planet-erde-eduscience-lernspiel\/p\/\">Planet Erde<\/a>,\u00a0<a href=\"https:\/\/business.roovi.com\/de\/ich-moechte-programmierer-werden-eduscience-lernspiel\/p\/\">Ich m\u00f6chte Programmierer werden<\/a>,\u00a0<a href=\"https:\/\/business.roovi.com\/de\/corpul-uman-joc-educativ-eduscience\/p\/\">Wie der menschliche K\u00f6rper funktioniert<\/a><\/b>\u00a0und\u00a0<a href=\"https:\/\/business.roovi.com\/de\/regenbogen-lavavulkan-eduscience-lernspiel\/p\/\"><b>Regenbogen-Lavavulkan<\/b><\/a>\u00a0in den\u00a0 Einkaufskorb und schenke deinem\u00a0 Kind eine fabelhafte Lernsammlung.<\/p>\n","protected":false},"excerpt":{"rendered":"<p>Bist du von der Detektivarbeit fasziniert? M\u00f6chtest du wissen, welche Techniken sie anwenden, um Kriminelle zu fangen? Erforsche echte Ermittlungsmethoden<\/p>\n","protected":false},"featured_media":61046,"template":"","meta":[],"product_brand":[],"product_cat":[2006,1896,1898],"product_tag":[],"class_list":{"0":"post-61045","1":"product","2":"type-product","3":"status-publish","4":"has-post-thumbnail","6":"product_cat-lernspiele","7":"product_cat-padagogische-und-wissenschaftliche-spiele","8":"product_cat-wissenschaftliche-spiele","10":"first","11":"onbackorder","12":"taxable","13":"shipping-taxable","14":"product-type-simple"},"yoast_head":"<!-- This site is optimized with the Yoast SEO plugin v20.1 - https:\/\/yoast.com\/wordpress\/plugins\/seo\/ -->\n<title>Ich m\u00f6chte Detektiv werden \u2013 EduScience-Lernspiel - Roovi B2B<\/title>\n<meta name=\"robots\" content=\"index, follow, max-snippet:-1, max-image-preview:large, max-video-preview:-1\" \/>\n<link rel=\"canonical\" href=\"https:\/\/business.roovi.com\/de\/ich-moechte-detektiv-werden-eduscience-lernspiel\/p\/\" \/>\n<meta property=\"og:locale\" content=\"de_DE\" \/>\n<meta property=\"og:type\" content=\"article\" \/>\n<meta property=\"og:title\" content=\"Ich m\u00f6chte Detektiv werden \u2013 EduScience-Lernspiel - Roovi B2B\" \/>\n<meta property=\"og:description\" content=\"Bist du von der Detektivarbeit fasziniert? M\u00f6chtest du wissen, welche Techniken sie anwenden, um Kriminelle zu fangen? Erforsche echte Ermittlungsmethoden\" \/>\n<meta property=\"og:url\" content=\"https:\/\/business.roovi.com\/de\/ich-moechte-detektiv-werden-eduscience-lernspiel\/p\/\" \/>\n<meta property=\"og:site_name\" content=\"Roovi B2B\" \/>\n<meta property=\"article:publisher\" content=\"https:\/\/www.facebook.com\/wwwjucariero\" \/>\n<meta property=\"article:modified_time\" content=\"2023-03-23T08:51:51+00:00\" \/>\n<meta property=\"og:image\" content=\"https:\/\/business.roovi.com\/wp-content\/uploads\/2022\/11\/xVREAU-SA-FIU-DETECTIVx-30-x-30-x-9_DE_mockup-800x800.jpg.pagespeed.ic_.8h-4T2OkSK.webp\" \/>\n\t<meta property=\"og:image:width\" content=\"800\" \/>\n\t<meta property=\"og:image:height\" content=\"800\" \/>\n\t<meta property=\"og:image:type\" content=\"image\/webp\" \/>\n<meta name=\"twitter:label1\" content=\"Gesch\u00e4tzte Lesezeit\" \/>\n\t<meta name=\"twitter:data1\" content=\"4\u00a0Minuten\" \/>\n<script type=\"application\/ld+json\" class=\"yoast-schema-graph\">{\"@context\":\"https:\/\/schema.org\",\"@graph\":[{\"@type\":\"WebPage\",\"@id\":\"https:\/\/business.roovi.com\/de\/ich-moechte-detektiv-werden-eduscience-lernspiel\/p\/\",\"url\":\"https:\/\/business.roovi.com\/de\/ich-moechte-detektiv-werden-eduscience-lernspiel\/p\/\",\"name\":\"Ich m\u00f6chte Detektiv werden \u2013 EduScience-Lernspiel - Roovi B2B\",\"isPartOf\":{\"@id\":\"https:\/\/business.roovi.com\/de\/#website\"},\"datePublished\":\"2022-11-28T15:04:30+00:00\",\"dateModified\":\"2023-03-23T08:51:51+00:00\",\"breadcrumb\":{\"@id\":\"https:\/\/business.roovi.com\/de\/ich-moechte-detektiv-werden-eduscience-lernspiel\/p\/#breadcrumb\"},\"inLanguage\":\"de\",\"potentialAction\":[{\"@type\":\"ReadAction\",\"target\":[\"https:\/\/business.roovi.com\/de\/ich-moechte-detektiv-werden-eduscience-lernspiel\/p\/\"]}]},{\"@type\":\"BreadcrumbList\",\"@id\":\"https:\/\/business.roovi.com\/de\/ich-moechte-detektiv-werden-eduscience-lernspiel\/p\/#breadcrumb\",\"itemListElement\":[{\"@type\":\"ListItem\",\"position\":1,\"name\":\"Home\",\"item\":\"https:\/\/business.roovi.com\/de\/\"},{\"@type\":\"ListItem\",\"position\":2,\"name\":\"Shop\",\"item\":\"https:\/\/business.roovi.com\/de\/shop\/\"},{\"@type\":\"ListItem\",\"position\":3,\"name\":\"Ich m\u00f6chte Detektiv werden \u2013 EduScience-Lernspiel\"}]},{\"@type\":\"WebSite\",\"@id\":\"https:\/\/business.roovi.com\/de\/#website\",\"url\":\"https:\/\/business.roovi.com\/de\/\",\"name\":\"Roovi B2B\",\"description\":\"Roovi Business Website\",\"potentialAction\":[{\"@type\":\"SearchAction\",\"target\":{\"@type\":\"EntryPoint\",\"urlTemplate\":\"https:\/\/business.roovi.com\/de\/?s={search_term_string}\"},\"query-input\":\"required name=search_term_string\"}],\"inLanguage\":\"de\"}]}<\/script>\n<!-- \/ Yoast SEO plugin. -->","yoast_head_json":{"title":"Ich m\u00f6chte Detektiv werden \u2013 EduScience-Lernspiel - Roovi B2B","robots":{"index":"index","follow":"follow","max-snippet":"max-snippet:-1","max-image-preview":"max-image-preview:large","max-video-preview":"max-video-preview:-1"},"canonical":"https:\/\/business.roovi.com\/de\/ich-moechte-detektiv-werden-eduscience-lernspiel\/p\/","og_locale":"de_DE","og_type":"article","og_title":"Ich m\u00f6chte Detektiv werden \u2013 EduScience-Lernspiel - Roovi B2B","og_description":"Bist du von der Detektivarbeit fasziniert? M\u00f6chtest du wissen, welche Techniken sie anwenden, um Kriminelle zu fangen? Erforsche echte Ermittlungsmethoden","og_url":"https:\/\/business.roovi.com\/de\/ich-moechte-detektiv-werden-eduscience-lernspiel\/p\/","og_site_name":"Roovi B2B","article_publisher":"https:\/\/www.facebook.com\/wwwjucariero","article_modified_time":"2023-03-23T08:51:51+00:00","og_image":[{"width":800,"height":800,"url":"https:\/\/business.roovi.com\/wp-content\/uploads\/2022\/11\/xVREAU-SA-FIU-DETECTIVx-30-x-30-x-9_DE_mockup-800x800.jpg.pagespeed.ic_.8h-4T2OkSK.webp","type":"image\/webp"}],"twitter_misc":{"Gesch\u00e4tzte Lesezeit":"4\u00a0Minuten"},"schema":{"@context":"https:\/\/schema.org","@graph":[{"@type":"WebPage","@id":"https:\/\/business.roovi.com\/de\/ich-moechte-detektiv-werden-eduscience-lernspiel\/p\/","url":"https:\/\/business.roovi.com\/de\/ich-moechte-detektiv-werden-eduscience-lernspiel\/p\/","name":"Ich m\u00f6chte Detektiv werden \u2013 EduScience-Lernspiel - Roovi B2B","isPartOf":{"@id":"https:\/\/business.roovi.com\/de\/#website"},"datePublished":"2022-11-28T15:04:30+00:00","dateModified":"2023-03-23T08:51:51+00:00","breadcrumb":{"@id":"https:\/\/business.roovi.com\/de\/ich-moechte-detektiv-werden-eduscience-lernspiel\/p\/#breadcrumb"},"inLanguage":"de","potentialAction":[{"@type":"ReadAction","target":["https:\/\/business.roovi.com\/de\/ich-moechte-detektiv-werden-eduscience-lernspiel\/p\/"]}]},{"@type":"BreadcrumbList","@id":"https:\/\/business.roovi.com\/de\/ich-moechte-detektiv-werden-eduscience-lernspiel\/p\/#breadcrumb","itemListElement":[{"@type":"ListItem","position":1,"name":"Home","item":"https:\/\/business.roovi.com\/de\/"},{"@type":"ListItem","position":2,"name":"Shop","item":"https:\/\/business.roovi.com\/de\/shop\/"},{"@type":"ListItem","position":3,"name":"Ich m\u00f6chte Detektiv werden \u2013 EduScience-Lernspiel"}]},{"@type":"WebSite","@id":"https:\/\/business.roovi.com\/de\/#website","url":"https:\/\/business.roovi.com\/de\/","name":"Roovi B2B","description":"Roovi Business Website","potentialAction":[{"@type":"SearchAction","target":{"@type":"EntryPoint","urlTemplate":"https:\/\/business.roovi.com\/de\/?s={search_term_string}"},"query-input":"required name=search_term_string"}],"inLanguage":"de"}]}},"_links":{"self":[{"href":"https:\/\/business.roovi.com\/de\/wp-json\/wp\/v2\/product\/61045","targetHints":{"allow":["GET"]}}],"collection":[{"href":"https:\/\/business.roovi.com\/de\/wp-json\/wp\/v2\/product"}],"about":[{"href":"https:\/\/business.roovi.com\/de\/wp-json\/wp\/v2\/types\/product"}],"version-history":[{"count":0,"href":"https:\/\/business.roovi.com\/de\/wp-json\/wp\/v2\/product\/61045\/revisions"}],"wp:featuredmedia":[{"embeddable":true,"href":"https:\/\/business.roovi.com\/de\/wp-json\/wp\/v2\/media\/61046"}],"wp:attachment":[{"href":"https:\/\/business.roovi.com\/de\/wp-json\/wp\/v2\/media?parent=61045"}],"wp:term":[{"taxonomy":"product_brand","embeddable":true,"href":"https:\/\/business.roovi.com\/de\/wp-json\/wp\/v2\/product_brand?post=61045"},{"taxonomy":"product_cat","embeddable":true,"href":"https:\/\/business.roovi.com\/de\/wp-json\/wp\/v2\/product_cat?post=61045"},{"taxonomy":"product_tag","embeddable":true,"href":"https:\/\/business.roovi.com\/de\/wp-json\/wp\/v2\/product_tag?post=61045"}],"curies":[{"name":"wp","href":"https:\/\/api.w.org\/{rel}","templated":true}]}}