{"id":61065,"date":"2022-11-28T15:38:03","date_gmt":"2022-11-28T15:38:03","guid":{"rendered":"https:\/\/business.roovi.com\/?post_type=product&#038;p=61065"},"modified":"2023-03-23T08:49:05","modified_gmt":"2023-03-23T08:49:05","slug":"regenbogen-lavavulkan-eduscience-lernspiel","status":"publish","type":"product","link":"https:\/\/business.roovi.com\/de\/regenbogen-lavavulkan-eduscience-lernspiel\/p\/","title":{"rendered":"Regenbogen-Lavavulkan \u2013 EduScience-Lernspiel"},"content":{"rendered":"<p><iframe loading=\"lazy\" title=\"REGENBOGEN LAVAVULKAN\" width=\"500\" height=\"281\" src=\"https:\/\/www.youtube.com\/embed\/58rSP86zU9c?feature=oembed\" frameborder=\"0\" allow=\"accelerometer; autoplay; clipboard-write; encrypted-media; gyroscope; picture-in-picture; web-share\" referrerpolicy=\"strict-origin-when-cross-origin\" allowfullscreen><\/iframe><\/p>\n<h2>Wie h\u00e4lt man Kinder von Bildschirmen fern? Gibt es eine\u00a0lustige und lehrreiche Alternative? Entscheide dich\u00a0 f\u00fcr das Regenbogen-Lavavulkan-Set und baut\u00a0 gemeinsam eine faszinierende und erstaunlich realistische Vulkaninsel.<\/h2>\n<p>Bereite dich darauf vor, einen Platz in der K\u00fcche in ein kleines wissenschaftliches Labor zu verwandeln! Das Regenbogen-Lava-Vulkan-Set nutzt Chemie und Physik, um Geologie und Kunst gleichzeitig zu erforschen.<\/p>\n<p>Das Set enth\u00e4lt ein wiederverwendbares Modell einer Vulkaninsel, so dass die kreative Erfahrung wiederholt werden kann, wann immer die\u00a0 Kinder die Welt der Vulkane erkunden m\u00f6chten. Die Vulkaninsel verf\u00fcgt \u00fcber\u00a0<b>4 Krater<\/b>\u00a0und\u00a0<b>11 Kessel\u00a0<\/b>, die atemberaubende farbige visuelle Effekte und realistische Lavastr\u00f6me erzeugen, die im Dunkeln leuchten.<\/p>\n<h2>Regenbogen-Lavavulkan \u2013 ein kreatives Spiel und eine super spannende wissenschaftliche Herausforderung<\/h2>\n<p>Bist du neugierig, was du mit den Utensilien und Kreationen aus dem Regenbogen-Lavavulkan-Set noch alles machen kannst? Hier sind nur einige der bezaubernden und farbenfrohen Wunder, die du\u00a0 kreieren kannst:<\/p>\n<ul>\n<li>4 m\u00e4rchenhafte Vulkane, die bis ins kleinste Detail der Wirklichkeit nachempfunden sind<\/li>\n<li>Fliegende Lavabomben<\/li>\n<li>Sprudelnde Mineralquellen, die ihre Farbe ver\u00e4ndern<\/li>\n<li>Wirbelnde St\u00fcrme aus einem besonderen See aus farbiger Lava<\/li>\n<li>Chromatische Blumen in Regenbogenfarben.<\/li>\n<\/ul>\n<p>Au\u00dferdem erfahrt ihr\u00a0 viel Wissenswertes \u00fcber die ber\u00fchmten Vulkane: Erebus in der Antarktis, Vesuv in Italien, Kilauea auf Hawaii oder Mount St. Helens in den USA. Macht euch\u00a0 also bereit f\u00fcr das ultimative Experiment, das Vulkanwissenschaft mit fabelhaftem Spa\u00df verbindet.<\/p>\n<h2>Regenbogen-Lavavulkan \u2013 ein faszinierendes MINT-Spiel und innovatives Lehrmittel<\/h2>\n<p>STEM-Spiele (kurz f\u00fcr Science, Technology, Engineering, Maths) legen den Schwerpunkt auf spielerisches Lernen und helfen Kindern, sich von klein auf mit der Wissenschaft auseinanderzusetzen. Der Rainbow Lava Volcano entspricht den h\u00f6chsten Qualit\u00e4ts- und Sicherheitsstandards und hat alle Eigenschaften eines faszinierenden STEM-Spiels:<\/p>\n<ul>\n<li>Stimuliert und unterst\u00fctzt die Entwicklung von logischem und strategischem Denken.<\/li>\n<li>F\u00f6rdert die Vorstellungskraft und das kreative Denken.<\/li>\n<li>Verbessert Konzentration und Koordination.<\/li>\n<li>F\u00f6rdert die Kommunikation, die Entwicklung sozialer Kompetenzen und die Teamarbeit.<\/li>\n<li>Hilft Kindern, sich mit neuen Konzepten und Begriffen vertraut zu machen, und f\u00f6rdert gleichzeitig die Entwicklung des Wortschatzes.<\/li>\n<li>Au\u00dferdem macht es gro\u00dfen Spa\u00df und ist die perfekte Gelegenheit, um mit Kindern in Kontakt zu treten und eine tolle Zeit zu haben.<\/li>\n<\/ul>\n<p>Der Regenbogen-Lavavulkan kann auch ein gro\u00dfartiges Lehrmittel sein, das Lehrerinnen und Lehrer erfolgreich im naturwissenschaftlichen, geografischen, physikalischen oder chemischen Unterricht einsetzen k\u00f6nnen. Mit dem Set wird der Unterricht zu einer dynamischen und spannenden Aktivit\u00e4t, die Kinder lieben.<\/p>\n<h2>Wusstest du, dass\u2026<\/h2>\n<ul>\n<li>Mehr als 80 % der Erdoberfl\u00e4che sind vulkanisch.<\/li>\n<li>In Australien gibt es keine aktiven Vulkane, da das Land in der Mitte einer tektonischen Platte liegt. Am anderen Ende des Spektrums ist Indonesien das Gebiet mit den meisten aktiven Vulkanen (rund 130).<\/li>\n<li>Der Ausbruch des Vulkans Mount St. Helens im Jahr 1980 war 500 Mal st\u00e4rker als der Atombombenabwurf auf Hiroshima.<\/li>\n<li>Erebus ist einer von 5 Vulkanen auf der Erde mit einem See aus roter Lava, der im Hauptkrater st\u00e4ndig \u201ckocht\u201d.<\/li>\n<\/ul>\n<h2>Der Regenbogen-Lavavulkan \u2013 ein beeindruckendes Geschenk f\u00fcr wissenschaftsbegeisterte Kinder<\/h2>\n<p>M\u00f6chtest du\u00a0 dem Weihnachtsmann ein besonderes Geschenk in den Sack stecken? Willst du einem kleinen wissenschaftsbegeisterten Entdeckerfreund eine Mega-\u00dcberraschung bereiten?<\/p>\n<p>Oder wollt ihr einfach nur Spa\u00df mit den\u00a0 Kindern haben und ihnen gleichzeitig helfen, ihren\u00a0 Wissenshorizont zu erweitern? F\u00fcr all diese und viele andere festliche Anl\u00e4sse ist das Kit Regenbogen-Lavavulkan die perfekte Wahl.<\/p>\n<p>Hast du\u00a0 es herausgefunden? ROOVI hat 4 weitere faszinierende Kits aus der EduScience-Reihe vorbereitet! Lege\u00a0<b><a href=\"https:\/\/business.roovi.com\/de\/planet-erde-eduscience-lernspiel\/p\/\">Planet Erde<\/a>,\u00a0<a href=\"https:\/\/business.roovi.com\/de\/ich-moechte-programmierer-werden-eduscience-lernspiel\/p\/\">Ich m\u00f6chte Programmierer werden<\/a>,\u00a0<a href=\"https:\/\/business.roovi.com\/de\/corpul-uman-joc-educativ-eduscience\/p\/\">Wie der menschliche K\u00f6rper funktioniert<\/a><\/b>\u00a0und\u00a0<a href=\"https:\/\/business.roovi.com\/de\/ich-moechte-detektiv-werden-eduscience-lernspiel\/p\/\"><b>Ich m\u00f6chte Detektiv werden<\/b><\/a>\u00a0in den\u00a0 Einkaufskorb und schenke\u00a0 deinem\u00a0 Kind eine fabelhafte Lernsammlung.<\/p>\n","protected":false},"excerpt":{"rendered":"<p>Wie h\u00e4lt man Kinder von Bildschirmen fern? Gibt es eine\u00a0lustige und lehrreiche Alternative? Entscheide dich\u00a0 f\u00fcr das Regenbogen-Lavavulkan-Set und baut\u00a0<\/p>\n","protected":false},"featured_media":61066,"template":"","meta":[],"product_brand":[],"product_cat":[2006,1896,1898],"product_tag":[],"class_list":{"0":"post-61065","1":"product","2":"type-product","3":"status-publish","4":"has-post-thumbnail","6":"product_cat-lernspiele","7":"product_cat-padagogische-und-wissenschaftliche-spiele","8":"product_cat-wissenschaftliche-spiele","10":"first","11":"onbackorder","12":"taxable","13":"shipping-taxable","14":"product-type-simple"},"yoast_head":"<!-- This site is optimized with the Yoast SEO plugin v20.1 - https:\/\/yoast.com\/wordpress\/plugins\/seo\/ -->\n<title>Regenbogen-Lavavulkan \u2013 EduScience-Lernspiel - Roovi B2B<\/title>\n<meta name=\"robots\" content=\"index, follow, max-snippet:-1, max-image-preview:large, max-video-preview:-1\" \/>\n<link rel=\"canonical\" href=\"https:\/\/business.roovi.com\/de\/regenbogen-lavavulkan-eduscience-lernspiel\/p\/\" \/>\n<meta property=\"og:locale\" content=\"de_DE\" \/>\n<meta property=\"og:type\" content=\"article\" \/>\n<meta property=\"og:title\" content=\"Regenbogen-Lavavulkan \u2013 EduScience-Lernspiel - Roovi B2B\" \/>\n<meta property=\"og:description\" content=\"Wie h\u00e4lt man Kinder von Bildschirmen fern? Gibt es eine\u00a0lustige und lehrreiche Alternative? Entscheide dich\u00a0 f\u00fcr das Regenbogen-Lavavulkan-Set und baut\u00a0\" \/>\n<meta property=\"og:url\" content=\"https:\/\/business.roovi.com\/de\/regenbogen-lavavulkan-eduscience-lernspiel\/p\/\" \/>\n<meta property=\"og:site_name\" content=\"Roovi B2B\" \/>\n<meta property=\"article:publisher\" content=\"https:\/\/www.facebook.com\/wwwjucariero\" \/>\n<meta property=\"article:modified_time\" content=\"2023-03-23T08:49:05+00:00\" \/>\n<meta property=\"og:image\" content=\"https:\/\/business.roovi.com\/wp-content\/uploads\/2022\/11\/xRAINBOW-VOLCANO_box-30-x-30-x-9_DE_mockup-800x800.jpg.pagespeed.ic_.nUq9XOsUTM.webp\" \/>\n\t<meta property=\"og:image:width\" content=\"800\" \/>\n\t<meta property=\"og:image:height\" content=\"800\" \/>\n\t<meta property=\"og:image:type\" content=\"image\/webp\" \/>\n<meta name=\"twitter:label1\" content=\"Gesch\u00e4tzte Lesezeit\" \/>\n\t<meta name=\"twitter:data1\" content=\"4\u00a0Minuten\" \/>\n<script type=\"application\/ld+json\" class=\"yoast-schema-graph\">{\"@context\":\"https:\/\/schema.org\",\"@graph\":[{\"@type\":\"WebPage\",\"@id\":\"https:\/\/business.roovi.com\/de\/regenbogen-lavavulkan-eduscience-lernspiel\/p\/\",\"url\":\"https:\/\/business.roovi.com\/de\/regenbogen-lavavulkan-eduscience-lernspiel\/p\/\",\"name\":\"Regenbogen-Lavavulkan \u2013 EduScience-Lernspiel - Roovi B2B\",\"isPartOf\":{\"@id\":\"https:\/\/business.roovi.com\/de\/#website\"},\"datePublished\":\"2022-11-28T15:38:03+00:00\",\"dateModified\":\"2023-03-23T08:49:05+00:00\",\"breadcrumb\":{\"@id\":\"https:\/\/business.roovi.com\/de\/regenbogen-lavavulkan-eduscience-lernspiel\/p\/#breadcrumb\"},\"inLanguage\":\"de\",\"potentialAction\":[{\"@type\":\"ReadAction\",\"target\":[\"https:\/\/business.roovi.com\/de\/regenbogen-lavavulkan-eduscience-lernspiel\/p\/\"]}]},{\"@type\":\"BreadcrumbList\",\"@id\":\"https:\/\/business.roovi.com\/de\/regenbogen-lavavulkan-eduscience-lernspiel\/p\/#breadcrumb\",\"itemListElement\":[{\"@type\":\"ListItem\",\"position\":1,\"name\":\"Home\",\"item\":\"https:\/\/business.roovi.com\/de\/\"},{\"@type\":\"ListItem\",\"position\":2,\"name\":\"Shop\",\"item\":\"https:\/\/business.roovi.com\/de\/shop\/\"},{\"@type\":\"ListItem\",\"position\":3,\"name\":\"Regenbogen-Lavavulkan \u2013 EduScience-Lernspiel\"}]},{\"@type\":\"WebSite\",\"@id\":\"https:\/\/business.roovi.com\/de\/#website\",\"url\":\"https:\/\/business.roovi.com\/de\/\",\"name\":\"Roovi B2B\",\"description\":\"Roovi Business Website\",\"potentialAction\":[{\"@type\":\"SearchAction\",\"target\":{\"@type\":\"EntryPoint\",\"urlTemplate\":\"https:\/\/business.roovi.com\/de\/?s={search_term_string}\"},\"query-input\":\"required name=search_term_string\"}],\"inLanguage\":\"de\"}]}<\/script>\n<!-- \/ Yoast SEO plugin. -->","yoast_head_json":{"title":"Regenbogen-Lavavulkan \u2013 EduScience-Lernspiel - Roovi B2B","robots":{"index":"index","follow":"follow","max-snippet":"max-snippet:-1","max-image-preview":"max-image-preview:large","max-video-preview":"max-video-preview:-1"},"canonical":"https:\/\/business.roovi.com\/de\/regenbogen-lavavulkan-eduscience-lernspiel\/p\/","og_locale":"de_DE","og_type":"article","og_title":"Regenbogen-Lavavulkan \u2013 EduScience-Lernspiel - Roovi B2B","og_description":"Wie h\u00e4lt man Kinder von Bildschirmen fern? Gibt es eine\u00a0lustige und lehrreiche Alternative? Entscheide dich\u00a0 f\u00fcr das Regenbogen-Lavavulkan-Set und baut\u00a0","og_url":"https:\/\/business.roovi.com\/de\/regenbogen-lavavulkan-eduscience-lernspiel\/p\/","og_site_name":"Roovi B2B","article_publisher":"https:\/\/www.facebook.com\/wwwjucariero","article_modified_time":"2023-03-23T08:49:05+00:00","og_image":[{"width":800,"height":800,"url":"https:\/\/business.roovi.com\/wp-content\/uploads\/2022\/11\/xRAINBOW-VOLCANO_box-30-x-30-x-9_DE_mockup-800x800.jpg.pagespeed.ic_.nUq9XOsUTM.webp","type":"image\/webp"}],"twitter_misc":{"Gesch\u00e4tzte Lesezeit":"4\u00a0Minuten"},"schema":{"@context":"https:\/\/schema.org","@graph":[{"@type":"WebPage","@id":"https:\/\/business.roovi.com\/de\/regenbogen-lavavulkan-eduscience-lernspiel\/p\/","url":"https:\/\/business.roovi.com\/de\/regenbogen-lavavulkan-eduscience-lernspiel\/p\/","name":"Regenbogen-Lavavulkan \u2013 EduScience-Lernspiel - Roovi B2B","isPartOf":{"@id":"https:\/\/business.roovi.com\/de\/#website"},"datePublished":"2022-11-28T15:38:03+00:00","dateModified":"2023-03-23T08:49:05+00:00","breadcrumb":{"@id":"https:\/\/business.roovi.com\/de\/regenbogen-lavavulkan-eduscience-lernspiel\/p\/#breadcrumb"},"inLanguage":"de","potentialAction":[{"@type":"ReadAction","target":["https:\/\/business.roovi.com\/de\/regenbogen-lavavulkan-eduscience-lernspiel\/p\/"]}]},{"@type":"BreadcrumbList","@id":"https:\/\/business.roovi.com\/de\/regenbogen-lavavulkan-eduscience-lernspiel\/p\/#breadcrumb","itemListElement":[{"@type":"ListItem","position":1,"name":"Home","item":"https:\/\/business.roovi.com\/de\/"},{"@type":"ListItem","position":2,"name":"Shop","item":"https:\/\/business.roovi.com\/de\/shop\/"},{"@type":"ListItem","position":3,"name":"Regenbogen-Lavavulkan \u2013 EduScience-Lernspiel"}]},{"@type":"WebSite","@id":"https:\/\/business.roovi.com\/de\/#website","url":"https:\/\/business.roovi.com\/de\/","name":"Roovi B2B","description":"Roovi Business Website","potentialAction":[{"@type":"SearchAction","target":{"@type":"EntryPoint","urlTemplate":"https:\/\/business.roovi.com\/de\/?s={search_term_string}"},"query-input":"required name=search_term_string"}],"inLanguage":"de"}]}},"_links":{"self":[{"href":"https:\/\/business.roovi.com\/de\/wp-json\/wp\/v2\/product\/61065","targetHints":{"allow":["GET"]}}],"collection":[{"href":"https:\/\/business.roovi.com\/de\/wp-json\/wp\/v2\/product"}],"about":[{"href":"https:\/\/business.roovi.com\/de\/wp-json\/wp\/v2\/types\/product"}],"version-history":[{"count":0,"href":"https:\/\/business.roovi.com\/de\/wp-json\/wp\/v2\/product\/61065\/revisions"}],"wp:featuredmedia":[{"embeddable":true,"href":"https:\/\/business.roovi.com\/de\/wp-json\/wp\/v2\/media\/61066"}],"wp:attachment":[{"href":"https:\/\/business.roovi.com\/de\/wp-json\/wp\/v2\/media?parent=61065"}],"wp:term":[{"taxonomy":"product_brand","embeddable":true,"href":"https:\/\/business.roovi.com\/de\/wp-json\/wp\/v2\/product_brand?post=61065"},{"taxonomy":"product_cat","embeddable":true,"href":"https:\/\/business.roovi.com\/de\/wp-json\/wp\/v2\/product_cat?post=61065"},{"taxonomy":"product_tag","embeddable":true,"href":"https:\/\/business.roovi.com\/de\/wp-json\/wp\/v2\/product_tag?post=61065"}],"curies":[{"name":"wp","href":"https:\/\/api.w.org\/{rel}","templated":true}]}}