{"id":61076,"date":"2022-11-28T15:56:25","date_gmt":"2022-11-28T15:56:25","guid":{"rendered":"https:\/\/business.roovi.com\/?post_type=product&#038;p=61076"},"modified":"2025-03-13T08:53:03","modified_gmt":"2025-03-13T08:53:03","slug":"corpul-uman-joc-educativ-eduscience","status":"publish","type":"product","link":"https:\/\/business.roovi.com\/de\/corpul-uman-joc-educativ-eduscience\/p\/","title":{"rendered":"Wie der menschliche K\u00f6rper funktioniert \u2013 EduScience-Lernspiel"},"content":{"rendered":"<p><iframe loading=\"lazy\" title=\"WIE DER MENSCHLICHE K\u00d6RPER FUNKTIONIERT\" width=\"500\" height=\"281\" src=\"https:\/\/www.youtube.com\/embed\/j1LxKkdl9Jk?feature=oembed\" frameborder=\"0\" allow=\"accelerometer; autoplay; clipboard-write; encrypted-media; gyroscope; picture-in-picture; web-share\" referrerpolicy=\"strict-origin-when-cross-origin\" allowfullscreen><\/iframe><\/p>\n<h2>Wei\u00dft du, welche Rolle die Nieren im K\u00f6rper spielen? Wie du atmest oder Nahrung verdaust ? Finde heraus, wie der menschliche K\u00f6rper funktioniert \u2013 mit dem neuen Kreativ-Set von ROOVI.<\/h2>\n<p>Experimentiere, entdecke und lerne erstaunliche Informationen \u00fcber den menschlichen K\u00f6rper mit dem \u201cWie der menschliche K\u00f6rper funktioniert\u201d\u00a0 Kit. Erforsche spielerisch die Biologie und Chemie des menschlichen K\u00f6rpers mit Laborger\u00e4ten und spannenden Substanzen f\u00fcr \u00fcber\u00a0<b>40 fabelhafte Experimente.\u00a0<\/b><\/p>\n<p>Hier sind nur einige von ihnen:<\/p>\n<ul>\n<li>Simulation der Verdauung in einem Reagenzglas und \u00dcberpr\u00fcfung der enzymatischen Reaktionen;<\/li>\n<li>Simulation der Blutgruppenbestimmung;<\/li>\n<li>DNA-Extraktion;<\/li>\n<li>Untersuchung der Eigenschaften des Wassers, die es f\u00fcr das Leben unerl\u00e4sslich machen;<\/li>\n<li>Herstellung realistischer anatomischer Modelle;<\/li>\n<li>Pr\u00fcfung der Sinneswahrnehmung.<\/li>\n<\/ul>\n<h2>Wie der menschliche K\u00f6rper funktioniert: ein super lustiges und lehrreiches Set<\/h2>\n<p>In jedem Kind steckt ein kleiner Entdecker, der experimentierfreudig ist, um mehr herauszufinden. Das \u201cWie der menschliche K\u00f6rper funktioniert\u201d\u00a0 Kit erweitert den Wissenshorizont und weckt die Lust am Lernen, denn es geht ums Spielen.<\/p>\n<p>Kinder schl\u00fcpfen schnell in die Rolle von Wissenschaftlern, die Experimente durchf\u00fchren, um faszinierende Informationen \u00fcber den menschlichen K\u00f6rper zu entdecken. Kleine Kinder verstehen biologische Prozesse durch Spielen, Experimentieren, Anfassen und Probieren.<\/p>\n<p>Nimm an jedem Experiment teil, das dein\u00a0 Kind durchf\u00fchrt. Erstellt\u00a0 gemeinsam ein Gipsmodell des Gehirns oder der Handknochen. Genie\u00dft\u00a0 zusammen\u00a0 eine sehr lustige und lehrreiche Aktivit\u00e4t.<\/p>\n<h2>Wie der menschliche K\u00f6rper funktioniert \u2013 ein faszinierendes STEM-Spiel<\/h2>\n<p>STEM-Spiele (kurz f\u00fcr Science, Technology, Engineering, Maths) legen den Schwerpunkt auf spielerisches Lernen und helfen Kindern, sich von klein auf mit der Wissenschaft auseinanderzusetzen. How the \u201cWie der menschliche K\u00f6rper funktioniert\u201d\u00a0 erf\u00fcllt die h\u00f6chsten Qualit\u00e4ts- und Sicherheitsstandards und bietet alle faszinierenden Eigenschaften von STEM-Spielen:<\/p>\n<ul>\n<li>Stimuliert und unterst\u00fctzt die Entwicklung von logischem und strategischem Denken.<\/li>\n<li>F\u00f6rdert die Vorstellungskraft und das kreative Denken.<\/li>\n<li>Verbessert die Konzentration und Koordination.<\/li>\n<li>F\u00f6rdert die Kommunikation, die Entwicklung sozialer Kompetenzen und die Teamarbeit.<\/li>\n<li>Hilft Kindern, sich mit neuen Konzepten und Begriffen in Biologie, Chemie und Medizin vertraut zu machen und gleichzeitig den Wortschatz zu erweitern.<\/li>\n<li>Au\u00dferdem macht es gro\u00dfen Spa\u00df und ist die perfekte Gelegenheit, um mit Kindern in Kontakt zu treten und gemeinsam eine sch\u00f6ne Zeit zu verbringen.<\/li>\n<\/ul>\n<p>Wie der menschliche K\u00f6rper funktioniert kann auch ein gro\u00dfartiges Lehrmittel sein, das Lehrerinnen und Lehrer erfolgreich im Biologie- oder Wissenschaftsunterricht einsetzen k\u00f6nnen. Das Set macht den Unterricht zu einer dynamischen und interessanten Aktivit\u00e4t, die die Kinder fesselt und ihr Interesse an Wissen weckt.<\/p>\n<h2>Wusstest du, dass\u2026<\/h2>\n<ul>\n<li>Das gr\u00f6\u00dfte Organ des menschlichen K\u00f6rpers ist die Haut; sie wiegt etwa 3,5 kg.<\/li>\n<li>Das menschliche Gehirn wiegt etwa 1300 Gramm.<\/li>\n<li>Im Gehirn laufen jede Sekunde \u00fcber 100.000 chemische Reaktionen ab.<\/li>\n<li>Die Hornhaut ist der einzige Teil des K\u00f6rpers, der Sauerstoff direkt aus der Luft und nicht aus dem Blut erh\u00e4lt.<\/li>\n<li>Die Magens\u00e4ure ist extrem stark, sie k\u00f6nnte sogar Stahl verdauen.<\/li>\n<li>Menschen k\u00f6nnen nicht mit offenen Augen niesen, und die Niesgeschwindigkeit kann 100 km\/h \u00fcberschreiten.<\/li>\n<li>Im menschlichen K\u00f6rper ist genug Phosphor vorhanden, um etwa 250 Streichh\u00f6lzer herzustellen.<\/li>\n<\/ul>\n<p>Ob du\u00a0 nun ein Lernspiel f\u00fcr Kinder, ein interessantes und spannendes Geschenk f\u00fcr die\u00a0 neugierigen kleinen Entdecker oder mehr Spa\u00df und Abwechslung f\u00fcr Kinder suchst , das \u201cWie der menschliche K\u00f6rper funktioniert\u201d Kit ist mit Sicherheit die richtige Wahl.<\/p>\n<p>Hast du\u00a0 es herausgefunden? ROOVI hat 4 weitere faszinierende Kits aus der EduScience-Reihe vorbereitet! Lege\u00a0<b><a href=\"https:\/\/business.roovi.com\/de\/planet-erde-eduscience-lernspiel\/p\/\">Planet Erde<\/a>,\u00a0<a href=\"https:\/\/business.roovi.com\/de\/ich-moechte-programmierer-werden-eduscience-lernspiel\/p\/\">Ich m\u00f6chte Programmierer werden<\/a>,\u00a0<a href=\"https:\/\/business.roovi.com\/de\/ich-moechte-detektiv-werden-eduscience-lernspiel\/p\/\">Ich m\u00f6chte Detektiv werden<\/a><\/b>\u00a0und\u00a0<a href=\"https:\/\/business.roovi.com\/de\/regenbogen-lavavulkan-eduscience-lernspiel\/p\/\"><b>Regenbogen-Lavavulkan<\/b><\/a>\u00a0in den\u00a0 Einkaufskorb und schenke deinem\u00a0 Kind eine fabelhafte Lernsammlung.<\/p>\n<p>&nbsp;<\/p>\n","protected":false},"excerpt":{"rendered":"<p>Wei\u00dft du, welche Rolle die Nieren im K\u00f6rper spielen? Wie du atmest oder Nahrung verdaust ? Finde heraus, wie der<\/p>\n","protected":false},"featured_media":61090,"template":"","meta":[],"product_brand":[],"product_cat":[],"product_tag":[],"class_list":{"0":"post-61076","1":"product","2":"type-product","3":"status-publish","4":"has-post-thumbnail","7":"first","8":"instock","9":"taxable","10":"shipping-taxable","11":"product-type-simple"},"yoast_head":"<!-- This site is optimized with the Yoast SEO plugin v20.1 - https:\/\/yoast.com\/wordpress\/plugins\/seo\/ -->\n<title>Wie der menschliche K\u00f6rper funktioniert \u2013 EduScience-Lernspiel - Roovi B2B<\/title>\n<meta name=\"robots\" content=\"index, follow, max-snippet:-1, max-image-preview:large, max-video-preview:-1\" \/>\n<link rel=\"canonical\" href=\"https:\/\/business.roovi.com\/de\/corpul-uman-joc-educativ-eduscience\/p\/\" \/>\n<meta property=\"og:locale\" content=\"de_DE\" \/>\n<meta property=\"og:type\" content=\"article\" \/>\n<meta property=\"og:title\" content=\"Wie der menschliche K\u00f6rper funktioniert \u2013 EduScience-Lernspiel - Roovi B2B\" \/>\n<meta property=\"og:description\" content=\"Wei\u00dft du, welche Rolle die Nieren im K\u00f6rper spielen? Wie du atmest oder Nahrung verdaust ? Finde heraus, wie der\" \/>\n<meta property=\"og:url\" content=\"https:\/\/business.roovi.com\/de\/corpul-uman-joc-educativ-eduscience\/p\/\" \/>\n<meta property=\"og:site_name\" content=\"Roovi B2B\" \/>\n<meta property=\"article:publisher\" content=\"https:\/\/www.facebook.com\/wwwjucariero\" \/>\n<meta property=\"article:modified_time\" content=\"2025-03-13T08:53:03+00:00\" \/>\n<meta property=\"og:image\" content=\"https:\/\/business.roovi.com\/wp-content\/uploads\/2022\/11\/xcorpul_uman__box-30-x-30-x-9_DE_mockup-800x800.jpg.pagespeed.ic_.Siwnba7omr.webp\" \/>\n\t<meta property=\"og:image:width\" content=\"800\" \/>\n\t<meta property=\"og:image:height\" content=\"800\" \/>\n\t<meta property=\"og:image:type\" content=\"image\/webp\" \/>\n<meta name=\"twitter:label1\" content=\"Gesch\u00e4tzte Lesezeit\" \/>\n\t<meta name=\"twitter:data1\" content=\"3\u00a0Minuten\" \/>\n<script type=\"application\/ld+json\" class=\"yoast-schema-graph\">{\"@context\":\"https:\/\/schema.org\",\"@graph\":[{\"@type\":\"WebPage\",\"@id\":\"https:\/\/business.roovi.com\/de\/corpul-uman-joc-educativ-eduscience\/p\/\",\"url\":\"https:\/\/business.roovi.com\/de\/corpul-uman-joc-educativ-eduscience\/p\/\",\"name\":\"Wie der menschliche K\u00f6rper funktioniert \u2013 EduScience-Lernspiel - Roovi B2B\",\"isPartOf\":{\"@id\":\"https:\/\/business.roovi.com\/de\/#website\"},\"datePublished\":\"2022-11-28T15:56:25+00:00\",\"dateModified\":\"2025-03-13T08:53:03+00:00\",\"breadcrumb\":{\"@id\":\"https:\/\/business.roovi.com\/de\/corpul-uman-joc-educativ-eduscience\/p\/#breadcrumb\"},\"inLanguage\":\"de\",\"potentialAction\":[{\"@type\":\"ReadAction\",\"target\":[\"https:\/\/business.roovi.com\/de\/corpul-uman-joc-educativ-eduscience\/p\/\"]}]},{\"@type\":\"BreadcrumbList\",\"@id\":\"https:\/\/business.roovi.com\/de\/corpul-uman-joc-educativ-eduscience\/p\/#breadcrumb\",\"itemListElement\":[{\"@type\":\"ListItem\",\"position\":1,\"name\":\"Home\",\"item\":\"https:\/\/business.roovi.com\/de\/\"},{\"@type\":\"ListItem\",\"position\":2,\"name\":\"Shop\",\"item\":\"https:\/\/business.roovi.com\/de\/shop\/\"},{\"@type\":\"ListItem\",\"position\":3,\"name\":\"Wie der menschliche K\u00f6rper funktioniert \u2013 EduScience-Lernspiel\"}]},{\"@type\":\"WebSite\",\"@id\":\"https:\/\/business.roovi.com\/de\/#website\",\"url\":\"https:\/\/business.roovi.com\/de\/\",\"name\":\"Roovi B2B\",\"description\":\"Roovi Business Website\",\"potentialAction\":[{\"@type\":\"SearchAction\",\"target\":{\"@type\":\"EntryPoint\",\"urlTemplate\":\"https:\/\/business.roovi.com\/de\/?s={search_term_string}\"},\"query-input\":\"required name=search_term_string\"}],\"inLanguage\":\"de\"}]}<\/script>\n<!-- \/ Yoast SEO plugin. -->","yoast_head_json":{"title":"Wie der menschliche K\u00f6rper funktioniert \u2013 EduScience-Lernspiel - Roovi B2B","robots":{"index":"index","follow":"follow","max-snippet":"max-snippet:-1","max-image-preview":"max-image-preview:large","max-video-preview":"max-video-preview:-1"},"canonical":"https:\/\/business.roovi.com\/de\/corpul-uman-joc-educativ-eduscience\/p\/","og_locale":"de_DE","og_type":"article","og_title":"Wie der menschliche K\u00f6rper funktioniert \u2013 EduScience-Lernspiel - Roovi B2B","og_description":"Wei\u00dft du, welche Rolle die Nieren im K\u00f6rper spielen? Wie du atmest oder Nahrung verdaust ? Finde heraus, wie der","og_url":"https:\/\/business.roovi.com\/de\/corpul-uman-joc-educativ-eduscience\/p\/","og_site_name":"Roovi B2B","article_publisher":"https:\/\/www.facebook.com\/wwwjucariero","article_modified_time":"2025-03-13T08:53:03+00:00","og_image":[{"width":800,"height":800,"url":"https:\/\/business.roovi.com\/wp-content\/uploads\/2022\/11\/xcorpul_uman__box-30-x-30-x-9_DE_mockup-800x800.jpg.pagespeed.ic_.Siwnba7omr.webp","type":"image\/webp"}],"twitter_misc":{"Gesch\u00e4tzte Lesezeit":"3\u00a0Minuten"},"schema":{"@context":"https:\/\/schema.org","@graph":[{"@type":"WebPage","@id":"https:\/\/business.roovi.com\/de\/corpul-uman-joc-educativ-eduscience\/p\/","url":"https:\/\/business.roovi.com\/de\/corpul-uman-joc-educativ-eduscience\/p\/","name":"Wie der menschliche K\u00f6rper funktioniert \u2013 EduScience-Lernspiel - Roovi B2B","isPartOf":{"@id":"https:\/\/business.roovi.com\/de\/#website"},"datePublished":"2022-11-28T15:56:25+00:00","dateModified":"2025-03-13T08:53:03+00:00","breadcrumb":{"@id":"https:\/\/business.roovi.com\/de\/corpul-uman-joc-educativ-eduscience\/p\/#breadcrumb"},"inLanguage":"de","potentialAction":[{"@type":"ReadAction","target":["https:\/\/business.roovi.com\/de\/corpul-uman-joc-educativ-eduscience\/p\/"]}]},{"@type":"BreadcrumbList","@id":"https:\/\/business.roovi.com\/de\/corpul-uman-joc-educativ-eduscience\/p\/#breadcrumb","itemListElement":[{"@type":"ListItem","position":1,"name":"Home","item":"https:\/\/business.roovi.com\/de\/"},{"@type":"ListItem","position":2,"name":"Shop","item":"https:\/\/business.roovi.com\/de\/shop\/"},{"@type":"ListItem","position":3,"name":"Wie der menschliche K\u00f6rper funktioniert \u2013 EduScience-Lernspiel"}]},{"@type":"WebSite","@id":"https:\/\/business.roovi.com\/de\/#website","url":"https:\/\/business.roovi.com\/de\/","name":"Roovi B2B","description":"Roovi Business Website","potentialAction":[{"@type":"SearchAction","target":{"@type":"EntryPoint","urlTemplate":"https:\/\/business.roovi.com\/de\/?s={search_term_string}"},"query-input":"required name=search_term_string"}],"inLanguage":"de"}]}},"_links":{"self":[{"href":"https:\/\/business.roovi.com\/de\/wp-json\/wp\/v2\/product\/61076","targetHints":{"allow":["GET"]}}],"collection":[{"href":"https:\/\/business.roovi.com\/de\/wp-json\/wp\/v2\/product"}],"about":[{"href":"https:\/\/business.roovi.com\/de\/wp-json\/wp\/v2\/types\/product"}],"version-history":[{"count":0,"href":"https:\/\/business.roovi.com\/de\/wp-json\/wp\/v2\/product\/61076\/revisions"}],"wp:featuredmedia":[{"embeddable":true,"href":"https:\/\/business.roovi.com\/de\/wp-json\/wp\/v2\/media\/61090"}],"wp:attachment":[{"href":"https:\/\/business.roovi.com\/de\/wp-json\/wp\/v2\/media?parent=61076"}],"wp:term":[{"taxonomy":"product_brand","embeddable":true,"href":"https:\/\/business.roovi.com\/de\/wp-json\/wp\/v2\/product_brand?post=61076"},{"taxonomy":"product_cat","embeddable":true,"href":"https:\/\/business.roovi.com\/de\/wp-json\/wp\/v2\/product_cat?post=61076"},{"taxonomy":"product_tag","embeddable":true,"href":"https:\/\/business.roovi.com\/de\/wp-json\/wp\/v2\/product_tag?post=61076"}],"curies":[{"name":"wp","href":"https:\/\/api.w.org\/{rel}","templated":true}]}}