{"id":62189,"date":"2022-12-09T05:56:35","date_gmt":"2022-12-09T05:56:35","guid":{"rendered":"https:\/\/business.roovi.com\/?post_type=product&#038;p=62189"},"modified":"2023-04-28T20:26:04","modified_gmt":"2023-04-28T20:26:04","slug":"ocean-life-edu-puzzle-2-kinderpuzzle-240-teile-2","status":"publish","type":"product","link":"https:\/\/business.roovi.com\/de\/ocean-life-edu-puzzle-2-kinderpuzzle-240-teile-2\/p\/","title":{"rendered":"Lernpuzzle f\u00fcr Kinder ab 7 Jahren, Leben im Ozean, 240 Teile"},"content":{"rendered":"<h2><span style=\"font-weight: 400;\">Erleben Sie eine kreative, entspannende und lustige Zeit mit Ihren Kindern, indem Sie Edu-Puzzle 240 &#8211; Leben im Ozean fertigstellen: ein wunderbares und farbenfrohes Puzzle, wie es Kinder lieben.<\/span><\/h2>\n<p><span style=\"font-weight: 400;\">Wenn Sie ein Kind zu Hause haben, das sich f\u00fcr die Unterwasserwelt begeistert, oder wenn Sie nach einem besonderen Puzzlespiel mit perfekter Grafik und perfekt zusammenpassenden Teilen suchen, haben Sie gerade das perfekte Puzzle gefunden!<\/span><\/p>\n<p><span style=\"font-weight: 400;\">Die fachm\u00e4nnisch ausgearbeiteten Details, Fische und Meeresbewohner, die die Illustration beleben, faszinieren Kinder und besch\u00e4ftigen sie lange mit einer kreativen T\u00e4tigkeit.<\/span><\/p>\n<p><span style=\"font-weight: 400;\">Edu-Puzzle 240 &#8211; Leben im Ozean kann eine Gelegenheit sein, den Kleinen nahe zu kommen und gleichzeitig zu lernen.\u00a0<\/span><\/p>\n<p><span style=\"font-weight: 400;\">Beim Zusammensetzen der einzelnen Teile entdecken die Kinder auf wunderbare Weise den Namen eines jeden Lebewesens in der Tiefsee. Nutzen Sie dieses fesselnde Puzzlespiel und sprechen Sie mit den Kindern \u00fcber die Fisch- und S\u00e4ugetierarten, die in den Ozeanen leben, oder \u00fcber andere interessante Fakten \u00fcber das Meeresleben.<\/span><\/p>\n<p><span style=\"font-weight: 400;\">Die Zeit, die man mit Kindern verbringt, ist von unsch\u00e4tzbarem Wert. Mit Edu-Puzzle 240 &#8211; Leben im Ozean schaffen Sie mehr als nur ein wundersch\u00f6nes Bild mit Ihren Kleinen: viele wertvolle Momente, an die Sie sich noch jahrelang gerne erinnern werden.\u00a0<\/span><\/p>\n<h2><span style=\"font-weight: 400;\">Warum sollten Sie sich f\u00fcr Edu-Puzzle 240 &#8211; Leben im Ozean entscheiden?<\/span><span style=\"font-weight: 400;\">\u00a0<\/span><\/h2>\n<ul>\n<li><span style=\"font-weight: 400;\">Es besteht aus hochwertigem Karton und ist daher sehr stabil und macht viel Spa\u00df beim Zusammenbauen.<\/span><\/li>\n<li><span style=\"font-weight: 400;\">Die verwendeten Materialien sind nachhaltig und recycelbar, umwelt- und naturfreundlich.<\/span><\/li>\n<li><span style=\"font-weight: 400;\">Es hat eine seidenmatte Oberfl\u00e4che und eine Antireflexionsfolie, die den Kindern hilft, jedes Detail deutlich zu sehen und das Bild leicht zu vervollst\u00e4ndigen.<\/span><\/li>\n<li><span style=\"font-weight: 400;\">Das zusammengesetzte Bild misst<\/span><b> 42 x 28,8 cm<\/b><span style=\"font-weight: 400;\"> und kann gerahmt und als Dekorationsobjekt f\u00fcr das Kinderzimmer verwendet werden.<\/span><\/li>\n<li><span style=\"font-weight: 400;\">Das Puzzlespiel ist eine komplexe \u00dcbung f\u00fcr das Gehirn. Manche sagen sogar, dass es uns schlauer macht \ud83d\ude42<\/span><\/li>\n<li><span style=\"font-weight: 400;\">Es ist entspannend und schafft gleichzeitig die idealen Voraussetzungen f\u00fcr Zusammenhalt und Teamarbeit.<\/span><\/li>\n<li><span style=\"font-weight: 400;\">Es f\u00f6rdert die Geduld und die Aufmerksamkeitsspanne der Kinder und hilft ihnen, sich leichter auf die Aufgaben zu konzentrieren, die sie in ihrem t\u00e4glichen Leben zu erledigen haben.<\/span><\/li>\n<\/ul>\n<h2><span style=\"font-weight: 400;\">Wussten Sie, dass\u2026<\/span><\/h2>\n<ul>\n<li style=\"font-weight: 400;\" aria-level=\"1\"><span style=\"font-weight: 400;\">95 % aller lebenden Organismen auf der Erde in den Ozeanen leben.<\/span><\/li>\n<li style=\"font-weight: 400;\" aria-level=\"1\"><span style=\"font-weight: 400;\">Oktopusblut blau ist.<\/span><\/li>\n<li style=\"font-weight: 400;\" aria-level=\"1\"><span style=\"font-weight: 400;\">Die l\u00e4ngste Gebirgskette ist unter Wasser und etwa 10 Mal gr\u00f6\u00dfer als die Anden.<\/span><\/li>\n<li style=\"font-weight: 400;\" aria-level=\"1\"><span style=\"font-weight: 400;\">Killerwale k\u00f6nnen bis zu 100 Jahre alt werden.<\/span><\/li>\n<li style=\"font-weight: 400;\" aria-level=\"1\"><span style=\"font-weight: 400;\">In Fischschw\u00e4rmen gibt es einen Anf\u00fchrer. Er sitzt nicht vorne, sondern in der Mitte, und alle anderen schwimmen hinter ihm her.<\/span><\/li>\n<li style=\"font-weight: 400;\" aria-level=\"1\"><span style=\"font-weight: 400;\">Die Ozeane sind auch die Heimat vieler Artefakte. Man geht davon aus, dass etwa 3 Millionen Wracks auf dem Meeresgrund liegen.<\/span><\/li>\n<\/ul>\n<p>Ausgehend von diesen Informationen oder anderen, die Sie interessant finden, k\u00f6nnen Sie das Zusammensetzen des 240-teiligen Puzzles Leben im Ozean in eine super interessante Wissenschaftsstunde verwandeln, die das Allgemeinwissen Ihrer Kinder bereichert.<\/p>\n<p>Erweitern Sie also ihren Wissenshorizont und genie\u00dfen Sie die gemeinsame Zeit mit dem Edu-Puzzle 240 &#8211; Leben im Ozean von ROOVI.<\/p>\n<h2><span style=\"font-weight: 400;\">Und wenn Sie noch mehr lehrreiche und kreative Herausforderungen f\u00fcr Ihr Kind suchen, f\u00fcgen Sie 4 weitere brandneue 240-teilige Puzzles aus der ROOVI Edu-Puzzle Kollektion hinzu: <\/span><b><a href=\"https:\/\/business.roovi.com\/de\/discover-europe-edu-puzzle-kinderpuzzle-240-teile\/p\/\">Edu Puzzle &#8211; Entdecke Europa<\/a><\/b><b><\/b><b>, <a href=\"https:\/\/business.roovi.com\/de\/solar-system-edu-puzzle-kinderpuzzle-240-teile\/p\/\">Edu Puzzle &#8211; Sonnensystem<\/a>, <a href=\"https:\/\/business.roovi.com\/de\/farm-animals-edu-puzzle-kinderpuzzle-240-teile\/p\/\">Edu Puzzle &#8211; Bauernhoftiere<\/a><\/b><span style=\"font-weight: 400;\">\u00a0und <\/span><a href=\"https:\/\/business.roovi.com\/de\/wild-animals-edu-puzzle-kinderpuzzle-240-teile\/p\/\"><b>Edu Puzzle &#8211; Wildtiere<\/b><\/a><span style=\"font-weight: 400;\">.\u00a0<\/span><\/h2>\n","protected":false},"excerpt":{"rendered":"<p>Erleben Sie eine kreative, entspannende und lustige Zeit mit Ihren Kindern, indem Sie Edu-Puzzle 240 &#8211; Leben im Ozean fertigstellen:<\/p>\n","protected":false},"featured_media":62196,"template":"","meta":[],"product_brand":[],"product_cat":[1876,1877,1875],"product_tag":[],"class_list":{"0":"post-62189","1":"product","2":"type-product","3":"status-publish","4":"has-post-thumbnail","6":"product_cat-kinder-puzzle","7":"product_cat-mehr-als-100-puzzlestucke","8":"product_cat-puzzle-de","10":"first","11":"instock","12":"taxable","13":"shipping-taxable","14":"product-type-simple"},"yoast_head":"<!-- This site is optimized with the Yoast SEO plugin v20.1 - https:\/\/yoast.com\/wordpress\/plugins\/seo\/ -->\n<title>Lernpuzzle f\u00fcr Kinder ab 7 Jahren, Leben im Ozean, 240 Teile<\/title>\n<meta name=\"description\" content=\"Erforsche die Ozeane und entdecke die Geheimnisse der Tiefsee mit diesem erstaunlichen Lernpuzzle \u00fcber Meereslebewesen f\u00fcr Kinder ab 7 Jahren!\" \/>\n<meta name=\"robots\" content=\"index, follow, max-snippet:-1, max-image-preview:large, max-video-preview:-1\" \/>\n<link rel=\"canonical\" href=\"https:\/\/business.roovi.com\/de\/ocean-life-edu-puzzle-2-kinderpuzzle-240-teile-2\/p\/\" \/>\n<meta property=\"og:locale\" content=\"de_DE\" \/>\n<meta property=\"og:type\" content=\"article\" \/>\n<meta property=\"og:title\" content=\"Lernpuzzle f\u00fcr Kinder ab 7 Jahren, Leben im Ozean, 240 Teile\" \/>\n<meta property=\"og:description\" content=\"Erforsche die Ozeane und entdecke die Geheimnisse der Tiefsee mit diesem erstaunlichen Lernpuzzle \u00fcber Meereslebewesen f\u00fcr Kinder ab 7 Jahren!\" \/>\n<meta property=\"og:url\" content=\"https:\/\/business.roovi.com\/de\/ocean-life-edu-puzzle-2-kinderpuzzle-240-teile-2\/p\/\" \/>\n<meta property=\"og:site_name\" content=\"Roovi B2B\" \/>\n<meta property=\"article:publisher\" content=\"https:\/\/www.facebook.com\/wwwjucariero\" \/>\n<meta property=\"article:modified_time\" content=\"2023-04-28T20:26:04+00:00\" \/>\n<meta property=\"og:image\" content=\"https:\/\/business.roovi.com\/wp-content\/uploads\/2022\/12\/P-240-79244-01-OCEAN-LIFE.webp\" \/>\n\t<meta property=\"og:image:width\" content=\"1200\" \/>\n\t<meta property=\"og:image:height\" content=\"1200\" \/>\n\t<meta property=\"og:image:type\" content=\"image\/webp\" \/>\n<meta name=\"twitter:label1\" content=\"Gesch\u00e4tzte Lesezeit\" \/>\n\t<meta name=\"twitter:data1\" content=\"3\u00a0Minuten\" \/>\n<script type=\"application\/ld+json\" class=\"yoast-schema-graph\">{\"@context\":\"https:\/\/schema.org\",\"@graph\":[{\"@type\":\"WebPage\",\"@id\":\"https:\/\/business.roovi.com\/de\/ocean-life-edu-puzzle-2-kinderpuzzle-240-teile-2\/p\/\",\"url\":\"https:\/\/business.roovi.com\/de\/ocean-life-edu-puzzle-2-kinderpuzzle-240-teile-2\/p\/\",\"name\":\"Lernpuzzle f\u00fcr Kinder ab 7 Jahren, Leben im Ozean, 240 Teile\",\"isPartOf\":{\"@id\":\"https:\/\/business.roovi.com\/de\/#website\"},\"datePublished\":\"2022-12-09T05:56:35+00:00\",\"dateModified\":\"2023-04-28T20:26:04+00:00\",\"description\":\"Erforsche die Ozeane und entdecke die Geheimnisse der Tiefsee mit diesem erstaunlichen Lernpuzzle \u00fcber Meereslebewesen f\u00fcr Kinder ab 7 Jahren!\",\"breadcrumb\":{\"@id\":\"https:\/\/business.roovi.com\/de\/ocean-life-edu-puzzle-2-kinderpuzzle-240-teile-2\/p\/#breadcrumb\"},\"inLanguage\":\"de\",\"potentialAction\":[{\"@type\":\"ReadAction\",\"target\":[\"https:\/\/business.roovi.com\/de\/ocean-life-edu-puzzle-2-kinderpuzzle-240-teile-2\/p\/\"]}]},{\"@type\":\"BreadcrumbList\",\"@id\":\"https:\/\/business.roovi.com\/de\/ocean-life-edu-puzzle-2-kinderpuzzle-240-teile-2\/p\/#breadcrumb\",\"itemListElement\":[{\"@type\":\"ListItem\",\"position\":1,\"name\":\"Home\",\"item\":\"https:\/\/business.roovi.com\/de\/\"},{\"@type\":\"ListItem\",\"position\":2,\"name\":\"Shop\",\"item\":\"https:\/\/business.roovi.com\/de\/shop\/\"},{\"@type\":\"ListItem\",\"position\":3,\"name\":\"Lernpuzzle f\u00fcr Kinder ab 7 Jahren, Leben im Ozean, 240 Teile\"}]},{\"@type\":\"WebSite\",\"@id\":\"https:\/\/business.roovi.com\/de\/#website\",\"url\":\"https:\/\/business.roovi.com\/de\/\",\"name\":\"Roovi B2B\",\"description\":\"Roovi Business Website\",\"potentialAction\":[{\"@type\":\"SearchAction\",\"target\":{\"@type\":\"EntryPoint\",\"urlTemplate\":\"https:\/\/business.roovi.com\/de\/?s={search_term_string}\"},\"query-input\":\"required name=search_term_string\"}],\"inLanguage\":\"de\"}]}<\/script>\n<!-- \/ Yoast SEO plugin. -->","yoast_head_json":{"title":"Lernpuzzle f\u00fcr Kinder ab 7 Jahren, Leben im Ozean, 240 Teile","description":"Erforsche die Ozeane und entdecke die Geheimnisse der Tiefsee mit diesem erstaunlichen Lernpuzzle \u00fcber Meereslebewesen f\u00fcr Kinder ab 7 Jahren!","robots":{"index":"index","follow":"follow","max-snippet":"max-snippet:-1","max-image-preview":"max-image-preview:large","max-video-preview":"max-video-preview:-1"},"canonical":"https:\/\/business.roovi.com\/de\/ocean-life-edu-puzzle-2-kinderpuzzle-240-teile-2\/p\/","og_locale":"de_DE","og_type":"article","og_title":"Lernpuzzle f\u00fcr Kinder ab 7 Jahren, Leben im Ozean, 240 Teile","og_description":"Erforsche die Ozeane und entdecke die Geheimnisse der Tiefsee mit diesem erstaunlichen Lernpuzzle \u00fcber Meereslebewesen f\u00fcr Kinder ab 7 Jahren!","og_url":"https:\/\/business.roovi.com\/de\/ocean-life-edu-puzzle-2-kinderpuzzle-240-teile-2\/p\/","og_site_name":"Roovi B2B","article_publisher":"https:\/\/www.facebook.com\/wwwjucariero","article_modified_time":"2023-04-28T20:26:04+00:00","og_image":[{"width":1200,"height":1200,"url":"https:\/\/business.roovi.com\/wp-content\/uploads\/2022\/12\/P-240-79244-01-OCEAN-LIFE.webp","type":"image\/webp"}],"twitter_misc":{"Gesch\u00e4tzte Lesezeit":"3\u00a0Minuten"},"schema":{"@context":"https:\/\/schema.org","@graph":[{"@type":"WebPage","@id":"https:\/\/business.roovi.com\/de\/ocean-life-edu-puzzle-2-kinderpuzzle-240-teile-2\/p\/","url":"https:\/\/business.roovi.com\/de\/ocean-life-edu-puzzle-2-kinderpuzzle-240-teile-2\/p\/","name":"Lernpuzzle f\u00fcr Kinder ab 7 Jahren, Leben im Ozean, 240 Teile","isPartOf":{"@id":"https:\/\/business.roovi.com\/de\/#website"},"datePublished":"2022-12-09T05:56:35+00:00","dateModified":"2023-04-28T20:26:04+00:00","description":"Erforsche die Ozeane und entdecke die Geheimnisse der Tiefsee mit diesem erstaunlichen Lernpuzzle \u00fcber Meereslebewesen f\u00fcr Kinder ab 7 Jahren!","breadcrumb":{"@id":"https:\/\/business.roovi.com\/de\/ocean-life-edu-puzzle-2-kinderpuzzle-240-teile-2\/p\/#breadcrumb"},"inLanguage":"de","potentialAction":[{"@type":"ReadAction","target":["https:\/\/business.roovi.com\/de\/ocean-life-edu-puzzle-2-kinderpuzzle-240-teile-2\/p\/"]}]},{"@type":"BreadcrumbList","@id":"https:\/\/business.roovi.com\/de\/ocean-life-edu-puzzle-2-kinderpuzzle-240-teile-2\/p\/#breadcrumb","itemListElement":[{"@type":"ListItem","position":1,"name":"Home","item":"https:\/\/business.roovi.com\/de\/"},{"@type":"ListItem","position":2,"name":"Shop","item":"https:\/\/business.roovi.com\/de\/shop\/"},{"@type":"ListItem","position":3,"name":"Lernpuzzle f\u00fcr Kinder ab 7 Jahren, Leben im Ozean, 240 Teile"}]},{"@type":"WebSite","@id":"https:\/\/business.roovi.com\/de\/#website","url":"https:\/\/business.roovi.com\/de\/","name":"Roovi B2B","description":"Roovi Business Website","potentialAction":[{"@type":"SearchAction","target":{"@type":"EntryPoint","urlTemplate":"https:\/\/business.roovi.com\/de\/?s={search_term_string}"},"query-input":"required name=search_term_string"}],"inLanguage":"de"}]}},"_links":{"self":[{"href":"https:\/\/business.roovi.com\/de\/wp-json\/wp\/v2\/product\/62189","targetHints":{"allow":["GET"]}}],"collection":[{"href":"https:\/\/business.roovi.com\/de\/wp-json\/wp\/v2\/product"}],"about":[{"href":"https:\/\/business.roovi.com\/de\/wp-json\/wp\/v2\/types\/product"}],"version-history":[{"count":0,"href":"https:\/\/business.roovi.com\/de\/wp-json\/wp\/v2\/product\/62189\/revisions"}],"wp:featuredmedia":[{"embeddable":true,"href":"https:\/\/business.roovi.com\/de\/wp-json\/wp\/v2\/media\/62196"}],"wp:attachment":[{"href":"https:\/\/business.roovi.com\/de\/wp-json\/wp\/v2\/media?parent=62189"}],"wp:term":[{"taxonomy":"product_brand","embeddable":true,"href":"https:\/\/business.roovi.com\/de\/wp-json\/wp\/v2\/product_brand?post=62189"},{"taxonomy":"product_cat","embeddable":true,"href":"https:\/\/business.roovi.com\/de\/wp-json\/wp\/v2\/product_cat?post=62189"},{"taxonomy":"product_tag","embeddable":true,"href":"https:\/\/business.roovi.com\/de\/wp-json\/wp\/v2\/product_tag?post=62189"}],"curies":[{"name":"wp","href":"https:\/\/api.w.org\/{rel}","templated":true}]}}