{"id":62200,"date":"2022-12-09T06:06:50","date_gmt":"2022-12-09T06:06:50","guid":{"rendered":"https:\/\/business.roovi.com\/?post_type=product&#038;p=62200"},"modified":"2023-04-28T20:45:57","modified_gmt":"2023-04-28T20:45:57","slug":"wild-animals-edu-puzzle-kinderpuzzle-240-teile","status":"publish","type":"product","link":"https:\/\/business.roovi.com\/de\/wild-animals-edu-puzzle-kinderpuzzle-240-teile\/p\/","title":{"rendered":"Lernpuzzle f\u00fcr Kinder ab 7 Jahren, Wildtiere, 240 Teile"},"content":{"rendered":"<h2><span style=\"font-weight: 400;\">Die ber\u00fchmtesten wilden Tiere treffen sich in Edu-Puzzle 240 &#8211; Wildtiere! Entdecken Sie, wo sich die Fledermaus versteckt, sehen Sie, wie viele St\u00f6rche auf dem Bild sind, und viele andere faszinierende Details, die das Puzzlespiel zu einem fabelhaften und lustigen Erlebnis machen.<\/span><\/h2>\n<p><span style=\"font-weight: 400;\">Mit Edu-Puzzle 240 &#8211; Wildtiere k\u00f6nnen Sie und Ihr Kind eine wunderbare Welt aufbauen, die das Leben der ber\u00fchmtesten Wildtiere in freier Wildbahn darstellt. Elefanten, Giraffen und Tiger leben in Harmonie mit B\u00e4ren, Eulen und Papageien. In der Welt der Tiere findet jedes seinen Platz und vervollst\u00e4ndigt das perfekte Bild.<\/span><\/p>\n<p><span style=\"font-weight: 400;\">Edu-Puzzle 240 &#8211; Wildtiere ist ein wunderbares Puzzlespiel, das Sie Ihren Kindern n\u00e4her bringt und die Voraussetzungen f\u00fcr echte Verbundenheit und Freude miteinander schafft. An Schlechtwettertagen, in den Ferien oder bei Festen ist Edu-Puzzle 240 &#8211; Wildtiere eine Gelegenheit, sich zu entspannen, zu lernen und Spa\u00df zu haben.<\/span><\/p>\n<p><span style=\"font-weight: 400;\">Die warmen Farben, die animierten Figuren und die sch\u00f6ne Landschaft halten die Kinder bei einer kreativen T\u00e4tigkeit mit vielen Vorteilen f\u00fcr K\u00f6rper, Geist und Seele:\u00a0<\/span><\/p>\n<ul>\n<li style=\"font-weight: 400;\" aria-level=\"1\"><span style=\"font-weight: 400;\">Stimuliert die Entwicklung der Feinmotorik, der Koordination und der Aufmerksamkeit f\u00fcr Details<\/span><\/li>\n<li style=\"font-weight: 400;\" aria-level=\"1\"><span style=\"font-weight: 400;\">Entwickelt logisches und assoziatives Denken.<\/span><\/li>\n<li style=\"font-weight: 400;\" aria-level=\"1\"><span style=\"font-weight: 400;\">Bezieht beide Gehirnh\u00e4lften mit ein und ist eine komplexe \u00dcbung f\u00fcr das Gehirn.<\/span><\/li>\n<li style=\"font-weight: 400;\" aria-level=\"1\"><span style=\"font-weight: 400;\">Entwickelt das Kurzzeitged\u00e4chtnis und die F\u00e4higkeit, Probleme zu l\u00f6sen.<\/span><\/li>\n<li style=\"font-weight: 400;\" aria-level=\"1\"><span style=\"font-weight: 400;\">F\u00f6rdert die Aussch\u00fcttung von Endorphinen und Dopamin und l\u00f6st einen Zustand von Optimismus und Freude aus.<\/span><\/li>\n<li style=\"font-weight: 400;\" aria-level=\"1\"><span style=\"font-weight: 400;\">Mit jedem angemessenen Spiel gewinnen die Kinder mehr Vertrauen in ihre St\u00e4rken und entwickeln ihr Selbstwertgef\u00fchl.<\/span><\/li>\n<\/ul>\n<h2><span style=\"font-weight: 400;\">Warum Edu-Puzzle 240 &#8211; Wildtiere w\u00e4hlen?\u00a0<\/span><\/h2>\n<ul>\n<li><span style=\"font-weight: 400;\">Es ist ein Puzzlespiel aus hochwertigen Materialien, die Teile passen perfekt zusammen und halten unz\u00e4hligen Zusammensetzungen stand.<\/span><\/li>\n<li><span style=\"font-weight: 400;\">Wir achten auf jedes Detail, und deshalb ist die Grafik jedes ROOVI-Puzzles makellos. Die Grafiken sind klar, farbenfroh und kinderfreundlich.<\/span><\/li>\n<li><span style=\"font-weight: 400;\">Das zusammengesetzte Bild misst <\/span><b>42 x 28,8 cm<\/b><span style=\"font-weight: 400;\"> und ist damit gro\u00df genug, um als Dekoration f\u00fcr das Kinderzimmer zu dienen.<\/span><\/li>\n<li><span style=\"font-weight: 400;\">Es ist aus nachhaltigen und recycelbaren Materialien hergestellt, denn wir lieben und respektieren die Natur und die Umwelt, in der wir leben.<\/span><\/li>\n<li><span style=\"font-weight: 400;\">Es ist in einer farbenfrohen und stilvollen Schachtel verpackt, so dass es das richtige Geschenk f\u00fcr jedes Kind ab 8 Jahren sein kann, das sich f\u00fcr Puzzlespiele begeistert.<\/span><\/li>\n<\/ul>\n<h2><span style=\"font-weight: 400;\">Edu-Puzzle &#8211; Wildtiere: f\u00fcr magische Momente mit Kindern<\/span><\/h2>\n<p><span style=\"font-weight: 400;\">F\u00fcr energiegeladene, kreative und entdeckungsfreudige Kinder ist das Puzzlespiel eine Gelegenheit, das schnelle Tempo zu verlangsamen und sich in der Gegenwart zu verankern. Edu-Puzzle 240 Wildtiere hilft Kindern und Eltern gleicherma\u00dfen, ihre Gedanken zu ordnen, sich zu konzentrieren und ihr inneres Gleichgewicht zu finden.\u00a0<\/span><\/p>\n<p><span style=\"font-weight: 400;\">Das Puzzlespiel kann auch eine gute Gelegenheit sein, mit Kindern \u00fcber Themen zu sprechen, die sie besch\u00e4ftigen, ihnen zuzuh\u00f6ren und sie so zu verstehen, wie sie es m\u00f6chten. Es ist eine Zeit der Entspannung, des Kennenlernens und der Verbindung, eine Qualit\u00e4tszeit, die magische Erinnerungen f\u00fcr immer schafft.<\/span><\/p>\n<h2><span style=\"font-weight: 400;\">Und wenn Sie noch mehr lehrreiche und kreative Herausforderungen f\u00fcr Ihr Kind suchen, f\u00fcgen Sie 4 weitere brandneue 240-teilige Puzzles aus der ROOVI Edu-Puzzle Kollektion hinzu: <\/span><b><a href=\"https:\/\/business.roovi.com\/de\/ocean-life-edu-puzzle-2-kinderpuzzle-240-teile-2\/p\/\">Edu Puzzle &#8211; Leben im Ozean<\/a>, <a href=\"https:\/\/business.roovi.com\/de\/solar-system-edu-puzzle-kinderpuzzle-240-teile\/p\/\">Edu Puzzle &#8211; Sonnensystem<\/a>, <a href=\"https:\/\/business.roovi.com\/de\/farm-animals-edu-puzzle-kinderpuzzle-240-teile\/p\/\">Edu Puzzle &#8211; Bauernhoftiere<\/a><\/b><span style=\"font-weight: 400;\">\u00a0und <\/span><a href=\"https:\/\/business.roovi.com\/de\/discover-europe-edu-puzzle-kinderpuzzle-240-teile\/p\/\"><b>Edu Puzzle &#8211; Entdecken Europa<\/b><\/a><span style=\"font-weight: 400;\">.\u00a0<\/span><\/h2>\n<p>&nbsp;<\/p>\n","protected":false},"excerpt":{"rendered":"<p>Die ber\u00fchmtesten wilden Tiere treffen sich in Edu-Puzzle 240 &#8211; Wildtiere! Entdecken Sie, wo sich die Fledermaus versteckt, sehen Sie,<\/p>\n","protected":false},"featured_media":62207,"template":"","meta":[],"product_brand":[],"product_cat":[1876,1877,1875],"product_tag":[],"class_list":{"0":"post-62200","1":"product","2":"type-product","3":"status-publish","4":"has-post-thumbnail","6":"product_cat-kinder-puzzle","7":"product_cat-mehr-als-100-puzzlestucke","8":"product_cat-puzzle-de","10":"first","11":"onbackorder","12":"taxable","13":"shipping-taxable","14":"product-type-simple"},"yoast_head":"<!-- This site is optimized with the Yoast SEO plugin v20.1 - https:\/\/yoast.com\/wordpress\/plugins\/seo\/ -->\n<title>Lernpuzzle f\u00fcr Kinder ab 7 Jahren, Wildtiere, 240 Teile<\/title>\n<meta name=\"description\" content=\"Es ist an der Zeit, sich mit Ihren Kleinen zu besch\u00e4ftigen, Spa\u00df zu haben und Ihr Gehirn zu trainieren mit diesem lehrreichen Wildtierpuzzle f\u00fcr 7-J\u00e4hrige!\" \/>\n<meta name=\"robots\" content=\"index, follow, max-snippet:-1, max-image-preview:large, max-video-preview:-1\" \/>\n<link rel=\"canonical\" href=\"https:\/\/business.roovi.com\/de\/wild-animals-edu-puzzle-kinderpuzzle-240-teile\/p\/\" \/>\n<meta property=\"og:locale\" content=\"de_DE\" \/>\n<meta property=\"og:type\" content=\"article\" \/>\n<meta property=\"og:title\" content=\"Lernpuzzle f\u00fcr Kinder ab 7 Jahren, Wildtiere, 240 Teile\" \/>\n<meta property=\"og:description\" content=\"Es ist an der Zeit, sich mit Ihren Kleinen zu besch\u00e4ftigen, Spa\u00df zu haben und Ihr Gehirn zu trainieren mit diesem lehrreichen Wildtierpuzzle f\u00fcr 7-J\u00e4hrige!\" \/>\n<meta property=\"og:url\" content=\"https:\/\/business.roovi.com\/de\/wild-animals-edu-puzzle-kinderpuzzle-240-teile\/p\/\" \/>\n<meta property=\"og:site_name\" content=\"Roovi B2B\" \/>\n<meta property=\"article:publisher\" content=\"https:\/\/www.facebook.com\/wwwjucariero\" \/>\n<meta property=\"article:modified_time\" content=\"2023-04-28T20:45:57+00:00\" \/>\n<meta property=\"og:image\" content=\"https:\/\/business.roovi.com\/wp-content\/uploads\/2022\/12\/P-240-79244-03-WILD-ANIMALS.webp\" \/>\n\t<meta property=\"og:image:width\" content=\"1200\" \/>\n\t<meta property=\"og:image:height\" content=\"1200\" \/>\n\t<meta property=\"og:image:type\" content=\"image\/webp\" \/>\n<meta name=\"twitter:label1\" content=\"Gesch\u00e4tzte Lesezeit\" \/>\n\t<meta name=\"twitter:data1\" content=\"3\u00a0Minuten\" \/>\n<script type=\"application\/ld+json\" class=\"yoast-schema-graph\">{\"@context\":\"https:\/\/schema.org\",\"@graph\":[{\"@type\":\"WebPage\",\"@id\":\"https:\/\/business.roovi.com\/de\/wild-animals-edu-puzzle-kinderpuzzle-240-teile\/p\/\",\"url\":\"https:\/\/business.roovi.com\/de\/wild-animals-edu-puzzle-kinderpuzzle-240-teile\/p\/\",\"name\":\"Lernpuzzle f\u00fcr Kinder ab 7 Jahren, Wildtiere, 240 Teile\",\"isPartOf\":{\"@id\":\"https:\/\/business.roovi.com\/de\/#website\"},\"datePublished\":\"2022-12-09T06:06:50+00:00\",\"dateModified\":\"2023-04-28T20:45:57+00:00\",\"description\":\"Es ist an der Zeit, sich mit Ihren Kleinen zu besch\u00e4ftigen, Spa\u00df zu haben und Ihr Gehirn zu trainieren mit diesem lehrreichen Wildtierpuzzle f\u00fcr 7-J\u00e4hrige!\",\"breadcrumb\":{\"@id\":\"https:\/\/business.roovi.com\/de\/wild-animals-edu-puzzle-kinderpuzzle-240-teile\/p\/#breadcrumb\"},\"inLanguage\":\"de\",\"potentialAction\":[{\"@type\":\"ReadAction\",\"target\":[\"https:\/\/business.roovi.com\/de\/wild-animals-edu-puzzle-kinderpuzzle-240-teile\/p\/\"]}]},{\"@type\":\"BreadcrumbList\",\"@id\":\"https:\/\/business.roovi.com\/de\/wild-animals-edu-puzzle-kinderpuzzle-240-teile\/p\/#breadcrumb\",\"itemListElement\":[{\"@type\":\"ListItem\",\"position\":1,\"name\":\"Home\",\"item\":\"https:\/\/business.roovi.com\/de\/\"},{\"@type\":\"ListItem\",\"position\":2,\"name\":\"Shop\",\"item\":\"https:\/\/business.roovi.com\/de\/shop\/\"},{\"@type\":\"ListItem\",\"position\":3,\"name\":\"Lernpuzzle f\u00fcr Kinder ab 7 Jahren, Wildtiere, 240 Teile\"}]},{\"@type\":\"WebSite\",\"@id\":\"https:\/\/business.roovi.com\/de\/#website\",\"url\":\"https:\/\/business.roovi.com\/de\/\",\"name\":\"Roovi B2B\",\"description\":\"Roovi Business Website\",\"potentialAction\":[{\"@type\":\"SearchAction\",\"target\":{\"@type\":\"EntryPoint\",\"urlTemplate\":\"https:\/\/business.roovi.com\/de\/?s={search_term_string}\"},\"query-input\":\"required name=search_term_string\"}],\"inLanguage\":\"de\"}]}<\/script>\n<!-- \/ Yoast SEO plugin. -->","yoast_head_json":{"title":"Lernpuzzle f\u00fcr Kinder ab 7 Jahren, Wildtiere, 240 Teile","description":"Es ist an der Zeit, sich mit Ihren Kleinen zu besch\u00e4ftigen, Spa\u00df zu haben und Ihr Gehirn zu trainieren mit diesem lehrreichen Wildtierpuzzle f\u00fcr 7-J\u00e4hrige!","robots":{"index":"index","follow":"follow","max-snippet":"max-snippet:-1","max-image-preview":"max-image-preview:large","max-video-preview":"max-video-preview:-1"},"canonical":"https:\/\/business.roovi.com\/de\/wild-animals-edu-puzzle-kinderpuzzle-240-teile\/p\/","og_locale":"de_DE","og_type":"article","og_title":"Lernpuzzle f\u00fcr Kinder ab 7 Jahren, Wildtiere, 240 Teile","og_description":"Es ist an der Zeit, sich mit Ihren Kleinen zu besch\u00e4ftigen, Spa\u00df zu haben und Ihr Gehirn zu trainieren mit diesem lehrreichen Wildtierpuzzle f\u00fcr 7-J\u00e4hrige!","og_url":"https:\/\/business.roovi.com\/de\/wild-animals-edu-puzzle-kinderpuzzle-240-teile\/p\/","og_site_name":"Roovi B2B","article_publisher":"https:\/\/www.facebook.com\/wwwjucariero","article_modified_time":"2023-04-28T20:45:57+00:00","og_image":[{"width":1200,"height":1200,"url":"https:\/\/business.roovi.com\/wp-content\/uploads\/2022\/12\/P-240-79244-03-WILD-ANIMALS.webp","type":"image\/webp"}],"twitter_misc":{"Gesch\u00e4tzte Lesezeit":"3\u00a0Minuten"},"schema":{"@context":"https:\/\/schema.org","@graph":[{"@type":"WebPage","@id":"https:\/\/business.roovi.com\/de\/wild-animals-edu-puzzle-kinderpuzzle-240-teile\/p\/","url":"https:\/\/business.roovi.com\/de\/wild-animals-edu-puzzle-kinderpuzzle-240-teile\/p\/","name":"Lernpuzzle f\u00fcr Kinder ab 7 Jahren, Wildtiere, 240 Teile","isPartOf":{"@id":"https:\/\/business.roovi.com\/de\/#website"},"datePublished":"2022-12-09T06:06:50+00:00","dateModified":"2023-04-28T20:45:57+00:00","description":"Es ist an der Zeit, sich mit Ihren Kleinen zu besch\u00e4ftigen, Spa\u00df zu haben und Ihr Gehirn zu trainieren mit diesem lehrreichen Wildtierpuzzle f\u00fcr 7-J\u00e4hrige!","breadcrumb":{"@id":"https:\/\/business.roovi.com\/de\/wild-animals-edu-puzzle-kinderpuzzle-240-teile\/p\/#breadcrumb"},"inLanguage":"de","potentialAction":[{"@type":"ReadAction","target":["https:\/\/business.roovi.com\/de\/wild-animals-edu-puzzle-kinderpuzzle-240-teile\/p\/"]}]},{"@type":"BreadcrumbList","@id":"https:\/\/business.roovi.com\/de\/wild-animals-edu-puzzle-kinderpuzzle-240-teile\/p\/#breadcrumb","itemListElement":[{"@type":"ListItem","position":1,"name":"Home","item":"https:\/\/business.roovi.com\/de\/"},{"@type":"ListItem","position":2,"name":"Shop","item":"https:\/\/business.roovi.com\/de\/shop\/"},{"@type":"ListItem","position":3,"name":"Lernpuzzle f\u00fcr Kinder ab 7 Jahren, Wildtiere, 240 Teile"}]},{"@type":"WebSite","@id":"https:\/\/business.roovi.com\/de\/#website","url":"https:\/\/business.roovi.com\/de\/","name":"Roovi B2B","description":"Roovi Business Website","potentialAction":[{"@type":"SearchAction","target":{"@type":"EntryPoint","urlTemplate":"https:\/\/business.roovi.com\/de\/?s={search_term_string}"},"query-input":"required name=search_term_string"}],"inLanguage":"de"}]}},"_links":{"self":[{"href":"https:\/\/business.roovi.com\/de\/wp-json\/wp\/v2\/product\/62200","targetHints":{"allow":["GET"]}}],"collection":[{"href":"https:\/\/business.roovi.com\/de\/wp-json\/wp\/v2\/product"}],"about":[{"href":"https:\/\/business.roovi.com\/de\/wp-json\/wp\/v2\/types\/product"}],"version-history":[{"count":0,"href":"https:\/\/business.roovi.com\/de\/wp-json\/wp\/v2\/product\/62200\/revisions"}],"wp:featuredmedia":[{"embeddable":true,"href":"https:\/\/business.roovi.com\/de\/wp-json\/wp\/v2\/media\/62207"}],"wp:attachment":[{"href":"https:\/\/business.roovi.com\/de\/wp-json\/wp\/v2\/media?parent=62200"}],"wp:term":[{"taxonomy":"product_brand","embeddable":true,"href":"https:\/\/business.roovi.com\/de\/wp-json\/wp\/v2\/product_brand?post=62200"},{"taxonomy":"product_cat","embeddable":true,"href":"https:\/\/business.roovi.com\/de\/wp-json\/wp\/v2\/product_cat?post=62200"},{"taxonomy":"product_tag","embeddable":true,"href":"https:\/\/business.roovi.com\/de\/wp-json\/wp\/v2\/product_tag?post=62200"}],"curies":[{"name":"wp","href":"https:\/\/api.w.org\/{rel}","templated":true}]}}