{"id":62242,"date":"2022-12-09T06:33:26","date_gmt":"2022-12-09T06:33:26","guid":{"rendered":"https:\/\/business.roovi.com\/?post_type=product&#038;p=62242"},"modified":"2023-04-28T20:29:36","modified_gmt":"2023-04-28T20:29:36","slug":"discover-europe-edu-puzzle-kinderpuzzle-240-teile","status":"publish","type":"product","link":"https:\/\/business.roovi.com\/de\/discover-europe-edu-puzzle-kinderpuzzle-240-teile\/p\/","title":{"rendered":"Lernpuzzle f\u00fcr Kinder ab 7 Jahren, Entdecke Europa, 240 Teile"},"content":{"rendered":"<h2><span style=\"font-weight: 400;\">Willst du schnell alle europ\u00e4ischen Hauptst\u00e4dte lernen und dabei eine Menge Spa\u00df haben? Entdecken Sie Edu-Puzzle 240 &#8211; Entdecke Europa: ein attraktives, lehrreiches und entspannendes Puzzle, das perfekte Spiel f\u00fcr Kinder, die mehr wissen wollen.<\/span><\/h2>\n<p><span style=\"font-weight: 400;\">Das Auswendiglernen von Hauptst\u00e4dten, Flaggen und vielen Informationen \u00fcber europ\u00e4ische L\u00e4nder kann f\u00fcr Kinder eine schwierige Herausforderung sein. Edu-Puzzle 240 &#8211; Entdecke Europa hilft Kindern, sich viele Namen und Informationen in k\u00fcrzester Zeit zu merken.\u00a0<\/span><\/p>\n<p><span style=\"font-weight: 400;\">Edu-Puzzle 240 &#8211; Entdecke Europa ist mehr als nur ein Puzzlespiel. Es bietet den Kindern eine interaktive und unterhaltsame Geografiestunde, f\u00fchrt sie durch alle L\u00e4nder Europas und stellt ihnen einige der bekanntesten Sehensw\u00fcrdigkeiten in jedem Land vor.<\/span><\/p>\n<p><span style=\"font-weight: 400;\">Dar\u00fcber hinaus genie\u00dfen Kinder alle Vorteile von Puzzlespielen, wie z. B.:<\/span><\/p>\n<ul>\n<li style=\"font-weight: 400;\" aria-level=\"1\"><span style=\"font-weight: 400;\">Anregung des Ged\u00e4chtnisses und des logischen Denkens;<\/span><\/li>\n<li style=\"font-weight: 400;\" aria-level=\"1\"><span style=\"font-weight: 400;\">Entwicklung von Probleml\u00f6sungsf\u00e4higkeiten;<\/span><\/li>\n<li style=\"font-weight: 400;\" aria-level=\"1\"><span style=\"font-weight: 400;\">Verbesserung der Aufmerksamkeit und Konzentration;<\/span><\/li>\n<li style=\"font-weight: 400;\" aria-level=\"1\"><span style=\"font-weight: 400;\">Entwicklung von Selbstwertgef\u00fchl und Selbstvertrauen;<\/span><\/li>\n<li style=\"font-weight: 400;\" aria-level=\"1\"><span style=\"font-weight: 400;\">Entwicklung der F\u00e4higkeit zur Teamarbeit.<\/span><\/li>\n<\/ul>\n<h2><span style=\"font-weight: 400;\">Warum sollten Sie das Entdecke Europa Edu-Puzzle f\u00fcr Ihre Kinder w\u00e4hlen?<\/span><\/h2>\n<p><span style=\"font-weight: 400;\">Es handelt sich um ein Puzzlespiel aus hochwertigen Materialien, die Teile passen perfekt zusammen und das Ergebnis ist eine interaktive Karte, die f\u00fcr Unterrichtszwecke verwendet werden kann.<\/span><\/p>\n<p><span style=\"font-weight: 400;\">Das zusammengesetzte Bild misst <\/span><b>42 x 28,8 cm<\/b><span style=\"font-weight: 400;\"> und ist damit gro\u00df genug, um als Dekoration f\u00fcr das Kinderzimmer zu dienen.<\/span><\/p>\n<p><span style=\"font-weight: 400;\">Wir achten auf jedes Detail, so dass die Grafik jedes ROOVI-Puzzles makellos ist. Die Bilder sind klar, farbenfroh und kinderfreundlich.<\/span><\/p>\n<p><span style=\"font-weight: 400;\">Es wird aus nachhaltigen, recycelbaren Materialien hergestellt, denn wir lieben und respektieren die Natur und die Umwelt, in der wir leben.<\/span><\/p>\n<p><span style=\"font-weight: 400;\">Es ist in einer farbenfrohen und stilvollen Schachtel verpackt, so dass es das richtige Geschenk f\u00fcr jedes puzzle- oder geografiebegeisterte Kind ab 8 Jahren sein kann.<\/span><\/p>\n<p><span style=\"font-weight: 400;\">Es ist ein einzigartiges p\u00e4dagogisches Werkzeug, das im Geografieunterricht erfolgreich eingesetzt werden kann.<\/span><\/p>\n<h2><span style=\"font-weight: 400;\">Wussten Sie, dass&#8230;<\/span><\/h2>\n<ul>\n<li style=\"font-weight: 400;\" aria-level=\"1\"><span style=\"font-weight: 400;\">Das kleinste Land der Welt liegt in Europa. Es ist der Vatikan.<\/span><\/li>\n<li style=\"font-weight: 400;\" aria-level=\"1\"><span style=\"font-weight: 400;\">Ebenfalls in Europa liegt der \u00e4lteste Vulkan der Welt: Der \u00c4tna (Italien). Er bricht seit mehr als 350.000 Jahren immer wieder aus.<\/span><\/li>\n<li style=\"font-weight: 400;\" aria-level=\"1\"><span style=\"font-weight: 400;\">Auf dem Br\u00fcsseler Flughafen wird die meiste Schokolade der Welt verkauft.<\/span><\/li>\n<li style=\"font-weight: 400;\" aria-level=\"1\"><span style=\"font-weight: 400;\">Der Eiffelturm wurde dank einer innovativen Montagetechnik, die der rum\u00e4nische Ingenieur Gheorghe P\u0103nculescu erfand, in nur 2 Jahren gebaut.<\/span><\/li>\n<li style=\"font-weight: 400;\" aria-level=\"1\"><span style=\"font-weight: 400;\">Die Pizza ist eine Erfindung der Italiener, genauer gesagt von Raffaele Esposito, dem B\u00e4cker, der 1860 die erste Pizza der Geschichte gebacken hat.<\/span><\/li>\n<\/ul>\n<h2><span style=\"font-weight: 400;\">Entdecke Europa Edu-Puzzle: Qualit\u00e4tszeit mit Ihren Kindern\u00a0<\/span><\/h2>\n<p><span style=\"font-weight: 400;\">Schlechtes Wetter h\u00e4lt Sie l\u00e4nger im Haus? Es ist Ferienzeit und Sie m\u00f6chten eine sinnvolle Zeit mit Ihren Kindern verbringen? Oder wollen Sie sich einfach nur von den Bildschirmen entfernen, sich austauschen und gemeinsam Spa\u00df haben?<\/span><\/p>\n<p><span style=\"font-weight: 400;\">Edu-Puzzle 240 &#8211; Entdecke Europa ist das Puzzle, das Sie zusammenbringt und Ihnen hilft, den gegenw\u00e4rtigen Moment zu genie\u00dfen. Au\u00dferdem ist es die perfekte Gelegenheit, spielerisch zu lernen.\u00a0<\/span><\/p>\n<p><span style=\"font-weight: 400;\">W\u00e4hrend Sie die 240-teilige Puzzlekarte vervollst\u00e4ndigen, k\u00f6nnen Sie Ihrem Kind etwas \u00fcber die L\u00e4nder Europas, ihre Hauptst\u00e4dte oder Wahrzeichen erz\u00e4hlen. Sie k\u00f6nnen sogar die L\u00e4nder oder Orte auf der Karte abhaken, die Sie gemeinsam erreicht haben oder in die Sie in den Urlaub fahren wollen.\u00a0<\/span><\/p>\n<h3><span style=\"font-weight: 400;\">Und wenn Sie noch mehr lehrreiche und kreative Herausforderungen f\u00fcr Ihr Kind suchen, f\u00fcgen Sie 4 weitere brandneue 240-teilige Puzzles aus der ROOVI Edu Puzzle Kollektion hinzu: <\/span><b><a href=\"https:\/\/business.roovi.com\/de\/ocean-life-edu-puzzle-2-kinderpuzzle-240-teile-2\/p\/\">Edu Puzzle &#8211; Leben im Ozean<\/a>, <a href=\"https:\/\/business.roovi.com\/de\/solar-system-edu-puzzle-kinderpuzzle-240-teile\/p\/\">Edu Puzzle &#8211; Sonnensystem<\/a>, <a href=\"https:\/\/business.roovi.com\/de\/farm-animals-edu-puzzle-kinderpuzzle-240-teile\/p\/\">Edu Puzzle &#8211; Bauernhoftiere<\/a><\/b><span style=\"font-weight: 400;\">\u00a0und <\/span><a href=\"https:\/\/business.roovi.com\/de\/wild-animals-edu-puzzle-kinderpuzzle-240-teile\/p\/\"><b>Edu Puzzle &#8211; Wildtiere<\/b><\/a><span style=\"font-weight: 400;\">. <\/span><\/h3>\n","protected":false},"excerpt":{"rendered":"<p>Willst du schnell alle europ\u00e4ischen Hauptst\u00e4dte lernen und dabei eine Menge Spa\u00df haben? Entdecken Sie Edu-Puzzle 240 &#8211; Entdecke Europa:<\/p>\n","protected":false},"featured_media":63014,"template":"","meta":[],"product_brand":[],"product_cat":[1876,1877,1875],"product_tag":[],"class_list":{"0":"post-62242","1":"product","2":"type-product","3":"status-publish","4":"has-post-thumbnail","6":"product_cat-kinder-puzzle","7":"product_cat-mehr-als-100-puzzlestucke","8":"product_cat-puzzle-de","10":"first","11":"onbackorder","12":"taxable","13":"shipping-taxable","14":"product-type-simple"},"yoast_head":"<!-- This site is optimized with the Yoast SEO plugin v20.1 - https:\/\/yoast.com\/wordpress\/plugins\/seo\/ -->\n<title>Lernpuzzle Geografie f\u00fcr 7-J\u00e4hrige zur Entdeckung Europas, 240<\/title>\n<meta name=\"description\" content=\"Mit diesem lehrreichen Europa-Kartenpuzzle, das den Kindern hilft, die Wahrzeichen des Kontinents zu entdecken, macht der Geografieunterricht richtig Spa\u00df!\" \/>\n<meta name=\"robots\" content=\"index, follow, max-snippet:-1, max-image-preview:large, max-video-preview:-1\" \/>\n<link rel=\"canonical\" href=\"https:\/\/business.roovi.com\/de\/discover-europe-edu-puzzle-kinderpuzzle-240-teile\/p\/\" \/>\n<meta property=\"og:locale\" content=\"de_DE\" \/>\n<meta property=\"og:type\" content=\"article\" \/>\n<meta property=\"og:title\" content=\"Lernpuzzle Geografie f\u00fcr 7-J\u00e4hrige zur Entdeckung Europas, 240\" \/>\n<meta property=\"og:description\" content=\"Mit diesem lehrreichen Europa-Kartenpuzzle, das den Kindern hilft, die Wahrzeichen des Kontinents zu entdecken, macht der Geografieunterricht richtig Spa\u00df!\" \/>\n<meta property=\"og:url\" content=\"https:\/\/business.roovi.com\/de\/discover-europe-edu-puzzle-kinderpuzzle-240-teile\/p\/\" \/>\n<meta property=\"og:site_name\" content=\"Roovi B2B\" \/>\n<meta property=\"article:publisher\" content=\"https:\/\/www.facebook.com\/wwwjucariero\" \/>\n<meta property=\"article:modified_time\" content=\"2023-04-28T20:29:36+00:00\" \/>\n<meta property=\"og:image\" content=\"https:\/\/business.roovi.com\/wp-content\/uploads\/2022\/12\/P-240-79251-02-DISCOVER-EUROPE-1-scaled.jpg\" \/>\n\t<meta property=\"og:image:width\" content=\"2560\" \/>\n\t<meta property=\"og:image:height\" content=\"2560\" \/>\n\t<meta property=\"og:image:type\" content=\"image\/jpeg\" \/>\n<meta name=\"twitter:label1\" content=\"Gesch\u00e4tzte Lesezeit\" \/>\n\t<meta name=\"twitter:data1\" content=\"3\u00a0Minuten\" \/>\n<script type=\"application\/ld+json\" class=\"yoast-schema-graph\">{\"@context\":\"https:\/\/schema.org\",\"@graph\":[{\"@type\":\"WebPage\",\"@id\":\"https:\/\/business.roovi.com\/de\/discover-europe-edu-puzzle-kinderpuzzle-240-teile\/p\/\",\"url\":\"https:\/\/business.roovi.com\/de\/discover-europe-edu-puzzle-kinderpuzzle-240-teile\/p\/\",\"name\":\"Lernpuzzle Geografie f\u00fcr 7-J\u00e4hrige zur Entdeckung Europas, 240\",\"isPartOf\":{\"@id\":\"https:\/\/business.roovi.com\/de\/#website\"},\"datePublished\":\"2022-12-09T06:33:26+00:00\",\"dateModified\":\"2023-04-28T20:29:36+00:00\",\"description\":\"Mit diesem lehrreichen Europa-Kartenpuzzle, das den Kindern hilft, die Wahrzeichen des Kontinents zu entdecken, macht der Geografieunterricht richtig Spa\u00df!\",\"breadcrumb\":{\"@id\":\"https:\/\/business.roovi.com\/de\/discover-europe-edu-puzzle-kinderpuzzle-240-teile\/p\/#breadcrumb\"},\"inLanguage\":\"de\",\"potentialAction\":[{\"@type\":\"ReadAction\",\"target\":[\"https:\/\/business.roovi.com\/de\/discover-europe-edu-puzzle-kinderpuzzle-240-teile\/p\/\"]}]},{\"@type\":\"BreadcrumbList\",\"@id\":\"https:\/\/business.roovi.com\/de\/discover-europe-edu-puzzle-kinderpuzzle-240-teile\/p\/#breadcrumb\",\"itemListElement\":[{\"@type\":\"ListItem\",\"position\":1,\"name\":\"Home\",\"item\":\"https:\/\/business.roovi.com\/de\/\"},{\"@type\":\"ListItem\",\"position\":2,\"name\":\"Shop\",\"item\":\"https:\/\/business.roovi.com\/de\/shop\/\"},{\"@type\":\"ListItem\",\"position\":3,\"name\":\"Lernpuzzle f\u00fcr Kinder ab 7 Jahren, Entdecke Europa, 240 Teile\"}]},{\"@type\":\"WebSite\",\"@id\":\"https:\/\/business.roovi.com\/de\/#website\",\"url\":\"https:\/\/business.roovi.com\/de\/\",\"name\":\"Roovi B2B\",\"description\":\"Roovi Business Website\",\"potentialAction\":[{\"@type\":\"SearchAction\",\"target\":{\"@type\":\"EntryPoint\",\"urlTemplate\":\"https:\/\/business.roovi.com\/de\/?s={search_term_string}\"},\"query-input\":\"required name=search_term_string\"}],\"inLanguage\":\"de\"}]}<\/script>\n<!-- \/ Yoast SEO plugin. -->","yoast_head_json":{"title":"Lernpuzzle Geografie f\u00fcr 7-J\u00e4hrige zur Entdeckung Europas, 240","description":"Mit diesem lehrreichen Europa-Kartenpuzzle, das den Kindern hilft, die Wahrzeichen des Kontinents zu entdecken, macht der Geografieunterricht richtig Spa\u00df!","robots":{"index":"index","follow":"follow","max-snippet":"max-snippet:-1","max-image-preview":"max-image-preview:large","max-video-preview":"max-video-preview:-1"},"canonical":"https:\/\/business.roovi.com\/de\/discover-europe-edu-puzzle-kinderpuzzle-240-teile\/p\/","og_locale":"de_DE","og_type":"article","og_title":"Lernpuzzle Geografie f\u00fcr 7-J\u00e4hrige zur Entdeckung Europas, 240","og_description":"Mit diesem lehrreichen Europa-Kartenpuzzle, das den Kindern hilft, die Wahrzeichen des Kontinents zu entdecken, macht der Geografieunterricht richtig Spa\u00df!","og_url":"https:\/\/business.roovi.com\/de\/discover-europe-edu-puzzle-kinderpuzzle-240-teile\/p\/","og_site_name":"Roovi B2B","article_publisher":"https:\/\/www.facebook.com\/wwwjucariero","article_modified_time":"2023-04-28T20:29:36+00:00","og_image":[{"width":2560,"height":2560,"url":"https:\/\/business.roovi.com\/wp-content\/uploads\/2022\/12\/P-240-79251-02-DISCOVER-EUROPE-1-scaled.jpg","type":"image\/jpeg"}],"twitter_misc":{"Gesch\u00e4tzte Lesezeit":"3\u00a0Minuten"},"schema":{"@context":"https:\/\/schema.org","@graph":[{"@type":"WebPage","@id":"https:\/\/business.roovi.com\/de\/discover-europe-edu-puzzle-kinderpuzzle-240-teile\/p\/","url":"https:\/\/business.roovi.com\/de\/discover-europe-edu-puzzle-kinderpuzzle-240-teile\/p\/","name":"Lernpuzzle Geografie f\u00fcr 7-J\u00e4hrige zur Entdeckung Europas, 240","isPartOf":{"@id":"https:\/\/business.roovi.com\/de\/#website"},"datePublished":"2022-12-09T06:33:26+00:00","dateModified":"2023-04-28T20:29:36+00:00","description":"Mit diesem lehrreichen Europa-Kartenpuzzle, das den Kindern hilft, die Wahrzeichen des Kontinents zu entdecken, macht der Geografieunterricht richtig Spa\u00df!","breadcrumb":{"@id":"https:\/\/business.roovi.com\/de\/discover-europe-edu-puzzle-kinderpuzzle-240-teile\/p\/#breadcrumb"},"inLanguage":"de","potentialAction":[{"@type":"ReadAction","target":["https:\/\/business.roovi.com\/de\/discover-europe-edu-puzzle-kinderpuzzle-240-teile\/p\/"]}]},{"@type":"BreadcrumbList","@id":"https:\/\/business.roovi.com\/de\/discover-europe-edu-puzzle-kinderpuzzle-240-teile\/p\/#breadcrumb","itemListElement":[{"@type":"ListItem","position":1,"name":"Home","item":"https:\/\/business.roovi.com\/de\/"},{"@type":"ListItem","position":2,"name":"Shop","item":"https:\/\/business.roovi.com\/de\/shop\/"},{"@type":"ListItem","position":3,"name":"Lernpuzzle f\u00fcr Kinder ab 7 Jahren, Entdecke Europa, 240 Teile"}]},{"@type":"WebSite","@id":"https:\/\/business.roovi.com\/de\/#website","url":"https:\/\/business.roovi.com\/de\/","name":"Roovi B2B","description":"Roovi Business Website","potentialAction":[{"@type":"SearchAction","target":{"@type":"EntryPoint","urlTemplate":"https:\/\/business.roovi.com\/de\/?s={search_term_string}"},"query-input":"required name=search_term_string"}],"inLanguage":"de"}]}},"_links":{"self":[{"href":"https:\/\/business.roovi.com\/de\/wp-json\/wp\/v2\/product\/62242","targetHints":{"allow":["GET"]}}],"collection":[{"href":"https:\/\/business.roovi.com\/de\/wp-json\/wp\/v2\/product"}],"about":[{"href":"https:\/\/business.roovi.com\/de\/wp-json\/wp\/v2\/types\/product"}],"version-history":[{"count":0,"href":"https:\/\/business.roovi.com\/de\/wp-json\/wp\/v2\/product\/62242\/revisions"}],"wp:featuredmedia":[{"embeddable":true,"href":"https:\/\/business.roovi.com\/de\/wp-json\/wp\/v2\/media\/63014"}],"wp:attachment":[{"href":"https:\/\/business.roovi.com\/de\/wp-json\/wp\/v2\/media?parent=62242"}],"wp:term":[{"taxonomy":"product_brand","embeddable":true,"href":"https:\/\/business.roovi.com\/de\/wp-json\/wp\/v2\/product_brand?post=62242"},{"taxonomy":"product_cat","embeddable":true,"href":"https:\/\/business.roovi.com\/de\/wp-json\/wp\/v2\/product_cat?post=62242"},{"taxonomy":"product_tag","embeddable":true,"href":"https:\/\/business.roovi.com\/de\/wp-json\/wp\/v2\/product_tag?post=62242"}],"curies":[{"name":"wp","href":"https:\/\/api.w.org\/{rel}","templated":true}]}}