{"id":70840,"date":"2023-08-07T11:56:45","date_gmt":"2023-08-07T11:56:45","guid":{"rendered":"https:\/\/business.roovi.com\/set-traforaj-animale-acvatice\/p\/"},"modified":"2025-03-13T06:50:56","modified_gmt":"2025-03-13T06:50:56","slug":"set-traforaj-animale-acvatice","status":"publish","type":"product","link":"https:\/\/business.roovi.com\/de\/set-traforaj-animale-acvatice\/p\/","title":{"rendered":"Set traforaj &#8211; Animale acvatice"},"content":{"rendered":"<h3><span style=\"font-weight: 400;\">Copilul t\u0103u ador\u0103 s\u0103 me\u0219tereasc\u0103 mereu c\u00e2te ceva? Este nespus de fericit pentru fiecare crea\u021bia personal\u0103? Alege pentru el Setul de Traforaj de la ROOVI \u0219i sus\u021bine-l s\u0103-\u0219i foloseasc\u0103 energia \u00een mod creativ.<\/span><\/h3>\n<p><span style=\"font-weight: 400;\">Lucrul cu lemnul \u00eei fascineaz\u0103 pe micii n\u0103zdr\u0103vani, dornici s\u0103-\u0219i creeze propriul univers folosindu-\u0219i din plin imagina\u021bia \u0219i \u00eendem\u00e2narea.<\/span><\/p>\n<p><span style=\"font-weight: 400;\">Cu Setul de Traforaj de la ROOVI cei mici ob\u021bin forme de animale simpatice care vor deveni rapid prietenii lor de joac\u0103.\u00a0<\/span><\/p>\n<p><span style=\"font-weight: 400;\">\u00cen plus, traforajul este o bun\u0103 oportunitate de conectare cu copilul t\u0103u \u0219i o modalitate relaxant\u0103 de a v\u0103 petrece timpul liber \u00eempreun\u0103.<\/span><\/p>\n<h3><span style=\"font-weight: 400;\">De ce s\u0103 alegi Setul de Traforaj de la ROOVI\u00a0<\/span><\/h3>\n<ul>\n<li style=\"font-weight: 400;\" aria-level=\"1\"><span style=\"font-weight: 400;\">Toate componentele sunt de calitate superioar\u0103, asigur\u00e2nd o experien\u021b\u0103 creativ\u0103 de neuitat.<\/span><\/li>\n<li style=\"font-weight: 400;\" aria-level=\"1\"><span style=\"font-weight: 400;\">Fier\u0103str\u0103ul are o form\u0103 ergonomic\u0103, se manevreaz\u0103 u\u0219or, iar lamele se schimb\u0103 \u0219i ele cu u\u0219urin\u021b\u0103.<\/span><\/li>\n<li style=\"font-weight: 400;\" aria-level=\"1\"><span style=\"font-weight: 400;\">Modelele ob\u021binute au marginile netede \u0219i fine, rezult\u00e2nd astfel ni\u0219te forme din lemn cu care copilul se va juca ulterior bucuros.<\/span><\/li>\n<li style=\"font-weight: 400;\" aria-level=\"1\"><span style=\"font-weight: 400;\">Setul con\u021bine at\u00e2t modele cu animale, pe care copiii le pot decupa, c\u00e2t \u0219i placaj neimprimat, din care pot crea ceea ce \u00ee\u0219i doresc.<\/span><\/li>\n<li style=\"font-weight: 400;\" aria-level=\"1\"><span style=\"font-weight: 400;\">Este un foarte bun exerci\u021biu de aten\u021bie \u0219i \u00eendem\u00e2nare, la orice v\u00e2rst\u0103.<\/span><\/li>\n<li style=\"font-weight: 400;\" aria-level=\"1\"><span style=\"font-weight: 400;\">Sus\u021bine dezvoltarea coordon\u0103rii m\u00e2n\u0103-ochi \u0219i a motricit\u0103\u021bii fine.<\/span><\/li>\n<li style=\"font-weight: 400;\" aria-level=\"1\"><span style=\"font-weight: 400;\">Este \u0219i un bun exerci\u021biu fizic, \u00eentruc\u00e2t prelucrarea lemnului presupune \u0219i diferite mi\u0219c\u0103ri ale corpului.<\/span><\/li>\n<li style=\"font-weight: 400;\" aria-level=\"1\"><span style=\"font-weight: 400;\">Distractiv\u0103 \u0219i relaxant\u0103, aceast\u0103 activitate \u00eei \u021bine pe copii departe de ecrane un timp \u00eendelungat.<\/span><\/li>\n<\/ul>\n<h3><span style=\"font-weight: 400;\">Traforajul &#8211; o modalitate diferit\u0103 de exprimare a emo\u021biilor<\/span><\/h3>\n<p><span style=\"font-weight: 400;\">\u0218tiai c\u0103 lucrul de prelucrare a lemnului este benefic pentru dezvoltarea mental\u0103 \u0219i emo\u021bional\u0103 a copiilor? Me\u0219terind la formele preferate, copilul se deconecteaz\u0103 de la ritmul agitat \u0219i se descoper\u0103 pe sine \u00eentr-un mod diferit.\u00a0<\/span><\/p>\n<p><span style=\"font-weight: 400;\">F\u0103r\u0103 s\u0103 vrea, se concentreaz\u0103 pe momentul prezent, eliber\u00e2ndu-\u0219i mintea de g\u00e2nduri, furie sau stres. Prive\u0219te astfel lumea din interior, spre exterior \u0219i creeaz\u0103 relaxat, exprim\u00e2ndu-\u0219i emo\u021biile prin propria munc\u0103.<\/span><\/p>\n<p><span style=\"font-weight: 400;\">\u00cen plus, lucrul cu lemnul \u00eei ofer\u0103 sentimentul de \u00eemplinire odat\u0103 ce formele anim\u0103lu\u021belor prind via\u021b\u0103 din m\u00e2inile lui. Copilul \u00eenva\u021b\u0103 c\u0103 el \u00eensu\u021bi este creator \u0219i poate \u00eemplini orice, dac\u0103 \u00ee\u0219i dore\u0219te cu adev\u0103rat.\u00a0<\/span><\/p>\n<p><span style=\"font-weight: 400;\">Fie c\u0103 micul t\u0103u n\u0103zdr\u0103van este pasionat de bricolaj, c\u0103 \u00ee\u021bi dore\u0219ti nu doar s\u0103-i \u021bii ocupa\u021bi pe copii, ci \u0219i s\u0103 \u00eei sus\u021bii s\u0103 \u00ee\u0219i dezvolte o nou\u0103 pasiune, Setul de Traforaj este alegerea perfect\u0103.\u00a0<\/span><\/p>\n<p><b>Setul con\u021bine:<\/b><\/p>\n<ul>\n<li style=\"font-weight: 400;\" aria-level=\"1\"><span style=\"font-weight: 400;\">un fier\u0103str\u0103u traforaj<\/span><\/li>\n<li style=\"font-weight: 400;\" aria-level=\"1\"><span style=\"font-weight: 400;\">5 paze traforaj<\/span><\/li>\n<li style=\"font-weight: 400;\" aria-level=\"1\"><span style=\"font-weight: 400;\">suport lemn de t\u0103iat<\/span><\/li>\n<li style=\"font-weight: 400;\" aria-level=\"1\"><span style=\"font-weight: 400;\">clem\u0103 de prindere<\/span><\/li>\n<li style=\"font-weight: 400;\" aria-level=\"1\"><span style=\"font-weight: 400;\">modele traforaj imprimate pe placaj 25 X 25 cm<\/span><\/li>\n<li style=\"font-weight: 400;\" aria-level=\"1\"><span style=\"font-weight: 400;\">placaj neimprimat 25 X 25 cm.<\/span><\/li>\n<\/ul>\n<p><span style=\"font-weight: 400;\">Pentru o experien\u021b\u0103 creativ\u0103 \u0219i distractiv\u0103 \u00een siguran\u021b\u0103, recomand\u0103m ca activitatea de traforare s\u0103 se realizeze sub supravegherea unui adult.<\/span><\/p>\n<p><span style=\"font-weight: 400;\">V\u00e2rsta recomandat\u0103: 8+<\/span><\/p>\n<p><span style=\"font-weight: 400;\">Nerecomandat copiilor sub 3 ani. <\/span><\/p>\n","protected":false},"excerpt":{"rendered":"<p>Copilul t\u0103u ador\u0103 s\u0103 me\u0219tereasc\u0103 mereu c\u00e2te ceva? Este nespus de fericit pentru fiecare crea\u021bia personal\u0103? Alege pentru el Setul<\/p>\n","protected":false},"featured_media":70835,"template":"","meta":[],"product_brand":[],"product_cat":[1998,1897],"product_tag":[],"class_list":{"0":"post-70840","1":"product","2":"type-product","3":"status-publish","4":"has-post-thumbnail","6":"product_cat-kreative-bausatze","7":"product_cat-kreative-spiele","9":"first","10":"instock","11":"taxable","12":"shipping-taxable","13":"product-type-simple"},"yoast_head":"<!-- This site is optimized with the Yoast SEO plugin v20.1 - https:\/\/yoast.com\/wordpress\/plugins\/seo\/ -->\n<title>Set traforaj - Animale acvatice - Roovi B2B<\/title>\n<meta name=\"robots\" content=\"index, follow, max-snippet:-1, max-image-preview:large, max-video-preview:-1\" \/>\n<link rel=\"canonical\" href=\"https:\/\/business.roovi.com\/de\/set-traforaj-animale-acvatice\/p\/\" \/>\n<meta property=\"og:locale\" content=\"de_DE\" \/>\n<meta property=\"og:type\" content=\"article\" \/>\n<meta property=\"og:title\" content=\"Set traforaj - Animale acvatice - Roovi B2B\" \/>\n<meta property=\"og:description\" content=\"Copilul t\u0103u ador\u0103 s\u0103 me\u0219tereasc\u0103 mereu c\u00e2te ceva? Este nespus de fericit pentru fiecare crea\u021bia personal\u0103? Alege pentru el Setul\" \/>\n<meta property=\"og:url\" content=\"https:\/\/business.roovi.com\/de\/set-traforaj-animale-acvatice\/p\/\" \/>\n<meta property=\"og:site_name\" content=\"Roovi B2B\" \/>\n<meta property=\"article:publisher\" content=\"https:\/\/www.facebook.com\/wwwjucariero\" \/>\n<meta property=\"article:modified_time\" content=\"2025-03-13T06:50:56+00:00\" \/>\n<meta property=\"og:image\" content=\"https:\/\/business.roovi.com\/wp-content\/uploads\/2023\/08\/Fretsaw-kit-aquatic-animals-79145.jpg\" \/>\n\t<meta property=\"og:image:width\" content=\"1200\" \/>\n\t<meta property=\"og:image:height\" content=\"1200\" \/>\n\t<meta property=\"og:image:type\" content=\"image\/jpeg\" \/>\n<meta name=\"twitter:label1\" content=\"Gesch\u00e4tzte Lesezeit\" \/>\n\t<meta name=\"twitter:data1\" content=\"2\u00a0Minuten\" \/>\n<script type=\"application\/ld+json\" class=\"yoast-schema-graph\">{\"@context\":\"https:\/\/schema.org\",\"@graph\":[{\"@type\":\"WebPage\",\"@id\":\"https:\/\/business.roovi.com\/de\/set-traforaj-animale-acvatice\/p\/\",\"url\":\"https:\/\/business.roovi.com\/de\/set-traforaj-animale-acvatice\/p\/\",\"name\":\"Set traforaj - Animale acvatice - Roovi B2B\",\"isPartOf\":{\"@id\":\"https:\/\/business.roovi.com\/de\/#website\"},\"datePublished\":\"2023-08-07T11:56:45+00:00\",\"dateModified\":\"2025-03-13T06:50:56+00:00\",\"breadcrumb\":{\"@id\":\"https:\/\/business.roovi.com\/de\/set-traforaj-animale-acvatice\/p\/#breadcrumb\"},\"inLanguage\":\"de\",\"potentialAction\":[{\"@type\":\"ReadAction\",\"target\":[\"https:\/\/business.roovi.com\/de\/set-traforaj-animale-acvatice\/p\/\"]}]},{\"@type\":\"BreadcrumbList\",\"@id\":\"https:\/\/business.roovi.com\/de\/set-traforaj-animale-acvatice\/p\/#breadcrumb\",\"itemListElement\":[{\"@type\":\"ListItem\",\"position\":1,\"name\":\"Home\",\"item\":\"https:\/\/business.roovi.com\/de\/\"},{\"@type\":\"ListItem\",\"position\":2,\"name\":\"Shop\",\"item\":\"https:\/\/business.roovi.com\/de\/shop\/\"},{\"@type\":\"ListItem\",\"position\":3,\"name\":\"Set traforaj &#8211; Animale acvatice\"}]},{\"@type\":\"WebSite\",\"@id\":\"https:\/\/business.roovi.com\/de\/#website\",\"url\":\"https:\/\/business.roovi.com\/de\/\",\"name\":\"Roovi B2B\",\"description\":\"Roovi Business Website\",\"potentialAction\":[{\"@type\":\"SearchAction\",\"target\":{\"@type\":\"EntryPoint\",\"urlTemplate\":\"https:\/\/business.roovi.com\/de\/?s={search_term_string}\"},\"query-input\":\"required name=search_term_string\"}],\"inLanguage\":\"de\"}]}<\/script>\n<!-- \/ Yoast SEO plugin. -->","yoast_head_json":{"title":"Set traforaj - Animale acvatice - Roovi B2B","robots":{"index":"index","follow":"follow","max-snippet":"max-snippet:-1","max-image-preview":"max-image-preview:large","max-video-preview":"max-video-preview:-1"},"canonical":"https:\/\/business.roovi.com\/de\/set-traforaj-animale-acvatice\/p\/","og_locale":"de_DE","og_type":"article","og_title":"Set traforaj - Animale acvatice - Roovi B2B","og_description":"Copilul t\u0103u ador\u0103 s\u0103 me\u0219tereasc\u0103 mereu c\u00e2te ceva? Este nespus de fericit pentru fiecare crea\u021bia personal\u0103? Alege pentru el Setul","og_url":"https:\/\/business.roovi.com\/de\/set-traforaj-animale-acvatice\/p\/","og_site_name":"Roovi B2B","article_publisher":"https:\/\/www.facebook.com\/wwwjucariero","article_modified_time":"2025-03-13T06:50:56+00:00","og_image":[{"width":1200,"height":1200,"url":"https:\/\/business.roovi.com\/wp-content\/uploads\/2023\/08\/Fretsaw-kit-aquatic-animals-79145.jpg","type":"image\/jpeg"}],"twitter_misc":{"Gesch\u00e4tzte Lesezeit":"2\u00a0Minuten"},"schema":{"@context":"https:\/\/schema.org","@graph":[{"@type":"WebPage","@id":"https:\/\/business.roovi.com\/de\/set-traforaj-animale-acvatice\/p\/","url":"https:\/\/business.roovi.com\/de\/set-traforaj-animale-acvatice\/p\/","name":"Set traforaj - Animale acvatice - Roovi B2B","isPartOf":{"@id":"https:\/\/business.roovi.com\/de\/#website"},"datePublished":"2023-08-07T11:56:45+00:00","dateModified":"2025-03-13T06:50:56+00:00","breadcrumb":{"@id":"https:\/\/business.roovi.com\/de\/set-traforaj-animale-acvatice\/p\/#breadcrumb"},"inLanguage":"de","potentialAction":[{"@type":"ReadAction","target":["https:\/\/business.roovi.com\/de\/set-traforaj-animale-acvatice\/p\/"]}]},{"@type":"BreadcrumbList","@id":"https:\/\/business.roovi.com\/de\/set-traforaj-animale-acvatice\/p\/#breadcrumb","itemListElement":[{"@type":"ListItem","position":1,"name":"Home","item":"https:\/\/business.roovi.com\/de\/"},{"@type":"ListItem","position":2,"name":"Shop","item":"https:\/\/business.roovi.com\/de\/shop\/"},{"@type":"ListItem","position":3,"name":"Set traforaj &#8211; Animale acvatice"}]},{"@type":"WebSite","@id":"https:\/\/business.roovi.com\/de\/#website","url":"https:\/\/business.roovi.com\/de\/","name":"Roovi B2B","description":"Roovi Business Website","potentialAction":[{"@type":"SearchAction","target":{"@type":"EntryPoint","urlTemplate":"https:\/\/business.roovi.com\/de\/?s={search_term_string}"},"query-input":"required name=search_term_string"}],"inLanguage":"de"}]}},"_links":{"self":[{"href":"https:\/\/business.roovi.com\/de\/wp-json\/wp\/v2\/product\/70840","targetHints":{"allow":["GET"]}}],"collection":[{"href":"https:\/\/business.roovi.com\/de\/wp-json\/wp\/v2\/product"}],"about":[{"href":"https:\/\/business.roovi.com\/de\/wp-json\/wp\/v2\/types\/product"}],"version-history":[{"count":0,"href":"https:\/\/business.roovi.com\/de\/wp-json\/wp\/v2\/product\/70840\/revisions"}],"wp:featuredmedia":[{"embeddable":true,"href":"https:\/\/business.roovi.com\/de\/wp-json\/wp\/v2\/media\/70835"}],"wp:attachment":[{"href":"https:\/\/business.roovi.com\/de\/wp-json\/wp\/v2\/media?parent=70840"}],"wp:term":[{"taxonomy":"product_brand","embeddable":true,"href":"https:\/\/business.roovi.com\/de\/wp-json\/wp\/v2\/product_brand?post=70840"},{"taxonomy":"product_cat","embeddable":true,"href":"https:\/\/business.roovi.com\/de\/wp-json\/wp\/v2\/product_cat?post=70840"},{"taxonomy":"product_tag","embeddable":true,"href":"https:\/\/business.roovi.com\/de\/wp-json\/wp\/v2\/product_tag?post=70840"}],"curies":[{"name":"wp","href":"https:\/\/api.w.org\/{rel}","templated":true}]}}