{"id":73499,"date":"2024-09-09T09:28:32","date_gmt":"2024-09-09T09:28:32","guid":{"rendered":"https:\/\/business.roovi.com\/inventator-mecanica-motociclete-personalizate-cu-5-modele-bonus-inventor-mechanics-custom-bike-with-5-bonus-models\/p\/"},"modified":"2024-09-12T06:50:15","modified_gmt":"2024-09-12T06:50:15","slug":"inventator-mecanica-motociclete-personalizate-cu-5-modele-bonus-inventor-mechanics-custom-bike-with-5-bonus-models","status":"publish","type":"product","link":"https:\/\/business.roovi.com\/de\/inventator-mecanica-motociclete-personalizate-cu-5-modele-bonus-inventor-mechanics-custom-bike-with-5-bonus-models\/p\/","title":{"rendered":"Inventator Mecanic\u0103 Motociclete personalizate cu 5 modele bonus &#8211; Inventor Mechanics Custom bike with 5 bonus models"},"content":{"rendered":"<p><strong>Joac\u0103-te, construie\u0219te \u0219i \u00eenva\u021b\u0103 lucruri interesante despre motoare \u0219i alte vehicule pe dou\u0103 ro\u021bi cu setul Inventor Mechanics \u2013 Motociclet\u0103 personalizat\u0103.<\/strong><\/p>\n<p>\u00cen plus, cu acest set ingenios, po\u021bi construi nu unul, ci 5 modele interesante de motociclete personalizate pentru joac\u0103 \u0219i distrac\u021bie f\u0103r\u0103 limite!<\/p>\n<p>Setul con\u021bine piese u\u0219or de asamblat \u0219i rezistente, stimul\u00e2nd at\u00e2t creativitatea, c\u00e2t \u0219i abilit\u0103\u021bile tehnice ale copiilor.<\/p>\n<p>De asemenea, setul include o bro\u0219ur\u0103 cu informa\u021bii interesante despre istoria vehiculelor pe dou\u0103 roti, din cele mai vechi timpuri \u0219i p\u00e2n\u0103 \u00een prezent, precum \u0219i despre tehnologia de fabrica\u021bie a acestor mijloace de transport.<\/p>\n<p><strong>De ce s\u0103 alegi setul Inventor Mechanics \u2013 Motociclet\u0103 personalizat\u0103<\/strong><\/p>\n<ul>\n<li><strong>Sistem creativ de asamblare:<\/strong> piesele se \u00eembin\u0103 perfect datorit\u0103 unui sistem de fixare inovator.<\/li>\n<li><strong>Stimuleaz\u0103 creativitatea:<\/strong> copiii pot construi \u0219i reconstrui camioanele, experiment\u00e2nd noi modele \u0219i \u00eenv\u0103\u021b\u00e2nd principiile de baz\u0103 despre leg\u0103turi \u0219i p\u00e2rghii.<\/li>\n<li><strong>Dezvolt\u0103 abilit\u0103\u021bile practice \u0219i tehnice:<\/strong> asamblarea pieselor \u00eei ajut\u0103 pe copii s\u0103-\u0219i dezvolte motricitatea fin\u0103, precum \u0219i g\u00e2ndirea critic\u0103 \u0219i capacitatea de a rezolva probleme.<\/li>\n<li><strong>\u00cenv\u0103\u021bare prin joac\u0103 \u0219i experiment:<\/strong> fiecare model construit ofer\u0103 lec\u021bii interesante despre motociclete \u0219i principii fizice, oferind o experien\u021b\u0103 de \u00eenv\u0103\u021bare captivant\u0103 prin experiment.<\/li>\n<li><strong>Alung\u0103 plictiseala:<\/strong> cele 5 modele diferite pe care le pot crea \u00eei \u021bin departe de ecrane pe copii \u0219i nu \u00eei las\u0103 s\u0103 se plictiseasc\u0103, fiind angrena\u021bi constant \u00een explorare.<\/li>\n<li><strong>Aplica\u021bie gratuit\u0103:<\/strong> este disponibil\u0103 \u0219i o aplica\u021bie gratuit\u0103 &#8211; ENGINO kidCAD (3D Viewer) unde copiii pot descoperi mai multe modele 3D cu instruc\u021biuni \u0219i sfaturi privind asamblarea.<\/li>\n<\/ul>\n<p><strong>INVENTOR MECHANICS \u2013 Motociclet\u0103 personalizat\u0103: un joc STEM fascinant<\/strong><\/p>\n<p>Jocurile STEM (acronimul de la: Science,\u00a0Technology, Engineering, Maths) pun accentul pe \u00eenv\u0103\u021bare al\u0103turi de distrac\u021bie \u0219i \u00eei ajut\u0103 pe copii s\u0103 se \u00eemprieteneasc\u0103 de la v\u00e2rste fragede cu \u0219tiin\u021ba. Setul Inventor Mechanics \u2013 Motociclet\u0103 personalizat\u0103 \u00eentrune\u0219te cele mai \u00eenalte standarde de calitate \u0219i siguran\u021b\u0103, precum \u0219i toate caracteristicile fascinantelor jocuri STEM:<\/p>\n<ul>\n<li>Stimuleaz\u0103 \u0219i sus\u021bine dezvoltarea g\u00e2ndirii logice \u0219i strategice.<\/li>\n<li>Dezvolt\u0103 imagina\u021bia \u0219i g\u00e2ndirea creativ\u0103.<\/li>\n<li>\u00cembun\u0103t\u0103\u021be\u0219te capacitatea de concentrare, precum \u0219i coordonarea<\/li>\n<li>Stimuleaz\u0103 comunicarea, dezvoltarea abilit\u0103\u021bilor sociale \u0219i lucrul \u00een echip\u0103.<\/li>\n<li>\u00cei ajut\u0103 pe copii s\u0103 se familiarizeze cu concepte \u0219i no\u021biuni noi din domenii precum fizica, matematica sau construc\u021biile, favoriz\u00e2nd totodat\u0103 dezvoltarea vocabularului.<\/li>\n<li>\u00cen plus, este foarte distractiv \u0219i poate fi prilejul perfect de a te conecta cu copilul t\u0103u \u0219i de a v\u0103 distra \u00eempreun\u0103 de minune.<\/li>\n<\/ul>\n<p>Dac\u0103 \u00ee\u021bi dore\u0219ti o combina\u021bie perfect\u0103 \u00eentre distrac\u021bie \u0219i \u00eenv\u0103\u021bare care s\u0103 transforme joaca \u00eentr-o experien\u021b\u0103 educativ\u0103 de neuitat, setul INVENTOR MECHANICS \u2013 Motociclet\u0103 personalizat\u0103 (5 modele bonus) este alegerea cea mai potrivit\u0103.<\/p>\n","protected":false},"excerpt":{"rendered":"<p>Joac\u0103-te, construie\u0219te \u0219i \u00eenva\u021b\u0103 lucruri interesante despre motoare \u0219i alte vehicule pe dou\u0103 ro\u021bi cu setul Inventor Mechanics \u2013 Motociclet\u0103<\/p>\n","protected":false},"featured_media":72995,"template":"","meta":[],"product_brand":[],"product_cat":[2724,2725,1896,2004],"product_tag":[],"class_list":{"0":"post-73499","1":"product","2":"type-product","3":"status-publish","4":"has-post-thumbnail","6":"product_cat-engino-de","7":"product_cat-noutati-de","8":"product_cat-padagogische-und-wissenschaftliche-spiele","9":"product_cat-wurfel","10":"pa_filter_age-14-de","11":"pa_filter_age-9_14-de","13":"first","14":"instock","15":"taxable","16":"shipping-taxable","17":"product-type-simple"},"yoast_head":"<!-- This site is optimized with the Yoast SEO plugin v20.1 - https:\/\/yoast.com\/wordpress\/plugins\/seo\/ -->\n<title>Inventator Mecanic\u0103 Motociclete personalizate cu 5 modele bonus - Inventor Mechanics Custom bike with 5 bonus models - Roovi B2B<\/title>\n<meta name=\"robots\" content=\"index, follow, max-snippet:-1, max-image-preview:large, max-video-preview:-1\" \/>\n<link rel=\"canonical\" href=\"https:\/\/business.roovi.com\/de\/inventator-mecanica-motociclete-personalizate-cu-5-modele-bonus-inventor-mechanics-custom-bike-with-5-bonus-models\/p\/\" \/>\n<meta property=\"og:locale\" content=\"de_DE\" \/>\n<meta property=\"og:type\" content=\"article\" \/>\n<meta property=\"og:title\" content=\"Inventator Mecanic\u0103 Motociclete personalizate cu 5 modele bonus - Inventor Mechanics Custom bike with 5 bonus models - Roovi B2B\" \/>\n<meta property=\"og:description\" content=\"Joac\u0103-te, construie\u0219te \u0219i \u00eenva\u021b\u0103 lucruri interesante despre motoare \u0219i alte vehicule pe dou\u0103 ro\u021bi cu setul Inventor Mechanics \u2013 Motociclet\u0103\" \/>\n<meta property=\"og:url\" content=\"https:\/\/business.roovi.com\/de\/inventator-mecanica-motociclete-personalizate-cu-5-modele-bonus-inventor-mechanics-custom-bike-with-5-bonus-models\/p\/\" \/>\n<meta property=\"og:site_name\" content=\"Roovi B2B\" \/>\n<meta property=\"article:publisher\" content=\"https:\/\/www.facebook.com\/wwwjucariero\" \/>\n<meta property=\"article:modified_time\" content=\"2024-09-12T06:50:15+00:00\" \/>\n<meta property=\"og:image\" content=\"https:\/\/business.roovi.com\/wp-content\/uploads\/2024\/09\/engino-in31-min.jpg\" \/>\n\t<meta property=\"og:image:width\" content=\"1200\" \/>\n\t<meta property=\"og:image:height\" content=\"1200\" \/>\n\t<meta property=\"og:image:type\" content=\"image\/jpeg\" \/>\n<meta name=\"twitter:label1\" content=\"Gesch\u00e4tzte Lesezeit\" \/>\n\t<meta name=\"twitter:data1\" content=\"2\u00a0Minuten\" \/>\n<script type=\"application\/ld+json\" class=\"yoast-schema-graph\">{\"@context\":\"https:\/\/schema.org\",\"@graph\":[{\"@type\":\"WebPage\",\"@id\":\"https:\/\/business.roovi.com\/de\/inventator-mecanica-motociclete-personalizate-cu-5-modele-bonus-inventor-mechanics-custom-bike-with-5-bonus-models\/p\/\",\"url\":\"https:\/\/business.roovi.com\/de\/inventator-mecanica-motociclete-personalizate-cu-5-modele-bonus-inventor-mechanics-custom-bike-with-5-bonus-models\/p\/\",\"name\":\"Inventator Mecanic\u0103 Motociclete personalizate cu 5 modele bonus - Inventor Mechanics Custom bike with 5 bonus models - Roovi B2B\",\"isPartOf\":{\"@id\":\"https:\/\/business.roovi.com\/de\/#website\"},\"datePublished\":\"2024-09-09T09:28:32+00:00\",\"dateModified\":\"2024-09-12T06:50:15+00:00\",\"breadcrumb\":{\"@id\":\"https:\/\/business.roovi.com\/de\/inventator-mecanica-motociclete-personalizate-cu-5-modele-bonus-inventor-mechanics-custom-bike-with-5-bonus-models\/p\/#breadcrumb\"},\"inLanguage\":\"de\",\"potentialAction\":[{\"@type\":\"ReadAction\",\"target\":[\"https:\/\/business.roovi.com\/de\/inventator-mecanica-motociclete-personalizate-cu-5-modele-bonus-inventor-mechanics-custom-bike-with-5-bonus-models\/p\/\"]}]},{\"@type\":\"BreadcrumbList\",\"@id\":\"https:\/\/business.roovi.com\/de\/inventator-mecanica-motociclete-personalizate-cu-5-modele-bonus-inventor-mechanics-custom-bike-with-5-bonus-models\/p\/#breadcrumb\",\"itemListElement\":[{\"@type\":\"ListItem\",\"position\":1,\"name\":\"Home\",\"item\":\"https:\/\/business.roovi.com\/de\/\"},{\"@type\":\"ListItem\",\"position\":2,\"name\":\"Shop\",\"item\":\"https:\/\/business.roovi.com\/de\/shop\/\"},{\"@type\":\"ListItem\",\"position\":3,\"name\":\"Inventator Mecanic\u0103 Motociclete personalizate cu 5 modele bonus &#8211; Inventor Mechanics Custom bike with 5 bonus models\"}]},{\"@type\":\"WebSite\",\"@id\":\"https:\/\/business.roovi.com\/de\/#website\",\"url\":\"https:\/\/business.roovi.com\/de\/\",\"name\":\"Roovi B2B\",\"description\":\"Roovi Business Website\",\"potentialAction\":[{\"@type\":\"SearchAction\",\"target\":{\"@type\":\"EntryPoint\",\"urlTemplate\":\"https:\/\/business.roovi.com\/de\/?s={search_term_string}\"},\"query-input\":\"required name=search_term_string\"}],\"inLanguage\":\"de\"}]}<\/script>\n<!-- \/ Yoast SEO plugin. -->","yoast_head_json":{"title":"Inventator Mecanic\u0103 Motociclete personalizate cu 5 modele bonus - Inventor Mechanics Custom bike with 5 bonus models - Roovi B2B","robots":{"index":"index","follow":"follow","max-snippet":"max-snippet:-1","max-image-preview":"max-image-preview:large","max-video-preview":"max-video-preview:-1"},"canonical":"https:\/\/business.roovi.com\/de\/inventator-mecanica-motociclete-personalizate-cu-5-modele-bonus-inventor-mechanics-custom-bike-with-5-bonus-models\/p\/","og_locale":"de_DE","og_type":"article","og_title":"Inventator Mecanic\u0103 Motociclete personalizate cu 5 modele bonus - Inventor Mechanics Custom bike with 5 bonus models - Roovi B2B","og_description":"Joac\u0103-te, construie\u0219te \u0219i \u00eenva\u021b\u0103 lucruri interesante despre motoare \u0219i alte vehicule pe dou\u0103 ro\u021bi cu setul Inventor Mechanics \u2013 Motociclet\u0103","og_url":"https:\/\/business.roovi.com\/de\/inventator-mecanica-motociclete-personalizate-cu-5-modele-bonus-inventor-mechanics-custom-bike-with-5-bonus-models\/p\/","og_site_name":"Roovi B2B","article_publisher":"https:\/\/www.facebook.com\/wwwjucariero","article_modified_time":"2024-09-12T06:50:15+00:00","og_image":[{"width":1200,"height":1200,"url":"https:\/\/business.roovi.com\/wp-content\/uploads\/2024\/09\/engino-in31-min.jpg","type":"image\/jpeg"}],"twitter_misc":{"Gesch\u00e4tzte Lesezeit":"2\u00a0Minuten"},"schema":{"@context":"https:\/\/schema.org","@graph":[{"@type":"WebPage","@id":"https:\/\/business.roovi.com\/de\/inventator-mecanica-motociclete-personalizate-cu-5-modele-bonus-inventor-mechanics-custom-bike-with-5-bonus-models\/p\/","url":"https:\/\/business.roovi.com\/de\/inventator-mecanica-motociclete-personalizate-cu-5-modele-bonus-inventor-mechanics-custom-bike-with-5-bonus-models\/p\/","name":"Inventator Mecanic\u0103 Motociclete personalizate cu 5 modele bonus - Inventor Mechanics Custom bike with 5 bonus models - Roovi B2B","isPartOf":{"@id":"https:\/\/business.roovi.com\/de\/#website"},"datePublished":"2024-09-09T09:28:32+00:00","dateModified":"2024-09-12T06:50:15+00:00","breadcrumb":{"@id":"https:\/\/business.roovi.com\/de\/inventator-mecanica-motociclete-personalizate-cu-5-modele-bonus-inventor-mechanics-custom-bike-with-5-bonus-models\/p\/#breadcrumb"},"inLanguage":"de","potentialAction":[{"@type":"ReadAction","target":["https:\/\/business.roovi.com\/de\/inventator-mecanica-motociclete-personalizate-cu-5-modele-bonus-inventor-mechanics-custom-bike-with-5-bonus-models\/p\/"]}]},{"@type":"BreadcrumbList","@id":"https:\/\/business.roovi.com\/de\/inventator-mecanica-motociclete-personalizate-cu-5-modele-bonus-inventor-mechanics-custom-bike-with-5-bonus-models\/p\/#breadcrumb","itemListElement":[{"@type":"ListItem","position":1,"name":"Home","item":"https:\/\/business.roovi.com\/de\/"},{"@type":"ListItem","position":2,"name":"Shop","item":"https:\/\/business.roovi.com\/de\/shop\/"},{"@type":"ListItem","position":3,"name":"Inventator Mecanic\u0103 Motociclete personalizate cu 5 modele bonus &#8211; Inventor Mechanics Custom bike with 5 bonus models"}]},{"@type":"WebSite","@id":"https:\/\/business.roovi.com\/de\/#website","url":"https:\/\/business.roovi.com\/de\/","name":"Roovi B2B","description":"Roovi Business Website","potentialAction":[{"@type":"SearchAction","target":{"@type":"EntryPoint","urlTemplate":"https:\/\/business.roovi.com\/de\/?s={search_term_string}"},"query-input":"required name=search_term_string"}],"inLanguage":"de"}]}},"_links":{"self":[{"href":"https:\/\/business.roovi.com\/de\/wp-json\/wp\/v2\/product\/73499","targetHints":{"allow":["GET"]}}],"collection":[{"href":"https:\/\/business.roovi.com\/de\/wp-json\/wp\/v2\/product"}],"about":[{"href":"https:\/\/business.roovi.com\/de\/wp-json\/wp\/v2\/types\/product"}],"version-history":[{"count":0,"href":"https:\/\/business.roovi.com\/de\/wp-json\/wp\/v2\/product\/73499\/revisions"}],"wp:featuredmedia":[{"embeddable":true,"href":"https:\/\/business.roovi.com\/de\/wp-json\/wp\/v2\/media\/72995"}],"wp:attachment":[{"href":"https:\/\/business.roovi.com\/de\/wp-json\/wp\/v2\/media?parent=73499"}],"wp:term":[{"taxonomy":"product_brand","embeddable":true,"href":"https:\/\/business.roovi.com\/de\/wp-json\/wp\/v2\/product_brand?post=73499"},{"taxonomy":"product_cat","embeddable":true,"href":"https:\/\/business.roovi.com\/de\/wp-json\/wp\/v2\/product_cat?post=73499"},{"taxonomy":"product_tag","embeddable":true,"href":"https:\/\/business.roovi.com\/de\/wp-json\/wp\/v2\/product_tag?post=73499"}],"curies":[{"name":"wp","href":"https:\/\/api.w.org\/{rel}","templated":true}]}}