{"id":55066,"date":"2022-04-11T15:09:50","date_gmt":"2022-04-11T15:09:50","guid":{"rendered":"https:\/\/business.roovi.com\/?page_id=55066"},"modified":"2022-07-14T12:18:55","modified_gmt":"2022-07-14T12:18:55","slug":"modalites-et-conditions","status":"publish","type":"page","link":"https:\/\/business.roovi.com\/fr\/modalites-et-conditions\/","title":{"rendered":"Modalit\u00e9s et conditions"},"content":{"rendered":"\n<h2 class=\"wp-block-heading\">Champ d&rsquo;application<\/h2>\n\n\n\n<p>(1) Les pr\u00e9sentes conditions g\u00e9n\u00e9rales s&rsquo;appliquent aux contrats conclus entre vous et nous, D-Toys S.A., Str Constructorilor 2, Sf Gheorghe, Roumanie 520077, repr\u00e9sent\u00e9 par le directeur g\u00e9n\u00e9ral Alex Bute, par l&rsquo;interm\u00e9diaire de cette boutique en ligne, sauf convention contraire expresse dans un accord \u00e9crit entre vous et nous. Les conditions divergentes ou contradictoires ne seront pas reconnues par nous, sauf si nous les avons express\u00e9ment accept\u00e9es.<\/p>\n\n\n\n<p>(2) Toute modification des pr\u00e9sentes conditions g\u00e9n\u00e9rales vous sera notifi\u00e9e par \u00e9crit, par courrier ou par e-mail. Si vous ne vous opposez pas \u00e0 une modification dans les deux semaines suivant la r\u00e9ception de la notification, les modifications seront consid\u00e9r\u00e9es comme accept\u00e9es par vous. Vous serez inform\u00e9 s\u00e9par\u00e9ment du droit d&rsquo;opposition et des cons\u00e9quences juridiques du silence en cas de modification des conditions g\u00e9n\u00e9rales.<\/p>\n\n\n\n<h2 class=\"wp-block-heading\">Inscription en tant qu&rsquo;utilisateur<\/h2>\n\n\n\n<p>(1) Votre inscription \u00e0 notre syst\u00e8me de commande est gratuite. Il n&rsquo;existe aucun droit d&rsquo;acc\u00e8s \u00e0 notre syst\u00e8me de commande. Seules les personnes ayant une capacit\u00e9 juridique illimit\u00e9e sont autoris\u00e9es \u00e0 participer. A notre demande, vous devez nous envoyer une copie de votre carte d&rsquo;identit\u00e9 ou indiquer votre num\u00e9ro de TVA et documenter votre inscription. Les donn\u00e9es n\u00e9cessaires \u00e0 l&rsquo;enregistrement doivent \u00eatre fournies par vous de mani\u00e8re compl\u00e8te et v\u00e9ridique. Lors de votre inscription, vous choisissez un mot de passe. Vous \u00eates tenu de garder ce mot de passe secret et de ne le divulguer en aucun cas \u00e0 des tiers.<\/p>\n\n\n\n<p>(2) En dehors de la d\u00e9claration d&rsquo;acceptation de la validit\u00e9 des pr\u00e9sentes conditions g\u00e9n\u00e9rales, votre inscription n&rsquo;est associ\u00e9e \u00e0 aucune obligation. Vous pouvez supprimer votre inscription \u00e0 tout moment en envoyant un courriel \u00e0 sales@roovi.com. Le simple fait de vous inscrire sur notre site ne vous oblige en aucune mani\u00e8re \u00e0 acheter l&rsquo;un des produits que nous proposons.<\/p>\n\n\n\n<p>(3) Si vos donn\u00e9es personnelles changent, vous \u00eates responsable de les mettre \u00e0 jour vous-m\u00eame. Toute modification doit nous \u00eatre notifi\u00e9e par \u00e9crit, par e-mail ou par lettre.<\/p>\n\n\n\n<h2 class=\"wp-block-heading\">Remarques sur le traitement des donn\u00e9es<\/h2>\n\n\n\n<p><br>(1) Conform\u00e9ment aux r\u00e8gles du GDPR, nous collectons et traitons des donn\u00e9es personnelles pour l&rsquo;ex\u00e9cution d&rsquo;un contrat et lors de l&rsquo;ouverture d&rsquo;un compte client. Les donn\u00e9es qui sont collect\u00e9es sont visibles dans les formulaires de saisie respectifs. La suppression du compte client est possible \u00e0 tout moment et peut \u00eatre effectu\u00e9e en nous envoyant un message. Nous stockons et utilisons les donn\u00e9es fournies dans le but de traiter le contrat. Apr\u00e8s le traitement complet du contrat ou la suppression du compte client, les donn\u00e9es sont bloqu\u00e9es en ce qui concerne les d\u00e9lais de conservation en mati\u00e8re de droit fiscal et commercial et supprim\u00e9es \u00e0 l&rsquo;expiration de ces d\u00e9lais, \u00e0 moins que vous n&rsquo;ayez express\u00e9ment consenti \u00e0 une utilisation ult\u00e9rieure des donn\u00e9es ou que nous nous soyons r\u00e9serv\u00e9 le droit d&rsquo;une utilisation ult\u00e9rieure l\u00e9galement autoris\u00e9e des donn\u00e9es.<\/p>\n\n\n\n<p>(2) Afin de traiter votre commande, nous collaborons avec des prestataires de services qui nous soutiennent en tout ou en partie dans l&rsquo;ex\u00e9cution des contrats conclus. Certaines donn\u00e9es personnelles sont transf\u00e9r\u00e9es \u00e0 ces prestataires de services conform\u00e9ment aux informations suivantes. Par exemple, les donn\u00e9es personnelles que nous collectons sont transmises \u00e0 l&rsquo;entreprise de transport charg\u00e9e de la livraison dans le cadre du traitement du contrat, dans la mesure o\u00f9 cela est n\u00e9cessaire pour la livraison des marchandises. Nous transmettons vos donn\u00e9es de paiement \u00e0 l&rsquo;\u00e9tablissement de cr\u00e9dit mandat\u00e9 dans le cadre du traitement des paiements, dans la mesure o\u00f9 cela est n\u00e9cessaire pour le traitement des paiements. La base juridique de la transmission des donn\u00e9es est la r\u00e9glementation europ\u00e9enne du GDPR.<\/p>\n\n\n\n<p>(3) Si vous vous inscrivez \u00e0 notre newsletter \u00e9lectronique, nous vous enverrons r\u00e9guli\u00e8rement des informations sur nos offres. En vous inscrivant, vous nous donnez votre consentement pour l&rsquo;utilisation de vos donn\u00e9es personnelles conform\u00e9ment aux r\u00e8gles europ\u00e9ennes du GDPR. Lorsque vous vous inscrivez \u00e0 la newsletter, nous stockons votre adresse IP saisie par votre fournisseur d&rsquo;acc\u00e8s Internet (FAI) ainsi que la date et l&rsquo;heure de l&rsquo;inscription afin de pouvoir retracer ult\u00e9rieurement une \u00e9ventuelle utilisation abusive de votre adresse e-mail. Les donn\u00e9es que nous recueillons lors de votre inscription \u00e0 la newsletter sont utilis\u00e9es exclusivement dans le but de vous adresser de mani\u00e8re publicitaire par le biais de la newsletter. Vous pouvez vous d\u00e9sabonner de la newsletter \u00e0 tout moment via le lien pr\u00e9vu \u00e0 cet effet dans la newsletter ou en envoyant un message correspondant \u00e0 la personne responsable nomm\u00e9e au d\u00e9but. Apr\u00e8s la d\u00e9sinscription, votre adresse e-mail sera imm\u00e9diatement supprim\u00e9e de notre liste de distribution de la newsletter, \u00e0 moins que vous n&rsquo;ayez express\u00e9ment consenti \u00e0 une utilisation ult\u00e9rieure de vos donn\u00e9es ou que nous nous r\u00e9servions le droit d&rsquo;utiliser vos donn\u00e9es d&rsquo;une mani\u00e8re allant au-del\u00e0, qui est autoris\u00e9e par la loi et dont nous vous informons dans cette d\u00e9claration.<\/p>\n\n\n\n<p>(4) Si vous nous avez communiqu\u00e9 votre adresse e-mail lors de l&rsquo;achat de marchandises, nous nous r\u00e9servons le droit de vous envoyer r\u00e9guli\u00e8rement des offres par e-mail pour des marchandises ou des services similaires \u00e0 ceux d\u00e9j\u00e0 achet\u00e9s dans notre gamme. \u00c0 cet \u00e9gard, le traitement des donn\u00e9es est effectu\u00e9 uniquement sur la base de notre int\u00e9r\u00eat l\u00e9gitime \u00e0 la publicit\u00e9 directe personnalis\u00e9e, conform\u00e9ment \u00e0 l&rsquo;art. 6 para. 1 lit. f GDPR. Vous avez le droit de vous opposer \u00e0 l&rsquo;utilisation de votre adresse e-mail.<\/p>\n","protected":false},"excerpt":{"rendered":"<p>Champ d&rsquo;application (1) Les pr\u00e9sentes conditions g\u00e9n\u00e9rales s&rsquo;appliquent aux contrats conclus entre vous et nous, D-Toys S.A., Str Constructorilor 2,<\/p>\n","protected":false},"author":1,"featured_media":0,"parent":0,"menu_order":0,"comment_status":"closed","ping_status":"closed","template":"","meta":{"footnotes":""},"class_list":["post-55066","page","type-page","status-publish","hentry"],"yoast_head":"<!-- This site is optimized with the Yoast SEO plugin v20.1 - https:\/\/yoast.com\/wordpress\/plugins\/seo\/ -->\n<title>Modalit\u00e9s et conditions - Roovi B2B<\/title>\n<meta name=\"robots\" content=\"index, follow, max-snippet:-1, max-image-preview:large, max-video-preview:-1\" \/>\n<link rel=\"canonical\" href=\"https:\/\/business.roovi.com\/fr\/modalites-et-conditions\/\" \/>\n<meta property=\"og:locale\" content=\"fr_FR\" \/>\n<meta property=\"og:type\" content=\"article\" \/>\n<meta property=\"og:title\" content=\"Modalit\u00e9s et conditions - Roovi B2B\" \/>\n<meta property=\"og:description\" content=\"Champ d&rsquo;application (1) Les pr\u00e9sentes conditions g\u00e9n\u00e9rales s&rsquo;appliquent aux contrats conclus entre vous et nous, D-Toys S.A., Str Constructorilor 2,\" \/>\n<meta property=\"og:url\" content=\"https:\/\/business.roovi.com\/fr\/modalites-et-conditions\/\" \/>\n<meta property=\"og:site_name\" content=\"Roovi B2B\" \/>\n<meta property=\"article:publisher\" content=\"https:\/\/www.facebook.com\/wwwjucariero\" \/>\n<meta property=\"article:modified_time\" content=\"2022-07-14T12:18:55+00:00\" \/>\n<meta name=\"twitter:label1\" content=\"Dur\u00e9e de lecture estim\u00e9e\" \/>\n\t<meta name=\"twitter:data1\" content=\"4 minutes\" \/>\n<script type=\"application\/ld+json\" class=\"yoast-schema-graph\">{\"@context\":\"https:\/\/schema.org\",\"@graph\":[{\"@type\":\"WebPage\",\"@id\":\"https:\/\/business.roovi.com\/fr\/modalites-et-conditions\/\",\"url\":\"https:\/\/business.roovi.com\/fr\/modalites-et-conditions\/\",\"name\":\"Modalit\u00e9s et conditions - Roovi B2B\",\"isPartOf\":{\"@id\":\"https:\/\/business.roovi.com\/fr\/#website\"},\"datePublished\":\"2022-04-11T15:09:50+00:00\",\"dateModified\":\"2022-07-14T12:18:55+00:00\",\"breadcrumb\":{\"@id\":\"https:\/\/business.roovi.com\/fr\/modalites-et-conditions\/#breadcrumb\"},\"inLanguage\":\"fr-FR\",\"potentialAction\":[{\"@type\":\"ReadAction\",\"target\":[\"https:\/\/business.roovi.com\/fr\/modalites-et-conditions\/\"]}]},{\"@type\":\"BreadcrumbList\",\"@id\":\"https:\/\/business.roovi.com\/fr\/modalites-et-conditions\/#breadcrumb\",\"itemListElement\":[{\"@type\":\"ListItem\",\"position\":1,\"name\":\"Home\",\"item\":\"https:\/\/business.roovi.com\/fr\/\"},{\"@type\":\"ListItem\",\"position\":2,\"name\":\"Modalit\u00e9s et conditions\"}]},{\"@type\":\"WebSite\",\"@id\":\"https:\/\/business.roovi.com\/fr\/#website\",\"url\":\"https:\/\/business.roovi.com\/fr\/\",\"name\":\"Roovi B2B\",\"description\":\"Roovi Business Website\",\"potentialAction\":[{\"@type\":\"SearchAction\",\"target\":{\"@type\":\"EntryPoint\",\"urlTemplate\":\"https:\/\/business.roovi.com\/fr\/?s={search_term_string}\"},\"query-input\":\"required name=search_term_string\"}],\"inLanguage\":\"fr-FR\"}]}<\/script>\n<!-- \/ Yoast SEO plugin. -->","yoast_head_json":{"title":"Modalit\u00e9s et conditions - Roovi B2B","robots":{"index":"index","follow":"follow","max-snippet":"max-snippet:-1","max-image-preview":"max-image-preview:large","max-video-preview":"max-video-preview:-1"},"canonical":"https:\/\/business.roovi.com\/fr\/modalites-et-conditions\/","og_locale":"fr_FR","og_type":"article","og_title":"Modalit\u00e9s et conditions - Roovi B2B","og_description":"Champ d&rsquo;application (1) Les pr\u00e9sentes conditions g\u00e9n\u00e9rales s&rsquo;appliquent aux contrats conclus entre vous et nous, D-Toys S.A., Str Constructorilor 2,","og_url":"https:\/\/business.roovi.com\/fr\/modalites-et-conditions\/","og_site_name":"Roovi B2B","article_publisher":"https:\/\/www.facebook.com\/wwwjucariero","article_modified_time":"2022-07-14T12:18:55+00:00","twitter_misc":{"Dur\u00e9e de lecture estim\u00e9e":"4 minutes"},"schema":{"@context":"https:\/\/schema.org","@graph":[{"@type":"WebPage","@id":"https:\/\/business.roovi.com\/fr\/modalites-et-conditions\/","url":"https:\/\/business.roovi.com\/fr\/modalites-et-conditions\/","name":"Modalit\u00e9s et conditions - Roovi B2B","isPartOf":{"@id":"https:\/\/business.roovi.com\/fr\/#website"},"datePublished":"2022-04-11T15:09:50+00:00","dateModified":"2022-07-14T12:18:55+00:00","breadcrumb":{"@id":"https:\/\/business.roovi.com\/fr\/modalites-et-conditions\/#breadcrumb"},"inLanguage":"fr-FR","potentialAction":[{"@type":"ReadAction","target":["https:\/\/business.roovi.com\/fr\/modalites-et-conditions\/"]}]},{"@type":"BreadcrumbList","@id":"https:\/\/business.roovi.com\/fr\/modalites-et-conditions\/#breadcrumb","itemListElement":[{"@type":"ListItem","position":1,"name":"Home","item":"https:\/\/business.roovi.com\/fr\/"},{"@type":"ListItem","position":2,"name":"Modalit\u00e9s et conditions"}]},{"@type":"WebSite","@id":"https:\/\/business.roovi.com\/fr\/#website","url":"https:\/\/business.roovi.com\/fr\/","name":"Roovi B2B","description":"Roovi Business Website","potentialAction":[{"@type":"SearchAction","target":{"@type":"EntryPoint","urlTemplate":"https:\/\/business.roovi.com\/fr\/?s={search_term_string}"},"query-input":"required name=search_term_string"}],"inLanguage":"fr-FR"}]}},"_links":{"self":[{"href":"https:\/\/business.roovi.com\/fr\/wp-json\/wp\/v2\/pages\/55066","targetHints":{"allow":["GET"]}}],"collection":[{"href":"https:\/\/business.roovi.com\/fr\/wp-json\/wp\/v2\/pages"}],"about":[{"href":"https:\/\/business.roovi.com\/fr\/wp-json\/wp\/v2\/types\/page"}],"author":[{"embeddable":true,"href":"https:\/\/business.roovi.com\/fr\/wp-json\/wp\/v2\/users\/1"}],"replies":[{"embeddable":true,"href":"https:\/\/business.roovi.com\/fr\/wp-json\/wp\/v2\/comments?post=55066"}],"version-history":[{"count":0,"href":"https:\/\/business.roovi.com\/fr\/wp-json\/wp\/v2\/pages\/55066\/revisions"}],"wp:attachment":[{"href":"https:\/\/business.roovi.com\/fr\/wp-json\/wp\/v2\/media?parent=55066"}],"curies":[{"name":"wp","href":"https:\/\/api.w.org\/{rel}","templated":true}]}}