{"id":78434,"date":"2025-04-02T11:45:53","date_gmt":"2025-04-02T11:45:53","guid":{"rendered":"https:\/\/business.roovi.com\/?page_id=78434"},"modified":"2025-04-02T11:47:14","modified_gmt":"2025-04-02T11:47:14","slug":"30077-kit-de-fabrication-de-bougeoir-pere-noel","status":"publish","type":"page","link":"https:\/\/business.roovi.com\/fr\/instructions\/30077-kit-de-fabrication-de-bougeoir-pere-noel\/","title":{"rendered":"30077 &#8211; Kit de fabrication de bougeoir P\u00e8re No\u00ebl"},"content":{"rendered":"\t\t<div data-elementor-type=\"wp-page\" data-elementor-id=\"78434\" class=\"elementor elementor-78434\">\n\t\t\t\t\t\t\t<div class=\"elementor-element elementor-element-23f7d1b6 e-con-boxed e-con\" data-id=\"23f7d1b6\" data-element_type=\"container\" data-settings=\"{&quot;content_width&quot;:&quot;boxed&quot;}\">\n\t\t\t\t\t<div class=\"e-con-inner\">\n\t\t<div class=\"elementor-element elementor-element-3d602a64 e-con-full e-con\" data-id=\"3d602a64\" data-element_type=\"container\" data-settings=\"{&quot;content_width&quot;:&quot;full&quot;}\">\n\t\t\t\t<div class=\"elementor-element elementor-element-c268416 elementor-widget elementor-widget-image\" data-id=\"c268416\" data-element_type=\"widget\" data-widget_type=\"image.default\">\n\t\t\t\t<div class=\"elementor-widget-container\">\n\t\t\t<style>\/*! elementor - v3.8.1 - 13-11-2022 *\/\n.elementor-widget-image{text-align:center}.elementor-widget-image a{display:inline-block}.elementor-widget-image a img[src$=\".svg\"]{width:48px}.elementor-widget-image img{vertical-align:middle;display:inline-block}<\/style>\t\t\t\t\t\t\t\t\t\t\t\t<img loading=\"lazy\" decoding=\"async\" width=\"1200\" height=\"1200\" src=\"https:\/\/business.roovi.com\/wp-content\/uploads\/2025\/04\/030077_1.jpg\" class=\"attachment-full size-full\" alt=\"\" srcset=\"https:\/\/business.roovi.com\/wp-content\/uploads\/2025\/04\/030077_1.jpg 1200w, https:\/\/business.roovi.com\/wp-content\/uploads\/2025\/04\/030077_1-300x300.jpg 300w, https:\/\/business.roovi.com\/wp-content\/uploads\/2025\/04\/030077_1-800x800.jpg 800w, https:\/\/business.roovi.com\/wp-content\/uploads\/2025\/04\/030077_1-150x150.jpg 150w, https:\/\/business.roovi.com\/wp-content\/uploads\/2025\/04\/030077_1-768x768.jpg 768w, https:\/\/business.roovi.com\/wp-content\/uploads\/2025\/04\/030077_1-860x860.jpg 860w, https:\/\/business.roovi.com\/wp-content\/uploads\/2025\/04\/030077_1-430x430.jpg 430w, https:\/\/business.roovi.com\/wp-content\/uploads\/2025\/04\/030077_1-700x700.jpg 700w\" sizes=\"auto, (max-width: 1200px) 100vw, 1200px\" \/>\t\t\t\t\t\t\t\t\t\t\t\t\t\t\t<\/div>\n\t\t\t\t<\/div>\n\t\t\t\t<\/div>\n\t\t<div class=\"elementor-element elementor-element-7890375f e-con-full e-con\" data-id=\"7890375f\" data-element_type=\"container\" data-settings=\"{&quot;content_width&quot;:&quot;full&quot;}\">\n\t\t\t\t<div class=\"elementor-element elementor-element-216a3622 elementor-widget elementor-widget-wd_title\" data-id=\"216a3622\" data-element_type=\"widget\" data-widget_type=\"wd_title.default\">\n\t\t\t\t<div class=\"elementor-widget-container\">\n\t\t\t\t\t<div class=\"title-wrapper set-mb-s reset-last-child wd-title-color-default wd-title-style-default wd-title-size-default text-left\">\n\n\t\t\t\n\t\t\t<div class=\"liner-continer\">\n\t\t\t\t<h1 class=\"woodmart-title-container title wd-fontsize-l\">Kit de fabrication de bougeoir P\u00e8re No\u00ebl<\/h1> \n\t\t\t\t\t\t\t<\/div>\n\n\t\t\t\t\t\t\t<div class=\"title-after_title set-cont-mb-s reset-last-child wd-fontsize-xs\">\n\t\t\t\t\t<p>SKU: 30077<\/p>\t\t\t\t<\/div>\n\t\t\t\t\t<\/div>\n\t\t\t\t<\/div>\n\t\t\t\t<\/div>\n\t\t<div class=\"elementor-element elementor-element-7516aebf e-con-boxed e-con\" data-id=\"7516aebf\" data-element_type=\"container\" data-settings=\"{&quot;content_width&quot;:&quot;boxed&quot;}\">\n\t\t\t\t\t<div class=\"e-con-inner\">\n\t\t\t\t<div class=\"elementor-element elementor-element-10d9a043 elementor-widget__width-auto elementor-widget elementor-widget-button\" data-id=\"10d9a043\" data-element_type=\"widget\" data-widget_type=\"button.default\">\n\t\t\t\t<div class=\"elementor-widget-container\">\n\t\t\t\t\t<div class=\"elementor-button-wrapper\">\n\t\t\t<a href=\"https:\/\/business.roovi.com\/wp-content\/uploads\/2025\/04\/avertissement-12-1.pdf\" target=\"_blank\" class=\"elementor-button-link elementor-button elementor-size-sm\" role=\"button\">\n\t\t\t\t\t\t<span class=\"elementor-button-content-wrapper\">\n\t\t\t\t\t\t<span class=\"elementor-button-text\">Avertissements<\/span>\n\t\t<\/span>\n\t\t\t\t\t<\/a>\n\t\t<\/div>\n\t\t\t\t<\/div>\n\t\t\t\t<\/div>\n\t\t\t\t\t<\/div>\n\t\t\t\t<\/div>\n\t\t\t\t<\/div>\n\t\t\t\t\t<\/div>\n\t\t\t\t<\/div>\n\t\t\t\t\t\t\t<\/div>\n\t\t","protected":false},"excerpt":{"rendered":"<p>Kit de fabrication de bougeoir P\u00e8re No\u00ebl SKU: 30077 Avertissements<\/p>\n","protected":false},"author":28,"featured_media":0,"parent":77765,"menu_order":0,"comment_status":"closed","ping_status":"closed","template":"","meta":{"footnotes":""},"class_list":["post-78434","page","type-page","status-publish","hentry"],"yoast_head":"<!-- This site is optimized with the Yoast SEO plugin v20.1 - https:\/\/yoast.com\/wordpress\/plugins\/seo\/ -->\n<title>30077 - Kit de fabrication de bougeoir P\u00e8re No\u00ebl - Roovi B2B<\/title>\n<meta name=\"robots\" content=\"index, follow, max-snippet:-1, max-image-preview:large, max-video-preview:-1\" \/>\n<link rel=\"canonical\" href=\"https:\/\/business.roovi.com\/fr\/instructions\/30077-kit-de-fabrication-de-bougeoir-pere-noel\/\" \/>\n<meta property=\"og:locale\" content=\"fr_FR\" \/>\n<meta property=\"og:type\" content=\"article\" \/>\n<meta property=\"og:title\" content=\"30077 - Kit de fabrication de bougeoir P\u00e8re No\u00ebl - Roovi B2B\" \/>\n<meta property=\"og:description\" content=\"Kit de fabrication de bougeoir P\u00e8re No\u00ebl SKU: 30077 Avertissements\" \/>\n<meta property=\"og:url\" content=\"https:\/\/business.roovi.com\/fr\/instructions\/30077-kit-de-fabrication-de-bougeoir-pere-noel\/\" \/>\n<meta property=\"og:site_name\" content=\"Roovi B2B\" \/>\n<meta property=\"article:publisher\" content=\"https:\/\/www.facebook.com\/wwwjucariero\" \/>\n<meta property=\"article:modified_time\" content=\"2025-04-02T11:47:14+00:00\" \/>\n<meta property=\"og:image\" content=\"https:\/\/business.roovi.com\/wp-content\/uploads\/2025\/04\/030077_1.jpg\" \/>\n<meta name=\"twitter:label1\" content=\"Dur\u00e9e de lecture estim\u00e9e\" \/>\n\t<meta name=\"twitter:data1\" content=\"1 minute\" \/>\n<script type=\"application\/ld+json\" class=\"yoast-schema-graph\">{\"@context\":\"https:\/\/schema.org\",\"@graph\":[{\"@type\":\"WebPage\",\"@id\":\"https:\/\/business.roovi.com\/fr\/instructions\/30077-kit-de-fabrication-de-bougeoir-pere-noel\/\",\"url\":\"https:\/\/business.roovi.com\/fr\/instructions\/30077-kit-de-fabrication-de-bougeoir-pere-noel\/\",\"name\":\"30077 - Kit de fabrication de bougeoir P\u00e8re No\u00ebl - Roovi B2B\",\"isPartOf\":{\"@id\":\"https:\/\/business.roovi.com\/fr\/#website\"},\"datePublished\":\"2025-04-02T11:45:53+00:00\",\"dateModified\":\"2025-04-02T11:47:14+00:00\",\"breadcrumb\":{\"@id\":\"https:\/\/business.roovi.com\/fr\/instructions\/30077-kit-de-fabrication-de-bougeoir-pere-noel\/#breadcrumb\"},\"inLanguage\":\"fr-FR\",\"potentialAction\":[{\"@type\":\"ReadAction\",\"target\":[\"https:\/\/business.roovi.com\/fr\/instructions\/30077-kit-de-fabrication-de-bougeoir-pere-noel\/\"]}]},{\"@type\":\"BreadcrumbList\",\"@id\":\"https:\/\/business.roovi.com\/fr\/instructions\/30077-kit-de-fabrication-de-bougeoir-pere-noel\/#breadcrumb\",\"itemListElement\":[{\"@type\":\"ListItem\",\"position\":1,\"name\":\"Home\",\"item\":\"https:\/\/business.roovi.com\/fr\/\"},{\"@type\":\"ListItem\",\"position\":2,\"name\":\"Instructions\",\"item\":\"https:\/\/business.roovi.com\/fr\/instructions\/\"},{\"@type\":\"ListItem\",\"position\":3,\"name\":\"30077 &#8211; Kit de fabrication de bougeoir P\u00e8re No\u00ebl\"}]},{\"@type\":\"WebSite\",\"@id\":\"https:\/\/business.roovi.com\/fr\/#website\",\"url\":\"https:\/\/business.roovi.com\/fr\/\",\"name\":\"Roovi B2B\",\"description\":\"Roovi Business Website\",\"potentialAction\":[{\"@type\":\"SearchAction\",\"target\":{\"@type\":\"EntryPoint\",\"urlTemplate\":\"https:\/\/business.roovi.com\/fr\/?s={search_term_string}\"},\"query-input\":\"required name=search_term_string\"}],\"inLanguage\":\"fr-FR\"}]}<\/script>\n<!-- \/ Yoast SEO plugin. -->","yoast_head_json":{"title":"30077 - Kit de fabrication de bougeoir P\u00e8re No\u00ebl - Roovi B2B","robots":{"index":"index","follow":"follow","max-snippet":"max-snippet:-1","max-image-preview":"max-image-preview:large","max-video-preview":"max-video-preview:-1"},"canonical":"https:\/\/business.roovi.com\/fr\/instructions\/30077-kit-de-fabrication-de-bougeoir-pere-noel\/","og_locale":"fr_FR","og_type":"article","og_title":"30077 - Kit de fabrication de bougeoir P\u00e8re No\u00ebl - Roovi B2B","og_description":"Kit de fabrication de bougeoir P\u00e8re No\u00ebl SKU: 30077 Avertissements","og_url":"https:\/\/business.roovi.com\/fr\/instructions\/30077-kit-de-fabrication-de-bougeoir-pere-noel\/","og_site_name":"Roovi B2B","article_publisher":"https:\/\/www.facebook.com\/wwwjucariero","article_modified_time":"2025-04-02T11:47:14+00:00","og_image":[{"url":"https:\/\/business.roovi.com\/wp-content\/uploads\/2025\/04\/030077_1.jpg"}],"twitter_misc":{"Dur\u00e9e de lecture estim\u00e9e":"1 minute"},"schema":{"@context":"https:\/\/schema.org","@graph":[{"@type":"WebPage","@id":"https:\/\/business.roovi.com\/fr\/instructions\/30077-kit-de-fabrication-de-bougeoir-pere-noel\/","url":"https:\/\/business.roovi.com\/fr\/instructions\/30077-kit-de-fabrication-de-bougeoir-pere-noel\/","name":"30077 - Kit de fabrication de bougeoir P\u00e8re No\u00ebl - Roovi B2B","isPartOf":{"@id":"https:\/\/business.roovi.com\/fr\/#website"},"datePublished":"2025-04-02T11:45:53+00:00","dateModified":"2025-04-02T11:47:14+00:00","breadcrumb":{"@id":"https:\/\/business.roovi.com\/fr\/instructions\/30077-kit-de-fabrication-de-bougeoir-pere-noel\/#breadcrumb"},"inLanguage":"fr-FR","potentialAction":[{"@type":"ReadAction","target":["https:\/\/business.roovi.com\/fr\/instructions\/30077-kit-de-fabrication-de-bougeoir-pere-noel\/"]}]},{"@type":"BreadcrumbList","@id":"https:\/\/business.roovi.com\/fr\/instructions\/30077-kit-de-fabrication-de-bougeoir-pere-noel\/#breadcrumb","itemListElement":[{"@type":"ListItem","position":1,"name":"Home","item":"https:\/\/business.roovi.com\/fr\/"},{"@type":"ListItem","position":2,"name":"Instructions","item":"https:\/\/business.roovi.com\/fr\/instructions\/"},{"@type":"ListItem","position":3,"name":"30077 &#8211; Kit de fabrication de bougeoir P\u00e8re No\u00ebl"}]},{"@type":"WebSite","@id":"https:\/\/business.roovi.com\/fr\/#website","url":"https:\/\/business.roovi.com\/fr\/","name":"Roovi B2B","description":"Roovi Business Website","potentialAction":[{"@type":"SearchAction","target":{"@type":"EntryPoint","urlTemplate":"https:\/\/business.roovi.com\/fr\/?s={search_term_string}"},"query-input":"required name=search_term_string"}],"inLanguage":"fr-FR"}]}},"_links":{"self":[{"href":"https:\/\/business.roovi.com\/fr\/wp-json\/wp\/v2\/pages\/78434","targetHints":{"allow":["GET"]}}],"collection":[{"href":"https:\/\/business.roovi.com\/fr\/wp-json\/wp\/v2\/pages"}],"about":[{"href":"https:\/\/business.roovi.com\/fr\/wp-json\/wp\/v2\/types\/page"}],"author":[{"embeddable":true,"href":"https:\/\/business.roovi.com\/fr\/wp-json\/wp\/v2\/users\/28"}],"replies":[{"embeddable":true,"href":"https:\/\/business.roovi.com\/fr\/wp-json\/wp\/v2\/comments?post=78434"}],"version-history":[{"count":0,"href":"https:\/\/business.roovi.com\/fr\/wp-json\/wp\/v2\/pages\/78434\/revisions"}],"up":[{"embeddable":true,"href":"https:\/\/business.roovi.com\/fr\/wp-json\/wp\/v2\/pages\/77765"}],"wp:attachment":[{"href":"https:\/\/business.roovi.com\/fr\/wp-json\/wp\/v2\/media?parent=78434"}],"curies":[{"name":"wp","href":"https:\/\/api.w.org\/{rel}","templated":true}]}}