{"id":51095,"date":"2022-01-13T13:47:00","date_gmt":"2022-01-13T13:47:00","guid":{"rendered":"https:\/\/business.roovi.com\/puzzle-adulti-1000-piese-gustav-klimt-portrait-of-fritza-riedler\/p\/"},"modified":"2022-07-13T10:09:41","modified_gmt":"2022-07-13T10:09:41","slug":"puzzle-adulte-de-1000-pieces-gustav-klimt-portrait-de-fritza-riedler","status":"publish","type":"product","link":"https:\/\/business.roovi.com\/fr\/puzzle-adulte-de-1000-pieces-gustav-klimt-portrait-de-fritza-riedler\/p\/","title":{"rendered":"Puzzle adulte de 1000 pi\u00e8ces Gustav Klimt &#8211; Portrait de Fritza Riedler"},"content":{"rendered":"<p><span style=\"font-weight: 400;\">Tu es fascin\u00e9 par les \u0153uvres d&rsquo;art ? \u00c7a te dirait de construire ton propre tableau art nouveau \u00e0 partir de 1000 pi\u00e8ces de puzzle ? Il te d\u00e9connecte des \u00e9crans et te donne le sentiment unique de la cr\u00e9ation personnelle.<\/span><\/p>\n<p><span style=\"font-weight: 400;\">Gustav Klimt est l&rsquo;un des artistes qui a apport\u00e9 un style frais et rafra\u00eechissant \u00e0 l&rsquo;art. Choquant et fascinant \u00e0 parts \u00e9gales, il a laiss\u00e9 derri\u00e8re lui une collection impressionnante qui ravit et inspire encore aujourd&rsquo;hui.<\/span><\/p>\n<p><span style=\"font-weight: 400;\">Le puzzle de 1000 pi\u00e8ces portrait de Fritza Riedler reproduit le tableau \u00e9ponyme datant des premiers jours de cr\u00e9ation de l&rsquo;artiste. Fritza incarne la richesse et le statut naissant de la classe moyenne viennoise du d\u00e9but du 20e si\u00e8cle.<\/span><\/p>\n<p><span style=\"font-weight: 400;\">Construis la mosa\u00efque de Klimt pi\u00e8ce par pi\u00e8ce, et \u00e0 la fin, profite d&rsquo;un pr\u00e9cieux tableau d&rsquo;art, une r\u00e9plique parfaite du chef-d&rsquo;\u0153uvre original. Utilise une table basse standard pour soutenir les pi\u00e8ces. Les dimensions de la peinture sont de 50 x 70 cm.<\/span><\/p>\n<p><strong>Pourquoi le puzzle 1000 pi\u00e8ces Gustav Klimt &#8211; Portrait d&rsquo;une femme est si sp\u00e9cial ? <\/strong><strong>Fritza Riedler ?<\/strong><\/p>\n<p><span style=\"font-weight: 400;\">Tu obtiens une r\u00e9plique presque parfaite de la peinture originale.<\/span><\/p>\n<p><span style=\"font-weight: 400;\">Les pi\u00e8ces sont fabriqu\u00e9es en carton de haute qualit\u00e9, d&rsquo;une \u00e9paisseur de 2 mm, qui se marie parfaitement et assure sa durabilit\u00e9.<\/span><\/p>\n<p><span style=\"font-weight: 400;\">Il est fabriqu\u00e9 \u00e0 partir de mat\u00e9riaux recyclables et durables.<\/span><\/p>\n<p><span style=\"font-weight: 400;\">Elle a une finition semi-brillante dans des couleurs agr\u00e9ables qui font ressortir la beaut\u00e9 de la peinture.<\/span><\/p>\n<p><span style=\"font-weight: 400;\">Il convient \u00e0 partir de 14 ans et peut \u00eatre l&rsquo;occasion parfaite de faire d\u00e9couvrir le monde de l&rsquo;art aux adolescents.<\/span><\/p>\n<p><span style=\"font-weight: 400;\">Tu as aussi l&rsquo;occasion de d\u00e9velopper diverses comp\u00e9tences que tu utilises dans tes activit\u00e9s quotidiennes :<\/span><\/p>\n<ul>\n<li><span style=\"font-weight: 400;\">L&rsquo;attention au d\u00e9tail<\/span><\/li>\n<li><span style=\"font-weight: 400;\">Apprendre<\/span><\/li>\n<li><span style=\"font-weight: 400;\">Capacit\u00e9 \u00e0 se concentrer<\/span><\/li>\n<li><span style=\"font-weight: 400;\">Pers\u00e9v\u00e9rance<\/span><\/li>\n<li><span style=\"font-weight: 400;\">Pens\u00e9e logique<\/span><\/li>\n<li><span style=\"font-weight: 400;\">Comp\u00e9tences en mati\u00e8re de r\u00e9solution de probl\u00e8mes.<\/span><\/li>\n<\/ul>\n<p><strong>Tu savais que&#8230; ?<\/strong><\/p>\n<p><span style=\"font-weight: 400;\">Gustav Klimt a commenc\u00e9 sa carri\u00e8re en tant que d\u00e9corateur d&rsquo;int\u00e9rieur.<\/span><\/p>\n<p><span style=\"font-weight: 400;\">Beaucoup de ses \u0153uvres ont \u00e9t\u00e9 consid\u00e9r\u00e9es comme d\u00e9g\u00e9n\u00e9r\u00e9es par les nazis et d\u00e9truites par eux.<\/span><\/p>\n<p><span style=\"font-weight: 400;\">Il \u00e9tait un contemporain de Sigmund Freud et, comme lui, s&rsquo;int\u00e9ressait \u00e0 l&rsquo;\u00e9tude de la sexualit\u00e9, des r\u00eaves et du subconscient humain.<\/span><\/p>\n<p><span style=\"font-weight: 400;\">Pour son portrait de Fritza Riedler, le peintre s&rsquo;est apparemment inspir\u00e9 de l&rsquo;\u00e9tude de l&rsquo;art \u00e9gyptien ancien dans les mus\u00e9es viennois.<\/span><\/p>\n<p><span style=\"font-weight: 400;\">Sa peinture la plus ch\u00e8re est <\/span><span style=\"font-weight: 400;\">Portrait d&rsquo;Adele Bloch-Bauer I. qui a \u00e9t\u00e9 vendu en 2006 pour un montant record de 135 millions de dollars.<\/span><\/p>\n<p><strong>Gustav Klimt puzzle 1000 pi\u00e8ces &#8211; Portrait de <\/strong><strong>Fritza Riedler t&rsquo;apporte&#8230; le bonheur<\/strong><\/p>\n<p><span style=\"font-weight: 400;\">Il semble que pendant les jeux de puzzle, le cerveau humain s\u00e9cr\u00e8te plus de dopamine, un neurotransmetteur qui assure le bien-\u00eatre, l&rsquo;optimisme et le bonheur <\/span><\/p>\n<p><span style=\"font-weight: 400;\">Plus qu&rsquo;une simple d\u00e9tente, tu peux \u00e9prouver avec le puzzle de 1000 pi\u00e8ces Riedler Fritza Portrait un sentiment de joie et de satisfaction d&rsquo;avoir r\u00e9alis\u00e9 une grande \u0153uvre de tes propres mains. Mets le chef-d&rsquo;\u0153uvre dans le cadre et admire en paix un tableau de collection.<\/span><\/p>\n<p><span style=\"font-weight: 400;\">Puzzle 1000 pi\u00e8ces <\/span><span style=\"font-weight: 400;\">Gustav Klimt &#8211; Portrait de <\/span><span style=\"font-weight: 400;\">Fritza Riedler est un cadeau id\u00e9al pour tous les amateurs d&rsquo;art et les passionn\u00e9s de jeux de r\u00e9flexion. N&rsquo;h\u00e9site pas \u00e0 l&rsquo;offrir en cadeau \u00e0 tes proches. Tu leur apporteras beaucoup de sourires et de joie.<\/span><\/p><\/p>\n","protected":false},"excerpt":{"rendered":"<p>Tu es fascin\u00e9 par les \u0153uvres d&rsquo;art ? \u00c7a te dirait de construire ton propre tableau art nouveau \u00e0 partir<\/p>\n","protected":false},"featured_media":51096,"template":"","meta":[],"product_brand":[],"product_cat":[2314,2315,2316],"product_tag":[],"class_list":{"0":"post-51095","1":"product","2":"type-product","3":"status-publish","4":"has-post-thumbnail","6":"product_cat-puzzles-fr","7":"product_cat-puzzles-pour-adultes","8":"product_cat-puzzles-de-1000-pieces","9":"pa_bax-10-fr","10":"pa_brand-d_toys-fr","11":"pa_country_of_manufacture-ro-fr","12":"pa_filter_age-14-fr","13":"pa_painter-gustavklimt-fr","14":"pa_tip_ambalaj-boite","15":"pa_tip_puzzle-classique","17":"first","18":"instock","19":"taxable","20":"shipping-taxable","21":"product-type-simple"},"yoast_head":"<!-- This site is optimized with the Yoast SEO plugin v20.1 - https:\/\/yoast.com\/wordpress\/plugins\/seo\/ -->\n<title>Puzzle adulte de 1000 pi\u00e8ces Gustav Klimt - Portrait de Fritza Riedler<\/title>\n<meta name=\"description\" content=\"Puzzle adulte de 1000 pi\u00e8ces Gustav Klimt - Portrait de Fritza Riedler\" \/>\n<meta name=\"robots\" content=\"index, follow, max-snippet:-1, max-image-preview:large, max-video-preview:-1\" \/>\n<link rel=\"canonical\" href=\"https:\/\/business.roovi.com\/fr\/puzzle-adulte-de-1000-pieces-gustav-klimt-portrait-de-fritza-riedler\/p\/\" \/>\n<meta property=\"og:locale\" content=\"fr_FR\" \/>\n<meta property=\"og:type\" content=\"article\" \/>\n<meta property=\"og:title\" content=\"Puzzle adulte de 1000 pi\u00e8ces Gustav Klimt - Portrait de Fritza Riedler\" \/>\n<meta property=\"og:description\" content=\"Puzzle adulte de 1000 pi\u00e8ces Gustav Klimt - Portrait de Fritza Riedler\" \/>\n<meta property=\"og:url\" content=\"https:\/\/business.roovi.com\/fr\/puzzle-adulte-de-1000-pieces-gustav-klimt-portrait-de-fritza-riedler\/p\/\" \/>\n<meta property=\"og:site_name\" content=\"Roovi B2B\" \/>\n<meta property=\"article:publisher\" content=\"https:\/\/www.facebook.com\/wwwjucariero\" \/>\n<meta property=\"article:modified_time\" content=\"2022-07-13T10:09:41+00:00\" \/>\n<meta property=\"og:image\" content=\"https:\/\/business.roovi.com\/wp-content\/uploads\/2022\/01\/p1000_art_klimt_66923kl13.png\" \/>\n\t<meta property=\"og:image:width\" content=\"1200\" \/>\n\t<meta property=\"og:image:height\" content=\"1200\" \/>\n\t<meta property=\"og:image:type\" content=\"image\/png\" \/>\n<meta name=\"twitter:label1\" content=\"Dur\u00e9e de lecture estim\u00e9e\" \/>\n\t<meta name=\"twitter:data1\" content=\"3 minutes\" \/>\n<script type=\"application\/ld+json\" class=\"yoast-schema-graph\">{\"@context\":\"https:\/\/schema.org\",\"@graph\":[{\"@type\":\"WebPage\",\"@id\":\"https:\/\/business.roovi.com\/fr\/puzzle-adulte-de-1000-pieces-gustav-klimt-portrait-de-fritza-riedler\/p\/\",\"url\":\"https:\/\/business.roovi.com\/fr\/puzzle-adulte-de-1000-pieces-gustav-klimt-portrait-de-fritza-riedler\/p\/\",\"name\":\"Puzzle adulte de 1000 pi\u00e8ces Gustav Klimt - Portrait de Fritza Riedler\",\"isPartOf\":{\"@id\":\"https:\/\/business.roovi.com\/fr\/#website\"},\"datePublished\":\"2022-01-13T13:47:00+00:00\",\"dateModified\":\"2022-07-13T10:09:41+00:00\",\"description\":\"Puzzle adulte de 1000 pi\u00e8ces Gustav Klimt - Portrait de Fritza Riedler\",\"breadcrumb\":{\"@id\":\"https:\/\/business.roovi.com\/fr\/puzzle-adulte-de-1000-pieces-gustav-klimt-portrait-de-fritza-riedler\/p\/#breadcrumb\"},\"inLanguage\":\"fr-FR\",\"potentialAction\":[{\"@type\":\"ReadAction\",\"target\":[\"https:\/\/business.roovi.com\/fr\/puzzle-adulte-de-1000-pieces-gustav-klimt-portrait-de-fritza-riedler\/p\/\"]}]},{\"@type\":\"BreadcrumbList\",\"@id\":\"https:\/\/business.roovi.com\/fr\/puzzle-adulte-de-1000-pieces-gustav-klimt-portrait-de-fritza-riedler\/p\/#breadcrumb\",\"itemListElement\":[{\"@type\":\"ListItem\",\"position\":1,\"name\":\"Home\",\"item\":\"https:\/\/business.roovi.com\/fr\/\"},{\"@type\":\"ListItem\",\"position\":2,\"name\":\"Boutique\",\"item\":\"https:\/\/business.roovi.com\/fr\/boutique\/\"},{\"@type\":\"ListItem\",\"position\":3,\"name\":\"Puzzle adulte de 1000 pi\u00e8ces Gustav Klimt &#8211; Portrait de Fritza Riedler\"}]},{\"@type\":\"WebSite\",\"@id\":\"https:\/\/business.roovi.com\/fr\/#website\",\"url\":\"https:\/\/business.roovi.com\/fr\/\",\"name\":\"Roovi B2B\",\"description\":\"Roovi Business Website\",\"potentialAction\":[{\"@type\":\"SearchAction\",\"target\":{\"@type\":\"EntryPoint\",\"urlTemplate\":\"https:\/\/business.roovi.com\/fr\/?s={search_term_string}\"},\"query-input\":\"required name=search_term_string\"}],\"inLanguage\":\"fr-FR\"}]}<\/script>\n<!-- \/ Yoast SEO plugin. -->","yoast_head_json":{"title":"Puzzle adulte de 1000 pi\u00e8ces Gustav Klimt - Portrait de Fritza Riedler","description":"Puzzle adulte de 1000 pi\u00e8ces Gustav Klimt - Portrait de Fritza Riedler","robots":{"index":"index","follow":"follow","max-snippet":"max-snippet:-1","max-image-preview":"max-image-preview:large","max-video-preview":"max-video-preview:-1"},"canonical":"https:\/\/business.roovi.com\/fr\/puzzle-adulte-de-1000-pieces-gustav-klimt-portrait-de-fritza-riedler\/p\/","og_locale":"fr_FR","og_type":"article","og_title":"Puzzle adulte de 1000 pi\u00e8ces Gustav Klimt - Portrait de Fritza Riedler","og_description":"Puzzle adulte de 1000 pi\u00e8ces Gustav Klimt - Portrait de Fritza Riedler","og_url":"https:\/\/business.roovi.com\/fr\/puzzle-adulte-de-1000-pieces-gustav-klimt-portrait-de-fritza-riedler\/p\/","og_site_name":"Roovi B2B","article_publisher":"https:\/\/www.facebook.com\/wwwjucariero","article_modified_time":"2022-07-13T10:09:41+00:00","og_image":[{"width":1200,"height":1200,"url":"https:\/\/business.roovi.com\/wp-content\/uploads\/2022\/01\/p1000_art_klimt_66923kl13.png","type":"image\/png"}],"twitter_misc":{"Dur\u00e9e de lecture estim\u00e9e":"3 minutes"},"schema":{"@context":"https:\/\/schema.org","@graph":[{"@type":"WebPage","@id":"https:\/\/business.roovi.com\/fr\/puzzle-adulte-de-1000-pieces-gustav-klimt-portrait-de-fritza-riedler\/p\/","url":"https:\/\/business.roovi.com\/fr\/puzzle-adulte-de-1000-pieces-gustav-klimt-portrait-de-fritza-riedler\/p\/","name":"Puzzle adulte de 1000 pi\u00e8ces Gustav Klimt - Portrait de Fritza Riedler","isPartOf":{"@id":"https:\/\/business.roovi.com\/fr\/#website"},"datePublished":"2022-01-13T13:47:00+00:00","dateModified":"2022-07-13T10:09:41+00:00","description":"Puzzle adulte de 1000 pi\u00e8ces Gustav Klimt - Portrait de Fritza Riedler","breadcrumb":{"@id":"https:\/\/business.roovi.com\/fr\/puzzle-adulte-de-1000-pieces-gustav-klimt-portrait-de-fritza-riedler\/p\/#breadcrumb"},"inLanguage":"fr-FR","potentialAction":[{"@type":"ReadAction","target":["https:\/\/business.roovi.com\/fr\/puzzle-adulte-de-1000-pieces-gustav-klimt-portrait-de-fritza-riedler\/p\/"]}]},{"@type":"BreadcrumbList","@id":"https:\/\/business.roovi.com\/fr\/puzzle-adulte-de-1000-pieces-gustav-klimt-portrait-de-fritza-riedler\/p\/#breadcrumb","itemListElement":[{"@type":"ListItem","position":1,"name":"Home","item":"https:\/\/business.roovi.com\/fr\/"},{"@type":"ListItem","position":2,"name":"Boutique","item":"https:\/\/business.roovi.com\/fr\/boutique\/"},{"@type":"ListItem","position":3,"name":"Puzzle adulte de 1000 pi\u00e8ces Gustav Klimt &#8211; Portrait de Fritza Riedler"}]},{"@type":"WebSite","@id":"https:\/\/business.roovi.com\/fr\/#website","url":"https:\/\/business.roovi.com\/fr\/","name":"Roovi B2B","description":"Roovi Business Website","potentialAction":[{"@type":"SearchAction","target":{"@type":"EntryPoint","urlTemplate":"https:\/\/business.roovi.com\/fr\/?s={search_term_string}"},"query-input":"required name=search_term_string"}],"inLanguage":"fr-FR"}]}},"_links":{"self":[{"href":"https:\/\/business.roovi.com\/fr\/wp-json\/wp\/v2\/product\/51095","targetHints":{"allow":["GET"]}}],"collection":[{"href":"https:\/\/business.roovi.com\/fr\/wp-json\/wp\/v2\/product"}],"about":[{"href":"https:\/\/business.roovi.com\/fr\/wp-json\/wp\/v2\/types\/product"}],"version-history":[{"count":0,"href":"https:\/\/business.roovi.com\/fr\/wp-json\/wp\/v2\/product\/51095\/revisions"}],"wp:featuredmedia":[{"embeddable":true,"href":"https:\/\/business.roovi.com\/fr\/wp-json\/wp\/v2\/media\/51096"}],"wp:attachment":[{"href":"https:\/\/business.roovi.com\/fr\/wp-json\/wp\/v2\/media?parent=51095"}],"wp:term":[{"taxonomy":"product_brand","embeddable":true,"href":"https:\/\/business.roovi.com\/fr\/wp-json\/wp\/v2\/product_brand?post=51095"},{"taxonomy":"product_cat","embeddable":true,"href":"https:\/\/business.roovi.com\/fr\/wp-json\/wp\/v2\/product_cat?post=51095"},{"taxonomy":"product_tag","embeddable":true,"href":"https:\/\/business.roovi.com\/fr\/wp-json\/wp\/v2\/product_tag?post=51095"}],"curies":[{"name":"wp","href":"https:\/\/api.w.org\/{rel}","templated":true}]}}