{"id":51101,"date":"2021-12-17T14:27:12","date_gmt":"2021-12-17T14:27:12","guid":{"rendered":"https:\/\/business.roovi.com\/puzzle-adulti-1000-piese-groos-zselyke-paris\/p\/"},"modified":"2022-10-20T09:43:51","modified_gmt":"2022-10-20T09:43:51","slug":"groos-zselyke-puzzle-adulte-de-1000-pieces-paris","status":"publish","type":"product","link":"https:\/\/business.roovi.com\/fr\/groos-zselyke-puzzle-adulte-de-1000-pieces-paris\/p\/","title":{"rendered":"Groos Zselyke Puzzle adulte de 1000 pi\u00e8ces &#8211; Paris"},"content":{"rendered":"<p><span style=\"font-weight: 400;\">Voyager \u00e0 Paris est peut-\u00eatre un r\u00eave lointain, mais se projeter mentalement au c\u0153ur de la ville la plus romantique d&rsquo;Europe est d\u00e9sormais possible. Le puzzle Paris de 1000 pi\u00e8ces avec une image anim\u00e9e romantique te donne ton billet pour un voyage imaginaire vers cette destination de r\u00eave !<\/span><\/p>\n<p><span style=\"font-weight: 400;\">Un couple romantique qui vient de faire son pique-nique dans une boutique parisienne chic, avec des gens heureux, la Tour Eiffel en arri\u00e8re-plan et des montgolfi\u00e8res color\u00e9es volant dans le ciel clair de Paris, c&rsquo;est l&rsquo;image anim\u00e9e que t&rsquo;offre l&rsquo;artiste Groos Zselyke, qui a cr\u00e9\u00e9 le design de ce merveilleux puzzle artistique <\/span><\/p>\n<p><span style=\"font-weight: 400;\">La Tour Eiffel est l&#8217;embl\u00e8me de Paris et de la France, elle ne pouvait donc pas non plus manquer dans ce merveilleux puzzle de 1000 pi\u00e8ces. C&rsquo;est l&rsquo;un des sites les plus visit\u00e9s au monde. Chaque ann\u00e9e, plus de 5 000 000 de personnes visitent cette tour impressionnante.<\/span><\/p>\n<p><span style=\"font-weight: 400;\">Tu peux recr\u00e9er l&rsquo;image anim\u00e9e dans des couleurs chaudes avec tes enfants adolescents. Vous pouvez passer des heures ensemble, \u00e0 travailler en \u00e9quipe sur un merveilleux tableau que vous pourrez placer sur l&rsquo;un des murs de leur chambre <\/span><\/p>\n<p><span style=\"font-weight: 400;\">Cr\u00e9e des occasions d&rsquo;apprendre \u00e0 conna\u00eetre tes proches et de tisser des liens avec eux gr\u00e2ce \u00e0 cet \u00e9tonnant jeu de puzzle. Passer du temps de qualit\u00e9 avec tes enfants adolescents est essentiel pour maintenir une relation forte et \u00e9troite avec eux.<\/span><\/p>\n<p><strong>Pourquoi choisir le puzzle 1000 pi\u00e8ces Paris ?<\/strong><\/p>\n<p><span style=\"font-weight: 400;\">Tu obtiens une superbe planche de 50 x 70 cm.<\/span><\/p>\n<p><span style=\"font-weight: 400;\">C&rsquo;est un puzzle pour adultes fabriqu\u00e9 \u00e0 partir de mat\u00e9riaux de qualit\u00e9 : du carton bleu de premi\u00e8re qualit\u00e9.<\/span><\/p>\n<p><span style=\"font-weight: 400;\">Elle a une finition semi-brillante et des couleurs vives<\/span><\/p>\n<p><span style=\"font-weight: 400;\">Il est fabriqu\u00e9 \u00e0 partir de mat\u00e9riaux recyclables et durables.<\/span><\/p>\n<p><span style=\"font-weight: 400;\">Il convient aux personnes de plus de 14 ans, c&rsquo;est donc l&rsquo;occasion id\u00e9ale d&rsquo;initier les adolescents aux myst\u00e8res des \u00e9nigmes.<\/span><\/p>\n<p><span style=\"font-weight: 400;\">Les jeux de puzzle d\u00e9veloppent de nombreuses comp\u00e9tences, notamment :<\/span><\/p>\n<ul>\n<li><span style=\"font-weight: 400;\">L&rsquo;attention au d\u00e9tail<\/span><\/li>\n<li><span style=\"font-weight: 400;\">M\u00e9moire<\/span><\/li>\n<li><span style=\"font-weight: 400;\">Pens\u00e9e logique<\/span><\/li>\n<li><span style=\"font-weight: 400;\">Pers\u00e9v\u00e9rance<\/span><\/li>\n<li><span style=\"font-weight: 400;\">Habilet\u00e9.<\/span><\/li>\n<\/ul>\n<p><strong>Tu savais que&#8230; ?<\/strong><\/p>\n<p><span style=\"font-weight: 400;\">Paris a de nombreuses&#8230; stations de m\u00e9tro fant\u00f4mes ? Beaucoup d&rsquo;entre elles n&rsquo;ont jamais \u00e9t\u00e9 utilis\u00e9es ou sont d\u00e9saffect\u00e9es. La station Porte des Lilas est fr\u00e9quemment lou\u00e9e par des soci\u00e9t\u00e9s de production comme plateau de tournage.<\/span><\/p>\n<p><span style=\"font-weight: 400;\">Le Mus\u00e9e du Louvre est le mus\u00e9e d&rsquo;art le plus populaire du monde. Elle est c\u00e9l\u00e8bre pour abriter le tableau de Mona Lisa et 460 000 autres \u0153uvres d&rsquo;art pr\u00e9cieuses.<\/span><\/p>\n<p><span style=\"font-weight: 400;\">La Tour Eiffel, le b\u00e2timent embl\u00e9matique de la ville, n&rsquo;a pas toujours \u00e9t\u00e9 aussi populaire. En 1889, lorsqu&rsquo;elle a \u00e9t\u00e9 construite, la presse l&rsquo;a appel\u00e9e \u00ab\u00a0une monstruosit\u00e9 inutile\u00a0\u00bb. \u00c0 l&rsquo;origine, elle devait \u00eatre un monument temporaire pour montrer la technologie de construction avanc\u00e9e des Fran\u00e7ais <\/span><\/p>\n<p><span style=\"font-weight: 400;\">la \u00ab\u00a0Ville des Lumi\u00e8res\u00a0\u00bb, comme on appelle Paris, n&rsquo;a rien \u00e0 voir avec l&rsquo;\u00e9lectricit\u00e9. Le nom vient de l&rsquo;\u00e9poque des Lumi\u00e8res, lorsque la ville \u00e9tait un grand centre culturel o\u00f9 de nombreuses personnalit\u00e9s (peintres, \u00e9crivains, sculpteurs) venaient \u00e9tudier et vivre.<\/span><\/p>\n<p><strong>Puzzle Paris de 1000 pi\u00e8ces pour des moments inoubliables en famille<\/strong><\/p>\n<p><span style=\"font-weight: 400;\">En partant de l&rsquo;image du puzzle de 1000 pi\u00e8ces Paris, tu peux aborder des discussions de culture g\u00e9n\u00e9rale avec tes adolescents. Pourquoi Paris est-elle une ville d&rsquo;amoureux ? Quelle est l&rsquo;histoire de la Tour Eiffel ? Ou comment la Mona Lisa est-elle arriv\u00e9e au Louvre ? Ce ne sont que quelques-unes des questions auxquelles tu mets les enfants au d\u00e9fi de r\u00e9pondre.<\/span><\/p>\n<p><span style=\"font-weight: 400;\">Faire des puzzles peut \u00eatre plus qu&rsquo;un simple jeu, cela peut \u00eatre une fa\u00e7on d&rsquo;explorer et d&rsquo;apprendre. Laisse libre cours \u00e0 ton imagination et transforme cette activit\u00e9 en une exp\u00e9rience \u00e9ducative.<\/span><\/p>\n<p><span style=\"font-weight: 400;\">Choisis les puzzles d&rsquo;art de Paris et cr\u00e9e des souvenirs inestimables avec tes proches. Si tu veux surprendre agr\u00e9ablement tes amis amateurs de puzzles, tu peux leur offrir ce merveilleux puzzle de 1000 pi\u00e8ces comme cadeau de vacances.<\/span><\/p>\n","protected":false},"excerpt":{"rendered":"<p>Voyager \u00e0 Paris est peut-\u00eatre un r\u00eave lointain, mais se projeter mentalement au c\u0153ur de la ville la plus romantique<\/p>\n","protected":false},"featured_media":51102,"template":"","meta":[],"product_brand":[],"product_cat":[2314,2316,2315],"product_tag":[],"class_list":{"0":"post-51101","1":"product","2":"type-product","3":"status-publish","4":"has-post-thumbnail","6":"product_cat-puzzles-fr","7":"product_cat-puzzles-de-1000-pieces","8":"product_cat-puzzles-pour-adultes","9":"pa_brand-d_toys-fr","10":"pa_country_of_manufacture-ro-fr","11":"pa_tip_ambalaj-boite","12":"pa_tip_puzzle-classique","14":"first","15":"instock","16":"taxable","17":"shipping-taxable","18":"product-type-simple"},"yoast_head":"<!-- This site is optimized with the Yoast SEO plugin v20.1 - https:\/\/yoast.com\/wordpress\/plugins\/seo\/ -->\n<title>Groos Zselyke Puzzle adulte de 1000 pi\u00e8ces - Paris<\/title>\n<meta name=\"description\" content=\"Groos Zselyke Puzzle adulte de 1000 pi\u00e8ces - Paris\" \/>\n<meta name=\"robots\" content=\"index, follow, max-snippet:-1, max-image-preview:large, max-video-preview:-1\" \/>\n<link rel=\"canonical\" href=\"https:\/\/business.roovi.com\/fr\/groos-zselyke-puzzle-adulte-de-1000-pieces-paris\/p\/\" \/>\n<meta property=\"og:locale\" content=\"fr_FR\" \/>\n<meta property=\"og:type\" content=\"article\" \/>\n<meta property=\"og:title\" content=\"Groos Zselyke Puzzle adulte de 1000 pi\u00e8ces - Paris\" \/>\n<meta property=\"og:description\" content=\"Groos Zselyke Puzzle adulte de 1000 pi\u00e8ces - Paris\" \/>\n<meta property=\"og:url\" content=\"https:\/\/business.roovi.com\/fr\/groos-zselyke-puzzle-adulte-de-1000-pieces-paris\/p\/\" \/>\n<meta property=\"og:site_name\" content=\"Roovi B2B\" \/>\n<meta property=\"article:publisher\" content=\"https:\/\/www.facebook.com\/wwwjucariero\" \/>\n<meta property=\"article:modified_time\" content=\"2022-10-20T09:43:51+00:00\" \/>\n<meta property=\"og:image\" content=\"https:\/\/business.roovi.com\/wp-content\/uploads\/2021\/12\/789333_ansamblu_dimensiuni_cutie_cm-833x800.png\" \/>\n\t<meta property=\"og:image:width\" content=\"833\" \/>\n\t<meta property=\"og:image:height\" content=\"800\" \/>\n\t<meta property=\"og:image:type\" content=\"image\/png\" \/>\n<meta name=\"twitter:label1\" content=\"Dur\u00e9e de lecture estim\u00e9e\" \/>\n\t<meta name=\"twitter:data1\" content=\"4 minutes\" \/>\n<script type=\"application\/ld+json\" class=\"yoast-schema-graph\">{\"@context\":\"https:\/\/schema.org\",\"@graph\":[{\"@type\":\"WebPage\",\"@id\":\"https:\/\/business.roovi.com\/fr\/groos-zselyke-puzzle-adulte-de-1000-pieces-paris\/p\/\",\"url\":\"https:\/\/business.roovi.com\/fr\/groos-zselyke-puzzle-adulte-de-1000-pieces-paris\/p\/\",\"name\":\"Groos Zselyke Puzzle adulte de 1000 pi\u00e8ces - Paris\",\"isPartOf\":{\"@id\":\"https:\/\/business.roovi.com\/fr\/#website\"},\"datePublished\":\"2021-12-17T14:27:12+00:00\",\"dateModified\":\"2022-10-20T09:43:51+00:00\",\"description\":\"Groos Zselyke Puzzle adulte de 1000 pi\u00e8ces - Paris\",\"breadcrumb\":{\"@id\":\"https:\/\/business.roovi.com\/fr\/groos-zselyke-puzzle-adulte-de-1000-pieces-paris\/p\/#breadcrumb\"},\"inLanguage\":\"fr-FR\",\"potentialAction\":[{\"@type\":\"ReadAction\",\"target\":[\"https:\/\/business.roovi.com\/fr\/groos-zselyke-puzzle-adulte-de-1000-pieces-paris\/p\/\"]}]},{\"@type\":\"BreadcrumbList\",\"@id\":\"https:\/\/business.roovi.com\/fr\/groos-zselyke-puzzle-adulte-de-1000-pieces-paris\/p\/#breadcrumb\",\"itemListElement\":[{\"@type\":\"ListItem\",\"position\":1,\"name\":\"Home\",\"item\":\"https:\/\/business.roovi.com\/fr\/\"},{\"@type\":\"ListItem\",\"position\":2,\"name\":\"Boutique\",\"item\":\"https:\/\/business.roovi.com\/fr\/boutique\/\"},{\"@type\":\"ListItem\",\"position\":3,\"name\":\"Groos Zselyke Puzzle adulte de 1000 pi\u00e8ces &#8211; Paris\"}]},{\"@type\":\"WebSite\",\"@id\":\"https:\/\/business.roovi.com\/fr\/#website\",\"url\":\"https:\/\/business.roovi.com\/fr\/\",\"name\":\"Roovi B2B\",\"description\":\"Roovi Business Website\",\"potentialAction\":[{\"@type\":\"SearchAction\",\"target\":{\"@type\":\"EntryPoint\",\"urlTemplate\":\"https:\/\/business.roovi.com\/fr\/?s={search_term_string}\"},\"query-input\":\"required name=search_term_string\"}],\"inLanguage\":\"fr-FR\"}]}<\/script>\n<!-- \/ Yoast SEO plugin. -->","yoast_head_json":{"title":"Groos Zselyke Puzzle adulte de 1000 pi\u00e8ces - Paris","description":"Groos Zselyke Puzzle adulte de 1000 pi\u00e8ces - Paris","robots":{"index":"index","follow":"follow","max-snippet":"max-snippet:-1","max-image-preview":"max-image-preview:large","max-video-preview":"max-video-preview:-1"},"canonical":"https:\/\/business.roovi.com\/fr\/groos-zselyke-puzzle-adulte-de-1000-pieces-paris\/p\/","og_locale":"fr_FR","og_type":"article","og_title":"Groos Zselyke Puzzle adulte de 1000 pi\u00e8ces - Paris","og_description":"Groos Zselyke Puzzle adulte de 1000 pi\u00e8ces - Paris","og_url":"https:\/\/business.roovi.com\/fr\/groos-zselyke-puzzle-adulte-de-1000-pieces-paris\/p\/","og_site_name":"Roovi B2B","article_publisher":"https:\/\/www.facebook.com\/wwwjucariero","article_modified_time":"2022-10-20T09:43:51+00:00","og_image":[{"width":833,"height":800,"url":"https:\/\/business.roovi.com\/wp-content\/uploads\/2021\/12\/789333_ansamblu_dimensiuni_cutie_cm-833x800.png","type":"image\/png"}],"twitter_misc":{"Dur\u00e9e de lecture estim\u00e9e":"4 minutes"},"schema":{"@context":"https:\/\/schema.org","@graph":[{"@type":"WebPage","@id":"https:\/\/business.roovi.com\/fr\/groos-zselyke-puzzle-adulte-de-1000-pieces-paris\/p\/","url":"https:\/\/business.roovi.com\/fr\/groos-zselyke-puzzle-adulte-de-1000-pieces-paris\/p\/","name":"Groos Zselyke Puzzle adulte de 1000 pi\u00e8ces - Paris","isPartOf":{"@id":"https:\/\/business.roovi.com\/fr\/#website"},"datePublished":"2021-12-17T14:27:12+00:00","dateModified":"2022-10-20T09:43:51+00:00","description":"Groos Zselyke Puzzle adulte de 1000 pi\u00e8ces - Paris","breadcrumb":{"@id":"https:\/\/business.roovi.com\/fr\/groos-zselyke-puzzle-adulte-de-1000-pieces-paris\/p\/#breadcrumb"},"inLanguage":"fr-FR","potentialAction":[{"@type":"ReadAction","target":["https:\/\/business.roovi.com\/fr\/groos-zselyke-puzzle-adulte-de-1000-pieces-paris\/p\/"]}]},{"@type":"BreadcrumbList","@id":"https:\/\/business.roovi.com\/fr\/groos-zselyke-puzzle-adulte-de-1000-pieces-paris\/p\/#breadcrumb","itemListElement":[{"@type":"ListItem","position":1,"name":"Home","item":"https:\/\/business.roovi.com\/fr\/"},{"@type":"ListItem","position":2,"name":"Boutique","item":"https:\/\/business.roovi.com\/fr\/boutique\/"},{"@type":"ListItem","position":3,"name":"Groos Zselyke Puzzle adulte de 1000 pi\u00e8ces &#8211; Paris"}]},{"@type":"WebSite","@id":"https:\/\/business.roovi.com\/fr\/#website","url":"https:\/\/business.roovi.com\/fr\/","name":"Roovi B2B","description":"Roovi Business Website","potentialAction":[{"@type":"SearchAction","target":{"@type":"EntryPoint","urlTemplate":"https:\/\/business.roovi.com\/fr\/?s={search_term_string}"},"query-input":"required name=search_term_string"}],"inLanguage":"fr-FR"}]}},"_links":{"self":[{"href":"https:\/\/business.roovi.com\/fr\/wp-json\/wp\/v2\/product\/51101","targetHints":{"allow":["GET"]}}],"collection":[{"href":"https:\/\/business.roovi.com\/fr\/wp-json\/wp\/v2\/product"}],"about":[{"href":"https:\/\/business.roovi.com\/fr\/wp-json\/wp\/v2\/types\/product"}],"version-history":[{"count":0,"href":"https:\/\/business.roovi.com\/fr\/wp-json\/wp\/v2\/product\/51101\/revisions"}],"wp:featuredmedia":[{"embeddable":true,"href":"https:\/\/business.roovi.com\/fr\/wp-json\/wp\/v2\/media\/51102"}],"wp:attachment":[{"href":"https:\/\/business.roovi.com\/fr\/wp-json\/wp\/v2\/media?parent=51101"}],"wp:term":[{"taxonomy":"product_brand","embeddable":true,"href":"https:\/\/business.roovi.com\/fr\/wp-json\/wp\/v2\/product_brand?post=51101"},{"taxonomy":"product_cat","embeddable":true,"href":"https:\/\/business.roovi.com\/fr\/wp-json\/wp\/v2\/product_cat?post=51101"},{"taxonomy":"product_tag","embeddable":true,"href":"https:\/\/business.roovi.com\/fr\/wp-json\/wp\/v2\/product_tag?post=51101"}],"curies":[{"name":"wp","href":"https:\/\/api.w.org\/{rel}","templated":true}]}}