{"id":51150,"date":"2021-12-17T11:31:58","date_gmt":"2021-12-17T11:31:58","guid":{"rendered":"https:\/\/business.roovi.com\/colectie-65-jocuri-pentru-copii\/p\/"},"modified":"2022-07-13T10:10:23","modified_gmt":"2022-07-13T10:10:23","slug":"collection-65-jeux-pour-enfants","status":"publish","type":"product","link":"https:\/\/business.roovi.com\/fr\/collection-65-jeux-pour-enfants\/p\/","title":{"rendered":"Collection 65 Jeux pour enfants"},"content":{"rendered":"<p><strong><em>Tu veux garder ton enfant loin des \u00e9crans le plus longtemps possible ? D\u00e9couvre la 65e collection de jeux de soci\u00e9t\u00e9 pour enfants et donne-leur la chance d&rsquo;explorer le monde avec les personnages bien-aim\u00e9s des contes de f\u00e9es classiques.<\/em><\/strong><\/p>\n<p><span style=\"font-weight: 400;\">Joue Oh, Pardon ! Avec le Chat Bott\u00e9, navigue en toute s\u00e9curit\u00e9 dans le Labyrinthe avec le Petit Chaperon Rouge ou retrouve ton chemin en marchant sur le Chemin Perdu avec Hansel et Gretel. La collection de jeux de soci\u00e9t\u00e9 pour enfants 65 est une occasion unique de d\u00e9couvrir des histoires intemporelles de mani\u00e8re interactive avec ta famille ou tes meilleurs amis.<\/span><\/p>\n<p><span style=\"font-weight: 400;\">Pr\u00e9pare-toi \u00e0 t&rsquo;amuser de fa\u00e7on m\u00e9morable ! Lors de ta f\u00eate d&rsquo;anniversaire ou pendant les jours mornes o\u00f9 le mauvais temps te retient \u00e0 l&rsquo;int\u00e9rieur, tu as maintenant 65 possibilit\u00e9s \u00e0 explorer sous la forme de jeux de soci\u00e9t\u00e9 dynamiques et amusants <\/span><\/p>\n<p><span style=\"font-weight: 400;\">Il est impossible de s&rsquo;ennuyer avec les personnages de contes de f\u00e9es qui prennent vie et te rejoignent dans de fabuleuses comp\u00e9titions o\u00f9 tu sors vainqueur lorsque tu appliques la bonne strat\u00e9gie. Une collection unique avec de nombreux jeux fascinants qui d\u00e9tendent l&rsquo;atmosph\u00e8re et cr\u00e9ent des liens forts entre les participants.<\/span><\/p>\n<p><strong>Pourquoi choisir 65 Games for Kids Collection ?<\/strong><\/p>\n<p><span style=\"font-weight: 400;\">C&rsquo;est un ensemble complexe offrant une multitude de variations de jeux qui occuperont les petits pendant longtemps.<\/span><\/p>\n<p><span style=\"font-weight: 400;\">Contient 4 planches double face en carton \u00e9pais et tr\u00e8s r\u00e9sistant pour de nombreuses heures de vrai plaisir.<\/span><\/p>\n<p><span style=\"font-weight: 400;\">Les jeux de soci\u00e9t\u00e9 stimulent le d\u00e9veloppement du langage, l&rsquo;attention aux d\u00e9tails et les capacit\u00e9s de concentration des enfants.<\/span><\/p>\n<p><span style=\"font-weight: 400;\">Cela peut \u00eatre une fa\u00e7on amusante de red\u00e9couvrir le monde des histoires ou de se familiariser avec elles.<\/span><\/p>\n<p><span style=\"font-weight: 400;\">Dans chaque jeu, l&rsquo;enfant essaie d&rsquo;arriver en t\u00eate et d\u00e9veloppe ainsi un esprit de comp\u00e9tition.<\/span><\/p>\n<p><span style=\"font-weight: 400;\">C&rsquo;est une source in\u00e9puisable de plaisir et de bonne humeur.<\/span><\/p>\n<p><span style=\"font-weight: 400;\">C&rsquo;est une alternative saine aux jeux sur ordinateur qui fatiguent et rendent les petits grincheux.<\/span><\/p>\n<p><span style=\"font-weight: 400;\">Tous ces jeux de soci\u00e9t\u00e9 encouragent les jeunes enfants \u00e0 travailler en \u00e9quipe et \u00e0 savourer le go\u00fbt de la victoire avec leurs partenaires <\/span><\/p>\n<p><strong>Savais-tu que les jeux de soci\u00e9t\u00e9 pour enfants..<\/strong><\/p>\n<ul>\n<li><span style=\"font-weight: 400;\">Ils aident les enfants \u00e0 apprendre \u00e0 respecter les r\u00e8gles et \u00e0 s&rsquo;adapter \u00e0 de nouvelles situations.<\/span><\/li>\n<li><span style=\"font-weight: 400;\">Il renforce l&rsquo;estime de soi et apprend aux enfants que ce n&rsquo;est pas grave de perdre car le but du jeu est de s&rsquo;amuser et de socialiser.<\/span><\/li>\n<li><span style=\"font-weight: 400;\">D\u00e9veloppe un raisonnement logique et la capacit\u00e9 de planifier et de penser \u00e0 des strat\u00e9gies innovantes pour avoir une longueur d&rsquo;avance sur ses adversaires.<\/span><\/li>\n<li><span style=\"font-weight: 400;\">Il aide les enfants \u00e0 \u00eatre plus confiants et \u00e0 parler en public.<\/span><\/li>\n<\/ul>\n<p><strong>Commence \u00e0 t&rsquo;amuser et pars dans des aventures fascinantes avec tes personnages pr\u00e9f\u00e9r\u00e9s !<\/strong><\/p>\n<p><span style=\"font-weight: 400;\">\u00c2ge recommand\u00e9 : 4+<\/span><\/p>\n<p><span style=\"font-weight: 400;\">Jeu pour 2-4 joueurs.<\/span><\/p>\n<p><span style=\"font-weight: 400;\">Contient : 4 planches de jeu, 16 pions, 1 d\u00e9, 8 pi\u00e8ces carr\u00e9es rouges et 16 pi\u00e8ces rondes en \u00e9toile, instructions de jeu.<\/span><\/p>\n<p><span style=\"font-weight: 400;\">Non recommand\u00e9 pour les enfants de moins de 3 ans.<\/span><\/p>\n","protected":false},"excerpt":{"rendered":"<p>Tu veux garder ton enfant loin des \u00e9crans le plus longtemps possible ? D\u00e9couvre la 65e collection de jeux de<\/p>\n","protected":false},"featured_media":51151,"template":"","meta":[],"product_brand":[],"product_cat":[2335,2305,2303,2333],"product_tag":[],"class_list":{"0":"post-51150","1":"product","2":"type-product","3":"status-publish","4":"has-post-thumbnail","6":"product_cat-jeux-classiques","7":"product_cat-jeux-de-famille","8":"product_cat-jeux-de-societe","9":"product_cat-jeux-roumains","10":"pa_brand-deico-fr","11":"pa_country_of_manufacture-ro-fr","12":"pa_filter_age-3_5-fr","13":"pa_filter_age-5_7-fr","14":"pa_filter_age-7_9-fr","15":"pa_tip_ambalaj-boite","17":"first","18":"instock","19":"taxable","20":"shipping-taxable","21":"product-type-simple"},"yoast_head":"<!-- This site is optimized with the Yoast SEO plugin v20.1 - https:\/\/yoast.com\/wordpress\/plugins\/seo\/ -->\n<title>Collection 65 Jeux pour enfants<\/title>\n<meta name=\"description\" content=\"Collection 65 Jeux pour enfants\" \/>\n<meta name=\"robots\" content=\"index, follow, max-snippet:-1, max-image-preview:large, max-video-preview:-1\" \/>\n<link rel=\"canonical\" href=\"https:\/\/business.roovi.com\/fr\/collection-65-jeux-pour-enfants\/p\/\" \/>\n<meta property=\"og:locale\" content=\"fr_FR\" \/>\n<meta property=\"og:type\" content=\"article\" \/>\n<meta property=\"og:title\" content=\"Collection 65 Jeux pour enfants\" \/>\n<meta property=\"og:description\" content=\"Collection 65 Jeux pour enfants\" \/>\n<meta property=\"og:url\" content=\"https:\/\/business.roovi.com\/fr\/collection-65-jeux-pour-enfants\/p\/\" \/>\n<meta property=\"og:site_name\" content=\"Roovi B2B\" \/>\n<meta property=\"article:publisher\" content=\"https:\/\/www.facebook.com\/wwwjucariero\" \/>\n<meta property=\"article:modified_time\" content=\"2022-07-13T10:10:23+00:00\" \/>\n<meta property=\"og:image\" content=\"https:\/\/business.roovi.com\/wp-content\/uploads\/2021\/12\/colectie_65_basme-65254.jpg\" \/>\n\t<meta property=\"og:image:width\" content=\"1000\" \/>\n\t<meta property=\"og:image:height\" content=\"1000\" \/>\n\t<meta property=\"og:image:type\" content=\"image\/jpeg\" \/>\n<meta name=\"twitter:label1\" content=\"Dur\u00e9e de lecture estim\u00e9e\" \/>\n\t<meta name=\"twitter:data1\" content=\"2 minutes\" \/>\n<script type=\"application\/ld+json\" class=\"yoast-schema-graph\">{\"@context\":\"https:\/\/schema.org\",\"@graph\":[{\"@type\":\"WebPage\",\"@id\":\"https:\/\/business.roovi.com\/fr\/collection-65-jeux-pour-enfants\/p\/\",\"url\":\"https:\/\/business.roovi.com\/fr\/collection-65-jeux-pour-enfants\/p\/\",\"name\":\"Collection 65 Jeux pour enfants\",\"isPartOf\":{\"@id\":\"https:\/\/business.roovi.com\/fr\/#website\"},\"datePublished\":\"2021-12-17T11:31:58+00:00\",\"dateModified\":\"2022-07-13T10:10:23+00:00\",\"description\":\"Collection 65 Jeux pour enfants\",\"breadcrumb\":{\"@id\":\"https:\/\/business.roovi.com\/fr\/collection-65-jeux-pour-enfants\/p\/#breadcrumb\"},\"inLanguage\":\"fr-FR\",\"potentialAction\":[{\"@type\":\"ReadAction\",\"target\":[\"https:\/\/business.roovi.com\/fr\/collection-65-jeux-pour-enfants\/p\/\"]}]},{\"@type\":\"BreadcrumbList\",\"@id\":\"https:\/\/business.roovi.com\/fr\/collection-65-jeux-pour-enfants\/p\/#breadcrumb\",\"itemListElement\":[{\"@type\":\"ListItem\",\"position\":1,\"name\":\"Home\",\"item\":\"https:\/\/business.roovi.com\/fr\/\"},{\"@type\":\"ListItem\",\"position\":2,\"name\":\"Boutique\",\"item\":\"https:\/\/business.roovi.com\/fr\/boutique\/\"},{\"@type\":\"ListItem\",\"position\":3,\"name\":\"Collection 65 Jeux pour enfants\"}]},{\"@type\":\"WebSite\",\"@id\":\"https:\/\/business.roovi.com\/fr\/#website\",\"url\":\"https:\/\/business.roovi.com\/fr\/\",\"name\":\"Roovi B2B\",\"description\":\"Roovi Business Website\",\"potentialAction\":[{\"@type\":\"SearchAction\",\"target\":{\"@type\":\"EntryPoint\",\"urlTemplate\":\"https:\/\/business.roovi.com\/fr\/?s={search_term_string}\"},\"query-input\":\"required name=search_term_string\"}],\"inLanguage\":\"fr-FR\"}]}<\/script>\n<!-- \/ Yoast SEO plugin. -->","yoast_head_json":{"title":"Collection 65 Jeux pour enfants","description":"Collection 65 Jeux pour enfants","robots":{"index":"index","follow":"follow","max-snippet":"max-snippet:-1","max-image-preview":"max-image-preview:large","max-video-preview":"max-video-preview:-1"},"canonical":"https:\/\/business.roovi.com\/fr\/collection-65-jeux-pour-enfants\/p\/","og_locale":"fr_FR","og_type":"article","og_title":"Collection 65 Jeux pour enfants","og_description":"Collection 65 Jeux pour enfants","og_url":"https:\/\/business.roovi.com\/fr\/collection-65-jeux-pour-enfants\/p\/","og_site_name":"Roovi B2B","article_publisher":"https:\/\/www.facebook.com\/wwwjucariero","article_modified_time":"2022-07-13T10:10:23+00:00","og_image":[{"width":1000,"height":1000,"url":"https:\/\/business.roovi.com\/wp-content\/uploads\/2021\/12\/colectie_65_basme-65254.jpg","type":"image\/jpeg"}],"twitter_misc":{"Dur\u00e9e de lecture estim\u00e9e":"2 minutes"},"schema":{"@context":"https:\/\/schema.org","@graph":[{"@type":"WebPage","@id":"https:\/\/business.roovi.com\/fr\/collection-65-jeux-pour-enfants\/p\/","url":"https:\/\/business.roovi.com\/fr\/collection-65-jeux-pour-enfants\/p\/","name":"Collection 65 Jeux pour enfants","isPartOf":{"@id":"https:\/\/business.roovi.com\/fr\/#website"},"datePublished":"2021-12-17T11:31:58+00:00","dateModified":"2022-07-13T10:10:23+00:00","description":"Collection 65 Jeux pour enfants","breadcrumb":{"@id":"https:\/\/business.roovi.com\/fr\/collection-65-jeux-pour-enfants\/p\/#breadcrumb"},"inLanguage":"fr-FR","potentialAction":[{"@type":"ReadAction","target":["https:\/\/business.roovi.com\/fr\/collection-65-jeux-pour-enfants\/p\/"]}]},{"@type":"BreadcrumbList","@id":"https:\/\/business.roovi.com\/fr\/collection-65-jeux-pour-enfants\/p\/#breadcrumb","itemListElement":[{"@type":"ListItem","position":1,"name":"Home","item":"https:\/\/business.roovi.com\/fr\/"},{"@type":"ListItem","position":2,"name":"Boutique","item":"https:\/\/business.roovi.com\/fr\/boutique\/"},{"@type":"ListItem","position":3,"name":"Collection 65 Jeux pour enfants"}]},{"@type":"WebSite","@id":"https:\/\/business.roovi.com\/fr\/#website","url":"https:\/\/business.roovi.com\/fr\/","name":"Roovi B2B","description":"Roovi Business Website","potentialAction":[{"@type":"SearchAction","target":{"@type":"EntryPoint","urlTemplate":"https:\/\/business.roovi.com\/fr\/?s={search_term_string}"},"query-input":"required name=search_term_string"}],"inLanguage":"fr-FR"}]}},"_links":{"self":[{"href":"https:\/\/business.roovi.com\/fr\/wp-json\/wp\/v2\/product\/51150","targetHints":{"allow":["GET"]}}],"collection":[{"href":"https:\/\/business.roovi.com\/fr\/wp-json\/wp\/v2\/product"}],"about":[{"href":"https:\/\/business.roovi.com\/fr\/wp-json\/wp\/v2\/types\/product"}],"version-history":[{"count":0,"href":"https:\/\/business.roovi.com\/fr\/wp-json\/wp\/v2\/product\/51150\/revisions"}],"wp:featuredmedia":[{"embeddable":true,"href":"https:\/\/business.roovi.com\/fr\/wp-json\/wp\/v2\/media\/51151"}],"wp:attachment":[{"href":"https:\/\/business.roovi.com\/fr\/wp-json\/wp\/v2\/media?parent=51150"}],"wp:term":[{"taxonomy":"product_brand","embeddable":true,"href":"https:\/\/business.roovi.com\/fr\/wp-json\/wp\/v2\/product_brand?post=51150"},{"taxonomy":"product_cat","embeddable":true,"href":"https:\/\/business.roovi.com\/fr\/wp-json\/wp\/v2\/product_cat?post=51150"},{"taxonomy":"product_tag","embeddable":true,"href":"https:\/\/business.roovi.com\/fr\/wp-json\/wp\/v2\/product_tag?post=51150"}],"curies":[{"name":"wp","href":"https:\/\/api.w.org\/{rel}","templated":true}]}}