{"id":51191,"date":"2021-12-14T14:44:02","date_gmt":"2021-12-14T14:44:02","guid":{"rendered":"https:\/\/business.roovi.com\/puzzle-adulti-1000-piese-vintage-poster-chocolat-carpentier\/p\/"},"modified":"2022-07-13T10:10:55","modified_gmt":"2022-07-13T10:10:55","slug":"puzzle-poster-vintage-adulte-1000-pieces-chocolat-carpentier","status":"publish","type":"product","link":"https:\/\/business.roovi.com\/fr\/puzzle-poster-vintage-adulte-1000-pieces-chocolat-carpentier\/p\/","title":{"rendered":"Puzzle Poster Vintage Adulte 1000 pi\u00e8ces &#8211; Chocolat Carpentier"},"content":{"rendered":"<p><span style=\"font-weight: 400;\">Tu aimes l&rsquo;art v\u00e9ritable et tu aimerais poss\u00e9der certaines des peintures qui ont marqu\u00e9 l&rsquo;histoire du monde de l&rsquo;art ? D\u00e9couvre la plus large gamme de puzzles pour adultes avec des illustrations vintage et cr\u00e9e la collection d&rsquo;art de tes r\u00eaves.<\/span><\/p>\n<p><span style=\"font-weight: 400;\">Le puzzle Chocolat Carpentier de 1000 pi\u00e8ces reproduit l&rsquo;image de l&rsquo;illustration publicitaire de l&rsquo;artiste fran\u00e7ais <\/span><span style=\"font-weight: 400;\">Louis Th\u00e9ophile Hingre. L&rsquo;affiche \u00e9tait un <\/span><span style=\"font-weight: 400;\">la publicit\u00e9 pour le chocolat chaud a \u00e9t\u00e9 faite dans le style art nouveau <\/span><\/p>\n<p><span style=\"font-weight: 400;\">Admirateur d&rsquo;Alphonse Mucha, le graphiste a suivi les traces du c\u00e9l\u00e8bre ma\u00eetre et a produit \u00e0 son tour diverses affiches publicitaires dans un style original qui a eu un impact sur le public de l&rsquo;\u00e9poque <\/span><\/p>\n<p><span style=\"font-weight: 400;\">Si tu veux donner une touche raffin\u00e9e \u00e0 ta maison, le puzzle Chocolat Carpentier de 1000 pi\u00e8ces est le choix id\u00e9al. Les couleurs vibrantes de l&rsquo;affiche originale sont fid\u00e8lement rendues dans ce puzzle artistique qui te d\u00e9connecte de la monotonie quotidienne. Tu peux utiliser une table basse standard pour soutenir les pi\u00e8ces et composer le tableau.<\/span><\/p>\n<p><span style=\"font-weight: 400;\">Plus de d\u00e9tails sur le puzzle vintage Chocolat Carpentier de 1000 pi\u00e8ces ci-dessous :<\/span><\/p>\n<p><strong>Taille de l&rsquo;image reconstruite : 50 x 70 cm.<\/strong><\/p>\n<p><strong>Mat\u00e9riau du puzzle <\/strong><\/p>\n<p><strong>carton bleu de haute qualit\u00e9<\/strong><\/p>\n<p><strong>des mat\u00e9riaux durables et recyclables<\/strong><\/p>\n<p><strong>finition semi-brillante, couleurs vives<\/strong><\/p>\n<p><strong>Nombre de pi\u00e8ces de puzzle : 1000<\/strong><\/p>\n<p><strong>\u00c2ge recommand\u00e9 : 14+<\/strong><\/p>\n<p><strong>Pourquoi le puzzle vintage est si sp\u00e9cial &#8211; Chocolat Carpentier ?<\/strong><\/p>\n<p><span style=\"font-weight: 400;\">C&rsquo;est l&rsquo;occasion de mettre la main sur une superbe r\u00e9plique d&rsquo;une affiche vintage.<\/span><\/p>\n<p><span style=\"font-weight: 400;\">Tu as la possibilit\u00e9 de d\u00e9velopper tes comp\u00e9tences en mati\u00e8re d&rsquo;assemblage de puzzles.<\/span><\/p>\n<p><span style=\"font-weight: 400;\">Tu d\u00e9veloppes ta capacit\u00e9 \u00e0 te concentrer sur une seule t\u00e2che.<\/span><\/p>\n<p><span style=\"font-weight: 400;\">Sors de ta routine quotidienne avec une activit\u00e9 cr\u00e9ative.<\/span><\/p>\n<p><span style=\"font-weight: 400;\">Cela peut \u00eatre l&rsquo;occasion de socialiser avec des amis pendant les week-ends froids.<\/span><\/p>\n<p><span style=\"font-weight: 400;\">Une fois que tu as pos\u00e9 le dernier morceau du tableau, tu ressens un sentiment d&rsquo;optimisme et de confiance en toi.<\/span><\/p>\n<p><strong>Tu savais que&#8230; ?<\/strong><\/p>\n<p><span style=\"font-weight: 400;\">L&rsquo;art publicitaire sous forme d&rsquo;affiches ou de panneaux d&rsquo;affichage \u00e9tait une bonne occasion pour les artistes du XIXe si\u00e8cle de faire conna\u00eetre leur travail au grand public <\/span><\/p>\n<p><span style=\"font-weight: 400;\">Les affiches publicitaires de rue \u00e9taient si populaires aupr\u00e8s du public qu&rsquo;elles disparaissaient rapidement apr\u00e8s avoir \u00e9t\u00e9 expos\u00e9es dans les villes.<\/span><\/p>\n<p><span style=\"font-weight: 400;\">Des artistes comme Alphonse Mucha, Th\u00e9ophile-Alexandre Steinlen et Henri Toulouse-Lautrec faisaient partie de ceux qui voulaient rendre leur travail accessible \u00e0 tous et ont cr\u00e9\u00e9 des affiches publicitaires qui sont encore aujourd&rsquo;hui pourchass\u00e9es par des collectionneurs avides pr\u00eats \u00e0 payer des milliers d&rsquo;euros pour des exemplaires originaux.<\/span><\/p>\n<p><strong>Avec le puzzle de 1000 pi\u00e8ces de Chocolat Carpentier, tu peux chasser l&rsquo;ennui des jours mornes<\/strong><\/p>\n<p><span style=\"font-weight: 400;\">Tu t&rsquo;ennuies lorsque le temps froid ou d&rsquo;autres raisons te retiennent prisonni\u00e8re de ta maison ? Choisis le puzzle Chocolat Carpentier de 1000 pi\u00e8ces et occupe ton temps de mani\u00e8re cr\u00e9ative.<\/span><\/p>\n<p><span style=\"font-weight: 400;\">Fais participer tes enfants, grands-parents ou amis chers \u00e0 cette activit\u00e9 relaxante et cr\u00e9e ensemble une peinture sp\u00e9ciale et des souvenirs inoubliables. Assure-toi de pr\u00e9parer d&rsquo;abord un chocolat chaud, l&rsquo;affiche t&rsquo;ouvrira s\u00fbrement l&rsquo;app\u00e9tit pour cette boisson sucr\u00e9e \ud83d\ude42<\/span><\/p>\n<p><span style=\"font-weight: 400;\">Que tu veuilles te d\u00e9tendre, cr\u00e9er un objet d\u00e9coratif original ou chasser des heures d&rsquo;ennui, le puzzle Chocolat Carpentier de 1000 pi\u00e8ces est l&rsquo;option id\u00e9ale. Ce jeu de puzzle sp\u00e9cial peut aussi \u00eatre un excellent cadeau pour les anniversaires d&rsquo;amis ou le cadeau tant attendu du P\u00e8re No\u00ebl.<\/span><\/p><\/p>\n","protected":false},"excerpt":{"rendered":"<p>Tu aimes l&rsquo;art v\u00e9ritable et tu aimerais poss\u00e9der certaines des peintures qui ont marqu\u00e9 l&rsquo;histoire du monde de l&rsquo;art ?<\/p>\n","protected":false},"featured_media":51192,"template":"","meta":[],"product_brand":[],"product_cat":[2314,2315,2316],"product_tag":[],"class_list":{"0":"post-51191","1":"product","2":"type-product","3":"status-publish","4":"has-post-thumbnail","6":"product_cat-puzzles-fr","7":"product_cat-puzzles-pour-adultes","8":"product_cat-puzzles-de-1000-pieces","9":"pa_brand-d_toys-fr","10":"pa_country_of_manufacture-ro-fr","11":"pa_filter_age-14-fr","12":"pa_painter-vintage-fr","13":"pa_tip_ambalaj-boite","14":"pa_tip_puzzle-classique","16":"first","17":"instock","18":"taxable","19":"shipping-taxable","20":"product-type-simple"},"yoast_head":"<!-- This site is optimized with the Yoast SEO plugin v20.1 - https:\/\/yoast.com\/wordpress\/plugins\/seo\/ -->\n<title>Puzzle Poster Vintage Adulte 1000 pi\u00e8ces - Chocolat Carpentier<\/title>\n<meta name=\"description\" content=\"Puzzle Poster Vintage Adulte 1000 pi\u00e8ces - Chocolat Carpentier\" \/>\n<meta name=\"robots\" content=\"index, follow, max-snippet:-1, max-image-preview:large, max-video-preview:-1\" \/>\n<link rel=\"canonical\" href=\"https:\/\/business.roovi.com\/fr\/puzzle-poster-vintage-adulte-1000-pieces-chocolat-carpentier\/p\/\" \/>\n<meta property=\"og:locale\" content=\"fr_FR\" \/>\n<meta property=\"og:type\" content=\"article\" \/>\n<meta property=\"og:title\" content=\"Puzzle Poster Vintage Adulte 1000 pi\u00e8ces - Chocolat Carpentier\" \/>\n<meta property=\"og:description\" content=\"Puzzle Poster Vintage Adulte 1000 pi\u00e8ces - Chocolat Carpentier\" \/>\n<meta property=\"og:url\" content=\"https:\/\/business.roovi.com\/fr\/puzzle-poster-vintage-adulte-1000-pieces-chocolat-carpentier\/p\/\" \/>\n<meta property=\"og:site_name\" content=\"Roovi B2B\" \/>\n<meta property=\"article:publisher\" content=\"https:\/\/www.facebook.com\/wwwjucariero\" \/>\n<meta property=\"article:modified_time\" content=\"2022-07-13T10:10:55+00:00\" \/>\n<meta property=\"og:image\" content=\"https:\/\/business.roovi.com\/wp-content\/uploads\/2021\/12\/67555-21_ansamblu_dimensiuni_cutie_cm_vertical_1200x1200.png\" \/>\n\t<meta property=\"og:image:width\" content=\"1200\" \/>\n\t<meta property=\"og:image:height\" content=\"1200\" \/>\n\t<meta property=\"og:image:type\" content=\"image\/png\" \/>\n<meta name=\"twitter:label1\" content=\"Dur\u00e9e de lecture estim\u00e9e\" \/>\n\t<meta name=\"twitter:data1\" content=\"3 minutes\" \/>\n<script type=\"application\/ld+json\" class=\"yoast-schema-graph\">{\"@context\":\"https:\/\/schema.org\",\"@graph\":[{\"@type\":\"WebPage\",\"@id\":\"https:\/\/business.roovi.com\/fr\/puzzle-poster-vintage-adulte-1000-pieces-chocolat-carpentier\/p\/\",\"url\":\"https:\/\/business.roovi.com\/fr\/puzzle-poster-vintage-adulte-1000-pieces-chocolat-carpentier\/p\/\",\"name\":\"Puzzle Poster Vintage Adulte 1000 pi\u00e8ces - Chocolat Carpentier\",\"isPartOf\":{\"@id\":\"https:\/\/business.roovi.com\/fr\/#website\"},\"datePublished\":\"2021-12-14T14:44:02+00:00\",\"dateModified\":\"2022-07-13T10:10:55+00:00\",\"description\":\"Puzzle Poster Vintage Adulte 1000 pi\u00e8ces - Chocolat Carpentier\",\"breadcrumb\":{\"@id\":\"https:\/\/business.roovi.com\/fr\/puzzle-poster-vintage-adulte-1000-pieces-chocolat-carpentier\/p\/#breadcrumb\"},\"inLanguage\":\"fr-FR\",\"potentialAction\":[{\"@type\":\"ReadAction\",\"target\":[\"https:\/\/business.roovi.com\/fr\/puzzle-poster-vintage-adulte-1000-pieces-chocolat-carpentier\/p\/\"]}]},{\"@type\":\"BreadcrumbList\",\"@id\":\"https:\/\/business.roovi.com\/fr\/puzzle-poster-vintage-adulte-1000-pieces-chocolat-carpentier\/p\/#breadcrumb\",\"itemListElement\":[{\"@type\":\"ListItem\",\"position\":1,\"name\":\"Home\",\"item\":\"https:\/\/business.roovi.com\/fr\/\"},{\"@type\":\"ListItem\",\"position\":2,\"name\":\"Boutique\",\"item\":\"https:\/\/business.roovi.com\/fr\/boutique\/\"},{\"@type\":\"ListItem\",\"position\":3,\"name\":\"Puzzle Poster Vintage Adulte 1000 pi\u00e8ces &#8211; Chocolat Carpentier\"}]},{\"@type\":\"WebSite\",\"@id\":\"https:\/\/business.roovi.com\/fr\/#website\",\"url\":\"https:\/\/business.roovi.com\/fr\/\",\"name\":\"Roovi B2B\",\"description\":\"Roovi Business Website\",\"potentialAction\":[{\"@type\":\"SearchAction\",\"target\":{\"@type\":\"EntryPoint\",\"urlTemplate\":\"https:\/\/business.roovi.com\/fr\/?s={search_term_string}\"},\"query-input\":\"required name=search_term_string\"}],\"inLanguage\":\"fr-FR\"}]}<\/script>\n<!-- \/ Yoast SEO plugin. -->","yoast_head_json":{"title":"Puzzle Poster Vintage Adulte 1000 pi\u00e8ces - Chocolat Carpentier","description":"Puzzle Poster Vintage Adulte 1000 pi\u00e8ces - Chocolat Carpentier","robots":{"index":"index","follow":"follow","max-snippet":"max-snippet:-1","max-image-preview":"max-image-preview:large","max-video-preview":"max-video-preview:-1"},"canonical":"https:\/\/business.roovi.com\/fr\/puzzle-poster-vintage-adulte-1000-pieces-chocolat-carpentier\/p\/","og_locale":"fr_FR","og_type":"article","og_title":"Puzzle Poster Vintage Adulte 1000 pi\u00e8ces - Chocolat Carpentier","og_description":"Puzzle Poster Vintage Adulte 1000 pi\u00e8ces - Chocolat Carpentier","og_url":"https:\/\/business.roovi.com\/fr\/puzzle-poster-vintage-adulte-1000-pieces-chocolat-carpentier\/p\/","og_site_name":"Roovi B2B","article_publisher":"https:\/\/www.facebook.com\/wwwjucariero","article_modified_time":"2022-07-13T10:10:55+00:00","og_image":[{"width":1200,"height":1200,"url":"https:\/\/business.roovi.com\/wp-content\/uploads\/2021\/12\/67555-21_ansamblu_dimensiuni_cutie_cm_vertical_1200x1200.png","type":"image\/png"}],"twitter_misc":{"Dur\u00e9e de lecture estim\u00e9e":"3 minutes"},"schema":{"@context":"https:\/\/schema.org","@graph":[{"@type":"WebPage","@id":"https:\/\/business.roovi.com\/fr\/puzzle-poster-vintage-adulte-1000-pieces-chocolat-carpentier\/p\/","url":"https:\/\/business.roovi.com\/fr\/puzzle-poster-vintage-adulte-1000-pieces-chocolat-carpentier\/p\/","name":"Puzzle Poster Vintage Adulte 1000 pi\u00e8ces - Chocolat Carpentier","isPartOf":{"@id":"https:\/\/business.roovi.com\/fr\/#website"},"datePublished":"2021-12-14T14:44:02+00:00","dateModified":"2022-07-13T10:10:55+00:00","description":"Puzzle Poster Vintage Adulte 1000 pi\u00e8ces - Chocolat Carpentier","breadcrumb":{"@id":"https:\/\/business.roovi.com\/fr\/puzzle-poster-vintage-adulte-1000-pieces-chocolat-carpentier\/p\/#breadcrumb"},"inLanguage":"fr-FR","potentialAction":[{"@type":"ReadAction","target":["https:\/\/business.roovi.com\/fr\/puzzle-poster-vintage-adulte-1000-pieces-chocolat-carpentier\/p\/"]}]},{"@type":"BreadcrumbList","@id":"https:\/\/business.roovi.com\/fr\/puzzle-poster-vintage-adulte-1000-pieces-chocolat-carpentier\/p\/#breadcrumb","itemListElement":[{"@type":"ListItem","position":1,"name":"Home","item":"https:\/\/business.roovi.com\/fr\/"},{"@type":"ListItem","position":2,"name":"Boutique","item":"https:\/\/business.roovi.com\/fr\/boutique\/"},{"@type":"ListItem","position":3,"name":"Puzzle Poster Vintage Adulte 1000 pi\u00e8ces &#8211; Chocolat Carpentier"}]},{"@type":"WebSite","@id":"https:\/\/business.roovi.com\/fr\/#website","url":"https:\/\/business.roovi.com\/fr\/","name":"Roovi B2B","description":"Roovi Business Website","potentialAction":[{"@type":"SearchAction","target":{"@type":"EntryPoint","urlTemplate":"https:\/\/business.roovi.com\/fr\/?s={search_term_string}"},"query-input":"required name=search_term_string"}],"inLanguage":"fr-FR"}]}},"_links":{"self":[{"href":"https:\/\/business.roovi.com\/fr\/wp-json\/wp\/v2\/product\/51191","targetHints":{"allow":["GET"]}}],"collection":[{"href":"https:\/\/business.roovi.com\/fr\/wp-json\/wp\/v2\/product"}],"about":[{"href":"https:\/\/business.roovi.com\/fr\/wp-json\/wp\/v2\/types\/product"}],"version-history":[{"count":0,"href":"https:\/\/business.roovi.com\/fr\/wp-json\/wp\/v2\/product\/51191\/revisions"}],"wp:featuredmedia":[{"embeddable":true,"href":"https:\/\/business.roovi.com\/fr\/wp-json\/wp\/v2\/media\/51192"}],"wp:attachment":[{"href":"https:\/\/business.roovi.com\/fr\/wp-json\/wp\/v2\/media?parent=51191"}],"wp:term":[{"taxonomy":"product_brand","embeddable":true,"href":"https:\/\/business.roovi.com\/fr\/wp-json\/wp\/v2\/product_brand?post=51191"},{"taxonomy":"product_cat","embeddable":true,"href":"https:\/\/business.roovi.com\/fr\/wp-json\/wp\/v2\/product_cat?post=51191"},{"taxonomy":"product_tag","embeddable":true,"href":"https:\/\/business.roovi.com\/fr\/wp-json\/wp\/v2\/product_tag?post=51191"}],"curies":[{"name":"wp","href":"https:\/\/api.w.org\/{rel}","templated":true}]}}