{"id":51199,"date":"2021-12-14T14:39:28","date_gmt":"2021-12-14T14:39:28","guid":{"rendered":"https:\/\/business.roovi.com\/puzzle-adulti-1000-piese-kurti-andrea-catspisici\/p\/"},"modified":"2022-07-13T10:10:59","modified_gmt":"2022-07-13T10:10:59","slug":"kurti-andrea-puzzle-adulte-1000-pieces-chats-pisici","status":"publish","type":"product","link":"https:\/\/business.roovi.com\/fr\/kurti-andrea-puzzle-adulte-1000-pieces-chats-pisici\/p\/","title":{"rendered":"K\u00fcrti Andrea Puzzle adulte 1000 pi\u00e8ces &#8211; Chats\/Pisici"},"content":{"rendered":"<p><span style=\"font-weight: 400;\">Es-tu pr\u00eat \u00e0 faire passer ton puzzle de 1000 pi\u00e8ces au niveau sup\u00e9rieur ? Nous t&rsquo;avons couvert avec des dessins \u00e9tonnants, de haute difficult\u00e9 et d&rsquo;un d\u00e9fi fascinant <\/span><\/p>\n<p><span style=\"font-weight: 400;\">Puzzle 1000 pi\u00e8ces &#8211; Chats fait passer ta passion pour les puzzles au niveau sup\u00e9rieur. Un puzzle pour adultes de haute difficult\u00e9 avec un design original de l&rsquo;artiste Kurti Andrea animera tes moments monotones.<\/span><\/p>\n<p><span style=\"font-weight: 400;\">Que tu veuilles faire passer ta r\u00e9solution de puzzle au niveau sup\u00e9rieur ou mettre au d\u00e9fi un ami amateur de puzzle d&rsquo;exercer ses comp\u00e9tences et sa patience, ce puzzle de 1000 pi\u00e8ces est le choix id\u00e9al.<\/span><\/p>\n<p><span style=\"font-weight: 400;\">Le puzzle de 1000 pi\u00e8ces &#8211; Chats te donne l&rsquo;occasion de te connecter avec ta famille ou tes amis. Organise des soir\u00e9es casse-t\u00eate avec tes proches et d\u00e9couvre la joie de passer du temps ensemble. Encadre la photo obtenue et garde le pr\u00e9cieux souvenir dans ta maison.<\/span><\/p>\n<p><strong>Pourquoi choisir 1000 pi\u00e8ces &#8211; Chats ?<\/strong><\/p>\n<p><span style=\"font-weight: 400;\">Tu obtiens un tableau de 50 x 70 cm que tu peux encadrer et admirer tous les jours.<\/span><\/p>\n<p><span style=\"font-weight: 400;\">Il est fabriqu\u00e9 avec des mat\u00e9riaux de qualit\u00e9, du carton bleu de premi\u00e8re qualit\u00e9 et peut \u00eatre le cadeau parfait pour les amateurs de puzzles de 1000 pi\u00e8ces.<\/span><\/p>\n<p><span style=\"font-weight: 400;\">Elle est respectueuse de la nature et durable, fabriqu\u00e9e \u00e0 partir de mat\u00e9riaux durables et recyclables.<\/span><\/p>\n<p><span style=\"font-weight: 400;\">Elle a une finition semi-brillante et des couleurs vives et tr\u00e8s agr\u00e9ables.<\/span><\/p>\n<p><span style=\"font-weight: 400;\">Il convient aux personnes de plus de 14 ans, tu peux donc aussi initier les adolescents aux jeux de r\u00e9flexion.<\/span><\/p>\n<p><strong>Tu savais que&#8230; ?<\/strong><span style=\"font-weight: 400;\"> <\/span><\/p>\n<p><span style=\"font-weight: 400;\">Le corps d&rsquo;un chat compte 244 os. En comparaison, le corps humain compte 206 os.<\/span><\/p>\n<p><span style=\"font-weight: 400;\">Contrairement \u00e0 la pratique courante, il ne faut pas donner de lait aux chats car la plupart des chats sont intol\u00e9rants au lactose.<\/span><\/p>\n<p><span style=\"font-weight: 400;\">Les chats ne go\u00fbtent pas le sucr\u00e9 \u00e0 cause d&rsquo;une mutation g\u00e9n\u00e9tique qui affecte leurs r\u00e9cepteurs gustatifs.<\/span><\/p>\n<p><span style=\"font-weight: 400;\">Les reins des chats peuvent filtrer le sel de l&rsquo;eau, ils peuvent donc boire de l&rsquo;eau de mer.<\/span><\/p>\n<p><span style=\"font-weight: 400;\">Le chat qui a v\u00e9cu le plus longtemps au monde, selon le livre Guinness, a v\u00e9cu pendant 38 ans, de 1967 \u00e0 2005.<\/span><\/p>\n<p><span style=\"font-weight: 400;\">Puzzle de 1000 pi\u00e8ces &#8211; Les chats et les comp\u00e9tences qu&rsquo;ils t&rsquo;aident \u00e0 d\u00e9velopper :<\/span><\/p>\n<ul>\n<li><span style=\"font-weight: 400;\">Capacit\u00e9 \u00e0 se concentrer<\/span><\/li>\n<li><span style=\"font-weight: 400;\">Attention aux d\u00e9tails<\/span><\/li>\n<li><span style=\"font-weight: 400;\">Pers\u00e9v\u00e9rance<\/span><\/li>\n<li><span style=\"font-weight: 400;\">M\u00e9moire \u00e0 court terme<\/span><\/li>\n<li><span style=\"font-weight: 400;\">Pens\u00e9e logique.<\/span><\/li>\n<\/ul>\n<p><strong>Puzzle de 1000 pi\u00e8ces &#8211; Les chats t&rsquo;aident \u00e0 \u00eatre cr\u00e9atif et heureux<\/strong><\/p>\n<p><span style=\"font-weight: 400;\">Choisis le puzzle de 1000 pi\u00e8ces avec des mod\u00e8les de chats et entra\u00eene ton cerveau dans les moments monotones ou pendant les week-ends o\u00f9 le soleil est cach\u00e9 dans les nuages. Il t&rsquo;aide \u00e0 te d\u00e9tendre et d\u00e9veloppe ta cr\u00e9ativit\u00e9.<\/span><\/p>\n<p><span style=\"font-weight: 400;\">L&rsquo;activit\u00e9 d&rsquo;assemblage a les m\u00eames avantages pour le cerveau qu&rsquo;une s\u00e9ance de gym pour le corps : elle le maintient en bonne sant\u00e9 et actif.<\/span><\/p>\n<p><span style=\"font-weight: 400;\">De plus, il a \u00e9t\u00e9 constat\u00e9 que lorsqu&rsquo;une personne assemble des images de jeux de puzzle, le cerveau s\u00e9cr\u00e8te plus de dopamine. C&rsquo;est un neurotransmetteur qui est responsable de l&rsquo;optimisme et du bonheur <\/span><\/p>\n<p><span style=\"font-weight: 400;\">Tu n&rsquo;as que de bonnes raisons d&rsquo;acheter cet \u00e9tonnant puzzle pour adultes. Le produit convient aussi lorsque tu cherches un cadeau sp\u00e9cial pour les f\u00eates de fin d&rsquo;ann\u00e9e ou divers anniversaires.<\/span><\/p><\/p>\n","protected":false},"excerpt":{"rendered":"<p>Es-tu pr\u00eat \u00e0 faire passer ton puzzle de 1000 pi\u00e8ces au niveau sup\u00e9rieur ? Nous t&rsquo;avons couvert avec des dessins<\/p>\n","protected":false},"featured_media":51200,"template":"","meta":[],"product_brand":[],"product_cat":[2314,2316,2315],"product_tag":[],"class_list":{"0":"post-51199","1":"product","2":"type-product","3":"status-publish","4":"has-post-thumbnail","6":"product_cat-puzzles-fr","7":"product_cat-puzzles-de-1000-pieces","8":"product_cat-puzzles-pour-adultes","9":"pa_brand-d_toys-fr","10":"pa_country_of_manufacture-ro-fr","11":"pa_filter_age-14-fr","12":"pa_painter-kurtiandrea-fr","13":"pa_tip_ambalaj-boite","14":"pa_tip_puzzle-classique","16":"first","17":"instock","18":"taxable","19":"shipping-taxable","20":"product-type-simple"},"yoast_head":"<!-- This site is optimized with the Yoast SEO plugin v20.1 - https:\/\/yoast.com\/wordpress\/plugins\/seo\/ -->\n<title>K\u00fcrti Andrea Puzzle adulte 1000 pi\u00e8ces - Chats\/Pisici<\/title>\n<meta name=\"description\" content=\"K\u00fcrti Andrea Puzzle adulte 1000 pi\u00e8ces - Chats\/Pisici\" \/>\n<meta name=\"robots\" content=\"index, follow, max-snippet:-1, max-image-preview:large, max-video-preview:-1\" \/>\n<link rel=\"canonical\" href=\"https:\/\/business.roovi.com\/fr\/kurti-andrea-puzzle-adulte-1000-pieces-chats-pisici\/p\/\" \/>\n<meta property=\"og:locale\" content=\"fr_FR\" \/>\n<meta property=\"og:type\" content=\"article\" \/>\n<meta property=\"og:title\" content=\"K\u00fcrti Andrea Puzzle adulte 1000 pi\u00e8ces - Chats\/Pisici\" \/>\n<meta property=\"og:description\" content=\"K\u00fcrti Andrea Puzzle adulte 1000 pi\u00e8ces - Chats\/Pisici\" \/>\n<meta property=\"og:url\" content=\"https:\/\/business.roovi.com\/fr\/kurti-andrea-puzzle-adulte-1000-pieces-chats-pisici\/p\/\" \/>\n<meta property=\"og:site_name\" content=\"Roovi B2B\" \/>\n<meta property=\"article:publisher\" content=\"https:\/\/www.facebook.com\/wwwjucariero\" \/>\n<meta property=\"article:modified_time\" content=\"2022-07-13T10:10:59+00:00\" \/>\n<meta property=\"og:image\" content=\"https:\/\/business.roovi.com\/wp-content\/uploads\/2021\/12\/76847_ansamblu_dimensiuni_cutie_1200x1200.png\" \/>\n\t<meta property=\"og:image:width\" content=\"1200\" \/>\n\t<meta property=\"og:image:height\" content=\"1200\" \/>\n\t<meta property=\"og:image:type\" content=\"image\/png\" \/>\n<meta name=\"twitter:label1\" content=\"Dur\u00e9e de lecture estim\u00e9e\" \/>\n\t<meta name=\"twitter:data1\" content=\"3 minutes\" \/>\n<script type=\"application\/ld+json\" class=\"yoast-schema-graph\">{\"@context\":\"https:\/\/schema.org\",\"@graph\":[{\"@type\":\"WebPage\",\"@id\":\"https:\/\/business.roovi.com\/fr\/kurti-andrea-puzzle-adulte-1000-pieces-chats-pisici\/p\/\",\"url\":\"https:\/\/business.roovi.com\/fr\/kurti-andrea-puzzle-adulte-1000-pieces-chats-pisici\/p\/\",\"name\":\"K\u00fcrti Andrea Puzzle adulte 1000 pi\u00e8ces - Chats\/Pisici\",\"isPartOf\":{\"@id\":\"https:\/\/business.roovi.com\/fr\/#website\"},\"datePublished\":\"2021-12-14T14:39:28+00:00\",\"dateModified\":\"2022-07-13T10:10:59+00:00\",\"description\":\"K\u00fcrti Andrea Puzzle adulte 1000 pi\u00e8ces - Chats\/Pisici\",\"breadcrumb\":{\"@id\":\"https:\/\/business.roovi.com\/fr\/kurti-andrea-puzzle-adulte-1000-pieces-chats-pisici\/p\/#breadcrumb\"},\"inLanguage\":\"fr-FR\",\"potentialAction\":[{\"@type\":\"ReadAction\",\"target\":[\"https:\/\/business.roovi.com\/fr\/kurti-andrea-puzzle-adulte-1000-pieces-chats-pisici\/p\/\"]}]},{\"@type\":\"BreadcrumbList\",\"@id\":\"https:\/\/business.roovi.com\/fr\/kurti-andrea-puzzle-adulte-1000-pieces-chats-pisici\/p\/#breadcrumb\",\"itemListElement\":[{\"@type\":\"ListItem\",\"position\":1,\"name\":\"Home\",\"item\":\"https:\/\/business.roovi.com\/fr\/\"},{\"@type\":\"ListItem\",\"position\":2,\"name\":\"Boutique\",\"item\":\"https:\/\/business.roovi.com\/fr\/boutique\/\"},{\"@type\":\"ListItem\",\"position\":3,\"name\":\"K\u00fcrti Andrea Puzzle adulte 1000 pi\u00e8ces &#8211; Chats\/Pisici\"}]},{\"@type\":\"WebSite\",\"@id\":\"https:\/\/business.roovi.com\/fr\/#website\",\"url\":\"https:\/\/business.roovi.com\/fr\/\",\"name\":\"Roovi B2B\",\"description\":\"Roovi Business Website\",\"potentialAction\":[{\"@type\":\"SearchAction\",\"target\":{\"@type\":\"EntryPoint\",\"urlTemplate\":\"https:\/\/business.roovi.com\/fr\/?s={search_term_string}\"},\"query-input\":\"required name=search_term_string\"}],\"inLanguage\":\"fr-FR\"}]}<\/script>\n<!-- \/ Yoast SEO plugin. -->","yoast_head_json":{"title":"K\u00fcrti Andrea Puzzle adulte 1000 pi\u00e8ces - Chats\/Pisici","description":"K\u00fcrti Andrea Puzzle adulte 1000 pi\u00e8ces - Chats\/Pisici","robots":{"index":"index","follow":"follow","max-snippet":"max-snippet:-1","max-image-preview":"max-image-preview:large","max-video-preview":"max-video-preview:-1"},"canonical":"https:\/\/business.roovi.com\/fr\/kurti-andrea-puzzle-adulte-1000-pieces-chats-pisici\/p\/","og_locale":"fr_FR","og_type":"article","og_title":"K\u00fcrti Andrea Puzzle adulte 1000 pi\u00e8ces - Chats\/Pisici","og_description":"K\u00fcrti Andrea Puzzle adulte 1000 pi\u00e8ces - Chats\/Pisici","og_url":"https:\/\/business.roovi.com\/fr\/kurti-andrea-puzzle-adulte-1000-pieces-chats-pisici\/p\/","og_site_name":"Roovi B2B","article_publisher":"https:\/\/www.facebook.com\/wwwjucariero","article_modified_time":"2022-07-13T10:10:59+00:00","og_image":[{"width":1200,"height":1200,"url":"https:\/\/business.roovi.com\/wp-content\/uploads\/2021\/12\/76847_ansamblu_dimensiuni_cutie_1200x1200.png","type":"image\/png"}],"twitter_misc":{"Dur\u00e9e de lecture estim\u00e9e":"3 minutes"},"schema":{"@context":"https:\/\/schema.org","@graph":[{"@type":"WebPage","@id":"https:\/\/business.roovi.com\/fr\/kurti-andrea-puzzle-adulte-1000-pieces-chats-pisici\/p\/","url":"https:\/\/business.roovi.com\/fr\/kurti-andrea-puzzle-adulte-1000-pieces-chats-pisici\/p\/","name":"K\u00fcrti Andrea Puzzle adulte 1000 pi\u00e8ces - Chats\/Pisici","isPartOf":{"@id":"https:\/\/business.roovi.com\/fr\/#website"},"datePublished":"2021-12-14T14:39:28+00:00","dateModified":"2022-07-13T10:10:59+00:00","description":"K\u00fcrti Andrea Puzzle adulte 1000 pi\u00e8ces - Chats\/Pisici","breadcrumb":{"@id":"https:\/\/business.roovi.com\/fr\/kurti-andrea-puzzle-adulte-1000-pieces-chats-pisici\/p\/#breadcrumb"},"inLanguage":"fr-FR","potentialAction":[{"@type":"ReadAction","target":["https:\/\/business.roovi.com\/fr\/kurti-andrea-puzzle-adulte-1000-pieces-chats-pisici\/p\/"]}]},{"@type":"BreadcrumbList","@id":"https:\/\/business.roovi.com\/fr\/kurti-andrea-puzzle-adulte-1000-pieces-chats-pisici\/p\/#breadcrumb","itemListElement":[{"@type":"ListItem","position":1,"name":"Home","item":"https:\/\/business.roovi.com\/fr\/"},{"@type":"ListItem","position":2,"name":"Boutique","item":"https:\/\/business.roovi.com\/fr\/boutique\/"},{"@type":"ListItem","position":3,"name":"K\u00fcrti Andrea Puzzle adulte 1000 pi\u00e8ces &#8211; Chats\/Pisici"}]},{"@type":"WebSite","@id":"https:\/\/business.roovi.com\/fr\/#website","url":"https:\/\/business.roovi.com\/fr\/","name":"Roovi B2B","description":"Roovi Business Website","potentialAction":[{"@type":"SearchAction","target":{"@type":"EntryPoint","urlTemplate":"https:\/\/business.roovi.com\/fr\/?s={search_term_string}"},"query-input":"required name=search_term_string"}],"inLanguage":"fr-FR"}]}},"_links":{"self":[{"href":"https:\/\/business.roovi.com\/fr\/wp-json\/wp\/v2\/product\/51199","targetHints":{"allow":["GET"]}}],"collection":[{"href":"https:\/\/business.roovi.com\/fr\/wp-json\/wp\/v2\/product"}],"about":[{"href":"https:\/\/business.roovi.com\/fr\/wp-json\/wp\/v2\/types\/product"}],"version-history":[{"count":0,"href":"https:\/\/business.roovi.com\/fr\/wp-json\/wp\/v2\/product\/51199\/revisions"}],"wp:featuredmedia":[{"embeddable":true,"href":"https:\/\/business.roovi.com\/fr\/wp-json\/wp\/v2\/media\/51200"}],"wp:attachment":[{"href":"https:\/\/business.roovi.com\/fr\/wp-json\/wp\/v2\/media?parent=51199"}],"wp:term":[{"taxonomy":"product_brand","embeddable":true,"href":"https:\/\/business.roovi.com\/fr\/wp-json\/wp\/v2\/product_brand?post=51199"},{"taxonomy":"product_cat","embeddable":true,"href":"https:\/\/business.roovi.com\/fr\/wp-json\/wp\/v2\/product_cat?post=51199"},{"taxonomy":"product_tag","embeddable":true,"href":"https:\/\/business.roovi.com\/fr\/wp-json\/wp\/v2\/product_tag?post=51199"}],"curies":[{"name":"wp","href":"https:\/\/api.w.org\/{rel}","templated":true}]}}