{"id":51213,"date":"2021-11-17T14:50:13","date_gmt":"2021-11-17T14:50:13","guid":{"rendered":"https:\/\/business.roovi.com\/puzzle-adulti-1000-piese-cartoon-collection-new-york\/p\/"},"modified":"2022-10-18T09:48:25","modified_gmt":"2022-10-18T09:48:25","slug":"collection-cartoon-puzzle-adulte-1000-pieces-new-york","status":"publish","type":"product","link":"https:\/\/business.roovi.com\/fr\/collection-cartoon-puzzle-adulte-1000-pieces-new-york\/p\/","title":{"rendered":"Collection Cartoon Puzzle Adulte 1000 pi\u00e8ces &#8211; New York"},"content":{"rendered":"<p><span style=\"font-weight: 400;\">Amusement et d\u00e9tente vont de pair avec la nouvelle collection de puzzles Cartoon ! Les illustrations de l&rsquo;histoire avec de nombreux personnages anim\u00e9s transforment un jeu de puzzle complexe en un plaisir fabuleux.<\/span><\/p>\n<p><span style=\"font-weight: 400;\">As-tu d\u00e9j\u00e0 imagin\u00e9 comment la c\u00e9l\u00e8bre Statue de la Libert\u00e9 a \u00e9t\u00e9 construite et s&rsquo;est retrouv\u00e9e \u00e0 New York ? Le puzzle 1000 pi\u00e8ces Cartoon &#8211; New York te donne une perspective amusante alors qu&rsquo;une foule de personnages adorables s&rsquo;efforcent d&rsquo;\u00e9riger l&rsquo;un des monuments les plus c\u00e9l\u00e8bres d&rsquo;Am\u00e9rique.<\/span><\/p>\n<p><span style=\"font-weight: 400;\">De nombreux d\u00e9tails complexes, des personnages similaires mais uniques que tu dois identifier pour compl\u00e9ter le tableau attendent que tu les d\u00e9couvres. Laisse-toi emporter dans une sc\u00e8ne de conte de f\u00e9es et vis une exp\u00e9rience amusante et cr\u00e9ative <\/span><\/p>\n<p><span style=\"font-weight: 400;\">Tu ne peux pas g\u00e9rer des elfes malicieux ? Appelle ta bande d&rsquo;amis pour t&rsquo;aider et construis ensemble une superbe illustration, pleine de couleurs et d&rsquo;amusement.<\/span><\/p>\n<p><strong>Pourquoi choisir le puzzle Cartoon &#8211; New York 1000 pi\u00e8ces ?<\/strong><\/p>\n<p><span style=\"font-weight: 400;\">Tu as la possibilit\u00e9 de recr\u00e9er un tableau de 50 x 70 cm \u00e0 partir de 1000 pi\u00e8ces de puzzle que tu peux exposer chez toi.<\/span><\/p>\n<p><span style=\"font-weight: 400;\">Il est fabriqu\u00e9 en carton bleu de haute qualit\u00e9, ce qui lui donne une r\u00e9sistance suppl\u00e9mentaire, m\u00eame lorsqu&rsquo;il est refait plusieurs fois.<\/span><\/p>\n<p><span style=\"font-weight: 400;\">La finition est semi-brillante, dans des couleurs vives qui font ressortir la beaut\u00e9 de l&rsquo;illustration.<\/span><\/p>\n<p><span style=\"font-weight: 400;\">C&rsquo;est un produit respectueux de la nature, fabriqu\u00e9 \u00e0 partir de mat\u00e9riaux recyclables et durables.<\/span><\/p>\n<p><span style=\"font-weight: 400;\">Convient aux personnes de plus de 14 ans, tu peux le refaire avec tes enfants adolescents.<\/span><\/p>\n<p><span style=\"font-weight: 400;\">Les jeux de r\u00e9flexion te donnent de multiples occasions de te d\u00e9velopper et de te d\u00e9connecter :<\/span><\/p>\n<ul>\n<li><span style=\"font-weight: 400;\">Ils t&rsquo;aident \u00e0 te d\u00e9tendre et te sortent de la monotonie quotidienne.<\/span><\/li>\n<li><span style=\"font-weight: 400;\">Ils d\u00e9veloppent ton attention aux d\u00e9tails et cultivent ta patience.<\/span><\/li>\n<li><span style=\"font-weight: 400;\">Ils gardent ton cerveau en bonne sant\u00e9 et ta m\u00e9moire vive.<\/span><\/li>\n<li><span style=\"font-weight: 400;\">Ils d\u00e9veloppent tes comp\u00e9tences en mati\u00e8re de r\u00e9solution de probl\u00e8mes.<\/span><\/li>\n<li><span style=\"font-weight: 400;\">Ils stimulent la s\u00e9cr\u00e9tion de dopamine et t&rsquo;apportent un sentiment de bien-\u00eatre.<\/span><\/li>\n<li><span style=\"font-weight: 400;\">Ils sont l&rsquo;occasion de socialiser et de passer du temps avec des proches.<\/span><\/li>\n<\/ul>\n<p><strong>Tu savais que&#8230; ?<\/strong><\/p>\n<p><span style=\"font-weight: 400;\">La Statue de la Libert\u00e9 a \u00e9t\u00e9 offerte aux Am\u00e9ricains par les Fran\u00e7ais en 1886.<\/span><\/p>\n<p><span style=\"font-weight: 400;\">Le visage de la statue a \u00e9t\u00e9 model\u00e9 d&rsquo;apr\u00e8s la m\u00e8re du sculpteur Frederic-Auguste Bartholdi <\/span><\/p>\n<p><span style=\"font-weight: 400;\">Les 7 rayons de la couronne de la Statue repr\u00e9sentent les 7 continents et le concept universel de la Libert\u00e9.<\/span><\/p>\n<p><span style=\"font-weight: 400;\">Pendant 16 ans, de 1886 \u00e0 1902, la Statue a fonctionn\u00e9 comme un phare et a illumin\u00e9 une distance allant jusqu&rsquo;\u00e0 24 miles.<\/span><\/p>\n<p><span style=\"font-weight: 400;\">\u00c0 l&rsquo;int\u00e9rieur de la Statue, il y a 354 escaliers qui m\u00e8nent \u00e0 la couronne o\u00f9 tu peux admirer la vue fascinante sur la m\u00e9tropole.<\/span><\/p>\n<p><span style=\"font-weight: 400;\">Depuis qu&rsquo;elle a \u00e9t\u00e9 \u00e9rig\u00e9e, on estime que la statue a \u00e9t\u00e9 frapp\u00e9e par la foudre environ 600 fois par an.<\/span><\/p>\n<p><strong>Puzzle cartoon de 1000 pi\u00e8ces &#8211; New York r\u00e9veille ton enfant int\u00e9rieur<\/strong><\/p>\n<p><span style=\"font-weight: 400;\">Retrouve la joie de l&rsquo;enfance dans un jeu de puzzle magnifiquement con\u00e7u. Les sc\u00e8nes amusantes, color\u00e9es et anim\u00e9es te donneront envie de jouer, comme quand tu \u00e9tais enfant. C&rsquo;est un peu plus complexe que le jeu de puzzle r\u00e9el, mais le sentiment qu&rsquo;il inspire est le m\u00eame : une joie sans limite.<\/span><\/p>\n<p><span style=\"font-weight: 400;\">D\u00e9tends-toi et amuse-toi, comme au bon vieux temps, quand tu \u00e9tais enfant et que le monde entier t&rsquo;appartenait. Cartoon Puzzle &#8211; New York est l\u00e0 pour te faire vivre une exp\u00e9rience inoubliable, que tu rejoues les images du puzzle de 1000 pi\u00e8ces avec des amis ou dans l&rsquo;intimit\u00e9 de ta maison pendant ton temps libre <\/span><\/p>\n<p><span style=\"font-weight: 400;\">Ach\u00e8te Cartoon &#8211; New York puzzle de 1000 pi\u00e8ces et profite d&rsquo;une activit\u00e9 cr\u00e9ative \u00e9tonnante. D\u00e9couvre tous les mod\u00e8les de la collection Cartoon et constitue une collection d&rsquo;images uniques qui donneront de la personnalit\u00e9 aux petits espaces de ta maison.<\/span><\/p>\n","protected":false},"excerpt":{"rendered":"<p>Amusement et d\u00e9tente vont de pair avec la nouvelle collection de puzzles Cartoon ! Les illustrations de l&rsquo;histoire avec de<\/p>\n","protected":false},"featured_media":51214,"template":"","meta":[],"product_brand":[],"product_cat":[2314,2316,2315],"product_tag":[],"class_list":{"0":"post-51213","1":"product","2":"type-product","3":"status-publish","4":"has-post-thumbnail","6":"product_cat-puzzles-fr","7":"product_cat-puzzles-de-1000-pieces","8":"product_cat-puzzles-pour-adultes","9":"pa_brand-d_toys-fr","10":"pa_country_of_manufacture-ro-fr","11":"pa_filter_age-14-fr","12":"pa_painter-cartooncollection-fr","13":"pa_tip_ambalaj-boite","14":"pa_tip_puzzle-classique","16":"first","17":"instock","18":"taxable","19":"shipping-taxable","20":"product-type-simple"},"yoast_head":"<!-- This site is optimized with the Yoast SEO plugin v20.1 - https:\/\/yoast.com\/wordpress\/plugins\/seo\/ -->\n<title>Collection Cartoon Puzzle Adulte 1000 pi\u00e8ces - New York<\/title>\n<meta name=\"description\" content=\"Collection Cartoon Puzzle Adulte 1000 pi\u00e8ces - New York\" \/>\n<meta name=\"robots\" content=\"index, follow, max-snippet:-1, max-image-preview:large, max-video-preview:-1\" \/>\n<link rel=\"canonical\" href=\"https:\/\/business.roovi.com\/fr\/collection-cartoon-puzzle-adulte-1000-pieces-new-york\/p\/\" \/>\n<meta property=\"og:locale\" content=\"fr_FR\" \/>\n<meta property=\"og:type\" content=\"article\" \/>\n<meta property=\"og:title\" content=\"Collection Cartoon Puzzle Adulte 1000 pi\u00e8ces - New York\" \/>\n<meta property=\"og:description\" content=\"Collection Cartoon Puzzle Adulte 1000 pi\u00e8ces - New York\" \/>\n<meta property=\"og:url\" content=\"https:\/\/business.roovi.com\/fr\/collection-cartoon-puzzle-adulte-1000-pieces-new-york\/p\/\" \/>\n<meta property=\"og:site_name\" content=\"Roovi B2B\" \/>\n<meta property=\"article:publisher\" content=\"https:\/\/www.facebook.com\/wwwjucariero\" \/>\n<meta property=\"article:modified_time\" content=\"2022-10-18T09:48:25+00:00\" \/>\n<meta property=\"og:image\" content=\"https:\/\/business.roovi.com\/wp-content\/uploads\/2021\/11\/61218_-13_ansamblu_dimensiuni_cutie_cm_vertical_1200x1200.png\" \/>\n\t<meta property=\"og:image:width\" content=\"1200\" \/>\n\t<meta property=\"og:image:height\" content=\"1200\" \/>\n\t<meta property=\"og:image:type\" content=\"image\/png\" \/>\n<meta name=\"twitter:label1\" content=\"Dur\u00e9e de lecture estim\u00e9e\" \/>\n\t<meta name=\"twitter:data1\" content=\"3 minutes\" \/>\n<script type=\"application\/ld+json\" class=\"yoast-schema-graph\">{\"@context\":\"https:\/\/schema.org\",\"@graph\":[{\"@type\":\"WebPage\",\"@id\":\"https:\/\/business.roovi.com\/fr\/collection-cartoon-puzzle-adulte-1000-pieces-new-york\/p\/\",\"url\":\"https:\/\/business.roovi.com\/fr\/collection-cartoon-puzzle-adulte-1000-pieces-new-york\/p\/\",\"name\":\"Collection Cartoon Puzzle Adulte 1000 pi\u00e8ces - New York\",\"isPartOf\":{\"@id\":\"https:\/\/business.roovi.com\/fr\/#website\"},\"datePublished\":\"2021-11-17T14:50:13+00:00\",\"dateModified\":\"2022-10-18T09:48:25+00:00\",\"description\":\"Collection Cartoon Puzzle Adulte 1000 pi\u00e8ces - New York\",\"breadcrumb\":{\"@id\":\"https:\/\/business.roovi.com\/fr\/collection-cartoon-puzzle-adulte-1000-pieces-new-york\/p\/#breadcrumb\"},\"inLanguage\":\"fr-FR\",\"potentialAction\":[{\"@type\":\"ReadAction\",\"target\":[\"https:\/\/business.roovi.com\/fr\/collection-cartoon-puzzle-adulte-1000-pieces-new-york\/p\/\"]}]},{\"@type\":\"BreadcrumbList\",\"@id\":\"https:\/\/business.roovi.com\/fr\/collection-cartoon-puzzle-adulte-1000-pieces-new-york\/p\/#breadcrumb\",\"itemListElement\":[{\"@type\":\"ListItem\",\"position\":1,\"name\":\"Home\",\"item\":\"https:\/\/business.roovi.com\/fr\/\"},{\"@type\":\"ListItem\",\"position\":2,\"name\":\"Boutique\",\"item\":\"https:\/\/business.roovi.com\/fr\/boutique\/\"},{\"@type\":\"ListItem\",\"position\":3,\"name\":\"Collection Cartoon Puzzle Adulte 1000 pi\u00e8ces &#8211; New York\"}]},{\"@type\":\"WebSite\",\"@id\":\"https:\/\/business.roovi.com\/fr\/#website\",\"url\":\"https:\/\/business.roovi.com\/fr\/\",\"name\":\"Roovi B2B\",\"description\":\"Roovi Business Website\",\"potentialAction\":[{\"@type\":\"SearchAction\",\"target\":{\"@type\":\"EntryPoint\",\"urlTemplate\":\"https:\/\/business.roovi.com\/fr\/?s={search_term_string}\"},\"query-input\":\"required name=search_term_string\"}],\"inLanguage\":\"fr-FR\"}]}<\/script>\n<!-- \/ Yoast SEO plugin. -->","yoast_head_json":{"title":"Collection Cartoon Puzzle Adulte 1000 pi\u00e8ces - New York","description":"Collection Cartoon Puzzle Adulte 1000 pi\u00e8ces - New York","robots":{"index":"index","follow":"follow","max-snippet":"max-snippet:-1","max-image-preview":"max-image-preview:large","max-video-preview":"max-video-preview:-1"},"canonical":"https:\/\/business.roovi.com\/fr\/collection-cartoon-puzzle-adulte-1000-pieces-new-york\/p\/","og_locale":"fr_FR","og_type":"article","og_title":"Collection Cartoon Puzzle Adulte 1000 pi\u00e8ces - New York","og_description":"Collection Cartoon Puzzle Adulte 1000 pi\u00e8ces - New York","og_url":"https:\/\/business.roovi.com\/fr\/collection-cartoon-puzzle-adulte-1000-pieces-new-york\/p\/","og_site_name":"Roovi B2B","article_publisher":"https:\/\/www.facebook.com\/wwwjucariero","article_modified_time":"2022-10-18T09:48:25+00:00","og_image":[{"width":1200,"height":1200,"url":"https:\/\/business.roovi.com\/wp-content\/uploads\/2021\/11\/61218_-13_ansamblu_dimensiuni_cutie_cm_vertical_1200x1200.png","type":"image\/png"}],"twitter_misc":{"Dur\u00e9e de lecture estim\u00e9e":"3 minutes"},"schema":{"@context":"https:\/\/schema.org","@graph":[{"@type":"WebPage","@id":"https:\/\/business.roovi.com\/fr\/collection-cartoon-puzzle-adulte-1000-pieces-new-york\/p\/","url":"https:\/\/business.roovi.com\/fr\/collection-cartoon-puzzle-adulte-1000-pieces-new-york\/p\/","name":"Collection Cartoon Puzzle Adulte 1000 pi\u00e8ces - New York","isPartOf":{"@id":"https:\/\/business.roovi.com\/fr\/#website"},"datePublished":"2021-11-17T14:50:13+00:00","dateModified":"2022-10-18T09:48:25+00:00","description":"Collection Cartoon Puzzle Adulte 1000 pi\u00e8ces - New York","breadcrumb":{"@id":"https:\/\/business.roovi.com\/fr\/collection-cartoon-puzzle-adulte-1000-pieces-new-york\/p\/#breadcrumb"},"inLanguage":"fr-FR","potentialAction":[{"@type":"ReadAction","target":["https:\/\/business.roovi.com\/fr\/collection-cartoon-puzzle-adulte-1000-pieces-new-york\/p\/"]}]},{"@type":"BreadcrumbList","@id":"https:\/\/business.roovi.com\/fr\/collection-cartoon-puzzle-adulte-1000-pieces-new-york\/p\/#breadcrumb","itemListElement":[{"@type":"ListItem","position":1,"name":"Home","item":"https:\/\/business.roovi.com\/fr\/"},{"@type":"ListItem","position":2,"name":"Boutique","item":"https:\/\/business.roovi.com\/fr\/boutique\/"},{"@type":"ListItem","position":3,"name":"Collection Cartoon Puzzle Adulte 1000 pi\u00e8ces &#8211; New York"}]},{"@type":"WebSite","@id":"https:\/\/business.roovi.com\/fr\/#website","url":"https:\/\/business.roovi.com\/fr\/","name":"Roovi B2B","description":"Roovi Business Website","potentialAction":[{"@type":"SearchAction","target":{"@type":"EntryPoint","urlTemplate":"https:\/\/business.roovi.com\/fr\/?s={search_term_string}"},"query-input":"required name=search_term_string"}],"inLanguage":"fr-FR"}]}},"_links":{"self":[{"href":"https:\/\/business.roovi.com\/fr\/wp-json\/wp\/v2\/product\/51213","targetHints":{"allow":["GET"]}}],"collection":[{"href":"https:\/\/business.roovi.com\/fr\/wp-json\/wp\/v2\/product"}],"about":[{"href":"https:\/\/business.roovi.com\/fr\/wp-json\/wp\/v2\/types\/product"}],"version-history":[{"count":0,"href":"https:\/\/business.roovi.com\/fr\/wp-json\/wp\/v2\/product\/51213\/revisions"}],"wp:featuredmedia":[{"embeddable":true,"href":"https:\/\/business.roovi.com\/fr\/wp-json\/wp\/v2\/media\/51214"}],"wp:attachment":[{"href":"https:\/\/business.roovi.com\/fr\/wp-json\/wp\/v2\/media?parent=51213"}],"wp:term":[{"taxonomy":"product_brand","embeddable":true,"href":"https:\/\/business.roovi.com\/fr\/wp-json\/wp\/v2\/product_brand?post=51213"},{"taxonomy":"product_cat","embeddable":true,"href":"https:\/\/business.roovi.com\/fr\/wp-json\/wp\/v2\/product_cat?post=51213"},{"taxonomy":"product_tag","embeddable":true,"href":"https:\/\/business.roovi.com\/fr\/wp-json\/wp\/v2\/product_tag?post=51213"}],"curies":[{"name":"wp","href":"https:\/\/api.w.org\/{rel}","templated":true}]}}