{"id":51224,"date":"2021-11-12T10:55:39","date_gmt":"2021-11-12T10:55:39","guid":{"rendered":"https:\/\/business.roovi.com\/puzzle-adulti-1000-piese-egon-schiele-crescent-of-houses\/p\/"},"modified":"2022-07-13T10:11:10","modified_gmt":"2022-07-13T10:11:10","slug":"puzzle-adulte-1000-pieces-egon-schiele-croissant-de-maisons","status":"publish","type":"product","link":"https:\/\/business.roovi.com\/fr\/puzzle-adulte-1000-pieces-egon-schiele-croissant-de-maisons\/p\/","title":{"rendered":"Puzzle adulte 1000 pi\u00e8ces Egon Schiele &#8211; Croissant de Maisons"},"content":{"rendered":"<p><span style=\"font-size: 14px; line-height: 14px;\"><span style=\"font-weight: 400;\">Entre dans le monde color\u00e9 et symbolique des peintures les plus c\u00e9l\u00e8bres de tous les temps avec la plus grande gamme de puzzles d&rsquo;art de D-Toys ! D\u00e9couvre le myst\u00e8re gr\u00e2ce \u00e0 des puzzles de 1000 pi\u00e8ces  <\/span><em><span style=\"font-weight: 400;\">Mona Lisa<\/span><\/em><span style=\"font-weight: 400;\">  de da Vinci ou de la merveilleuse vibration  <\/span><em><span style=\"font-weight: 400;\">De la nuit \u00e9toil\u00e9e<\/span><\/em><span style=\"font-weight: 400;\">  et bien d&rsquo;autres chefs-d&rsquo;\u0153uvre qui ont fascin\u00e9 les amateurs d&rsquo;art pendant des centaines d&rsquo;ann\u00e9es.<\/span><\/span><\/p>\n<p><span style=\"font-size: 14px; line-height: 14px;\"><span style=\"font-weight: 400;\">Le puzzle de 1000 pi\u00e8ces Egon Schiele &#8211; Crescent of Houses te fait d\u00e9couvrir le peintre autrichien excentrique dont l&rsquo;\u0153uvre fascine encore aujourd&rsquo;hui. Le travail  <\/span><em><span style=\"font-weight: 400;\">Crescent of Houses,  <\/span><\/em><span style=\"font-weight: 400;\">comme toutes ses peintures de paysages urbains, n&rsquo;est pas un rendu r\u00e9aliste des maisons, mais plut\u00f4t une \u0153uvre cr\u00e9\u00e9e \u00e0 partir de la perspective du vol des oiseaux <\/span><\/span><\/p>\n<p><span style=\"font-weight: 400; font-size: 14px; line-height: 14px;\">Les b\u00e2timents ont l&rsquo;apparence d&rsquo;une g\u00e9om\u00e9trie solide, et l&rsquo;intention de l&rsquo;artiste semble avoir \u00e9t\u00e9 de cr\u00e9er un labyrinthe de lignes angulaires. Fascin\u00e9 par ce labyrinthe artistique ? Rapproche la table basse du salon et commence \u00e0 recr\u00e9er l&rsquo;\u0153uvre d&rsquo;art. \u00c0 la fin, tu auras une peinture de 50 x 70 cm. Refais cette grille labyrinthique et obtiens une grande peinture impressionniste.<\/span><\/p>\n<p><span style=\"font-weight: 400; font-size: 14px; line-height: 14px;\">D\u00e9couvre les caract\u00e9ristiques de ce puzzle artistique ci-dessous :<\/span><\/p>\n<p><span style=\"font-size: 14px; line-height: 14px;\"><strong>Mat\u00e9riau du puzzle <\/strong><\/span><\/p>\n<p><span style=\"font-size: 14px; line-height: 14px;\"><strong>carton bleu de haute qualit\u00e9<\/strong><\/span><\/p>\n<p><span style=\"font-size: 14px; line-height: 14px;\"><strong>des mat\u00e9riaux durables et recyclables<\/strong><\/span><\/p>\n<p><span style=\"font-size: 14px; line-height: 14px;\"><strong>finition semi-brillante, couleurs vives<\/strong><\/span><\/p>\n<p><span style=\"font-size: 14px; line-height: 14px;\"><strong>Nombre de pi\u00e8ces de puzzle : 1000<\/strong><\/span><\/p>\n<p><span style=\"font-size: 14px; line-height: 14px;\"><strong>\u00c2ge recommand\u00e9 : 14+<\/strong><\/span><\/p>\n<p><span style=\"font-size: 14px; line-height: 14px;\"><strong>5 avantages \u00e9tonnants des jeux de puzzle \u00e0 assembler<\/strong><\/span><\/p>\n<p><span style=\"font-weight: 400; font-size: 14px; line-height: 14px;\">Assemble des puzzles de 1000 pi\u00e8ces dans des moments de solitude ou lors de journ\u00e9es de week-end avec tes proches. Tu profiteras de nombreux avantages auxquels tu n&rsquo;aurais jamais pens\u00e9. Voici seulement 5 d&rsquo;entre eux :<\/span><\/p>\n<p><span style=\"font-weight: 400; font-size: 14px; line-height: 14px;\">1. Te donne jusqu&rsquo;\u00e0 30 heures de plaisir et de d\u00e9tente.<\/span><\/p>\n<p><span style=\"font-weight: 400; font-size: 14px; line-height: 14px;\">2. Connecte-toi avec ta famille et tes amis.<\/span><\/p>\n<p><span style=\"font-weight: 400; font-size: 14px; line-height: 14px;\">3. Ils t&rsquo;apportent beaucoup de gaiet\u00e9 lors des mornes journ\u00e9es d&rsquo;hiver.<\/span><\/p>\n<p><span style=\"font-weight: 400; font-size: 14px; line-height: 14px;\">4. Ils t&rsquo;aident \u00e0 devenir plus pers\u00e9v\u00e9rant dans tous les aspects de ta vie.<\/span><\/p>\n<p><span style=\"font-weight: 400; font-size: 14px; line-height: 14px;\">5. Ils am\u00e9liorent ta m\u00e9moire.<\/span><\/p>\n<p><span style=\"line-height: 14px; font-size: 14px;\"><strong>Egon Schiele &#8211; un peintre scandaleux et brillant<\/strong><\/span><\/p>\n<p><span style=\"font-weight: 400;\">De nombreux artistes se distinguent par l&rsquo;originalit\u00e9 et le choc de leurs \u0153uvres. Egon Schiele \u00e9tait \u00e0 peu pr\u00e8s pareil, consid\u00e9r\u00e9 par certains comme un g\u00e9nie et par d&rsquo;autres&#8230; comme un d\u00e9prav\u00e9. Voici quelques faits scandaleux sur l&rsquo;artiste qui a b\u00e9n\u00e9fici\u00e9 de la protection du c\u00e9l\u00e8bre Gustav Klimt de son vivant :<\/span><\/p>\n<p><span style=\"font-weight: 400;\">Il a cr\u00e9\u00e9 des \u0153uvres d&rsquo;une sexualit\u00e9 brute et intens\u00e9ment exprim\u00e9e et a \u00e9t\u00e9 accus\u00e9 d&rsquo;introduire des \u00e9l\u00e9ments pornographiques dans son art.<\/span><\/p>\n<p><span style=\"font-weight: 400;\">Il a eu une liaison avec une jeune fille de 17 ans, Wally &#8211; dont on pense qu&rsquo;elle a pratiqu\u00e9 la prostitution \u00e0 l&rsquo;adolescence &#8211; et a \u00e9t\u00e9 accus\u00e9 de corrompre des mineurs, \u00e9galement connu pour son penchant pour le voyeurisme.<\/span><\/p>\n<p><span style=\"font-weight: 400;\">Il aurait \u00e9galement eu une relation intime avec sa belle-s\u0153ur, qui a \u00e9t\u00e9 mannequin pour lui apr\u00e8s son mariage.<\/span><\/p>\n<p><span style=\"font-weight: 400;\">Il a peint des nus de femmes et d&rsquo;hommes dans des poses \u00e9rotiques explicites et provocantes, dans certains cas avec leurs organes g\u00e9nitaux ostensiblement expos\u00e9s.<\/span><\/p>\n<p><span style=\"font-weight: 400;\">Les nazis le consid\u00e9raient comme un d\u00e9g\u00e9n\u00e9r\u00e9 et ont interdit l&rsquo;exposition de ses peintures.<\/span><\/p>\n<p><span style=\"font-weight: 400;\">Bien que sa carri\u00e8re ait \u00e9t\u00e9 de courte dur\u00e9e &#8211; il est mort \u00e0 seulement 28 ans de la grippe espagnole &#8211; Schiele reste un artiste embl\u00e9matique du 20\u00e8me si\u00e8cle, r\u00e9ussissant \u00e0 transmettre les instincts les plus profonds des gens dans ses peintures.<\/span><\/p>\n<p><strong>Puzzles d&rsquo;art : un refuge dans un monde fascinant<\/strong><\/p>\n<p><span style=\"font-weight: 400;\">Pour ces moments de burnout o\u00f9 tu as l&rsquo;impression de ne pas pouvoir te d\u00e9cider \u00e0 faire quoi que ce soit, les puzzles artistiques sont un excellent stimulant. Ils t&rsquo;aident \u00e0 sortir de l&rsquo;orni\u00e8re et te permettent d&rsquo;entrer dans le monde fascinant des \u0153uvres d&rsquo;art. Voici d&rsquo;autres avantages qu&rsquo;offrent les puzzles artistiques de 1000 pi\u00e8ces :<\/span><\/p>\n<p><span style=\"font-weight: 400;\">Ils aiguisent ton sens de l&rsquo;esth\u00e9tique.<\/span><\/p>\n<p><span style=\"font-weight: 400;\">Ils te permettent de cr\u00e9er une r\u00e9plique d&rsquo;une \u0153uvre d&rsquo;art c\u00e9l\u00e8bre de tes propres mains.<\/span><\/p>\n<p><span style=\"font-weight: 400;\">Ils embellissent ta maison avec un objet d\u00e9coratif unique.<\/span><\/p>\n<p><span style=\"font-weight: 400;\">Ils \u00e9largissent tes horizons de connaissances.<\/span><\/p>\n<p><span style=\"font-weight: 400;\">Ils font appel \u00e0 ton imagination.<\/span><\/p>\n<p><span style=\"font-weight: 400;\">Ach\u00e8te maintenant ce merveilleux puzzle artistique Egon Schiele &#8211; Crescent of Houses et deviens un artiste exclusif. Profite d&rsquo;une exp\u00e9rience inoubliable qu&rsquo;un puzzle de 1000 pi\u00e8ces cr\u00e9e pour toi. D\u00e9couvre d&rsquo;autres \u0153uvres c\u00e9l\u00e8bres dans notre gamme de puzzles d&rsquo;art et cr\u00e9e une collection fascinante de puzzles pour adultes.<\/span><\/p>\n<p><span style=\"font-weight: 400;\">Egon Schiele &#8211; Crescent of Houses puzzle de 1000 pi\u00e8ces peut \u00eatre un excellent cadeau \u00e0 offrir \u00e0 tes amis amateurs de puzzles \u00e0 diverses occasions.<\/span><\/p><\/p>\n","protected":false},"excerpt":{"rendered":"<p>Entre dans le monde color\u00e9 et symbolique des peintures les plus c\u00e9l\u00e8bres de tous les temps avec la plus grande<\/p>\n","protected":false},"featured_media":64193,"template":"","meta":[],"product_brand":[],"product_cat":[2314,2316,2315],"product_tag":[],"class_list":{"0":"post-51224","1":"product","2":"type-product","3":"status-publish","4":"has-post-thumbnail","6":"product_cat-puzzles-fr","7":"product_cat-puzzles-de-1000-pieces","8":"product_cat-puzzles-pour-adultes","9":"pa_bax-10-fr","10":"pa_brand-d_toys-fr","11":"pa_country_of_manufacture-ro-fr","12":"pa_filter_age-14-fr","13":"pa_tip_ambalaj-boite","14":"pa_tip_puzzle-classique","16":"first","17":"instock","18":"taxable","19":"shipping-taxable","20":"product-type-simple"},"yoast_head":"<!-- This site is optimized with the Yoast SEO plugin v20.1 - https:\/\/yoast.com\/wordpress\/plugins\/seo\/ -->\n<title>Puzzle adulte 1000 pi\u00e8ces Egon Schiele - Croissant de Maisons<\/title>\n<meta name=\"description\" content=\"Puzzle adulte 1000 pi\u00e8ces Egon Schiele - Croissant de Maisons\" \/>\n<meta name=\"robots\" content=\"index, follow, max-snippet:-1, max-image-preview:large, max-video-preview:-1\" \/>\n<link rel=\"canonical\" href=\"https:\/\/business.roovi.com\/fr\/puzzle-adulte-1000-pieces-egon-schiele-croissant-de-maisons\/p\/\" \/>\n<meta property=\"og:locale\" content=\"fr_FR\" \/>\n<meta property=\"og:type\" content=\"article\" \/>\n<meta property=\"og:title\" content=\"Puzzle adulte 1000 pi\u00e8ces Egon Schiele - Croissant de Maisons\" \/>\n<meta property=\"og:description\" content=\"Puzzle adulte 1000 pi\u00e8ces Egon Schiele - Croissant de Maisons\" \/>\n<meta property=\"og:url\" content=\"https:\/\/business.roovi.com\/fr\/puzzle-adulte-1000-pieces-egon-schiele-croissant-de-maisons\/p\/\" \/>\n<meta property=\"og:site_name\" content=\"Roovi B2B\" \/>\n<meta property=\"article:publisher\" content=\"https:\/\/www.facebook.com\/wwwjucariero\" \/>\n<meta property=\"article:modified_time\" content=\"2022-07-13T10:11:10+00:00\" \/>\n<meta property=\"og:image\" content=\"https:\/\/business.roovi.com\/wp-content\/uploads\/2021\/11\/76830-01_ansamblu_dimensiuni_cutie_cm_1200x1200.png\" \/>\n\t<meta property=\"og:image:width\" content=\"1200\" \/>\n\t<meta property=\"og:image:height\" content=\"1200\" \/>\n\t<meta property=\"og:image:type\" content=\"image\/png\" \/>\n<meta name=\"twitter:label1\" content=\"Dur\u00e9e de lecture estim\u00e9e\" \/>\n\t<meta name=\"twitter:data1\" content=\"4 minutes\" \/>\n<script type=\"application\/ld+json\" class=\"yoast-schema-graph\">{\"@context\":\"https:\/\/schema.org\",\"@graph\":[{\"@type\":\"WebPage\",\"@id\":\"https:\/\/business.roovi.com\/fr\/puzzle-adulte-1000-pieces-egon-schiele-croissant-de-maisons\/p\/\",\"url\":\"https:\/\/business.roovi.com\/fr\/puzzle-adulte-1000-pieces-egon-schiele-croissant-de-maisons\/p\/\",\"name\":\"Puzzle adulte 1000 pi\u00e8ces Egon Schiele - Croissant de Maisons\",\"isPartOf\":{\"@id\":\"https:\/\/business.roovi.com\/fr\/#website\"},\"datePublished\":\"2021-11-12T10:55:39+00:00\",\"dateModified\":\"2022-07-13T10:11:10+00:00\",\"description\":\"Puzzle adulte 1000 pi\u00e8ces Egon Schiele - Croissant de Maisons\",\"breadcrumb\":{\"@id\":\"https:\/\/business.roovi.com\/fr\/puzzle-adulte-1000-pieces-egon-schiele-croissant-de-maisons\/p\/#breadcrumb\"},\"inLanguage\":\"fr-FR\",\"potentialAction\":[{\"@type\":\"ReadAction\",\"target\":[\"https:\/\/business.roovi.com\/fr\/puzzle-adulte-1000-pieces-egon-schiele-croissant-de-maisons\/p\/\"]}]},{\"@type\":\"BreadcrumbList\",\"@id\":\"https:\/\/business.roovi.com\/fr\/puzzle-adulte-1000-pieces-egon-schiele-croissant-de-maisons\/p\/#breadcrumb\",\"itemListElement\":[{\"@type\":\"ListItem\",\"position\":1,\"name\":\"Home\",\"item\":\"https:\/\/business.roovi.com\/fr\/\"},{\"@type\":\"ListItem\",\"position\":2,\"name\":\"Boutique\",\"item\":\"https:\/\/business.roovi.com\/fr\/boutique\/\"},{\"@type\":\"ListItem\",\"position\":3,\"name\":\"Puzzle adulte 1000 pi\u00e8ces Egon Schiele &#8211; Croissant de Maisons\"}]},{\"@type\":\"WebSite\",\"@id\":\"https:\/\/business.roovi.com\/fr\/#website\",\"url\":\"https:\/\/business.roovi.com\/fr\/\",\"name\":\"Roovi B2B\",\"description\":\"Roovi Business Website\",\"potentialAction\":[{\"@type\":\"SearchAction\",\"target\":{\"@type\":\"EntryPoint\",\"urlTemplate\":\"https:\/\/business.roovi.com\/fr\/?s={search_term_string}\"},\"query-input\":\"required name=search_term_string\"}],\"inLanguage\":\"fr-FR\"}]}<\/script>\n<!-- \/ Yoast SEO plugin. -->","yoast_head_json":{"title":"Puzzle adulte 1000 pi\u00e8ces Egon Schiele - Croissant de Maisons","description":"Puzzle adulte 1000 pi\u00e8ces Egon Schiele - Croissant de Maisons","robots":{"index":"index","follow":"follow","max-snippet":"max-snippet:-1","max-image-preview":"max-image-preview:large","max-video-preview":"max-video-preview:-1"},"canonical":"https:\/\/business.roovi.com\/fr\/puzzle-adulte-1000-pieces-egon-schiele-croissant-de-maisons\/p\/","og_locale":"fr_FR","og_type":"article","og_title":"Puzzle adulte 1000 pi\u00e8ces Egon Schiele - Croissant de Maisons","og_description":"Puzzle adulte 1000 pi\u00e8ces Egon Schiele - Croissant de Maisons","og_url":"https:\/\/business.roovi.com\/fr\/puzzle-adulte-1000-pieces-egon-schiele-croissant-de-maisons\/p\/","og_site_name":"Roovi B2B","article_publisher":"https:\/\/www.facebook.com\/wwwjucariero","article_modified_time":"2022-07-13T10:11:10+00:00","og_image":[{"width":1200,"height":1200,"url":"https:\/\/business.roovi.com\/wp-content\/uploads\/2021\/11\/76830-01_ansamblu_dimensiuni_cutie_cm_1200x1200.png","type":"image\/png"}],"twitter_misc":{"Dur\u00e9e de lecture estim\u00e9e":"4 minutes"},"schema":{"@context":"https:\/\/schema.org","@graph":[{"@type":"WebPage","@id":"https:\/\/business.roovi.com\/fr\/puzzle-adulte-1000-pieces-egon-schiele-croissant-de-maisons\/p\/","url":"https:\/\/business.roovi.com\/fr\/puzzle-adulte-1000-pieces-egon-schiele-croissant-de-maisons\/p\/","name":"Puzzle adulte 1000 pi\u00e8ces Egon Schiele - Croissant de Maisons","isPartOf":{"@id":"https:\/\/business.roovi.com\/fr\/#website"},"datePublished":"2021-11-12T10:55:39+00:00","dateModified":"2022-07-13T10:11:10+00:00","description":"Puzzle adulte 1000 pi\u00e8ces Egon Schiele - Croissant de Maisons","breadcrumb":{"@id":"https:\/\/business.roovi.com\/fr\/puzzle-adulte-1000-pieces-egon-schiele-croissant-de-maisons\/p\/#breadcrumb"},"inLanguage":"fr-FR","potentialAction":[{"@type":"ReadAction","target":["https:\/\/business.roovi.com\/fr\/puzzle-adulte-1000-pieces-egon-schiele-croissant-de-maisons\/p\/"]}]},{"@type":"BreadcrumbList","@id":"https:\/\/business.roovi.com\/fr\/puzzle-adulte-1000-pieces-egon-schiele-croissant-de-maisons\/p\/#breadcrumb","itemListElement":[{"@type":"ListItem","position":1,"name":"Home","item":"https:\/\/business.roovi.com\/fr\/"},{"@type":"ListItem","position":2,"name":"Boutique","item":"https:\/\/business.roovi.com\/fr\/boutique\/"},{"@type":"ListItem","position":3,"name":"Puzzle adulte 1000 pi\u00e8ces Egon Schiele &#8211; Croissant de Maisons"}]},{"@type":"WebSite","@id":"https:\/\/business.roovi.com\/fr\/#website","url":"https:\/\/business.roovi.com\/fr\/","name":"Roovi B2B","description":"Roovi Business Website","potentialAction":[{"@type":"SearchAction","target":{"@type":"EntryPoint","urlTemplate":"https:\/\/business.roovi.com\/fr\/?s={search_term_string}"},"query-input":"required name=search_term_string"}],"inLanguage":"fr-FR"}]}},"_links":{"self":[{"href":"https:\/\/business.roovi.com\/fr\/wp-json\/wp\/v2\/product\/51224","targetHints":{"allow":["GET"]}}],"collection":[{"href":"https:\/\/business.roovi.com\/fr\/wp-json\/wp\/v2\/product"}],"about":[{"href":"https:\/\/business.roovi.com\/fr\/wp-json\/wp\/v2\/types\/product"}],"version-history":[{"count":0,"href":"https:\/\/business.roovi.com\/fr\/wp-json\/wp\/v2\/product\/51224\/revisions"}],"wp:featuredmedia":[{"embeddable":true,"href":"https:\/\/business.roovi.com\/fr\/wp-json\/wp\/v2\/media\/64193"}],"wp:attachment":[{"href":"https:\/\/business.roovi.com\/fr\/wp-json\/wp\/v2\/media?parent=51224"}],"wp:term":[{"taxonomy":"product_brand","embeddable":true,"href":"https:\/\/business.roovi.com\/fr\/wp-json\/wp\/v2\/product_brand?post=51224"},{"taxonomy":"product_cat","embeddable":true,"href":"https:\/\/business.roovi.com\/fr\/wp-json\/wp\/v2\/product_cat?post=51224"},{"taxonomy":"product_tag","embeddable":true,"href":"https:\/\/business.roovi.com\/fr\/wp-json\/wp\/v2\/product_tag?post=51224"}],"curies":[{"name":"wp","href":"https:\/\/api.w.org\/{rel}","templated":true}]}}