{"id":51231,"date":"2021-11-11T15:14:56","date_gmt":"2021-11-11T15:14:56","guid":{"rendered":"https:\/\/business.roovi.com\/puzzle-adulti-1000-piese-dante-gabriel-rossetti-a-christmas-carol\/p\/"},"modified":"2022-07-13T10:11:11","modified_gmt":"2022-07-13T10:11:11","slug":"dante-gabriel-rossetti-puzzle-adulte-de-1000-pieces-a-christmas-carol","status":"publish","type":"product","link":"https:\/\/business.roovi.com\/fr\/dante-gabriel-rossetti-puzzle-adulte-de-1000-pieces-a-christmas-carol\/p\/","title":{"rendered":"Dante Gabriel Rossetti puzzle adulte de 1000 pi\u00e8ces &#8211; A Christmas Carol"},"content":{"rendered":"<p><span style=\"font-size: 14px; line-height: 14px;\"><span style=\"font-weight: 400;\">Pour admirer<\/span> <span style=\"font-weight: 400;\">les chefs-d&rsquo;\u0153uvre de l&rsquo;art sont une sensation unique, mais il est difficile de se rendre dans les mus\u00e9es c\u00e9l\u00e8bres chaque fois que tu ressens le besoin de te d\u00e9tendre. Avec la plus grande gamme de puzzles d&rsquo;art, tu as maintenant la possibilit\u00e9 non seulement de regarder tes tableaux pr\u00e9f\u00e9r\u00e9s, mais aussi de les construire \u00e0 la main \u00e0 partir de puzzles de 1000 pi\u00e8ces.<\/span><\/span><\/p>\n<p><span style=\"font-size: 14px; line-height: 14px;\"><span style=\"font-weight: 400;\">Puzzle de 1000 pi\u00e8ces <\/span><span style=\"font-weight: 400;\">Dante Gabriel Rossetti &#8211; Un conte de No\u00ebl<\/span> <span style=\"font-weight: 400;\">exprime la sensualit\u00e9 de la musique qui a fascin\u00e9 Rosetti et que l&rsquo;artiste a rendue en peinture. Une belle femme tient \u00e9l\u00e9gamment un instrument de musique, cr\u00e9ant le sentiment que l&rsquo;acte musical cr\u00e9e une connexion entre le spectateur et l&rsquo;artiste. Ce merveilleux puzzle artistique ouvre le monde complexe cr\u00e9\u00e9 par la pens\u00e9e profonde du peintre <\/span><span style=\"font-weight: 400;\">Dante Gabriel Rossetti.<\/span><\/span><\/p>\n<p><span style=\"font-weight: 400;\">Caract\u00e9ristiques du puzzle d&rsquo;art <\/span><span style=\"font-weight: 400;\">Dante Gabriel Rossetti &#8211; Un conte de No\u00ebl :<\/span><span style=\"font-weight: 400;\"> <\/span><\/p>\n<p><strong>Dimensions de l&rsquo;image reconstruite : 50 x 70 cm.<\/strong><span style=\"font-weight: 400;\"> Tu peux utiliser une table basse ordinaire pour recr\u00e9er l&rsquo;image.<\/span><\/p>\n<p><strong>Mat\u00e9riau du puzzle <\/strong><\/p>\n<p><strong>carton bleu de haute qualit\u00e9<\/strong><\/p>\n<p><strong>des mat\u00e9riaux durables et recyclables<\/strong><\/p>\n<p><strong>finition semi-brillante, couleurs vives<\/strong><\/p>\n<p><strong>Nombre de pi\u00e8ces de puzzle : 1000<\/strong><\/p>\n<p><strong>\u00c2ge recommand\u00e9 : 14+<\/strong><\/p>\n<p><strong>Le puzzle de 1000 pi\u00e8ces permet de ma\u00eetriser le stress<\/strong><\/p>\n<p><span style=\"font-weight: 400;\">Les jeux de puzzle sont tr\u00e8s amusants, mais aussi tr\u00e8s relaxants. Lorsque tu te concentres sur cette activit\u00e9, ton esprit est compl\u00e8tement lib\u00e9r\u00e9 de tout autre souci ou stress et n&rsquo;a qu&rsquo;un seul objectif : assembler l&rsquo;image \u00e0 partir des 1000 pi\u00e8ces du puzzle. De plus, il s&rsquo;av\u00e8re que cet \u00e9tat est similaire \u00e0 l&rsquo;\u00e9tat m\u00e9ditatif qui t&rsquo;aide \u00e0 faire face aux situations stressantes.<\/span><\/p>\n<p><span style=\"font-weight: 400;\"> <\/span><strong>Le puzzle de 1000 pi\u00e8ces t&rsquo;aide \u00e0 te sentir bien<\/strong><\/p>\n<p><span style=\"font-weight: 400;\">Ce n&rsquo;est pas un secret que les jeux de r\u00e9flexion te font te sentir bien. Mais il y a une explication scientifique \u00e0 cela : pendant l&rsquo;activit\u00e9 relaxante de l&rsquo;assemblage de puzzles pour adultes, la production de dopamine augmente. C&rsquo;est une substance responsable du bonheur et du bien-\u00eatre. Ce neurotransmetteur est aussi \u00e9troitement li\u00e9 \u00e0 l&rsquo;optimisme, la satisfaction, la m\u00e9moire et la concentration.<\/span><\/p>\n<p><strong>Le puzzle de 1000 pi\u00e8ces am\u00e9liore tes capacit\u00e9s de r\u00e9solution de probl\u00e8mes<\/strong><\/p>\n<p><span style=\"font-weight: 400;\">Un puzzle de 1000 pi\u00e8ces est comme un probl\u00e8me de 1000 pi\u00e8ces. Avec beaucoup de d\u00e9termination et de pers\u00e9v\u00e9rance, tu parviens \u00e0 chaque fois \u00e0 r\u00e9tablir l&rsquo;ordre dans le chaos de centaines de pi\u00e8ces de puzzle. Cet exercice t&rsquo;aide \u00e0 devenir meilleur et plus cr\u00e9atif pour r\u00e9soudre les probl\u00e8mes et autres situations que la vie te fait rencontrer.<\/span><\/p>\n<p><strong>Ce que tu ne savais pas sur <\/strong><strong>Dante Gabriel Rossetti<\/strong><\/p>\n<p><span style=\"font-weight: 400;\">Il a fond\u00e9 la Confr\u00e9rie des Pr\u00e9rapha\u00e9lites, qui s&rsquo;est fix\u00e9 pour objectif de r\u00e9former l&rsquo;art en refusant de reproduire m\u00e9caniquement les \u0153uvres des mani\u00e9ristes.<\/span><\/p>\n<p><span style=\"font-weight: 400;\">Il \u00e9tait aussi un po\u00e8te dou\u00e9, pas seulement un peintre. Il a \u00e9crit de nombreux po\u00e8mes et sonnets.<\/span><\/p>\n<p><span style=\"font-weight: 400;\">Il a traduit les \u0153uvres des premiers po\u00e8tes italiens en anglais, notamment <\/span><em><span style=\"font-weight: 400;\">Vita Nuova<\/span><\/em><span style=\"font-weight: 400;\"> par Dante Alighieri.<\/span><\/p>\n<p><span style=\"font-weight: 400;\">Il a d\u00e9velopp\u00e9 une m\u00e9thode de peinture \u00e0 l&rsquo;aquarelle, utilisant des pigments \u00e9pais m\u00e9lang\u00e9s \u00e0 de la gomme pour obtenir des effets riches semblables aux miniatures m\u00e9di\u00e9vales.<\/span><\/p>\n<p><span style=\"font-weight: 400;\">Apr\u00e8s la mort de sa femme, Elisabeth Siddal, l&rsquo;artiste a lou\u00e9 une maison \u00e0 Chelsea, o\u00f9 il a v\u00e9cu pendant 20 ans, entour\u00e9 de meubles extravagants et d&rsquo;un d\u00e9fil\u00e9 d&rsquo;oiseaux et d&rsquo;animaux exotiques.<\/span><\/p>\n<p><span style=\"font-weight: 400;\">Elle a souffert d&rsquo;une maladie d\u00e9pressive et a tent\u00e9 de se suicider. Il est mort d&rsquo;une attaque.<\/span><\/p>\n<p><strong>4 autres avantages d&rsquo;un puzzle d&rsquo;art 4 autres avantages d&rsquo;un puzzle d&rsquo;art 4 autres avantages d&rsquo;un puzzle d&rsquo;art<\/strong><\/p>\n<p><span style=\"font-weight: 400;\">Garantit jusqu&rsquo;\u00e0 30 heures d&rsquo;amusement authentique<\/span><\/p>\n<p><span style=\"font-weight: 400;\">Aide \u00e0 d\u00e9velopper ton sens de l&rsquo;esth\u00e9tique<\/span><\/p>\n<p><span style=\"font-weight: 400;\">Donne-toi un objet d\u00e9coratif exceptionnel qui embellira ta maison.<\/span><\/p>\n<p><span style=\"font-weight: 400;\">Il nourrit ta passion pour la beaut\u00e9 et la culture.<\/span><span style=\"font-weight: 400;\">Acheter un puzzle de 1000 pi\u00e8ces <\/span><span style=\"font-weight: 400;\">Dante Gabriel Rossetti &#8211; Un conte de No\u00ebl et <\/span><span style=\"font-weight: 400;\">profite de tous les avantages qu&rsquo;un jeu de puzzle a \u00e0 offrir ! D\u00e9couvre tous les produits de notre collection de puzzles d&rsquo;art et cr\u00e9e ta propre galerie unique de puzzles exceptionnels de 1000 pi\u00e8ces.<\/span><\/p><\/p>\n","protected":false},"excerpt":{"rendered":"<p>Pour admirer les chefs-d&rsquo;\u0153uvre de l&rsquo;art sont une sensation unique, mais il est difficile de se rendre dans les mus\u00e9es<\/p>\n","protected":false},"featured_media":64199,"template":"","meta":[],"product_brand":[],"product_cat":[2314,2316,2315],"product_tag":[],"class_list":{"0":"post-51231","1":"product","2":"type-product","3":"status-publish","4":"has-post-thumbnail","6":"product_cat-puzzles-fr","7":"product_cat-puzzles-de-1000-pieces","8":"product_cat-puzzles-pour-adultes","9":"pa_bax-10-fr","10":"pa_brand-d_toys-fr","11":"pa_country_of_manufacture-ro-fr","12":"pa_tip_ambalaj-boite","13":"pa_tip_puzzle-classique","15":"first","16":"instock","17":"taxable","18":"shipping-taxable","19":"product-type-simple"},"yoast_head":"<!-- This site is optimized with the Yoast SEO plugin v20.1 - https:\/\/yoast.com\/wordpress\/plugins\/seo\/ -->\n<title>Dante Gabriel Rossetti puzzle adulte de 1000 pi\u00e8ces - A Christmas Carol<\/title>\n<meta name=\"description\" content=\"Dante Gabriel Rossetti puzzle adulte de 1000 pi\u00e8ces - A Christmas Carol\" \/>\n<meta name=\"robots\" content=\"index, follow, max-snippet:-1, max-image-preview:large, max-video-preview:-1\" \/>\n<link rel=\"canonical\" href=\"https:\/\/business.roovi.com\/fr\/dante-gabriel-rossetti-puzzle-adulte-de-1000-pieces-a-christmas-carol\/p\/\" \/>\n<meta property=\"og:locale\" content=\"fr_FR\" \/>\n<meta property=\"og:type\" content=\"article\" \/>\n<meta property=\"og:title\" content=\"Dante Gabriel Rossetti puzzle adulte de 1000 pi\u00e8ces - A Christmas Carol\" \/>\n<meta property=\"og:description\" content=\"Dante Gabriel Rossetti puzzle adulte de 1000 pi\u00e8ces - A Christmas Carol\" \/>\n<meta property=\"og:url\" content=\"https:\/\/business.roovi.com\/fr\/dante-gabriel-rossetti-puzzle-adulte-de-1000-pieces-a-christmas-carol\/p\/\" \/>\n<meta property=\"og:site_name\" content=\"Roovi B2B\" \/>\n<meta property=\"article:publisher\" content=\"https:\/\/www.facebook.com\/wwwjucariero\" \/>\n<meta property=\"article:modified_time\" content=\"2022-07-13T10:11:11+00:00\" \/>\n<meta property=\"og:image\" content=\"https:\/\/business.roovi.com\/wp-content\/uploads\/2021\/11\/76823-01_ansamblu_dimensiuni_cutie_cm_1200x1200.png\" \/>\n\t<meta property=\"og:image:width\" content=\"1200\" \/>\n\t<meta property=\"og:image:height\" content=\"1200\" \/>\n\t<meta property=\"og:image:type\" content=\"image\/png\" \/>\n<meta name=\"twitter:label1\" content=\"Dur\u00e9e de lecture estim\u00e9e\" \/>\n\t<meta name=\"twitter:data1\" content=\"3 minutes\" \/>\n<script type=\"application\/ld+json\" class=\"yoast-schema-graph\">{\"@context\":\"https:\/\/schema.org\",\"@graph\":[{\"@type\":\"WebPage\",\"@id\":\"https:\/\/business.roovi.com\/fr\/dante-gabriel-rossetti-puzzle-adulte-de-1000-pieces-a-christmas-carol\/p\/\",\"url\":\"https:\/\/business.roovi.com\/fr\/dante-gabriel-rossetti-puzzle-adulte-de-1000-pieces-a-christmas-carol\/p\/\",\"name\":\"Dante Gabriel Rossetti puzzle adulte de 1000 pi\u00e8ces - A Christmas Carol\",\"isPartOf\":{\"@id\":\"https:\/\/business.roovi.com\/fr\/#website\"},\"datePublished\":\"2021-11-11T15:14:56+00:00\",\"dateModified\":\"2022-07-13T10:11:11+00:00\",\"description\":\"Dante Gabriel Rossetti puzzle adulte de 1000 pi\u00e8ces - A Christmas Carol\",\"breadcrumb\":{\"@id\":\"https:\/\/business.roovi.com\/fr\/dante-gabriel-rossetti-puzzle-adulte-de-1000-pieces-a-christmas-carol\/p\/#breadcrumb\"},\"inLanguage\":\"fr-FR\",\"potentialAction\":[{\"@type\":\"ReadAction\",\"target\":[\"https:\/\/business.roovi.com\/fr\/dante-gabriel-rossetti-puzzle-adulte-de-1000-pieces-a-christmas-carol\/p\/\"]}]},{\"@type\":\"BreadcrumbList\",\"@id\":\"https:\/\/business.roovi.com\/fr\/dante-gabriel-rossetti-puzzle-adulte-de-1000-pieces-a-christmas-carol\/p\/#breadcrumb\",\"itemListElement\":[{\"@type\":\"ListItem\",\"position\":1,\"name\":\"Home\",\"item\":\"https:\/\/business.roovi.com\/fr\/\"},{\"@type\":\"ListItem\",\"position\":2,\"name\":\"Boutique\",\"item\":\"https:\/\/business.roovi.com\/fr\/boutique\/\"},{\"@type\":\"ListItem\",\"position\":3,\"name\":\"Dante Gabriel Rossetti puzzle adulte de 1000 pi\u00e8ces &#8211; A Christmas Carol\"}]},{\"@type\":\"WebSite\",\"@id\":\"https:\/\/business.roovi.com\/fr\/#website\",\"url\":\"https:\/\/business.roovi.com\/fr\/\",\"name\":\"Roovi B2B\",\"description\":\"Roovi Business Website\",\"potentialAction\":[{\"@type\":\"SearchAction\",\"target\":{\"@type\":\"EntryPoint\",\"urlTemplate\":\"https:\/\/business.roovi.com\/fr\/?s={search_term_string}\"},\"query-input\":\"required name=search_term_string\"}],\"inLanguage\":\"fr-FR\"}]}<\/script>\n<!-- \/ Yoast SEO plugin. -->","yoast_head_json":{"title":"Dante Gabriel Rossetti puzzle adulte de 1000 pi\u00e8ces - A Christmas Carol","description":"Dante Gabriel Rossetti puzzle adulte de 1000 pi\u00e8ces - A Christmas Carol","robots":{"index":"index","follow":"follow","max-snippet":"max-snippet:-1","max-image-preview":"max-image-preview:large","max-video-preview":"max-video-preview:-1"},"canonical":"https:\/\/business.roovi.com\/fr\/dante-gabriel-rossetti-puzzle-adulte-de-1000-pieces-a-christmas-carol\/p\/","og_locale":"fr_FR","og_type":"article","og_title":"Dante Gabriel Rossetti puzzle adulte de 1000 pi\u00e8ces - A Christmas Carol","og_description":"Dante Gabriel Rossetti puzzle adulte de 1000 pi\u00e8ces - A Christmas Carol","og_url":"https:\/\/business.roovi.com\/fr\/dante-gabriel-rossetti-puzzle-adulte-de-1000-pieces-a-christmas-carol\/p\/","og_site_name":"Roovi B2B","article_publisher":"https:\/\/www.facebook.com\/wwwjucariero","article_modified_time":"2022-07-13T10:11:11+00:00","og_image":[{"width":1200,"height":1200,"url":"https:\/\/business.roovi.com\/wp-content\/uploads\/2021\/11\/76823-01_ansamblu_dimensiuni_cutie_cm_1200x1200.png","type":"image\/png"}],"twitter_misc":{"Dur\u00e9e de lecture estim\u00e9e":"3 minutes"},"schema":{"@context":"https:\/\/schema.org","@graph":[{"@type":"WebPage","@id":"https:\/\/business.roovi.com\/fr\/dante-gabriel-rossetti-puzzle-adulte-de-1000-pieces-a-christmas-carol\/p\/","url":"https:\/\/business.roovi.com\/fr\/dante-gabriel-rossetti-puzzle-adulte-de-1000-pieces-a-christmas-carol\/p\/","name":"Dante Gabriel Rossetti puzzle adulte de 1000 pi\u00e8ces - A Christmas Carol","isPartOf":{"@id":"https:\/\/business.roovi.com\/fr\/#website"},"datePublished":"2021-11-11T15:14:56+00:00","dateModified":"2022-07-13T10:11:11+00:00","description":"Dante Gabriel Rossetti puzzle adulte de 1000 pi\u00e8ces - A Christmas Carol","breadcrumb":{"@id":"https:\/\/business.roovi.com\/fr\/dante-gabriel-rossetti-puzzle-adulte-de-1000-pieces-a-christmas-carol\/p\/#breadcrumb"},"inLanguage":"fr-FR","potentialAction":[{"@type":"ReadAction","target":["https:\/\/business.roovi.com\/fr\/dante-gabriel-rossetti-puzzle-adulte-de-1000-pieces-a-christmas-carol\/p\/"]}]},{"@type":"BreadcrumbList","@id":"https:\/\/business.roovi.com\/fr\/dante-gabriel-rossetti-puzzle-adulte-de-1000-pieces-a-christmas-carol\/p\/#breadcrumb","itemListElement":[{"@type":"ListItem","position":1,"name":"Home","item":"https:\/\/business.roovi.com\/fr\/"},{"@type":"ListItem","position":2,"name":"Boutique","item":"https:\/\/business.roovi.com\/fr\/boutique\/"},{"@type":"ListItem","position":3,"name":"Dante Gabriel Rossetti puzzle adulte de 1000 pi\u00e8ces &#8211; A Christmas Carol"}]},{"@type":"WebSite","@id":"https:\/\/business.roovi.com\/fr\/#website","url":"https:\/\/business.roovi.com\/fr\/","name":"Roovi B2B","description":"Roovi Business Website","potentialAction":[{"@type":"SearchAction","target":{"@type":"EntryPoint","urlTemplate":"https:\/\/business.roovi.com\/fr\/?s={search_term_string}"},"query-input":"required name=search_term_string"}],"inLanguage":"fr-FR"}]}},"_links":{"self":[{"href":"https:\/\/business.roovi.com\/fr\/wp-json\/wp\/v2\/product\/51231","targetHints":{"allow":["GET"]}}],"collection":[{"href":"https:\/\/business.roovi.com\/fr\/wp-json\/wp\/v2\/product"}],"about":[{"href":"https:\/\/business.roovi.com\/fr\/wp-json\/wp\/v2\/types\/product"}],"version-history":[{"count":0,"href":"https:\/\/business.roovi.com\/fr\/wp-json\/wp\/v2\/product\/51231\/revisions"}],"wp:featuredmedia":[{"embeddable":true,"href":"https:\/\/business.roovi.com\/fr\/wp-json\/wp\/v2\/media\/64199"}],"wp:attachment":[{"href":"https:\/\/business.roovi.com\/fr\/wp-json\/wp\/v2\/media?parent=51231"}],"wp:term":[{"taxonomy":"product_brand","embeddable":true,"href":"https:\/\/business.roovi.com\/fr\/wp-json\/wp\/v2\/product_brand?post=51231"},{"taxonomy":"product_cat","embeddable":true,"href":"https:\/\/business.roovi.com\/fr\/wp-json\/wp\/v2\/product_cat?post=51231"},{"taxonomy":"product_tag","embeddable":true,"href":"https:\/\/business.roovi.com\/fr\/wp-json\/wp\/v2\/product_tag?post=51231"}],"curies":[{"name":"wp","href":"https:\/\/api.w.org\/{rel}","templated":true}]}}