{"id":51246,"date":"2021-11-11T12:21:38","date_gmt":"2021-11-11T12:21:38","guid":{"rendered":"https:\/\/business.roovi.com\/puzzle-adulti-1000-piese-pieter-bruegel-cel-batran-the-fight-between-carnival-and-lent\/p\/"},"modified":"2022-07-13T10:11:16","modified_gmt":"2022-07-13T10:11:16","slug":"pieter-bruegel-lancien-la-lutte-entre-le-carnaval-et-le-careme-puzzle-adulte-de-1000-pieces","status":"publish","type":"product","link":"https:\/\/business.roovi.com\/fr\/pieter-bruegel-lancien-la-lutte-entre-le-carnaval-et-le-careme-puzzle-adulte-de-1000-pieces\/p\/","title":{"rendered":"Pieter Bruegel l&rsquo;Ancien &#8211; La lutte entre le carnaval et le car\u00eame &#8211; Puzzle adulte de 1000 pi\u00e8ces"},"content":{"rendered":"<p><span style=\"font-weight: 400;\">Tu cherches une activit\u00e9 amusante pour le week-end ou pour les soir\u00e9es ennuyeuses ? La plus grande collection de puzzles artistiques de Roumanie t&#8217;emm\u00e8ne dans une autre dimension, pleine de couleurs et de style, et ton temps libre prendra une nouvelle valeur.<\/span><\/p>\n<p><span style=\"font-weight: 400;\">Le puzzle de 1000 pi\u00e8ces de Pieter Bruegel l&rsquo;Ancien &#8211; La lutte entre le carnaval et le car\u00eame restitue le symbolisme particulier du tableau du c\u00e9l\u00e8bre artiste de la Renaissance dans une image unique. Arme-toi de patience et r\u00e9tablis l&rsquo;ordre \u00e0 partir du chaos de 1000 pi\u00e8ces de puzzle. Tu peux utiliser une table basse ordinaire pour restaurer l&rsquo;image de 50 x 70 cm.<\/span><\/p>\n<p><span style=\"font-weight: 400;\">Lis plus sur ce merveilleux puzzle artistique ci-dessous :<\/span><\/p>\n<p><strong>Mat\u00e9riau du puzzle <\/strong><\/p>\n<p><strong>carton bleu de haute qualit\u00e9<\/strong><\/p>\n<p><strong>des mat\u00e9riaux durables et recyclables<\/strong><\/p>\n<p><strong>finition semi-brillante, couleurs vives<\/strong><\/p>\n<p><strong>Nombre de pi\u00e8ces de puzzle : 1000<\/strong><\/p>\n<p><strong>\u00c2ge recommand\u00e9 : 14+<\/strong><\/p>\n<p><span style=\"font-weight: 400;\">Les jeux de puzzle t&rsquo;aident \u00e0 rester en bonne sant\u00e9<\/span><\/p>\n<p><span style=\"font-weight: 400;\">Assembler des puzzles de 1000 pi\u00e8ces te d\u00e9tend, te divertit et te garde en bonne sant\u00e9. Voici quelques-uns des nombreux avantages qu&rsquo;offrent les puzzles pour adultes :<\/span><\/p>\n<p><strong>Ils gardent ton c\u0153ur en bonne sant\u00e9<\/strong><span style=\"font-weight: 400;\"> &#8211; lorsque tu assembles des puzzles de 1000 pi\u00e8ces, ton corps entre dans un \u00e9tat de calme et de relaxation. Tu te d\u00e9connectes de tous les tracas quotidiens, et ton corps se d\u00e9tend et fonctionne selon des param\u00e8tres normaux.<\/span><\/p>\n<p><strong>Maintien de la sant\u00e9 du cerveau<\/strong><span style=\"font-weight: 400;\"> &#8211; l&rsquo;activit\u00e9 consistant \u00e0 assembler le puzzle de 1000 pi\u00e8ces sollicite les deux h\u00e9misph\u00e8res du cerveau, ce qui en fait un excellent exercice pour le cerveau.<\/span><\/p>\n<p><strong>Am\u00e9liore ta m\u00e9moire &#8211; <\/strong><span style=\"font-weight: 400;\">trouver les bonnes pi\u00e8ces, m\u00e9moriser les formes, les couleurs et l&rsquo;endroit o\u00f9 les pi\u00e8ces s&#8217;embo\u00eetent dans un puzzle de 1000 pi\u00e8ces est aussi un exercice efficace pour la m\u00e9moire \u00e0 court terme.<\/span><\/p>\n<p><span style=\"font-weight: 400;\"> <\/span><strong>\u00c0 propos de<\/strong> <strong><em>La lutte entre le carnaval et P\u00e2ques <\/em><\/strong><strong>le savais-tu ?<\/strong><\/p>\n<p><span style=\"font-weight: 400;\">Elle met en avant environ 200 personnages et est une v\u00e9ritable bataille entre le sacr\u00e9 et le profane.<\/span><\/p>\n<p><span style=\"font-weight: 400;\">L&rsquo;\u0153uvre est un rendu symbolique de la pi\u00e9t\u00e9 et du p\u00e9ch\u00e9 <\/span><\/p>\n<p><span style=\"font-weight: 400;\">Le c\u0153ur de l&rsquo;\u0153uvre semble avoir \u00e9t\u00e9 le conflit religieux qui a surgi avec l&rsquo;arriv\u00e9e au pouvoir du roi Philippe II d&rsquo;Espagne qui a impos\u00e9 les croyances du catholicisme.<\/span><\/p>\n<p><span style=\"font-weight: 400;\">Le tableau n&rsquo;\u00e9tiquette aucun des deux camps comme bon ou mauvais, mais pr\u00e9sente les deux comme deux extr\u00eames de l&rsquo;humanit\u00e9.<\/span><\/p>\n<p><span style=\"font-weight: 400;\">Il existe 18 r\u00e9pliques r\u00e9alis\u00e9es d&rsquo;apr\u00e8s ce tableau, dont 5 ont \u00e9t\u00e9 ex\u00e9cut\u00e9es par son fils, Pieter Brueghel le Jeune.<\/span><\/p>\n<p><strong>Le puzzle de 1000 pi\u00e8ces t&rsquo;apporte beaucoup de bonheur<\/strong><\/p>\n<p><span style=\"font-weight: 400;\">Et ce n&rsquo;est pas une simple figure de style. Il s&rsquo;av\u00e8re que lorsque tu retravailles les images du puzzle de 1000 pi\u00e8ces, ton cerveau s\u00e9cr\u00e8te plus de dopamine. Cette substance est responsable du bonheur, de l&rsquo;optimisme et de la m\u00e9moire <\/span><\/p>\n<p><span style=\"font-weight: 400;\">Tu n&rsquo;as que des avantages et des b\u00e9n\u00e9fices si tu assembles des puzzles d&rsquo;art. Ach\u00e8te maintenant ce merveilleux puzzle Pieter Bruegel l&rsquo;Ancien &#8211; La lutte entre le Carnaval et le Car\u00eame de 1000 pi\u00e8ces et vis une exp\u00e9rience incroyable ! Fais plaisir \u00e0 un ami cher en lui offrant ce puzzle de 1000 pi\u00e8ces rempli de symboles et de mysticisme.<\/span><\/p><\/p>\n","protected":false},"excerpt":{"rendered":"<p>Tu cherches une activit\u00e9 amusante pour le week-end ou pour les soir\u00e9es ennuyeuses ? La plus grande collection de puzzles<\/p>\n","protected":false},"featured_media":63153,"template":"","meta":[],"product_brand":[],"product_cat":[2314,2316,2315],"product_tag":[],"class_list":{"0":"post-51246","1":"product","2":"type-product","3":"status-publish","4":"has-post-thumbnail","6":"product_cat-puzzles-fr","7":"product_cat-puzzles-de-1000-pieces","8":"product_cat-puzzles-pour-adultes","9":"pa_bax-10-fr","10":"pa_brand-d_toys-fr","11":"pa_country_of_manufacture-ro-fr","12":"pa_filter_age-14-fr","13":"pa_tip_ambalaj-boite","15":"first","16":"instock","17":"taxable","18":"shipping-taxable","19":"product-type-simple"},"yoast_head":"<!-- This site is optimized with the Yoast SEO plugin v20.1 - https:\/\/yoast.com\/wordpress\/plugins\/seo\/ -->\n<title>Pieter Bruegel l&#039;Ancien - La lutte entre le carnaval et le car\u00eame - Puzzle adulte de 1000 pi\u00e8ces<\/title>\n<meta name=\"description\" content=\"Pieter Bruegel l&#039;Ancien - La lutte entre le carnaval et le car\u00eame - Puzzle adulte de 1000 pi\u00e8ces\" \/>\n<meta name=\"robots\" content=\"index, follow, max-snippet:-1, max-image-preview:large, max-video-preview:-1\" \/>\n<link rel=\"canonical\" href=\"https:\/\/business.roovi.com\/fr\/pieter-bruegel-lancien-la-lutte-entre-le-carnaval-et-le-careme-puzzle-adulte-de-1000-pieces\/p\/\" \/>\n<meta property=\"og:locale\" content=\"fr_FR\" \/>\n<meta property=\"og:type\" content=\"article\" \/>\n<meta property=\"og:title\" content=\"Pieter Bruegel l&#039;Ancien - La lutte entre le carnaval et le car\u00eame - Puzzle adulte de 1000 pi\u00e8ces\" \/>\n<meta property=\"og:description\" content=\"Pieter Bruegel l&#039;Ancien - La lutte entre le carnaval et le car\u00eame - Puzzle adulte de 1000 pi\u00e8ces\" \/>\n<meta property=\"og:url\" content=\"https:\/\/business.roovi.com\/fr\/pieter-bruegel-lancien-la-lutte-entre-le-carnaval-et-le-careme-puzzle-adulte-de-1000-pieces\/p\/\" \/>\n<meta property=\"og:site_name\" content=\"Roovi B2B\" \/>\n<meta property=\"article:publisher\" content=\"https:\/\/www.facebook.com\/wwwjucariero\" \/>\n<meta property=\"article:modified_time\" content=\"2022-07-13T10:11:16+00:00\" \/>\n<meta property=\"og:image\" content=\"https:\/\/business.roovi.com\/wp-content\/uploads\/2021\/11\/73778-08_ansamblu_dimensiuni_cutie_cm_1200x1200.png\" \/>\n\t<meta property=\"og:image:width\" content=\"1200\" \/>\n\t<meta property=\"og:image:height\" content=\"1200\" \/>\n\t<meta property=\"og:image:type\" content=\"image\/png\" \/>\n<meta name=\"twitter:label1\" content=\"Dur\u00e9e de lecture estim\u00e9e\" \/>\n\t<meta name=\"twitter:data1\" content=\"3 minutes\" \/>\n<script type=\"application\/ld+json\" class=\"yoast-schema-graph\">{\"@context\":\"https:\/\/schema.org\",\"@graph\":[{\"@type\":\"WebPage\",\"@id\":\"https:\/\/business.roovi.com\/fr\/pieter-bruegel-lancien-la-lutte-entre-le-carnaval-et-le-careme-puzzle-adulte-de-1000-pieces\/p\/\",\"url\":\"https:\/\/business.roovi.com\/fr\/pieter-bruegel-lancien-la-lutte-entre-le-carnaval-et-le-careme-puzzle-adulte-de-1000-pieces\/p\/\",\"name\":\"Pieter Bruegel l'Ancien - La lutte entre le carnaval et le car\u00eame - Puzzle adulte de 1000 pi\u00e8ces\",\"isPartOf\":{\"@id\":\"https:\/\/business.roovi.com\/fr\/#website\"},\"datePublished\":\"2021-11-11T12:21:38+00:00\",\"dateModified\":\"2022-07-13T10:11:16+00:00\",\"description\":\"Pieter Bruegel l'Ancien - La lutte entre le carnaval et le car\u00eame - Puzzle adulte de 1000 pi\u00e8ces\",\"breadcrumb\":{\"@id\":\"https:\/\/business.roovi.com\/fr\/pieter-bruegel-lancien-la-lutte-entre-le-carnaval-et-le-careme-puzzle-adulte-de-1000-pieces\/p\/#breadcrumb\"},\"inLanguage\":\"fr-FR\",\"potentialAction\":[{\"@type\":\"ReadAction\",\"target\":[\"https:\/\/business.roovi.com\/fr\/pieter-bruegel-lancien-la-lutte-entre-le-carnaval-et-le-careme-puzzle-adulte-de-1000-pieces\/p\/\"]}]},{\"@type\":\"BreadcrumbList\",\"@id\":\"https:\/\/business.roovi.com\/fr\/pieter-bruegel-lancien-la-lutte-entre-le-carnaval-et-le-careme-puzzle-adulte-de-1000-pieces\/p\/#breadcrumb\",\"itemListElement\":[{\"@type\":\"ListItem\",\"position\":1,\"name\":\"Home\",\"item\":\"https:\/\/business.roovi.com\/fr\/\"},{\"@type\":\"ListItem\",\"position\":2,\"name\":\"Boutique\",\"item\":\"https:\/\/business.roovi.com\/fr\/boutique\/\"},{\"@type\":\"ListItem\",\"position\":3,\"name\":\"Pieter Bruegel l&#8217;Ancien &#8211; La lutte entre le carnaval et le car\u00eame &#8211; Puzzle adulte de 1000 pi\u00e8ces\"}]},{\"@type\":\"WebSite\",\"@id\":\"https:\/\/business.roovi.com\/fr\/#website\",\"url\":\"https:\/\/business.roovi.com\/fr\/\",\"name\":\"Roovi B2B\",\"description\":\"Roovi Business Website\",\"potentialAction\":[{\"@type\":\"SearchAction\",\"target\":{\"@type\":\"EntryPoint\",\"urlTemplate\":\"https:\/\/business.roovi.com\/fr\/?s={search_term_string}\"},\"query-input\":\"required name=search_term_string\"}],\"inLanguage\":\"fr-FR\"}]}<\/script>\n<!-- \/ Yoast SEO plugin. -->","yoast_head_json":{"title":"Pieter Bruegel l'Ancien - La lutte entre le carnaval et le car\u00eame - Puzzle adulte de 1000 pi\u00e8ces","description":"Pieter Bruegel l'Ancien - La lutte entre le carnaval et le car\u00eame - Puzzle adulte de 1000 pi\u00e8ces","robots":{"index":"index","follow":"follow","max-snippet":"max-snippet:-1","max-image-preview":"max-image-preview:large","max-video-preview":"max-video-preview:-1"},"canonical":"https:\/\/business.roovi.com\/fr\/pieter-bruegel-lancien-la-lutte-entre-le-carnaval-et-le-careme-puzzle-adulte-de-1000-pieces\/p\/","og_locale":"fr_FR","og_type":"article","og_title":"Pieter Bruegel l'Ancien - La lutte entre le carnaval et le car\u00eame - Puzzle adulte de 1000 pi\u00e8ces","og_description":"Pieter Bruegel l'Ancien - La lutte entre le carnaval et le car\u00eame - Puzzle adulte de 1000 pi\u00e8ces","og_url":"https:\/\/business.roovi.com\/fr\/pieter-bruegel-lancien-la-lutte-entre-le-carnaval-et-le-careme-puzzle-adulte-de-1000-pieces\/p\/","og_site_name":"Roovi B2B","article_publisher":"https:\/\/www.facebook.com\/wwwjucariero","article_modified_time":"2022-07-13T10:11:16+00:00","og_image":[{"width":1200,"height":1200,"url":"https:\/\/business.roovi.com\/wp-content\/uploads\/2021\/11\/73778-08_ansamblu_dimensiuni_cutie_cm_1200x1200.png","type":"image\/png"}],"twitter_misc":{"Dur\u00e9e de lecture estim\u00e9e":"3 minutes"},"schema":{"@context":"https:\/\/schema.org","@graph":[{"@type":"WebPage","@id":"https:\/\/business.roovi.com\/fr\/pieter-bruegel-lancien-la-lutte-entre-le-carnaval-et-le-careme-puzzle-adulte-de-1000-pieces\/p\/","url":"https:\/\/business.roovi.com\/fr\/pieter-bruegel-lancien-la-lutte-entre-le-carnaval-et-le-careme-puzzle-adulte-de-1000-pieces\/p\/","name":"Pieter Bruegel l'Ancien - La lutte entre le carnaval et le car\u00eame - Puzzle adulte de 1000 pi\u00e8ces","isPartOf":{"@id":"https:\/\/business.roovi.com\/fr\/#website"},"datePublished":"2021-11-11T12:21:38+00:00","dateModified":"2022-07-13T10:11:16+00:00","description":"Pieter Bruegel l'Ancien - La lutte entre le carnaval et le car\u00eame - Puzzle adulte de 1000 pi\u00e8ces","breadcrumb":{"@id":"https:\/\/business.roovi.com\/fr\/pieter-bruegel-lancien-la-lutte-entre-le-carnaval-et-le-careme-puzzle-adulte-de-1000-pieces\/p\/#breadcrumb"},"inLanguage":"fr-FR","potentialAction":[{"@type":"ReadAction","target":["https:\/\/business.roovi.com\/fr\/pieter-bruegel-lancien-la-lutte-entre-le-carnaval-et-le-careme-puzzle-adulte-de-1000-pieces\/p\/"]}]},{"@type":"BreadcrumbList","@id":"https:\/\/business.roovi.com\/fr\/pieter-bruegel-lancien-la-lutte-entre-le-carnaval-et-le-careme-puzzle-adulte-de-1000-pieces\/p\/#breadcrumb","itemListElement":[{"@type":"ListItem","position":1,"name":"Home","item":"https:\/\/business.roovi.com\/fr\/"},{"@type":"ListItem","position":2,"name":"Boutique","item":"https:\/\/business.roovi.com\/fr\/boutique\/"},{"@type":"ListItem","position":3,"name":"Pieter Bruegel l&#8217;Ancien &#8211; La lutte entre le carnaval et le car\u00eame &#8211; Puzzle adulte de 1000 pi\u00e8ces"}]},{"@type":"WebSite","@id":"https:\/\/business.roovi.com\/fr\/#website","url":"https:\/\/business.roovi.com\/fr\/","name":"Roovi B2B","description":"Roovi Business Website","potentialAction":[{"@type":"SearchAction","target":{"@type":"EntryPoint","urlTemplate":"https:\/\/business.roovi.com\/fr\/?s={search_term_string}"},"query-input":"required name=search_term_string"}],"inLanguage":"fr-FR"}]}},"_links":{"self":[{"href":"https:\/\/business.roovi.com\/fr\/wp-json\/wp\/v2\/product\/51246","targetHints":{"allow":["GET"]}}],"collection":[{"href":"https:\/\/business.roovi.com\/fr\/wp-json\/wp\/v2\/product"}],"about":[{"href":"https:\/\/business.roovi.com\/fr\/wp-json\/wp\/v2\/types\/product"}],"version-history":[{"count":0,"href":"https:\/\/business.roovi.com\/fr\/wp-json\/wp\/v2\/product\/51246\/revisions"}],"wp:featuredmedia":[{"embeddable":true,"href":"https:\/\/business.roovi.com\/fr\/wp-json\/wp\/v2\/media\/63153"}],"wp:attachment":[{"href":"https:\/\/business.roovi.com\/fr\/wp-json\/wp\/v2\/media?parent=51246"}],"wp:term":[{"taxonomy":"product_brand","embeddable":true,"href":"https:\/\/business.roovi.com\/fr\/wp-json\/wp\/v2\/product_brand?post=51246"},{"taxonomy":"product_cat","embeddable":true,"href":"https:\/\/business.roovi.com\/fr\/wp-json\/wp\/v2\/product_cat?post=51246"},{"taxonomy":"product_tag","embeddable":true,"href":"https:\/\/business.roovi.com\/fr\/wp-json\/wp\/v2\/product_tag?post=51246"}],"curies":[{"name":"wp","href":"https:\/\/api.w.org\/{rel}","templated":true}]}}