{"id":51254,"date":"2021-11-11T10:41:36","date_gmt":"2021-11-11T10:41:36","guid":{"rendered":"https:\/\/business.roovi.com\/puzzle-adulti-1000-piese-pieter-bruegel-cel-batran-hunters-in-the-snow\/p\/"},"modified":"2022-07-13T10:11:18","modified_gmt":"2022-07-13T10:11:18","slug":"pieter-bruegel-the-elder-chasseurs-dans-la-neige-puzzle-adulte-de-1000-pieces","status":"publish","type":"product","link":"https:\/\/business.roovi.com\/fr\/pieter-bruegel-the-elder-chasseurs-dans-la-neige-puzzle-adulte-de-1000-pieces\/p\/","title":{"rendered":"Pieter Bruegel the Elder &#8211; Chasseurs dans la neige Puzzle adulte de 1000 pi\u00e8ces"},"content":{"rendered":"<p><span style=\"font-weight: 400;\">Les \u00e9nigmes artistiques t&rsquo;aident \u00e0 d\u00e9couvrir le symbolisme des \u0153uvres d&rsquo;art et la beaut\u00e9 des couleurs. Ach\u00e8te maintenant les meilleurs puzzles de 1000 pi\u00e8ces et cr\u00e9e ta propre collection de tableaux de jeux de puzzle exceptionnels.<\/span><\/p>\n<p><span style=\"font-weight: 400;\">Pieter Bruegel l&rsquo;Ancien &#8211; Chasseurs dans la neige puzzle de 1000 pi\u00e8ces pr\u00e9sente une copie exceptionnelle du tableau \u00e9ponyme cr\u00e9\u00e9 en 1565. La peinture fait partie de la m\u00e9moire culturelle collective et est pleine de m\u00e9taphores. La sc\u00e8ne du retour d&rsquo;une chasse infructueuse, les gens simples vaquant sans entrave \u00e0 leurs activit\u00e9s ordinaires et les cr\u00e9atures vivant en harmonie avec la nature sont en contraste avec la Renaissance idyllique <\/span><\/p>\n<p><span style=\"font-weight: 400;\">Tu veux d\u00e9couvrir tous les symboles de ce chef-d&rsquo;\u0153uvre artistique ? Assemble le puzzle de 1000 pi\u00e8ces Bruegel l&rsquo;Ancien &#8211; Chasseurs dans la neige et tu obtiendras une image compl\u00e8te et expressive ! Le tableau final mesure 50 x 70 cm et tu peux utiliser une table basse ordinaire pour le compl\u00e9ter.<\/span><\/p>\n<p><span style=\"font-weight: 400;\">Autres caract\u00e9ristiques du puzzle artistique Hunters in the Snow :<\/span><\/p>\n<p><strong>Mat\u00e9riau du puzzle <\/strong><\/p>\n<p><strong>carton bleu de haute qualit\u00e9<\/strong><\/p>\n<p><strong>des mat\u00e9riaux durables et recyclables<\/strong><\/p>\n<p><strong>finition semi-brillante, couleurs vives<\/strong><\/p>\n<p><strong>Nombre de pi\u00e8ces de puzzle : 1000<\/strong><\/p>\n<p><strong>\u00c2ge recommand\u00e9 : 14+<\/strong><\/p>\n<p><strong>Quels sont les avantages des puzzles pour adultes ?<\/strong><\/p>\n<p><span style=\"font-weight: 400;\">Loin d&rsquo;\u00eatre un simple passe-temps amusant, les puzzles t&rsquo;apportent de nombreux avantages pour la sant\u00e9. Voici seulement 5 d&rsquo;entre eux :<\/span><\/p>\n<p><strong>Ils augmentent ton attention aux d\u00e9tails <\/strong><span style=\"font-weight: 400;\">et te donner l&rsquo;impression d&rsquo;\u00eatre un vrai d\u00e9tective \u00e0 la recherche des 1000 bonnes pi\u00e8ces de puzzle.<\/span><\/p>\n<p><strong>Il entra\u00eene ta logique<\/strong><span style=\"font-weight: 400;\"> parce qu&rsquo;ils te mettent en position d&rsquo;associer les bonnes pi\u00e8ces du puzzle 1000.<\/span><\/p>\n<p><strong>D\u00e9veloppe ton imagination<\/strong><span style=\"font-weight: 400;\"> par le fait que lorsque tu recr\u00e9es une image \u00e0 partir d&rsquo;un jeu de puzzle, tu d\u00e9couvres les plus petits d\u00e9tails cach\u00e9s dans le paysage.<\/span><\/p>\n<p><strong>T&rsquo;apprend \u00e0 ne pas abandonner<\/strong><span style=\"font-weight: 400;\"> peu importe la difficult\u00e9 du processus d&rsquo;appariement, car la satisfaction \u00e0 la fin n&rsquo;a pas de prix.<\/span><\/p>\n<p><strong>Il entra\u00eene ta patience<\/strong><span style=\"font-weight: 400;\"> qui est test\u00e9e dans d&rsquo;autres situations de la vie et sans laquelle tu ne peux pas atteindre le succ\u00e8s.<\/span><\/p>\n<p><strong>5 symboles repr\u00e9sent\u00e9s dans la peinture <\/strong><strong><em>Chasseurs dans la neige<\/em><\/strong><\/p>\n<p><span style=\"font-weight: 400;\">1. Certains critiques d&rsquo;art pensent que la peinture d\u00e9peint une image apocalyptique de la fin du monde.<\/span><\/p>\n<p><span style=\"font-weight: 400;\">2. Le pi\u00e8ge \u00e0 oiseaux qui appara\u00eet dans le tableau est une m\u00e9taphore de l&rsquo;apocalypse. De m\u00eame que les oiseaux ignorent les dangers, les humains glissent sans contr\u00f4le sur la glace &#8211; traversant la vie &#8211; sans tenir compte de Dieu.<\/span><\/p>\n<p><span style=\"font-weight: 400;\">3. L&rsquo;oiseau volant dans le tableau pourrait repr\u00e9senter la solitude caus\u00e9e par la perte de foi en l&rsquo;humanit\u00e9.<\/span><\/p>\n<p><span style=\"font-weight: 400;\">4. Les pics montagneux qui n&rsquo;existent pas vraiment aux Pays-Bas repr\u00e9sentent la grandeur du monde dans lequel planent les petits personnages en forme de fourmis.<\/span><\/p>\n<p><span style=\"font-weight: 400;\">5. R\u00e9alisateur russe <\/span><span style=\"font-weight: 400;\">Andrei Tarkovsky a utilis\u00e9 l&rsquo;image dans son film<\/span><em><span style=\"font-weight: 400;\">  Solaris<\/span><\/em><span style=\"font-weight: 400;\"> (1972) pour souligner l&rsquo;id\u00e9e que les gens doivent radicalement changer leur vie et leur amour pour que l&rsquo;humanit\u00e9 change.<\/span><\/p>\n<p><span style=\"font-weight: 400;\">Profite maintenant de tous les avantages que les jeux de puzzle t&rsquo;apportent ! Ils font des merveilles lors des journ\u00e9es d&rsquo;hiver maussades ou lorsque tu ne sais pas comment occuper ton temps. Un puzzle de 1000 pi\u00e8ces peut am\u00e9liorer ta m\u00e9moire et l&rsquo;activit\u00e9 c\u00e9r\u00e9brale g\u00e9n\u00e9rale, ainsi que ton humeur <\/span><\/p>\n<p><span style=\"font-weight: 400;\">Ach\u00e8te un puzzle de 1000 pi\u00e8ces de Bruegel l&rsquo;Ancien &#8211; Chasseurs dans la neige et entra\u00eene ta patience en assemblant une image unique dans trois couleurs pr\u00e9dominantes : blanc, vert et noir. Une fois termin\u00e9, tu peux l&rsquo;encadrer et profiter d&rsquo;une jolie pi\u00e8ce d\u00e9corative faite \u00e0 partir du puzzle de 1000 pi\u00e8ces. D\u00e9couvre toute la collection de puzzles d&rsquo;art et cr\u00e9e ta propre galerie de jeux de puzzle.<\/span><\/p>\n<p><span style=\"font-weight: 400;\">Bruegel l&rsquo;Ancien &#8211; Chasseurs dans la neige Puzzle d&rsquo;art de 1000 pi\u00e8ces est un excellent cadeau \u00e0 offrir \u00e0 tes amis \u00e0 l&rsquo;occasion d&rsquo;un anniversaire.<\/span><\/p><\/p>\n","protected":false},"excerpt":{"rendered":"<p>Les \u00e9nigmes artistiques t&rsquo;aident \u00e0 d\u00e9couvrir le symbolisme des \u0153uvres d&rsquo;art et la beaut\u00e9 des couleurs. Ach\u00e8te maintenant les meilleurs<\/p>\n","protected":false},"featured_media":63159,"template":"","meta":[],"product_brand":[],"product_cat":[2314,2316,2315],"product_tag":[],"class_list":{"0":"post-51254","1":"product","2":"type-product","3":"status-publish","4":"has-post-thumbnail","6":"product_cat-puzzles-fr","7":"product_cat-puzzles-de-1000-pieces","8":"product_cat-puzzles-pour-adultes","9":"pa_bax-10-fr","10":"pa_brand-d_toys-fr","11":"pa_country_of_manufacture-ro-fr","12":"pa_filter_age-14-fr","13":"pa_tip_ambalaj-boite","15":"first","16":"instock","17":"taxable","18":"shipping-taxable","19":"product-type-simple"},"yoast_head":"<!-- This site is optimized with the Yoast SEO plugin v20.1 - https:\/\/yoast.com\/wordpress\/plugins\/seo\/ -->\n<title>Pieter Bruegel the Elder - Chasseurs dans la neige Puzzle adulte de 1000 pi\u00e8ces<\/title>\n<meta name=\"description\" content=\"Pieter Bruegel the Elder - Chasseurs dans la neige Puzzle adulte de 1000 pi\u00e8ces\" \/>\n<meta name=\"robots\" content=\"index, follow, max-snippet:-1, max-image-preview:large, max-video-preview:-1\" \/>\n<link rel=\"canonical\" href=\"https:\/\/business.roovi.com\/fr\/pieter-bruegel-the-elder-chasseurs-dans-la-neige-puzzle-adulte-de-1000-pieces\/p\/\" \/>\n<meta property=\"og:locale\" content=\"fr_FR\" \/>\n<meta property=\"og:type\" content=\"article\" \/>\n<meta property=\"og:title\" content=\"Pieter Bruegel the Elder - Chasseurs dans la neige Puzzle adulte de 1000 pi\u00e8ces\" \/>\n<meta property=\"og:description\" content=\"Pieter Bruegel the Elder - Chasseurs dans la neige Puzzle adulte de 1000 pi\u00e8ces\" \/>\n<meta property=\"og:url\" content=\"https:\/\/business.roovi.com\/fr\/pieter-bruegel-the-elder-chasseurs-dans-la-neige-puzzle-adulte-de-1000-pieces\/p\/\" \/>\n<meta property=\"og:site_name\" content=\"Roovi B2B\" \/>\n<meta property=\"article:publisher\" content=\"https:\/\/www.facebook.com\/wwwjucariero\" \/>\n<meta property=\"article:modified_time\" content=\"2022-07-13T10:11:18+00:00\" \/>\n<meta property=\"og:image\" content=\"https:\/\/business.roovi.com\/wp-content\/uploads\/2021\/11\/73778-07_ansamblu_dimensiuni_cutie_cm_1200x1200.png\" \/>\n\t<meta property=\"og:image:width\" content=\"1200\" \/>\n\t<meta property=\"og:image:height\" content=\"1200\" \/>\n\t<meta property=\"og:image:type\" content=\"image\/png\" \/>\n<meta name=\"twitter:label1\" content=\"Dur\u00e9e de lecture estim\u00e9e\" \/>\n\t<meta name=\"twitter:data1\" content=\"3 minutes\" \/>\n<script type=\"application\/ld+json\" class=\"yoast-schema-graph\">{\"@context\":\"https:\/\/schema.org\",\"@graph\":[{\"@type\":\"WebPage\",\"@id\":\"https:\/\/business.roovi.com\/fr\/pieter-bruegel-the-elder-chasseurs-dans-la-neige-puzzle-adulte-de-1000-pieces\/p\/\",\"url\":\"https:\/\/business.roovi.com\/fr\/pieter-bruegel-the-elder-chasseurs-dans-la-neige-puzzle-adulte-de-1000-pieces\/p\/\",\"name\":\"Pieter Bruegel the Elder - Chasseurs dans la neige Puzzle adulte de 1000 pi\u00e8ces\",\"isPartOf\":{\"@id\":\"https:\/\/business.roovi.com\/fr\/#website\"},\"datePublished\":\"2021-11-11T10:41:36+00:00\",\"dateModified\":\"2022-07-13T10:11:18+00:00\",\"description\":\"Pieter Bruegel the Elder - Chasseurs dans la neige Puzzle adulte de 1000 pi\u00e8ces\",\"breadcrumb\":{\"@id\":\"https:\/\/business.roovi.com\/fr\/pieter-bruegel-the-elder-chasseurs-dans-la-neige-puzzle-adulte-de-1000-pieces\/p\/#breadcrumb\"},\"inLanguage\":\"fr-FR\",\"potentialAction\":[{\"@type\":\"ReadAction\",\"target\":[\"https:\/\/business.roovi.com\/fr\/pieter-bruegel-the-elder-chasseurs-dans-la-neige-puzzle-adulte-de-1000-pieces\/p\/\"]}]},{\"@type\":\"BreadcrumbList\",\"@id\":\"https:\/\/business.roovi.com\/fr\/pieter-bruegel-the-elder-chasseurs-dans-la-neige-puzzle-adulte-de-1000-pieces\/p\/#breadcrumb\",\"itemListElement\":[{\"@type\":\"ListItem\",\"position\":1,\"name\":\"Home\",\"item\":\"https:\/\/business.roovi.com\/fr\/\"},{\"@type\":\"ListItem\",\"position\":2,\"name\":\"Boutique\",\"item\":\"https:\/\/business.roovi.com\/fr\/boutique\/\"},{\"@type\":\"ListItem\",\"position\":3,\"name\":\"Pieter Bruegel the Elder &#8211; Chasseurs dans la neige Puzzle adulte de 1000 pi\u00e8ces\"}]},{\"@type\":\"WebSite\",\"@id\":\"https:\/\/business.roovi.com\/fr\/#website\",\"url\":\"https:\/\/business.roovi.com\/fr\/\",\"name\":\"Roovi B2B\",\"description\":\"Roovi Business Website\",\"potentialAction\":[{\"@type\":\"SearchAction\",\"target\":{\"@type\":\"EntryPoint\",\"urlTemplate\":\"https:\/\/business.roovi.com\/fr\/?s={search_term_string}\"},\"query-input\":\"required name=search_term_string\"}],\"inLanguage\":\"fr-FR\"}]}<\/script>\n<!-- \/ Yoast SEO plugin. -->","yoast_head_json":{"title":"Pieter Bruegel the Elder - Chasseurs dans la neige Puzzle adulte de 1000 pi\u00e8ces","description":"Pieter Bruegel the Elder - Chasseurs dans la neige Puzzle adulte de 1000 pi\u00e8ces","robots":{"index":"index","follow":"follow","max-snippet":"max-snippet:-1","max-image-preview":"max-image-preview:large","max-video-preview":"max-video-preview:-1"},"canonical":"https:\/\/business.roovi.com\/fr\/pieter-bruegel-the-elder-chasseurs-dans-la-neige-puzzle-adulte-de-1000-pieces\/p\/","og_locale":"fr_FR","og_type":"article","og_title":"Pieter Bruegel the Elder - Chasseurs dans la neige Puzzle adulte de 1000 pi\u00e8ces","og_description":"Pieter Bruegel the Elder - Chasseurs dans la neige Puzzle adulte de 1000 pi\u00e8ces","og_url":"https:\/\/business.roovi.com\/fr\/pieter-bruegel-the-elder-chasseurs-dans-la-neige-puzzle-adulte-de-1000-pieces\/p\/","og_site_name":"Roovi B2B","article_publisher":"https:\/\/www.facebook.com\/wwwjucariero","article_modified_time":"2022-07-13T10:11:18+00:00","og_image":[{"width":1200,"height":1200,"url":"https:\/\/business.roovi.com\/wp-content\/uploads\/2021\/11\/73778-07_ansamblu_dimensiuni_cutie_cm_1200x1200.png","type":"image\/png"}],"twitter_misc":{"Dur\u00e9e de lecture estim\u00e9e":"3 minutes"},"schema":{"@context":"https:\/\/schema.org","@graph":[{"@type":"WebPage","@id":"https:\/\/business.roovi.com\/fr\/pieter-bruegel-the-elder-chasseurs-dans-la-neige-puzzle-adulte-de-1000-pieces\/p\/","url":"https:\/\/business.roovi.com\/fr\/pieter-bruegel-the-elder-chasseurs-dans-la-neige-puzzle-adulte-de-1000-pieces\/p\/","name":"Pieter Bruegel the Elder - Chasseurs dans la neige Puzzle adulte de 1000 pi\u00e8ces","isPartOf":{"@id":"https:\/\/business.roovi.com\/fr\/#website"},"datePublished":"2021-11-11T10:41:36+00:00","dateModified":"2022-07-13T10:11:18+00:00","description":"Pieter Bruegel the Elder - Chasseurs dans la neige Puzzle adulte de 1000 pi\u00e8ces","breadcrumb":{"@id":"https:\/\/business.roovi.com\/fr\/pieter-bruegel-the-elder-chasseurs-dans-la-neige-puzzle-adulte-de-1000-pieces\/p\/#breadcrumb"},"inLanguage":"fr-FR","potentialAction":[{"@type":"ReadAction","target":["https:\/\/business.roovi.com\/fr\/pieter-bruegel-the-elder-chasseurs-dans-la-neige-puzzle-adulte-de-1000-pieces\/p\/"]}]},{"@type":"BreadcrumbList","@id":"https:\/\/business.roovi.com\/fr\/pieter-bruegel-the-elder-chasseurs-dans-la-neige-puzzle-adulte-de-1000-pieces\/p\/#breadcrumb","itemListElement":[{"@type":"ListItem","position":1,"name":"Home","item":"https:\/\/business.roovi.com\/fr\/"},{"@type":"ListItem","position":2,"name":"Boutique","item":"https:\/\/business.roovi.com\/fr\/boutique\/"},{"@type":"ListItem","position":3,"name":"Pieter Bruegel the Elder &#8211; Chasseurs dans la neige Puzzle adulte de 1000 pi\u00e8ces"}]},{"@type":"WebSite","@id":"https:\/\/business.roovi.com\/fr\/#website","url":"https:\/\/business.roovi.com\/fr\/","name":"Roovi B2B","description":"Roovi Business Website","potentialAction":[{"@type":"SearchAction","target":{"@type":"EntryPoint","urlTemplate":"https:\/\/business.roovi.com\/fr\/?s={search_term_string}"},"query-input":"required name=search_term_string"}],"inLanguage":"fr-FR"}]}},"_links":{"self":[{"href":"https:\/\/business.roovi.com\/fr\/wp-json\/wp\/v2\/product\/51254","targetHints":{"allow":["GET"]}}],"collection":[{"href":"https:\/\/business.roovi.com\/fr\/wp-json\/wp\/v2\/product"}],"about":[{"href":"https:\/\/business.roovi.com\/fr\/wp-json\/wp\/v2\/types\/product"}],"version-history":[{"count":0,"href":"https:\/\/business.roovi.com\/fr\/wp-json\/wp\/v2\/product\/51254\/revisions"}],"wp:featuredmedia":[{"embeddable":true,"href":"https:\/\/business.roovi.com\/fr\/wp-json\/wp\/v2\/media\/63159"}],"wp:attachment":[{"href":"https:\/\/business.roovi.com\/fr\/wp-json\/wp\/v2\/media?parent=51254"}],"wp:term":[{"taxonomy":"product_brand","embeddable":true,"href":"https:\/\/business.roovi.com\/fr\/wp-json\/wp\/v2\/product_brand?post=51254"},{"taxonomy":"product_cat","embeddable":true,"href":"https:\/\/business.roovi.com\/fr\/wp-json\/wp\/v2\/product_cat?post=51254"},{"taxonomy":"product_tag","embeddable":true,"href":"https:\/\/business.roovi.com\/fr\/wp-json\/wp\/v2\/product_tag?post=51254"}],"curies":[{"name":"wp","href":"https:\/\/api.w.org\/{rel}","templated":true}]}}