{"id":51262,"date":"2021-11-05T10:02:02","date_gmt":"2021-11-05T10:02:02","guid":{"rendered":"https:\/\/business.roovi.com\/carti-de-joc-pacalici-in-costume-traditionale\/p\/"},"modified":"2023-03-01T15:15:00","modified_gmt":"2023-03-01T15:15:00","slug":"cartes-a-jouer-tricksters-en-costumes-traditionnels","status":"publish","type":"product","link":"https:\/\/business.roovi.com\/fr\/cartes-a-jouer-tricksters-en-costumes-traditionnels\/p\/","title":{"rendered":"Cartes \u00e0 jouer &#8211; Tricksters en costumes traditionnels &#8211; pr\u00e9sentez les costumes folkloriques avec fiert\u00e9 et gaiet\u00e9."},"content":{"rendered":"<p><span style=\"font-weight: 400;\">De Maramure\u0219 \u00e0 Dobrogea, de dr\u00f4les de personnages arborent fi\u00e8rement et joyeusement leurs costumes folkloriques. Trouve ton \u00e2me soeur et amuse-toi avec toute ta famille ou tes meilleurs amis !<\/span><\/p>\n<p><span style=\"font-weight: 400;\">Tu te souviens quand tu \u00e9tais enfant et que le blagueur rassemblait tous les enfants dans l&rsquo;escalier du quartier et que personne n&rsquo;entrait dans la maison avant de s&rsquo;\u00eatre d\u00e9barrass\u00e9 du blagueur mignon ? Le jeu des Jokers \u00e9tait aim\u00e9 de tous, des enfants aux adultes, nous y jouions avec nos amis, nos fr\u00e8res et s\u0153urs ou nos grands-parents. Red\u00e9couvre le plaisir d&rsquo;antan et offre \u00e0 tes enfants une exp\u00e9rience inoubliable avec le jeu de cartes le plus aim\u00e9 de ton enfance : Pac\u0103lici, d\u00e9sormais r\u00e9interpr\u00e9t\u00e9 en costumes traditionnels roumains. D\u00e9couvre dans le jeu avec <\/span><strong>35 cartes \u00e0 jouer<\/strong><span style=\"font-weight: 400;\">les personnages autochtones habill\u00e9s de costumes folkloriques des zones ethnographiques les plus repr\u00e9sentatives du pays.<\/span><\/p>\n<p><strong>Comment jouer \u00e0 P\u0103c\u0103lici en costumes folkloriques ?<\/strong><\/p>\n<p><span style=\"font-weight: 400;\">Distribue 4 cartes \u00e0 chaque joueur.<\/span><\/p>\n<p><span style=\"font-weight: 400;\">Place les cartes restantes face cach\u00e9e dans une pile.<\/span><\/p>\n<p><span style=\"font-weight: 400;\">Chaque joueur tire une carte de la pile du bas et essaie de trouver la paire de chaque personnage de la carte dans sa main.<\/span><\/p>\n<p><span style=\"font-weight: 400;\">Lorsque les cartes de la pile sont \u00e9puis\u00e9es, les joueurs tirent une carte les uns des autres dans le sens des aiguilles d&rsquo;une montre. Celui qui se d\u00e9barrasse de toutes les cartes en premier gagne et celui qui reste avec le Trickster perd.<\/span><\/p>\n<p><span style=\"font-weight: 400;\">Dans notre jeu, le joker est le joker. Il n&rsquo;a pas de paire, alors fais attention \u00e0 ne pas te retrouver coinc\u00e9e avec lui !<\/span><\/p>\n<p><span style=\"font-weight: 400;\">Le jeu se joue avec un minimum de 2 et un maximum de 6 joueurs. Au total, il y a 17 paires populaires et le solitaire Peccala.<\/span><\/p>\n<p><strong>Jokers en costumes traditionnels &#8211; aussi simple qu&rsquo;il est \u00e9ducatif et amusant<\/strong><\/p>\n<p><span style=\"font-weight: 400;\">Savais-tu que les jeux de cartes pour enfants ne sont pas seulement amusants, mais aussi \u00e9ducatifs ? Voici quelques-uns des avantages dont tu b\u00e9n\u00e9ficieras lorsque tu joueras \u00e0 Traditional Costume Tricksters avec tes enfants :<\/span><\/p>\n<p><strong>Les jeux de cartes pour enfants sont une alternative abordable et saine qui d\u00e9connecte les enfants des \u00e9crans.<\/strong><span style=\"font-weight: 400;\"> Tu veux l&rsquo;\u00e9loigner de son t\u00e9l\u00e9phone ? Fais-lui d\u00e9couvrir les poissons d&rsquo;avril en costumes traditionnels ! Joue avec ton enfant ou invite quelques amis et demande-leur de jouer ensemble. Ce jeu de cartes est un excellent moyen pour les enfants d&rsquo;apprendre \u00e0 se conna\u00eetre et de socialiser de mani\u00e8re authentique.<\/span><\/p>\n<p><strong>Les jeux de cartes aident les enfants \u00e0 d\u00e9velopper leurs comp\u00e9tences cognitives<\/strong><span style=\"font-weight: 400;\"> comme la m\u00e9moire, la pens\u00e9e logique et math\u00e9matique, la capacit\u00e9 \u00e0 r\u00e9soudre des probl\u00e8mes et plus encore. Jouer aux cartes est toujours amusant, et quand cela devient \u00e9ducatif, c&rsquo;est encore plus merveilleux !<\/span><\/p>\n<p><strong>Les jeux de cartes pour enfants aident \u00e0 d\u00e9velopper leur intelligence \u00e9motionnelle<\/strong><span style=\"font-weight: 400;\">. La sant\u00e9 \u00e9motionnelle est importante \u00e0 tout \u00e2ge. Pour les enfants, l&rsquo;\u00e9quilibre \u00e9motionnel est \u00e9tabli dans la famille. Gr\u00e2ce aux jeux de cartes, ils participent \u00e0 une comp\u00e9tition amicale. Ils apprennent \u00e0 perdre avec un sourire sur le visage ou \u00e0 aimer gagner et \u00e0 se battre pour la victoire. Tous les jeux de cartes n\u00e9cessitent une communication, les enfants doivent donc se parler, n\u00e9gocier, comprendre les r\u00e8gles du jeu, s&rsquo;entraider, attendre leur tour et relever les d\u00e9fis qui se pr\u00e9sentent pendant le jeu <\/span><\/p>\n<p><strong>Connais-tu les Tricksters ?&#8230;.<\/strong><\/p>\n<p><span style=\"font-weight: 400;\">C&rsquo;est le jeu de cartes le plus populaire aupr\u00e8s des enfants et il a des origines allemandes. La version allemande s&rsquo;appelle Schwarzer Peter &#8211; Pierre noir.<\/span><\/p>\n<p><span style=\"font-weight: 400;\">Apparemment, le jeu de cartes Trickster est n\u00e9 en&#8230; prison, vers 1811, invent\u00e9 par le voleur Johann Peter Petri qui purgeait sa peine pour vol et d&rsquo;o\u00f9 vient le nom allemand.<\/span><\/p>\n<p><span style=\"font-weight: 400;\">Cependant, certains disent que le jeu est en fait beaucoup plus ancien et qu&rsquo;il d\u00e9rive d&rsquo;un jeu de hasard dans lequel le perdant devait payer la prochaine tourn\u00e9e de boissons.<\/span><\/p>\n<p><span style=\"font-weight: 400;\">Il est jou\u00e9 dans de nombreux pays du monde sous diff\u00e9rents noms. Voici seulement 3 d&rsquo;entre eux :<\/span><\/p>\n<p><em><span style=\"font-weight: 400;\">Asino<\/span><\/em><span style=\"font-weight: 400;\"> en Italie<\/span><\/p>\n<p><em><span style=\"font-weight: 400;\">Le Pouilleux<\/span><\/em><span style=\"font-weight: 400;\"> en France<\/span><\/p>\n<p><em><span style=\"font-weight: 400;\">Babnuki<\/span><\/em><span style=\"font-weight: 400;\"> au Japon<\/span><\/p>\n<p><span style=\"font-weight: 400;\">Jouer <\/span><strong>Tricksters en costumes traditionnels<\/strong><span style=\"font-weight: 400;\"> avec des enfants, des amis ou des grands-parents ! Red\u00e9couvre la joie authentique d&rsquo;un jeu de cartes classique et addictif. Ach\u00e8te maintenant ce merveilleux jeu de cartes <\/span><strong>Jokers en costumes traditionnels<\/strong><span style=\"font-weight: 400;\"> pour toi ou offre-le en cadeau \u00e0 des amis chers.<\/span><\/p>\n","protected":false},"excerpt":{"rendered":"<p>De Maramure\u0219 \u00e0 Dobrogea, de dr\u00f4les de personnages arborent fi\u00e8rement et joyeusement leurs costumes folkloriques. Trouve ton \u00e2me soeur et<\/p>\n","protected":false},"featured_media":72635,"template":"","meta":[],"product_brand":[],"product_cat":[2348,2303],"product_tag":[],"class_list":{"0":"post-51262","1":"product","2":"type-product","3":"status-publish","4":"has-post-thumbnail","6":"product_cat-cartes-a-jouer","7":"product_cat-jeux-de-societe","8":"pa_brand-deico-fr","9":"pa_country_of_manufacture-ro-fr","10":"pa_filter_age-3_5-fr","11":"pa_filter_age-5_7-fr","12":"pa_filter_age-7_9-fr","13":"pa_tip_ambalaj-boite","15":"first","16":"instock","17":"taxable","18":"shipping-taxable","19":"product-type-simple"},"yoast_head":"<!-- This site is optimized with the Yoast SEO plugin v20.1 - https:\/\/yoast.com\/wordpress\/plugins\/seo\/ -->\n<title>Cartes \u00e0 jouer - Tricksters en costumes traditionnels<\/title>\n<meta name=\"description\" content=\"Cartes \u00e0 jouer - Tricksters en costumes traditionnels\" \/>\n<meta name=\"robots\" content=\"index, follow, max-snippet:-1, max-image-preview:large, max-video-preview:-1\" \/>\n<link rel=\"canonical\" href=\"https:\/\/business.roovi.com\/fr\/cartes-a-jouer-tricksters-en-costumes-traditionnels\/p\/\" \/>\n<meta property=\"og:locale\" content=\"fr_FR\" \/>\n<meta property=\"og:type\" content=\"article\" \/>\n<meta property=\"og:title\" content=\"Cartes \u00e0 jouer - Tricksters en costumes traditionnels\" \/>\n<meta property=\"og:description\" content=\"Cartes \u00e0 jouer - Tricksters en costumes traditionnels\" \/>\n<meta property=\"og:url\" content=\"https:\/\/business.roovi.com\/fr\/cartes-a-jouer-tricksters-en-costumes-traditionnels\/p\/\" \/>\n<meta property=\"og:site_name\" content=\"Roovi B2B\" \/>\n<meta property=\"article:publisher\" content=\"https:\/\/www.facebook.com\/wwwjucariero\" \/>\n<meta property=\"article:modified_time\" content=\"2023-03-01T15:15:00+00:00\" \/>\n<meta property=\"og:image\" content=\"https:\/\/business.roovi.com\/wp-content\/uploads\/2021\/11\/79060_pacalici_n_costume_tradi_ionale_2.png\" \/>\n\t<meta property=\"og:image:width\" content=\"1200\" \/>\n\t<meta property=\"og:image:height\" content=\"1199\" \/>\n\t<meta property=\"og:image:type\" content=\"image\/png\" \/>\n<meta name=\"twitter:label1\" content=\"Dur\u00e9e de lecture estim\u00e9e\" \/>\n\t<meta name=\"twitter:data1\" content=\"4 minutes\" \/>\n<script type=\"application\/ld+json\" class=\"yoast-schema-graph\">{\"@context\":\"https:\/\/schema.org\",\"@graph\":[{\"@type\":\"WebPage\",\"@id\":\"https:\/\/business.roovi.com\/fr\/cartes-a-jouer-tricksters-en-costumes-traditionnels\/p\/\",\"url\":\"https:\/\/business.roovi.com\/fr\/cartes-a-jouer-tricksters-en-costumes-traditionnels\/p\/\",\"name\":\"Cartes \u00e0 jouer - Tricksters en costumes traditionnels\",\"isPartOf\":{\"@id\":\"https:\/\/business.roovi.com\/fr\/#website\"},\"datePublished\":\"2021-11-05T10:02:02+00:00\",\"dateModified\":\"2023-03-01T15:15:00+00:00\",\"description\":\"Cartes \u00e0 jouer - Tricksters en costumes traditionnels\",\"breadcrumb\":{\"@id\":\"https:\/\/business.roovi.com\/fr\/cartes-a-jouer-tricksters-en-costumes-traditionnels\/p\/#breadcrumb\"},\"inLanguage\":\"fr-FR\",\"potentialAction\":[{\"@type\":\"ReadAction\",\"target\":[\"https:\/\/business.roovi.com\/fr\/cartes-a-jouer-tricksters-en-costumes-traditionnels\/p\/\"]}]},{\"@type\":\"BreadcrumbList\",\"@id\":\"https:\/\/business.roovi.com\/fr\/cartes-a-jouer-tricksters-en-costumes-traditionnels\/p\/#breadcrumb\",\"itemListElement\":[{\"@type\":\"ListItem\",\"position\":1,\"name\":\"Home\",\"item\":\"https:\/\/business.roovi.com\/fr\/\"},{\"@type\":\"ListItem\",\"position\":2,\"name\":\"Boutique\",\"item\":\"https:\/\/business.roovi.com\/fr\/boutique\/\"},{\"@type\":\"ListItem\",\"position\":3,\"name\":\"Cartes \u00e0 jouer &#8211; Tricksters en costumes traditionnels &#8211; pr\u00e9sentez les costumes folkloriques avec fiert\u00e9 et gaiet\u00e9.\"}]},{\"@type\":\"WebSite\",\"@id\":\"https:\/\/business.roovi.com\/fr\/#website\",\"url\":\"https:\/\/business.roovi.com\/fr\/\",\"name\":\"Roovi B2B\",\"description\":\"Roovi Business Website\",\"potentialAction\":[{\"@type\":\"SearchAction\",\"target\":{\"@type\":\"EntryPoint\",\"urlTemplate\":\"https:\/\/business.roovi.com\/fr\/?s={search_term_string}\"},\"query-input\":\"required name=search_term_string\"}],\"inLanguage\":\"fr-FR\"}]}<\/script>\n<!-- \/ Yoast SEO plugin. -->","yoast_head_json":{"title":"Cartes \u00e0 jouer - Tricksters en costumes traditionnels","description":"Cartes \u00e0 jouer - Tricksters en costumes traditionnels","robots":{"index":"index","follow":"follow","max-snippet":"max-snippet:-1","max-image-preview":"max-image-preview:large","max-video-preview":"max-video-preview:-1"},"canonical":"https:\/\/business.roovi.com\/fr\/cartes-a-jouer-tricksters-en-costumes-traditionnels\/p\/","og_locale":"fr_FR","og_type":"article","og_title":"Cartes \u00e0 jouer - Tricksters en costumes traditionnels","og_description":"Cartes \u00e0 jouer - Tricksters en costumes traditionnels","og_url":"https:\/\/business.roovi.com\/fr\/cartes-a-jouer-tricksters-en-costumes-traditionnels\/p\/","og_site_name":"Roovi B2B","article_publisher":"https:\/\/www.facebook.com\/wwwjucariero","article_modified_time":"2023-03-01T15:15:00+00:00","og_image":[{"width":1200,"height":1199,"url":"https:\/\/business.roovi.com\/wp-content\/uploads\/2021\/11\/79060_pacalici_n_costume_tradi_ionale_2.png","type":"image\/png"}],"twitter_misc":{"Dur\u00e9e de lecture estim\u00e9e":"4 minutes"},"schema":{"@context":"https:\/\/schema.org","@graph":[{"@type":"WebPage","@id":"https:\/\/business.roovi.com\/fr\/cartes-a-jouer-tricksters-en-costumes-traditionnels\/p\/","url":"https:\/\/business.roovi.com\/fr\/cartes-a-jouer-tricksters-en-costumes-traditionnels\/p\/","name":"Cartes \u00e0 jouer - Tricksters en costumes traditionnels","isPartOf":{"@id":"https:\/\/business.roovi.com\/fr\/#website"},"datePublished":"2021-11-05T10:02:02+00:00","dateModified":"2023-03-01T15:15:00+00:00","description":"Cartes \u00e0 jouer - Tricksters en costumes traditionnels","breadcrumb":{"@id":"https:\/\/business.roovi.com\/fr\/cartes-a-jouer-tricksters-en-costumes-traditionnels\/p\/#breadcrumb"},"inLanguage":"fr-FR","potentialAction":[{"@type":"ReadAction","target":["https:\/\/business.roovi.com\/fr\/cartes-a-jouer-tricksters-en-costumes-traditionnels\/p\/"]}]},{"@type":"BreadcrumbList","@id":"https:\/\/business.roovi.com\/fr\/cartes-a-jouer-tricksters-en-costumes-traditionnels\/p\/#breadcrumb","itemListElement":[{"@type":"ListItem","position":1,"name":"Home","item":"https:\/\/business.roovi.com\/fr\/"},{"@type":"ListItem","position":2,"name":"Boutique","item":"https:\/\/business.roovi.com\/fr\/boutique\/"},{"@type":"ListItem","position":3,"name":"Cartes \u00e0 jouer &#8211; Tricksters en costumes traditionnels &#8211; pr\u00e9sentez les costumes folkloriques avec fiert\u00e9 et gaiet\u00e9."}]},{"@type":"WebSite","@id":"https:\/\/business.roovi.com\/fr\/#website","url":"https:\/\/business.roovi.com\/fr\/","name":"Roovi B2B","description":"Roovi Business Website","potentialAction":[{"@type":"SearchAction","target":{"@type":"EntryPoint","urlTemplate":"https:\/\/business.roovi.com\/fr\/?s={search_term_string}"},"query-input":"required name=search_term_string"}],"inLanguage":"fr-FR"}]}},"_links":{"self":[{"href":"https:\/\/business.roovi.com\/fr\/wp-json\/wp\/v2\/product\/51262","targetHints":{"allow":["GET"]}}],"collection":[{"href":"https:\/\/business.roovi.com\/fr\/wp-json\/wp\/v2\/product"}],"about":[{"href":"https:\/\/business.roovi.com\/fr\/wp-json\/wp\/v2\/types\/product"}],"version-history":[{"count":0,"href":"https:\/\/business.roovi.com\/fr\/wp-json\/wp\/v2\/product\/51262\/revisions"}],"wp:featuredmedia":[{"embeddable":true,"href":"https:\/\/business.roovi.com\/fr\/wp-json\/wp\/v2\/media\/72635"}],"wp:attachment":[{"href":"https:\/\/business.roovi.com\/fr\/wp-json\/wp\/v2\/media?parent=51262"}],"wp:term":[{"taxonomy":"product_brand","embeddable":true,"href":"https:\/\/business.roovi.com\/fr\/wp-json\/wp\/v2\/product_brand?post=51262"},{"taxonomy":"product_cat","embeddable":true,"href":"https:\/\/business.roovi.com\/fr\/wp-json\/wp\/v2\/product_cat?post=51262"},{"taxonomy":"product_tag","embeddable":true,"href":"https:\/\/business.roovi.com\/fr\/wp-json\/wp\/v2\/product_tag?post=51262"}],"curies":[{"name":"wp","href":"https:\/\/api.w.org\/{rel}","templated":true}]}}