{"id":51267,"date":"2021-11-04T13:15:24","date_gmt":"2021-11-04T13:15:24","guid":{"rendered":"https:\/\/business.roovi.com\/puzzle-adulti-sandro-botticelli-idealised-portrait-of-a-lady-1000-piese\/p\/"},"modified":"2022-07-13T10:11:23","modified_gmt":"2022-07-13T10:11:23","slug":"puzzle-adulte-sandro-botticelli-portrait-idealise-dune-dame-1000-pieces","status":"publish","type":"product","link":"https:\/\/business.roovi.com\/fr\/puzzle-adulte-sandro-botticelli-portrait-idealise-dune-dame-1000-pieces\/p\/","title":{"rendered":"Puzzle adulte Sandro Botticelli &#8211; Portrait id\u00e9alis\u00e9 d&rsquo;une dame &#8211; 1000 pi\u00e8ces"},"content":{"rendered":"<p><span style=\"font-weight: 400;\">La plupart des \u0153uvres d&rsquo;art cachent des passions insoup\u00e7onn\u00e9es, des myst\u00e8res ou des amours inassouvies. Les contempler est un plaisir, m\u00eame des centaines d&rsquo;ann\u00e9es apr\u00e8s leur cr\u00e9ation. Mais qu&rsquo;est-ce que cela ferait de pouvoir les recr\u00e9er toi-m\u00eame et d&rsquo;admirer en paix les plus beaux coups de pinceau de l&rsquo;artiste ? La collection Art Puzzle te donne maintenant cette possibilit\u00e9. Dans les puzzles de 1000 pi\u00e8ces, tu trouveras des images de peintures c\u00e9l\u00e8bres de L\u00e9onard de Vinci, Sandro Botticelli, Vincent van Gogh et bien d&rsquo;autres.<\/span><\/p>\n<p><span style=\"font-weight: 400;\">Sandro Botticelli &#8211; Portrait id\u00e9alis\u00e9 d&rsquo;une dame &#8211; Puzzle de 1000 pi\u00e8ces te fait vivre l&rsquo;exp\u00e9rience unique de reconstituer l&rsquo;image myst\u00e9rieuse de la dame de r\u00eave de Botticelli. L&rsquo;art na\u00eet de la passion, et certaines des plus belles \u0153uvres d&rsquo;art refl\u00e8tent les passions non r\u00e9ciproques qui ont marqu\u00e9 le destin du cr\u00e9ateur toute sa vie <\/span><\/p>\n<p><span style=\"font-weight: 400;\">La passion de Sandro Botticelli pour la belle Simonetta Vespuci est pass\u00e9e \u00e0 l&rsquo;histoire gr\u00e2ce aux peintures de l&rsquo;artiste. Le tableau Portrait d&rsquo;une dame id\u00e9alis\u00e9e repr\u00e9sente une jeune fille d&rsquo;une beaut\u00e9 surr\u00e9aliste que certains assimilent \u00e0 une d\u00e9esse ou une nymphe. Place chaque pi\u00e8ce du puzzle 1000 \u00e0 sa place, et au final, tu auras un tableau \u00e9quilibr\u00e9 aux formes et aux couleurs \u00e9tonnantes.<\/span><\/p>\n<p><span style=\"font-weight: 400;\">Lis plus de d\u00e9tails sur le puzzle de 1000 pi\u00e8ces Portrait of a Lady ci-dessous :<\/span><\/p>\n<p><strong>Taille de l&rsquo;image reconstitu\u00e9e : 50 x 70 cm. Tu peux utiliser une table basse ordinaire pour l&rsquo;assemblage.<\/strong><\/p>\n<p><strong>Mat\u00e9riau du puzzle <\/strong><\/p>\n<p><strong>carton bleu de haute qualit\u00e9<\/strong><\/p>\n<p><strong>des mat\u00e9riaux durables et recyclables<\/strong><\/p>\n<p><strong>finition semi-brillante, couleurs vives<\/strong><\/p>\n<p><strong>Nombre de pi\u00e8ces de puzzle : 1000<\/strong><\/p>\n<p><strong>\u00c2ge recommand\u00e9 : 14+<\/strong><\/p>\n<p><strong>Pourquoi est-il avantageux d&rsquo;assembler des puzzles de 1000 pi\u00e8ces ?<\/strong><\/p>\n<p><span style=\"font-weight: 400;\">Cr\u00e9er des jeux de puzzle est un passe-temps sain. Voici quelques-uns des avantages de cette activit\u00e9 pour la sant\u00e9 :<\/span><\/p>\n<p><span style=\"font-weight: 400;\">D\u00e9tend et d\u00e9stresse l&rsquo;esprit.<\/span><\/p>\n<p><span style=\"font-weight: 400;\">Aide \u00e0 am\u00e9liorer la m\u00e9moire<\/span><\/p>\n<p><span style=\"font-weight: 400;\">Garde le cerveau actif.<\/span><\/p>\n<p><span style=\"font-weight: 400;\">Normalise la pression sanguine car elle apporte un \u00e9tat de calme et de relaxation.<\/span><\/p>\n<p><span style=\"font-weight: 400;\">Am\u00e9liore la concentration.<\/span><\/p>\n<p><strong>Botticelli et l&rsquo;adoration d&rsquo;une femme seule<\/strong><\/p>\n<p><span style=\"font-weight: 400;\">Simonetta Vespucci \u00e9tait l&rsquo;une des plus belles femmes de la Renaissance florentine. Elle \u00e9tait admir\u00e9e par de nombreux hommes influents de l&rsquo;\u00e9poque et la muse de nombreux artistes, dont Botticelli.<\/span><\/p>\n<p><span style=\"font-weight: 400;\">Simonetta s&rsquo;est mari\u00e9e \u00e0 l&rsquo;\u00e2ge de 15 ans \u00e0 <\/span><span style=\"font-weight: 400;\">Marco Vespucci, un cousin \u00e9loign\u00e9 d&rsquo;Amerigo Vespucci, et \u00e9tait la ma\u00eetresse de Giuliano de Medici, fr\u00e8re cadet de Lorenzo de Medici <\/span><\/p>\n<p><span style=\"font-weight: 400;\">Sa mort \u00e0 l&rsquo;\u00e2ge de 23 ans a bris\u00e9 le c\u0153ur de ses admirateurs, et tous les hommes importants de Florence ont assist\u00e9 \u00e0 ses fun\u00e9railles <\/span><\/p>\n<p><span style=\"font-weight: 400;\">Il semble que le peintre l&rsquo;ait aim\u00e9e toute sa vie et ait m\u00eame demand\u00e9 \u00e0 \u00eatre enterr\u00e9 \u00e0 ses pieds, un souhait qui a \u00e9t\u00e9 exauc\u00e9 34 ans apr\u00e8s sa mort.<\/span><\/p>\n<p><span style=\"font-weight: 400;\">On dit que Botticelli a utilis\u00e9 son masque mortuaire dans ses peintures de Simonetta.<\/span><\/p>\n<p><span style=\"font-weight: 400;\">Mais certains sceptiques pensent le contraire. Ils pensent que la peinture <\/span><strong>Portrait id\u00e9alis\u00e9 d&rsquo;une dame<\/strong><span style=\"font-weight: 400;\"> n&rsquo;appartient pas \u00e0 Botticelli, mais a \u00e9t\u00e9 peint par un autre peintre dans son atelier. De plus, le fait que Simonetta soit la figure centrale de nombreuses \u0153uvres n&rsquo;est qu&rsquo;une supposition car Botticelli n&rsquo;a jamais r\u00e9v\u00e9l\u00e9 le nom de ses mod\u00e8les.<\/span><\/p>\n<p><strong>Assemble le puzzle de 1000 pi\u00e8ces avec ta famille ou tes amis !<\/strong><\/p>\n<p><span style=\"font-weight: 400;\">Tu cherches une fa\u00e7on sociale et amusante de passer le week-end ? Rassemble toute ta famille autour d&rsquo;un puzzle de 1000 pi\u00e8ces et commence le grand assemblage ! Appelle tes meilleures amies et mets-les au d\u00e9fi de participer \u00e0 une activit\u00e9 sp\u00e9ciale. Passer du temps ensemble sans t\u00e9l\u00e9phone ni autre \u00e9cran te rapprochera de tes proches et te donnera de l&rsquo;\u00e9nergie pour toute la semaine \u00e0 venir.<\/span><\/p>\n<p><span style=\"font-weight: 400;\">Ach\u00e8te ce merveilleux puzzle adulte Sandro Botticelli &#8211; Portrait id\u00e9alis\u00e9 d&rsquo;une dame\/Portretul idelizat del un dama et profite d&rsquo;une activit\u00e9 relaxante avec tes proches. Tu peux offrir ce puzzle d&rsquo;art \u00e0 des amis passionn\u00e9s de jeux de r\u00e9flexion.<\/span><\/p><\/p>\n","protected":false},"excerpt":{"rendered":"<p>La plupart des \u0153uvres d&rsquo;art cachent des passions insoup\u00e7onn\u00e9es, des myst\u00e8res ou des amours inassouvies. Les contempler est un plaisir,<\/p>\n","protected":false},"featured_media":63089,"template":"","meta":[],"product_brand":[],"product_cat":[2316,2315],"product_tag":[],"class_list":{"0":"post-51267","1":"product","2":"type-product","3":"status-publish","4":"has-post-thumbnail","6":"product_cat-puzzles-de-1000-pieces","7":"product_cat-puzzles-pour-adultes","8":"pa_brand-d_toys-fr","9":"pa_country_of_manufacture-ro-fr","10":"pa_filter_age-14-fr","11":"pa_painter-sandrobotticelli-fr","12":"pa_tip_ambalaj-boite","13":"pa_tip_puzzle-classique","15":"first","16":"instock","17":"taxable","18":"shipping-taxable","19":"product-type-simple"},"yoast_head":"<!-- This site is optimized with the Yoast SEO plugin v20.1 - https:\/\/yoast.com\/wordpress\/plugins\/seo\/ -->\n<title>Puzzle adulte Sandro Botticelli - Portrait id\u00e9alis\u00e9 d&#039;une dame - 1000 pi\u00e8ces<\/title>\n<meta name=\"description\" content=\"Puzzle adulte Sandro Botticelli - Portrait id\u00e9alis\u00e9 d&#039;une dame - 1000 pi\u00e8ces\" \/>\n<meta name=\"robots\" content=\"index, follow, max-snippet:-1, max-image-preview:large, max-video-preview:-1\" \/>\n<link rel=\"canonical\" href=\"https:\/\/business.roovi.com\/fr\/puzzle-adulte-sandro-botticelli-portrait-idealise-dune-dame-1000-pieces\/p\/\" \/>\n<meta property=\"og:locale\" content=\"fr_FR\" \/>\n<meta property=\"og:type\" content=\"article\" \/>\n<meta property=\"og:title\" content=\"Puzzle adulte Sandro Botticelli - Portrait id\u00e9alis\u00e9 d&#039;une dame - 1000 pi\u00e8ces\" \/>\n<meta property=\"og:description\" content=\"Puzzle adulte Sandro Botticelli - Portrait id\u00e9alis\u00e9 d&#039;une dame - 1000 pi\u00e8ces\" \/>\n<meta property=\"og:url\" content=\"https:\/\/business.roovi.com\/fr\/puzzle-adulte-sandro-botticelli-portrait-idealise-dune-dame-1000-pieces\/p\/\" \/>\n<meta property=\"og:site_name\" content=\"Roovi B2B\" \/>\n<meta property=\"article:publisher\" content=\"https:\/\/www.facebook.com\/wwwjucariero\" \/>\n<meta property=\"article:modified_time\" content=\"2022-07-13T10:11:23+00:00\" \/>\n<meta property=\"og:image\" content=\"https:\/\/business.roovi.com\/wp-content\/uploads\/2021\/11\/72672-03_ansamblu_dimensiuni_cutie_cm-800x800.png\" \/>\n\t<meta property=\"og:image:width\" content=\"800\" \/>\n\t<meta property=\"og:image:height\" content=\"800\" \/>\n\t<meta property=\"og:image:type\" content=\"image\/png\" \/>\n<meta name=\"twitter:label1\" content=\"Dur\u00e9e de lecture estim\u00e9e\" \/>\n\t<meta name=\"twitter:data1\" content=\"3 minutes\" \/>\n<script type=\"application\/ld+json\" class=\"yoast-schema-graph\">{\"@context\":\"https:\/\/schema.org\",\"@graph\":[{\"@type\":\"WebPage\",\"@id\":\"https:\/\/business.roovi.com\/fr\/puzzle-adulte-sandro-botticelli-portrait-idealise-dune-dame-1000-pieces\/p\/\",\"url\":\"https:\/\/business.roovi.com\/fr\/puzzle-adulte-sandro-botticelli-portrait-idealise-dune-dame-1000-pieces\/p\/\",\"name\":\"Puzzle adulte Sandro Botticelli - Portrait id\u00e9alis\u00e9 d'une dame - 1000 pi\u00e8ces\",\"isPartOf\":{\"@id\":\"https:\/\/business.roovi.com\/fr\/#website\"},\"datePublished\":\"2021-11-04T13:15:24+00:00\",\"dateModified\":\"2022-07-13T10:11:23+00:00\",\"description\":\"Puzzle adulte Sandro Botticelli - Portrait id\u00e9alis\u00e9 d'une dame - 1000 pi\u00e8ces\",\"breadcrumb\":{\"@id\":\"https:\/\/business.roovi.com\/fr\/puzzle-adulte-sandro-botticelli-portrait-idealise-dune-dame-1000-pieces\/p\/#breadcrumb\"},\"inLanguage\":\"fr-FR\",\"potentialAction\":[{\"@type\":\"ReadAction\",\"target\":[\"https:\/\/business.roovi.com\/fr\/puzzle-adulte-sandro-botticelli-portrait-idealise-dune-dame-1000-pieces\/p\/\"]}]},{\"@type\":\"BreadcrumbList\",\"@id\":\"https:\/\/business.roovi.com\/fr\/puzzle-adulte-sandro-botticelli-portrait-idealise-dune-dame-1000-pieces\/p\/#breadcrumb\",\"itemListElement\":[{\"@type\":\"ListItem\",\"position\":1,\"name\":\"Home\",\"item\":\"https:\/\/business.roovi.com\/fr\/\"},{\"@type\":\"ListItem\",\"position\":2,\"name\":\"Boutique\",\"item\":\"https:\/\/business.roovi.com\/fr\/boutique\/\"},{\"@type\":\"ListItem\",\"position\":3,\"name\":\"Puzzle adulte Sandro Botticelli &#8211; Portrait id\u00e9alis\u00e9 d&#8217;une dame &#8211; 1000 pi\u00e8ces\"}]},{\"@type\":\"WebSite\",\"@id\":\"https:\/\/business.roovi.com\/fr\/#website\",\"url\":\"https:\/\/business.roovi.com\/fr\/\",\"name\":\"Roovi B2B\",\"description\":\"Roovi Business Website\",\"potentialAction\":[{\"@type\":\"SearchAction\",\"target\":{\"@type\":\"EntryPoint\",\"urlTemplate\":\"https:\/\/business.roovi.com\/fr\/?s={search_term_string}\"},\"query-input\":\"required name=search_term_string\"}],\"inLanguage\":\"fr-FR\"}]}<\/script>\n<!-- \/ Yoast SEO plugin. -->","yoast_head_json":{"title":"Puzzle adulte Sandro Botticelli - Portrait id\u00e9alis\u00e9 d'une dame - 1000 pi\u00e8ces","description":"Puzzle adulte Sandro Botticelli - Portrait id\u00e9alis\u00e9 d'une dame - 1000 pi\u00e8ces","robots":{"index":"index","follow":"follow","max-snippet":"max-snippet:-1","max-image-preview":"max-image-preview:large","max-video-preview":"max-video-preview:-1"},"canonical":"https:\/\/business.roovi.com\/fr\/puzzle-adulte-sandro-botticelli-portrait-idealise-dune-dame-1000-pieces\/p\/","og_locale":"fr_FR","og_type":"article","og_title":"Puzzle adulte Sandro Botticelli - Portrait id\u00e9alis\u00e9 d'une dame - 1000 pi\u00e8ces","og_description":"Puzzle adulte Sandro Botticelli - Portrait id\u00e9alis\u00e9 d'une dame - 1000 pi\u00e8ces","og_url":"https:\/\/business.roovi.com\/fr\/puzzle-adulte-sandro-botticelli-portrait-idealise-dune-dame-1000-pieces\/p\/","og_site_name":"Roovi B2B","article_publisher":"https:\/\/www.facebook.com\/wwwjucariero","article_modified_time":"2022-07-13T10:11:23+00:00","og_image":[{"width":800,"height":800,"url":"https:\/\/business.roovi.com\/wp-content\/uploads\/2021\/11\/72672-03_ansamblu_dimensiuni_cutie_cm-800x800.png","type":"image\/png"}],"twitter_misc":{"Dur\u00e9e de lecture estim\u00e9e":"3 minutes"},"schema":{"@context":"https:\/\/schema.org","@graph":[{"@type":"WebPage","@id":"https:\/\/business.roovi.com\/fr\/puzzle-adulte-sandro-botticelli-portrait-idealise-dune-dame-1000-pieces\/p\/","url":"https:\/\/business.roovi.com\/fr\/puzzle-adulte-sandro-botticelli-portrait-idealise-dune-dame-1000-pieces\/p\/","name":"Puzzle adulte Sandro Botticelli - Portrait id\u00e9alis\u00e9 d'une dame - 1000 pi\u00e8ces","isPartOf":{"@id":"https:\/\/business.roovi.com\/fr\/#website"},"datePublished":"2021-11-04T13:15:24+00:00","dateModified":"2022-07-13T10:11:23+00:00","description":"Puzzle adulte Sandro Botticelli - Portrait id\u00e9alis\u00e9 d'une dame - 1000 pi\u00e8ces","breadcrumb":{"@id":"https:\/\/business.roovi.com\/fr\/puzzle-adulte-sandro-botticelli-portrait-idealise-dune-dame-1000-pieces\/p\/#breadcrumb"},"inLanguage":"fr-FR","potentialAction":[{"@type":"ReadAction","target":["https:\/\/business.roovi.com\/fr\/puzzle-adulte-sandro-botticelli-portrait-idealise-dune-dame-1000-pieces\/p\/"]}]},{"@type":"BreadcrumbList","@id":"https:\/\/business.roovi.com\/fr\/puzzle-adulte-sandro-botticelli-portrait-idealise-dune-dame-1000-pieces\/p\/#breadcrumb","itemListElement":[{"@type":"ListItem","position":1,"name":"Home","item":"https:\/\/business.roovi.com\/fr\/"},{"@type":"ListItem","position":2,"name":"Boutique","item":"https:\/\/business.roovi.com\/fr\/boutique\/"},{"@type":"ListItem","position":3,"name":"Puzzle adulte Sandro Botticelli &#8211; Portrait id\u00e9alis\u00e9 d&#8217;une dame &#8211; 1000 pi\u00e8ces"}]},{"@type":"WebSite","@id":"https:\/\/business.roovi.com\/fr\/#website","url":"https:\/\/business.roovi.com\/fr\/","name":"Roovi B2B","description":"Roovi Business Website","potentialAction":[{"@type":"SearchAction","target":{"@type":"EntryPoint","urlTemplate":"https:\/\/business.roovi.com\/fr\/?s={search_term_string}"},"query-input":"required name=search_term_string"}],"inLanguage":"fr-FR"}]}},"_links":{"self":[{"href":"https:\/\/business.roovi.com\/fr\/wp-json\/wp\/v2\/product\/51267","targetHints":{"allow":["GET"]}}],"collection":[{"href":"https:\/\/business.roovi.com\/fr\/wp-json\/wp\/v2\/product"}],"about":[{"href":"https:\/\/business.roovi.com\/fr\/wp-json\/wp\/v2\/types\/product"}],"version-history":[{"count":0,"href":"https:\/\/business.roovi.com\/fr\/wp-json\/wp\/v2\/product\/51267\/revisions"}],"wp:featuredmedia":[{"embeddable":true,"href":"https:\/\/business.roovi.com\/fr\/wp-json\/wp\/v2\/media\/63089"}],"wp:attachment":[{"href":"https:\/\/business.roovi.com\/fr\/wp-json\/wp\/v2\/media?parent=51267"}],"wp:term":[{"taxonomy":"product_brand","embeddable":true,"href":"https:\/\/business.roovi.com\/fr\/wp-json\/wp\/v2\/product_brand?post=51267"},{"taxonomy":"product_cat","embeddable":true,"href":"https:\/\/business.roovi.com\/fr\/wp-json\/wp\/v2\/product_cat?post=51267"},{"taxonomy":"product_tag","embeddable":true,"href":"https:\/\/business.roovi.com\/fr\/wp-json\/wp\/v2\/product_tag?post=51267"}],"curies":[{"name":"wp","href":"https:\/\/api.w.org\/{rel}","templated":true}]}}